{"id":2628,"date":"2024-10-31T08:10:13","date_gmt":"2024-10-31T08:10:13","guid":{"rendered":"https:\/\/rmvapesale.com\/?post_type=product&#038;p=2628"},"modified":"2024-10-31T09:26:49","modified_gmt":"2024-10-31T09:26:49","slug":"bang-vape-12000-puff-rechargeable-disposable-vape-wholesale","status":"publish","type":"product","link":"https:\/\/rmvapesale.com\/de\/product\/bang-vape-12000-puff-rechargeable-disposable-vape-wholesale\/","title":{"rendered":"Bang Vape 12000 Puff wiederaufladbarer Einweg-Vape Gro\u00dfhandel"},"content":{"rendered":"<div class=\"B2VR9 CJHX3e\">\n<div class=\"wyccme\">\n<h1 class=\"LC20lb MBeuO DKV0Md\">Bang Vape 12000 Puff wiederaufladbarer Einweg-Vape Gro\u00dfhandel<\/h1>\n<div class=\"flex-shrink-0 flex flex-col relative items-end\">\n<div class=\"pt-0\">\n<div class=\"gizmo-bot-avatar flex h-8 w-8 items-center justify-center overflow-hidden rounded-full\">\n<div class=\"relative p-1 rounded-sm flex items-center justify-center bg-token-main-surface-primary text-token-text-primary h-8 w-8\"><\/div>\n<p>Der <strong>Bang Vape 12000 Z\u00fcge Wiederaufladbare Einweg-Vape<\/strong> bringt leistungsstarke Performance und Geschmacksvielfalt, was ihn zu einer beliebten Vape f\u00fcr alle macht, die ein hochwertiges Einweg-Vaping-Erlebnis suchen. Mit einem beeindruckenden <strong>12.000 Z\u00fcge<\/strong> und ein <strong>wiederaufladbaren 550mAh Akku<\/strong>zu bieten, <strong>Bang Vape<\/strong> ist f\u00fcr Komfort und langanhaltenden Genuss konzipiert. Das <strong>18ml E-Liquid-Kapazit\u00e4t<\/strong> bietet durchgehend gleichbleibenden Geschmack, und Nikotinst\u00e4rken sind sowohl in <strong>0%, 2% und 5%<\/strong> f\u00fcr individuell anpassbare Zufriedenheit erh\u00e4ltlich.<\/p>\n<p>Mit einem benutzerfreundlichen, wartungsfreien Design ist diese <strong>Bang Vape Einweg<\/strong> perfekt f\u00fcr Anf\u00e4nger und erfahrene Dampfer. Erleben Sie Qualit\u00e4t bei jedem Zug und genie\u00dfen Sie die Einfachheit von <strong>Bang Bars<\/strong> in einem praktischen <strong>Puff Vape<\/strong> Format.<\/p>\n<p>Um das vollst\u00e4ndige Sortiment von <strong>Bang Vape 12000 Z\u00fcge<\/strong>, besuchen <strong>rmvapesale<\/strong>, ein vertrauensw\u00fcrdiger <strong>Vape Shop<\/strong> Angebot <strong>Vape-Gro\u00dfhandel<\/strong> und tolle Angebote f\u00fcr <strong>Bang Box<\/strong> und andere <strong>Bang Einweg-Vape<\/strong> Produkte.<\/p>\n<p>&nbsp;<\/p>\n<\/div>\n<\/div>\n<\/div>\n<\/div>\n<\/div>\n<p><strong>Kontaktieren Sie Amy, um die richtige Antwort und einen Gutschein f\u00fcr E-Zigaretten zu erhalten!<\/strong><\/p>\n<p><img loading=\"lazy\" decoding=\"async\" class=\"size-full wp-image-1978\" src=\"https:\/\/rmvapesale.com\/wp-content\/uploads\/2024\/09\/Disposable-Vape-Wholesale.jpg\" alt=\"Einweg-Vape Gro\u00dfhandel\" width=\"229\" height=\"300\" \/><\/p>\n<h3><a href=\"https:\/\/wa.me\/8617776015835\" target=\"_blank\" rel=\"noopener\"><span style=\"color: #ff0000\"><strong>WhatsApp: +86 17776015835<\/strong><\/span><\/a><\/h3>\n<p>&nbsp;<\/p>\n<h2>Hauptmerkmale des Bang Vape 12000 Puff:<\/h2>\n<ul>\n<li><strong>Massive 12.000 Z\u00fcge<\/strong> mit sanfter, gleichm\u00e4\u00dfiger Abgabe<\/li>\n<li><strong>Wiederaufladbare 550mAh Batterie<\/strong> mit Type-C Anschluss f\u00fcr schnelles Laden<\/li>\n<li><strong>18ml E-Liquid-Kapazit\u00e4t<\/strong> in jedem Ger\u00e4t, was selteneren Austausch gew\u00e4hrleistet<\/li>\n<li><strong>Nikotinoptionen<\/strong>: W\u00e4hlen Sie zwischen 2% oder 5% f\u00fcr das ideale Erlebnis<\/li>\n<li><strong>12 k\u00f6stlichen Geschmacksrichtungen<\/strong>: Genie\u00dfen Sie einzigartige Optionen wie <strong>Blaubeer-Eis, Schwarzer Drache-Eis, Kirsch-Cola, Wassermelonen-Kaugummi und Pfirsich-Eis<\/strong><\/li>\n<\/ul>\n<h2><strong>Top-Geschmack f\u00fcr <\/strong><strong>Wiederaufladbare Bang Box Vape 12000<\/strong><\/h2>\n<p>Der <strong>Bang Box Vape 12000<\/strong> ist in 12 fantastischen Geschmacksrichtungen erh\u00e4ltlich, um eine breite Palette von Vorlieben zu bedienen, von der erfrischenden <strong>Pfirsich-Eis<\/strong> und s\u00fc\u00dfen <strong>Triple Berry<\/strong> bis zum <strong>Blaubeere Zitrone<\/strong>. Weitere beliebte Optionen sind:<\/p>\n<p>1.Wassermelone <span style=\"color: #ff0000\"><strong>&gt;&gt;&gt;&gt; Hei\u00df!<\/strong><\/span><br \/>\n2.Erdbeere Wassermelone<br \/>\n3.Blaubeer-Eis<br \/>\n4.Blaubeer-Himbeere <span style=\"color: #ff0000\"><strong>&gt;&gt;&gt;&gt; Hei\u00df!<\/strong><\/span><br \/>\n5.Erdbeer-Mango<br \/>\n6. Schwarzer Drache Eis<br \/>\n7. Kirsch-Cola<br \/>\n8.Blaubeere Traube<br \/>\n9. Dreifach-Beere <span style=\"color: #ff0000\"><strong>&gt;&gt;&gt;&gt; Am besten!<\/strong><\/span><br \/>\n10.Erdbeere Kiwi<br \/>\n11. Pfirsich-Eis<br \/>\n12. Wassermelone Kaugummi<\/p>\n<figure id=\"attachment_2635\" aria-describedby=\"caption-attachment-2635\" style=\"width: 600px\" class=\"wp-caption alignnone\"><img loading=\"lazy\" decoding=\"async\" class=\"wp-image-2635 size-full\" src=\"https:\/\/rmvapesale.com\/wp-content\/uploads\/2024\/10\/Bang-Vape-Dispsable-Wholesale.jpg\" alt=\"Bang Vape Einweg Gro\u00dfhandel\" width=\"600\" height=\"1050\" srcset=\"https:\/\/rmvapesale.com\/wp-content\/uploads\/2024\/10\/Bang-Vape-Dispsable-Wholesale.jpg 600w, https:\/\/rmvapesale.com\/wp-content\/uploads\/2024\/10\/Bang-Vape-Dispsable-Wholesale-171x300.jpg 171w, https:\/\/rmvapesale.com\/wp-content\/uploads\/2024\/10\/Bang-Vape-Dispsable-Wholesale-585x1024.jpg 585w\" sizes=\"auto, (max-width: 600px) 100vw, 600px\" \/><figcaption id=\"caption-attachment-2635\" class=\"wp-caption-text\">Bang Vape Einweg Gro\u00dfhandel<\/figcaption><\/figure>\n<h3><strong>Warum Rmvapesale f\u00fcr Bang 12000 Z\u00fcge Einweg-Vape w\u00e4hlen<\/strong><strong>?<\/strong><\/h3>\n<div class=\"flex-shrink-0 flex flex-col relative items-end\">\n<div class=\"pt-0\">\n<div class=\"gizmo-bot-avatar flex h-8 w-8 items-center justify-center overflow-hidden rounded-full\">\n<div class=\"relative p-1 rounded-sm flex items-center justify-center bg-token-main-surface-primary text-token-text-primary h-8 w-8\">\n<p>Willkommen bei Rmvapesale, Ihrem vertrauensw\u00fcrdigen Vape-Shop f\u00fcr Premium Einweg-Vapes. Mit \u00fcber 5 Jahren Erfahrung bieten wir Ihnen beliebte Marken f\u00fcr Einweg-Vapes wie Al Fakher, <a href=\"https:\/\/rmvapesale.com\/de\/product\/vapme-crystal-7000-puffs-rechargeable-disposable-vape-price\/\">Vapme<\/a>, <a href=\"https:\/\/rmvapesale.com\/de\/product-category\/bang-vapes\/\">Bang Vape<\/a>, Waspe, <a href=\"https:\/\/rmvapesale.com\/de\/product\/wga-crystal-pro-max-extra-15k-puffs-disposable-vape-wholesale\/\">WGA<\/a> Vape und<a href=\"https:\/\/rmvapesale.com\/de\/product-category\/randm-fumot-vape\/\"> RandM Vape<\/a>.<\/p>\n<p>Unser Sortiment umfasst hei\u00dfe Verkaufs-Vapes wie die <a href=\"https:\/\/rmvapesale.com\/de\/product\/bang-box-vape-tornado-40000-puff-2-5-low-nicotine\/\">Bang Box Vape 40000 Zug<\/a> und geschmacksreiche Optionen wie die <a href=\"https:\/\/rmvapesale.com\/de\/product\/randm-tornado-25000-puffs-disposable-vape-wholesale\/\">RandM 25000 Zug<\/a>. Jedes Produkt wird mit Fokus auf Qualit\u00e4t, Wert und Vielfalt ausgew\u00e4hlt, um sicherzustellen, dass Sie die perfekte \u00dcbereinstimmung f\u00fcr Ihre Bed\u00fcrfnisse finden. Entdecken Sie au\u00dfergew\u00f6hnlichen Service und eine breite Palette an Top-Produkten bei Rmvapesale.<\/p>\n<\/div>\n<h3><\/h3>\n<h3>FAQ f\u00fcr das Bang Vape 12000 Zug Wiederaufladbare Einweg-Vape<\/h3>\n<ol>\n<li><strong>Woran erkenne ich, dass meine Einweg-Vape leer ist?<\/strong> Wenn Ihr <strong>Bang Vape 12000 Zug<\/strong> Einweg-Vape ist leer, Sie k\u00f6nnten eine Verringerung der Geschmackintensit\u00e4t und der Dampfproduktion bemerken. Wenn das Ger\u00e4t \u00fcberhaupt keinen Dampf mehr produziert, bedeutet das wahrscheinlich, dass das E-Liquid vollst\u00e4ndig aufgebraucht ist. Wiederaufladbar, aber Einweg, ist es so konzipiert, dass es nach dem Leeren ersetzt wird.<\/li>\n<li><strong>Wie lange dauert es, eine Bang 12000 Puff aufzuladen?<\/strong> Der <strong>Bang 12000<\/strong> hat ein <strong>550mAh Akku<\/strong> und ben\u00f6tigt in der Regel <strong>1\u20132 Stunden, um vollst\u00e4ndig aufgeladen zu werden<\/strong> \u00fcber seinen USB-C-Ladeanschluss. Diese Schnellladefunktion sorgt daf\u00fcr, dass Sie schnell wieder mit dem Dampfen beginnen k\u00f6nnen.<\/li>\n<li><strong>Wie viel Nikotin enth\u00e4lt eine Bang Vape Tornado 12000?<\/strong> Der <strong>Bang Vape Tornado 12000<\/strong> bietet Nikotinst\u00e4rken in <strong>2% (20 mg)<\/strong> und <strong>5% (50 mg)<\/strong>, sodass Sie die Stufe w\u00e4hlen k\u00f6nnen, die am besten zu Ihren Vorlieben passt.<\/li>\n<li><strong>Wo kann man Bang Vapes zu Gro\u00dfhandelspreisen kaufen?<\/strong> Sie k\u00f6nnen Bang Vapes, einschlie\u00dflich des <strong>Bang Vape 12000 Puff, Bang 30k Puff <\/strong>und anderer beliebter Modelle, zu Gro\u00dfhandelspreisen bei <strong>rmvapesale<\/strong>erwerben. Dieser vertrauensw\u00fcrdige Anbieter <strong>Vape Shop<\/strong> bietet eine Auswahl an <strong>Bang Einweg-Vapes<\/strong> f\u00fcr Einzelh\u00e4ndler und Gro\u00dfabnehmer gleicherma\u00dfen.<\/li>\n<li><strong>Kann ich einen Einweg-Vape mit ins Flugzeug nehmen?<\/strong> Ja, Sie k\u00f6nnen eine Einweg-Vape ins Flugzeug mitnehmen, aber sie sollte in Ihrer Handgep\u00e4cktasche aufbewahrt werden, gem\u00e4\u00df den Vorschriften der Fluggesellschaften f\u00fcr elektronische Ger\u00e4te. Denken Sie daran, vorher bei Ihrer Fluggesellschaft nachzufragen und w\u00e4hrend des Fluges keine Nutzung vorzunehmen.<\/li>\n<\/ol>\n<\/div>\n<\/div>\n<\/div>\n<h3>Zum Versand<\/h3>\n<div class=\"flex-shrink-0 flex flex-col relative items-end\">\n<div>\n<div class=\"pt-0\">\n<div class=\"gizmo-bot-avatar flex h-8 w-8 items-center justify-center overflow-hidden rounded-full\">\n<div><\/div>\n<div class=\"relative p-1 rounded-sm flex items-center justify-center bg-token-main-surface-primary text-token-text-primary h-8 w-8\"><strong>Was sind die Versandmethoden?<\/strong><\/div>\n<\/div>\n<\/div>\n<\/div>\n<\/div>\n<div class=\"group\/conversation-turn relative flex w-full min-w-0 flex-col agent-turn\">\n<div class=\"flex-col gap-1 md:gap-3\">\n<div class=\"flex max-w-full flex-col flex-grow\">\n<div class=\"min-h-[20px] text-message flex w-full flex-col items-end gap-2 whitespace-normal break-words [.text-message+&amp;]:mt-5 overflow-x-auto\" dir=\"auto\" data-message-author-role=\"assistant\" data-message-id=\"22f8283b-3233-46ff-89a5-c7a41b33abda\">\n<div class=\"flex w-full flex-col gap-1 empty:hidden first:pt-[3px]\">\n<div class=\"markdown prose w-full break-words dark:prose-invert light\">\n<p>Wir arbeiten mit UPS, DHL, FedEx, DPD und anderen f\u00fchrenden Transportunternehmen zusammen. Wir w\u00e4hlen die beste Versandmethode basierend auf Ihrem Lieferort aus, um sicherzustellen, dass Sie Ihre Produkte so schnell wie m\u00f6glich erhalten.<\/p>\n<\/div>\n<p><strong>2. Wie lange dauert es, bis die Lieferung ankommt?<\/strong><\/p>\n<p>Pakete, die nach Deutschland versandt werden, kommen normalerweise innerhalb von 10 Werktagen an. Der Versand in europ\u00e4ische L\u00e4nder dauert in der Regel etwa 12-15 Werktage. Wir werden Ihnen Echtzeit-Updates zu Ihrem Versandstatus bereitstellen.<\/p>\n<\/div>\n<\/div>\n<\/div>\n<\/div>\n<\/div>\n<p>&nbsp;<\/p>\n<p>Finden Sie weitere Vape-Produkte, die Ihnen gefallen k\u00f6nnten:<strong><em><a href=\"https:\/\/rmvapesale.com\/de\/shop-2\/\">jetzt einkaufen &gt;&gt;&gt;<\/a><\/em><\/strong><\/p>","protected":false},"excerpt":{"rendered":"<p>Original Bang Vape 12000 Z\u00fcge Gro\u00dfhandelspreis<br \/>\nBang 12000 Z\u00fcge Wiederaufladbare Vape Gro\u00dfkauf<br \/>\nKaufe Bang Einweg-Vape 0% 2% 3% 5% Nikotin<\/p>\n<p><img loading=\"lazy\" decoding=\"async\" class=\"size-full wp-image-2375\" src=\"https:\/\/rmvapesale.com\/wp-content\/uploads\/2024\/10\/image.png\" alt=\"Bester Einweg-Vape\" width=\"229\" height=\"300\" \/><\/p>\n<h3><a href=\"https:\/\/wa.me\/8617776015835\"><span style=\"color: #ff0000\"><strong>WhatsApp: +86 17776015835<\/strong><\/span><\/a><\/h3>\n<p>&nbsp;<\/p>","protected":false},"featured_media":2633,"comment_status":"open","ping_status":"closed","template":"","meta":{"_uag_custom_page_level_css":"","_lmt_disableupdate":"no","_lmt_disable":"","site-sidebar-layout":"default","site-content-layout":"content-boxed-container","ast-site-content-layout":"normal-width-container","site-content-style":"boxed","site-sidebar-style":"unboxed","ast-global-header-display":"","ast-banner-title-visibility":"","ast-main-header-display":"","ast-hfb-above-header-display":"","ast-hfb-below-header-display":"","ast-hfb-mobile-header-display":"","site-post-title":"","ast-breadcrumbs-content":"","ast-featured-img":"","footer-sml-layout":"","ast-disable-related-posts":"","theme-transparent-header-meta":"default","adv-header-id-meta":"","stick-header-meta":"","header-above-stick-meta":"","header-main-stick-meta":"","header-below-stick-meta":"","astra-migrate-meta-layouts":"set","ast-page-background-enabled":"default","ast-page-background-meta":{"desktop":{"background-color":"var(--ast-global-color-4)","background-image":"","background-repeat":"repeat","background-position":"center center","background-size":"auto","background-attachment":"scroll","background-type":"","background-media":"","overlay-type":"","overlay-color":"","overlay-opacity":"","overlay-gradient":""},"tablet":{"background-color":"","background-image":"","background-repeat":"repeat","background-position":"center center","background-size":"auto","background-attachment":"scroll","background-type":"","background-media":"","overlay-type":"","overlay-color":"","overlay-opacity":"","overlay-gradient":""},"mobile":{"background-color":"","background-image":"","background-repeat":"repeat","background-position":"center center","background-size":"auto","background-attachment":"scroll","background-type":"","background-media":"","overlay-type":"","overlay-color":"","overlay-opacity":"","overlay-gradient":""}},"ast-content-background-meta":{"desktop":{"background-color":"var(--ast-global-color-5)","background-image":"","background-repeat":"repeat","background-position":"center center","background-size":"auto","background-attachment":"scroll","background-type":"","background-media":"","overlay-type":"","overlay-color":"","overlay-opacity":"","overlay-gradient":""},"tablet":{"background-color":"var(--ast-global-color-5)","background-image":"","background-repeat":"repeat","background-position":"center center","background-size":"auto","background-attachment":"scroll","background-type":"","background-media":"","overlay-type":"","overlay-color":"","overlay-opacity":"","overlay-gradient":""},"mobile":{"background-color":"var(--ast-global-color-5)","background-image":"","background-repeat":"repeat","background-position":"center center","background-size":"auto","background-attachment":"scroll","background-type":"","background-media":"","overlay-type":"","overlay-color":"","overlay-opacity":"","overlay-gradient":""}},"_joinchat":[]},"product_brand":[],"product_cat":[15,60,27,25,123,30,26,28,137,136,135],"product_tag":[187,199,146,188,167,165,191,120],"class_list":{"0":"post-2628","1":"product","2":"type-product","3":"status-publish","4":"has-post-thumbnail","6":"product_cat-new-vape-this-week","7":"product_cat-bang-vapes","8":"product_cat-fance-hot-sale-vape","9":"product_cat-germany-best-selling-vape","10":"product_cat-italy-wholesale-vape","11":"product_cat-minimum-order-quantity-50pcs","12":"product_cat-netherlands-hot-sale-vape","13":"product_cat-poland-hot-sale-vape","14":"product_cat-rechargeable-vapes","15":"product_cat-smart-screen-vapes","16":"product_cat-spain-best-hot-sale-vape","17":"product_tag-bang-box-vape","18":"product_tag-bang-vape","19":"product_tag-best-hot-sale-vape","20":"product_tag-buy-vapes-online","21":"product_tag-disposable-vape-with-screen","22":"product_tag-rechargeable-vapes","23":"product_tag-vape-box","24":"product_tag-vape-wholesale","25":"desktop-align-left","26":"tablet-align-left","27":"mobile-align-left","29":"first","30":"instock","31":"sale","32":"shipping-taxable","33":"purchasable","34":"product-type-simple"},"uagb_featured_image_src":{"full":["https:\/\/rmvapesale.com\/wp-content\/uploads\/2024\/10\/Bang-Rechargeable-Vape-12000-Puff-Wholesale.jpg",600,634,false],"thumbnail":["https:\/\/rmvapesale.com\/wp-content\/uploads\/2024\/10\/Bang-Rechargeable-Vape-12000-Puff-Wholesale-150x150.jpg",150,150,true],"medium":["https:\/\/rmvapesale.com\/wp-content\/uploads\/2024\/10\/Bang-Rechargeable-Vape-12000-Puff-Wholesale-284x300.jpg",284,300,true],"medium_large":["https:\/\/rmvapesale.com\/wp-content\/uploads\/2024\/10\/Bang-Rechargeable-Vape-12000-Puff-Wholesale.jpg",600,634,false],"large":["https:\/\/rmvapesale.com\/wp-content\/uploads\/2024\/10\/Bang-Rechargeable-Vape-12000-Puff-Wholesale.jpg",600,634,false],"1536x1536":["https:\/\/rmvapesale.com\/wp-content\/uploads\/2024\/10\/Bang-Rechargeable-Vape-12000-Puff-Wholesale.jpg",600,634,false],"2048x2048":["https:\/\/rmvapesale.com\/wp-content\/uploads\/2024\/10\/Bang-Rechargeable-Vape-12000-Puff-Wholesale.jpg",600,634,false],"trp-custom-language-flag":["https:\/\/rmvapesale.com\/wp-content\/uploads\/2024\/10\/Bang-Rechargeable-Vape-12000-Puff-Wholesale.jpg",11,12,false],"woocommerce_thumbnail":["https:\/\/rmvapesale.com\/wp-content\/uploads\/2024\/10\/Bang-Rechargeable-Vape-12000-Puff-Wholesale-300x300.jpg",300,300,true],"woocommerce_single":["https:\/\/rmvapesale.com\/wp-content\/uploads\/2024\/10\/Bang-Rechargeable-Vape-12000-Puff-Wholesale.jpg",600,634,false],"woocommerce_gallery_thumbnail":["https:\/\/rmvapesale.com\/wp-content\/uploads\/2024\/10\/Bang-Rechargeable-Vape-12000-Puff-Wholesale-100x100.jpg",100,100,true],"wcpr-photo-reviews":["https:\/\/rmvapesale.com\/wp-content\/uploads\/2024\/10\/Bang-Rechargeable-Vape-12000-Puff-Wholesale.jpg",473,500,false]},"uagb_author_info":{"display_name":"AMY","author_link":"https:\/\/rmvapesale.com\/de\/author\/"},"uagb_comment_info":0,"uagb_excerpt":"Original Bang Vape 12000 Puffs Wholesale Price Bang 12000 Puffs Rechargeable Vape Bulk Buy Buy Bang Disposable Vape 0% 2% 3% 5% Nicotine WhatsApp: +86 17776015835 &nbsp;","_links":{"self":[{"href":"https:\/\/rmvapesale.com\/de\/wp-json\/wp\/v2\/product\/2628","targetHints":{"allow":["GET"]}}],"collection":[{"href":"https:\/\/rmvapesale.com\/de\/wp-json\/wp\/v2\/product"}],"about":[{"href":"https:\/\/rmvapesale.com\/de\/wp-json\/wp\/v2\/types\/product"}],"replies":[{"embeddable":true,"href":"https:\/\/rmvapesale.com\/de\/wp-json\/wp\/v2\/comments?post=2628"}],"wp:featuredmedia":[{"embeddable":true,"href":"https:\/\/rmvapesale.com\/de\/wp-json\/wp\/v2\/media\/2633"}],"wp:attachment":[{"href":"https:\/\/rmvapesale.com\/de\/wp-json\/wp\/v2\/media?parent=2628"}],"wp:term":[{"taxonomy":"product_brand","embeddable":true,"href":"https:\/\/rmvapesale.com\/de\/wp-json\/wp\/v2\/product_brand?post=2628"},{"taxonomy":"product_cat","embeddable":true,"href":"https:\/\/rmvapesale.com\/de\/wp-json\/wp\/v2\/product_cat?post=2628"},{"taxonomy":"product_tag","embeddable":true,"href":"https:\/\/rmvapesale.com\/de\/wp-json\/wp\/v2\/product_tag?post=2628"}],"curies":[{"name":"wp","href":"https:\/\/api.w.org\/{rel}","templated":true}]}}