{"id":2661,"date":"2024-11-04T06:37:48","date_gmt":"2024-11-04T06:37:48","guid":{"rendered":"https:\/\/rmvapesale.com\/?post_type=product&#038;p=2661"},"modified":"2024-11-04T07:54:04","modified_gmt":"2024-11-04T07:54:04","slug":"vopk-shisha-bar-20000-puffs-low-nicotine-rechargeable-disposable-vape-pen","status":"publish","type":"product","link":"https:\/\/rmvapesale.com\/de\/product\/vopk-shisha-bar-20000-puffs-low-nicotine-rechargeable-disposable-vape-pen\/","title":{"rendered":"VOPK Shisha BAR 20000 Z\u00fcge Aufladbarer Einweg-Vape-Pen mit niedrigem Nikotingehalt"},"content":{"rendered":"<div class=\"B2VR9 CJHX3e\">\n<div class=\"wyccme\">\n<h1 class=\"LC20lb MBeuO DKV0Md\">VOPK Shisha BAR 20000 Z\u00fcge Aufladbarer Einweg-Vape-Pen mit niedrigem Nikotingehalt<\/h1>\n<div class=\"flex-shrink-0 flex flex-col relative items-end\">\n<div class=\"pt-0\">\n<div class=\"gizmo-bot-avatar flex h-8 w-8 items-center justify-center overflow-hidden rounded-full\">\n<div class=\"relative p-1 rounded-sm flex items-center justify-center bg-token-main-surface-primary text-token-text-primary h-8 w-8\">\n<p>Wir stellen vor: <strong>VOPK Shisha BAR 20000 Z\u00fcge Aufladbarer Einweg-Vape-Pen mit niedrigem Nikotingehalt<\/strong>Die ultimative Wahl f\u00fcr Shisha- und Vape-Enthusiasten, die au\u00dfergew\u00f6hnliche Qualit\u00e4t und Leistung suchen. Dieses hochmoderne Ger\u00e4t bietet bemerkenswerte <strong>20000 Z\u00fcge<\/strong>und sorgt f\u00fcr ein ausgedehntes Dampferlebnis ohne den Aufwand st\u00e4ndiger Austausche.<\/p>\n<p>Entwickelt, um unterschiedlichen Vorlieben gerecht zu werden, ist die <strong>VOPK Shisha BAR<\/strong> kommt mit <strong>einstellbaren Nikotinoptionen<\/strong> of <strong>0%, 2%, 3% und 5%<\/strong>So k\u00f6nnen Sie Ihre Nikotinaufnahme individuell anpassen. Die gro\u00dfe <strong>28ML E-Liquid-Kapazit\u00e4t<\/strong> stellt sicher, dass Sie l\u00e4nger mit weniger Nachf\u00fcllungen dampfen k\u00f6nnen, w\u00e4hrend die <strong>850mAh Akku<\/strong> gepaart mit <strong>Typ-C-Laden<\/strong> garantiert effiziente und schnelle Aufladungen, was es ideal f\u00fcr diejenigen macht, die immer unterwegs sind.<\/p>\n<p>Der <strong>VOPK Shisha BAR<\/strong> vereint das Beste aus beiden Welten: die traditionelle Essenz von <strong>Shisha Bar<\/strong> Aromen und moderner Dampftechnologie. Sein schlankes und tragbares Design macht es perfekt f\u00fcr den Einsatz \u00fcberall, egal ob Sie sich in einer Shisha-Lounge oder unterwegs befinden. Mit einer Reihe von lebendigen Aromen und zuverl\u00e4ssiger Leistung ist es kein Wunder, dass <strong>VOPK<\/strong> unter <strong>beliebtesten Vape-Marken<\/strong> und ist sehr begehrt f\u00fcr <strong>Vape-Gro\u00dfhandel<\/strong>.<\/p>\n<p>F\u00fcr diejenigen, die in die reiche Kultur von Deutschland eintauchen m\u00f6chten, <strong>Shisha Wasserpfeife<\/strong> w\u00e4hrend Sie den Komfort eines <strong>wiederaufladbaren Einweg-Vapes genie\u00dfen<\/strong>bietet der <strong>VOPK Shisha BAR 20000<\/strong> ist Ihr idealer Begleiter. Entdecken Sie, warum dieses Ger\u00e4t auf dem Markt f\u00fcr Deutschland Wellen schl\u00e4gt <strong>Einweg-Vape-Marken<\/strong> und genie\u00dfen Sie ein erstklassiges Erlebnis, das Sie immer wieder zur\u00fcckkommen l\u00e4sst. Kaufen Sie Ihres bei <strong>Einweg-Vapes online<\/strong> oder beziehen Sie es in gro\u00dfen Mengen f\u00fcr Ihre <strong>Shisha Bar<\/strong> zum <strong>Einweg-Wasserpfeife Gro\u00dfhandel<\/strong> Optionen noch heute!<\/p>\n<p>Machen Sie sich bereit, mit dem in eine gehobene Welt des Geschmacks und der Leistung einzutauchen <strong>VOPK Shisha BAR 20000 Z\u00fcge<\/strong> \u2013 Ihre ultimative Wahl in der Welt der <strong>20000 Z\u00fcge Vape<\/strong>.<\/p>\n<\/div>\n<\/div>\n<\/div>\n<\/div>\n<\/div>\n<\/div>\n<p><strong>Kontaktieren Sie Amy, um die richtige Antwort und einen Gutschein f\u00fcr E-Zigaretten zu erhalten!<\/strong><\/p>\n<p><img loading=\"lazy\" decoding=\"async\" class=\"size-full wp-image-1978\" src=\"https:\/\/rmvapesale.com\/wp-content\/uploads\/2024\/09\/Disposable-Vape-Wholesale.jpg\" alt=\"Einweg-Vape Gro\u00dfhandel\" width=\"229\" height=\"300\" \/><\/p>\n<h3><a href=\"https:\/\/wa.me\/8617776015835\" target=\"_blank\" rel=\"noopener\"><span style=\"color: #ff0000\"><strong>WhatsApp: +86 17776015835<\/strong><\/span><\/a><\/h3>\n<p>&nbsp;<\/p>\n<h2><\/h2>\n<h2><strong>VOPK Shisha BAR 20000 Wiederaufladbarer Einweg-Vape <\/strong><strong>Hauptmerkmale<\/strong><\/h2>\n<p>Vorgef\u00fclltes 28ml E-Liquid<br \/>\nWiederaufladbarer 850mAh Akku<br \/>\nZuganzahl: Ungef\u00e4hr 20000 Z\u00fcge<br \/>\n0% 2% 5% Nikotinst\u00e4rke<br \/>\nUSB Typ-C Aufladung (Nicht enthalten)<br \/>\nLED-Display Smart Screen<br \/>\nMTL-Dampfen<\/p>\n<figure id=\"attachment_2653\" aria-describedby=\"caption-attachment-2653\" style=\"width: 800px\" class=\"wp-caption alignnone\"><img loading=\"lazy\" decoding=\"async\" class=\"wp-image-2653 size-full\" src=\"https:\/\/rmvapesale.com\/wp-content\/uploads\/2024\/11\/VOPK-Shisha-BAR-20000-Low-Nicotine-Disposable-Vape.jpg\" alt=\"VOPK Shisha BAR 20000 Nikotinarmes Einweg-Vape\" width=\"800\" height=\"799\" srcset=\"https:\/\/rmvapesale.com\/wp-content\/uploads\/2024\/11\/VOPK-Shisha-BAR-20000-Low-Nicotine-Disposable-Vape.jpg 800w, https:\/\/rmvapesale.com\/wp-content\/uploads\/2024\/11\/VOPK-Shisha-BAR-20000-Low-Nicotine-Disposable-Vape-300x300.jpg 300w, https:\/\/rmvapesale.com\/wp-content\/uploads\/2024\/11\/VOPK-Shisha-BAR-20000-Low-Nicotine-Disposable-Vape-150x150.jpg 150w, https:\/\/rmvapesale.com\/wp-content\/uploads\/2024\/11\/VOPK-Shisha-BAR-20000-Low-Nicotine-Disposable-Vape-768x767.jpg 768w, https:\/\/rmvapesale.com\/wp-content\/uploads\/2024\/11\/VOPK-Shisha-BAR-20000-Low-Nicotine-Disposable-Vape-600x599.jpg 600w, https:\/\/rmvapesale.com\/wp-content\/uploads\/2024\/11\/VOPK-Shisha-BAR-20000-Low-Nicotine-Disposable-Vape-100x100.jpg 100w\" sizes=\"auto, (max-width: 800px) 100vw, 800px\" \/><figcaption id=\"caption-attachment-2653\" class=\"wp-caption-text\">VOPK Shisha BAR 20000 Nikotinarmes Einweg-Vape<\/figcaption><\/figure>\n<h2><strong>Top-Geschmack f\u00fcr <\/strong><strong>VOPK Shisha BAR 20000<\/strong><\/h2>\n<p>1. Blaubeere auf Eis <span style=\"color: #ff0000\"><strong>&gt;&gt;&gt;&gt; Hei\u00df!<\/strong><\/span><br \/>\n2. Erdbeer-Kiwi<br \/>\n3. Gemischte Beeren <span style=\"color: #ff0000\"><strong>&gt;&gt;&gt;&gt; Am besten!<\/strong><\/span><br \/>\n4. Erdbeer-Wassermelone<br \/>\n5. Wassermelone-Eis<br \/>\n6. Pfirsich-Mango-Ananas<br \/>\n7. Blaubeer-Himbeere<br \/>\n8. Erdbeer-Himbeer-Bonbon<br \/>\n9. Wassermelone-Kirsche <span style=\"color: #ff0000\"><strong>&gt;&gt;&gt;&gt; Hei\u00df!<\/strong><\/span><br \/>\n10. Schwarze Johannisbeereis<\/p>\n<figure id=\"attachment_2660\" aria-describedby=\"caption-attachment-2660\" style=\"width: 640px\" class=\"wp-caption alignnone\"><img loading=\"lazy\" decoding=\"async\" class=\"wp-image-2660 size-large\" src=\"https:\/\/rmvapesale.com\/wp-content\/uploads\/2024\/11\/VOPK-Shisha-Hookah-BAR-Disposable-Vape-Wholesale-640x1024.jpg\" alt=\"VOPK Shisha Hookah BAR Einweg-Vape im Gro\u00dfhandel\" width=\"640\" height=\"1024\" srcset=\"https:\/\/rmvapesale.com\/wp-content\/uploads\/2024\/11\/VOPK-Shisha-Hookah-BAR-Disposable-Vape-Wholesale-640x1024.jpg 640w, https:\/\/rmvapesale.com\/wp-content\/uploads\/2024\/11\/VOPK-Shisha-Hookah-BAR-Disposable-Vape-Wholesale-188x300.jpg 188w, https:\/\/rmvapesale.com\/wp-content\/uploads\/2024\/11\/VOPK-Shisha-Hookah-BAR-Disposable-Vape-Wholesale-768x1229.jpg 768w, https:\/\/rmvapesale.com\/wp-content\/uploads\/2024\/11\/VOPK-Shisha-Hookah-BAR-Disposable-Vape-Wholesale-600x960.jpg 600w, https:\/\/rmvapesale.com\/wp-content\/uploads\/2024\/11\/VOPK-Shisha-Hookah-BAR-Disposable-Vape-Wholesale.jpg 800w\" sizes=\"auto, (max-width: 640px) 100vw, 640px\" \/><figcaption id=\"caption-attachment-2660\" class=\"wp-caption-text\">VOPK Shisha Hookah BAR Einweg-Vape im Gro\u00dfhandel<\/figcaption><\/figure>\n<h3><strong>Warum Rmvapesale w\u00e4hlen f\u00fcr <\/strong><strong>VOPK Shisha BAR Einweg-V<\/strong><strong>Gro\u00dfhandel<\/strong><strong>?<\/strong><\/h3>\n<div class=\"flex-shrink-0 flex flex-col relative items-end\">\n<div class=\"pt-0\">\n<div class=\"gizmo-bot-avatar flex h-8 w-8 items-center justify-center overflow-hidden rounded-full\">\n<div class=\"relative p-1 rounded-sm flex items-center justify-center bg-token-main-surface-primary text-token-text-primary h-8 w-8\">\n<p>Willkommen bei Rmvapesale, Ihrem vertrauensw\u00fcrdigen Vape-Shop f\u00fcr Premium Einweg-Vapes. Mit \u00fcber 5 Jahren Erfahrung bieten wir Ihnen beliebte Marken f\u00fcr Einweg-Vapes wie Al Fakher, <a href=\"https:\/\/rmvapesale.com\/de\/product\/vapme-crystal-7000-puffs-rechargeable-disposable-vape-price\/\">Vapme<\/a>, <a href=\"https:\/\/rmvapesale.com\/de\/product-category\/bang-vapes\/\">Bang Vape<\/a>, Waspe, <a href=\"https:\/\/rmvapesale.com\/de\/product\/wga-crystal-pro-max-extra-15k-puffs-disposable-vape-wholesale\/\">WGA<\/a> Vape und<a href=\"https:\/\/rmvapesale.com\/de\/product-category\/randm-fumot-vape\/\"> RandM Vape<\/a>.<\/p>\n<p>Unser Sortiment umfasst hei\u00dfe Verkaufs-Vapes wie die <a href=\"https:\/\/rmvapesale.com\/de\/product\/fumot-digital-box-12000-disposable-vape-pink-lemonade-flavor\/\">RandM 12k<\/a> und geschmacksreiche Optionen wie die <a href=\"https:\/\/rmvapesale.com\/de\/product\/wga-crystal-plus-20000-puff-dual-flavour-disposable-vape\/\">WGA 20K Zug<\/a>. Jedes Produkt wird mit Fokus auf Qualit\u00e4t, Wert und Vielfalt ausgew\u00e4hlt, um sicherzustellen, dass Sie die perfekte \u00dcbereinstimmung f\u00fcr Ihre Bed\u00fcrfnisse finden. Entdecken Sie au\u00dfergew\u00f6hnlichen Service und eine breite Palette an Top-Produkten bei Rmvapesale.<\/p>\n<\/div>\n<h3><\/h3>\n<div class=\"relative p-1 rounded-sm flex items-center justify-center bg-token-main-surface-primary text-token-text-primary h-8 w-8\">\n<h3><b>VOPK Shisha BAR 20000 Puffs Vape \u2013 H\u00e4ufig gestellte Fragen<\/b><\/h3>\n<p><strong>1. Woher wei\u00df ich, wann mein Einweg-Vape leer ist?<\/strong><br \/>\nWenn Ihr <strong>VOPK Shisha BAR 20000<\/strong> Einweg-Vape zur Neige geht, bemerken Sie m\u00f6glicherweise einen R\u00fcckgang der Dampfproduktion oder einen schw\u00e4cheren Geschmack. Das eingebaute <strong>Smart-Display<\/strong> auf dem Ger\u00e4t zeigt auch den verbleibenden E-Liquid-Stand an. Wenn der Bildschirm anzeigt, dass das E-Liquid aufgebraucht ist, ist es Zeit, den Vape auszutauschen.<\/p>\n<p><strong>2. Wie lange dauert das Aufladen eines VOPK Shisha 20000?<\/strong><br \/>\nDas Aufladen Ihres <strong>VOPK Shisha 20000<\/strong> dauert in der Regel etwa 1,5 bis 2 Stunden mit einem <strong>Typ-C-Ladeanschluss<\/strong>. Achten Sie darauf, ein zuverl\u00e4ssiges Ladeger\u00e4t zu verwenden, um ein sicheres und effizientes Aufladen zu gew\u00e4hrleisten. Nach dem vollst\u00e4ndigen Aufladen ist das Ger\u00e4t f\u00fcr l\u00e4ngere Vaping-Sitzungen ausgelegt.<\/p>\n<p><strong>3. Wie viel Nikotin ist in einer VOPK Shisha Hookah 20000 enthalten?<\/strong><br \/>\nDer <strong>VOPK Shisha BAR 20000<\/strong> ist mit einstellbaren Nikotinst\u00e4rkeoptionen ausgestattet, sodass Sie zwischen <strong>0 %, 2 %, 3 % und 5 % Nikotin<\/strong>w\u00e4hlen k\u00f6nnen. Diese Anpassung stellt sicher, dass Sie die volle Kontrolle \u00fcber Ihre Nikotinaufnahme haben, wodurch es f\u00fcr verschiedene Vorlieben geeignet ist.<\/p>\n<p><strong>4. Wo kann man VOPK Shisha Hookah 20000 Puff zum Gro\u00dfhandelspreis kaufen?<\/strong><br \/>\nSie k\u00f6nnen die <strong>VOPK Shisha BAR 20000 Puff<\/strong> zu Gro\u00dfhandelspreisen von vertrauensw\u00fcrdigen <strong>Gro\u00dfhandels-Vape<\/strong> Anbietern. F\u00fcr die besten Angebote besuchen Sie seri\u00f6se <strong>Vape-Shops<\/strong> oder \u00fcberpr\u00fcfen Sie <strong>Online-Plattformen<\/strong> die sich auf <strong>Einweg-Vapes<\/strong> und <strong>Vape-Gro\u00dfhandel<\/strong> Optionen spezialisiert haben.<\/p>\n<p><strong>5. Kann ich eine Einweg-Vape mit ins Flugzeug nehmen?<\/strong><br \/>\nJa, Sie k\u00f6nnen Ihre <strong>VOPK Shisha BAR 20000<\/strong> Einweg-Vape mit ins Flugzeug nehmen, aber es gibt Richtlinien, die Sie beachten m\u00fcssen. Das Ger\u00e4t sollte in Ihrem <strong>Handgep\u00e4ck<\/strong>Handgep\u00e4ck transportiert werden, da elektronische Vaping-Ger\u00e4te im aufgegebenen Gep\u00e4ck im Allgemeinen nicht erlaubt sind. Informieren Sie sich \u00fcber die spezifischen Bestimmungen der Fluggesellschaft und stellen Sie sicher, dass die Vape w\u00e4hrend des Fluges ausgeschaltet ist, um eine versehentliche Aktivierung zu verhindern.<\/p>\n<\/div>\n<\/div>\n<\/div>\n<\/div>\n<h3>Zum Versand<\/h3>\n<div class=\"flex-shrink-0 flex flex-col relative items-end\">\n<div>\n<div class=\"pt-0\">\n<div class=\"gizmo-bot-avatar flex h-8 w-8 items-center justify-center overflow-hidden rounded-full\">\n<div><\/div>\n<div class=\"relative p-1 rounded-sm flex items-center justify-center bg-token-main-surface-primary text-token-text-primary h-8 w-8\"><strong>1. Welche Versandmethoden werden verwendet?<\/strong><\/div>\n<\/div>\n<\/div>\n<\/div>\n<\/div>\n<div class=\"group\/conversation-turn relative flex w-full min-w-0 flex-col agent-turn\">\n<div class=\"flex-col gap-1 md:gap-3\">\n<div class=\"flex max-w-full flex-col flex-grow\">\n<div class=\"min-h-[20px] text-message flex w-full flex-col items-end gap-2 whitespace-normal break-words [.text-message+&amp;]:mt-5 overflow-x-auto\" dir=\"auto\" data-message-author-role=\"assistant\" data-message-id=\"22f8283b-3233-46ff-89a5-c7a41b33abda\">\n<div class=\"flex w-full flex-col gap-1 empty:hidden first:pt-[3px]\">\n<div class=\"markdown prose w-full break-words dark:prose-invert light\">\n<p>Wir arbeiten mit UPS, DHL, FedEx, DPD und anderen f\u00fchrenden Transportunternehmen zusammen. Wir w\u00e4hlen die beste Versandmethode basierend auf Ihrem Lieferort aus, um sicherzustellen, dass Sie Ihre Produkte so schnell wie m\u00f6glich erhalten.<\/p>\n<\/div>\n<p><strong>2. Wie lange dauert es, bis die Lieferung ankommt?<\/strong><\/p>\n<p>Pakete, die nach Deutschland versandt werden, kommen normalerweise innerhalb von 10 Werktagen an. Der Versand in europ\u00e4ische L\u00e4nder dauert in der Regel etwa 12-15 Werktage. Wir werden Ihnen Echtzeit-Updates zu Ihrem Versandstatus bereitstellen.<\/p>\n<\/div>\n<\/div>\n<\/div>\n<\/div>\n<\/div>\n<p>&nbsp;<\/p>\n<p>Finden Sie weitere Vape-Produkte, die Ihnen gefallen k\u00f6nnten:<strong><em><a href=\"https:\/\/rmvapesale.com\/de\/shop-2\/\">jetzt einkaufen &gt;&gt;&gt;<\/a><\/em><\/strong><\/p>","protected":false},"excerpt":{"rendered":"<p>VOPK Shisha Hookah BAR Gro\u00dfhandel 20000 Z\u00fcge Gro\u00dfeinkauf<br \/>\nVOPK Shisha BAR 20000 Z\u00fcge 0% 2% 3% 5% Einweg-Vape Gro\u00dfhandel mit niedrigem Nikotingehalt<br \/>\nShisha Hookah VOPK 20000 Z\u00fcge Gro\u00dfeinkauf Wiederaufladbarer Einweg-Vape<\/p>\n<p><img loading=\"lazy\" decoding=\"async\" class=\"size-full wp-image-2375\" src=\"https:\/\/rmvapesale.com\/wp-content\/uploads\/2024\/10\/image.png\" alt=\"Bester Einweg-Vape\" width=\"229\" height=\"300\" \/><\/p>\n<h3><a href=\"https:\/\/wa.me\/8617776015835\"><span style=\"color: #ff0000\"><strong>WhatsApp: +86 17776015835<\/strong><\/span><\/a><\/h3>\n<p>&nbsp;<\/p>","protected":false},"featured_media":2657,"comment_status":"open","ping_status":"closed","template":"","meta":{"_uag_custom_page_level_css":"","_lmt_disableupdate":"no","_lmt_disable":"","site-sidebar-layout":"default","site-content-layout":"content-boxed-container","ast-site-content-layout":"normal-width-container","site-content-style":"boxed","site-sidebar-style":"unboxed","ast-global-header-display":"","ast-banner-title-visibility":"","ast-main-header-display":"","ast-hfb-above-header-display":"","ast-hfb-below-header-display":"","ast-hfb-mobile-header-display":"","site-post-title":"","ast-breadcrumbs-content":"","ast-featured-img":"","footer-sml-layout":"","theme-transparent-header-meta":"default","adv-header-id-meta":"","stick-header-meta":"","header-above-stick-meta":"","header-main-stick-meta":"","header-below-stick-meta":"","astra-migrate-meta-layouts":"set","ast-page-background-enabled":"default","ast-page-background-meta":{"desktop":{"background-color":"var(--ast-global-color-4)","background-image":"","background-repeat":"repeat","background-position":"center center","background-size":"auto","background-attachment":"scroll","background-type":"","background-media":"","overlay-type":"","overlay-color":"","overlay-opacity":"","overlay-gradient":""},"tablet":{"background-color":"","background-image":"","background-repeat":"repeat","background-position":"center center","background-size":"auto","background-attachment":"scroll","background-type":"","background-media":"","overlay-type":"","overlay-color":"","overlay-opacity":"","overlay-gradient":""},"mobile":{"background-color":"","background-image":"","background-repeat":"repeat","background-position":"center center","background-size":"auto","background-attachment":"scroll","background-type":"","background-media":"","overlay-type":"","overlay-color":"","overlay-opacity":"","overlay-gradient":""}},"ast-content-background-meta":{"desktop":{"background-color":"var(--ast-global-color-5)","background-image":"","background-repeat":"repeat","background-position":"center center","background-size":"auto","background-attachment":"scroll","background-type":"","background-media":"","overlay-type":"","overlay-color":"","overlay-opacity":"","overlay-gradient":""},"tablet":{"background-color":"var(--ast-global-color-5)","background-image":"","background-repeat":"repeat","background-position":"center center","background-size":"auto","background-attachment":"scroll","background-type":"","background-media":"","overlay-type":"","overlay-color":"","overlay-opacity":"","overlay-gradient":""},"mobile":{"background-color":"var(--ast-global-color-5)","background-image":"","background-repeat":"repeat","background-position":"center center","background-size":"auto","background-attachment":"scroll","background-type":"","background-media":"","overlay-type":"","overlay-color":"","overlay-opacity":"","overlay-gradient":""}},"_joinchat":[]},"product_brand":[],"product_cat":[15,25,123,26,28,135,27,137,136,30],"product_tag":[146,188,200,167,165,180,120],"class_list":{"0":"post-2661","1":"product","2":"type-product","3":"status-publish","4":"has-post-thumbnail","6":"product_cat-new-vape-this-week","7":"product_cat-germany-best-selling-vape","8":"product_cat-italy-wholesale-vape","9":"product_cat-netherlands-hot-sale-vape","10":"product_cat-poland-hot-sale-vape","11":"product_cat-spain-best-hot-sale-vape","12":"product_cat-fance-hot-sale-vape","13":"product_cat-rechargeable-vapes","14":"product_cat-smart-screen-vapes","15":"product_cat-minimum-order-quantity-50pcs","16":"product_tag-best-hot-sale-vape","17":"product_tag-buy-vapes-online","18":"product_tag-disposable-hookah-wholesale","19":"product_tag-disposable-vape-with-screen","20":"product_tag-rechargeable-vapes","21":"product_tag-shisha-bar","22":"product_tag-vape-wholesale","23":"desktop-align-left","24":"tablet-align-left","25":"mobile-align-left","27":"first","28":"instock","29":"sale","30":"shipping-taxable","31":"purchasable","32":"product-type-simple"},"uagb_featured_image_src":{"full":["https:\/\/rmvapesale.com\/wp-content\/uploads\/2024\/11\/VOPK-Shisha-Hookah-BAR-20000-Puff-Disposable-Vape.jpg",800,800,false],"thumbnail":["https:\/\/rmvapesale.com\/wp-content\/uploads\/2024\/11\/VOPK-Shisha-Hookah-BAR-20000-Puff-Disposable-Vape-150x150.jpg",150,150,true],"medium":["https:\/\/rmvapesale.com\/wp-content\/uploads\/2024\/11\/VOPK-Shisha-Hookah-BAR-20000-Puff-Disposable-Vape-300x300.jpg",300,300,true],"medium_large":["https:\/\/rmvapesale.com\/wp-content\/uploads\/2024\/11\/VOPK-Shisha-Hookah-BAR-20000-Puff-Disposable-Vape-768x768.jpg",768,768,true],"large":["https:\/\/rmvapesale.com\/wp-content\/uploads\/2024\/11\/VOPK-Shisha-Hookah-BAR-20000-Puff-Disposable-Vape.jpg",800,800,false],"1536x1536":["https:\/\/rmvapesale.com\/wp-content\/uploads\/2024\/11\/VOPK-Shisha-Hookah-BAR-20000-Puff-Disposable-Vape.jpg",800,800,false],"2048x2048":["https:\/\/rmvapesale.com\/wp-content\/uploads\/2024\/11\/VOPK-Shisha-Hookah-BAR-20000-Puff-Disposable-Vape.jpg",800,800,false],"trp-custom-language-flag":["https:\/\/rmvapesale.com\/wp-content\/uploads\/2024\/11\/VOPK-Shisha-Hookah-BAR-20000-Puff-Disposable-Vape.jpg",12,12,false],"woocommerce_thumbnail":["https:\/\/rmvapesale.com\/wp-content\/uploads\/2024\/11\/VOPK-Shisha-Hookah-BAR-20000-Puff-Disposable-Vape-300x300.jpg",300,300,true],"woocommerce_single":["https:\/\/rmvapesale.com\/wp-content\/uploads\/2024\/11\/VOPK-Shisha-Hookah-BAR-20000-Puff-Disposable-Vape-600x600.jpg",600,600,true],"woocommerce_gallery_thumbnail":["https:\/\/rmvapesale.com\/wp-content\/uploads\/2024\/11\/VOPK-Shisha-Hookah-BAR-20000-Puff-Disposable-Vape-100x100.jpg",100,100,true],"wcpr-photo-reviews":["https:\/\/rmvapesale.com\/wp-content\/uploads\/2024\/11\/VOPK-Shisha-Hookah-BAR-20000-Puff-Disposable-Vape.jpg",500,500,false]},"uagb_author_info":{"display_name":"AMY","author_link":"https:\/\/rmvapesale.com\/de\/author\/"},"uagb_comment_info":0,"uagb_excerpt":"VOPK Shisha Hookah BAR Wholesale 20000 Puffs Bulk Buy VOPK Shisha BAR 20000 Puffs 0% 2% 3% 5% Low Nicotine Disposable Vape Wholesale Shisha Hookah VOPK 20000 Puffs Bulk Buy Rechargeable Disposable Vape WhatsApp: +86 17776015835 &nbsp;","_links":{"self":[{"href":"https:\/\/rmvapesale.com\/de\/wp-json\/wp\/v2\/product\/2661","targetHints":{"allow":["GET"]}}],"collection":[{"href":"https:\/\/rmvapesale.com\/de\/wp-json\/wp\/v2\/product"}],"about":[{"href":"https:\/\/rmvapesale.com\/de\/wp-json\/wp\/v2\/types\/product"}],"replies":[{"embeddable":true,"href":"https:\/\/rmvapesale.com\/de\/wp-json\/wp\/v2\/comments?post=2661"}],"wp:featuredmedia":[{"embeddable":true,"href":"https:\/\/rmvapesale.com\/de\/wp-json\/wp\/v2\/media\/2657"}],"wp:attachment":[{"href":"https:\/\/rmvapesale.com\/de\/wp-json\/wp\/v2\/media?parent=2661"}],"wp:term":[{"taxonomy":"product_brand","embeddable":true,"href":"https:\/\/rmvapesale.com\/de\/wp-json\/wp\/v2\/product_brand?post=2661"},{"taxonomy":"product_cat","embeddable":true,"href":"https:\/\/rmvapesale.com\/de\/wp-json\/wp\/v2\/product_cat?post=2661"},{"taxonomy":"product_tag","embeddable":true,"href":"https:\/\/rmvapesale.com\/de\/wp-json\/wp\/v2\/product_tag?post=2661"}],"curies":[{"name":"wp","href":"https:\/\/api.w.org\/{rel}","templated":true}]}}