{"id":2670,"date":"2024-11-05T09:03:06","date_gmt":"2024-11-05T09:03:06","guid":{"rendered":"https:\/\/rmvapesale.com\/?post_type=product&#038;p=2670"},"modified":"2024-11-05T09:49:38","modified_gmt":"2024-11-05T09:49:38","slug":"elfbar-combo-25000-puffs-rechargeable-disposable-vape-wholesale","status":"publish","type":"product","link":"https:\/\/rmvapesale.com\/de\/product\/elfbar-combo-25000-puffs-rechargeable-disposable-vape-wholesale\/","title":{"rendered":"ElfBar Combo 25000 Z\u00fcge wiederaufladbarer Einweg-Vape Gro\u00dfhandel"},"content":{"rendered":"<div class=\"B2VR9 CJHX3e\">\n<div class=\"wyccme\">\n<h1 class=\"LC20lb MBeuO DKV0Md\">ElfBar Combo 25000 Z\u00fcge wiederaufladbarer Einweg-Vape Gro\u00dfhandel<\/h1>\n<div class=\"flex-shrink-0 flex flex-col relative items-end\">\n<div class=\"pt-0\">\n<div class=\"gizmo-bot-avatar flex h-8 w-8 items-center justify-center overflow-hidden rounded-full\">\n<div class=\"relative p-1 rounded-sm flex items-center justify-center bg-token-main-surface-primary text-token-text-primary h-8 w-8\">\n<p>Der <strong>Elfbar Combo 25000 Z\u00fcge Einweg-Vape<\/strong> ist ein innovatives und vielseitiges Dampfger\u00e4t, das entwickelt wurde, um Ihr Dampferlebnis zu revolutionieren. Mit einem schlanken und stilvollen Design kombiniert es <strong>zwei verschiedene Geschmacksrichtungen<\/strong> und bietet <strong>duale Dampfmodi<\/strong>, die Ihnen eine unvergleichliche Vielfalt und Zufriedenheit bieten. Dieses Ger\u00e4t zeichnet sich unter <strong>beliebten Einweg-Vape-Marken<\/strong> durch seine \u00fcberlegene Technologie und Bequemlichkeit aus.<\/p>\n<h3><strong>Rein<\/strong><\/h3>\n<p>Genie\u00dfen Sie eine unglaubliche Geschmackskombination aus <strong>Gr\u00fcner Apfel<\/strong> und <strong>Doppel Apfel Shisha<\/strong>, fachm\u00e4nnisch gemischt, um ein erfrischendes und von Shisha inspiriertes Geschmackserlebnis zu bieten. Der <strong>ElfBar Pods Combo 25000<\/strong> stellt sicher, dass jeder Zug sanft und geschmackvoll ist, was es zu einem der <strong>besten Einweg-Vapes des Jahres 2024 macht<\/strong>.<\/p>\n<h3><strong>Hohe Zuganzahl<\/strong><\/h3>\n<p>Genie\u00dfen Sie bis zu <strong>25.000 Z\u00fcge<\/strong> aus dem 25-ml-E-Liquid-Reservoir, was Ihnen eine lang anhaltende Zufriedenheit ohne den Aufwand h\u00e4ufiger Austausche bietet. Dieses Ger\u00e4t ist perfekt f\u00fcr diejenigen, die eine l\u00e4ngere Nutzung w\u00fcnschen, egal ob unterwegs oder f\u00fcr den t\u00e4glichen Genuss.<\/p>\n<h3><strong>Smart Screen<\/strong><\/h3>\n<p>Ausgestattet mit einer <strong>Smart-Display-Bildschirm<\/strong>bietet der <strong>Elf Bar Combo 25000<\/strong> gibt Ihnen Echtzeit-Updates \u00fcber Geschmacksmodus, Leistungsstufe, E-Liquid-Status und Batterielebensdauer. Das <strong>raffinierte Dual-Airflow-System<\/strong> bietet anpassbare Optionen und verbessert Ihr Dampferlebnis mit reinem und konsistentem Dampf.<\/p>\n<h3><strong>Wiederaufladbar f\u00fcr Komfort<\/strong><\/h3>\n<p>Verabschieden Sie sich von den Unannehmlichkeiten von Einweg-Vapes mit dem <strong>850mAh Akku<\/strong>. Das effiziente Design, gepaart mit dem praktischen <strong>Typ-C-Schnellladung<\/strong>, sorgt f\u00fcr minimale Ausfallzeiten zwischen den Anwendungen und macht es zu einer herausragenden Wahl unter <strong>wiederaufladbare Vapes<\/strong>.<\/p>\n<h3><strong>Premium Nikotinst\u00e4rke<\/strong><\/h3>\n<p>Mit einer <strong>5% (50 mg) Nikotinkonzentration<\/strong>bietet der <strong>Elf Bar Combo 25000<\/strong> bietet einen zufriedenstellenden Zug, der perfekt f\u00fcr Dampfer ist, die ein robustes Nikotinerlebnis suchen.<\/p>\n<h3><strong>Verf\u00fcgbarkeit im Gro\u00dfhandel<\/strong><\/h3>\n<p>Der <strong>Elfbar Combo 25000<\/strong> ist zu <strong>Vape-Gro\u00dfhandel<\/strong> Preisen erh\u00e4ltlich, was es zu einer idealen Option f\u00fcr Einzelh\u00e4ndler und Distributoren macht, die sich mit <strong>beliebten Vapes eindecken m\u00f6chten<\/strong>. Besuchen Sie seri\u00f6se <strong>Vape-Shops<\/strong> oder kaufen Sie \u00fcber <strong>Einweg-Vapes online<\/strong> Lieferanten, um die besten Angebote zu erhalten f\u00fcr <strong>Elf Bar<\/strong> Produkte.<\/p>\n<p>F\u00fcr diejenigen, die auf der Suche nach einem au\u00dfergew\u00f6hnlichen <strong>Puff Vape<\/strong> , das Geschmack, Innovation und Bequemlichkeit nahtlos miteinander verbindet, ist das <strong>Elfbar Combo 25000 Z\u00fcge<\/strong> die ultimative Wahl. Erleben Sie das Beste der Dampftechnologie mit diesem <strong>ELF BAR<\/strong> Wunder.<\/p>\n<p>Holen Sie sich Ihres noch heute von <strong>ELFBAR<\/strong> H\u00e4ndlern und treten Sie der Gemeinschaft zufriedener Dampfer bei, die eine der <strong>Top-Marken f\u00fcr Einweg-Vapes<\/strong> der Branche genie\u00dfen!<\/p>\n<\/div>\n<\/div>\n<\/div>\n<\/div>\n<\/div>\n<\/div>\n<p><strong>Kontaktieren Sie Amy, um die richtige Antwort und einen Gutschein f\u00fcr E-Zigaretten zu erhalten!<\/strong><\/p>\n<p><img loading=\"lazy\" decoding=\"async\" class=\"size-full wp-image-1978\" src=\"https:\/\/rmvapesale.com\/wp-content\/uploads\/2024\/09\/Disposable-Vape-Wholesale.jpg\" alt=\"Einweg-Vape Gro\u00dfhandel\" width=\"229\" height=\"300\" \/><\/p>\n<h3><a href=\"https:\/\/wa.me\/8617776015835\" target=\"_blank\" rel=\"noopener\"><span style=\"color: #ff0000\"><strong>WhatsApp: +86 17776015835<\/strong><\/span><\/a><\/h3>\n<p>&nbsp;<\/p>\n<h2><\/h2>\n<h2><strong>ElfBar Combo 25000 Wiederaufladbarer Vape <\/strong><strong>Hauptmerkmale<\/strong><\/h2>\n<p>Modell: COMBO 25000<br \/>\nGeschmacksrichtungen: Gr\u00fcner Apfel + Doppelapfel-Shisha<br \/>\nZ\u00fcge: 25000<br \/>\nNikotinst\u00e4rke: 5% (50 mg)<br \/>\nFl\u00fcssigkeitsvolumen: 25 ml<br \/>\nBatterie<br \/>\nBatteriekapazit\u00e4t: 700mAh<\/p>\n<p>&nbsp;<\/p>\n<h2><strong>Top-Geschmack f\u00fcr ElfBar Combo 25000 Z\u00fcge<\/strong><\/h2>\n<p>&nbsp;<\/p>\n<p>1.Wassermelone+Erdbeere <span style=\"color: #ff0000\"><strong>&gt;&gt;&gt;&gt; Hei\u00df!<\/strong><\/span><br \/>\n2.Apfel+Saftiger Pfirsich<br \/>\n3.Traube+Mary Drink<br \/>\n4.Gr\u00fcne Traube+Traube <span style=\"color: #ff0000\"><strong>&gt;&gt;&gt;&gt; Am besten!<\/strong><\/span><br \/>\n5.Gr\u00fcner Apfel+Doppelapfel<br \/>\n6.Limette+Ananas<br \/>\n7.Pfirsich Mango+Wassermelone <span style=\"color: #ff0000\"><strong>&gt;&gt;&gt;&gt; Hei\u00df!<\/strong><\/span><\/p>\n<figure id=\"attachment_2663\" aria-describedby=\"caption-attachment-2663\" style=\"width: 286px\" class=\"wp-caption alignnone\"><img loading=\"lazy\" decoding=\"async\" class=\"size-medium wp-image-2663\" src=\"https:\/\/rmvapesale.com\/wp-content\/uploads\/2024\/11\/Elf-Bar-COMBO-25000-Disposable-Vape-286x300.jpg\" alt=\"Elf Bar COMBO 25000 Einweg-Vape\" width=\"286\" height=\"300\" srcset=\"https:\/\/rmvapesale.com\/wp-content\/uploads\/2024\/11\/Elf-Bar-COMBO-25000-Disposable-Vape-286x300.jpg 286w, https:\/\/rmvapesale.com\/wp-content\/uploads\/2024\/11\/Elf-Bar-COMBO-25000-Disposable-Vape-975x1024.jpg 975w, https:\/\/rmvapesale.com\/wp-content\/uploads\/2024\/11\/Elf-Bar-COMBO-25000-Disposable-Vape-768x806.jpg 768w, https:\/\/rmvapesale.com\/wp-content\/uploads\/2024\/11\/Elf-Bar-COMBO-25000-Disposable-Vape-600x630.jpg 600w, https:\/\/rmvapesale.com\/wp-content\/uploads\/2024\/11\/Elf-Bar-COMBO-25000-Disposable-Vape.jpg 1000w\" sizes=\"auto, (max-width: 286px) 100vw, 286px\" \/><figcaption id=\"caption-attachment-2663\" class=\"wp-caption-text\">Elf Bar COMBO 25000 Einweg-Vape<\/figcaption><\/figure>\n<h3><strong>Warum Rmvapesale f\u00fcr Elf Bar w\u00e4hlen <\/strong><strong>Einweg-V<\/strong><strong>Gro\u00dfhandel<\/strong><strong>?<\/strong><\/h3>\n<div class=\"flex-shrink-0 flex flex-col relative items-end\">\n<div class=\"pt-0\">\n<div class=\"gizmo-bot-avatar flex h-8 w-8 items-center justify-center overflow-hidden rounded-full\">\n<div class=\"relative p-1 rounded-sm flex items-center justify-center bg-token-main-surface-primary text-token-text-primary h-8 w-8\">\n<p>Willkommen bei Rmvapesale, Ihrem vertrauensw\u00fcrdigen Vape-Shop f\u00fcr Premium Einweg-Vapes. Mit \u00fcber 5 Jahren Erfahrung bieten wir Ihnen beliebte Marken f\u00fcr Einweg-Vapes wie Al Fakher, <a href=\"https:\/\/rmvapesale.com\/de\/product\/vapme-crystal-7000-puffs-rechargeable-disposable-vape-price\/\">Vapme<\/a>, <a href=\"https:\/\/rmvapesale.com\/de\/product-category\/bang-vapes\/\">Bang Vape<\/a>, Waspe, <a href=\"https:\/\/rmvapesale.com\/de\/product\/wga-crystal-pro-max-extra-15k-puffs-disposable-vape-wholesale\/\">WGA<\/a> Vape und<a href=\"https:\/\/rmvapesale.com\/de\/product-category\/randm-fumot-vape\/\"> RandM Vape<\/a>.<\/p>\n<p>Unser Sortiment umfasst hei\u00dfe Verkaufs-Vapes wie die <a href=\"https:\/\/rmvapesale.com\/de\/product\/fumot-digital-box-12000-disposable-vape-pink-lemonade-flavor\/\">RandM 12k<\/a> und geschmacksreiche Optionen wie die <a href=\"https:\/\/rmvapesale.com\/de\/product\/wga-crystal-plus-20000-puff-dual-flavour-disposable-vape\/\">WGA 20K Zug<\/a>. Jedes Produkt wird mit Fokus auf Qualit\u00e4t, Wert und Vielfalt ausgew\u00e4hlt, um sicherzustellen, dass Sie die perfekte \u00dcbereinstimmung f\u00fcr Ihre Bed\u00fcrfnisse finden. Entdecken Sie au\u00dfergew\u00f6hnlichen Service und eine breite Palette an Top-Produkten bei Rmvapesale.<\/p>\n<\/div>\n<h3><\/h3>\n<div class=\"relative p-1 rounded-sm flex items-center justify-center bg-token-main-surface-primary text-token-text-primary h-8 w-8\">\n<h3><b>Elf Bar Vape COMBO 25000 Z\u00fcge FAQs<\/b><\/h3>\n<\/div>\n<h3>1. <strong>Woher wei\u00df ich, wann meine ElfBar Einweg-Vape-Pods leer sind?<\/strong><\/h3>\n<ul>\n<li>Der <strong>Smart-Display-Bildschirm<\/strong> auf dem Elf Bar Combo 25000 bietet eine klare Anzeige Ihres E-Liquid-F\u00fcllstands. Wenn der Bildschirm anzeigt, dass der E-Liquid-Status niedrig oder leer ist, oder wenn Sie einen sp\u00fcrbaren R\u00fcckgang des Geschmacks und der Dampfproduktion feststellen, ist es Zeit, Ihr Ger\u00e4t auszutauschen.<\/li>\n<\/ul>\n<h3>2. <strong>Wie lange dauert das Aufladen eines ElfBar Combo 25000 Z\u00fcge?<\/strong><\/h3>\n<ul>\n<li>Der Elf Bar Combo 25000 wird mit einem geliefert <strong>700mAh wiederaufladbare Batterie<\/strong> und l\u00e4dt schnell \u00fcber einen <strong>Typ-C-Ladeanschluss<\/strong>. Es dauert normalerweise etwa <strong>1 bis 2 Stunden<\/strong> um vollst\u00e4ndig aufzuladen, abh\u00e4ngig von der Stromquelle.<\/li>\n<\/ul>\n<h3>3. <strong>Wie viel Nikotin ist in einem Elf Bar Vape Combo 25000 Puff?<\/strong><\/h3>\n<ul>\n<li>Der Elf Bar Combo 25000 enth\u00e4lt <strong>5% (50 mg) Nikotinst\u00e4rke<\/strong>, was ein starkes und zufriedenstellendes Erlebnis bietet, geeignet f\u00fcr diejenigen, die h\u00f6here Nikotinkonzentrationen bevorzugen.<\/li>\n<\/ul>\n<h3>4. <strong>Wo kann ich ElfBar Combo 25000 Puffs zu Gro\u00dfhandelspreisen kaufen?<\/strong><\/h3>\n<ul>\n<li>Sie k\u00f6nnen den Elf Bar Combo 25000 Puff bei <strong>Gro\u00dfhandelspreise<\/strong> verschiedenen Online-Vape-H\u00e4ndlern oder spezialisierten <strong>Vape-Gro\u00dfhandelslieferanten erwerben<\/strong>. Informieren Sie sich bei zuverl\u00e4ssigen <strong>Vape-Shops<\/strong> und Online-H\u00e4ndlern, die <strong>Gro\u00dfeink\u00e4ufe<\/strong> f\u00fcr Elf Bar-Produkte anbieten.<\/li>\n<\/ul>\n<h3>5. <strong>Kann ich einen Einweg-Vape mit ins Flugzeug nehmen?<\/strong><\/h3>\n<ul>\n<li>Ja, Sie k\u00f6nnen einen <strong>Einweg-Vape<\/strong> im Flugzeug mitnehmen, aber er muss in Ihrem <strong>Handgep\u00e4ck<\/strong>verpackt sein. Stellen Sie sicher, dass das Ger\u00e4t ausgeschaltet und sicher verstaut ist, und denken Sie daran, die spezifischen Bestimmungen der Fluggesellschaft und die Vaping-Richtlinien des Ziellandes zu \u00fcberpr\u00fcfen.<\/li>\n<\/ul>\n<\/div>\n<\/div>\n<\/div>\n<h3>Zum Versand<\/h3>\n<div class=\"flex-shrink-0 flex flex-col relative items-end\">\n<div>\n<div class=\"pt-0\">\n<div class=\"gizmo-bot-avatar flex h-8 w-8 items-center justify-center overflow-hidden rounded-full\">\n<div><\/div>\n<div class=\"relative p-1 rounded-sm flex items-center justify-center bg-token-main-surface-primary text-token-text-primary h-8 w-8\"><strong>1. Welche Versandmethoden werden verwendet?<\/strong><\/div>\n<\/div>\n<\/div>\n<\/div>\n<\/div>\n<div class=\"group\/conversation-turn relative flex w-full min-w-0 flex-col agent-turn\">\n<div class=\"flex-col gap-1 md:gap-3\">\n<div class=\"flex max-w-full flex-col flex-grow\">\n<div class=\"min-h-[20px] text-message flex w-full flex-col items-end gap-2 whitespace-normal break-words [.text-message+&amp;]:mt-5 overflow-x-auto\" dir=\"auto\" data-message-author-role=\"assistant\" data-message-id=\"22f8283b-3233-46ff-89a5-c7a41b33abda\">\n<div class=\"flex w-full flex-col gap-1 empty:hidden first:pt-[3px]\">\n<div class=\"markdown prose w-full break-words dark:prose-invert light\">\n<p>Wir arbeiten mit UPS, DHL, FedEx, DPD und anderen f\u00fchrenden Transportunternehmen zusammen. Wir w\u00e4hlen die beste Versandmethode basierend auf Ihrem Lieferort aus, um sicherzustellen, dass Sie Ihre Produkte so schnell wie m\u00f6glich erhalten.<\/p>\n<\/div>\n<p><strong>2. Wie lange dauert es, bis die Lieferung ankommt?<\/strong><\/p>\n<p>Pakete, die nach Deutschland versandt werden, kommen normalerweise innerhalb von 10 Werktagen an. Der Versand in europ\u00e4ische L\u00e4nder dauert in der Regel etwa 12-15 Werktage. Wir werden Ihnen Echtzeit-Updates zu Ihrem Versandstatus bereitstellen.<\/p>\n<\/div>\n<\/div>\n<\/div>\n<\/div>\n<\/div>\n<p>&nbsp;<\/p>\n<p>Finden Sie weitere Vape-Produkte, die Ihnen gefallen k\u00f6nnten:<strong><em><a href=\"https:\/\/rmvapesale.com\/de\/shop-2\/\">jetzt einkaufen &gt;&gt;&gt;<\/a><\/em><\/strong><\/p>","protected":false},"excerpt":{"rendered":"<p>ELFBAR COMBO 25000 Gr\u00fcner Apfel + Doppelter Apfel<br \/>\nELFBAR Vape COMBO 25000 Z\u00fcge Gro\u00dfhandel Fabrikpreis<br \/>\nElfBar Pods COMBO 25000 Mengenrabatt 5% Nikotin<\/p>\n<p><img loading=\"lazy\" decoding=\"async\" class=\"size-full wp-image-2375\" src=\"https:\/\/rmvapesale.com\/wp-content\/uploads\/2024\/10\/image.png\" alt=\"Bester Einweg-Vape\" width=\"229\" height=\"300\" \/><\/p>\n<h3><a href=\"https:\/\/wa.me\/8617776015835\"><span style=\"color: #ff0000\"><strong>WhatsApp: +86 17776015835<\/strong><\/span><\/a><\/h3>\n<p>&nbsp;<\/p>","protected":false},"featured_media":2662,"comment_status":"open","ping_status":"closed","template":"","meta":{"_uag_custom_page_level_css":"","_lmt_disableupdate":"no","_lmt_disable":"","site-sidebar-layout":"default","site-content-layout":"content-boxed-container","ast-site-content-layout":"normal-width-container","site-content-style":"boxed","site-sidebar-style":"unboxed","ast-global-header-display":"","ast-banner-title-visibility":"","ast-main-header-display":"","ast-hfb-above-header-display":"","ast-hfb-below-header-display":"","ast-hfb-mobile-header-display":"","site-post-title":"","ast-breadcrumbs-content":"","ast-featured-img":"","footer-sml-layout":"","ast-disable-related-posts":"","theme-transparent-header-meta":"default","adv-header-id-meta":"","stick-header-meta":"","header-above-stick-meta":"","header-main-stick-meta":"","header-below-stick-meta":"","astra-migrate-meta-layouts":"set","ast-page-background-enabled":"default","ast-page-background-meta":{"desktop":{"background-color":"var(--ast-global-color-4)","background-image":"","background-repeat":"repeat","background-position":"center center","background-size":"auto","background-attachment":"scroll","background-type":"","background-media":"","overlay-type":"","overlay-color":"","overlay-opacity":"","overlay-gradient":""},"tablet":{"background-color":"","background-image":"","background-repeat":"repeat","background-position":"center center","background-size":"auto","background-attachment":"scroll","background-type":"","background-media":"","overlay-type":"","overlay-color":"","overlay-opacity":"","overlay-gradient":""},"mobile":{"background-color":"","background-image":"","background-repeat":"repeat","background-position":"center center","background-size":"auto","background-attachment":"scroll","background-type":"","background-media":"","overlay-type":"","overlay-color":"","overlay-opacity":"","overlay-gradient":""}},"ast-content-background-meta":{"desktop":{"background-color":"var(--ast-global-color-5)","background-image":"","background-repeat":"repeat","background-position":"center center","background-size":"auto","background-attachment":"scroll","background-type":"","background-media":"","overlay-type":"","overlay-color":"","overlay-opacity":"","overlay-gradient":""},"tablet":{"background-color":"var(--ast-global-color-5)","background-image":"","background-repeat":"repeat","background-position":"center center","background-size":"auto","background-attachment":"scroll","background-type":"","background-media":"","overlay-type":"","overlay-color":"","overlay-opacity":"","overlay-gradient":""},"mobile":{"background-color":"var(--ast-global-color-5)","background-image":"","background-repeat":"repeat","background-position":"center center","background-size":"auto","background-attachment":"scroll","background-type":"","background-media":"","overlay-type":"","overlay-color":"","overlay-opacity":"","overlay-gradient":""}},"_joinchat":[]},"product_brand":[],"product_cat":[15,27,25,123,30,26,28,137,136,135],"product_tag":[146,188,200,167,201,202,165,180,120],"class_list":{"0":"post-2670","1":"product","2":"type-product","3":"status-publish","4":"has-post-thumbnail","6":"product_cat-new-vape-this-week","7":"product_cat-fance-hot-sale-vape","8":"product_cat-germany-best-selling-vape","9":"product_cat-italy-wholesale-vape","10":"product_cat-minimum-order-quantity-50pcs","11":"product_cat-netherlands-hot-sale-vape","12":"product_cat-poland-hot-sale-vape","13":"product_cat-rechargeable-vapes","14":"product_cat-smart-screen-vapes","15":"product_cat-spain-best-hot-sale-vape","16":"product_tag-best-hot-sale-vape","17":"product_tag-buy-vapes-online","18":"product_tag-disposable-hookah-wholesale","19":"product_tag-disposable-vape-with-screen","20":"product_tag-elfbar","21":"product_tag-elfbar-pods","22":"product_tag-rechargeable-vapes","23":"product_tag-shisha-bar","24":"product_tag-vape-wholesale","25":"desktop-align-left","26":"tablet-align-left","27":"mobile-align-left","29":"first","30":"instock","31":"sale","32":"shipping-taxable","33":"purchasable","34":"product-type-simple"},"uagb_featured_image_src":{"full":["https:\/\/rmvapesale.com\/wp-content\/uploads\/2024\/11\/Elf-Bar-COMBO-25000-Blackurrant-Raspberry-Grape.jpg",1000,1000,false],"thumbnail":["https:\/\/rmvapesale.com\/wp-content\/uploads\/2024\/11\/Elf-Bar-COMBO-25000-Blackurrant-Raspberry-Grape-150x150.jpg",150,150,true],"medium":["https:\/\/rmvapesale.com\/wp-content\/uploads\/2024\/11\/Elf-Bar-COMBO-25000-Blackurrant-Raspberry-Grape-300x300.jpg",300,300,true],"medium_large":["https:\/\/rmvapesale.com\/wp-content\/uploads\/2024\/11\/Elf-Bar-COMBO-25000-Blackurrant-Raspberry-Grape-768x768.jpg",768,768,true],"large":["https:\/\/rmvapesale.com\/wp-content\/uploads\/2024\/11\/Elf-Bar-COMBO-25000-Blackurrant-Raspberry-Grape.jpg",1000,1000,false],"1536x1536":["https:\/\/rmvapesale.com\/wp-content\/uploads\/2024\/11\/Elf-Bar-COMBO-25000-Blackurrant-Raspberry-Grape.jpg",1000,1000,false],"2048x2048":["https:\/\/rmvapesale.com\/wp-content\/uploads\/2024\/11\/Elf-Bar-COMBO-25000-Blackurrant-Raspberry-Grape.jpg",1000,1000,false],"trp-custom-language-flag":["https:\/\/rmvapesale.com\/wp-content\/uploads\/2024\/11\/Elf-Bar-COMBO-25000-Blackurrant-Raspberry-Grape.jpg",12,12,false],"woocommerce_thumbnail":["https:\/\/rmvapesale.com\/wp-content\/uploads\/2024\/11\/Elf-Bar-COMBO-25000-Blackurrant-Raspberry-Grape-300x300.jpg",300,300,true],"woocommerce_single":["https:\/\/rmvapesale.com\/wp-content\/uploads\/2024\/11\/Elf-Bar-COMBO-25000-Blackurrant-Raspberry-Grape-600x600.jpg",600,600,true],"woocommerce_gallery_thumbnail":["https:\/\/rmvapesale.com\/wp-content\/uploads\/2024\/11\/Elf-Bar-COMBO-25000-Blackurrant-Raspberry-Grape-100x100.jpg",100,100,true],"wcpr-photo-reviews":["https:\/\/rmvapesale.com\/wp-content\/uploads\/2024\/11\/Elf-Bar-COMBO-25000-Blackurrant-Raspberry-Grape.jpg",500,500,false]},"uagb_author_info":{"display_name":"AMY","author_link":"https:\/\/rmvapesale.com\/de\/author\/"},"uagb_comment_info":0,"uagb_excerpt":"ELFBAR COMBO 25000 Green Apple + Double Apple ELFBAR Vape COMBO 25000 puff Wholesale Factory Price ElfBar Pods COMBO 25000 Bulk Buy 5% Nicotine WhatsApp: +86 17776015835 &nbsp;","_links":{"self":[{"href":"https:\/\/rmvapesale.com\/de\/wp-json\/wp\/v2\/product\/2670","targetHints":{"allow":["GET"]}}],"collection":[{"href":"https:\/\/rmvapesale.com\/de\/wp-json\/wp\/v2\/product"}],"about":[{"href":"https:\/\/rmvapesale.com\/de\/wp-json\/wp\/v2\/types\/product"}],"replies":[{"embeddable":true,"href":"https:\/\/rmvapesale.com\/de\/wp-json\/wp\/v2\/comments?post=2670"}],"wp:featuredmedia":[{"embeddable":true,"href":"https:\/\/rmvapesale.com\/de\/wp-json\/wp\/v2\/media\/2662"}],"wp:attachment":[{"href":"https:\/\/rmvapesale.com\/de\/wp-json\/wp\/v2\/media?parent=2670"}],"wp:term":[{"taxonomy":"product_brand","embeddable":true,"href":"https:\/\/rmvapesale.com\/de\/wp-json\/wp\/v2\/product_brand?post=2670"},{"taxonomy":"product_cat","embeddable":true,"href":"https:\/\/rmvapesale.com\/de\/wp-json\/wp\/v2\/product_cat?post=2670"},{"taxonomy":"product_tag","embeddable":true,"href":"https:\/\/rmvapesale.com\/de\/wp-json\/wp\/v2\/product_tag?post=2670"}],"curies":[{"name":"wp","href":"https:\/\/api.w.org\/{rel}","templated":true}]}}