{"id":2678,"date":"2024-11-06T09:28:10","date_gmt":"2024-11-06T09:28:10","guid":{"rendered":"https:\/\/rmvapesale.com\/?post_type=product&#038;p=2678"},"modified":"2024-11-06T10:01:09","modified_gmt":"2024-11-06T10:01:09","slug":"vozol-star-20000-puffs-rechargeable-disposable-vape-wholesale-uk","status":"publish","type":"product","link":"https:\/\/rmvapesale.com\/de\/product\/vozol-star-20000-puffs-rechargeable-disposable-vape-wholesale-uk\/","title":{"rendered":"VOZOL Star 20000 Puffs Wiederaufladbarer Einweg-Vape Gro\u00dfhandel Deutschland"},"content":{"rendered":"<h1>VOZOL Star 20000 Z\u00fcge Wiederaufladbare Vape Gro\u00dfhandel Deutschland<\/h1>\n<p><strong>VOZOL Star 20000 Z\u00fcge Wiederaufladbare Einweg Vape<\/strong>, ein hochwertiges Vaping-Ger\u00e4t, das f\u00fcr diejenigen entwickelt wurde, die Qualit\u00e4t, Komfort und Stil verlangen. Perfekt f\u00fcr Dampfer in Deutschland, die nach langlebigen und befriedigenden Sitzungen suchen, kombiniert diese Einweg-Vape-Stift modernste Technologie mit einem eleganten, benutzerfreundlichen Design.<\/p>\n<p>Der <strong>VOZOL Star 20000 Z\u00fcge Einweg Vape<\/strong> ist eine Top-Wahl unter beliebten Einweg-Vape-Marken, die Bequemlichkeit mit \u00fcberlegener Leistung verbindet. Ob Sie nach dem <strong>besten Einweg-Vape 2024<\/strong>suchen, eine leistungsstarke <strong>Puff Vape<\/strong> Option oder ein Ger\u00e4t, das schnell aufl\u00e4dt, der VOZOL Star erf\u00fcllt alle Anforderungen. Erh\u00e4ltlich f\u00fcr <strong>Vape-Gro\u00dfhandel<\/strong> und Einzelk\u00e4ufe, ist es die perfekte Wahl f\u00fcr diejenigen, die Qualit\u00e4t und Quantit\u00e4t in einem Paket w\u00fcnschen.<\/p>\n<p>F\u00fcr Dampfer in Deutschland, finden Sie das <strong>VOZOL Star 20000 Z\u00fcge Einweg Vape<\/strong> bei vertrauensw\u00fcrdigen <strong>Gro\u00dfhandels-Vape<\/strong> H\u00e4ndlern oder bestellen Sie bei zuverl\u00e4ssigen <strong>Einweg-Vapes online<\/strong> Plattformen. Als beliebte Wahl unter <strong>wiederaufladbare Vapes<\/strong>, sorgt VOZOL daf\u00fcr, dass Sie jeden Zug genie\u00dfen, ohne Kompromisse bei Geschmack oder Leistung einzugehen.<\/p>\n<p>Entdecken Sie das ultimative Dampferlebnis mit <strong>VOZOL Star 20000<\/strong>. Bestellen Sie noch heute und verbessern Sie Ihr Vape-Erlebnis auf die bequemste und geschmacksintensivste Weise!<\/p>\n<p>&nbsp;<\/p>\n<p><strong>Kontaktieren Sie Amy, um die richtige Antwort und den Gro\u00dfhandelspreis zu erhalten!<\/strong><\/p>\n<p><img loading=\"lazy\" decoding=\"async\" class=\"size-medium wp-image-1814\" src=\"https:\/\/rmvapesale.com\/wp-content\/uploads\/2024\/04\/whatsapp-amy-229x300.jpg\" alt=\"WhatsApp Amy\" width=\"229\" height=\"300\" srcset=\"https:\/\/rmvapesale.com\/wp-content\/uploads\/2024\/04\/whatsapp-amy-229x300.jpg 229w, https:\/\/rmvapesale.com\/wp-content\/uploads\/2024\/04\/whatsapp-amy-783x1024.jpg 783w, https:\/\/rmvapesale.com\/wp-content\/uploads\/2024\/04\/whatsapp-amy-768x1005.jpg 768w, https:\/\/rmvapesale.com\/wp-content\/uploads\/2024\/04\/whatsapp-amy-600x785.jpg 600w, https:\/\/rmvapesale.com\/wp-content\/uploads\/2024\/04\/whatsapp-amy.jpg 990w\" sizes=\"auto, (max-width: 229px) 100vw, 229px\" \/><\/p>\n<h2><\/h2>\n<h2><strong>VOZOL Star 20000 Nachf\u00fcllbarer Vape mit 20000 Z\u00fcgen <\/strong><\/h2>\n<h2><strong>Hauptmerkmale<\/strong><\/h2>\n<p>Marke: Vozol<br \/>\nModell: Star 20000<br \/>\nZ\u00fcge: Bis zu 20000 im Eco-Modus (Leistungsmodus 15000)<br \/>\nSpulentyp: Doppel-Mesh-Spule<br \/>\nDisplay: Farbdisplay<br \/>\nDesign: Vollst\u00e4ndig transparent<br \/>\nBatterie: 650mAh<br \/>\nFl\u00fcssigkeitskapazit\u00e4t: 24ML<\/p>\n<p>&nbsp;<\/p>\n<figure id=\"attachment_2677\" aria-describedby=\"caption-attachment-2677\" style=\"width: 550px\" class=\"wp-caption alignnone\"><img loading=\"lazy\" decoding=\"async\" class=\"wp-image-2677 size-full\" src=\"https:\/\/rmvapesale.com\/wp-content\/uploads\/2024\/11\/Vozol-Vista-20000-Vape-Rechargeable-Vape.png\" alt=\"Vozol Vista 20000 Vape Nachf\u00fcllbarer Vape\" width=\"550\" height=\"550\" srcset=\"https:\/\/rmvapesale.com\/wp-content\/uploads\/2024\/11\/Vozol-Vista-20000-Vape-Rechargeable-Vape.png 550w, https:\/\/rmvapesale.com\/wp-content\/uploads\/2024\/11\/Vozol-Vista-20000-Vape-Rechargeable-Vape-300x300.png 300w, https:\/\/rmvapesale.com\/wp-content\/uploads\/2024\/11\/Vozol-Vista-20000-Vape-Rechargeable-Vape-150x150.png 150w, https:\/\/rmvapesale.com\/wp-content\/uploads\/2024\/11\/Vozol-Vista-20000-Vape-Rechargeable-Vape-100x100.png 100w\" sizes=\"auto, (max-width: 550px) 100vw, 550px\" \/><figcaption id=\"caption-attachment-2677\" class=\"wp-caption-text\">Vozol Vista 20000 Vape Nachf\u00fcllbarer Vape<\/figcaption><\/figure>\n<h2><strong>Was ist der beliebteste Geschmack f\u00fcr VOZOL <\/strong><strong>Vape <\/strong><strong>Star 20000 Z\u00fcge?<\/strong><\/h2>\n<p>1. Wassermelone Eis<br \/>\n2. Traube Eis<br \/>\n3. Mango Eis<br \/>\n4. Doppelter Apfel Eis<br \/>\n5.Erdbeer-Kiwi<br \/>\n6. Himbeere Wassermelone<br \/>\n7.Blaue Himbeere Eis<br \/>\n8. Erdbeer Mango<br \/>\n9. Pfirsich-Mango-Wassermelone<br \/>\n10. Kirsche Cola<br \/>\n11. Saftige Pfirsich Eis<br \/>\n12. Drachenstrawanana<br \/>\n13. Gemischte Beeren<br \/>\n14. Zitrone Limette<br \/>\n15. Tropischer Knall<br \/>\n16. Heidelbeersturm<br \/>\n17. Parf\u00fcm-Zitrone<br \/>\n18. Orange Ananas Litschi<br \/>\n19. Liebe 77<br \/>\n20. Himbeer-Apfel-Wassermelone-Ananas<\/p>\n<h3><strong>Warum Rmvapesale w\u00e4hlen f\u00fcr <\/strong><b>VOZOL Star 20000 Vape <\/b><strong>Gro\u00dfhandel<\/strong><strong>?<\/strong><\/h3>\n<div class=\"flex-shrink-0 flex flex-col relative items-end\">\n<div class=\"pt-0\">\n<div class=\"gizmo-bot-avatar flex h-8 w-8 items-center justify-center overflow-hidden rounded-full\">\n<div class=\"relative p-1 rounded-sm flex items-center justify-center bg-token-main-surface-primary text-token-text-primary h-8 w-8\">\n<p>Willkommen bei Rmvapesale, Ihrem vertrauensw\u00fcrdigen Vape-Shop f\u00fcr Premium Einweg-Vapes. Mit \u00fcber 5 Jahren Erfahrung bieten wir Ihnen beliebte Marken f\u00fcr Einweg-Vapes wie Al Fakher, <a href=\"https:\/\/rmvapesale.com\/de\/product\/vapme-crystal-7000-puffs-rechargeable-disposable-vape-price\/\">Vapme<\/a>, <a href=\"https:\/\/rmvapesale.com\/de\/product-category\/bang-vapes\/\">Bang Vape<\/a>, Waspe, <a href=\"https:\/\/rmvapesale.com\/de\/product\/wga-crystal-pro-max-extra-15k-puffs-disposable-vape-wholesale\/\">WGA<\/a> Vape und<a href=\"https:\/\/rmvapesale.com\/de\/product-category\/randm-fumot-vape\/\"> RandM Vape<\/a>.<\/p>\n<p>Unser Sortiment umfasst hei\u00dfe Verkaufs-Vapes wie die <a href=\"https:\/\/rmvapesale.com\/de\/product\/fumot-digital-box-12000-disposable-vape-pink-lemonade-flavor\/\">RandM 12k<\/a> und geschmacksreiche Optionen wie die <a href=\"https:\/\/rmvapesale.com\/de\/product\/wga-crystal-plus-20000-puff-dual-flavour-disposable-vape\/\">WGA 20K Zug<\/a>. Jedes Produkt wird mit Fokus auf Qualit\u00e4t, Wert und Vielfalt ausgew\u00e4hlt, um sicherzustellen, dass Sie die perfekte \u00dcbereinstimmung f\u00fcr Ihre Bed\u00fcrfnisse finden. Entdecken Sie au\u00dfergew\u00f6hnlichen Service und eine breite Palette an Top-Produkten bei Rmvapesale.<\/p>\n<\/div>\n<\/div>\n<\/div>\n<\/div>\n<h3><\/h3>\n<h3><b>VOZOL Star 20000 Puffs Wiederaufladbarer Vape FAQS<\/b><\/h3>\n<p><strong>F: Was ist der VOZOL Star 20.000 Puffs?<\/strong><br \/>\nA: Der VOZOL Star 20.000 Puffs ist ein wiederaufladbarer Einweg-Vape mit hoher Kapazit\u00e4t, der beeindruckende 20.000+ Z\u00fcge bietet. Er verf\u00fcgt \u00fcber ein schlankes Design, einen LED-Bildschirm f\u00fcr Echtzeit-Updates zu Akku- und E-Liquid-F\u00fcllst\u00e4nden sowie eine fortschrittliche Mesh-Coil-Technologie f\u00fcr eine gleichm\u00e4\u00dfige und geschmackvolle Dampfproduktion.<\/p>\n<p><strong>F: Wie viele Z\u00fcge bietet der VOZOL Star 20000?<\/strong><br \/>\nA: Der VOZOL Star 20000 bietet \u00fcber 20.000 Z\u00fcge und sorgt so f\u00fcr eine l\u00e4ngere Nutzung und ein problemloses Dampferlebnis.<\/p>\n<p><strong>F: Hat der wiederaufladbare Vape VOZOL Star 20000 ein Bildschirmdisplay?<\/strong><br \/>\nA: Ja, der VOZOL Star 20000 verf\u00fcgt \u00fcber ein praktisches LED-Bildschirmdisplay, das wichtige Informationen wie Akkulaufzeit und E-Liquid-F\u00fcllst\u00e4nde anzeigt, damit Sie beim Dampfen stets gut informiert sind.<\/p>\n<p><strong>F: Wie lange dauert es, den VOZOL Star 20K Einweg-Vape vollst\u00e4ndig aufzuladen?<\/strong><br \/>\nA: Der VOZOL Star 20K Einweg-Vape verf\u00fcgt \u00fcber eine Schnellladetechnologie und kann in nur 30 Minuten vollst\u00e4ndig aufgeladen werden, sodass Sie schnell wieder dampfen k\u00f6nnen.<\/p>\n<p><strong>F: Welche Geschmacksrichtungen sind f\u00fcr den VOZOL Vape Star 20000 erh\u00e4ltlich?<\/strong><br \/>\nA: Der VOZOL Vape Star 20000 ist in einer Vielzahl von aufregenden Geschmacksrichtungen erh\u00e4ltlich. W\u00e4hrend die spezifischen Geschmacksrichtungen variieren k\u00f6nnen, k\u00f6nnen Sie eine vielf\u00e4ltige Auswahl erwarten, die verschiedenen Vorlieben gerecht wird.<\/p>\n<p><strong>F: Wo kann ich den VOZOL Star 20000 kaufen?<\/strong><br \/>\nA: Sie k\u00f6nnen den VOZOL Star 20000 in seri\u00f6sen Vape-Shops kaufen oder bei zuverl\u00e4ssigen Gro\u00dfh\u00e4ndlern und Online-Vape-Plattformen bestellen. Suchen Sie nach Optionen, die <strong>Vape-Gro\u00dfhandel<\/strong> or <strong>Einweg-Vapes online<\/strong> bieten, um die besten Angebote zu erhalten.<\/p>\n<p>&nbsp;<\/p>","protected":false},"excerpt":{"rendered":"<p>Vozol 20000 Z\u00fcge Wiederaufladbare Vape LED-Display<br \/>\nVozol Star 20000 Einweg Vape G\u00fcnstiger Gro\u00dfhandelspreis<br \/>\nVOZOL Star 20000 Z\u00fcge Einweg Vape 5% Nikotin<\/p>\n<p><img loading=\"lazy\" decoding=\"async\" class=\"size-medium wp-image-1814\" src=\"https:\/\/rmvapesale.com\/wp-content\/uploads\/2024\/04\/whatsapp-amy-229x300.jpg\" alt=\"WhatsApp Amy\" width=\"229\" height=\"300\" srcset=\"https:\/\/rmvapesale.com\/wp-content\/uploads\/2024\/04\/whatsapp-amy-229x300.jpg 229w, https:\/\/rmvapesale.com\/wp-content\/uploads\/2024\/04\/whatsapp-amy-783x1024.jpg 783w, https:\/\/rmvapesale.com\/wp-content\/uploads\/2024\/04\/whatsapp-amy-768x1005.jpg 768w, https:\/\/rmvapesale.com\/wp-content\/uploads\/2024\/04\/whatsapp-amy-600x785.jpg 600w, https:\/\/rmvapesale.com\/wp-content\/uploads\/2024\/04\/whatsapp-amy.jpg 990w\" sizes=\"auto, (max-width: 229px) 100vw, 229px\" \/><\/p>\n<h3><span style=\"color: #ff0000\"><strong>WhatsApp: +86 17776015835<\/strong><\/span><\/h3>","protected":false},"featured_media":2673,"comment_status":"open","ping_status":"closed","template":"","meta":{"_uag_custom_page_level_css":"","_lmt_disableupdate":"no","_lmt_disable":"","site-sidebar-layout":"default","site-content-layout":"content-boxed-container","ast-site-content-layout":"normal-width-container","site-content-style":"boxed","site-sidebar-style":"unboxed","ast-global-header-display":"","ast-banner-title-visibility":"","ast-main-header-display":"","ast-hfb-above-header-display":"","ast-hfb-below-header-display":"","ast-hfb-mobile-header-display":"","site-post-title":"","ast-breadcrumbs-content":"","ast-featured-img":"","footer-sml-layout":"","theme-transparent-header-meta":"default","adv-header-id-meta":"","stick-header-meta":"","header-above-stick-meta":"","header-main-stick-meta":"","header-below-stick-meta":"","astra-migrate-meta-layouts":"set","ast-page-background-enabled":"default","ast-page-background-meta":{"desktop":{"background-color":"var(--ast-global-color-4)","background-image":"","background-repeat":"repeat","background-position":"center center","background-size":"auto","background-attachment":"scroll","background-type":"","background-media":"","overlay-type":"","overlay-color":"","overlay-opacity":"","overlay-gradient":""},"tablet":{"background-color":"","background-image":"","background-repeat":"repeat","background-position":"center center","background-size":"auto","background-attachment":"scroll","background-type":"","background-media":"","overlay-type":"","overlay-color":"","overlay-opacity":"","overlay-gradient":""},"mobile":{"background-color":"","background-image":"","background-repeat":"repeat","background-position":"center center","background-size":"auto","background-attachment":"scroll","background-type":"","background-media":"","overlay-type":"","overlay-color":"","overlay-opacity":"","overlay-gradient":""}},"ast-content-background-meta":{"desktop":{"background-color":"var(--ast-global-color-5)","background-image":"","background-repeat":"repeat","background-position":"center center","background-size":"auto","background-attachment":"scroll","background-type":"","background-media":"","overlay-type":"","overlay-color":"","overlay-opacity":"","overlay-gradient":""},"tablet":{"background-color":"var(--ast-global-color-5)","background-image":"","background-repeat":"repeat","background-position":"center center","background-size":"auto","background-attachment":"scroll","background-type":"","background-media":"","overlay-type":"","overlay-color":"","overlay-opacity":"","overlay-gradient":""},"mobile":{"background-color":"var(--ast-global-color-5)","background-image":"","background-repeat":"repeat","background-position":"center center","background-size":"auto","background-attachment":"scroll","background-type":"","background-media":"","overlay-type":"","overlay-color":"","overlay-opacity":"","overlay-gradient":""}},"_joinchat":[]},"product_brand":[],"product_cat":[25,123,26,28,135,27,137,136,15,30],"product_tag":[40,54,154,203,204,37],"class_list":{"0":"post-2678","1":"product","2":"type-product","3":"status-publish","4":"has-post-thumbnail","6":"product_cat-germany-best-selling-vape","7":"product_cat-italy-wholesale-vape","8":"product_cat-netherlands-hot-sale-vape","9":"product_cat-poland-hot-sale-vape","10":"product_cat-spain-best-hot-sale-vape","11":"product_cat-fance-hot-sale-vape","12":"product_cat-rechargeable-vapes","13":"product_cat-smart-screen-vapes","14":"product_cat-new-vape-this-week","15":"product_cat-minimum-order-quantity-50pcs","16":"product_tag-hot-sale-vape","17":"product_tag-rechargeable-disposable-vape","18":"product_tag-smart-vape","19":"product_tag-vozol-star-20000-puffs","20":"product_tag-vozol-vape-uk","21":"product_tag-wholesale-vape-price","22":"desktop-align-left","23":"tablet-align-left","24":"mobile-align-left","26":"first","27":"instock","28":"sale","29":"shipping-taxable","30":"purchasable","31":"product-type-simple"},"uagb_featured_image_src":{"full":["https:\/\/rmvapesale.com\/wp-content\/uploads\/2024\/11\/VOZOL-Star-20000-Puffs-Disposable-Vape-Wholesale.png",550,550,false],"thumbnail":["https:\/\/rmvapesale.com\/wp-content\/uploads\/2024\/11\/VOZOL-Star-20000-Puffs-Disposable-Vape-Wholesale-150x150.png",150,150,true],"medium":["https:\/\/rmvapesale.com\/wp-content\/uploads\/2024\/11\/VOZOL-Star-20000-Puffs-Disposable-Vape-Wholesale-300x300.png",300,300,true],"medium_large":["https:\/\/rmvapesale.com\/wp-content\/uploads\/2024\/11\/VOZOL-Star-20000-Puffs-Disposable-Vape-Wholesale.png",550,550,false],"large":["https:\/\/rmvapesale.com\/wp-content\/uploads\/2024\/11\/VOZOL-Star-20000-Puffs-Disposable-Vape-Wholesale.png",550,550,false],"1536x1536":["https:\/\/rmvapesale.com\/wp-content\/uploads\/2024\/11\/VOZOL-Star-20000-Puffs-Disposable-Vape-Wholesale.png",550,550,false],"2048x2048":["https:\/\/rmvapesale.com\/wp-content\/uploads\/2024\/11\/VOZOL-Star-20000-Puffs-Disposable-Vape-Wholesale.png",550,550,false],"trp-custom-language-flag":["https:\/\/rmvapesale.com\/wp-content\/uploads\/2024\/11\/VOZOL-Star-20000-Puffs-Disposable-Vape-Wholesale.png",12,12,false],"woocommerce_thumbnail":["https:\/\/rmvapesale.com\/wp-content\/uploads\/2024\/11\/VOZOL-Star-20000-Puffs-Disposable-Vape-Wholesale-300x300.png",300,300,true],"woocommerce_single":["https:\/\/rmvapesale.com\/wp-content\/uploads\/2024\/11\/VOZOL-Star-20000-Puffs-Disposable-Vape-Wholesale.png",550,550,false],"woocommerce_gallery_thumbnail":["https:\/\/rmvapesale.com\/wp-content\/uploads\/2024\/11\/VOZOL-Star-20000-Puffs-Disposable-Vape-Wholesale-100x100.png",100,100,true],"wcpr-photo-reviews":["https:\/\/rmvapesale.com\/wp-content\/uploads\/2024\/11\/VOZOL-Star-20000-Puffs-Disposable-Vape-Wholesale.png",500,500,false]},"uagb_author_info":{"display_name":"AMY","author_link":"https:\/\/rmvapesale.com\/de\/author\/"},"uagb_comment_info":0,"uagb_excerpt":"Vozol 20000 Puffs Rechargeable Vape LED Display Vozol Star 20000 Disposable Vape Wholesale Cheap Price VOZOL Star 20000 Puffs Disposable Vape 5% Nicotine WhatsApp: +86 17776015835","_links":{"self":[{"href":"https:\/\/rmvapesale.com\/de\/wp-json\/wp\/v2\/product\/2678","targetHints":{"allow":["GET"]}}],"collection":[{"href":"https:\/\/rmvapesale.com\/de\/wp-json\/wp\/v2\/product"}],"about":[{"href":"https:\/\/rmvapesale.com\/de\/wp-json\/wp\/v2\/types\/product"}],"replies":[{"embeddable":true,"href":"https:\/\/rmvapesale.com\/de\/wp-json\/wp\/v2\/comments?post=2678"}],"wp:featuredmedia":[{"embeddable":true,"href":"https:\/\/rmvapesale.com\/de\/wp-json\/wp\/v2\/media\/2673"}],"wp:attachment":[{"href":"https:\/\/rmvapesale.com\/de\/wp-json\/wp\/v2\/media?parent=2678"}],"wp:term":[{"taxonomy":"product_brand","embeddable":true,"href":"https:\/\/rmvapesale.com\/de\/wp-json\/wp\/v2\/product_brand?post=2678"},{"taxonomy":"product_cat","embeddable":true,"href":"https:\/\/rmvapesale.com\/de\/wp-json\/wp\/v2\/product_cat?post=2678"},{"taxonomy":"product_tag","embeddable":true,"href":"https:\/\/rmvapesale.com\/de\/wp-json\/wp\/v2\/product_tag?post=2678"}],"curies":[{"name":"wp","href":"https:\/\/api.w.org\/{rel}","templated":true}]}}