{"id":2680,"date":"2024-11-06T09:47:09","date_gmt":"2024-11-06T09:47:09","guid":{"rendered":"https:\/\/rmvapesale.com\/?post_type=product&#038;p=2680"},"modified":"2024-11-07T08:24:43","modified_gmt":"2024-11-07T08:24:43","slug":"vopk-ultra-30000-puffs-double-flavor-digital-screen-rechargeable-disposable-vapes","status":"publish","type":"product","link":"https:\/\/rmvapesale.com\/de\/product\/vopk-ultra-30000-puffs-double-flavor-digital-screen-rechargeable-disposable-vapes\/","title":{"rendered":"VOPK ULTRA 30000 Z\u00fcge Doppel Aroma Digital Bildschirm Wiederaufladbare Einweg E-Zigaretten"},"content":{"rendered":"<div class=\"B2VR9 CJHX3e\">\n<div class=\"wyccme\">\n<h1 class=\"LC20lb MBeuO DKV0Md\">VOPK ULTRA 30000 Z\u00fcge Doppel Aroma Digital Bildschirm Wiederaufladbare Einweg E-Zigaretten<\/h1>\n<div class=\"flex-shrink-0 flex flex-col relative items-end\">\n<div class=\"pt-0\">\n<div class=\"gizmo-bot-avatar flex h-8 w-8 items-center justify-center overflow-hidden rounded-full\">\n<div class=\"relative p-1 rounded-sm flex items-center justify-center bg-token-main-surface-primary text-token-text-primary h-8 w-8\">\n<p>Der <strong>VOPK ULTRA 30000 Z\u00fcge Doppel Aroma Digital Bildschirm Wiederaufladbare Einweg E-Zigaretten<\/strong> ist ein Premium-Vaping-Ger\u00e4t, das auf diejenigen zugeschnitten ist, die eine leistungsstarke Option f\u00fcr den l\u00e4ngeren Gebrauch suchen. Mit einem massiven <strong>30.000 Z\u00fcgen<\/strong> und einem betr\u00e4chtlichen <strong>36 ml E-Liquid-Fassungsverm\u00f6gen<\/strong>stellt dieses Ger\u00e4t ein sanftes und langanhaltendes Dampferlebnis sicher. Perfekt f\u00fcr Enthusiasten und Anf\u00e4nger, dieser <strong>Einweg-Vape-Pen<\/strong> wurde entwickelt, um optimale Bequemlichkeit und Stil zu bieten.<\/p>\n<p>Ausgestattet mit einer <strong>Doppelnetzspule<\/strong> f\u00fcr eine robuste Geschmacksabgabe, die <strong>VOPK Ultra 30000<\/strong> erzeugt dicke, befriedigende Wolken, die jeden Zug verbessern. Das integrierte <strong>Smart-Display mit Touchscreen<\/strong> gibt Benutzern einfachen Zugriff auf wichtige Ger\u00e4teinformationen und erm\u00f6glicht schnelle Anpassungen an Ihre zwei verf\u00fcgbaren Dampfmodi f\u00fcr ein vollst\u00e4ndig personalisiertes Erlebnis.<\/p>\n<p>Das Aufladen ist dank des <strong>Typ-C wiederaufladbar<\/strong> Designs schnell und effizient, und mit <strong>5% Nikotin<\/strong> Inhaltsstoffen bietet jeder Zug einen sanften und befriedigenden Hit, den Dampfer genie\u00dfen. Dieses Ger\u00e4t ist auch eine gute Wahl f\u00fcr diejenigen, die danach suchen <strong>Gro\u00dfeinkauf<\/strong> oder erkunden Sie <strong>Vape-Gro\u00dfhandel<\/strong> Optionen, die sich an alle richten, die Wert auf Qualit\u00e4t und Erschwinglichkeit ihrer Vaping-Ger\u00e4te legen.<\/p>\n<p>Ob Sie interessiert sind an <strong>beliebten Einweg-Vape-Marken<\/strong> oder eine zuverl\u00e4ssige <strong>Einweg-Vape mit wenig Nikotin<\/strong> Option, die <strong>VOPK Ultra 30000<\/strong> bietet eine leistungsstarke Kombination aus Kapazit\u00e4t, Geschmack und Komfort und ist damit eine Top-Wahl f\u00fcr Vaper auf breiter Front.<\/p>\n<p>&nbsp;<\/p>\n<\/div>\n<\/div>\n<\/div>\n<\/div>\n<\/div>\n<\/div>\n<p><strong>Kontaktieren Sie Amy, um die richtige Antwort und einen Gutschein f\u00fcr E-Zigaretten zu erhalten!<\/strong><\/p>\n<p><img loading=\"lazy\" decoding=\"async\" class=\"size-full wp-image-1978\" src=\"https:\/\/rmvapesale.com\/wp-content\/uploads\/2024\/09\/Disposable-Vape-Wholesale.jpg\" alt=\"Einweg-Vape Gro\u00dfhandel\" width=\"229\" height=\"300\" \/><\/p>\n<h3><a href=\"https:\/\/wa.me\/8617776015835\" target=\"_blank\" rel=\"noopener\"><span style=\"color: #ff0000\"><strong>WhatsApp: +86 17776015835<\/strong><\/span><\/a><\/h3>\n<p>&nbsp;<\/p>\n<h2><\/h2>\n<h2><strong>VOPK ULTRA 30000 Digital Screen Wiederaufladbare Einweg-Vapes <\/strong><strong>Hauptmerkmale<\/strong><\/h2>\n<p>Marke: Vopk<br \/>\nModellname: Vopk Ultra 30000<br \/>\n30.000 Z\u00fcge f\u00fcr l\u00e4ngere Nutzung<br \/>\n36 ml E-Liquid-Kapazit\u00e4t f\u00fcr weniger Nachf\u00fcllungen und l\u00e4nger anhaltenden Genuss<br \/>\nDual Mesh Coil f\u00fcr intensiven Geschmack und dicke Wolken<br \/>\nSmart Display mit Touchscreen f\u00fcr einfachen Zugriff auf Ger\u00e4teeinstellungen<br \/>\nZwei Modi zur Anpassung Ihres Vaping-Erlebnisses<br \/>\nTyp-C Wiederaufladbar f\u00fcr schnelles und effizientes Aufladen<br \/>\n5% Nikotin f\u00fcr einen befriedigenden Zug bei jedem Zug<\/p>\n<p>&nbsp;<\/p>\n<h2><strong>Top-Geschmack f\u00fcr VOPK ULTRA 30000 Digital Screen Wiederaufladbare Einweg-Vapes<\/strong><\/h2>\n<p>1. Erdbeer-Wassermelone + Kiwi-Passionsfrucht-Guave <span style=\"color: #ff0000\"><strong>&gt;&gt;&gt;&gt; Hei\u00df!<\/strong><\/span><br \/>\n2. Blaubeer-Himbeere + Pfirsich-Mango-Wassermelone<br \/>\n3. Blue Razz Gummib\u00e4rchen + Erdbeer-Kiwi <span style=\"color: #ff0000\"><strong>&gt;&gt;&gt;&gt; Hei\u00df!<\/strong><\/span><br \/>\n4. Blaue Himbeer-Kirsche + Erdbeer-Himbeere<br \/>\n5. Sprudelnde Zitrone<br \/>\n6. Wassermelonen-Eis + Blaue Himbeer-Eis <span style=\"color: #ff0000\"><strong>&gt;&gt;&gt;&gt; Am besten!<\/strong><\/span><br \/>\n7. Blaue Himbeer-Ananas + Dreifach-Mango<br \/>\n8. Trauben-Beeren-Explosion + Birnen-Apfel-Himbeere<br \/>\n9. Erdbeer-Cranberry-Kirsche + Ananas-Passionsfrucht-Limette<br \/>\n10. Blaubeer-Erdbeer-Menthol + Blaubeer-Himbeer-Menthol<\/p>\n<p>&nbsp;<\/p>\n<figure id=\"attachment_2687\" aria-describedby=\"caption-attachment-2687\" style=\"width: 1000px\" class=\"wp-caption alignnone\"><img loading=\"lazy\" decoding=\"async\" class=\"wp-image-2687 size-full\" src=\"https:\/\/rmvapesale.com\/wp-content\/uploads\/2024\/11\/VOPK-ULTRA-30000-Puffs-Digital-ScreenRechargeable-Disposable-Vapes.jpg\" alt=\"VOPK ULTRA 30000 Z\u00fcge Digitalanzeige Wiederaufladbare Einweg-Vapes\" width=\"1000\" height=\"1000\" srcset=\"https:\/\/rmvapesale.com\/wp-content\/uploads\/2024\/11\/VOPK-ULTRA-30000-Puffs-Digital-ScreenRechargeable-Disposable-Vapes.jpg 1000w, https:\/\/rmvapesale.com\/wp-content\/uploads\/2024\/11\/VOPK-ULTRA-30000-Puffs-Digital-ScreenRechargeable-Disposable-Vapes-300x300.jpg 300w, https:\/\/rmvapesale.com\/wp-content\/uploads\/2024\/11\/VOPK-ULTRA-30000-Puffs-Digital-ScreenRechargeable-Disposable-Vapes-150x150.jpg 150w, https:\/\/rmvapesale.com\/wp-content\/uploads\/2024\/11\/VOPK-ULTRA-30000-Puffs-Digital-ScreenRechargeable-Disposable-Vapes-768x768.jpg 768w, https:\/\/rmvapesale.com\/wp-content\/uploads\/2024\/11\/VOPK-ULTRA-30000-Puffs-Digital-ScreenRechargeable-Disposable-Vapes-600x600.jpg 600w, https:\/\/rmvapesale.com\/wp-content\/uploads\/2024\/11\/VOPK-ULTRA-30000-Puffs-Digital-ScreenRechargeable-Disposable-Vapes-100x100.jpg 100w\" sizes=\"auto, (max-width: 1000px) 100vw, 1000px\" \/><figcaption id=\"caption-attachment-2687\" class=\"wp-caption-text\">VOPK ULTRA 30000 Z\u00fcge Digitalanzeige Wiederaufladbare Einweg-Vapes<\/figcaption><\/figure>\n<h3><strong>Warum Rmvapesale f\u00fcr VOPK w\u00e4hlen <\/strong><strong>Einweg-V<\/strong><strong>Gro\u00dfhandel<\/strong><strong>?<\/strong><\/h3>\n<div class=\"flex-shrink-0 flex flex-col relative items-end\">\n<div class=\"pt-0\">\n<div class=\"gizmo-bot-avatar flex h-8 w-8 items-center justify-center overflow-hidden rounded-full\">\n<div class=\"relative p-1 rounded-sm flex items-center justify-center bg-token-main-surface-primary text-token-text-primary h-8 w-8\">\n<p>Willkommen bei Rmvapesale, Ihrem vertrauensw\u00fcrdigen Vape-Shop f\u00fcr Premium Einweg-Vapes. Mit \u00fcber 5 Jahren Erfahrung bieten wir Ihnen beliebte Marken f\u00fcr Einweg-Vapes wie Al Fakher, <a href=\"https:\/\/rmvapesale.com\/de\/product\/vapme-crystal-7000-puffs-rechargeable-disposable-vape-price\/\">Vapme<\/a>, <a href=\"https:\/\/rmvapesale.com\/de\/product-category\/bang-vapes\/\">Bang Vape<\/a>, Waspe, <a href=\"https:\/\/rmvapesale.com\/de\/product\/wga-crystal-pro-max-extra-15k-puffs-disposable-vape-wholesale\/\">WGA<\/a> Vape und<a href=\"https:\/\/rmvapesale.com\/de\/product-category\/randm-fumot-vape\/\"> RandM Vape<\/a>.<\/p>\n<p>Unser Sortiment umfasst hei\u00dfe Verkaufs-Vapes wie die <a href=\"https:\/\/rmvapesale.com\/de\/product\/fumot-digital-box-12000-disposable-vape-pink-lemonade-flavor\/\">RandM 12k<\/a> und geschmacksreiche Optionen wie die <a href=\"https:\/\/rmvapesale.com\/de\/product\/elfbar-combo-25000-puffs-rechargeable-disposable-vape-wholesale\/\">ELFBAR Combo 25000 Puff<\/a>. Jedes Produkt wird mit Fokus auf Qualit\u00e4t, Wert und Vielfalt ausgew\u00e4hlt, um sicherzustellen, dass Sie die perfekte \u00dcbereinstimmung f\u00fcr Ihre Bed\u00fcrfnisse finden. Entdecken Sie au\u00dfergew\u00f6hnlichen Service und eine breite Palette an Top-Produkten bei Rmvapesale.<\/p>\n<\/div>\n<h3><\/h3>\n<div class=\"relative p-1 rounded-sm flex items-center justify-center bg-token-main-surface-primary text-token-text-primary h-8 w-8\">\n<h3><b>VOPK 30000 Digitalanzeige Wiederaufladbare Einweg-Vapes FAQs<\/b><\/h3>\n<\/div>\n<p><strong>F: Woher wei\u00df ich, wann mein wiederaufladbarer VOPK ULTRA 30000 Digital Screen Einweg-Vape leer ist?<\/strong><br \/>\nDer VOPK ULTRA 30000 verf\u00fcgt \u00fcber einen intelligenten digitalen Bildschirm, der den E-Liquid-Stand anzeigt, sodass Sie leicht erkennen k\u00f6nnen, wann Ihr Vape zur Neige geht. Wenn die E-Liquid-Anzeige anzeigt, dass er fast leer ist, oder Sie eine Abnahme der Dampf- und Geschmacksqualit\u00e4t feststellen, ist es Zeit, das Ger\u00e4t auszutauschen.<\/p>\n<p><strong>F: Wie lange dauert das Aufladen eines VOPK ULTRA 30000 Puffs Vape?<\/strong><br \/>\nDer VOPK ULTRA 30000 ist mit einem Typ-C-Schnellladeanschluss ausgestattet, der es erm\u00f6glicht, ihn in ca. 1-1,5 Stunden vollst\u00e4ndig aufzuladen.<\/p>\n<p><strong>F: Wie viel Nikotin ist in einem VOPK ULTRA 30000 Puffs Einweg-Vape enthalten?<\/strong><br \/>\nDieser Vape enth\u00e4lt 5% (50 mg) Nikotinst\u00e4rke und bietet mit jedem Zug einen sanften, befriedigenden Hit.<\/p>\n<p><strong>F: Wo kann ich wiederaufladbare VOPK ULTRA 30000 Puffs Einweg-Vapes zum Gro\u00dfhandelspreis kaufen?<\/strong><br \/>\nF\u00fcr Gro\u00dfeink\u00e4ufe und Gro\u00dfhandelspreise bieten viele Vape-Anbieter den VOPK ULTRA 30000 an. Sie k\u00f6nnen sich in Online-Gro\u00dfhandels-Vape-Shops umsehen oder sich an <strong>Vape-Gro\u00dfh\u00e4ndler<\/strong> wenden, um die besten Preise zu erhalten.<\/p>\n<p><strong>Kann ich eine wiederaufladbare Einweg-Vape mit ins Flugzeug nehmen?<\/strong><br \/>\nJa, Sie k\u00f6nnen wiederaufladbare Einweg-Vapes wie den VOPK ULTRA 30000 mit ins Flugzeug nehmen, aber er muss in Ihrem Handgep\u00e4ck verstaut werden, da Lithiumbatterien im aufgegebenen Gep\u00e4ck im Allgemeinen nicht erlaubt sind. Beachten Sie unbedingt die spezifischen Richtlinien der Fluggesellschaft, da diese variieren k\u00f6nnen.<\/p>\n<p><strong>F: Wie viele Z\u00fcge bietet der wiederaufladbare VOPK 30000 Digital Screen Einweg-Vape?<\/strong><br \/>\nDer VOPK 30000 bietet eine lange Lebensdauer von bis zu <strong>30.000 Z\u00fcgen<\/strong>.<\/p>\n<p><strong>F: Wie lange dauert es, den VOPK 30000 Vape vollst\u00e4ndig aufzuladen?<\/strong><br \/>\nMit seinem Typ-C-Ladeanschluss erreicht der VOPK 30000 typischerweise innerhalb von <strong>1-1,5 Stunden<\/strong>.<\/p>\n<\/div>\n<\/div>\n<\/div>\n<h3>Zum Versand<\/h3>\n<div class=\"flex-shrink-0 flex flex-col relative items-end\">\n<div>\n<div class=\"pt-0\">\n<div class=\"gizmo-bot-avatar flex h-8 w-8 items-center justify-center overflow-hidden rounded-full\">\n<div><\/div>\n<div class=\"relative p-1 rounded-sm flex items-center justify-center bg-token-main-surface-primary text-token-text-primary h-8 w-8\"><strong>1. Welche Versandmethoden werden verwendet?<\/strong><\/div>\n<\/div>\n<\/div>\n<\/div>\n<\/div>\n<div class=\"group\/conversation-turn relative flex w-full min-w-0 flex-col agent-turn\">\n<div class=\"flex-col gap-1 md:gap-3\">\n<div class=\"flex max-w-full flex-col flex-grow\">\n<div class=\"min-h-[20px] text-message flex w-full flex-col items-end gap-2 whitespace-normal break-words [.text-message+&amp;]:mt-5 overflow-x-auto\" dir=\"auto\" data-message-author-role=\"assistant\" data-message-id=\"22f8283b-3233-46ff-89a5-c7a41b33abda\">\n<div class=\"flex w-full flex-col gap-1 empty:hidden first:pt-[3px]\">\n<div class=\"markdown prose w-full break-words dark:prose-invert light\">\n<p>Wir arbeiten mit UPS, DHL, FedEx, DPD und anderen f\u00fchrenden Transportunternehmen zusammen. Wir w\u00e4hlen die beste Versandmethode basierend auf Ihrem Lieferort aus, um sicherzustellen, dass Sie Ihre Produkte so schnell wie m\u00f6glich erhalten.<\/p>\n<\/div>\n<p><strong>2. Wie lange dauert es, bis die Lieferung ankommt?<\/strong><\/p>\n<p>Pakete, die nach Deutschland versandt werden, kommen normalerweise innerhalb von 10 Werktagen an. Der Versand in europ\u00e4ische L\u00e4nder dauert in der Regel etwa 12-15 Werktage. Wir werden Ihnen Echtzeit-Updates zu Ihrem Versandstatus bereitstellen.<\/p>\n<\/div>\n<\/div>\n<\/div>\n<\/div>\n<\/div>\n<p>&nbsp;<\/p>\n<p>Finden Sie weitere Vape-Produkte, die Ihnen gefallen k\u00f6nnten:<strong><em><a href=\"https:\/\/rmvapesale.com\/de\/shop-2\/\">jetzt einkaufen &gt;&gt;&gt;<\/a><\/em><\/strong><\/p>","protected":false},"excerpt":{"rendered":"<p>VOPK ULTRA 30000 Z\u00fcge Doppelgeschmack Digitalbildschirm Einweg-Vapes mit niedrigem Nikotingehalt<br \/>\nVOPK 30000 Z\u00fcge Gro\u00dfpackung Wiederaufladbare Einweg-Vapes Pod<br \/>\nVOPK ULTRA 30000 Z\u00fcge Doppelgeschmack Einweg-Vapes Pen<\/p>\n<p><img loading=\"lazy\" decoding=\"async\" class=\"size-full wp-image-2375\" src=\"https:\/\/rmvapesale.com\/wp-content\/uploads\/2024\/10\/image.png\" alt=\"Bester Einweg-Vape\" width=\"229\" height=\"300\" \/><\/p>\n<h3><a href=\"https:\/\/wa.me\/8617776015835\"><span style=\"color: #ff0000\"><strong>WhatsApp: +86 17776015835<\/strong><\/span><\/a><\/h3>\n<p>&nbsp;<\/p>","protected":false},"featured_media":2682,"comment_status":"open","ping_status":"closed","template":"","meta":{"_uag_custom_page_level_css":"","_lmt_disableupdate":"no","_lmt_disable":"","site-sidebar-layout":"default","site-content-layout":"content-boxed-container","ast-site-content-layout":"normal-width-container","site-content-style":"boxed","site-sidebar-style":"unboxed","ast-global-header-display":"","ast-banner-title-visibility":"","ast-main-header-display":"","ast-hfb-above-header-display":"","ast-hfb-below-header-display":"","ast-hfb-mobile-header-display":"","site-post-title":"","ast-breadcrumbs-content":"","ast-featured-img":"","footer-sml-layout":"","theme-transparent-header-meta":"default","adv-header-id-meta":"","stick-header-meta":"","header-above-stick-meta":"","header-main-stick-meta":"","header-below-stick-meta":"","astra-migrate-meta-layouts":"set","ast-page-background-enabled":"default","ast-page-background-meta":{"desktop":{"background-color":"var(--ast-global-color-4)","background-image":"","background-repeat":"repeat","background-position":"center center","background-size":"auto","background-attachment":"scroll","background-type":"","background-media":"","overlay-type":"","overlay-color":"","overlay-opacity":"","overlay-gradient":""},"tablet":{"background-color":"","background-image":"","background-repeat":"repeat","background-position":"center center","background-size":"auto","background-attachment":"scroll","background-type":"","background-media":"","overlay-type":"","overlay-color":"","overlay-opacity":"","overlay-gradient":""},"mobile":{"background-color":"","background-image":"","background-repeat":"repeat","background-position":"center center","background-size":"auto","background-attachment":"scroll","background-type":"","background-media":"","overlay-type":"","overlay-color":"","overlay-opacity":"","overlay-gradient":""}},"ast-content-background-meta":{"desktop":{"background-color":"var(--ast-global-color-5)","background-image":"","background-repeat":"repeat","background-position":"center center","background-size":"auto","background-attachment":"scroll","background-type":"","background-media":"","overlay-type":"","overlay-color":"","overlay-opacity":"","overlay-gradient":""},"tablet":{"background-color":"var(--ast-global-color-5)","background-image":"","background-repeat":"repeat","background-position":"center center","background-size":"auto","background-attachment":"scroll","background-type":"","background-media":"","overlay-type":"","overlay-color":"","overlay-opacity":"","overlay-gradient":""},"mobile":{"background-color":"var(--ast-global-color-5)","background-image":"","background-repeat":"repeat","background-position":"center center","background-size":"auto","background-attachment":"scroll","background-type":"","background-media":"","overlay-type":"","overlay-color":"","overlay-opacity":"","overlay-gradient":""}},"_joinchat":[]},"product_brand":[],"product_cat":[15,25,123,26,28,135,27,137,136,30],"product_tag":[146,188,200,167,127,180,120],"class_list":{"0":"post-2680","1":"product","2":"type-product","3":"status-publish","4":"has-post-thumbnail","6":"product_cat-new-vape-this-week","7":"product_cat-germany-best-selling-vape","8":"product_cat-italy-wholesale-vape","9":"product_cat-netherlands-hot-sale-vape","10":"product_cat-poland-hot-sale-vape","11":"product_cat-spain-best-hot-sale-vape","12":"product_cat-fance-hot-sale-vape","13":"product_cat-rechargeable-vapes","14":"product_cat-smart-screen-vapes","15":"product_cat-minimum-order-quantity-50pcs","16":"product_tag-best-hot-sale-vape","17":"product_tag-buy-vapes-online","18":"product_tag-disposable-hookah-wholesale","19":"product_tag-disposable-vape-with-screen","20":"product_tag-puff-30k","21":"product_tag-shisha-bar","22":"product_tag-vape-wholesale","23":"desktop-align-left","24":"tablet-align-left","25":"mobile-align-left","27":"first","28":"instock","29":"sale","30":"shipping-taxable","31":"purchasable","32":"product-type-simple"},"uagb_featured_image_src":{"full":["https:\/\/rmvapesale.com\/wp-content\/uploads\/2024\/11\/VOPK-ULTRA-30000-Double-Flavor-Digital-Disposable-Vapes-Pen-Wholesale.jpg",800,800,false],"thumbnail":["https:\/\/rmvapesale.com\/wp-content\/uploads\/2024\/11\/VOPK-ULTRA-30000-Double-Flavor-Digital-Disposable-Vapes-Pen-Wholesale-150x150.jpg",150,150,true],"medium":["https:\/\/rmvapesale.com\/wp-content\/uploads\/2024\/11\/VOPK-ULTRA-30000-Double-Flavor-Digital-Disposable-Vapes-Pen-Wholesale-300x300.jpg",300,300,true],"medium_large":["https:\/\/rmvapesale.com\/wp-content\/uploads\/2024\/11\/VOPK-ULTRA-30000-Double-Flavor-Digital-Disposable-Vapes-Pen-Wholesale-768x768.jpg",768,768,true],"large":["https:\/\/rmvapesale.com\/wp-content\/uploads\/2024\/11\/VOPK-ULTRA-30000-Double-Flavor-Digital-Disposable-Vapes-Pen-Wholesale.jpg",800,800,false],"1536x1536":["https:\/\/rmvapesale.com\/wp-content\/uploads\/2024\/11\/VOPK-ULTRA-30000-Double-Flavor-Digital-Disposable-Vapes-Pen-Wholesale.jpg",800,800,false],"2048x2048":["https:\/\/rmvapesale.com\/wp-content\/uploads\/2024\/11\/VOPK-ULTRA-30000-Double-Flavor-Digital-Disposable-Vapes-Pen-Wholesale.jpg",800,800,false],"trp-custom-language-flag":["https:\/\/rmvapesale.com\/wp-content\/uploads\/2024\/11\/VOPK-ULTRA-30000-Double-Flavor-Digital-Disposable-Vapes-Pen-Wholesale.jpg",12,12,false],"woocommerce_thumbnail":["https:\/\/rmvapesale.com\/wp-content\/uploads\/2024\/11\/VOPK-ULTRA-30000-Double-Flavor-Digital-Disposable-Vapes-Pen-Wholesale-300x300.jpg",300,300,true],"woocommerce_single":["https:\/\/rmvapesale.com\/wp-content\/uploads\/2024\/11\/VOPK-ULTRA-30000-Double-Flavor-Digital-Disposable-Vapes-Pen-Wholesale-600x600.jpg",600,600,true],"woocommerce_gallery_thumbnail":["https:\/\/rmvapesale.com\/wp-content\/uploads\/2024\/11\/VOPK-ULTRA-30000-Double-Flavor-Digital-Disposable-Vapes-Pen-Wholesale-100x100.jpg",100,100,true],"wcpr-photo-reviews":["https:\/\/rmvapesale.com\/wp-content\/uploads\/2024\/11\/VOPK-ULTRA-30000-Double-Flavor-Digital-Disposable-Vapes-Pen-Wholesale.jpg",500,500,false]},"uagb_author_info":{"display_name":"AMY","author_link":"https:\/\/rmvapesale.com\/de\/author\/"},"uagb_comment_info":0,"uagb_excerpt":"VOPK ULTRA 30000 Puffs Double Flavor Digital Screen Low Nicotine Disposable Vapes VOPK 30000 Puffs Bulk Buy Wholesale Rechargeable Disposable Vapes Pod VOPK ULTRA 30000 Puffs Double Flavor Disposable Vapes Pen WhatsApp: +86 17776015835 &nbsp;","_links":{"self":[{"href":"https:\/\/rmvapesale.com\/de\/wp-json\/wp\/v2\/product\/2680","targetHints":{"allow":["GET"]}}],"collection":[{"href":"https:\/\/rmvapesale.com\/de\/wp-json\/wp\/v2\/product"}],"about":[{"href":"https:\/\/rmvapesale.com\/de\/wp-json\/wp\/v2\/types\/product"}],"replies":[{"embeddable":true,"href":"https:\/\/rmvapesale.com\/de\/wp-json\/wp\/v2\/comments?post=2680"}],"wp:featuredmedia":[{"embeddable":true,"href":"https:\/\/rmvapesale.com\/de\/wp-json\/wp\/v2\/media\/2682"}],"wp:attachment":[{"href":"https:\/\/rmvapesale.com\/de\/wp-json\/wp\/v2\/media?parent=2680"}],"wp:term":[{"taxonomy":"product_brand","embeddable":true,"href":"https:\/\/rmvapesale.com\/de\/wp-json\/wp\/v2\/product_brand?post=2680"},{"taxonomy":"product_cat","embeddable":true,"href":"https:\/\/rmvapesale.com\/de\/wp-json\/wp\/v2\/product_cat?post=2680"},{"taxonomy":"product_tag","embeddable":true,"href":"https:\/\/rmvapesale.com\/de\/wp-json\/wp\/v2\/product_tag?post=2680"}],"curies":[{"name":"wp","href":"https:\/\/api.w.org\/{rel}","templated":true}]}}