{"id":2702,"date":"2024-11-08T07:20:19","date_gmt":"2024-11-08T07:20:19","guid":{"rendered":"https:\/\/rmvapesale.com\/?post_type=product&#038;p=2702"},"modified":"2024-11-08T07:51:08","modified_gmt":"2024-11-08T07:51:08","slug":"bang-king-shisha-25000-crown-bar-rechargeable-disposable-vape","status":"publish","type":"product","link":"https:\/\/rmvapesale.com\/de\/product\/bang-king-shisha-25000-crown-bar-rechargeable-disposable-vape\/","title":{"rendered":"Bang King Shisha 25000 Crown Bar Wiederaufladbarer Einweg-Vape"},"content":{"rendered":"<div class=\"B2VR9 CJHX3e\">\n<div class=\"wyccme\">\n<h1 class=\"LC20lb MBeuO DKV0Md\">Bang King Shisha 25000 Crown Bar Wiederaufladbarer Einweg-Vape<\/h1>\n<div class=\"flex-shrink-0 flex flex-col relative items-end\">\n<div class=\"pt-0\">\n<div class=\"gizmo-bot-avatar flex h-8 w-8 items-center justify-center overflow-hidden rounded-full\">\n<div class=\"relative p-1 rounded-sm flex items-center justify-center bg-token-main-surface-primary text-token-text-primary h-8 w-8\">\n<p>Bereiten Sie sich vor, Ihr Vape-Spiel mit der <strong>Bang King Shisha 25000 Crown Bar<\/strong>\u2014die ultimative wiederaufladbare Einweg-Vape von <strong>beliebten Einweg-Vape-Marken <\/strong><strong>Bang Vape<\/strong>. Dieses Ger\u00e4t ist nicht nur zum Vapen gedacht; es hebt jeden Zug auf die n\u00e4chste Stufe. Mit bis zu <strong>25.000 Z\u00fcge<\/strong>, k\u00f6nnen Sie st\u00e4ndiges Austauschen vergessen und Stunden lang sanfte, befriedigende Wolken genie\u00dfen.<\/p>\n<h3><\/h3>\n<ul>\n<li><strong>Gro\u00dfe Zuganzahl<\/strong>: Gehen Sie aufs Ganze mit <strong>bis zu 25.000 Z\u00fcgen<\/strong>! Das ist mehr als genug f\u00fcr langanhaltenden Genuss.<\/li>\n<li><strong>Gro\u00dfz\u00fcgiges E-Liquid-Volumen<\/strong>: Gef\u00fcllt mit <strong>30ml E-Liquid<\/strong>, sodass Sie ununterbrochen vapen k\u00f6nnen.<\/li>\n<li><strong>Wiederaufladbarer Akku<\/strong>: Ausgestattet mit einem leistungsstarken <strong>650mAh Batterie<\/strong> und <strong>Typ-C-Laden<\/strong> f\u00fcr schnelle, problemlose Aufladungen.<\/li>\n<li><strong>Kompaktes &amp; Tragbares Design<\/strong>: Perfekt schlank, der <strong>Bang King Shisha Bar<\/strong> passt problemlos in Ihre Hand oder Hosentasche. Nehmen Sie ihn \u00fcberallhin mit, vom Club bis zur Couch!<\/li>\n<li><strong>Geschmacksexplosion<\/strong>: Mit <strong>12 sensationellen Geschmacksrichtungen<\/strong> wie Vimto Bull E Shisha Lemon Mint und Ghiaccio Di Anguria finden Sie sicher die passende Geschmacksrichtung f\u00fcr jede Stimmung.<\/li>\n<li><strong>LED-Display Smart Screen:<\/strong> Mit einem digitalen Display f\u00fcr Batterie- und \u00d6lstand zur einfachen Verwendung.<\/li>\n<\/ul>\n<p>Ob Sie auf der Suche nach <strong>Gro\u00dfeinkauf<\/strong> Optionen sind, einen zuverl\u00e4ssigen <strong>Einweg-Vape-Stift<\/strong>ben\u00f6tigen oder einfach nur einen herausragenden <strong>Einweg-Vape mit wenig Nikotin<\/strong>bietet der <strong>Bang King Shisha 25000<\/strong> wollen, ist das Richtige f\u00fcr Sie. Perfekt f\u00fcr Fans von <strong>wiederaufladbare Vapes<\/strong>, <strong>Vape-Gro\u00dfhandel<\/strong>. Holen Sie sich jetzt Ihren und genie\u00dfen Sie ein au\u00dfergew\u00f6hnliches Dampferlebnis!<\/p>\n<p>Wenn Sie bereit f\u00fcr ein hochwertiges<strong> Shisha Bar<\/strong> Erlebnis sind, das Geschmack, Portabilit\u00e4t und Leistung bietet, wartet der <strong>Bang King 25000 Crown Bar<\/strong> auf Sie.<\/p>\n<p>&nbsp;<\/p>\n<\/div>\n<\/div>\n<\/div>\n<\/div>\n<\/div>\n<\/div>\n<p><strong>Kontaktieren Sie Amy, um die richtige Antwort und einen Gutschein f\u00fcr E-Zigaretten zu erhalten!<\/strong><\/p>\n<p><img loading=\"lazy\" decoding=\"async\" class=\"size-full wp-image-1978\" src=\"https:\/\/rmvapesale.com\/wp-content\/uploads\/2024\/09\/Disposable-Vape-Wholesale.jpg\" alt=\"Einweg-Vape Gro\u00dfhandel\" width=\"229\" height=\"300\" \/><\/p>\n<h3><a href=\"https:\/\/wa.me\/8617776015835\" target=\"_blank\" rel=\"noopener\"><span style=\"color: #ff0000\"><strong>WhatsApp: +86 17776015835<\/strong><\/span><\/a><\/h3>\n<p>&nbsp;<\/p>\n<h2><\/h2>\n<h2><strong>Bang King Shisha 25000 Crown Bar Wiederaufladbare Einweg-Vapes <\/strong><strong>Hauptmerkmale<\/strong><\/h2>\n<p>Marke: Bang Vape<br \/>\nPuff: 25000 Puff<br \/>\n\u00d6l: 30ml vorgef\u00fcllte E-Liquid<br \/>\nNikotin: 0% 2% 5% Nikotinst\u00e4rke<br \/>\nBatterie: 650mAh Wiederaufladbare Batterie<\/p>\n<p>&nbsp;<\/p>\n<h2><strong>Top-Geschmack f\u00fcr Bang King Shisha 25000 Crown Bar Einweg-Vapes<\/strong><\/h2>\n<p>1. Blaue Himbeer-Zitronenlimonade <span style=\"color: #ff0000\"><strong>&gt;&gt;&gt;&gt; Hei\u00df!<\/strong><\/span><br \/>\n2. Blaubeere Sauer Himbeere <span style=\"color: #ff0000\"><strong>&gt;&gt;&gt;&gt; Am besten!<\/strong><\/span><br \/>\n3. Bad Blood<br \/>\n4. CUSH MAN<br \/>\n5. Doppelter Apfel<br \/>\n6.Wassermelone Eis<br \/>\n7. Vimto Bull <span style=\"color: #ff0000\"><strong>&gt;&gt;&gt;&gt; Hei\u00df!<\/strong><\/span><br \/>\n8.Blaubeere Traube<br \/>\n9. Zitronen-Kirsch<br \/>\n10. Wassermelone Honigmelone Passionsfrucht<br \/>\n11. Shisha Zitrone Minze<br \/>\n12. Peachice<\/p>\n<figure id=\"attachment_2696\" aria-describedby=\"caption-attachment-2696\" style=\"width: 800px\" class=\"wp-caption alignnone\"><img loading=\"lazy\" decoding=\"async\" class=\"wp-image-2696 size-full\" src=\"https:\/\/rmvapesale.com\/wp-content\/uploads\/2024\/11\/Bang-King-25000-EShisha-Disposable-Vape.png\" alt=\"Bang King 25000 EShisha Einweg-Vape\" width=\"800\" height=\"800\" srcset=\"https:\/\/rmvapesale.com\/wp-content\/uploads\/2024\/11\/Bang-King-25000-EShisha-Disposable-Vape.png 800w, https:\/\/rmvapesale.com\/wp-content\/uploads\/2024\/11\/Bang-King-25000-EShisha-Disposable-Vape-300x300.png 300w, https:\/\/rmvapesale.com\/wp-content\/uploads\/2024\/11\/Bang-King-25000-EShisha-Disposable-Vape-150x150.png 150w, https:\/\/rmvapesale.com\/wp-content\/uploads\/2024\/11\/Bang-King-25000-EShisha-Disposable-Vape-768x768.png 768w, https:\/\/rmvapesale.com\/wp-content\/uploads\/2024\/11\/Bang-King-25000-EShisha-Disposable-Vape-600x600.png 600w, https:\/\/rmvapesale.com\/wp-content\/uploads\/2024\/11\/Bang-King-25000-EShisha-Disposable-Vape-100x100.png 100w\" sizes=\"auto, (max-width: 800px) 100vw, 800px\" \/><figcaption id=\"caption-attachment-2696\" class=\"wp-caption-text\">Bang King 25000 EShisha Einweg-Vape<\/figcaption><\/figure>\n<h3><\/h3>\n<h3><strong>Warum Rmvapesale f\u00fcr Bang Shisha 25000 w\u00e4hlen? <\/strong><strong>V<\/strong><strong>Gro\u00dfhandel<\/strong><strong>?<\/strong><\/h3>\n<div class=\"flex-shrink-0 flex flex-col relative items-end\">\n<div class=\"pt-0\">\n<div class=\"gizmo-bot-avatar flex h-8 w-8 items-center justify-center overflow-hidden rounded-full\">\n<div class=\"relative p-1 rounded-sm flex items-center justify-center bg-token-main-surface-primary text-token-text-primary h-8 w-8\">\n<p>Willkommen bei Rmvapesale, Ihrem vertrauensw\u00fcrdigen Vape-Shop f\u00fcr Premium Einweg-Vapes. Mit \u00fcber 5 Jahren Erfahrung bieten wir Ihnen beliebte Marken f\u00fcr Einweg-Vapes wie Al Fakher, <a href=\"https:\/\/rmvapesale.com\/de\/product\/vapme-crystal-7000-puffs-rechargeable-disposable-vape-price\/\">Vapme<\/a>, <a href=\"https:\/\/rmvapesale.com\/de\/product-category\/bang-vapes\/\">Bang Vape<\/a>, Waspe, <a href=\"https:\/\/rmvapesale.com\/de\/product\/wga-crystal-pro-max-extra-15k-puffs-disposable-vape-wholesale\/\">WGA<\/a> Vape und<a href=\"https:\/\/rmvapesale.com\/de\/product-category\/randm-fumot-vape\/\"> RandM Vape<\/a>.<\/p>\n<p>Unser Sortiment umfasst hei\u00dfe Verkaufs-Vapes wie die <a href=\"https:\/\/rmvapesale.com\/de\/product\/fumot-digital-box-12000-disposable-vape-pink-lemonade-flavor\/\">RandM 12k<\/a> und geschmacksreiche Optionen wie die <a href=\"https:\/\/rmvapesale.com\/de\/product\/elfbar-combo-25000-puffs-rechargeable-disposable-vape-wholesale\/\">ELFBAR Combo 25000 Puff<\/a>. Jedes Produkt wird mit Fokus auf Qualit\u00e4t, Wert und Vielfalt ausgew\u00e4hlt, um sicherzustellen, dass Sie die perfekte \u00dcbereinstimmung f\u00fcr Ihre Bed\u00fcrfnisse finden. Entdecken Sie au\u00dfergew\u00f6hnlichen Service und eine breite Palette an Top-Produkten bei Rmvapesale.<\/p>\n<\/div>\n<h3><\/h3>\n<div class=\"relative p-1 rounded-sm flex items-center justify-center bg-token-main-surface-primary text-token-text-primary h-8 w-8\">\n<h3><b>Bang King Shisha 25000 Kronenbar Bildschirm Wiederaufladbare Einweg-Vape FAQ<\/b><\/h3>\n<p><strong>F: Was sind die beliebten Geschmacksrichtungen f\u00fcr Bang King Shisha 25000 Einweg-Vape-Stift?<\/strong><br \/>\nA: Der <strong>Bang King Shisha 25000<\/strong> bietet eine Vielzahl beliebter Geschmacksrichtungen, darunter <strong>Vimto Bull E Shisha, Zitronen Minze und Ghiaccio Di Anguria<\/strong>. Diese Geschmacksrichtungen sprechen unterschiedliche Vorlieben an und bieten ein reichhaltiges und befriedigendes Dampferlebnis.<\/p>\n<p><strong>F: Wie erkenne ich, wann meine Bang Shisha 25000 Smart Vape leer ist?<\/strong><br \/>\nA: Sie wissen, dass es Zeit ist, die Vape aufzuladen oder zu ersetzen, wenn die <strong>Dampfproduktion deutlich abnimmt<\/strong>, und der <strong>Geschmack m\u00f6glicherweise schw\u00e4cher oder verbrannt schmeckt<\/strong>. Einige Vapes verf\u00fcgen auch \u00fcber eine LED-Anzeige, die Sie warnt.<\/p>\n<p><strong>F: Wie lange dauert es, eine Bang 25000 wiederaufladbare Vape aufzuladen?<\/strong><br \/>\nA: Der <strong>Bang 25000<\/strong> wiederaufladbare E-Zigarette bietet einen <strong>650mAh Batterie<\/strong> und unterst\u00fctzt <strong>Typ-C-Laden<\/strong>, dauert normalerweise etwa <strong>1\u20132 Stunden f\u00fcr eine vollst\u00e4ndige Aufladung<\/strong>.<\/p>\n<p><strong>F: Wo kann man Bang Shisha 25000 Puff Vapes zum Gro\u00dfhandelspreis kaufen?<\/strong><br \/>\nA: Sie k\u00f6nnen die <strong>Bang Shisha 25000<\/strong> zu Gro\u00dfhandelspreisen online kaufen <strong>Vape-Gro\u00dfhandelslieferanten erwerben<\/strong>. Suchen Sie nach seri\u00f6sen <strong>Vape-Shops<\/strong> die Gro\u00dfeink\u00e4ufe von <strong>Bang Einweg-Vapes<\/strong> f\u00fcr die besten Preisoptionen anbieten.<\/p>\n<p><strong>Kann ich eine wiederaufladbare Einweg-Vape mit ins Flugzeug nehmen?<\/strong><br \/>\nA: Ja, Sie k\u00f6nnen wiederaufladbare Einweg-E-Zigaretten im Flugzeug mitnehmen, aber sie sollten <strong>im Handgep\u00e4ck transportiert werden<\/strong>, da die Richtlinien der Fluggesellschaften in der Regel vorschreiben, dass sich E-Zigaretten aufgrund von Batteriebestimmungen in Handgep\u00e4ck befinden m\u00fcssen.<\/p>\n<p><strong>F: Wie viele Z\u00fcge bietet die Bang Shisha 25000 Vape?<\/strong><br \/>\nA: Der <strong>Bang Shisha 25000<\/strong> bietet <strong>bis zu 25.000 Z\u00fcgen<\/strong>, was ein ausgedehntes, bequemes Dampferlebnis gew\u00e4hrleistet.<\/p>\n<p><strong>F: Wie lange dauert es, die Bang 25000 Vape vollst\u00e4ndig aufzuladen?<\/strong><br \/>\nA: Eine vollst\u00e4ndige Aufladung der <strong>Bang 25000 Vape<\/strong> dauert ungef\u00e4hr <strong>1\u20132 Stunden<\/strong> aufgrund seiner <strong>Type-C Schnellladef\u00e4higkeit<\/strong> mit einem <strong>650mAh Batterie<\/strong>.<\/p>\n<\/div>\n<div class=\"mb-2 flex gap-3 empty:hidden -ml-2\"><\/div>\n<p>&nbsp;<\/p>\n<\/div>\n<\/div>\n<\/div>\n<h3>Zum Versand<\/h3>\n<div class=\"flex-shrink-0 flex flex-col relative items-end\">\n<div>\n<div class=\"pt-0\">\n<div class=\"gizmo-bot-avatar flex h-8 w-8 items-center justify-center overflow-hidden rounded-full\">\n<div><\/div>\n<div class=\"relative p-1 rounded-sm flex items-center justify-center bg-token-main-surface-primary text-token-text-primary h-8 w-8\"><strong>1. Welche Versandmethoden werden verwendet?<\/strong><\/div>\n<\/div>\n<\/div>\n<\/div>\n<\/div>\n<div class=\"group\/conversation-turn relative flex w-full min-w-0 flex-col agent-turn\">\n<div class=\"flex-col gap-1 md:gap-3\">\n<div class=\"flex max-w-full flex-col flex-grow\">\n<div class=\"min-h-[20px] text-message flex w-full flex-col items-end gap-2 whitespace-normal break-words [.text-message+&amp;]:mt-5 overflow-x-auto\" dir=\"auto\" data-message-author-role=\"assistant\" data-message-id=\"22f8283b-3233-46ff-89a5-c7a41b33abda\">\n<div class=\"flex w-full flex-col gap-1 empty:hidden first:pt-[3px]\">\n<div class=\"markdown prose w-full break-words dark:prose-invert light\">\n<p>Wir arbeiten mit UPS, DHL, FedEx, DPD und anderen f\u00fchrenden Transportunternehmen zusammen. Wir w\u00e4hlen die beste Versandmethode basierend auf Ihrem Lieferort aus, um sicherzustellen, dass Sie Ihre Produkte so schnell wie m\u00f6glich erhalten.<\/p>\n<\/div>\n<p><strong>2. Wie lange dauert es, bis die Lieferung ankommt?<\/strong><\/p>\n<p>Pakete, die nach Deutschland versandt werden, kommen normalerweise innerhalb von 10 Werktagen an. Der Versand in europ\u00e4ische L\u00e4nder dauert in der Regel etwa 12-15 Werktage. Wir werden Ihnen Echtzeit-Updates zu Ihrem Versandstatus bereitstellen.<\/p>\n<\/div>\n<\/div>\n<\/div>\n<\/div>\n<\/div>\n<p>&nbsp;<\/p>\n<p>Finden Sie weitere Vape-Produkte, die Ihnen gefallen k\u00f6nnten:<strong><em><a href=\"https:\/\/rmvapesale.com\/de\/shop-2\/\">jetzt einkaufen &gt;&gt;&gt;<\/a><\/em><\/strong><\/p>","protected":false},"excerpt":{"rendered":"<p>Bang King 25000 Z\u00fcge 0% 2% 5% Nikotinarme Einweg-Vape<br \/>\nBang King 25000 Z\u00fcge Gro\u00dfhandelslieferant Preis<br \/>\nBang King Shisha 25000 Gro\u00dfe Wolken Anzeige Bildschirm Einweg-Vape<\/p>\n<p><img loading=\"lazy\" decoding=\"async\" class=\"size-full wp-image-2375\" src=\"https:\/\/rmvapesale.com\/wp-content\/uploads\/2024\/10\/image.png\" alt=\"Bester Einweg-Vape\" width=\"229\" height=\"300\" \/><\/p>\n<h3><a href=\"https:\/\/wa.me\/8617776015835\"><span style=\"color: #ff0000\"><strong>WhatsApp: +86 17776015835<\/strong><\/span><\/a><\/h3>\n<p>&nbsp;<\/p>","protected":false},"featured_media":2698,"comment_status":"open","ping_status":"closed","template":"","meta":{"_uag_custom_page_level_css":"","_lmt_disableupdate":"no","_lmt_disable":"","site-sidebar-layout":"default","site-content-layout":"content-boxed-container","ast-site-content-layout":"normal-width-container","site-content-style":"boxed","site-sidebar-style":"unboxed","ast-global-header-display":"","ast-banner-title-visibility":"","ast-main-header-display":"","ast-hfb-above-header-display":"","ast-hfb-below-header-display":"","ast-hfb-mobile-header-display":"","site-post-title":"","ast-breadcrumbs-content":"","ast-featured-img":"","footer-sml-layout":"","theme-transparent-header-meta":"default","adv-header-id-meta":"","stick-header-meta":"","header-above-stick-meta":"","header-main-stick-meta":"","header-below-stick-meta":"","astra-migrate-meta-layouts":"set","ast-page-background-enabled":"default","ast-page-background-meta":{"desktop":{"background-color":"var(--ast-global-color-4)","background-image":"","background-repeat":"repeat","background-position":"center center","background-size":"auto","background-attachment":"scroll","background-type":"","background-media":"","overlay-type":"","overlay-color":"","overlay-opacity":"","overlay-gradient":""},"tablet":{"background-color":"","background-image":"","background-repeat":"repeat","background-position":"center center","background-size":"auto","background-attachment":"scroll","background-type":"","background-media":"","overlay-type":"","overlay-color":"","overlay-opacity":"","overlay-gradient":""},"mobile":{"background-color":"","background-image":"","background-repeat":"repeat","background-position":"center center","background-size":"auto","background-attachment":"scroll","background-type":"","background-media":"","overlay-type":"","overlay-color":"","overlay-opacity":"","overlay-gradient":""}},"ast-content-background-meta":{"desktop":{"background-color":"var(--ast-global-color-5)","background-image":"","background-repeat":"repeat","background-position":"center center","background-size":"auto","background-attachment":"scroll","background-type":"","background-media":"","overlay-type":"","overlay-color":"","overlay-opacity":"","overlay-gradient":""},"tablet":{"background-color":"var(--ast-global-color-5)","background-image":"","background-repeat":"repeat","background-position":"center center","background-size":"auto","background-attachment":"scroll","background-type":"","background-media":"","overlay-type":"","overlay-color":"","overlay-opacity":"","overlay-gradient":""},"mobile":{"background-color":"var(--ast-global-color-5)","background-image":"","background-repeat":"repeat","background-position":"center center","background-size":"auto","background-attachment":"scroll","background-type":"","background-media":"","overlay-type":"","overlay-color":"","overlay-opacity":"","overlay-gradient":""}},"_joinchat":[]},"product_brand":[],"product_cat":[15,25,123,26,28,135,27,137,136,30],"product_tag":[169,188,208,167,207,206,120],"class_list":{"0":"post-2702","1":"product","2":"type-product","3":"status-publish","4":"has-post-thumbnail","6":"product_cat-new-vape-this-week","7":"product_cat-germany-best-selling-vape","8":"product_cat-italy-wholesale-vape","9":"product_cat-netherlands-hot-sale-vape","10":"product_cat-poland-hot-sale-vape","11":"product_cat-spain-best-hot-sale-vape","12":"product_cat-fance-hot-sale-vape","13":"product_cat-rechargeable-vapes","14":"product_cat-smart-screen-vapes","15":"product_cat-minimum-order-quantity-50pcs","16":"product_tag-best-disposable-vape-2024","17":"product_tag-buy-vapes-online","18":"product_tag-crown-bar","19":"product_tag-disposable-vape-with-screen","20":"product_tag-puff-vape","21":"product_tag-smart-phone-vape","22":"product_tag-vape-wholesale","23":"desktop-align-left","24":"tablet-align-left","25":"mobile-align-left","27":"first","28":"instock","29":"sale","30":"shipping-taxable","31":"purchasable","32":"product-type-simple"},"uagb_featured_image_src":{"full":["https:\/\/rmvapesale.com\/wp-content\/uploads\/2024\/11\/BangKing-25000-Puffs-Crown-Bar-Disposable-Vape.png",800,800,false],"thumbnail":["https:\/\/rmvapesale.com\/wp-content\/uploads\/2024\/11\/BangKing-25000-Puffs-Crown-Bar-Disposable-Vape-150x150.png",150,150,true],"medium":["https:\/\/rmvapesale.com\/wp-content\/uploads\/2024\/11\/BangKing-25000-Puffs-Crown-Bar-Disposable-Vape-300x300.png",300,300,true],"medium_large":["https:\/\/rmvapesale.com\/wp-content\/uploads\/2024\/11\/BangKing-25000-Puffs-Crown-Bar-Disposable-Vape-768x768.png",768,768,true],"large":["https:\/\/rmvapesale.com\/wp-content\/uploads\/2024\/11\/BangKing-25000-Puffs-Crown-Bar-Disposable-Vape.png",800,800,false],"1536x1536":["https:\/\/rmvapesale.com\/wp-content\/uploads\/2024\/11\/BangKing-25000-Puffs-Crown-Bar-Disposable-Vape.png",800,800,false],"2048x2048":["https:\/\/rmvapesale.com\/wp-content\/uploads\/2024\/11\/BangKing-25000-Puffs-Crown-Bar-Disposable-Vape.png",800,800,false],"trp-custom-language-flag":["https:\/\/rmvapesale.com\/wp-content\/uploads\/2024\/11\/BangKing-25000-Puffs-Crown-Bar-Disposable-Vape.png",12,12,false],"woocommerce_thumbnail":["https:\/\/rmvapesale.com\/wp-content\/uploads\/2024\/11\/BangKing-25000-Puffs-Crown-Bar-Disposable-Vape-300x300.png",300,300,true],"woocommerce_single":["https:\/\/rmvapesale.com\/wp-content\/uploads\/2024\/11\/BangKing-25000-Puffs-Crown-Bar-Disposable-Vape-600x600.png",600,600,true],"woocommerce_gallery_thumbnail":["https:\/\/rmvapesale.com\/wp-content\/uploads\/2024\/11\/BangKing-25000-Puffs-Crown-Bar-Disposable-Vape-100x100.png",100,100,true],"wcpr-photo-reviews":["https:\/\/rmvapesale.com\/wp-content\/uploads\/2024\/11\/BangKing-25000-Puffs-Crown-Bar-Disposable-Vape.png",500,500,false]},"uagb_author_info":{"display_name":"AMY","author_link":"https:\/\/rmvapesale.com\/de\/author\/"},"uagb_comment_info":0,"uagb_excerpt":"Bang King 25000 Puffs 0% 2% 5% Low Nicotine Disposable Vape Bang King 25000 Disposable Vape Wholesale Supplier Price Bang King Shisha 25000 Big Clouds Display Screen Disposable Vape WhatsApp: +86 17776015835 &nbsp;","_links":{"self":[{"href":"https:\/\/rmvapesale.com\/de\/wp-json\/wp\/v2\/product\/2702","targetHints":{"allow":["GET"]}}],"collection":[{"href":"https:\/\/rmvapesale.com\/de\/wp-json\/wp\/v2\/product"}],"about":[{"href":"https:\/\/rmvapesale.com\/de\/wp-json\/wp\/v2\/types\/product"}],"replies":[{"embeddable":true,"href":"https:\/\/rmvapesale.com\/de\/wp-json\/wp\/v2\/comments?post=2702"}],"wp:featuredmedia":[{"embeddable":true,"href":"https:\/\/rmvapesale.com\/de\/wp-json\/wp\/v2\/media\/2698"}],"wp:attachment":[{"href":"https:\/\/rmvapesale.com\/de\/wp-json\/wp\/v2\/media?parent=2702"}],"wp:term":[{"taxonomy":"product_brand","embeddable":true,"href":"https:\/\/rmvapesale.com\/de\/wp-json\/wp\/v2\/product_brand?post=2702"},{"taxonomy":"product_cat","embeddable":true,"href":"https:\/\/rmvapesale.com\/de\/wp-json\/wp\/v2\/product_cat?post=2702"},{"taxonomy":"product_tag","embeddable":true,"href":"https:\/\/rmvapesale.com\/de\/wp-json\/wp\/v2\/product_tag?post=2702"}],"curies":[{"name":"wp","href":"https:\/\/api.w.org\/{rel}","templated":true}]}}