{"id":2718,"date":"2024-11-12T08:49:23","date_gmt":"2024-11-12T08:49:23","guid":{"rendered":"https:\/\/rmvapesale.com\/?post_type=product&#038;p=2718"},"modified":"2024-11-12T09:20:43","modified_gmt":"2024-11-12T09:20:43","slug":"randm-tornado-9000-puff-blue-razz-ice-rechargeable-diposable-vape-wholesale-price","status":"publish","type":"product","link":"https:\/\/rmvapesale.com\/de\/product\/randm-tornado-9000-puff-blue-razz-ice-rechargeable-diposable-vape-wholesale-price\/","title":{"rendered":"RandM Tornado 9000 Puffs Blue Razz Ice Wiederaufladbare Einweg-Vape Gro\u00dfhandelspreis"},"content":{"rendered":"<div class=\"B2VR9 CJHX3e\">\n<div class=\"wyccme\">\n<h1 class=\"LC20lb MBeuO DKV0Md\">RandM Tornado 9000 Puffs Blue Razz Ice Wiederaufladbare Einweg-Vape Gro\u00dfhandelspreis<\/h1>\n<div class=\"flex-shrink-0 flex flex-col relative items-end\">\n<div class=\"pt-0\">\n<div class=\"gizmo-bot-avatar flex h-8 w-8 items-center justify-center overflow-hidden rounded-full\">\n<div class=\"relative p-1 rounded-sm flex items-center justify-center bg-token-main-surface-primary text-token-text-primary h-8 w-8\">\n<p>Erleben Sie die au\u00dfergew\u00f6hnliche Kraft und den Geschmack des RandM Tornado 9000 Blau Razz Ice Wiederaufladbare Einweg Vape, jetzt zu Gro\u00dfhandelspreisen erh\u00e4ltlich. Dieses Vape-Ger\u00e4t bietet unglaubliche 9000+ Z\u00fcge und ist somit ideal f\u00fcr alle, die ein langanhaltendes Vape-Erlebnis ohne h\u00e4ufige Austausch w\u00fcnschen. Jede Vape ist vorgef\u00fcllt mit 18 ml hochwertigem Nic Salt E-Liquid, das bei jedem Zug einen sanften, befriedigenden Hit bietet. Der Geschmack Blau Razz Ice kombiniert eine saftige, s\u00fc\u00dfe Himbeere mit einem eisigen Finish f\u00fcr ein erfrischendes Vape-Erlebnis, das perfekt f\u00fcr den ganzen Tag ist.<\/p>\n<p>F\u00fcr Komfort entwickelt, verf\u00fcgt der RandM Tornado 9000 \u00fcber eine wiederaufladbare Batterie mit 850 mAh, die einfach \u00fcber den Type-C-Anschluss aufgeladen werden kann, sodass Sie ohne Unterbrechungen weitervapen k\u00f6nnen. Sein zugaktivierter Ausl\u00f6semechanismus macht die Bedienung einfach\u2014einfach inhalieren, um zu aktivieren. Mit einem lebendigen Design und RGB-Beleuchtung hebt sich dieses Vape optisch hervor und ist eine perfekte Erg\u00e4nzung f\u00fcr jede Sammlung von Vape-Enthusiasten. RandM 9K ist darauf ausgelegt, konsistenten Geschmack und Qualit\u00e4t zu liefern, egal ob Sie ein erfahrener Vaper oder neu im Vaping sind.<\/p>\n<p>&nbsp;<\/p>\n<\/div>\n<\/div>\n<\/div>\n<\/div>\n<\/div>\n<\/div>\n<p><strong>Kontaktieren Sie Amy, um die richtige Antwort und einen Gutschein f\u00fcr E-Zigaretten zu erhalten!<\/strong><\/p>\n<p><img loading=\"lazy\" decoding=\"async\" class=\"size-full wp-image-1978\" src=\"https:\/\/rmvapesale.com\/wp-content\/uploads\/2024\/09\/Disposable-Vape-Wholesale.jpg\" alt=\"Einweg-Vape Gro\u00dfhandel\" width=\"229\" height=\"300\" \/><\/p>\n<h3><a href=\"https:\/\/wa.me\/8617776015835\" target=\"_blank\" rel=\"noopener\"><span style=\"color: #ff0000\"><strong>WhatsApp: +86 17776015835<\/strong><\/span><\/a><\/h3>\n<p>&nbsp;<\/p>\n<h2><\/h2>\n<h2><strong>RandM Tornado 9000 <\/strong><strong>Hauptmerkmale<\/strong><\/h2>\n<p>&nbsp;<\/p>\n<ul>\n<li>9000+ Z\u00fcge f\u00fcr langanhaltenden Vape-Genuss<\/li>\n<li>18 ml Blau Razz Ice Nic Salt E-Liquid f\u00fcr sanfte Z\u00fcge<\/li>\n<li>850 mAh wiederaufladbare Batterie mit Type-C-Ladung<\/li>\n<li>Zugaktivierter, benutzerfreundlicher Ausl\u00f6semechanismus<\/li>\n<li>Auff\u00e4llige RGB-Beleuchtung f\u00fcr ein einzigartiges Erscheinungsbild<\/li>\n<\/ul>\n<p>&nbsp;<\/p>\n<h2><strong>Top-Geschmack RandM Tornado 9000<\/strong><\/h2>\n<p>1 Blaubeere Himbeere <span style=\"color: #ff0000\"><strong>&gt;&gt;&gt;&gt; Hei\u00df!<\/strong><\/span><br \/>\n2 Mr Blue <span style=\"color: #ff0000\"><strong>&gt;&gt;&gt;&gt; Hei\u00df!<\/strong><\/span><br \/>\n3 Erdbeere Wassermelone<br \/>\n4 Orangensoda<br \/>\n5 Wassermelone Kaugummi<br \/>\n6 Regenbogen Bonbons<br \/>\n7 Pinke Limonade <span style=\"color: #ff0000\"><strong>&gt;&gt;&gt;&gt; Hei\u00df!<\/strong><\/span><br \/>\n8 Pfirsich Mango Ananas<br \/>\n9 Erdbeere Banane<br \/>\n10 Lush Ice<br \/>\n11 Black Dragon Ice<br \/>\n12 Aloe Traube<br \/>\n13 Blue Razz Ice<br \/>\n14 Kiwi Passionsfrucht Guave<br \/>\n15 Gummib\u00e4rchen<br \/>\n16 Gemischte Beeren <span style=\"color: #ff0000\"><strong>&gt;&gt;&gt;&gt; Hei\u00df!<\/strong><\/span><br \/>\n17 K\u00fchle Minze<br \/>\n18 Himbeer-Wassermelone<br \/>\n19 Pfirsich-Limonade<br \/>\n20 Guave Ice<br \/>\n21 Erdbeer-Limonade<br \/>\n22 Wassermelone Brazz Ice<br \/>\n23 Bananenpudding<br \/>\n24 Pfirsich-Beere<br \/>\n25 Erdbeer-Cream<br \/>\n26 Saure S\u00fc\u00dfigkeiten<br \/>\n27 Zitrone &amp; Limette<br \/>\n28 Kirsche<br \/>\n29 Sprudelnde Kirsche <span style=\"color: #ff0000\"><strong>&gt;&gt;&gt;&gt; Hei\u00df!<\/strong><\/span><br \/>\n30 Blaubeere Kirsche Cranberry<br \/>\n31 Vimto<br \/>\n32 Skittles<br \/>\n33 Schwarzes Eis <span style=\"color: #ff0000\"><strong>&gt;&gt;&gt;&gt; Am besten!<\/strong><\/span><br \/>\n34 Traube<br \/>\n35 Bluelicious Eis<br \/>\n36 Erdbeer Eis<br \/>\n37 Blue Razz Kush<br \/>\n38 Eis Pop<br \/>\n39 Blaubeere Sauer Himbeere<br \/>\n40 Ananas<br \/>\n41 Kirschpfirsich Limonade<br \/>\n42 Erdbeer Himbeer Kirsche Eis<br \/>\n43 Dreifacher Mango<br \/>\n44 Erdbeer Himbeer Eis<br \/>\n45 Erdbeer Wassermelone Kaugummi<br \/>\n46 Prime Erdbeer Wassermelone<br \/>\n47 Wassermelone Eis<br \/>\n48 Heidelbeer Eis <span style=\"color: #ff0000\"><strong>&gt;&gt;&gt;&gt; Hei\u00df!<\/strong><\/span><br \/>\n49 Wassermelone Skittle<br \/>\n50 Erdbeer Mango<br \/>\n51 Erdbeer Pomp\uff08Granatapfel\uff09<br \/>\n52 Sommerpfirsich Eis<br \/>\n53 Kirschen Beere<br \/>\n54 Kirschen Cola<br \/>\n55 Prime Wassermelone<br \/>\n56 Erdbeer Traube<br \/>\n57 Tigerblut <span style=\"color: #ff0000\"><strong>&gt;&gt;&gt;&gt; Hei\u00df!<\/strong><\/span><br \/>\n58 Mineralwasser<\/p>\n<p>&nbsp;<\/p>\n<h3><\/h3>\n<h3><strong>Warum Rmvapesale f\u00fcr RandM Tornado 9000 w\u00e4hlen <\/strong><strong>V<\/strong><strong>Gro\u00dfhandel<\/strong><strong>?<\/strong><\/h3>\n<div class=\"flex-shrink-0 flex flex-col relative items-end\">\n<div class=\"pt-0\">\n<div class=\"gizmo-bot-avatar flex h-8 w-8 items-center justify-center overflow-hidden rounded-full\">\n<div class=\"relative p-1 rounded-sm flex items-center justify-center bg-token-main-surface-primary text-token-text-primary h-8 w-8\">\n<p>Willkommen bei Rmvapesale, Ihrem vertrauensw\u00fcrdigen Vape-Shop f\u00fcr Premium Einweg-Vapes. Mit \u00fcber 5 Jahren Erfahrung bieten wir Ihnen beliebte Marken f\u00fcr Einweg-Vapes wie Al Fakher, <a href=\"https:\/\/rmvapesale.com\/de\/product\/vapme-crystal-7000-puffs-rechargeable-disposable-vape-price\/\">Vapme<\/a>, <a href=\"https:\/\/rmvapesale.com\/de\/product-category\/bang-vapes\/\">Bang Vape<\/a>, Waspe, <a href=\"https:\/\/rmvapesale.com\/de\/product\/wga-crystal-pro-max-extra-15k-puffs-disposable-vape-wholesale\/\">WGA<\/a> Vape und<a href=\"https:\/\/rmvapesale.com\/de\/product-category\/randm-fumot-vape\/\"> RandM Vape<\/a>.<\/p>\n<p>Unser Sortiment umfasst hei\u00dfe Verkaufs-Vapes wie die <a href=\"https:\/\/rmvapesale.com\/de\/product\/fumot-digital-box-12000-disposable-vape-pink-lemonade-flavor\/\">RandM 12k<\/a> und geschmacksreiche Optionen wie die <a href=\"https:\/\/rmvapesale.com\/de\/product\/elfbar-combo-25000-puffs-rechargeable-disposable-vape-wholesale\/\">ELFBAR Combo 25000 Puff<\/a>. Jedes Produkt wird mit Fokus auf Qualit\u00e4t, Wert und Vielfalt ausgew\u00e4hlt, um sicherzustellen, dass Sie die perfekte \u00dcbereinstimmung f\u00fcr Ihre Bed\u00fcrfnisse finden. Entdecken Sie au\u00dfergew\u00f6hnlichen Service und eine breite Palette an Top-Produkten bei Rmvapesale.<\/p>\n<\/div>\n<h3><\/h3>\n<div class=\"relative p-1 rounded-sm flex items-center justify-center bg-token-main-surface-primary text-token-text-primary h-8 w-8\">\n<h3><b>RandM 9000 Wiederaufladbare Einweg-Vape FAQS<\/b><\/h3>\n<ol>\n<li><strong>Was sind die beliebten Geschmacksrichtungen f\u00fcr RandM 9000 Puffs Einweg-Vape-Stift?<\/strong><br \/>\nBeliebte Geschmacksrichtungen f\u00fcr den RandM 9000 Einweg-Vape-Stift sind Blue Razz Ice, das s\u00fc\u00dfe Himbeere mit einem k\u00fchlen, eisigen Abgang kombiniert. Weitere Geschmacksrichtungen k\u00f6nnen je nach Verf\u00fcgbarkeit und regionalen Vorlieben variieren.<\/li>\n<li><strong>Woran erkenne ich, wann mein RandM Tornado 9000 leer ist?<\/strong><br \/>\nWenn Ihr RandM Tornado 9000 leer ist, bemerken Sie eine Verringerung der Dampfproduktion und des Geschmacks. Zus\u00e4tzlich kann das Ziehen schw\u00e4cher sein oder wenig Dampf produzieren, was darauf hinweist, dass das E-Liquid aufgebraucht ist.<\/li>\n<li><strong>Wie lange dauert es, einen RandM 9000 Puff-Vape aufzuladen?<\/strong><br \/>\nDie Ladezeiten f\u00fcr den RandM Tornado 9000 k\u00f6nnen variieren, aber in der Regel dauert es etwa 1-2 Stunden, um die 850mAh Batterie \u00fcber den Typ-C-Anschluss vollst\u00e4ndig aufzuladen.<\/li>\n<li><strong>Wie viel Nikotin enth\u00e4lt ein RandM Tornado 9k Puff Einweg-Vape?<\/strong><br \/>\nDer RandM Tornado 9000 enth\u00e4lt Nikotinsalz, aber die genaue Nikotinkonzentration kann je nach Region und Produktversion variieren. Es ist am besten, die Verpackung oder Produktspezifikationen auf den genauen Nikotingehalt zu \u00fcberpr\u00fcfen.<\/li>\n<li><strong>Wo kann ich Fumot Tornado 9000 Puff-Vapes zum Gro\u00dfhandelspreis kaufen?<\/strong><br \/>\nSie k\u00f6nnen Fumot Tornado 9000 Puff-Vapes zu Gro\u00dfhandelspreisen bei autorisierten Vape-Distributoren oder Online-Gro\u00dfhandelsvapeshops kaufen. Viele Websites bieten Gro\u00dfhandelsoptionen speziell f\u00fcr die Marken RandM und Fumot an.<\/li>\n<li><strong>Kann ich einen Einweg-Vape mit ins Flugzeug nehmen?<\/strong><br \/>\nJa, Sie k\u00f6nnen Einweg-Vapes im Handgep\u00e4ck mit auf das Flugzeug nehmen, aber sie d\u00fcrfen nicht im aufgegebenen Gep\u00e4ck sein aufgrund von Batterievorschriften. \u00dcberpr\u00fcfen Sie immer die Richtlinien der Fluggesellschaft und der Sicherheitskontrolle vor der Reise.<\/li>\n<li><strong>Wie viele Z\u00fcge bietet der RandM Vape 9000 Puff?<\/strong><br \/>\nDer RandM Tornado 9000 Einweg-Vape bietet \u00fcber 9000 Z\u00fcge, was ihn im Vergleich zu anderen Einweg-Vapes zu einer langlebigen Option macht.<\/li>\n<\/ol>\n<\/div>\n<div class=\"mb-2 flex gap-3 empty:hidden -ml-2\"><\/div>\n<p>&nbsp;<\/p>\n<\/div>\n<\/div>\n<\/div>\n<h3>Zum Versand<\/h3>\n<div class=\"flex-shrink-0 flex flex-col relative items-end\">\n<div>\n<div class=\"pt-0\">\n<div class=\"gizmo-bot-avatar flex h-8 w-8 items-center justify-center overflow-hidden rounded-full\">\n<div><\/div>\n<div class=\"relative p-1 rounded-sm flex items-center justify-center bg-token-main-surface-primary text-token-text-primary h-8 w-8\"><strong>1. Welche Versandmethoden werden verwendet?<\/strong><\/div>\n<\/div>\n<\/div>\n<\/div>\n<\/div>\n<div class=\"group\/conversation-turn relative flex w-full min-w-0 flex-col agent-turn\">\n<div class=\"flex-col gap-1 md:gap-3\">\n<div class=\"flex max-w-full flex-col flex-grow\">\n<div class=\"min-h-[20px] text-message flex w-full flex-col items-end gap-2 whitespace-normal break-words [.text-message+&amp;]:mt-5 overflow-x-auto\" dir=\"auto\" data-message-author-role=\"assistant\" data-message-id=\"22f8283b-3233-46ff-89a5-c7a41b33abda\">\n<div class=\"flex w-full flex-col gap-1 empty:hidden first:pt-[3px]\">\n<div class=\"markdown prose w-full break-words dark:prose-invert light\">\n<p>Wir arbeiten mit UPS, DHL, FedEx, DPD und anderen f\u00fchrenden Transportunternehmen zusammen. Wir w\u00e4hlen die beste Versandmethode basierend auf Ihrem Lieferort aus, um sicherzustellen, dass Sie Ihre Produkte so schnell wie m\u00f6glich erhalten.<\/p>\n<\/div>\n<p><strong>2. Wie lange dauert es, bis die Lieferung ankommt?<\/strong><\/p>\n<p>Pakete, die nach Deutschland versandt werden, kommen normalerweise innerhalb von 10 Werktagen an. Der Versand in europ\u00e4ische L\u00e4nder dauert in der Regel etwa 12-15 Werktage. Wir werden Ihnen Echtzeit-Updates zu Ihrem Versandstatus bereitstellen.<\/p>\n<\/div>\n<\/div>\n<\/div>\n<\/div>\n<\/div>\n<p>&nbsp;<\/p>\n<p>Finden Sie weitere Vape-Produkte, die Ihnen gefallen k\u00f6nnten:<strong><em><a href=\"https:\/\/rmvapesale.com\/de\/shop-2\/\">jetzt einkaufen &gt;&gt;&gt;<\/a><\/em><\/strong><\/p>","protected":false},"excerpt":{"rendered":"<p>RandM Tornado 9000 Z\u00fcge Einweg-Vape-Ger\u00e4t<br \/>\nRandM 9000 Z\u00fcge Einweg-Vape Alle Geschmacksrichtungen auf Lager<br \/>\nRandM Tornado 9000 Zug 9K Einweg-Tabak<\/p>\n<p><img loading=\"lazy\" decoding=\"async\" class=\"size-full wp-image-2375\" src=\"https:\/\/rmvapesale.com\/wp-content\/uploads\/2024\/10\/image.png\" alt=\"Bester Einweg-Vape\" width=\"229\" height=\"300\" \/><\/p>\n<h3><a href=\"https:\/\/wa.me\/8617776015835\"><span style=\"color: #ff0000\"><strong>WhatsApp: +86 17776015835<\/strong><\/span><\/a><\/h3>\n<p>&nbsp;<\/p>","protected":false},"featured_media":2719,"comment_status":"open","ping_status":"closed","template":"","meta":{"_uag_custom_page_level_css":"","_lmt_disableupdate":"no","_lmt_disable":"","site-sidebar-layout":"default","site-content-layout":"content-boxed-container","ast-site-content-layout":"normal-width-container","site-content-style":"boxed","site-sidebar-style":"unboxed","ast-global-header-display":"","ast-banner-title-visibility":"","ast-main-header-display":"","ast-hfb-above-header-display":"","ast-hfb-below-header-display":"","ast-hfb-mobile-header-display":"","site-post-title":"","ast-breadcrumbs-content":"","ast-featured-img":"","footer-sml-layout":"","theme-transparent-header-meta":"default","adv-header-id-meta":"","stick-header-meta":"","header-above-stick-meta":"","header-main-stick-meta":"","header-below-stick-meta":"","astra-migrate-meta-layouts":"set","ast-page-background-enabled":"default","ast-page-background-meta":{"desktop":{"background-color":"var(--ast-global-color-4)","background-image":"","background-repeat":"repeat","background-position":"center center","background-size":"auto","background-attachment":"scroll","background-type":"","background-media":"","overlay-type":"","overlay-color":"","overlay-opacity":"","overlay-gradient":""},"tablet":{"background-color":"","background-image":"","background-repeat":"repeat","background-position":"center center","background-size":"auto","background-attachment":"scroll","background-type":"","background-media":"","overlay-type":"","overlay-color":"","overlay-opacity":"","overlay-gradient":""},"mobile":{"background-color":"","background-image":"","background-repeat":"repeat","background-position":"center center","background-size":"auto","background-attachment":"scroll","background-type":"","background-media":"","overlay-type":"","overlay-color":"","overlay-opacity":"","overlay-gradient":""}},"ast-content-background-meta":{"desktop":{"background-color":"var(--ast-global-color-5)","background-image":"","background-repeat":"repeat","background-position":"center center","background-size":"auto","background-attachment":"scroll","background-type":"","background-media":"","overlay-type":"","overlay-color":"","overlay-opacity":"","overlay-gradient":""},"tablet":{"background-color":"var(--ast-global-color-5)","background-image":"","background-repeat":"repeat","background-position":"center center","background-size":"auto","background-attachment":"scroll","background-type":"","background-media":"","overlay-type":"","overlay-color":"","overlay-opacity":"","overlay-gradient":""},"mobile":{"background-color":"var(--ast-global-color-5)","background-image":"","background-repeat":"repeat","background-position":"center center","background-size":"auto","background-attachment":"scroll","background-type":"","background-media":"","overlay-type":"","overlay-color":"","overlay-opacity":"","overlay-gradient":""}},"_joinchat":[]},"product_brand":[],"product_cat":[15,25,123,26,28,135,27,137,136,30],"product_tag":[169,207,181,120],"class_list":{"0":"post-2718","1":"product","2":"type-product","3":"status-publish","4":"has-post-thumbnail","6":"product_cat-new-vape-this-week","7":"product_cat-germany-best-selling-vape","8":"product_cat-italy-wholesale-vape","9":"product_cat-netherlands-hot-sale-vape","10":"product_cat-poland-hot-sale-vape","11":"product_cat-spain-best-hot-sale-vape","12":"product_cat-fance-hot-sale-vape","13":"product_cat-rechargeable-vapes","14":"product_cat-smart-screen-vapes","15":"product_cat-minimum-order-quantity-50pcs","16":"product_tag-best-disposable-vape-2024","17":"product_tag-puff-vape","18":"product_tag-randm-tornado-9000","19":"product_tag-vape-wholesale","20":"desktop-align-left","21":"tablet-align-left","22":"mobile-align-left","24":"first","25":"instock","26":"sale","27":"shipping-taxable","28":"purchasable","29":"product-type-simple"},"uagb_featured_image_src":{"full":["https:\/\/rmvapesale.com\/wp-content\/uploads\/2024\/11\/RandM-Tornado-9000-BLUE-RAZZ-ICE.png",1000,1000,false],"thumbnail":["https:\/\/rmvapesale.com\/wp-content\/uploads\/2024\/11\/RandM-Tornado-9000-BLUE-RAZZ-ICE-150x150.png",150,150,true],"medium":["https:\/\/rmvapesale.com\/wp-content\/uploads\/2024\/11\/RandM-Tornado-9000-BLUE-RAZZ-ICE-300x300.png",300,300,true],"medium_large":["https:\/\/rmvapesale.com\/wp-content\/uploads\/2024\/11\/RandM-Tornado-9000-BLUE-RAZZ-ICE-768x768.png",768,768,true],"large":["https:\/\/rmvapesale.com\/wp-content\/uploads\/2024\/11\/RandM-Tornado-9000-BLUE-RAZZ-ICE.png",1000,1000,false],"1536x1536":["https:\/\/rmvapesale.com\/wp-content\/uploads\/2024\/11\/RandM-Tornado-9000-BLUE-RAZZ-ICE.png",1000,1000,false],"2048x2048":["https:\/\/rmvapesale.com\/wp-content\/uploads\/2024\/11\/RandM-Tornado-9000-BLUE-RAZZ-ICE.png",1000,1000,false],"trp-custom-language-flag":["https:\/\/rmvapesale.com\/wp-content\/uploads\/2024\/11\/RandM-Tornado-9000-BLUE-RAZZ-ICE.png",12,12,false],"woocommerce_thumbnail":["https:\/\/rmvapesale.com\/wp-content\/uploads\/2024\/11\/RandM-Tornado-9000-BLUE-RAZZ-ICE-300x300.png",300,300,true],"woocommerce_single":["https:\/\/rmvapesale.com\/wp-content\/uploads\/2024\/11\/RandM-Tornado-9000-BLUE-RAZZ-ICE-600x600.png",600,600,true],"woocommerce_gallery_thumbnail":["https:\/\/rmvapesale.com\/wp-content\/uploads\/2024\/11\/RandM-Tornado-9000-BLUE-RAZZ-ICE-100x100.png",100,100,true],"wcpr-photo-reviews":["https:\/\/rmvapesale.com\/wp-content\/uploads\/2024\/11\/RandM-Tornado-9000-BLUE-RAZZ-ICE.png",500,500,false]},"uagb_author_info":{"display_name":"AMY","author_link":"https:\/\/rmvapesale.com\/de\/author\/"},"uagb_comment_info":0,"uagb_excerpt":"RandM Tornado 9000 Puffs Disposable Vape Device RandM 9000 puffs Disposable Vape All Flavor in Stock RandM Tornado 9000 Puff 9K Disposable Bar WhatsApp: +86 17776015835 &nbsp;","_links":{"self":[{"href":"https:\/\/rmvapesale.com\/de\/wp-json\/wp\/v2\/product\/2718","targetHints":{"allow":["GET"]}}],"collection":[{"href":"https:\/\/rmvapesale.com\/de\/wp-json\/wp\/v2\/product"}],"about":[{"href":"https:\/\/rmvapesale.com\/de\/wp-json\/wp\/v2\/types\/product"}],"replies":[{"embeddable":true,"href":"https:\/\/rmvapesale.com\/de\/wp-json\/wp\/v2\/comments?post=2718"}],"wp:featuredmedia":[{"embeddable":true,"href":"https:\/\/rmvapesale.com\/de\/wp-json\/wp\/v2\/media\/2719"}],"wp:attachment":[{"href":"https:\/\/rmvapesale.com\/de\/wp-json\/wp\/v2\/media?parent=2718"}],"wp:term":[{"taxonomy":"product_brand","embeddable":true,"href":"https:\/\/rmvapesale.com\/de\/wp-json\/wp\/v2\/product_brand?post=2718"},{"taxonomy":"product_cat","embeddable":true,"href":"https:\/\/rmvapesale.com\/de\/wp-json\/wp\/v2\/product_cat?post=2718"},{"taxonomy":"product_tag","embeddable":true,"href":"https:\/\/rmvapesale.com\/de\/wp-json\/wp\/v2\/product_tag?post=2718"}],"curies":[{"name":"wp","href":"https:\/\/api.w.org\/{rel}","templated":true}]}}