{"id":2736,"date":"2024-11-15T03:15:27","date_gmt":"2024-11-15T03:15:27","guid":{"rendered":"https:\/\/rmvapesale.com\/?post_type=product&#038;p=2736"},"modified":"2024-11-15T06:57:59","modified_gmt":"2024-11-15T06:57:59","slug":"fumot-randm-digital-box-12000-puffs-disposable-vape-vimot-flavor-bulk-buy-2-5-nicotine","status":"publish","type":"product","link":"https:\/\/rmvapesale.com\/de\/product\/fumot-randm-digital-box-12000-puffs-disposable-vape-vimot-flavor-bulk-buy-2-5-nicotine\/","title":{"rendered":"Fumot RandM Digital Box 12000 Z\u00fcge Einweg-Vape Vimot Geschmack Gro\u00dfeinkauf 2% 5% Nikotin"},"content":{"rendered":"<div class=\"B2VR9 CJHX3e\">\n<div class=\"wyccme\">\n<h1 class=\"LC20lb MBeuO DKV0Md\">Fumot RandM Digital Box 12000 Z\u00fcge Einweg-Vape Vimot Geschmack Gro\u00dfeinkauf 2% 5% Nikotin<\/h1>\n<div class=\"flex-shrink-0 flex flex-col relative items-end\">\n<div class=\"pt-0\">\n<div class=\"gizmo-bot-avatar flex h-8 w-8 items-center justify-center overflow-hidden rounded-full\">\n<div class=\"relative p-1 rounded-sm flex items-center justify-center bg-token-main-surface-primary text-token-text-primary h-8 w-8\">\n<p>Der Fumot Randm Digital Box 12000 Puffs Einweg-Vape wurde f\u00fcr diejenigen entwickelt, die langanhaltende Leistung und ein lebendiges Dampferlebnis suchen. Dieser RandM-Vape verf\u00fcgt \u00fcber eine beeindruckende 20-ml-E-Liquid-Kapazit\u00e4t, die bis zu 12.000 Z\u00fcge pro Ger\u00e4t erm\u00f6glicht, was ihn ideal f\u00fcr den l\u00e4ngeren Gebrauch macht. Er ist in Nikotinst\u00e4rken von 2% und 5% erh\u00e4ltlich und bedient unterschiedliche Vorlieben, egal ob Sie einen starken Hit oder eine mildere Option suchen. Dieser Fumot 12000 ist mit einer digitalen Anzeige ausgestattet, mit der Sie sowohl den E-Liquid- als auch den Batteriestand \u00fcberwachen k\u00f6nnen, sodass Sie nie unvorbereitet sind. Der praktische Typ-C-Ladeanschluss in Kombination mit einem wiederaufladbaren 850-mAh-Akku gew\u00e4hrleistet ein schnelles und effizientes Aufladen, damit Sie weitermachen k\u00f6nnen.<\/p>\n<p>Der Randm Digital Box 12000 Puffs Einweg-Vape im Vimot-Geschmack bringt kr\u00e4ftigen Geschmack und dichte Wolken, perfekt f\u00fcr ein ganzt\u00e4giges Dampferlebnis. Mit seiner robusten Bauweise und seinem schlanken Design liegt dieser RandM 12000 Vape bequem in der Hand und passt in die Hosentasche. Egal, ob Sie ein gelegentlicher Dampfer sind oder die Bequemlichkeit von Einweg-Vapes lieben, der Fumot 12k bietet eine zufriedenstellende, einfach zu bedienende Option f\u00fcr hochwertiges Dampfen. Optionen f\u00fcr den Gro\u00dfeinkauf sind bei Rmvapesale erh\u00e4ltlich, was ihn zu einer ausgezeichneten Wahl f\u00fcr Gro\u00dfh\u00e4ndler macht, die eine hohe Nachfrage mit einem zuverl\u00e4ssigen, geschmackvollen und effizienten Vape-Produkt zu einem Gro\u00dfhandelspreis decken m\u00f6chten.<\/p>\n<p>&nbsp;<\/p>\n<\/div>\n<\/div>\n<\/div>\n<\/div>\n<\/div>\n<\/div>\n<p><strong>Kontaktieren Sie Amy, um die richtige Antwort und einen Gutschein f\u00fcr E-Zigaretten zu erhalten!<\/strong><\/p>\n<p><img loading=\"lazy\" decoding=\"async\" class=\"size-full wp-image-1978\" src=\"https:\/\/rmvapesale.com\/wp-content\/uploads\/2024\/09\/Disposable-Vape-Wholesale.jpg\" alt=\"Einweg-Vape Gro\u00dfhandel\" width=\"229\" height=\"300\" \/><\/p>\n<h3><a href=\"https:\/\/wa.me\/8617776015835\" target=\"_blank\" rel=\"noopener\"><span style=\"color: #ff0000\"><strong>WhatsApp: +86 17776015835<\/strong><\/span><\/a><\/h3>\n<p>&nbsp;<\/p>\n<h2><\/h2>\n<h2><strong>Randm 12000 Puffs Hauptmerkmale<\/strong><\/h2>\n<ul>\n<li>Langanhaltende 12.000 Z\u00fcge mit 20 ml E-Liquid<\/li>\n<li>Wiederaufladbarer 850-mAh-Akku mit Typ-C-Anschluss<\/li>\n<li>Digitale Anzeige f\u00fcr E-Liquid- und Batteriestatus<\/li>\n<li>Erh\u00e4ltlich in Nikotinoptionen von 0%, 2%, 3% und 5%<\/li>\n<li>Gro\u00dfeinkauf-Optionen f\u00fcr den Gro\u00dfhandel<\/li>\n<\/ul>\n<p>&nbsp;<\/p>\n<h2><strong>Top-Geschmack f\u00fcr Fumot 12000 Puffs<\/strong><\/h2>\n<p>1 K\u00fchle Minze <span style=\"color: #ff0000\"><strong>&gt;&gt;&gt;&gt; Hei\u00df!<\/strong><\/span><br \/>\n2 Wassermelone Eis<br \/>\n3 Traube Eis<br \/>\n4 Blaubeere Himbeere <span style=\"color: #ff0000\"><strong>&gt;&gt;&gt;&gt; Hei\u00df!<\/strong><\/span><br \/>\n5 Erdbeer Wassermelone<br \/>\n6 Erdbeer Banane<br \/>\n7 \u00dcppiges Eis<br \/>\n8 Kirsche<br \/>\n9 Erdbeereis<br \/>\n10 Eis am Stiel<br \/>\n11 Pinke Limonade <span style=\"color: #ff0000\"><strong>&gt;&gt;&gt;&gt; Hei\u00df!<\/strong><\/span><br \/>\n12 Mango auf Eis<br \/>\n13 Gemischte Beeren<br \/>\n14 Erdbeerkrapfen<br \/>\n15 Erdbeer Traube<br \/>\n16 Kirsch Cola<br \/>\n17 Dr. Blau<br \/>\n18 Heidelbeere auf Eis <span style=\"color: #ff0000\"><strong>&gt;&gt;&gt;&gt; Hei\u00df!<\/strong><\/span><br \/>\n19 Kiwi Passionsfrucht Guave<br \/>\n20 Erdbeer Kiwi<br \/>\n21 Pfirsich Mango<br \/>\n22 Pfirsich Eis<br \/>\n23 Roter Apfel Eis<br \/>\n24 Heidelbeer Kaugummi <span style=\"color: #ff0000\"><strong>&gt;&gt;&gt;&gt; Am besten!<\/strong><\/span><br \/>\n25 Beerenlimonade<br \/>\n26 Blaue Himbeerlimonade<br \/>\n27 Blaue saure Himbeere<br \/>\n28 Erdbeer Red bull<br \/>\n29 Apfelbeeren-Explosion<br \/>\n30 Wassermelonen-Kaugummi<br \/>\n31 Himbeer-Wassermelone<br \/>\n32 Schwarzes Eis<br \/>\n33 Heidelbeere Kirsche Cranberry<br \/>\n34 Erdbeer-Pomp (Granatapfel)<br \/>\n35 Vimto<br \/>\n36 Kirschbeere<br \/>\n37 Zitrone<br \/>\n38 Bingo Crush<br \/>\n39 Blaubeere Kiwi<br \/>\n40 Apfel Zimt<\/p>\n<h3><\/h3>\n<h3><strong>Warum Rmvapesale f\u00fcr RandM Digital Box 12000 w\u00e4hlen <\/strong><strong>V<\/strong><strong>Gro\u00dfhandel<\/strong><strong>?<\/strong><\/h3>\n<div class=\"flex-shrink-0 flex flex-col relative items-end\">\n<div class=\"pt-0\">\n<div class=\"gizmo-bot-avatar flex h-8 w-8 items-center justify-center overflow-hidden rounded-full\">\n<div class=\"relative p-1 rounded-sm flex items-center justify-center bg-token-main-surface-primary text-token-text-primary h-8 w-8\">\n<p>Willkommen bei Rmvapesale, Ihrem vertrauensw\u00fcrdigen Vape-Shop f\u00fcr Premium Einweg-Vapes. Mit \u00fcber 5 Jahren Erfahrung bieten wir Ihnen beliebte Marken f\u00fcr Einweg-Vapes wie Al Fakher, <a href=\"https:\/\/rmvapesale.com\/de\/product\/vapme-crystal-7000-puffs-rechargeable-disposable-vape-price\/\">Vapme<\/a>, <a href=\"https:\/\/rmvapesale.com\/de\/product-category\/bang-vapes\/\">Bang Vape<\/a>, Waspe, <a href=\"https:\/\/rmvapesale.com\/de\/product\/wga-crystal-pro-max-extra-15k-puffs-disposable-vape-wholesale\/\">WGA<\/a> Vape und<a href=\"https:\/\/rmvapesale.com\/de\/product-category\/randm-fumot-vape\/\"> RandM Vape<\/a>.<\/p>\n<p>Unser Sortiment umfasst hei\u00dfe Verkaufs-Vapes wie die <a href=\"https:\/\/rmvapesale.com\/de\/product\/fumot-digital-box-12000-disposable-vape-pink-lemonade-flavor\/\">RandM 12000<\/a> und geschmacksreiche Optionen wie die <a href=\"https:\/\/rmvapesale.com\/de\/product\/wga-crystal-pro-max-extra-15k-puffs-disposable-vape-wholesale\/\">WGA 15K<\/a>. Jedes Produkt wird mit Fokus auf Qualit\u00e4t, Wert und Vielfalt ausgew\u00e4hlt, um sicherzustellen, dass Sie die perfekte \u00dcbereinstimmung f\u00fcr Ihre Bed\u00fcrfnisse finden. Entdecken Sie au\u00dfergew\u00f6hnlichen Service und eine breite Palette an Top-Produkten bei Rmvapesale.<\/p>\n<\/div>\n<h3><\/h3>\n<div class=\"relative p-1 rounded-sm flex items-center justify-center bg-token-main-surface-primary text-token-text-primary h-8 w-8\">\n<h3><b>Fumot 12000 Puffs Wiederaufladbarer Einweg-Vape FAQs<\/b><\/h3>\n<div class=\"flex-shrink-0 flex flex-col relative items-end\">\n<div>\n<div class=\"pt-0\">\n<div class=\"gizmo-bot-avatar flex h-8 w-8 items-center justify-center overflow-hidden rounded-full\">\n<div class=\"relative p-1 rounded-sm flex items-center justify-center bg-token-main-surface-primary text-token-text-primary h-8 w-8\"><\/div>\n<\/div>\n<\/div>\n<\/div>\n<\/div>\n<div class=\"group\/conversation-turn relative flex w-full min-w-0 flex-col agent-turn\">\n<div class=\"flex-col gap-1 md:gap-3\">\n<div class=\"flex max-w-full flex-col flex-grow\">\n<div class=\"min-h-8 text-message flex w-full flex-col items-end gap-2 whitespace-normal break-words [.text-message+&amp;]:mt-5\" dir=\"auto\" data-message-author-role=\"assistant\" data-message-id=\"00c9b302-bc9c-4550-94ba-5a295efa2be3\" data-message-model-slug=\"gpt-4o\">\n<div class=\"flex w-full flex-col gap-1 empty:hidden first:pt-[3px]\">\n<div class=\"markdown prose w-full break-words dark:prose-invert light\">\n<ol>\n<li><strong>Wie viele Z\u00fcge bietet die Fumot 12000 Digital Box Vape?<\/strong><br \/>\nDie Fumot 12000 Digital Box Vape bietet bis zu 12.000 Z\u00fcge.<\/li>\n<li><strong>Was ist der beliebteste Geschmack f\u00fcr den RandM 12000 Einweg-Vape?<\/strong><br \/>\nBeliebte Geschmacksrichtungen f\u00fcr den RandM 12000 Einweg-Vape variieren stark, aber Fruchtmischungen, Minze und von Desserts inspirierte Aromen sind oft Favoriten unter den Nutzern.<\/li>\n<li><strong>Woran erkenne ich, dass mein wiederaufladbarer Fumot Vape 12000 Puffs leer ist?<\/strong><br \/>\nDie Fumot 12000 Digital Box Vape hat ein digitales Display, das den E-Liquid-F\u00fcllstand anzeigt. Wenn die E-Liquid-F\u00fcllstandsanzeige niedrig oder leer ist, ist es Zeit, das Ger\u00e4t zu ersetzen oder nachzuf\u00fcllen, wenn es sich um ein nachf\u00fcllbares Modell handelt.<\/li>\n<li><strong>Wie viel Nikotin ist in einem Fumot Digital Box 12000 Einweg-Vape?<\/strong><br \/>\nDer Fumot Digital Box 12000 Einweg-Vape bietet Nikotinst\u00e4rken von 0 %, 2 %, 3 % und 5 %, sodass Benutzer je nach Vorliebe w\u00e4hlen k\u00f6nnen.<\/li>\n<li><strong>Wie lange dauert es, den Fumot 12000 Vape vollst\u00e4ndig aufzuladen?<\/strong><br \/>\nMit seinem wiederaufladbaren 850-mAh-Akku und dem Typ-C-Ladeanschluss dauert das vollst\u00e4ndige Aufladen des Fumot 12000 Vape in der Regel etwa 1-2 Stunden, je nach Stromquelle.<\/li>\n<li><strong>Wo kann man RandM Digital Box 12000 Puffs Vapes zum Gro\u00dfhandelspreis kaufen?<\/strong><br \/>\nSie k\u00f6nnen die RandM Digital Box 12000 Puffs Vapes zu Gro\u00dfhandelspreisen bei <a href=\"https:\/\/rmvapesale.com\/de\/\" target=\"_new\" rel=\"noopener\">Rmvapesale<\/a>, einem Online-Vape-Shop, der f\u00fcr Gro\u00dfbestellungen von Vape-Zubeh\u00f6r bekannt ist, erwerben.<\/li>\n<li><strong>Kann ich einen Einweg-Vape mit ins Flugzeug nehmen?<\/strong><br \/>\nJa, Sie k\u00f6nnen einen Einweg-Vape mit ins Flugzeug nehmen, aber er muss in Ihrem Handgep\u00e4ck mitgef\u00fchrt werden. \u00dcberpr\u00fcfen Sie jedoch die Richtlinien der Fluggesellschaft, da die Einschr\u00e4nkungen variieren k\u00f6nnen.<\/li>\n<\/ol>\n<\/div>\n<\/div>\n<\/div>\n<\/div>\n<\/div>\n<\/div>\n<\/div>\n<div class=\"mb-2 flex gap-3 empty:hidden -ml-2\"><\/div>\n<p>&nbsp;<\/p>\n<\/div>\n<\/div>\n<\/div>\n<h3>Zum Versand<\/h3>\n<div class=\"flex-shrink-0 flex flex-col relative items-end\">\n<div>\n<div class=\"pt-0\">\n<div class=\"gizmo-bot-avatar flex h-8 w-8 items-center justify-center overflow-hidden rounded-full\">\n<div><\/div>\n<div class=\"relative p-1 rounded-sm flex items-center justify-center bg-token-main-surface-primary text-token-text-primary h-8 w-8\"><strong>1. Welche Versandmethoden werden verwendet?<\/strong><\/div>\n<\/div>\n<\/div>\n<\/div>\n<\/div>\n<div class=\"group\/conversation-turn relative flex w-full min-w-0 flex-col agent-turn\">\n<div class=\"flex-col gap-1 md:gap-3\">\n<div class=\"flex max-w-full flex-col flex-grow\">\n<div class=\"min-h-[20px] text-message flex w-full flex-col items-end gap-2 whitespace-normal break-words [.text-message+&amp;]:mt-5 overflow-x-auto\" dir=\"auto\" data-message-author-role=\"assistant\" data-message-id=\"22f8283b-3233-46ff-89a5-c7a41b33abda\">\n<div class=\"flex w-full flex-col gap-1 empty:hidden first:pt-[3px]\">\n<div class=\"markdown prose w-full break-words dark:prose-invert light\">\n<p>Wir arbeiten mit UPS, DHL, FedEx, DPD und anderen f\u00fchrenden Transportunternehmen zusammen. Wir w\u00e4hlen die beste Versandmethode basierend auf Ihrem Lieferort aus, um sicherzustellen, dass Sie Ihre Produkte so schnell wie m\u00f6glich erhalten.<\/p>\n<\/div>\n<p><strong>2. Wie lange dauert es, bis die Lieferung ankommt?<\/strong><\/p>\n<p>Pakete, die nach Deutschland versandt werden, kommen normalerweise innerhalb von 10 Werktagen an. Der Versand in europ\u00e4ische L\u00e4nder dauert in der Regel etwa 12-15 Werktage. Wir werden Ihnen Echtzeit-Updates zu Ihrem Versandstatus bereitstellen.<\/p>\n<\/div>\n<\/div>\n<\/div>\n<\/div>\n<\/div>\n<p>&nbsp;<\/p>\n<p>Finden Sie weitere Vape-Produkte, die Ihnen gefallen k\u00f6nnten:<strong><em><a href=\"https:\/\/rmvapesale.com\/de\/shop-2\/\">jetzt einkaufen &gt;&gt;&gt;<\/a><\/em><\/strong><\/p>","protected":false},"excerpt":{"rendered":"<p>Fumot RandM 12000 Puffs Digital Box Einweg-Vape<br \/>\nFumot 12000 Wiederaufladbarer Einweg-Vape Gro\u00dfhandelspreis<br \/>\nRandM Vape Fumot 12000 Nikotinreduzierter Einweg-Vape 2%<\/p>\n<p><img loading=\"lazy\" decoding=\"async\" class=\"size-full wp-image-2375\" src=\"https:\/\/rmvapesale.com\/wp-content\/uploads\/2024\/10\/image.png\" alt=\"Bester Einweg-Vape\" width=\"229\" height=\"300\" \/><\/p>\n<h3><a href=\"https:\/\/wa.me\/8617776015835\"><span style=\"color: #ff0000\"><strong>WhatsApp: +86 17776015835<\/strong><\/span><\/a><\/h3>\n<p>&nbsp;<\/p>","protected":false},"featured_media":2732,"comment_status":"open","ping_status":"closed","template":"","meta":{"_uag_custom_page_level_css":"","_lmt_disableupdate":"no","_lmt_disable":"","site-sidebar-layout":"default","site-content-layout":"content-boxed-container","ast-site-content-layout":"normal-width-container","site-content-style":"boxed","site-sidebar-style":"unboxed","ast-global-header-display":"","ast-banner-title-visibility":"","ast-main-header-display":"","ast-hfb-above-header-display":"","ast-hfb-below-header-display":"","ast-hfb-mobile-header-display":"","site-post-title":"","ast-breadcrumbs-content":"","ast-featured-img":"","footer-sml-layout":"","theme-transparent-header-meta":"default","adv-header-id-meta":"","stick-header-meta":"","header-above-stick-meta":"","header-main-stick-meta":"","header-below-stick-meta":"","astra-migrate-meta-layouts":"set","ast-page-background-enabled":"default","ast-page-background-meta":{"desktop":{"background-color":"var(--ast-global-color-4)","background-image":"","background-repeat":"repeat","background-position":"center center","background-size":"auto","background-attachment":"scroll","background-type":"","background-media":"","overlay-type":"","overlay-color":"","overlay-opacity":"","overlay-gradient":""},"tablet":{"background-color":"","background-image":"","background-repeat":"repeat","background-position":"center center","background-size":"auto","background-attachment":"scroll","background-type":"","background-media":"","overlay-type":"","overlay-color":"","overlay-opacity":"","overlay-gradient":""},"mobile":{"background-color":"","background-image":"","background-repeat":"repeat","background-position":"center center","background-size":"auto","background-attachment":"scroll","background-type":"","background-media":"","overlay-type":"","overlay-color":"","overlay-opacity":"","overlay-gradient":""}},"ast-content-background-meta":{"desktop":{"background-color":"var(--ast-global-color-5)","background-image":"","background-repeat":"repeat","background-position":"center center","background-size":"auto","background-attachment":"scroll","background-type":"","background-media":"","overlay-type":"","overlay-color":"","overlay-opacity":"","overlay-gradient":""},"tablet":{"background-color":"var(--ast-global-color-5)","background-image":"","background-repeat":"repeat","background-position":"center center","background-size":"auto","background-attachment":"scroll","background-type":"","background-media":"","overlay-type":"","overlay-color":"","overlay-opacity":"","overlay-gradient":""},"mobile":{"background-color":"var(--ast-global-color-5)","background-image":"","background-repeat":"repeat","background-position":"center center","background-size":"auto","background-attachment":"scroll","background-type":"","background-media":"","overlay-type":"","overlay-color":"","overlay-opacity":"","overlay-gradient":""}},"_joinchat":[]},"product_brand":[],"product_cat":[15,51,25,123,26,28,135,27,31,137,136,30],"product_tag":[212,214,39,213,38],"class_list":{"0":"post-2736","1":"product","2":"type-product","3":"status-publish","4":"has-post-thumbnail","6":"product_cat-new-vape-this-week","7":"product_cat-fumot-vape","8":"product_cat-germany-best-selling-vape","9":"product_cat-italy-wholesale-vape","10":"product_cat-netherlands-hot-sale-vape","11":"product_cat-poland-hot-sale-vape","12":"product_cat-spain-best-hot-sale-vape","13":"product_cat-fance-hot-sale-vape","14":"product_cat-randm-fumot-vape","15":"product_cat-rechargeable-vapes","16":"product_cat-smart-screen-vapes","17":"product_cat-minimum-order-quantity-50pcs","18":"product_tag-fumot-12000","19":"product_tag-fumot-12k","20":"product_tag-fumot-vape","21":"product_tag-randm-12000","22":"product_tag-randm-vape","23":"desktop-align-left","24":"tablet-align-left","25":"mobile-align-left","27":"first","28":"instock","29":"sale","30":"shipping-taxable","31":"purchasable","32":"product-type-simple"},"uagb_featured_image_src":{"full":["https:\/\/rmvapesale.com\/wp-content\/uploads\/2024\/11\/RandM-Digital-12000-Puffs-Disposable-Vape-Wholesale.jpg",800,800,false],"thumbnail":["https:\/\/rmvapesale.com\/wp-content\/uploads\/2024\/11\/RandM-Digital-12000-Puffs-Disposable-Vape-Wholesale-150x150.jpg",150,150,true],"medium":["https:\/\/rmvapesale.com\/wp-content\/uploads\/2024\/11\/RandM-Digital-12000-Puffs-Disposable-Vape-Wholesale-300x300.jpg",300,300,true],"medium_large":["https:\/\/rmvapesale.com\/wp-content\/uploads\/2024\/11\/RandM-Digital-12000-Puffs-Disposable-Vape-Wholesale-768x768.jpg",768,768,true],"large":["https:\/\/rmvapesale.com\/wp-content\/uploads\/2024\/11\/RandM-Digital-12000-Puffs-Disposable-Vape-Wholesale.jpg",800,800,false],"1536x1536":["https:\/\/rmvapesale.com\/wp-content\/uploads\/2024\/11\/RandM-Digital-12000-Puffs-Disposable-Vape-Wholesale.jpg",800,800,false],"2048x2048":["https:\/\/rmvapesale.com\/wp-content\/uploads\/2024\/11\/RandM-Digital-12000-Puffs-Disposable-Vape-Wholesale.jpg",800,800,false],"trp-custom-language-flag":["https:\/\/rmvapesale.com\/wp-content\/uploads\/2024\/11\/RandM-Digital-12000-Puffs-Disposable-Vape-Wholesale.jpg",12,12,false],"woocommerce_thumbnail":["https:\/\/rmvapesale.com\/wp-content\/uploads\/2024\/11\/RandM-Digital-12000-Puffs-Disposable-Vape-Wholesale-300x300.jpg",300,300,true],"woocommerce_single":["https:\/\/rmvapesale.com\/wp-content\/uploads\/2024\/11\/RandM-Digital-12000-Puffs-Disposable-Vape-Wholesale-600x600.jpg",600,600,true],"woocommerce_gallery_thumbnail":["https:\/\/rmvapesale.com\/wp-content\/uploads\/2024\/11\/RandM-Digital-12000-Puffs-Disposable-Vape-Wholesale-100x100.jpg",100,100,true],"wcpr-photo-reviews":["https:\/\/rmvapesale.com\/wp-content\/uploads\/2024\/11\/RandM-Digital-12000-Puffs-Disposable-Vape-Wholesale.jpg",500,500,false]},"uagb_author_info":{"display_name":"AMY","author_link":"https:\/\/rmvapesale.com\/de\/author\/"},"uagb_comment_info":0,"uagb_excerpt":"Fumot RandM 12000 Puffs Digital Box Disposable Vape Fumot 12000 Rechargeable Disposable Vape Wholesale Price RandM Vape Fumot 12000 Low Nicotine Disposable Vape 2% WhatsApp: +86 17776015835 &nbsp;","_links":{"self":[{"href":"https:\/\/rmvapesale.com\/de\/wp-json\/wp\/v2\/product\/2736","targetHints":{"allow":["GET"]}}],"collection":[{"href":"https:\/\/rmvapesale.com\/de\/wp-json\/wp\/v2\/product"}],"about":[{"href":"https:\/\/rmvapesale.com\/de\/wp-json\/wp\/v2\/types\/product"}],"replies":[{"embeddable":true,"href":"https:\/\/rmvapesale.com\/de\/wp-json\/wp\/v2\/comments?post=2736"}],"wp:featuredmedia":[{"embeddable":true,"href":"https:\/\/rmvapesale.com\/de\/wp-json\/wp\/v2\/media\/2732"}],"wp:attachment":[{"href":"https:\/\/rmvapesale.com\/de\/wp-json\/wp\/v2\/media?parent=2736"}],"wp:term":[{"taxonomy":"product_brand","embeddable":true,"href":"https:\/\/rmvapesale.com\/de\/wp-json\/wp\/v2\/product_brand?post=2736"},{"taxonomy":"product_cat","embeddable":true,"href":"https:\/\/rmvapesale.com\/de\/wp-json\/wp\/v2\/product_cat?post=2736"},{"taxonomy":"product_tag","embeddable":true,"href":"https:\/\/rmvapesale.com\/de\/wp-json\/wp\/v2\/product_tag?post=2736"}],"curies":[{"name":"wp","href":"https:\/\/api.w.org\/{rel}","templated":true}]}}