{"id":2738,"date":"2024-11-15T08:19:48","date_gmt":"2024-11-15T08:19:48","guid":{"rendered":"https:\/\/rmvapesale.com\/?post_type=product&#038;p=2738"},"modified":"2024-11-15T08:43:47","modified_gmt":"2024-11-15T08:43:47","slug":"fumot-randm-12000-strawberry-kiwi-flavor-disposable-vape-wholesale-netherlands","status":"publish","type":"product","link":"https:\/\/rmvapesale.com\/de\/product\/fumot-randm-12000-strawberry-kiwi-flavor-disposable-vape-wholesale-netherlands\/","title":{"rendered":"Fumot RandM 12000 Erdbeer-Kiwi-Geschmack Einweg-Vape Gro\u00dfhandel Niederlande"},"content":{"rendered":"<div class=\"B2VR9 CJHX3e\">\n<div class=\"wyccme\">\n<h1 class=\"LC20lb MBeuO DKV0Md\">Fumot RandM 12000 Erdbeer-Kiwi-Geschmack Einweg-Vape Gro\u00dfhandel Niederlande<\/h1>\n<div class=\"flex-shrink-0 flex flex-col relative items-end\">\n<div class=\"pt-0\">\n<div class=\"gizmo-bot-avatar flex h-8 w-8 items-center justify-center overflow-hidden rounded-full\">\n<div class=\"relative p-1 rounded-sm flex items-center justify-center bg-token-main-surface-primary text-token-text-primary h-8 w-8\">\n<p>&nbsp;<\/p>\n<p>Erleben Sie die lebendige Mischung aus Erdbeere und Kiwi mit dem Fumot RandM 12000 Strawberry Kiwi Geschmack Einweg Vape, der entwickelt wurde, um bis zu 12.000 Z\u00fcge mit reichem und befriedigendem Geschmack zu liefern. Dieser Einweg-Vape ist ideal f\u00fcr den Gro\u00dfhandel in Deutschland und bietet eine langlebige Vaping-L\u00f6sung, die perfekt f\u00fcr neue und erfahrene Benutzer ist. Mit seiner 20ml E-Saft-Kapazit\u00e4t und den verf\u00fcgbaren Nikotinst\u00e4rken von 0%, 2%, 3% oder 5% bedient dieses Ger\u00e4t diverse Vorlieben und gibt den Benutzern die M\u00f6glichkeit, die Intensit\u00e4t zu w\u00e4hlen, die am besten zu ihnen passt. Der leistungsstarke wiederaufladbare 850mAh Akku, gepaart mit einem praktischen Typ-C-Ladeanschluss, stellt sicher, dass Sie ununterbrochenes Dampfen mit minimaler Ausfallzeit genie\u00dfen k\u00f6nnen.<\/p>\n<p>Der Fumot RandM 12000 Strawberry Kiwi Geschmack Einweg Vape verf\u00fcgt auch \u00fcber eine digitale Anzeige, die Echtzeit-Updates \u00fcber die Akkulaufzeit und den E-Liquid-F\u00fcllstand liefert, sodass Sie immer die Kontrolle haben. Entwickelt mit fortschrittlicher Mesh-Coil-Technologie, liefert dieser Vape einen glatten und geschmackvollen Dampf, der die nat\u00fcrliche S\u00fc\u00dfe und den Tang der Erdbeere-Kiwi-Mischung verst\u00e4rkt. Jede Einheit ist f\u00fcr Bequemlichkeit vorbef\u00fcllt, und ihr kompaktes, ergonomisches Design macht sie leicht zu transportieren. Egal, ob Sie eine L\u00f6sung f\u00fcr unterwegs oder einen geschmackvollen, leistungsstarken Vape suchen, dieses RandM 12000 Strawberry Kiwi Vape-Ger\u00e4t ist perfekt f\u00fcr Gro\u00dfhandelsbestellungen, um die Kundennachfrage zu befriedigen.<\/p>\n<\/div>\n<\/div>\n<\/div>\n<\/div>\n<\/div>\n<\/div>\n<p><strong>Kontaktieren Sie Amy, um die richtige Antwort und einen Gutschein f\u00fcr E-Zigaretten zu erhalten!<\/strong><\/p>\n<p><img loading=\"lazy\" decoding=\"async\" class=\"size-full wp-image-1978\" src=\"https:\/\/rmvapesale.com\/wp-content\/uploads\/2024\/09\/Disposable-Vape-Wholesale.jpg\" alt=\"Einweg-Vape Gro\u00dfhandel\" width=\"229\" height=\"300\" \/><\/p>\n<h3><a href=\"https:\/\/wa.me\/8617776015835\" target=\"_blank\" rel=\"noopener\"><span style=\"color: #ff0000\"><strong>WhatsApp: +86 17776015835<\/strong><\/span><\/a><\/h3>\n<p>&nbsp;<\/p>\n<h2><\/h2>\n<h2><strong>Randm 12000 Puffs Hauptmerkmale<\/strong><\/h2>\n<ul>\n<li>Bis zu 12.000 Z\u00fcge pro Ger\u00e4t<\/li>\n<li>Digitale Anzeige zeigt den Akku- und E-Liquid-F\u00fcllstand an<\/li>\n<li>Erdbeere-Kiwi-Geschmack mit 20ml E-Saft-Kapazit\u00e4t<\/li>\n<li>Wiederaufladbarer 850-mAh-Akku mit Typ-C-Anschluss<\/li>\n<li>Erh\u00e4ltlich in 0%, 2%, 3% und 5% Nikotin<\/li>\n<\/ul>\n<figure id=\"attachment_2731\" aria-describedby=\"caption-attachment-2731\" style=\"width: 800px\" class=\"wp-caption alignnone\"><img loading=\"lazy\" decoding=\"async\" class=\"wp-image-2731 size-full\" src=\"https:\/\/rmvapesale.com\/wp-content\/uploads\/2024\/11\/RandM-12000-Disposable-Vape-Bulk-Buy.jpg\" alt=\"RandM 12000 Einweg-Vape Gro\u00dfeinkauf\" width=\"800\" height=\"800\" srcset=\"https:\/\/rmvapesale.com\/wp-content\/uploads\/2024\/11\/RandM-12000-Disposable-Vape-Bulk-Buy.jpg 800w, https:\/\/rmvapesale.com\/wp-content\/uploads\/2024\/11\/RandM-12000-Disposable-Vape-Bulk-Buy-300x300.jpg 300w, https:\/\/rmvapesale.com\/wp-content\/uploads\/2024\/11\/RandM-12000-Disposable-Vape-Bulk-Buy-150x150.jpg 150w, https:\/\/rmvapesale.com\/wp-content\/uploads\/2024\/11\/RandM-12000-Disposable-Vape-Bulk-Buy-768x768.jpg 768w, https:\/\/rmvapesale.com\/wp-content\/uploads\/2024\/11\/RandM-12000-Disposable-Vape-Bulk-Buy-600x600.jpg 600w, https:\/\/rmvapesale.com\/wp-content\/uploads\/2024\/11\/RandM-12000-Disposable-Vape-Bulk-Buy-100x100.jpg 100w\" sizes=\"auto, (max-width: 800px) 100vw, 800px\" \/><figcaption id=\"caption-attachment-2731\" class=\"wp-caption-text\">RandM 12000 Einweg-Vape Gro\u00dfeinkauf<\/figcaption><\/figure>\n<h2><strong>Top-Geschmack f\u00fcr Fumot 12000 Puffs<\/strong><\/h2>\n<p>1 K\u00fchle Minze <span style=\"color: #ff0000\"><strong>&gt;&gt;&gt;&gt; Hei\u00df!<\/strong><\/span><br \/>\n2 Wassermelone Eis<br \/>\n3 Traube Eis<br \/>\n4 Blaubeere Himbeere <span style=\"color: #ff0000\"><strong>&gt;&gt;&gt;&gt; Hei\u00df!<\/strong><\/span><br \/>\n5 Erdbeer Wassermelone<br \/>\n6 Erdbeer Banane<br \/>\n7 \u00dcppiges Eis<br \/>\n8 Kirsche<br \/>\n9 Erdbeereis<br \/>\n10 Eis am Stiel<br \/>\n11 Pinke Limonade <span style=\"color: #ff0000\"><strong>&gt;&gt;&gt;&gt; Hei\u00df!<\/strong><\/span><br \/>\n12 Mango auf Eis<br \/>\n13 Gemischte Beeren<br \/>\n14 Erdbeerkrapfen<br \/>\n15 Erdbeer Traube<br \/>\n16 Kirsch Cola<br \/>\n17 Dr. Blau<br \/>\n18 Heidelbeere auf Eis <span style=\"color: #ff0000\"><strong>&gt;&gt;&gt;&gt; Hei\u00df!<\/strong><\/span><br \/>\n19 Kiwi Passionsfrucht Guave<br \/>\n20 Erdbeer Kiwi<br \/>\n21 Pfirsich Mango<br \/>\n22 Pfirsich Eis<br \/>\n23 Roter Apfel Eis<br \/>\n24 Heidelbeer Kaugummi <span style=\"color: #ff0000\"><strong>&gt;&gt;&gt;&gt; Am besten!<\/strong><\/span><br \/>\n25 Beerenlimonade<br \/>\n26 Blaue Himbeerlimonade<br \/>\n27 Blaue saure Himbeere<br \/>\n28 Erdbeer Red bull<br \/>\n29 Apfelbeeren-Explosion<br \/>\n30 Wassermelonen-Kaugummi<br \/>\n31 Himbeer-Wassermelone<br \/>\n32 Schwarzes Eis<br \/>\n33 Heidelbeere Kirsche Cranberry<br \/>\n34 Erdbeer-Pomp (Granatapfel)<br \/>\n35 Vimto<br \/>\n36 Kirschbeere<br \/>\n37 Zitrone<br \/>\n38 Bingo Crush<br \/>\n39 Blaubeere Kiwi<br \/>\n40 Apfel Zimt<\/p>\n<h3><\/h3>\n<h3><strong>Warum Rmvapesale f\u00fcr RandM Digital Box 12000 w\u00e4hlen <\/strong><strong>V<\/strong><strong>Gro\u00dfhandel<\/strong><strong>?<\/strong><\/h3>\n<div class=\"flex-shrink-0 flex flex-col relative items-end\">\n<div class=\"pt-0\">\n<div class=\"gizmo-bot-avatar flex h-8 w-8 items-center justify-center overflow-hidden rounded-full\">\n<div class=\"relative p-1 rounded-sm flex items-center justify-center bg-token-main-surface-primary text-token-text-primary h-8 w-8\">\n<p>Willkommen bei Rmvapesale, Ihrem vertrauensw\u00fcrdigen Vape-Shop f\u00fcr Premium Einweg-Vapes. Mit \u00fcber 5 Jahren Erfahrung bieten wir Ihnen beliebte Marken f\u00fcr Einweg-Vapes wie Al Fakher, <a href=\"https:\/\/rmvapesale.com\/de\/product\/vapme-crystal-7000-puffs-rechargeable-disposable-vape-price\/\">Vapme<\/a>, <a href=\"https:\/\/rmvapesale.com\/de\/product-category\/bang-vapes\/\">Bang Vape<\/a>, Waspe, <a href=\"https:\/\/rmvapesale.com\/de\/product\/wga-crystal-pro-max-extra-15k-puffs-disposable-vape-wholesale\/\">WGA<\/a> Vape und<a href=\"https:\/\/rmvapesale.com\/de\/product-category\/randm-fumot-vape\/\"> RandM Vape<\/a>.<\/p>\n<p>Unser Sortiment umfasst hei\u00dfe Verkaufs-Vapes wie die <a href=\"https:\/\/rmvapesale.com\/de\/product\/fumot-digital-box-12000-disposable-vape-pink-lemonade-flavor\/\">RandM 12000 Puffs<\/a> und geschmacksreiche Optionen wie die <a href=\"https:\/\/rmvapesale.com\/de\/product\/wga-crystal-pro-max-extra-15k-puffs-disposable-vape-wholesale\/\">WGA 15K<\/a>. Jedes Produkt wird mit Fokus auf Qualit\u00e4t, Wert und Vielfalt ausgew\u00e4hlt, um sicherzustellen, dass Sie die perfekte \u00dcbereinstimmung f\u00fcr Ihre Bed\u00fcrfnisse finden. Entdecken Sie au\u00dfergew\u00f6hnlichen Service und eine breite Palette an Top-Produkten bei Rmvapesale.<\/p>\n<\/div>\n<h3><\/h3>\n<div class=\"relative p-1 rounded-sm flex items-center justify-center bg-token-main-surface-primary text-token-text-primary h-8 w-8\">\n<h3><b>RandM 12000 Puffs Wiederaufladbarer Einweg Vape FAQs<\/b><\/h3>\n<div class=\"group\/conversation-turn relative flex w-full min-w-0 flex-col agent-turn\">\n<div class=\"flex-col gap-1 md:gap-3\">\n<div class=\"flex max-w-full flex-col flex-grow\">\n<div class=\"min-h-8 text-message flex w-full flex-col items-end gap-2 whitespace-normal break-words [.text-message+&amp;]:mt-5\" dir=\"auto\" data-message-author-role=\"assistant\" data-message-id=\"00c9b302-bc9c-4550-94ba-5a295efa2be3\" data-message-model-slug=\"gpt-4o\">\n<div class=\"flex w-full flex-col gap-1 empty:hidden first:pt-[3px]\">\n<div class=\"markdown prose w-full break-words dark:prose-invert light\">\n<div class=\"flex-shrink-0 flex flex-col relative items-end\">\n<div>\n<div class=\"pt-0\">\n<div class=\"gizmo-bot-avatar flex h-8 w-8 items-center justify-center overflow-hidden rounded-full\">\n<div class=\"relative p-1 rounded-sm flex items-center justify-center bg-token-main-surface-primary text-token-text-primary h-8 w-8\"><\/div>\n<\/div>\n<\/div>\n<\/div>\n<\/div>\n<div class=\"group\/conversation-turn relative flex w-full min-w-0 flex-col agent-turn\">\n<div class=\"flex-col gap-1 md:gap-3\">\n<div class=\"flex max-w-full flex-col flex-grow\">\n<div class=\"min-h-8 text-message flex w-full flex-col items-end gap-2 whitespace-normal break-words [.text-message+&amp;]:mt-5\" dir=\"auto\" data-message-author-role=\"assistant\" data-message-id=\"a3dc01bd-23b0-4fd7-bb9a-7827522cefd8\" data-message-model-slug=\"gpt-4o\">\n<div class=\"flex w-full flex-col gap-1 empty:hidden first:pt-[3px]\">\n<div class=\"markdown prose w-full break-words dark:prose-invert light\">\n<ul>\n<li><strong>Wie viele Z\u00fcge bietet der Fumot 12000 Wiederaufladbare Vape?<\/strong><br \/>\nDer Fumot 12000 Wiederaufladbare Vape bietet bis zu <strong>12.000 Z\u00fcge<\/strong>und sorgt so f\u00fcr ein langlebiges Vaping-Erlebnis.<\/li>\n<li><strong>Was sind die beliebtesten Geschmacksrichtungen f\u00fcr den RandM 12000 Digital Box Vape?<\/strong><br \/>\nBeliebte Geschmacksrichtungen f\u00fcr den RandM 12000 Digital Box Vape sind <strong>Erdbeere Kiwi<\/strong> und <strong>Erdbeer-Wassermelone<\/strong>. Diese Geschmacksrichtungen sind besonders beliebt aufgrund ihrer ausgewogenen und erfrischenden Geschmacksprofile.<\/li>\n<li><strong>Woher wei\u00df ich, wann meine Fumot Vape 12000 Digital Box leer ist?<\/strong><br \/>\nDie Fumot 12000 Digital Box Vape verf\u00fcgt \u00fcber eine <strong>digitalen Display<\/strong> zeigt den E-Liquid-F\u00fcllstand an. Wenn der E-Liquid-F\u00fcllstand niedrig ist oder die Dampfproduktion stark nachl\u00e4sst, ist das ein Zeichen daf\u00fcr, dass das Ger\u00e4t fast leer ist.<\/li>\n<li><strong>Wie viel Nikotin enthalten die Fumot 12000 Puffs Einweg-Vapes?<\/strong><br \/>\nDer Fumot 12000 Einweg-Vape ist mit Nikotinst\u00e4rken von <strong>0%, 2%, 3% und 5%<\/strong>erh\u00e4ltlich, um den unterschiedlichen Vorlieben der Nutzer gerecht zu werden.<\/li>\n<li><strong>Wie lange dauert es, den Fumot 12000 Einweg-Vape vollst\u00e4ndig aufzuladen?<\/strong><br \/>\nDas Aufladen des Fumot 12000 Einweg-Vapes dauert in der Regel etwa <strong>1 bis 1,5 Stunden<\/strong> \u00fcber den Typ-C-Anschluss, abh\u00e4ngig vom verwendeten Ladeger\u00e4t.<\/li>\n<li><strong>Wo kann man Fumot RandM Digital Box 12000 Vapes zum Gro\u00dfhandelspreis kaufen?<\/strong><br \/>\nF\u00fcr Gro\u00dfhandelspreise f\u00fcr die Fumot RandM Digital Box 12000 Vapes besuchen Sie <strong>Rmvapesale Online-Vape-Shop<\/strong> f\u00fcr die besten Angebote und Optionen f\u00fcr Gro\u00dfeink\u00e4ufe.<\/li>\n<li><strong>Kann ich einen Einweg-Vape mit ins Flugzeug nehmen?<\/strong><br \/>\nJa, Sie k\u00f6nnen einen Einweg-Vape mit ins Flugzeug nehmen. Er sollte jedoch in Ihrem <strong>Handgep\u00e4ck<\/strong>aufbewahrt werden, da die meisten Fluggesellschaften Vape-Ger\u00e4te im aufgegebenen Gep\u00e4ck aufgrund von Sicherheitsbestimmungen f\u00fcr Batterien verbieten.<\/li>\n<\/ul>\n<\/div>\n<\/div>\n<\/div>\n<\/div>\n<\/div>\n<\/div>\n<\/div>\n<\/div>\n<\/div>\n<\/div>\n<\/div>\n<\/div>\n<\/div>\n<div class=\"mb-2 flex gap-3 empty:hidden -ml-2\"><\/div>\n<p>&nbsp;<\/p>\n<\/div>\n<\/div>\n<\/div>\n<h3>Zum Versand<\/h3>\n<div class=\"flex-shrink-0 flex flex-col relative items-end\">\n<div>\n<div class=\"pt-0\">\n<div class=\"gizmo-bot-avatar flex h-8 w-8 items-center justify-center overflow-hidden rounded-full\">\n<div><\/div>\n<div class=\"relative p-1 rounded-sm flex items-center justify-center bg-token-main-surface-primary text-token-text-primary h-8 w-8\"><strong>1. Welche Versandmethoden werden verwendet?<\/strong><\/div>\n<\/div>\n<\/div>\n<\/div>\n<\/div>\n<div class=\"group\/conversation-turn relative flex w-full min-w-0 flex-col agent-turn\">\n<div class=\"flex-col gap-1 md:gap-3\">\n<div class=\"flex max-w-full flex-col flex-grow\">\n<div class=\"min-h-[20px] text-message flex w-full flex-col items-end gap-2 whitespace-normal break-words [.text-message+&amp;]:mt-5 overflow-x-auto\" dir=\"auto\" data-message-author-role=\"assistant\" data-message-id=\"22f8283b-3233-46ff-89a5-c7a41b33abda\">\n<div class=\"flex w-full flex-col gap-1 empty:hidden first:pt-[3px]\">\n<div class=\"markdown prose w-full break-words dark:prose-invert light\">\n<p>Wir arbeiten mit UPS, DHL, FedEx, DPD und anderen f\u00fchrenden Transportunternehmen zusammen. Wir w\u00e4hlen die beste Versandmethode basierend auf Ihrem Lieferort aus, um sicherzustellen, dass Sie Ihre Produkte so schnell wie m\u00f6glich erhalten.<\/p>\n<\/div>\n<p><strong>2. Wie lange dauert es, bis die Lieferung ankommt?<\/strong><\/p>\n<p>Pakete, die nach Deutschland versandt werden, kommen normalerweise innerhalb von 10 Werktagen an. Der Versand in europ\u00e4ische L\u00e4nder dauert in der Regel etwa 12-15 Werktage. Wir werden Ihnen Echtzeit-Updates zu Ihrem Versandstatus bereitstellen.<\/p>\n<\/div>\n<\/div>\n<\/div>\n<\/div>\n<\/div>\n<p>&nbsp;<\/p>\n<p>Finden Sie weitere Vape-Produkte, die Ihnen gefallen k\u00f6nnten:<strong><em><a href=\"https:\/\/rmvapesale.com\/de\/shop-2\/\">jetzt einkaufen &gt;&gt;&gt;<\/a><\/em><\/strong><\/p>","protected":false},"excerpt":{"rendered":"<p>Fumot Digital Box 12000 Einweg-Vape<br \/>\nRandM Vape Fumot Digital Box 12000 Puffs Gro\u00dfeinkauf<br \/>\nFumot 12000 Einweg Vape Alle Geschmacksrichtungen auf Lager Gro\u00dfhandel<\/p>\n<p><img loading=\"lazy\" decoding=\"async\" class=\"size-full wp-image-2375\" src=\"https:\/\/rmvapesale.com\/wp-content\/uploads\/2024\/10\/image.png\" alt=\"Bester Einweg-Vape\" width=\"229\" height=\"300\" \/><\/p>\n<h3><a href=\"https:\/\/wa.me\/8617776015835\"><span style=\"color: #ff0000\"><strong>WhatsApp: +86 17776015835<\/strong><\/span><\/a><\/h3>\n<p>&nbsp;<\/p>","protected":false},"featured_media":2730,"comment_status":"open","ping_status":"closed","template":"","meta":{"_uag_custom_page_level_css":"","_lmt_disableupdate":"no","_lmt_disable":"","site-sidebar-layout":"default","site-content-layout":"content-boxed-container","ast-site-content-layout":"normal-width-container","site-content-style":"boxed","site-sidebar-style":"unboxed","ast-global-header-display":"","ast-banner-title-visibility":"","ast-main-header-display":"","ast-hfb-above-header-display":"","ast-hfb-below-header-display":"","ast-hfb-mobile-header-display":"","site-post-title":"","ast-breadcrumbs-content":"","ast-featured-img":"","footer-sml-layout":"","ast-disable-related-posts":"","theme-transparent-header-meta":"default","adv-header-id-meta":"","stick-header-meta":"","header-above-stick-meta":"","header-main-stick-meta":"","header-below-stick-meta":"","astra-migrate-meta-layouts":"set","ast-page-background-enabled":"default","ast-page-background-meta":{"desktop":{"background-color":"var(--ast-global-color-4)","background-image":"","background-repeat":"repeat","background-position":"center center","background-size":"auto","background-attachment":"scroll","background-type":"","background-media":"","overlay-type":"","overlay-color":"","overlay-opacity":"","overlay-gradient":""},"tablet":{"background-color":"","background-image":"","background-repeat":"repeat","background-position":"center center","background-size":"auto","background-attachment":"scroll","background-type":"","background-media":"","overlay-type":"","overlay-color":"","overlay-opacity":"","overlay-gradient":""},"mobile":{"background-color":"","background-image":"","background-repeat":"repeat","background-position":"center center","background-size":"auto","background-attachment":"scroll","background-type":"","background-media":"","overlay-type":"","overlay-color":"","overlay-opacity":"","overlay-gradient":""}},"ast-content-background-meta":{"desktop":{"background-color":"var(--ast-global-color-5)","background-image":"","background-repeat":"repeat","background-position":"center center","background-size":"auto","background-attachment":"scroll","background-type":"","background-media":"","overlay-type":"","overlay-color":"","overlay-opacity":"","overlay-gradient":""},"tablet":{"background-color":"var(--ast-global-color-5)","background-image":"","background-repeat":"repeat","background-position":"center center","background-size":"auto","background-attachment":"scroll","background-type":"","background-media":"","overlay-type":"","overlay-color":"","overlay-opacity":"","overlay-gradient":""},"mobile":{"background-color":"var(--ast-global-color-5)","background-image":"","background-repeat":"repeat","background-position":"center center","background-size":"auto","background-attachment":"scroll","background-type":"","background-media":"","overlay-type":"","overlay-color":"","overlay-opacity":"","overlay-gradient":""}},"_joinchat":[]},"product_brand":[],"product_cat":[15,27,51,25,123,30,26,28,31,137,136,135],"product_tag":[212,214,39,213,38],"class_list":{"0":"post-2738","1":"product","2":"type-product","3":"status-publish","4":"has-post-thumbnail","6":"product_cat-new-vape-this-week","7":"product_cat-fance-hot-sale-vape","8":"product_cat-fumot-vape","9":"product_cat-germany-best-selling-vape","10":"product_cat-italy-wholesale-vape","11":"product_cat-minimum-order-quantity-50pcs","12":"product_cat-netherlands-hot-sale-vape","13":"product_cat-poland-hot-sale-vape","14":"product_cat-randm-fumot-vape","15":"product_cat-rechargeable-vapes","16":"product_cat-smart-screen-vapes","17":"product_cat-spain-best-hot-sale-vape","18":"product_tag-fumot-12000","19":"product_tag-fumot-12k","20":"product_tag-fumot-vape","21":"product_tag-randm-12000","22":"product_tag-randm-vape","23":"desktop-align-left","24":"tablet-align-left","25":"mobile-align-left","27":"first","28":"instock","29":"sale","30":"shipping-taxable","31":"purchasable","32":"product-type-simple"},"uagb_featured_image_src":{"full":["https:\/\/rmvapesale.com\/wp-content\/uploads\/2024\/11\/Fumot-12000-Disposable-Vape-Wholesale.jpg",800,800,false],"thumbnail":["https:\/\/rmvapesale.com\/wp-content\/uploads\/2024\/11\/Fumot-12000-Disposable-Vape-Wholesale-150x150.jpg",150,150,true],"medium":["https:\/\/rmvapesale.com\/wp-content\/uploads\/2024\/11\/Fumot-12000-Disposable-Vape-Wholesale-300x300.jpg",300,300,true],"medium_large":["https:\/\/rmvapesale.com\/wp-content\/uploads\/2024\/11\/Fumot-12000-Disposable-Vape-Wholesale-768x768.jpg",768,768,true],"large":["https:\/\/rmvapesale.com\/wp-content\/uploads\/2024\/11\/Fumot-12000-Disposable-Vape-Wholesale.jpg",800,800,false],"1536x1536":["https:\/\/rmvapesale.com\/wp-content\/uploads\/2024\/11\/Fumot-12000-Disposable-Vape-Wholesale.jpg",800,800,false],"2048x2048":["https:\/\/rmvapesale.com\/wp-content\/uploads\/2024\/11\/Fumot-12000-Disposable-Vape-Wholesale.jpg",800,800,false],"trp-custom-language-flag":["https:\/\/rmvapesale.com\/wp-content\/uploads\/2024\/11\/Fumot-12000-Disposable-Vape-Wholesale.jpg",12,12,false],"woocommerce_thumbnail":["https:\/\/rmvapesale.com\/wp-content\/uploads\/2024\/11\/Fumot-12000-Disposable-Vape-Wholesale-300x300.jpg",300,300,true],"woocommerce_single":["https:\/\/rmvapesale.com\/wp-content\/uploads\/2024\/11\/Fumot-12000-Disposable-Vape-Wholesale-600x600.jpg",600,600,true],"woocommerce_gallery_thumbnail":["https:\/\/rmvapesale.com\/wp-content\/uploads\/2024\/11\/Fumot-12000-Disposable-Vape-Wholesale-100x100.jpg",100,100,true],"wcpr-photo-reviews":["https:\/\/rmvapesale.com\/wp-content\/uploads\/2024\/11\/Fumot-12000-Disposable-Vape-Wholesale.jpg",500,500,false]},"uagb_author_info":{"display_name":"AMY","author_link":"https:\/\/rmvapesale.com\/de\/author\/"},"uagb_comment_info":0,"uagb_excerpt":"Fumot Digital Box 12000 Disposable Vape RandM Vape Fumot Digital Box 12000 Puff Bulk Buy Fumot 12000 Disposable Vape All Flavor in Stock Wholesale WhatsApp: +86 17776015835 &nbsp;","_links":{"self":[{"href":"https:\/\/rmvapesale.com\/de\/wp-json\/wp\/v2\/product\/2738","targetHints":{"allow":["GET"]}}],"collection":[{"href":"https:\/\/rmvapesale.com\/de\/wp-json\/wp\/v2\/product"}],"about":[{"href":"https:\/\/rmvapesale.com\/de\/wp-json\/wp\/v2\/types\/product"}],"replies":[{"embeddable":true,"href":"https:\/\/rmvapesale.com\/de\/wp-json\/wp\/v2\/comments?post=2738"}],"wp:featuredmedia":[{"embeddable":true,"href":"https:\/\/rmvapesale.com\/de\/wp-json\/wp\/v2\/media\/2730"}],"wp:attachment":[{"href":"https:\/\/rmvapesale.com\/de\/wp-json\/wp\/v2\/media?parent=2738"}],"wp:term":[{"taxonomy":"product_brand","embeddable":true,"href":"https:\/\/rmvapesale.com\/de\/wp-json\/wp\/v2\/product_brand?post=2738"},{"taxonomy":"product_cat","embeddable":true,"href":"https:\/\/rmvapesale.com\/de\/wp-json\/wp\/v2\/product_cat?post=2738"},{"taxonomy":"product_tag","embeddable":true,"href":"https:\/\/rmvapesale.com\/de\/wp-json\/wp\/v2\/product_tag?post=2738"}],"curies":[{"name":"wp","href":"https:\/\/api.w.org\/{rel}","templated":true}]}}