{"id":2751,"date":"2024-11-18T03:50:24","date_gmt":"2024-11-18T03:50:24","guid":{"rendered":"https:\/\/rmvapesale.com\/?post_type=product&#038;p=2751"},"modified":"2024-11-18T07:14:21","modified_gmt":"2024-11-18T07:14:21","slug":"jnr-falcon-x-18000-puffs-rechargeable-disposable-vape-wholesale-cheap-price","status":"publish","type":"product","link":"https:\/\/rmvapesale.com\/de\/product\/jnr-falcon-x-18000-puffs-rechargeable-disposable-vape-wholesale-cheap-price\/","title":{"rendered":"JNR Falcon X 18000 Z\u00fcge Wiederaufladbare Einweg-Vape Gro\u00dfhandel G\u00fcnstiger Preis"},"content":{"rendered":"<div class=\"B2VR9 CJHX3e\">\n<div class=\"wyccme\">\n<h1 class=\"LC20lb MBeuO DKV0Md\">JNR Falcon X 18000 Z\u00fcge Wiederaufladbare Einweg-Vape Gro\u00dfhandel G\u00fcnstiger Preis<\/h1>\n<div class=\"flex-shrink-0 flex flex-col relative items-end\">\n<div class=\"pt-0\">\n<div class=\"gizmo-bot-avatar flex h-8 w-8 items-center justify-center overflow-hidden rounded-full\">\n<div class=\"relative p-1 rounded-sm flex items-center justify-center bg-token-main-surface-primary text-token-text-primary h-8 w-8\">\n<p>Der <strong>JNR Falcon X 18000 Puffs Wiederaufladbare Einweg-Vape <\/strong>ist ein hochmodernes Ger\u00e4t, das entwickelt wurde, um bis zu unglaubliche <strong>18.000 Z\u00fcge<\/strong> zufriedenstellenden, geschmackvollen Dampfens zu liefern. Vorgef\u00fcllt mit <strong>24ml Premium-E-Liquid<\/strong>ist dieses Ger\u00e4t in einer Auswahl von <strong>Optionen mit niedrigem Nikotingehalt<\/strong> die jeder Vorliebe gerecht werden. Das schlanke, kristallklare Design ist ebenso stilvoll wie funktional und erm\u00f6glicht es Ihnen, den verbleibenden E-Liquid-Stand einfach zu \u00fcberwachen. W\u00e4hlen Sie aus einer Auswahl von <strong>28 Premium-Geschmacksrichtungen<\/strong>, einschlie\u00dflich Kundenfavoriten wie <strong>Erdbeere Kiwi<\/strong>, <strong>Blaue Himbeereis<\/strong>, und <strong>Kirsch-Cola<\/strong>, f\u00fcr ein unvergessliches Dampferlebnis, das auf Ihren Geschmack zugeschnitten ist.<\/p>\n<p>Der <strong>JNR 18000 Einweg-Vape<\/strong> wird von einem langlebigen <strong>950mAh wiederaufladbarer Akku<\/strong>, um eine gleichbleibende Leistung vom ersten bis zum letzten Zug zu gew\u00e4hrleisten. Ein integrierter Bildschirm informiert Sie sowohl \u00fcber den Akku- als auch \u00fcber den E-Liquid-F\u00fcllstand, damit Sie nie unvorbereitet sind. Dieses JNR 18000 Vape-Ger\u00e4t ist perfekt f\u00fcr Gro\u00dfhandelsk\u00e4ufer und eine gute Option f\u00fcr Kunden, die eine zuverl\u00e4ssige E-Zigarette mit hoher Kapazit\u00e4t suchen, die Komfort, Stil und ein au\u00dfergew\u00f6hnliches Preis-Leistungs-Verh\u00e4ltnis vereint.<\/p>\n<\/div>\n<\/div>\n<\/div>\n<\/div>\n<\/div>\n<\/div>\n<p><strong>Kontaktieren Sie Amy, um die richtige Antwort und einen Gutschein f\u00fcr E-Zigaretten zu erhalten!<\/strong><\/p>\n<p><img loading=\"lazy\" decoding=\"async\" class=\"size-full wp-image-1978\" src=\"https:\/\/rmvapesale.com\/wp-content\/uploads\/2024\/09\/Disposable-Vape-Wholesale.jpg\" alt=\"Einweg-Vape Gro\u00dfhandel\" width=\"229\" height=\"300\" \/><\/p>\n<h3><a href=\"https:\/\/wa.me\/8617776015835\" target=\"_blank\" rel=\"noopener\"><span style=\"color: #ff0000\"><strong>WhatsApp: +86 17776015835<\/strong><\/span><\/a><\/h3>\n<p>&nbsp;<\/p>\n<h2><\/h2>\n<h2><strong>JNR Falcon X 18000 Puffs Hauptmerkmale<\/strong><\/h2>\n<ul>\n<li>Bis zu <strong>18.000 Z\u00fcge<\/strong> mit jedem Ger\u00e4t<\/li>\n<li><strong>950mAh wiederaufladbarer Akku<\/strong> f\u00fcr langanhaltende Leistung<\/li>\n<li>Vorgef\u00fcllt mit <strong>24ml Premium E-Liquid<\/strong><\/li>\n<li>Bildschirm f\u00fcr Akku- und E-Liquid-F\u00fcllst\u00e4nde<\/li>\n<li>Erh\u00e4ltlich in <strong>28 einzigartige Geschmacksrichtungen mit niedrigem Nikotingehalt<\/strong><\/li>\n<\/ul>\n<figure id=\"attachment_2745\" aria-describedby=\"caption-attachment-2745\" style=\"width: 800px\" class=\"wp-caption alignnone\"><img loading=\"lazy\" decoding=\"async\" class=\"wp-image-2745 size-full\" src=\"https:\/\/rmvapesale.com\/wp-content\/uploads\/2024\/11\/JNR-18000-Puff-Disposable-Vape.jpg\" alt=\"JNR 18000 Puff Einweg-Vape\" width=\"800\" height=\"800\" srcset=\"https:\/\/rmvapesale.com\/wp-content\/uploads\/2024\/11\/JNR-18000-Puff-Disposable-Vape.jpg 800w, https:\/\/rmvapesale.com\/wp-content\/uploads\/2024\/11\/JNR-18000-Puff-Disposable-Vape-300x300.jpg 300w, https:\/\/rmvapesale.com\/wp-content\/uploads\/2024\/11\/JNR-18000-Puff-Disposable-Vape-150x150.jpg 150w, https:\/\/rmvapesale.com\/wp-content\/uploads\/2024\/11\/JNR-18000-Puff-Disposable-Vape-768x768.jpg 768w, https:\/\/rmvapesale.com\/wp-content\/uploads\/2024\/11\/JNR-18000-Puff-Disposable-Vape-600x600.jpg 600w, https:\/\/rmvapesale.com\/wp-content\/uploads\/2024\/11\/JNR-18000-Puff-Disposable-Vape-100x100.jpg 100w\" sizes=\"auto, (max-width: 800px) 100vw, 800px\" \/><figcaption id=\"caption-attachment-2745\" class=\"wp-caption-text\">JNR 18000 Puff Einweg-Vape<\/figcaption><\/figure>\n<h2><strong>Top-Geschmacksrichtungen f\u00fcr JNR JNR Falcon X 18000 Puffs<\/strong><\/h2>\n<p>1.Blue Razz Ice <span style=\"color: #ff0000\"><strong>&gt;&gt;&gt;&gt; Hei\u00df!<\/strong><\/span><br \/>\n2.Blaubeere Himbeere <span style=\"color: #ff0000\"><strong>&gt;&gt;&gt;&gt; Hei\u00df!<\/strong><\/span><br \/>\n3.K\u00fchle Minze<br \/>\n4.Kiwi Wassermelone Eis<br \/>\n5.Traube Eis<br \/>\n6.Erdbeere Kiwi<br \/>\n7.Erdbeere Wassermelone Eis<br \/>\n8.Wassermelone Eis<br \/>\n9.Erdbeereis<br \/>\n10.Waldbeeren <span style=\"color: #ff0000\"><strong>&gt;&gt;&gt;&gt; Am besten!<\/strong><\/span><br \/>\n11.Wassermelonen-Kaugummi <span style=\"color: #ff0000\"><strong>&gt;&gt;&gt;&gt; Hei\u00df!<\/strong><\/span><br \/>\n12.Saurer Apfel-Eis<br \/>\n13.Pfirsich-Eis<br \/>\n14.Beeren-Explosion<br \/>\n15.Heidelbeere Himbeere Kirsche<br \/>\n16.Kirschbeere<br \/>\n17.Erdbeere Banane<br \/>\n18.Heidelbeere Kiwi<br \/>\n19.Maracuja-Kiwi<br \/>\n20.Wei\u00dfe Pfirsich-Himbeere<br \/>\n21.Blaue Himbeer-Kirsche<br \/>\n22.Kirsch-Wassermelonen-Eis<br \/>\n23.Kirsch-Cola<br \/>\n24.Bananen-Eis<br \/>\n25.Skittles<br \/>\n26.Dreifache Melone<br \/>\n27.Mr.Blue <span style=\"color: #ff0000\"><strong>&gt;&gt;&gt;&gt; Hei\u00df!<\/strong><\/span><br \/>\n28.Kirsch-Eis<br \/>\n29.Wassermelone-Litschi<\/p>\n<p>&nbsp;<\/p>\n<h3><strong>Warum Rmvapesale f\u00fcr JNR 18000 Puffs w\u00e4hlen? <\/strong><strong>V<\/strong><strong>Gro\u00dfhandel<\/strong><strong>?<\/strong><\/h3>\n<div class=\"flex-shrink-0 flex flex-col relative items-end\">\n<div class=\"pt-0\">\n<div class=\"gizmo-bot-avatar flex h-8 w-8 items-center justify-center overflow-hidden rounded-full\">\n<div class=\"relative p-1 rounded-sm flex items-center justify-center bg-token-main-surface-primary text-token-text-primary h-8 w-8\">\n<p>Willkommen bei Rmvapesale, Ihrem vertrauensw\u00fcrdigen Vape-Shop f\u00fcr Premium Einweg-Vapes. Mit \u00fcber 5 Jahren Erfahrung bieten wir Ihnen beliebte Marken f\u00fcr Einweg-Vapes wie Al Fakher, <a href=\"https:\/\/rmvapesale.com\/de\/product\/vapme-crystal-7000-puffs-rechargeable-disposable-vape-price\/\">Vapme<\/a>, <a href=\"https:\/\/rmvapesale.com\/de\/product-category\/bang-vapes\/\">Bang Vape<\/a>, Waspe, <a href=\"https:\/\/rmvapesale.com\/de\/product\/wga-crystal-pro-max-extra-15k-puffs-disposable-vape-wholesale\/\">WGA<\/a> Vape und<a href=\"https:\/\/rmvapesale.com\/de\/product-category\/randm-fumot-vape\/\"> RandM Vape<\/a>.<\/p>\n<p>Unser Sortiment umfasst hei\u00dfe Verkaufs-Vapes wie die <a href=\"https:\/\/rmvapesale.com\/de\/product\/fumot-randm-12000-strawberry-kiwi-flavor-disposable-vape-wholesale-netherlands\/\">RandM 12000 Puffs<\/a> und geschmacksreiche Optionen wie die <a href=\"https:\/\/rmvapesale.com\/de\/product\/wga-crystal-pro-max-extra-15k-puffs-disposable-vape-wholesale\/\">WGA 15K<\/a>. Jedes Produkt wird mit Fokus auf Qualit\u00e4t, Wert und Vielfalt ausgew\u00e4hlt, um sicherzustellen, dass Sie die perfekte \u00dcbereinstimmung f\u00fcr Ihre Bed\u00fcrfnisse finden. Entdecken Sie au\u00dfergew\u00f6hnlichen Service und eine breite Palette an Top-Produkten bei Rmvapesale.<\/p>\n<\/div>\n<h3><\/h3>\n<div class=\"relative p-1 rounded-sm flex items-center justify-center bg-token-main-surface-primary text-token-text-primary h-8 w-8\">\n<h3><b>JNR 18000 Puffs Wiederaufladbarer Einweg-Vape FAQ<\/b><\/h3>\n<div class=\"group\/conversation-turn relative flex w-full min-w-0 flex-col agent-turn\">\n<div class=\"flex-col gap-1 md:gap-3\">\n<div class=\"flex max-w-full flex-col flex-grow\">\n<div class=\"min-h-8 text-message flex w-full flex-col items-end gap-2 whitespace-normal break-words [.text-message+&amp;]:mt-5\" dir=\"auto\" data-message-author-role=\"assistant\" data-message-id=\"00c9b302-bc9c-4550-94ba-5a295efa2be3\" data-message-model-slug=\"gpt-4o\">\n<div class=\"flex w-full flex-col gap-1 empty:hidden first:pt-[3px]\">\n<div class=\"markdown prose w-full break-words dark:prose-invert light\">\n<div class=\"flex-shrink-0 flex flex-col relative items-end\">\n<div>\n<div class=\"pt-0\">\n<div class=\"gizmo-bot-avatar flex h-8 w-8 items-center justify-center overflow-hidden rounded-full\">\n<div class=\"relative p-1 rounded-sm flex items-center justify-center bg-token-main-surface-primary text-token-text-primary h-8 w-8\">\n<div class=\"flex-shrink-0 flex flex-col relative items-end\">\n<div>\n<div class=\"pt-0\">\n<div class=\"gizmo-bot-avatar flex h-8 w-8 items-center justify-center overflow-hidden rounded-full\">\n<div class=\"relative p-1 rounded-sm flex items-center justify-center bg-token-main-surface-primary text-token-text-primary h-8 w-8\">\n<ul>\n<li><strong>Wie viele Z\u00fcge bietet der JNR Falcon X 18000 Puffs wiederaufladbare Vape?<\/strong><br \/>\nDer JNR Falcon X bietet bis zu <strong>18.000 Z\u00fcge<\/strong>, was ihn zu einem der langlebigsten Einweg-Vapes auf dem Markt macht.<\/li>\n<li><strong>Was sind die beliebtesten Geschmacksrichtungen f\u00fcr den JNR Falcon X 18000 Digital Box Vape?<\/strong><br \/>\nBeliebte Geschmacksrichtungen sind <strong>Erdbeer-Wassermelonen-Eis<\/strong>, <strong>Blaue Himbeereis<\/strong>, <strong>Kirsch-Cola<\/strong>, <strong>Pfirsich-Eis<\/strong>, und <strong>Gemischte Beeren<\/strong>.<\/li>\n<li><strong>Woran erkenne ich, wann mein JNR Vape JNR18000 Puffs leer ist?<\/strong><br \/>\nDer JNR Falcon X verf\u00fcgt \u00fcber ein <strong>digitalen Display<\/strong> das den verbleibenden F\u00fcllstand des E-Liquids und der Batterie anzeigt, sodass Sie \u00fcberwachen k\u00f6nnen, wann er fast leer oder ganz leer ist.<\/li>\n<li><strong>Wie viel Nikotin ist in einem JNR 18000 Puffs Einweg-Vape?<\/strong><br \/>\nDer JNR 18000 Puffs Einweg-Vape ist mit entweder <strong>2% (20 mg)<\/strong> or <strong>5% (50 mg)<\/strong> Nikotinsalz erh\u00e4ltlich, das verschiedenen Vorlieben gerecht wird.<\/li>\n<li><strong>Wie lange dauert es, den JNR 18000 Einweg-Vape vollst\u00e4ndig aufzuladen?<\/strong><br \/>\nMithilfe seines <strong>Type-C Schnellladeanschlusses<\/strong>l\u00e4dt der JNR 18000 normalerweise innerhalb von <strong>1 bis 1,5 Stunden<\/strong>.<\/li>\n<li><strong>Wo kann man JNR Falcon X 18000 Vapes zum Gro\u00dfhandelspreis kaufen?<\/strong><br \/>\nF\u00fcr die besten Gro\u00dfhandelspreise wird Kunden empfohlen, <strong>Rmvapesale<\/strong>, einen Online-Vape-Shop, der wettbewerbsf\u00e4hige Angebote f\u00fcr Gro\u00dfeink\u00e4ufe anbietet, zu besuchen.<\/li>\n<\/ul>\n<\/div>\n<\/div>\n<\/div>\n<\/div>\n<\/div>\n<\/div>\n<\/div>\n<\/div>\n<\/div>\n<\/div>\n<div class=\"group\/conversation-turn relative flex w-full min-w-0 flex-col agent-turn\">\n<div class=\"flex-col gap-1 md:gap-3\">\n<div class=\"flex max-w-full flex-col flex-grow\">\n<div class=\"min-h-8 text-message flex w-full flex-col items-end gap-2 whitespace-normal break-words [.text-message+&amp;]:mt-5\" dir=\"auto\" data-message-author-role=\"assistant\" data-message-id=\"a3dc01bd-23b0-4fd7-bb9a-7827522cefd8\" data-message-model-slug=\"gpt-4o\">\n<div class=\"flex w-full flex-col gap-1 empty:hidden first:pt-[3px]\">\n<div class=\"markdown prose w-full break-words dark:prose-invert light\">\n<p>&nbsp;<\/p>\n<\/div>\n<\/div>\n<\/div>\n<\/div>\n<\/div>\n<\/div>\n<\/div>\n<\/div>\n<\/div>\n<\/div>\n<\/div>\n<\/div>\n<\/div>\n<div class=\"mb-2 flex gap-3 empty:hidden -ml-2\"><\/div>\n<p>&nbsp;<\/p>\n<\/div>\n<\/div>\n<\/div>\n<h3>Zum Versand<\/h3>\n<div class=\"flex-shrink-0 flex flex-col relative items-end\">\n<div>\n<div class=\"pt-0\">\n<div class=\"gizmo-bot-avatar flex h-8 w-8 items-center justify-center overflow-hidden rounded-full\">\n<div><\/div>\n<div class=\"relative p-1 rounded-sm flex items-center justify-center bg-token-main-surface-primary text-token-text-primary h-8 w-8\"><strong>1. Welche Versandmethoden werden verwendet?<\/strong><\/div>\n<\/div>\n<\/div>\n<\/div>\n<\/div>\n<div class=\"group\/conversation-turn relative flex w-full min-w-0 flex-col agent-turn\">\n<div class=\"flex-col gap-1 md:gap-3\">\n<div class=\"flex max-w-full flex-col flex-grow\">\n<div class=\"min-h-[20px] text-message flex w-full flex-col items-end gap-2 whitespace-normal break-words [.text-message+&amp;]:mt-5 overflow-x-auto\" dir=\"auto\" data-message-author-role=\"assistant\" data-message-id=\"22f8283b-3233-46ff-89a5-c7a41b33abda\">\n<div class=\"flex w-full flex-col gap-1 empty:hidden first:pt-[3px]\">\n<div class=\"markdown prose w-full break-words dark:prose-invert light\">\n<p>Wir arbeiten mit UPS, DHL, FedEx, DPD und anderen f\u00fchrenden Transportunternehmen zusammen. Wir w\u00e4hlen die beste Versandmethode basierend auf Ihrem Lieferort aus, um sicherzustellen, dass Sie Ihre Produkte so schnell wie m\u00f6glich erhalten.<\/p>\n<\/div>\n<p><strong>2. Wie lange dauert es, bis die Lieferung ankommt?<\/strong><\/p>\n<p>Pakete, die nach Deutschland versandt werden, kommen normalerweise innerhalb von 10 Werktagen an. Der Versand in europ\u00e4ische L\u00e4nder dauert in der Regel etwa 12-15 Werktage. Wir werden Ihnen Echtzeit-Updates zu Ihrem Versandstatus bereitstellen.<\/p>\n<\/div>\n<\/div>\n<\/div>\n<\/div>\n<\/div>\n<p>&nbsp;<\/p>\n<p>Finden Sie weitere Vape-Produkte, die Ihnen gefallen k\u00f6nnten:<strong><em><a href=\"https:\/\/rmvapesale.com\/de\/shop-2\/\">jetzt einkaufen &gt;&gt;&gt;<\/a><\/em><\/strong><\/p>","protected":false},"excerpt":{"rendered":"<p>Der <strong>JNR Falcon X 18000 Puffs Wiederaufladbare Einweg-Vape <\/strong>ist ein hochmodernes Ger\u00e4t, das entwickelt wurde, um bis zu unglaubliche <strong>18.000 Z\u00fcge<\/strong> zufriedenstellenden, geschmackvollen Dampfens zu liefern. Vorgef\u00fcllt mit <strong>24ml Premium-E-Liquid<\/strong>ist dieses Ger\u00e4t in einer Auswahl von <strong>Optionen mit niedrigem Nikotingehalt<\/strong> erh\u00e4ltlich, die jeder Vorliebe gerecht werden.<\/p>\n<p><img loading=\"lazy\" decoding=\"async\" class=\"size-full wp-image-2375\" src=\"https:\/\/rmvapesale.com\/wp-content\/uploads\/2024\/10\/image.png\" alt=\"Bester Einweg-Vape\" width=\"229\" height=\"300\" \/><\/p>\n<h3><a href=\"https:\/\/wa.me\/8617776015835\"><span style=\"color: #ff0000\"><strong>WhatsApp: +86 17776015835<\/strong><\/span><\/a><\/h3>\n<p>&nbsp;<\/p>","protected":false},"featured_media":2748,"comment_status":"open","ping_status":"closed","template":"","meta":{"_uag_custom_page_level_css":"","_lmt_disableupdate":"no","_lmt_disable":"","site-sidebar-layout":"default","site-content-layout":"content-boxed-container","ast-site-content-layout":"normal-width-container","site-content-style":"boxed","site-sidebar-style":"unboxed","ast-global-header-display":"","ast-banner-title-visibility":"","ast-main-header-display":"","ast-hfb-above-header-display":"","ast-hfb-below-header-display":"","ast-hfb-mobile-header-display":"","site-post-title":"","ast-breadcrumbs-content":"","ast-featured-img":"","footer-sml-layout":"","theme-transparent-header-meta":"default","adv-header-id-meta":"","stick-header-meta":"","header-above-stick-meta":"","header-main-stick-meta":"","header-below-stick-meta":"","astra-migrate-meta-layouts":"set","ast-page-background-enabled":"default","ast-page-background-meta":{"desktop":{"background-color":"var(--ast-global-color-4)","background-image":"","background-repeat":"repeat","background-position":"center center","background-size":"auto","background-attachment":"scroll","background-type":"","background-media":"","overlay-type":"","overlay-color":"","overlay-opacity":"","overlay-gradient":""},"tablet":{"background-color":"","background-image":"","background-repeat":"repeat","background-position":"center center","background-size":"auto","background-attachment":"scroll","background-type":"","background-media":"","overlay-type":"","overlay-color":"","overlay-opacity":"","overlay-gradient":""},"mobile":{"background-color":"","background-image":"","background-repeat":"repeat","background-position":"center center","background-size":"auto","background-attachment":"scroll","background-type":"","background-media":"","overlay-type":"","overlay-color":"","overlay-opacity":"","overlay-gradient":""}},"ast-content-background-meta":{"desktop":{"background-color":"var(--ast-global-color-5)","background-image":"","background-repeat":"repeat","background-position":"center center","background-size":"auto","background-attachment":"scroll","background-type":"","background-media":"","overlay-type":"","overlay-color":"","overlay-opacity":"","overlay-gradient":""},"tablet":{"background-color":"var(--ast-global-color-5)","background-image":"","background-repeat":"repeat","background-position":"center center","background-size":"auto","background-attachment":"scroll","background-type":"","background-media":"","overlay-type":"","overlay-color":"","overlay-opacity":"","overlay-gradient":""},"mobile":{"background-color":"var(--ast-global-color-5)","background-image":"","background-repeat":"repeat","background-position":"center center","background-size":"auto","background-attachment":"scroll","background-type":"","background-media":"","overlay-type":"","overlay-color":"","overlay-opacity":"","overlay-gradient":""}},"_joinchat":[]},"product_brand":[],"product_cat":[15,25,123,26,28,135,27,137,30],"product_tag":[218,217,205],"class_list":{"0":"post-2751","1":"product","2":"type-product","3":"status-publish","4":"has-post-thumbnail","6":"product_cat-new-vape-this-week","7":"product_cat-germany-best-selling-vape","8":"product_cat-italy-wholesale-vape","9":"product_cat-netherlands-hot-sale-vape","10":"product_cat-poland-hot-sale-vape","11":"product_cat-spain-best-hot-sale-vape","12":"product_cat-fance-hot-sale-vape","13":"product_cat-rechargeable-vapes","14":"product_cat-minimum-order-quantity-50pcs","15":"product_tag-jnr-18000-puffs","16":"product_tag-jnr-falcon-x-18000","17":"product_tag-jnr-vape","18":"desktop-align-left","19":"tablet-align-left","20":"mobile-align-left","22":"first","23":"instock","24":"sale","25":"shipping-taxable","26":"purchasable","27":"product-type-simple"},"uagb_featured_image_src":{"full":["https:\/\/rmvapesale.com\/wp-content\/uploads\/2024\/11\/JNR-Falcon-X-18000-Disposable-Vape-Box.jpg",800,800,false],"thumbnail":["https:\/\/rmvapesale.com\/wp-content\/uploads\/2024\/11\/JNR-Falcon-X-18000-Disposable-Vape-Box-150x150.jpg",150,150,true],"medium":["https:\/\/rmvapesale.com\/wp-content\/uploads\/2024\/11\/JNR-Falcon-X-18000-Disposable-Vape-Box-300x300.jpg",300,300,true],"medium_large":["https:\/\/rmvapesale.com\/wp-content\/uploads\/2024\/11\/JNR-Falcon-X-18000-Disposable-Vape-Box-768x768.jpg",768,768,true],"large":["https:\/\/rmvapesale.com\/wp-content\/uploads\/2024\/11\/JNR-Falcon-X-18000-Disposable-Vape-Box.jpg",800,800,false],"1536x1536":["https:\/\/rmvapesale.com\/wp-content\/uploads\/2024\/11\/JNR-Falcon-X-18000-Disposable-Vape-Box.jpg",800,800,false],"2048x2048":["https:\/\/rmvapesale.com\/wp-content\/uploads\/2024\/11\/JNR-Falcon-X-18000-Disposable-Vape-Box.jpg",800,800,false],"trp-custom-language-flag":["https:\/\/rmvapesale.com\/wp-content\/uploads\/2024\/11\/JNR-Falcon-X-18000-Disposable-Vape-Box.jpg",12,12,false],"woocommerce_thumbnail":["https:\/\/rmvapesale.com\/wp-content\/uploads\/2024\/11\/JNR-Falcon-X-18000-Disposable-Vape-Box-300x300.jpg",300,300,true],"woocommerce_single":["https:\/\/rmvapesale.com\/wp-content\/uploads\/2024\/11\/JNR-Falcon-X-18000-Disposable-Vape-Box-600x600.jpg",600,600,true],"woocommerce_gallery_thumbnail":["https:\/\/rmvapesale.com\/wp-content\/uploads\/2024\/11\/JNR-Falcon-X-18000-Disposable-Vape-Box-100x100.jpg",100,100,true],"wcpr-photo-reviews":["https:\/\/rmvapesale.com\/wp-content\/uploads\/2024\/11\/JNR-Falcon-X-18000-Disposable-Vape-Box.jpg",500,500,false]},"uagb_author_info":{"display_name":"AMY","author_link":"https:\/\/rmvapesale.com\/de\/author\/"},"uagb_comment_info":0,"uagb_excerpt":"The JNR Falcon X 18000 Puffs Rechargeable Disposable Vape is a cutting-edge device designed to deliver up to an incredible 18,000 puffs of satisfying, flavorful vaping. Pre-filled with 24ml of premium e-liquid, this device is available in an array of 2% low nicotine options that cater to every preference. WhatsApp: +86 17776015835 &nbsp;","_links":{"self":[{"href":"https:\/\/rmvapesale.com\/de\/wp-json\/wp\/v2\/product\/2751","targetHints":{"allow":["GET"]}}],"collection":[{"href":"https:\/\/rmvapesale.com\/de\/wp-json\/wp\/v2\/product"}],"about":[{"href":"https:\/\/rmvapesale.com\/de\/wp-json\/wp\/v2\/types\/product"}],"replies":[{"embeddable":true,"href":"https:\/\/rmvapesale.com\/de\/wp-json\/wp\/v2\/comments?post=2751"}],"wp:featuredmedia":[{"embeddable":true,"href":"https:\/\/rmvapesale.com\/de\/wp-json\/wp\/v2\/media\/2748"}],"wp:attachment":[{"href":"https:\/\/rmvapesale.com\/de\/wp-json\/wp\/v2\/media?parent=2751"}],"wp:term":[{"taxonomy":"product_brand","embeddable":true,"href":"https:\/\/rmvapesale.com\/de\/wp-json\/wp\/v2\/product_brand?post=2751"},{"taxonomy":"product_cat","embeddable":true,"href":"https:\/\/rmvapesale.com\/de\/wp-json\/wp\/v2\/product_cat?post=2751"},{"taxonomy":"product_tag","embeddable":true,"href":"https:\/\/rmvapesale.com\/de\/wp-json\/wp\/v2\/product_tag?post=2751"}],"curies":[{"name":"wp","href":"https:\/\/api.w.org\/{rel}","templated":true}]}}