{"id":2767,"date":"2024-11-21T08:44:14","date_gmt":"2024-11-21T08:44:14","guid":{"rendered":"https:\/\/rmvapesale.com\/?post_type=product&#038;p=2767"},"modified":"2024-11-21T09:11:37","modified_gmt":"2024-11-21T09:11:37","slug":"jnr-alien-10000-puffs-rechargeable-disposable-vape-bulk-price","status":"publish","type":"product","link":"https:\/\/rmvapesale.com\/de\/product\/jnr-alien-10000-puffs-rechargeable-disposable-vape-bulk-price\/","title":{"rendered":"JNR Alien 10000 Puffs Wiederaufladbarer Einweg-Vape Gro\u00dfhandelspreis"},"content":{"rendered":"<div class=\"B2VR9 CJHX3e\">\n<div class=\"wyccme\">\n<h1 class=\"LC20lb MBeuO DKV0Md\">JNR Alien 10000 Puffs Wiederaufladbarer Einweg-Vape Gro\u00dfhandelspreis<\/h1>\n<div class=\"flex-shrink-0 flex flex-col relative items-end\">\n<div class=\"pt-0\">\n<div class=\"gizmo-bot-avatar flex h-8 w-8 items-center justify-center overflow-hidden rounded-full\">\n<div class=\"relative p-1 rounded-sm flex items-center justify-center bg-token-main-surface-primary text-token-text-primary h-8 w-8\">\n<p>Der <strong>JNR Alien 10000 Z\u00fcge Wiederaufladbarer Einweg-Vaporizer<\/strong> wurde f\u00fcr diejenigen entwickelt, die sowohl Bequemlichkeit als auch Leistung priorisieren. Mit einer vorgef\u00fcllten <strong>20 ml E-Liquid-Kapazit\u00e4t<\/strong>bietet dieses Ger\u00e4t bis zu <strong>10.000 Z\u00fcge<\/strong>, um l\u00e4ngere Dampfsitzungen ohne h\u00e4ufige Austausch zu gew\u00e4hrleisten. Angetrieben von einem zuverl\u00e4ssigen <strong>850mAh Akku<\/strong>, liefert es konstanten Dampf und die fortschrittliche <strong>Mesh-Coil-Technologie<\/strong> verbessert sowohl Geschmack als auch Wolkenproduktion f\u00fcr ein verbessertes Erlebnis. Alien JNR 10000 Entwickelt f\u00fcr <strong>MTL (Mund-zu-Lunge) Dampfen<\/strong>, verf\u00fcgt dieses Ger\u00e4t \u00fcber einen unkomplizierten <strong>ziehaktivierten Mechanismus<\/strong>, was es perfekt f\u00fcr Nutzer macht, die Einfachheit ohne Leistungseinbu\u00dfen bevorzugen.<\/p>\n<p>Kompakt und tragbar, der <strong>JNR Alien 10000 Wiederaufladbare Vape<\/strong> ist ideal f\u00fcr das Dampfen unterwegs. Der wiederaufladbare Akku unterst\u00fctzt eine langanhaltende Nutzung, und das leichte Design macht es einfach zu tragen. Mit einem <strong>5 % Nikotinst\u00e4rke<\/strong>, bietet es einen befriedigenden Zug, der Nutzer anspricht, die ein starkes aber sanftes Dampferlebnis suchen. Ob H\u00e4ndler oder Gro\u00dfabnehmer, der <strong>JNR Alien 10000 Z\u00fcge<\/strong> bietet au\u00dfergew\u00f6hnliches Preis-Leistungs-Verh\u00e4ltnis bei <strong>Gro\u00dfhandelspreisen<\/strong>, was ihn zu einem herausragenden Produkt f\u00fcr Vape-Gro\u00dfhandelsbedarf macht.<\/p>\n<\/div>\n<\/div>\n<\/div>\n<\/div>\n<\/div>\n<\/div>\n<p><strong>Kontaktieren Sie Amy, um die richtige Antwort und einen Gutschein f\u00fcr E-Zigaretten zu erhalten!<\/strong><\/p>\n<p><img loading=\"lazy\" decoding=\"async\" class=\"size-full wp-image-1978\" src=\"https:\/\/rmvapesale.com\/wp-content\/uploads\/2024\/09\/Disposable-Vape-Wholesale.jpg\" alt=\"Einweg-Vape Gro\u00dfhandel\" width=\"229\" height=\"300\" \/><\/p>\n<h3><a href=\"https:\/\/wa.me\/8617776015835\" target=\"_blank\" rel=\"noopener\"><span style=\"color: #ff0000\"><strong>WhatsApp: +86 17776015835<\/strong><\/span><\/a><\/h3>\n<p>&nbsp;<\/p>\n<h2><\/h2>\n<h2><strong>JNR Alien 10000 Z\u00fcge Hauptmerkmale<\/strong><\/h2>\n<ul>\n<li><strong>Erreicht bis zu 10.000 Z\u00fcge pro Ger\u00e4t<\/strong><\/li>\n<li><strong>20 ml E-Liquid vorgef\u00fcllt f\u00fcr weniger Austausch<\/strong><\/li>\n<li><strong>850mAh wiederaufladbarer Akku f\u00fcr l\u00e4ngere Sitzungen<\/strong><\/li>\n<li><strong>Mesh-Spulentechnologie verbessert Geschmack und Dampf<\/strong><\/li>\n<li><strong>Kompaktes, zugaktiviertes Design f\u00fcr m\u00fcheliges Dampfen<\/strong><\/li>\n<\/ul>\n<h2><\/h2>\n<h2><strong>Top-Geschmack f\u00fcr JNR Alien 10kPuffs<\/strong><\/h2>\n<p>1. Schwarzer Drache Eis<br \/>\n2. Blau Razz Kirsche <span style=\"color: #ff0000\"><strong>&gt;&gt;&gt;&gt; Hei\u00df!<\/strong><\/span><br \/>\n3. Blue Razz Ice <span style=\"color: #ff0000\"><strong>&gt;&gt;&gt;&gt; Hei\u00df!<\/strong><\/span><br \/>\n4. Blaubeer Bubble Gum<br \/>\n5. Blaubeer Kirsche Cranberry<br \/>\n6. Blaubeer auf Eis<br \/>\n7. Blaubeer Sauer Himbeere<br \/>\n8. Spritzige Kirsche Cola<br \/>\n9.Traube Eis<br \/>\n10. Guave Eis<br \/>\n11. Kiwi Passionsfrucht Guave<br \/>\n12. Erdbeer Kiwi<br \/>\n13. Gemischte Beere<br \/>\n14. Herr Blau<br \/>\n15. Passionsfrucht<br \/>\n16. Pfirsich Beere<br \/>\n17. Pfirsich Blaubeer Bonbon<br \/>\n18. Pfirsich Eis<br \/>\n19.Pfirsich Mango Ananas <span style=\"color: #ff0000\"><strong>&gt;&gt;&gt;&gt; Hei\u00df!<\/strong><\/span><br \/>\n20.Saurer Apfel<br \/>\n21.Erdbeer-Banane<br \/>\n22.Erdbeere Eis<br \/>\n23.Erdbeere Himbeere Kirsche Eis <span style=\"color: #ff0000\"><strong>&gt;&gt;&gt;&gt; Am besten!<\/strong><\/span><br \/>\n24.Erdbeere Wassermelone Eis<br \/>\n25.Erdbeere Wassermelone Limonade<br \/>\n26.Wassermelone Kaugummi<br \/>\n27.Wassermelone Eis<br \/>\n28.Banane Eis<br \/>\n29.Blaubeere Kiwi<br \/>\n30. Cherry Berry<br \/>\n31. Cola Ice<br \/>\n32. Cool Mint<br \/>\n33. Double Apple<br \/>\n34. Gummy Bear<br \/>\n35. Lush Ice<br \/>\n36. Himbeer-Wassermelone<br \/>\n37. Erdbeer-Bonbon-Eis<br \/>\n38. Erdbeer-Pinacolada<br \/>\n39. Erdbeer-Granatapfel<br \/>\n40. Erdbeer-Himbeer-Eis<br \/>\n41. Tropischer Punch<br \/>\n42. Wassermelone Brazz Ice<br \/>\n43. Wassermelone Litschi<\/p>\n<p>&nbsp;<\/p>\n<h3><strong>Warum Rmvapesale f\u00fcr Alien JNR 10000 Z\u00fcge w\u00e4hlen <\/strong><strong>V<\/strong><strong>Gro\u00dfhandel<\/strong><strong>?<\/strong><\/h3>\n<div class=\"flex-shrink-0 flex flex-col relative items-end\">\n<div class=\"pt-0\">\n<div class=\"gizmo-bot-avatar flex h-8 w-8 items-center justify-center overflow-hidden rounded-full\">\n<div class=\"relative p-1 rounded-sm flex items-center justify-center bg-token-main-surface-primary text-token-text-primary h-8 w-8\">\n<p>Willkommen bei Rmvapesale, Ihrem vertrauensw\u00fcrdigen Vape-Shop f\u00fcr Premium Einweg-Vapes. Mit \u00fcber 5 Jahren Erfahrung bieten wir Ihnen beliebte Marken f\u00fcr Einweg-Vapes wie Al Fakher, <a href=\"https:\/\/rmvapesale.com\/de\/product-category\/bang-vapes\/\">Bang Vape<\/a>, Waspe, WGA Vape und<a href=\"https:\/\/rmvapesale.com\/de\/product-category\/randm-fumot-vape\/\"> RandM Vape<\/a>.<\/p>\n<p>Unser Sortiment umfasst hei\u00dfe Verkaufs-Vapes wie die <a href=\"https:\/\/rmvapesale.com\/de\/product\/randm-tornado-15000-puffs-vape-wholesale\/\">RandM Tornado 15000<\/a> und geschmacksintensive Optionen wie die Vapme 70000. Jedes Produkt wird mit Fokus auf Qualit\u00e4t, Wert und Vielfalt ausgew\u00e4hlt, um sicherzustellen, dass Sie die perfekte \u00dcbereinstimmung f\u00fcr Ihre Bed\u00fcrfnisse finden. Entdecken Sie au\u00dfergew\u00f6hnlichen Service und eine breite Palette von Spitzenprodukten bei Rmvapesale.<\/p>\n<\/div>\n<h3><\/h3>\n<div class=\"relative p-1 rounded-sm flex items-center justify-center bg-token-main-surface-primary text-token-text-primary h-8 w-8\">\n<h3><b> FAQs f\u00fcr <\/b><b>Alien JNR 10000 Wiederaufladbare Einweg-Vape<\/b><\/h3>\n<div class=\"group\/conversation-turn relative flex w-full min-w-0 flex-col agent-turn\">\n<div class=\"flex-col gap-1 md:gap-3\">\n<div class=\"flex max-w-full flex-col flex-grow\">\n<div class=\"min-h-8 text-message flex w-full flex-col items-end gap-2 whitespace-normal break-words [.text-message+&amp;]:mt-5\" dir=\"auto\" data-message-author-role=\"assistant\" data-message-id=\"00c9b302-bc9c-4550-94ba-5a295efa2be3\" data-message-model-slug=\"gpt-4o\">\n<div class=\"flex w-full flex-col gap-1 empty:hidden first:pt-[3px]\">\n<div class=\"markdown prose w-full break-words dark:prose-invert light\">\n<div class=\"flex-shrink-0 flex flex-col relative items-end\">\n<div>\n<div class=\"pt-0\">\n<div class=\"gizmo-bot-avatar flex h-8 w-8 items-center justify-center overflow-hidden rounded-full\">\n<div class=\"relative p-1 rounded-sm flex items-center justify-center bg-token-main-surface-primary text-token-text-primary h-8 w-8\">\n<div class=\"flex-shrink-0 flex flex-col relative items-end\">\n<div>\n<div class=\"pt-0\">\n<div class=\"gizmo-bot-avatar flex h-8 w-8 items-center justify-center overflow-hidden rounded-full\">\n<div class=\"relative p-1 rounded-sm flex items-center justify-center bg-token-main-surface-primary text-token-text-primary h-8 w-8\">\n<p><strong>1. Wie viel Nikotin enth\u00e4lt eine JNR 10000 Einweg-Vape?<\/strong><br \/>\nDer <strong>JNR Alien 10k Einweg-Vape<\/strong> enth\u00e4lt <strong>5% Nikotinst\u00e4rke (50mg)<\/strong>, bietet ein kraftvolles und dennoch sanftes Nikotinerlebnis.<\/p>\n<p><strong>2. Wo kann ich JNR Alien 10k Puffs zum Gro\u00dfhandelspreis kaufen?<\/strong><br \/>\nSie k\u00f6nnen die <strong>JNR Alien 10k Puffs<\/strong> at <strong>Gro\u00dfhandelspreise<\/strong> \u00fcber vertrauensw\u00fcrdige Vape-Gro\u00dfh\u00e4ndler, Distributoren oder Online-Plattformen, die sich auf den Verkauf von Vapes in gro\u00dfen Mengen spezialisiert haben.<\/p>\n<p><strong>3. Woher wei\u00df ich, wann mein JNR 10000 Puffs Smart Vape leer ist?<\/strong><br \/>\nDein <strong>JNR 10000 Vape<\/strong> k\u00f6nnte leer sein, wenn Sie einen verbrannten oder unangenehmen Geschmack bemerken, die Dampfproduktion reduziert ist oder das Ger\u00e4t bei Gebrauch nicht mehr aktiviert wird.<\/p>\n<p><strong>4. Wie lange h\u00e4lt der Geschmack im JNR 10000 Einweg-Vape-Pen?<\/strong><br \/>\nDie Aromen in der <strong>JNR Alien 10000<\/strong> bleiben w\u00e4hrend der gesamten Lebensdauer konsistent und zufriedenstellend <strong>10.000 Z\u00fcge<\/strong>, wodurch keine Kompromisse beim Geschmack eingegangen werden.<\/p>\n<p><strong>5. Was sind die beliebtesten Geschmacksrichtungen f\u00fcr den JNR Alien 10k Puffs Einweg-Vape-Pen?<\/strong><br \/>\nTop-Geschmacksrichtungen f\u00fcr den <strong>JNR Alien 10k Puffs<\/strong> sind Mango Ice, Strawberry Watermelon, Blueberry Raspberry und Cool Mint, die eine breite Palette von Vorlieben abdecken.<\/p>\n<p><strong>6. Wie viele Z\u00fcge bietet der JNR 10000 Vape?<\/strong><br \/>\nDer <strong>JNR Alien 10k Vape<\/strong> bietet <strong>10.000 Z\u00fcge<\/strong>, was ihn zu einer langlebigen und praktischen Option f\u00fcr starke und gelegentliche Dampfer macht.<\/p>\n<p><strong>7. Wie lange dauert das Aufladen eines wiederaufladbaren JNR 10000 Puffs Vape?<\/strong><br \/>\nDer <strong>JNR\u00a0 10000 Puffs Vape<\/strong> L\u00e4dt in etwa vollst\u00e4ndig auf <strong>1 bis 1,5 Stunden<\/strong>cURL Too many subrequests. <strong>Typ-C-Ladeanschluss<\/strong>.<\/p>\n<\/div>\n<\/div>\n<\/div>\n<\/div>\n<\/div>\n<\/div>\n<\/div>\n<\/div>\n<\/div>\n<\/div>\n<div class=\"group\/conversation-turn relative flex w-full min-w-0 flex-col agent-turn\">\n<div class=\"flex-col gap-1 md:gap-3\">\n<div class=\"flex max-w-full flex-col flex-grow\">\n<div class=\"min-h-8 text-message flex w-full flex-col items-end gap-2 whitespace-normal break-words [.text-message+&amp;]:mt-5\" dir=\"auto\" data-message-author-role=\"assistant\" data-message-id=\"a3dc01bd-23b0-4fd7-bb9a-7827522cefd8\" data-message-model-slug=\"gpt-4o\">\n<div class=\"flex w-full flex-col gap-1 empty:hidden first:pt-[3px]\"><\/div>\n<\/div>\n<\/div>\n<\/div>\n<\/div>\n<\/div>\n<\/div>\n<\/div>\n<\/div>\n<\/div>\n<\/div>\n<\/div>\n<\/div>\n<\/div>\n<\/div>\n<h3>Zum Versand<\/h3>\n<div class=\"flex-shrink-0 flex flex-col relative items-end\">\n<div>\n<div class=\"pt-0\">\n<div class=\"gizmo-bot-avatar flex h-8 w-8 items-center justify-center overflow-hidden rounded-full\">\n<div><\/div>\n<div class=\"relative p-1 rounded-sm flex items-center justify-center bg-token-main-surface-primary text-token-text-primary h-8 w-8\"><strong>1. Welche Versandmethoden werden verwendet?<\/strong><\/div>\n<\/div>\n<\/div>\n<\/div>\n<\/div>\n<div class=\"group\/conversation-turn relative flex w-full min-w-0 flex-col agent-turn\">\n<div class=\"flex-col gap-1 md:gap-3\">\n<div class=\"flex max-w-full flex-col flex-grow\">\n<div class=\"min-h-[20px] text-message flex w-full flex-col items-end gap-2 whitespace-normal break-words [.text-message+&amp;]:mt-5 overflow-x-auto\" dir=\"auto\" data-message-author-role=\"assistant\" data-message-id=\"22f8283b-3233-46ff-89a5-c7a41b33abda\">\n<div class=\"flex w-full flex-col gap-1 empty:hidden first:pt-[3px]\">\n<div class=\"markdown prose w-full break-words dark:prose-invert light\">\n<p>Wir arbeiten mit UPS, DHL, FedEx, DPD und anderen f\u00fchrenden Transportunternehmen zusammen. Wir w\u00e4hlen die beste Versandmethode basierend auf Ihrem Lieferort aus, um sicherzustellen, dass Sie Ihre Produkte so schnell wie m\u00f6glich erhalten.<\/p>\n<\/div>\n<p><strong>2. Wie lange dauert es, bis die Lieferung ankommt?<\/strong><\/p>\n<p>Pakete, die nach Deutschland versandt werden, kommen normalerweise innerhalb von 10 Werktagen an. Der Versand in europ\u00e4ische L\u00e4nder dauert in der Regel etwa 12-15 Werktage. Wir werden Ihnen Echtzeit-Updates zu Ihrem Versandstatus bereitstellen.<\/p>\n<\/div>\n<\/div>\n<\/div>\n<\/div>\n<\/div>\n<p>&nbsp;<\/p>\n<p>Finden Sie weitere Vape-Produkte, die Ihnen gefallen k\u00f6nnten:<strong><em><a href=\"https:\/\/rmvapesale.com\/de\/shop-2\/\">jetzt einkaufen &gt;&gt;&gt;<\/a><\/em><\/strong><\/p>","protected":false},"excerpt":{"rendered":"<p>Der <strong>JNR Alien 10000 Z\u00fcge Wiederaufladbarer Einweg-Vaporizer<\/strong> wurde f\u00fcr diejenigen entwickelt, die sowohl Bequemlichkeit als auch Leistung priorisieren. Mit einer vorgef\u00fcllten <strong>20 ml E-Liquid-Kapazit\u00e4t<\/strong>bietet dieses Ger\u00e4t bis zu <strong>10.000 Z\u00fcge<\/strong>und gew\u00e4hrleistet so l\u00e4ngere Dampfsitzungen ohne h\u00e4ufigen Austausch.<\/p>\n<p><img loading=\"lazy\" decoding=\"async\" class=\"size-full wp-image-2375\" src=\"https:\/\/rmvapesale.com\/wp-content\/uploads\/2024\/10\/image.png\" alt=\"Bester Einweg-Vape\" width=\"229\" height=\"300\" \/><\/p>\n<h3><a href=\"https:\/\/wa.me\/8617776015835\"><span style=\"color: #ff0000\"><strong>WhatsApp: +86 17776015835<\/strong><\/span><\/a><\/h3>\n<p>&nbsp;<\/p>","protected":false},"featured_media":2762,"comment_status":"open","ping_status":"closed","template":"","meta":{"_uag_custom_page_level_css":"","_lmt_disableupdate":"no","_lmt_disable":"","site-sidebar-layout":"default","site-content-layout":"content-boxed-container","ast-site-content-layout":"normal-width-container","site-content-style":"boxed","site-sidebar-style":"unboxed","ast-global-header-display":"","ast-banner-title-visibility":"","ast-main-header-display":"","ast-hfb-above-header-display":"","ast-hfb-below-header-display":"","ast-hfb-mobile-header-display":"","site-post-title":"","ast-breadcrumbs-content":"","ast-featured-img":"","footer-sml-layout":"","ast-disable-related-posts":"","theme-transparent-header-meta":"default","adv-header-id-meta":"","stick-header-meta":"","header-above-stick-meta":"","header-main-stick-meta":"","header-below-stick-meta":"","astra-migrate-meta-layouts":"set","ast-page-background-enabled":"default","ast-page-background-meta":{"desktop":{"background-color":"var(--ast-global-color-4)","background-image":"","background-repeat":"repeat","background-position":"center center","background-size":"auto","background-attachment":"scroll","background-type":"","background-media":"","overlay-type":"","overlay-color":"","overlay-opacity":"","overlay-gradient":""},"tablet":{"background-color":"","background-image":"","background-repeat":"repeat","background-position":"center center","background-size":"auto","background-attachment":"scroll","background-type":"","background-media":"","overlay-type":"","overlay-color":"","overlay-opacity":"","overlay-gradient":""},"mobile":{"background-color":"","background-image":"","background-repeat":"repeat","background-position":"center center","background-size":"auto","background-attachment":"scroll","background-type":"","background-media":"","overlay-type":"","overlay-color":"","overlay-opacity":"","overlay-gradient":""}},"ast-content-background-meta":{"desktop":{"background-color":"var(--ast-global-color-5)","background-image":"","background-repeat":"repeat","background-position":"center center","background-size":"auto","background-attachment":"scroll","background-type":"","background-media":"","overlay-type":"","overlay-color":"","overlay-opacity":"","overlay-gradient":""},"tablet":{"background-color":"var(--ast-global-color-5)","background-image":"","background-repeat":"repeat","background-position":"center center","background-size":"auto","background-attachment":"scroll","background-type":"","background-media":"","overlay-type":"","overlay-color":"","overlay-opacity":"","overlay-gradient":""},"mobile":{"background-color":"var(--ast-global-color-5)","background-image":"","background-repeat":"repeat","background-position":"center center","background-size":"auto","background-attachment":"scroll","background-type":"","background-media":"","overlay-type":"","overlay-color":"","overlay-opacity":"","overlay-gradient":""}},"_joinchat":[]},"product_brand":[],"product_cat":[15,27,25,123,30,26,28,137,136,135],"product_tag":[223,224,205],"class_list":{"0":"post-2767","1":"product","2":"type-product","3":"status-publish","4":"has-post-thumbnail","6":"product_cat-new-vape-this-week","7":"product_cat-fance-hot-sale-vape","8":"product_cat-germany-best-selling-vape","9":"product_cat-italy-wholesale-vape","10":"product_cat-minimum-order-quantity-50pcs","11":"product_cat-netherlands-hot-sale-vape","12":"product_cat-poland-hot-sale-vape","13":"product_cat-rechargeable-vapes","14":"product_cat-smart-screen-vapes","15":"product_cat-spain-best-hot-sale-vape","16":"product_tag-jnr","17":"product_tag-jnr-10000","18":"product_tag-jnr-vape","19":"desktop-align-left","20":"tablet-align-left","21":"mobile-align-left","23":"first","24":"instock","25":"sale","26":"shipping-taxable","27":"purchasable","28":"product-type-simple"},"uagb_featured_image_src":{"full":["https:\/\/rmvapesale.com\/wp-content\/uploads\/2024\/11\/JNR-Alien-10000-Puffs-Bulk-Price.png",800,800,false],"thumbnail":["https:\/\/rmvapesale.com\/wp-content\/uploads\/2024\/11\/JNR-Alien-10000-Puffs-Bulk-Price-150x150.png",150,150,true],"medium":["https:\/\/rmvapesale.com\/wp-content\/uploads\/2024\/11\/JNR-Alien-10000-Puffs-Bulk-Price-300x300.png",300,300,true],"medium_large":["https:\/\/rmvapesale.com\/wp-content\/uploads\/2024\/11\/JNR-Alien-10000-Puffs-Bulk-Price-768x768.png",768,768,true],"large":["https:\/\/rmvapesale.com\/wp-content\/uploads\/2024\/11\/JNR-Alien-10000-Puffs-Bulk-Price.png",800,800,false],"1536x1536":["https:\/\/rmvapesale.com\/wp-content\/uploads\/2024\/11\/JNR-Alien-10000-Puffs-Bulk-Price.png",800,800,false],"2048x2048":["https:\/\/rmvapesale.com\/wp-content\/uploads\/2024\/11\/JNR-Alien-10000-Puffs-Bulk-Price.png",800,800,false],"trp-custom-language-flag":["https:\/\/rmvapesale.com\/wp-content\/uploads\/2024\/11\/JNR-Alien-10000-Puffs-Bulk-Price.png",12,12,false],"woocommerce_thumbnail":["https:\/\/rmvapesale.com\/wp-content\/uploads\/2024\/11\/JNR-Alien-10000-Puffs-Bulk-Price-300x300.png",300,300,true],"woocommerce_single":["https:\/\/rmvapesale.com\/wp-content\/uploads\/2024\/11\/JNR-Alien-10000-Puffs-Bulk-Price-600x600.png",600,600,true],"woocommerce_gallery_thumbnail":["https:\/\/rmvapesale.com\/wp-content\/uploads\/2024\/11\/JNR-Alien-10000-Puffs-Bulk-Price-100x100.png",100,100,true],"wcpr-photo-reviews":["https:\/\/rmvapesale.com\/wp-content\/uploads\/2024\/11\/JNR-Alien-10000-Puffs-Bulk-Price.png",500,500,false]},"uagb_author_info":{"display_name":"AMY","author_link":"https:\/\/rmvapesale.com\/de\/author\/"},"uagb_comment_info":0,"uagb_excerpt":"The JNR Alien 10000 Puffs Rechargeable Disposable Vape is engineered for those who prioritize both convenience and performance. With a pre-filled 20ml e-liquid capacity, this device offers up to 10,000 puffs, ensuring extended vaping sessions without frequent replacements. WhatsApp: +86 17776015835 &nbsp;","_links":{"self":[{"href":"https:\/\/rmvapesale.com\/de\/wp-json\/wp\/v2\/product\/2767","targetHints":{"allow":["GET"]}}],"collection":[{"href":"https:\/\/rmvapesale.com\/de\/wp-json\/wp\/v2\/product"}],"about":[{"href":"https:\/\/rmvapesale.com\/de\/wp-json\/wp\/v2\/types\/product"}],"replies":[{"embeddable":true,"href":"https:\/\/rmvapesale.com\/de\/wp-json\/wp\/v2\/comments?post=2767"}],"wp:featuredmedia":[{"embeddable":true,"href":"https:\/\/rmvapesale.com\/de\/wp-json\/wp\/v2\/media\/2762"}],"wp:attachment":[{"href":"https:\/\/rmvapesale.com\/de\/wp-json\/wp\/v2\/media?parent=2767"}],"wp:term":[{"taxonomy":"product_brand","embeddable":true,"href":"https:\/\/rmvapesale.com\/de\/wp-json\/wp\/v2\/product_brand?post=2767"},{"taxonomy":"product_cat","embeddable":true,"href":"https:\/\/rmvapesale.com\/de\/wp-json\/wp\/v2\/product_cat?post=2767"},{"taxonomy":"product_tag","embeddable":true,"href":"https:\/\/rmvapesale.com\/de\/wp-json\/wp\/v2\/product_tag?post=2767"}],"curies":[{"name":"wp","href":"https:\/\/api.w.org\/{rel}","templated":true}]}}