{"id":2782,"date":"2024-11-26T06:22:12","date_gmt":"2024-11-26T06:22:12","guid":{"rendered":"https:\/\/rmvapesale.com\/?post_type=product&#038;p=2782"},"modified":"2024-11-26T06:36:14","modified_gmt":"2024-11-26T06:36:14","slug":"jnr-phonevape-30000-30k-smart-disposable-vape-wholesale","status":"publish","type":"product","link":"https:\/\/rmvapesale.com\/de\/product\/jnr-phonevape-30000-30k-smart-disposable-vape-wholesale\/","title":{"rendered":"JNR PhoneVape 30000 30K Intelligenter Einweg-Vape Gro\u00dfhandel"},"content":{"rendered":"<div class=\"B2VR9 CJHX3e\">\n<div class=\"wyccme\">\n<h1 class=\"LC20lb MBeuO DKV0Md\">JNR PhoneVape 30000 30K Intelligenter Einweg-Vape Gro\u00dfhandel<\/h1>\n<div class=\"flex-shrink-0 flex flex-col relative items-end\">\n<div class=\"pt-0\">\n<div class=\"gizmo-bot-avatar flex h-8 w-8 items-center justify-center overflow-hidden rounded-full\">\n<div class=\"relative p-1 rounded-sm flex items-center justify-center bg-token-main-surface-primary text-token-text-primary h-8 w-8\">\n<p>Der <strong>JNR PhoneVape 30000 Smart Disposable Vape<\/strong>, ein revolution\u00e4res Ger\u00e4t, das modernste Technologie mit au\u00dfergew\u00f6hnlicher Leistung verbindet. Entwickelt f\u00fcr moderne Dampfer, bietet diese intelligente Einweg-Vape ein enormes <strong>30.000 Z\u00fcgen<\/strong> in <strong>Normaler Modus<\/strong> und <strong>18.000 Z\u00fcge<\/strong> in <strong>Puls-Modus<\/strong>, was es perfekt f\u00fcr langanhaltenden Gebrauch macht. Sein <strong>Vollbildschirm<\/strong> liefert Echtzeitdaten, einschlie\u00dflich Batteriestatus, E-Liquid-Level, Uhrzeit und sogar Kalenderfunktionen, sodass Sie jederzeit informiert bleiben. Mit seinem <strong>verstellbaren Luftstromsystem<\/strong>, k\u00f6nnen Sie die Intensit\u00e4t Ihres Zuges an Ihre Vorlieben anpassen. Perfekt f\u00fcr sowohl Gelegenheitssmoker als auch erfahrene Nutzer, hebt die <strong>JNR PhoneVape<\/strong> Dampfen auf die n\u00e4chste Stufe.<\/p>\n<p>Was den <strong>JNR PhoneVape 30K<\/strong> auszeichnet, ist seine <strong>intelligente Funktionen<\/strong>. Dieses Ger\u00e4t unterst\u00fctzt <strong>Anruf- und Textbenachrichtigungen<\/strong>, einen <strong>Fernbedienung der Kamera<\/strong> Feature, und die einzigartige <strong>Finde Deinen Vape<\/strong> Funktion durch seine <strong>WearinOS App-Integration<\/strong>. Es <strong>Sperrmodus<\/strong> sichert die Sicherheit, wenn es nicht in Gebrauch ist, w\u00e4hrend die <strong>Type-C wiederaufladbare Batterie<\/strong> sich in nur <strong>1,5 bis 2 Stunden<\/strong>vollst\u00e4ndig aufl\u00e4dt, was eine gleichm\u00e4\u00dfige Stromversorgung f\u00fcr l\u00e4ngere Dampfsitzungen gew\u00e4hrleistet. Erh\u00e4ltlich in verschiedenen Geschmacksrichtungen, einschlie\u00dflich <strong>Blaue Himbeereis<\/strong> und <strong>Erdbeereis<\/strong>, garantiert dieser wiederaufladbare Einweg-Vape sowohl Zufriedenheit als auch Stil. Gro\u00dfhandelskunden k\u00f6nnen von wettbewerbsf\u00e4higen Preisen profitieren, was das <strong>JNR PhoneVape 30000<\/strong> eine unschlagbare Wahl f\u00fcr Gro\u00dfbestellungen macht.<\/p>\n<\/div>\n<\/div>\n<\/div>\n<\/div>\n<\/div>\n<\/div>\n<p><strong>Kontaktieren Sie Amy, um die richtige Antwort und einen Gutschein f\u00fcr E-Zigaretten zu erhalten!<\/strong><\/p>\n<p><img loading=\"lazy\" decoding=\"async\" class=\"size-full wp-image-1978\" src=\"https:\/\/rmvapesale.com\/wp-content\/uploads\/2024\/09\/Disposable-Vape-Wholesale.jpg\" alt=\"Einweg-Vape Gro\u00dfhandel\" width=\"229\" height=\"300\" \/><\/p>\n<h3><a href=\"https:\/\/wa.me\/8617776015835\" target=\"_blank\" rel=\"noopener\"><span style=\"color: #ff0000\"><strong>WhatsApp: +86 17776015835<\/strong><\/span><\/a><\/h3>\n<p>&nbsp;<\/p>\n<h2><\/h2>\n<h2><strong>JNR PhoneVape 30000 Puffs Hauptmerkmale<\/strong><\/h2>\n<ul>\n<li><strong>Gro\u00dfe Puff-Anzahl<\/strong>: Bis zu 30.000 Z\u00fcge im Normalmodus, 18.000 im Pulsmodus.<\/li>\n<li><strong>Intelligentes Display<\/strong>: Echtzeitdaten f\u00fcr Zeit, Akku- und E-Liquid-Level.<\/li>\n<li><strong>Erweiterte Funktionen<\/strong>: Anruf- &amp; Textbenachrichtigungen, Fernkamera und Finde Deinen Vape.<\/li>\n<li><strong>Wiederaufladbarer Akku<\/strong>: Schnelles Laden via Type-C f\u00fcr 1,5 bis 2 Stunden.<\/li>\n<li><strong>Anpassbarer Luftstrom<\/strong>: Einstellbarer Luftstrom f\u00fcr ein personalisiertes Dampferlebnis.<\/li>\n<\/ul>\n<h2><strong>Top-Geschmack f\u00fcr JNR Phone Vape 30000<\/strong><\/h2>\n<p>1.Blue Razz Ice <span style=\"color: #ff0000\"><strong>&gt;&gt;&gt;&gt; Hei\u00df!<\/strong><\/span><br \/>\n2. Erdbeereis<br \/>\n3. Wassermelone Eis<br \/>\n4. Miami Minze <span style=\"color: #ff0000\"><strong>&gt;&gt;&gt;&gt; Hei\u00df!<\/strong><\/span><br \/>\n5. Bananen-Eis<br \/>\n6. Kirsche Erdbeere Himbeere <span style=\"color: #ff0000\"><strong>&gt;&gt;&gt;&gt; Am besten!<\/strong><\/span><br \/>\n7. Saures Apfeleis<br \/>\n8. Blaubeer-Wassermelone<br \/>\n9.Pfirsich Mango Wassermelone<br \/>\n10.Verdammt gro\u00dfartig<\/p>\n<p>&nbsp;<\/p>\n<h3><strong>Warum Rmvapesale f\u00fcr JNR PhoneVape 30K Puffs w\u00e4hlen <\/strong><strong>V<\/strong><strong>Gro\u00dfhandel<\/strong><strong>?<\/strong><\/h3>\n<div class=\"flex-shrink-0 flex flex-col relative items-end\">\n<div class=\"pt-0\">\n<div class=\"gizmo-bot-avatar flex h-8 w-8 items-center justify-center overflow-hidden rounded-full\">\n<div class=\"relative p-1 rounded-sm flex items-center justify-center bg-token-main-surface-primary text-token-text-primary h-8 w-8\">\n<p>Willkommen bei Rmvapesale, Ihrem vertrauensw\u00fcrdigen Vape-Shop f\u00fcr Premium Einweg-Vapes. Mit \u00fcber 5 Jahren Erfahrung bieten wir Ihnen beliebte Marken f\u00fcr Einweg-Vapes wie Al Fakher, <a href=\"https:\/\/rmvapesale.com\/de\/product-category\/bang-vapes\/\">Bang Vape<\/a>, Waspe, WGA Vape und<a href=\"https:\/\/rmvapesale.com\/de\/product-category\/randm-fumot-vape\/\"> RandM Vape<\/a>.<\/p>\n<p>Unser Sortiment umfasst hei\u00dfe Verkaufs-Vapes wie die <a href=\"https:\/\/rmvapesale.com\/de\/product\/randm-tornado-15000-puffs-vape-wholesale\/\">RandM Tornado 15000<\/a> und geschmacksintensive Optionen wie die Vapme 70000. Jedes Produkt wird mit Fokus auf Qualit\u00e4t, Wert und Vielfalt ausgew\u00e4hlt, um sicherzustellen, dass Sie die perfekte \u00dcbereinstimmung f\u00fcr Ihre Bed\u00fcrfnisse finden. Entdecken Sie au\u00dfergew\u00f6hnlichen Service und eine breite Palette von Spitzenprodukten bei Rmvapesale.<\/p>\n<\/div>\n<h3><\/h3>\n<div class=\"relative p-1 rounded-sm flex items-center justify-center bg-token-main-surface-primary text-token-text-primary h-8 w-8\">\n<h3><b> FAQS f\u00fcr JNR Phone Vape 30K<\/b><b>\u00a0Wiederaufladbare Einweg-Vape<\/b><\/h3>\n<div class=\"group\/conversation-turn relative flex w-full min-w-0 flex-col agent-turn\">\n<div class=\"flex-col gap-1 md:gap-3\">\n<div class=\"flex max-w-full flex-col flex-grow\">\n<div class=\"min-h-8 text-message flex w-full flex-col items-end gap-2 whitespace-normal break-words [.text-message+&amp;]:mt-5\" dir=\"auto\" data-message-author-role=\"assistant\" data-message-id=\"00c9b302-bc9c-4550-94ba-5a295efa2be3\" data-message-model-slug=\"gpt-4o\">\n<div class=\"flex w-full flex-col gap-1 empty:hidden first:pt-[3px]\">\n<div class=\"markdown prose w-full break-words dark:prose-invert light\">\n<div class=\"flex-shrink-0 flex flex-col relative items-end\">\n<div>\n<div class=\"pt-0\">\n<div class=\"gizmo-bot-avatar flex h-8 w-8 items-center justify-center overflow-hidden rounded-full\">\n<div class=\"relative p-1 rounded-sm flex items-center justify-center bg-token-main-surface-primary text-token-text-primary h-8 w-8\">\n<div class=\"flex-shrink-0 flex flex-col relative items-end\">\n<div>\n<div class=\"pt-0\">\n<div class=\"gizmo-bot-avatar flex h-8 w-8 items-center justify-center overflow-hidden rounded-full\">\n<div class=\"relative p-1 rounded-sm flex items-center justify-center bg-token-main-surface-primary text-token-text-primary h-8 w-8\">\n<ul>\n<li><strong>Wo kann man JNR PhoneVape 30000 Puffs zum Gro\u00dfhandelspreis in Deutschland kaufen<\/strong><br \/>\nSie k\u00f6nnen die <strong>JNR PhoneVape 30000 Puffs<\/strong> zu Gro\u00dfhandelspreisen online \u00fcber vertrauensw\u00fcrdige Vape-Gro\u00dfhandelsplattformen oder H\u00e4ndler mit internationalem Versand nach Deutschland. Stellen Sie sicher, dass Sie nach Mengenrabatten oder autorisierten Verk\u00e4ufern suchen, um wettbewerbsf\u00e4hige Preise zu erhalten.<\/li>\n<li><strong>Wie viele Z\u00fcge bietet der JNR PhoneVape 30000 Vape?<\/strong><br \/>\nDer <strong>JNR PhoneVape 30000 Vape<\/strong> bietet bis zu <strong>30.000 Z\u00fcge im regul\u00e4ren Modus<\/strong> und <strong>18.000 Z\u00fcge im Pulsmodus<\/strong>, was es perfekt f\u00fcr l\u00e4ngere Nutzung macht.<\/li>\n<li><strong>Wie lange h\u00e4lt der beliebte Flavour f\u00fcr JNR Phone Vape 30000 Einweg-Vape-Stift?<\/strong><br \/>\nDie Lebensdauer der beliebten Geschmacksrichtungen wie <strong>Blaue Himbeereis<\/strong> or <strong>Pfirsich-Eis<\/strong> h\u00e4ngt von den Nutzungsmustern ab. Typischerweise kann sie bei bis zu <strong>30.000 Z\u00fcgen<\/strong>, f\u00fcr durchschnittliche Nutzer Wochen oder sogar Monate dauern.<\/li>\n<li><strong>Was sind die beliebten Geschmacksrichtungen f\u00fcr JNR PhoneVape 30k Z\u00fcge Einweg-Vape-Stift?<\/strong><br \/>\nBeliebte Geschmacksrichtungen f\u00fcr den <strong>JNR PhoneVape 30k Z\u00fcge<\/strong> beinhalten <strong>Blaue Himbeereis<\/strong>, <strong>Pfirsich-Eis<\/strong>, und andere fruchtige, eisige Mischungen, die erfrischenden und konstanten Geschmack liefern.<\/li>\n<li><strong>Wie lange dauert es, einen JNR PhoneVape 30k Z\u00fcge wiederaufladbaren Vape aufzuladen?<\/strong><br \/>\nDer <strong>JNR PhoneVape 30k Z\u00fcge Wiederaufladbarer Vape<\/strong> dauert ungef\u00e4hr <strong>1,5 bis 2 Stunden<\/strong> um vollst\u00e4ndig aufgeladen zu werden, \u00fcber seine <strong>Typ-C-Ladeanschluss<\/strong>.<\/li>\n<li><strong>Wie viel Nikotin enth\u00e4lt ein JNR Phone Vape 30000 Einweg-Vape?<\/strong><br \/>\nDer <strong>JNR Phone Vape 30000 Einweg-Vape<\/strong> enth\u00e4lt <strong>2% (20mg\/ml) Nikotinst\u00e4rke<\/strong>, die ein sanfteres und milderes Dampferlebnis bietet, ideal f\u00fcr Nutzer mit niedrigem Nikotingehalt.<\/li>\n<\/ul>\n<\/div>\n<\/div>\n<\/div>\n<\/div>\n<\/div>\n<\/div>\n<\/div>\n<\/div>\n<\/div>\n<\/div>\n<div class=\"group\/conversation-turn relative flex w-full min-w-0 flex-col agent-turn\">\n<div class=\"flex-col gap-1 md:gap-3\">\n<div class=\"flex max-w-full flex-col flex-grow\">\n<div class=\"min-h-8 text-message flex w-full flex-col items-end gap-2 whitespace-normal break-words [.text-message+&amp;]:mt-5\" dir=\"auto\" data-message-author-role=\"assistant\" data-message-id=\"a3dc01bd-23b0-4fd7-bb9a-7827522cefd8\" data-message-model-slug=\"gpt-4o\">\n<div class=\"flex w-full flex-col gap-1 empty:hidden first:pt-[3px]\"><\/div>\n<\/div>\n<\/div>\n<\/div>\n<\/div>\n<\/div>\n<\/div>\n<\/div>\n<\/div>\n<\/div>\n<\/div>\n<\/div>\n<\/div>\n<\/div>\n<\/div>\n<h3>Zum Versand<\/h3>\n<div class=\"flex-shrink-0 flex flex-col relative items-end\">\n<div>\n<div class=\"pt-0\">\n<div class=\"gizmo-bot-avatar flex h-8 w-8 items-center justify-center overflow-hidden rounded-full\">\n<div><\/div>\n<div class=\"relative p-1 rounded-sm flex items-center justify-center bg-token-main-surface-primary text-token-text-primary h-8 w-8\"><strong>1. Welche Versandmethoden werden verwendet?<\/strong><\/div>\n<\/div>\n<\/div>\n<\/div>\n<\/div>\n<div class=\"group\/conversation-turn relative flex w-full min-w-0 flex-col agent-turn\">\n<div class=\"flex-col gap-1 md:gap-3\">\n<div class=\"flex max-w-full flex-col flex-grow\">\n<div class=\"min-h-[20px] text-message flex w-full flex-col items-end gap-2 whitespace-normal break-words [.text-message+&amp;]:mt-5 overflow-x-auto\" dir=\"auto\" data-message-author-role=\"assistant\" data-message-id=\"22f8283b-3233-46ff-89a5-c7a41b33abda\">\n<div class=\"flex w-full flex-col gap-1 empty:hidden first:pt-[3px]\">\n<div class=\"markdown prose w-full break-words dark:prose-invert light\">\n<p>Wir arbeiten mit UPS, DHL, FedEx, DPD und anderen f\u00fchrenden Transportunternehmen zusammen. Wir w\u00e4hlen die beste Versandmethode basierend auf Ihrem Lieferort aus, um sicherzustellen, dass Sie Ihre Produkte so schnell wie m\u00f6glich erhalten.<\/p>\n<\/div>\n<p><strong>2. Wie lange dauert es, bis die Lieferung ankommt?<\/strong><\/p>\n<p>Pakete, die nach Deutschland versandt werden, kommen normalerweise innerhalb von 10 Werktagen an. Der Versand in europ\u00e4ische L\u00e4nder dauert in der Regel etwa 12-15 Werktage. Wir werden Ihnen Echtzeit-Updates zu Ihrem Versandstatus bereitstellen.<\/p>\n<\/div>\n<\/div>\n<\/div>\n<\/div>\n<\/div>\n<p>&nbsp;<\/p>\n<p>Finden Sie weitere Vape-Produkte, die Ihnen gefallen k\u00f6nnten:<strong><em><a href=\"https:\/\/rmvapesale.com\/de\/shop-2\/\">jetzt einkaufen &gt;&gt;&gt;<\/a><\/em><\/strong><\/p>","protected":false},"excerpt":{"rendered":"<p>Der <strong>JNR PhoneVape 30000 Smart Disposable Vape <\/strong>entwickelt f\u00fcr moderne Dampfer, bietet ein enormes <strong>30.000 Z\u00fcgen<\/strong> in <strong>Normaler Modus<\/strong> und <strong>18.000 Z\u00fcge<\/strong> in <strong>Puls-Modus<\/strong>, was es perfekt f\u00fcr langanhaltenden Gebrauch macht.<\/p>\n<p><img loading=\"lazy\" decoding=\"async\" class=\"size-full wp-image-2375\" src=\"https:\/\/rmvapesale.com\/wp-content\/uploads\/2024\/10\/image.png\" alt=\"Bester Einweg-Vape\" width=\"229\" height=\"300\" \/><\/p>\n<h3><a href=\"https:\/\/wa.me\/8617776015835\"><span style=\"color: #ff0000\"><strong>WhatsApp: +86 17776015835<\/strong><\/span><\/a><\/h3>\n<p>&nbsp;<\/p>","protected":false},"featured_media":2778,"comment_status":"open","ping_status":"closed","template":"","meta":{"_uag_custom_page_level_css":"","_lmt_disableupdate":"no","_lmt_disable":"","site-sidebar-layout":"default","site-content-layout":"content-boxed-container","ast-site-content-layout":"normal-width-container","site-content-style":"boxed","site-sidebar-style":"unboxed","ast-global-header-display":"","ast-banner-title-visibility":"","ast-main-header-display":"","ast-hfb-above-header-display":"","ast-hfb-below-header-display":"","ast-hfb-mobile-header-display":"","site-post-title":"","ast-breadcrumbs-content":"","ast-featured-img":"","footer-sml-layout":"","ast-disable-related-posts":"","theme-transparent-header-meta":"default","adv-header-id-meta":"","stick-header-meta":"","header-above-stick-meta":"","header-main-stick-meta":"","header-below-stick-meta":"","astra-migrate-meta-layouts":"set","ast-page-background-enabled":"default","ast-page-background-meta":{"desktop":{"background-color":"var(--ast-global-color-4)","background-image":"","background-repeat":"repeat","background-position":"center center","background-size":"auto","background-attachment":"scroll","background-type":"","background-media":"","overlay-type":"","overlay-color":"","overlay-opacity":"","overlay-gradient":""},"tablet":{"background-color":"","background-image":"","background-repeat":"repeat","background-position":"center center","background-size":"auto","background-attachment":"scroll","background-type":"","background-media":"","overlay-type":"","overlay-color":"","overlay-opacity":"","overlay-gradient":""},"mobile":{"background-color":"","background-image":"","background-repeat":"repeat","background-position":"center center","background-size":"auto","background-attachment":"scroll","background-type":"","background-media":"","overlay-type":"","overlay-color":"","overlay-opacity":"","overlay-gradient":""}},"ast-content-background-meta":{"desktop":{"background-color":"var(--ast-global-color-5)","background-image":"","background-repeat":"repeat","background-position":"center center","background-size":"auto","background-attachment":"scroll","background-type":"","background-media":"","overlay-type":"","overlay-color":"","overlay-opacity":"","overlay-gradient":""},"tablet":{"background-color":"var(--ast-global-color-5)","background-image":"","background-repeat":"repeat","background-position":"center center","background-size":"auto","background-attachment":"scroll","background-type":"","background-media":"","overlay-type":"","overlay-color":"","overlay-opacity":"","overlay-gradient":""},"mobile":{"background-color":"var(--ast-global-color-5)","background-image":"","background-repeat":"repeat","background-position":"center center","background-size":"auto","background-attachment":"scroll","background-type":"","background-media":"","overlay-type":"","overlay-color":"","overlay-opacity":"","overlay-gradient":""}},"_joinchat":[]},"product_brand":[],"product_cat":[15,27,25,123,30,26,28,137,136,135],"product_tag":[223,230,231,205,229,228],"class_list":{"0":"post-2782","1":"product","2":"type-product","3":"status-publish","4":"has-post-thumbnail","6":"product_cat-new-vape-this-week","7":"product_cat-fance-hot-sale-vape","8":"product_cat-germany-best-selling-vape","9":"product_cat-italy-wholesale-vape","10":"product_cat-minimum-order-quantity-50pcs","11":"product_cat-netherlands-hot-sale-vape","12":"product_cat-poland-hot-sale-vape","13":"product_cat-rechargeable-vapes","14":"product_cat-smart-screen-vapes","15":"product_cat-spain-best-hot-sale-vape","16":"product_tag-jnr","17":"product_tag-jnr-phonevape-30000","18":"product_tag-jnr-phonevape-30k","19":"product_tag-jnr-vape","20":"product_tag-smart-disposable-vapes","21":"product_tag-touch-screen-vape","22":"desktop-align-left","23":"tablet-align-left","24":"mobile-align-left","26":"first","27":"instock","28":"sale","29":"shipping-taxable","30":"purchasable","31":"product-type-simple"},"uagb_featured_image_src":{"full":["https:\/\/rmvapesale.com\/wp-content\/uploads\/2024\/11\/JNR-Phone-Vape-30000-Disposable-Vape-Wholeale.png",1126,1126,false],"thumbnail":["https:\/\/rmvapesale.com\/wp-content\/uploads\/2024\/11\/JNR-Phone-Vape-30000-Disposable-Vape-Wholeale-150x150.png",150,150,true],"medium":["https:\/\/rmvapesale.com\/wp-content\/uploads\/2024\/11\/JNR-Phone-Vape-30000-Disposable-Vape-Wholeale-300x300.png",300,300,true],"medium_large":["https:\/\/rmvapesale.com\/wp-content\/uploads\/2024\/11\/JNR-Phone-Vape-30000-Disposable-Vape-Wholeale-768x768.png",768,768,true],"large":["https:\/\/rmvapesale.com\/wp-content\/uploads\/2024\/11\/JNR-Phone-Vape-30000-Disposable-Vape-Wholeale-1024x1024.png",1024,1024,true],"1536x1536":["https:\/\/rmvapesale.com\/wp-content\/uploads\/2024\/11\/JNR-Phone-Vape-30000-Disposable-Vape-Wholeale.png",1126,1126,false],"2048x2048":["https:\/\/rmvapesale.com\/wp-content\/uploads\/2024\/11\/JNR-Phone-Vape-30000-Disposable-Vape-Wholeale.png",1126,1126,false],"trp-custom-language-flag":["https:\/\/rmvapesale.com\/wp-content\/uploads\/2024\/11\/JNR-Phone-Vape-30000-Disposable-Vape-Wholeale.png",12,12,false],"woocommerce_thumbnail":["https:\/\/rmvapesale.com\/wp-content\/uploads\/2024\/11\/JNR-Phone-Vape-30000-Disposable-Vape-Wholeale-300x300.png",300,300,true],"woocommerce_single":["https:\/\/rmvapesale.com\/wp-content\/uploads\/2024\/11\/JNR-Phone-Vape-30000-Disposable-Vape-Wholeale-600x600.png",600,600,true],"woocommerce_gallery_thumbnail":["https:\/\/rmvapesale.com\/wp-content\/uploads\/2024\/11\/JNR-Phone-Vape-30000-Disposable-Vape-Wholeale-100x100.png",100,100,true],"wcpr-photo-reviews":["https:\/\/rmvapesale.com\/wp-content\/uploads\/2024\/11\/JNR-Phone-Vape-30000-Disposable-Vape-Wholeale.png",500,500,false]},"uagb_author_info":{"display_name":"AMY","author_link":"https:\/\/rmvapesale.com\/de\/author\/"},"uagb_comment_info":0,"uagb_excerpt":"The JNR PhoneVape 30000 Smart Disposable Vape designed for modern vapers, offers a massive 30,000 puffs in Regular Mode and 18,000 puffs in Pulse Mode, making it perfect for long-lasting use. WhatsApp: +86 17776015835 &nbsp;","_links":{"self":[{"href":"https:\/\/rmvapesale.com\/de\/wp-json\/wp\/v2\/product\/2782","targetHints":{"allow":["GET"]}}],"collection":[{"href":"https:\/\/rmvapesale.com\/de\/wp-json\/wp\/v2\/product"}],"about":[{"href":"https:\/\/rmvapesale.com\/de\/wp-json\/wp\/v2\/types\/product"}],"replies":[{"embeddable":true,"href":"https:\/\/rmvapesale.com\/de\/wp-json\/wp\/v2\/comments?post=2782"}],"wp:featuredmedia":[{"embeddable":true,"href":"https:\/\/rmvapesale.com\/de\/wp-json\/wp\/v2\/media\/2778"}],"wp:attachment":[{"href":"https:\/\/rmvapesale.com\/de\/wp-json\/wp\/v2\/media?parent=2782"}],"wp:term":[{"taxonomy":"product_brand","embeddable":true,"href":"https:\/\/rmvapesale.com\/de\/wp-json\/wp\/v2\/product_brand?post=2782"},{"taxonomy":"product_cat","embeddable":true,"href":"https:\/\/rmvapesale.com\/de\/wp-json\/wp\/v2\/product_cat?post=2782"},{"taxonomy":"product_tag","embeddable":true,"href":"https:\/\/rmvapesale.com\/de\/wp-json\/wp\/v2\/product_tag?post=2782"}],"curies":[{"name":"wp","href":"https:\/\/api.w.org\/{rel}","templated":true}]}}