{"id":2799,"date":"2024-11-28T03:16:57","date_gmt":"2024-11-28T03:16:57","guid":{"rendered":"https:\/\/rmvapesale.com\/?post_type=product&#038;p=2799"},"modified":"2024-11-28T03:38:01","modified_gmt":"2024-11-28T03:38:01","slug":"wga-30000-puffs-double-flavors-refillable-disposable-vape-bulk-price","status":"publish","type":"product","link":"https:\/\/rmvapesale.com\/de\/product\/wga-30000-puffs-double-flavors-refillable-disposable-vape-bulk-price\/","title":{"rendered":"WGA 30000 Puff Doppel Aromen Nachf\u00fcllbarer Einweg Vape Gro\u00dfhandelspreis"},"content":{"rendered":"<div class=\"B2VR9 CJHX3e\">\n<div class=\"wyccme\">\n<h1 class=\"LC20lb MBeuO DKV0Md\">WGA 30000 Puffs Doppel Aromen Nachf\u00fcllbarer Einweg Vape Gro\u00dfhandelspreis<\/h1>\n<div class=\"flex-shrink-0 flex flex-col relative items-end\">\n<div class=\"pt-0\">\n<div class=\"gizmo-bot-avatar flex h-8 w-8 items-center justify-center overflow-hidden rounded-full\">\n<div class=\"relative p-1 rounded-sm flex items-center justify-center bg-token-main-surface-primary text-token-text-primary h-8 w-8\">\n<p>Der <strong>WGA 30000 Puffs Doppel Aromen Nachf\u00fcllbarer Einweg Vape<\/strong>, ein revolution\u00e4res Ger\u00e4t, das f\u00fcr Dampfer entwickelt wurde, die un\u00fcbertroffene Vielseitigkeit und Leistung suchen. Mit einer Kapazit\u00e4t von <strong>30.000 Z\u00fcgen<\/strong>, bietet dieser Vape ein unglaublich langanhaltendes Erlebnis, perfekt f\u00fcr l\u00e4ngere Nutzung oder Gro\u00dfeink\u00e4ufe. Das <strong>Doppelaroma-System<\/strong> erm\u00f6glicht es Benutzern, nahtlos zwischen zwei Aromen zu wechseln und so ein dynamisches Dampferlebnis zu bieten, das nie eint\u00f6nig ist. Jedes Ger\u00e4t verf\u00fcgt \u00fcber eine <strong>2ml vorgef\u00fcllte E-Liquid<\/strong> Kapazit\u00e4t, zusammen mit einem zus\u00e4tzlichen <strong>20ml nachf\u00fcllbaren Fach<\/strong>, was Flexibilit\u00e4t und verbesserte Geschmackskontrolle gew\u00e4hrleistet. Angetrieben von einem <strong>650mAh Typ-C wiederaufladbaren Akku<\/strong> und ausgestattet mit einer <strong>Mesh Coil<\/strong>liefert dieses Ger\u00e4t konsistenten, sanften Dampf mit optimalem Geschmack.<\/p>\n<p>Der <strong>WGA 30k Vape<\/strong> ist auf Komfort und Funktionalit\u00e4t ausgelegt und verf\u00fcgt \u00fcber ein <strong>LED-Digitaldisplay<\/strong> das Sie \u00fcber den Akku- und E-Liquid-Stand auf dem Laufenden h\u00e4lt. Mit einer <strong>2% Nikotinst\u00e4rke<\/strong>richtet es sich an diejenigen, die eine nikotinarme, zufriedenstellende Dampfoption suchen. W\u00e4hlen Sie aus <strong>15+ Premium-Aromen<\/strong>, die jeweils darauf ausgelegt sind, ein au\u00dfergew\u00f6hnliches Geschmackserlebnis zu bieten. Perfekt f\u00fcr Gro\u00dfhandelsk\u00e4ufer oder Einzelanwender, dieser WGA 30k <strong>Smart Einweg-Vaporizer<\/strong> kombiniert Stil, Innovation und Leistung f\u00fcr eine gehobene Dampfreise.<\/p>\n<\/div>\n<\/div>\n<\/div>\n<\/div>\n<\/div>\n<\/div>\n<p><strong>Kontaktieren Sie Amy, um die richtige Antwort und einen Gutschein f\u00fcr E-Zigaretten zu erhalten!<\/strong><\/p>\n<p><img loading=\"lazy\" decoding=\"async\" class=\"size-full wp-image-1978\" src=\"https:\/\/rmvapesale.com\/wp-content\/uploads\/2024\/09\/Disposable-Vape-Wholesale.jpg\" alt=\"Einweg-Vape Gro\u00dfhandel\" width=\"229\" height=\"300\" \/><\/p>\n<h3><a href=\"https:\/\/wa.me\/8617776015835\" target=\"_blank\" rel=\"noopener\"><span style=\"color: #ff0000\"><strong>WhatsApp: +86 17776015835<\/strong><\/span><\/a><\/h3>\n<p>&nbsp;<\/p>\n<h2><\/h2>\n<h2><strong>WGA 30000 Puffs Hauptmerkmale<\/strong><\/h2>\n<ul>\n<li>Bis zu <strong>30.000 Z\u00fcgen<\/strong> f\u00fcr l\u00e4ngere Nutzung<\/li>\n<li><strong>Doppelaroma-System<\/strong> f\u00fcr ein dynamisches und anpassbares Erlebnis<\/li>\n<li><strong>650mAh Typ-C wiederaufladbaren Akku<\/strong> gew\u00e4hrleistet schnelles Aufladen<\/li>\n<li><strong>LED-Anzeige<\/strong> zeigt Akku- und E-Liquid-Stand an<\/li>\n<li>Beinhaltet <strong>2ml+20ml nachf\u00fcllbare E-Liquid-Kapazit\u00e4t<\/strong> f\u00fcr zus\u00e4tzliche Flexibilit\u00e4t<\/li>\n<\/ul>\n<h2><strong>Top-Aroma f\u00fcr WGA 30K<\/strong><\/h2>\n<p>1.Gletscherminze + Dreifach-Menthol<br \/>\n2.Limonen-Limette + Zitronen-Slush<br \/>\n3.F1zzy Kirsche + Kirsch-Himbeere <span style=\"color: #ff0000\"><strong>&gt;&gt;&gt;&gt; Hei\u00df!<\/strong><\/span><br \/>\n4. Wassermelonen-Eis + Doppelapfel<br \/>\n5. Ananas-Eis + Saftige Mango<br \/>\n6. Gummib\u00e4rchen + Skittles<br \/>\n7. Blaue Himbeer-Kirsche + Skittles<br \/>\n8. Mr. Blue + Blaue Saure Himbeere <span style=\"color: #ff0000\"><strong>&gt;&gt;&gt;&gt; Hei\u00df!<\/strong><\/span><br \/>\n9. Sakura-Traube + Trauben-Gummib\u00e4rchen<br \/>\n10. Blaubeer-Himbeer-Kirsche + Blaubeer-Erdbeer-Cranberry<br \/>\n11. Saftiger Pfirsich + Mango-Pfirsich-Wassermelone<br \/>\n12. Erdbeer-Himbeer-Eis + Erdbeer-Skittles <span style=\"color: #ff0000\"><strong>&gt;&gt;&gt;&gt; Am besten!<\/strong><\/span><br \/>\n13. Blaubeer-Eis + Erdbeer-Eis<br \/>\n14. Pfirsich Guave Erdbeere + Saftiger Pfirsich<br \/>\n15. Blaue Slush + Pinke Slush<\/p>\n<p>&nbsp;<\/p>\n<h3><strong>Warum Rmvapesale f\u00fcr WGA 30000 Z\u00fcge w\u00e4hlen <\/strong><strong>V<\/strong><strong>Gro\u00dfhandel<\/strong><strong>?<\/strong><\/h3>\n<div class=\"flex-shrink-0 flex flex-col relative items-end\">\n<div class=\"pt-0\">\n<div class=\"gizmo-bot-avatar flex h-8 w-8 items-center justify-center overflow-hidden rounded-full\">\n<div class=\"relative p-1 rounded-sm flex items-center justify-center bg-token-main-surface-primary text-token-text-primary h-8 w-8\">\n<p>Willkommen bei Rmvapesale, Ihrem vertrauensw\u00fcrdigen Vape-Shop f\u00fcr Premium Einweg-Vapes. Mit \u00fcber 5 Jahren Erfahrung bieten wir Ihnen beliebte Marken f\u00fcr Einweg-Vapes wie Al Fakher, <a href=\"https:\/\/rmvapesale.com\/de\/product-category\/bang-vapes\/\">Bang Vape<\/a>, Waspe, WGA Vape und<a href=\"https:\/\/rmvapesale.com\/de\/product-category\/randm-fumot-vape\/\"> RandM Vape<\/a>.<\/p>\n<p>Unser Sortiment umfasst hei\u00dfe Verkaufs-Vapes wie die <a href=\"https:\/\/rmvapesale.com\/de\/product\/randm-tornado-15000-puffs-vape-wholesale\/\">RandM Tornado 15000<\/a> und geschmacksintensive Optionen wie die Vapme 70000. Jedes Produkt wird mit Fokus auf Qualit\u00e4t, Wert und Vielfalt ausgew\u00e4hlt, um sicherzustellen, dass Sie die perfekte \u00dcbereinstimmung f\u00fcr Ihre Bed\u00fcrfnisse finden. Entdecken Sie au\u00dfergew\u00f6hnlichen Service und eine breite Palette von Spitzenprodukten bei Rmvapesale.<\/p>\n<\/div>\n<h3><\/h3>\n<div class=\"relative p-1 rounded-sm flex items-center justify-center bg-token-main-surface-primary text-token-text-primary h-8 w-8\">\n<h3><b> FAQs f\u00fcr <\/b><b>WGA 30K Wiederaufladbarer Einweg-Vaporizer<\/b><\/h3>\n<div class=\"group\/conversation-turn relative flex w-full min-w-0 flex-col agent-turn\">\n<div class=\"flex-col gap-1 md:gap-3\">\n<div class=\"flex max-w-full flex-col flex-grow\">\n<div class=\"min-h-8 text-message flex w-full flex-col items-end gap-2 whitespace-normal break-words [.text-message+&amp;]:mt-5\" dir=\"auto\" data-message-author-role=\"assistant\" data-message-id=\"00c9b302-bc9c-4550-94ba-5a295efa2be3\" data-message-model-slug=\"gpt-4o\">\n<div class=\"flex w-full flex-col gap-1 empty:hidden first:pt-[3px]\">\n<div class=\"markdown prose w-full break-words dark:prose-invert light\">\n<div class=\"flex-shrink-0 flex flex-col relative items-end\">\n<div>\n<div class=\"pt-0\">\n<div class=\"gizmo-bot-avatar flex h-8 w-8 items-center justify-center overflow-hidden rounded-full\">\n<div class=\"relative p-1 rounded-sm flex items-center justify-center bg-token-main-surface-primary text-token-text-primary h-8 w-8\">\n<div class=\"flex-shrink-0 flex flex-col relative items-end\">\n<div>\n<div class=\"pt-0\">\n<div class=\"gizmo-bot-avatar flex h-8 w-8 items-center justify-center overflow-hidden rounded-full\">\n<div class=\"relative p-1 rounded-sm flex items-center justify-center bg-token-main-surface-primary text-token-text-primary h-8 w-8\">\n<ul>\n<li><strong>Wo kann man WGA 30k Vape zum Gro\u00dfhandelspreis in den Niederlanden kaufen<\/strong><br \/>\nSie k\u00f6nnen die <strong>WGA 30k Vape<\/strong> zu Gro\u00dfhandelspreisen \u00fcber seri\u00f6se Online-H\u00e4ndler und Vape-Distributoren, die in die Niederlande liefern. Achten Sie darauf, vertrauensw\u00fcrdige Lieferanten zu w\u00e4hlen, die sich auf <strong>Vape-Gro\u00dfhandel<\/strong> f\u00fcr authentische Produkte spezialisiert haben.<\/li>\n<li><strong>Wie viele Z\u00fcge bietet der WGA 30k Puff Vape?<\/strong><br \/>\nDer <strong>WGA 30k Vape<\/strong> bietet beeindruckende <strong>30.000 Z\u00fcgen<\/strong>, was ihn ideal f\u00fcr l\u00e4ngere Nutzung und Gro\u00dfabnehmer macht.<\/li>\n<li><strong>Wie lange h\u00e4lt der beliebte WGA 30000 Einweg-Vaporizer?<\/strong><br \/>\nDie Lebensdauer des <strong>WGA 30000 Vape Pens<\/strong> h\u00e4ngt von den individuellen Nutzungsgewohnheiten ab. Im Durchschnitt h\u00e4lt er bei regelm\u00e4\u00dfiger Nutzung etwa <strong>2 bis 4 Wochen<\/strong>.<\/li>\n<li><strong>Welche Geschmacksrichtungen sind f\u00fcr die WGA 30k Puff Einweg-Vape-Box beliebt?<\/strong><br \/>\nBeliebte Geschmacksrichtungen f\u00fcr den <strong>WGA 30k Vape<\/strong> beinhalten <strong>Blaue Himbeereis<\/strong>, <strong>Erdbeer-Banane<\/strong>, <strong>K\u00fchle Minze<\/strong>, und andere Auswahlen von der <strong>15+ Premium-Aromen<\/strong> verf\u00fcgbar.<\/li>\n<li><strong>Wie lange dauert das Aufladen eines wiederaufladbaren WGA LEGEND ULTRA 30K Puffs Vape?<\/strong><br \/>\nDer <strong>WGA LEGEND ULTRA 30k<\/strong> Vape verf\u00fcgt \u00fcber einen <strong>650mAh Typ-C wiederaufladbaren Akku<\/strong>, was typischerweise etwa <strong>45 Minuten bis 1 Stunde<\/strong> dauert, um vollst\u00e4ndig aufzuladen.<\/li>\n<li><strong>Wie viel Nikotin ist in einem WGA LEGEND ULTRA 30000 Einweg-Vape enthalten?<\/strong><br \/>\nDer <strong>WGA LEGEND ULTRA 30000 Vape<\/strong> enth\u00e4lt <strong>2% Nikotinst\u00e4rke<\/strong>, was ein zufriedenstellendes, aber nikotinarmes Erlebnis bietet.<\/li>\n<\/ul>\n<\/div>\n<\/div>\n<\/div>\n<\/div>\n<\/div>\n<\/div>\n<\/div>\n<\/div>\n<\/div>\n<\/div>\n<div class=\"group\/conversation-turn relative flex w-full min-w-0 flex-col agent-turn\">\n<div class=\"flex-col gap-1 md:gap-3\">\n<div class=\"flex max-w-full flex-col flex-grow\">\n<div class=\"min-h-8 text-message flex w-full flex-col items-end gap-2 whitespace-normal break-words [.text-message+&amp;]:mt-5\" dir=\"auto\" data-message-author-role=\"assistant\" data-message-id=\"a3dc01bd-23b0-4fd7-bb9a-7827522cefd8\" data-message-model-slug=\"gpt-4o\">\n<div class=\"flex w-full flex-col gap-1 empty:hidden first:pt-[3px]\"><\/div>\n<\/div>\n<\/div>\n<\/div>\n<\/div>\n<\/div>\n<\/div>\n<\/div>\n<\/div>\n<\/div>\n<\/div>\n<\/div>\n<\/div>\n<\/div>\n<\/div>\n<h3>Zum Versand<\/h3>\n<div class=\"flex-shrink-0 flex flex-col relative items-end\">\n<div>\n<div class=\"pt-0\">\n<div class=\"gizmo-bot-avatar flex h-8 w-8 items-center justify-center overflow-hidden rounded-full\">\n<div><\/div>\n<div class=\"relative p-1 rounded-sm flex items-center justify-center bg-token-main-surface-primary text-token-text-primary h-8 w-8\"><strong>1. Welche Versandmethoden werden verwendet?<\/strong><\/div>\n<\/div>\n<\/div>\n<\/div>\n<\/div>\n<div class=\"group\/conversation-turn relative flex w-full min-w-0 flex-col agent-turn\">\n<div class=\"flex-col gap-1 md:gap-3\">\n<div class=\"flex max-w-full flex-col flex-grow\">\n<div class=\"min-h-[20px] text-message flex w-full flex-col items-end gap-2 whitespace-normal break-words [.text-message+&amp;]:mt-5 overflow-x-auto\" dir=\"auto\" data-message-author-role=\"assistant\" data-message-id=\"22f8283b-3233-46ff-89a5-c7a41b33abda\">\n<div class=\"flex w-full flex-col gap-1 empty:hidden first:pt-[3px]\">\n<div class=\"markdown prose w-full break-words dark:prose-invert light\">\n<p>Wir arbeiten mit UPS, DHL, FedEx, DPD und anderen f\u00fchrenden Transportunternehmen zusammen. Wir w\u00e4hlen die beste Versandmethode basierend auf Ihrem Lieferort aus, um sicherzustellen, dass Sie Ihre Produkte so schnell wie m\u00f6glich erhalten.<\/p>\n<\/div>\n<p><strong>2. Wie lange dauert es, bis die Lieferung ankommt?<\/strong><\/p>\n<p>Pakete, die nach Deutschland versandt werden, kommen normalerweise innerhalb von 10 Werktagen an. Der Versand in europ\u00e4ische L\u00e4nder dauert in der Regel etwa 12-15 Werktage. Wir werden Ihnen Echtzeit-Updates zu Ihrem Versandstatus bereitstellen.<\/p>\n<\/div>\n<\/div>\n<\/div>\n<\/div>\n<\/div>\n<p>&nbsp;<\/p>\n<p>Finden Sie weitere Vape-Produkte, die Ihnen gefallen k\u00f6nnten:<strong><em><a href=\"https:\/\/rmvapesale.com\/de\/shop-2\/\">jetzt einkaufen &gt;&gt;&gt;<\/a><\/em><\/strong><\/p>","protected":false},"excerpt":{"rendered":"<p>Der <strong>WGA 30000 Puffs Doppel Aromen Nachf\u00fcllbarer Einweg Vape<\/strong>, ein revolution\u00e4res Ger\u00e4t, das f\u00fcr Dampfer entwickelt wurde, die un\u00fcbertroffene Vielseitigkeit und Leistung suchen. Mit einer Kapazit\u00e4t von <strong>30.000 Z\u00fcgen.<\/strong><\/p>\n<p><img loading=\"lazy\" decoding=\"async\" class=\"size-full wp-image-2375\" src=\"https:\/\/rmvapesale.com\/wp-content\/uploads\/2024\/10\/image.png\" alt=\"Bester Einweg-Vape\" width=\"229\" height=\"300\" \/><\/p>\n<h3><a href=\"https:\/\/wa.me\/8617776015835\"><span style=\"color: #ff0000\"><strong>WhatsApp: +86 17776015835<\/strong><\/span><\/a><\/h3>\n<p>&nbsp;<\/p>","protected":false},"featured_media":2796,"comment_status":"open","ping_status":"closed","template":"","meta":{"_uag_custom_page_level_css":"","_lmt_disableupdate":"no","_lmt_disable":"","site-sidebar-layout":"default","site-content-layout":"content-boxed-container","ast-site-content-layout":"normal-width-container","site-content-style":"boxed","site-sidebar-style":"unboxed","ast-global-header-display":"","ast-banner-title-visibility":"","ast-main-header-display":"","ast-hfb-above-header-display":"","ast-hfb-below-header-display":"","ast-hfb-mobile-header-display":"","site-post-title":"","ast-breadcrumbs-content":"","ast-featured-img":"","footer-sml-layout":"","theme-transparent-header-meta":"default","adv-header-id-meta":"","stick-header-meta":"","header-above-stick-meta":"","header-main-stick-meta":"","header-below-stick-meta":"","astra-migrate-meta-layouts":"set","ast-page-background-enabled":"default","ast-page-background-meta":{"desktop":{"background-color":"var(--ast-global-color-4)","background-image":"","background-repeat":"repeat","background-position":"center center","background-size":"auto","background-attachment":"scroll","background-type":"","background-media":"","overlay-type":"","overlay-color":"","overlay-opacity":"","overlay-gradient":""},"tablet":{"background-color":"","background-image":"","background-repeat":"repeat","background-position":"center center","background-size":"auto","background-attachment":"scroll","background-type":"","background-media":"","overlay-type":"","overlay-color":"","overlay-opacity":"","overlay-gradient":""},"mobile":{"background-color":"","background-image":"","background-repeat":"repeat","background-position":"center center","background-size":"auto","background-attachment":"scroll","background-type":"","background-media":"","overlay-type":"","overlay-color":"","overlay-opacity":"","overlay-gradient":""}},"ast-content-background-meta":{"desktop":{"background-color":"var(--ast-global-color-5)","background-image":"","background-repeat":"repeat","background-position":"center center","background-size":"auto","background-attachment":"scroll","background-type":"","background-media":"","overlay-type":"","overlay-color":"","overlay-opacity":"","overlay-gradient":""},"tablet":{"background-color":"var(--ast-global-color-5)","background-image":"","background-repeat":"repeat","background-position":"center center","background-size":"auto","background-attachment":"scroll","background-type":"","background-media":"","overlay-type":"","overlay-color":"","overlay-opacity":"","overlay-gradient":""},"mobile":{"background-color":"var(--ast-global-color-5)","background-image":"","background-repeat":"repeat","background-position":"center center","background-size":"auto","background-attachment":"scroll","background-type":"","background-media":"","overlay-type":"","overlay-color":"","overlay-opacity":"","overlay-gradient":""}},"_joinchat":[]},"product_brand":[],"product_cat":[15,25,123,26,28,135,27,137,136,30],"product_tag":[229,232,69],"class_list":{"0":"post-2799","1":"product","2":"type-product","3":"status-publish","4":"has-post-thumbnail","6":"product_cat-new-vape-this-week","7":"product_cat-germany-best-selling-vape","8":"product_cat-italy-wholesale-vape","9":"product_cat-netherlands-hot-sale-vape","10":"product_cat-poland-hot-sale-vape","11":"product_cat-spain-best-hot-sale-vape","12":"product_cat-fance-hot-sale-vape","13":"product_cat-rechargeable-vapes","14":"product_cat-smart-screen-vapes","15":"product_cat-minimum-order-quantity-50pcs","16":"product_tag-smart-disposable-vapes","17":"product_tag-wga-30k","18":"product_tag-wga-vape","19":"desktop-align-left","20":"tablet-align-left","21":"mobile-align-left","23":"first","24":"instock","25":"sale","26":"shipping-taxable","27":"purchasable","28":"product-type-simple"},"uagb_featured_image_src":{"full":["https:\/\/rmvapesale.com\/wp-content\/uploads\/2024\/11\/WGA-Legend-Ultra-30000-Disposable-Vape.jpg",1126,1126,false],"thumbnail":["https:\/\/rmvapesale.com\/wp-content\/uploads\/2024\/11\/WGA-Legend-Ultra-30000-Disposable-Vape-150x150.jpg",150,150,true],"medium":["https:\/\/rmvapesale.com\/wp-content\/uploads\/2024\/11\/WGA-Legend-Ultra-30000-Disposable-Vape-300x300.jpg",300,300,true],"medium_large":["https:\/\/rmvapesale.com\/wp-content\/uploads\/2024\/11\/WGA-Legend-Ultra-30000-Disposable-Vape-768x768.jpg",768,768,true],"large":["https:\/\/rmvapesale.com\/wp-content\/uploads\/2024\/11\/WGA-Legend-Ultra-30000-Disposable-Vape-1024x1024.jpg",1024,1024,true],"1536x1536":["https:\/\/rmvapesale.com\/wp-content\/uploads\/2024\/11\/WGA-Legend-Ultra-30000-Disposable-Vape.jpg",1126,1126,false],"2048x2048":["https:\/\/rmvapesale.com\/wp-content\/uploads\/2024\/11\/WGA-Legend-Ultra-30000-Disposable-Vape.jpg",1126,1126,false],"trp-custom-language-flag":["https:\/\/rmvapesale.com\/wp-content\/uploads\/2024\/11\/WGA-Legend-Ultra-30000-Disposable-Vape.jpg",12,12,false],"woocommerce_thumbnail":["https:\/\/rmvapesale.com\/wp-content\/uploads\/2024\/11\/WGA-Legend-Ultra-30000-Disposable-Vape-300x300.jpg",300,300,true],"woocommerce_single":["https:\/\/rmvapesale.com\/wp-content\/uploads\/2024\/11\/WGA-Legend-Ultra-30000-Disposable-Vape-600x600.jpg",600,600,true],"woocommerce_gallery_thumbnail":["https:\/\/rmvapesale.com\/wp-content\/uploads\/2024\/11\/WGA-Legend-Ultra-30000-Disposable-Vape-100x100.jpg",100,100,true],"wcpr-photo-reviews":["https:\/\/rmvapesale.com\/wp-content\/uploads\/2024\/11\/WGA-Legend-Ultra-30000-Disposable-Vape.jpg",500,500,false]},"uagb_author_info":{"display_name":"AMY","author_link":"https:\/\/rmvapesale.com\/de\/author\/"},"uagb_comment_info":0,"uagb_excerpt":"The WGA 30000 Puffs Double Flavors Refillable Disposable Vape, a revolutionary device designed for vapers seeking unmatched versatility and performance. With a capacity of 30,000 puffs. WhatsApp: +86 17776015835 &nbsp;","_links":{"self":[{"href":"https:\/\/rmvapesale.com\/de\/wp-json\/wp\/v2\/product\/2799","targetHints":{"allow":["GET"]}}],"collection":[{"href":"https:\/\/rmvapesale.com\/de\/wp-json\/wp\/v2\/product"}],"about":[{"href":"https:\/\/rmvapesale.com\/de\/wp-json\/wp\/v2\/types\/product"}],"replies":[{"embeddable":true,"href":"https:\/\/rmvapesale.com\/de\/wp-json\/wp\/v2\/comments?post=2799"}],"wp:featuredmedia":[{"embeddable":true,"href":"https:\/\/rmvapesale.com\/de\/wp-json\/wp\/v2\/media\/2796"}],"wp:attachment":[{"href":"https:\/\/rmvapesale.com\/de\/wp-json\/wp\/v2\/media?parent=2799"}],"wp:term":[{"taxonomy":"product_brand","embeddable":true,"href":"https:\/\/rmvapesale.com\/de\/wp-json\/wp\/v2\/product_brand?post=2799"},{"taxonomy":"product_cat","embeddable":true,"href":"https:\/\/rmvapesale.com\/de\/wp-json\/wp\/v2\/product_cat?post=2799"},{"taxonomy":"product_tag","embeddable":true,"href":"https:\/\/rmvapesale.com\/de\/wp-json\/wp\/v2\/product_tag?post=2799"}],"curies":[{"name":"wp","href":"https:\/\/api.w.org\/{rel}","templated":true}]}}