{"id":2837,"date":"2024-12-03T09:44:45","date_gmt":"2024-12-03T09:44:45","guid":{"rendered":"https:\/\/rmvapesale.com\/?post_type=product&#038;p=2837"},"modified":"2024-12-03T09:55:28","modified_gmt":"2024-12-03T09:55:28","slug":"randm-12000-digital-box-disposable-vape-wholesale-price","status":"publish","type":"product","link":"https:\/\/rmvapesale.com\/de\/product\/randm-12000-digital-box-disposable-vape-wholesale-price\/","title":{"rendered":"RandM 12000 Digital Box Einweg-Vape Gro\u00dfhandelspreis"},"content":{"rendered":"<div class=\"B2VR9 CJHX3e\">\n<div class=\"wyccme\">\n<h1 class=\"LC20lb MBeuO DKV0Md\">RandM 12000 Digital Box Einweg-Vape Gro\u00dfhandelspreis<\/h1>\n<div class=\"flex-shrink-0 flex flex-col relative items-end\">\n<div class=\"pt-0\">\n<div class=\"gizmo-bot-avatar flex h-8 w-8 items-center justify-center overflow-hidden rounded-full\">\n<div class=\"relative p-1 rounded-sm flex items-center justify-center bg-token-main-surface-primary text-token-text-primary h-8 w-8\">\n<p>Der <strong>RandM Digital 12000<\/strong> setzt einen neuen Ma\u00dfstab f\u00fcr Komfort und Leistung beim Vaping und ist damit ein Muss f\u00fcr Einsteiger und <strong>Vape-Gro\u00dfhandel<\/strong> K\u00e4ufer. Dieses <strong>wiederaufladbaren Einweg-Vapes genie\u00dfen<\/strong> bietet unglaubliche <strong>12.000+ Z\u00fcge<\/strong>und sorgt f\u00fcr langanhaltende Zufriedenheit, die sowohl Gelegenheits- als auch Viel-Vaper anspricht.<\/p>\n<p>Angetrieben von einem <strong>850mAh Akku<\/strong>ist das Ger\u00e4t f\u00fcr den l\u00e4ngeren Gebrauch konzipiert. Die Einbeziehung von <strong>Typ-C-Schnellladung<\/strong> erm\u00f6glicht schnelles Aufladen, sodass Sie jederzeit und \u00fcberall bereit zum Vapen sind. Dies ist perfekt f\u00fcr alle, die eine zuverl\u00e4ssige, einfach zu bedienende Vape sch\u00e4tzen, die keine Kompromisse bei der Qualit\u00e4t eingeht.<\/p>\n<p>Der <strong>RandM Vape 12000<\/strong> wird mit <strong>20ml Premium-E-Liquid<\/strong>vorgef\u00fcllt geliefert, das bei jedem Zug weiche und gleichm\u00e4\u00dfige Geschmackserlebnisse liefert. Sein <strong>Mesh-Coil-Technologie<\/strong> verbessert die Dampfproduktion und macht jeden Zug reichhaltig und befriedigend. Mit einer gro\u00dfen Auswahl an k\u00f6stlichen Geschmacksrichtungen, stellt der <strong>RandM 12k<\/strong> sicher, dass f\u00fcr jeden etwas dabei ist, egal ob Sie fruchtige, Menthol- oder von Desserts inspirierte Optionen m\u00f6gen.<\/p>\n<p>Was den wirklich auszeichnet <strong>RandM 12000 Puffs<\/strong> zeichnet sich durch sein innovatives <strong>LED-Display Einweg-Vape<\/strong> aus. Der digitale Bildschirm zeigt sowohl die Akkulaufzeit als auch den verbleibenden E-Liquid-Stand an, sodass Sie immer informiert und in Kontrolle sind. Das <strong>einfache, aber stilvolle Design<\/strong> sorgt f\u00fcr Tragbarkeit, ohne die Funktionalit\u00e4t zu beeintr\u00e4chtigen, und macht es zu einem idealen Begleiter f\u00fcr unterwegs.<\/p>\n<p>Perfekt f\u00fcr alle, die nach einer <strong>Einweg-Vape mit wenig Nikotin<\/strong>bietet der <strong>RandM 12000<\/strong> bietet Optionen, um eine Vielzahl von Vorlieben zu erf\u00fcllen. Ob Sie die neuesten <strong>Fumot Vape<\/strong> Innovationen erkunden oder Premium-Produkte wie den <strong>RandM 12k<\/strong>suchen, dieses Ger\u00e4t wurde entwickelt, um Erwartungen zu \u00fcbertreffen. Investieren Sie in das <strong>RandM Digital 12000<\/strong> f\u00fcr ein nahtloses, geschmacksintensives Dampferlebnis, das lange anh\u00e4lt.<\/p>\n<\/div>\n<\/div>\n<\/div>\n<\/div>\n<\/div>\n<\/div>\n<p><strong>Kontaktieren Sie Amy, um die richtige Antwort und einen Gutschein f\u00fcr E-Zigaretten zu erhalten!<\/strong><\/p>\n<p><img loading=\"lazy\" decoding=\"async\" class=\"size-full wp-image-1978\" src=\"https:\/\/rmvapesale.com\/wp-content\/uploads\/2024\/09\/Disposable-Vape-Wholesale.jpg\" alt=\"Einweg-Vape Gro\u00dfhandel\" width=\"229\" height=\"300\" \/><\/p>\n<h3><a href=\"https:\/\/wa.me\/8617776015835\" target=\"_blank\" rel=\"noopener\"><span style=\"color: #ff0000\"><strong>WhatsApp: +86 17776015835<\/strong><\/span><\/a><\/h3>\n<p>&nbsp;<\/p>\n<h2><\/h2>\n<h2><strong>RandM 12000 Hauptmerkmale<\/strong><\/h2>\n<p>Z\u00fcge: 12000+ Z\u00fcge<br \/>\nSpulentyp: Mesh-Spule<br \/>\nE-Liquid t: 20 ml vorgef\u00fclltes E-Liquid<br \/>\nBatteriekapazit\u00e4t: Wiederaufladbarer interner 850mAh<br \/>\nLadeger\u00e4ttyp: Typ-C-Ladung<br \/>\nEinweg-Vapes mit niedrigem Nikotingehalt<br \/>\nEinfaches<br \/>\nDigitaler Bildschirm, der den verbleibenden Akku und Saft anzeigt.<\/p>\n<h2><strong>Top-Geschmack f\u00fcr RandM 12k<\/strong><\/h2>\n<p>1 K\u00fchle Minze<br \/>\n2 Wassermelone Eis<br \/>\n3 Traube Eis<br \/>\n4 Blaubeere Himbeere<br \/>\n5 Erdbeer Wassermelone<br \/>\n6 Erdbeer Banane<br \/>\n7 \u00dcppiges Eis<br \/>\n8 Kirsche<br \/>\n9 Erdbeereis<br \/>\n10 Eis am Stiel<br \/>\n11 Pinke Limonade<br \/>\n12 Mango auf Eis<br \/>\n13 Gemischte Beeren<br \/>\n14 Erdbeerkrapfen<br \/>\n15 Erdbeer Traube<br \/>\n16 Kirsch Cola<br \/>\n17 Dr. Blau<br \/>\n18 Heidelbeere auf Eis<br \/>\n19 Kiwi Passionsfrucht Guave<br \/>\n20 Erdbeer Kiwi<br \/>\n21 Pfirsich Mango<br \/>\n22 Pfirsich Eis<br \/>\n23 Roter Apfel Eis<br \/>\n24 Heidelbeer Kaugummi<br \/>\n25 Beerenlimonade<br \/>\n26 Blaue Himbeerlimonade<br \/>\n27 Blaue saure Himbeere<br \/>\n28 Erdbeer Red bull<br \/>\n29 Apfelbeeren-Explosion<br \/>\n30 Wassermelonen-Kaugummi<br \/>\n31 Himbeer-Wassermelone<br \/>\n32 Schwarzes Eis<br \/>\n33 Heidelbeere Kirsche Cranberry<br \/>\n34 Erdbeer-Pomp (Granatapfel)<br \/>\n35 Vimto<br \/>\n36 Kirschbeere<br \/>\n37 Zitrone<br \/>\n38 Bingo Crush<br \/>\n39 Blaubeere Kiwi<br \/>\n40 Apfel Zimt<\/p>\n<p>&nbsp;<\/p>\n<h3><strong>Warum Rmvapesale f\u00fcr Fumot Vape 12k w\u00e4hlen <\/strong><strong>V<\/strong><strong>Gro\u00dfhandel<\/strong><strong>?<\/strong><\/h3>\n<div class=\"flex-shrink-0 flex flex-col relative items-end\">\n<div class=\"pt-0\">\n<div class=\"gizmo-bot-avatar flex h-8 w-8 items-center justify-center overflow-hidden rounded-full\">\n<div class=\"relative p-1 rounded-sm flex items-center justify-center bg-token-main-surface-primary text-token-text-primary h-8 w-8\">\n<p>Willkommen bei Rmvapesale, Ihrem vertrauensw\u00fcrdigen Vape-Shop f\u00fcr Premium Einweg-Vapes. Mit \u00fcber 5 Jahren Erfahrung bieten wir Ihnen beliebte Marken f\u00fcr Einweg-Vapes wie Al Fakher, <a href=\"https:\/\/rmvapesale.com\/de\/product-category\/bang-vapes\/\">Bang Vape<\/a>, Waspe, WGA Vape und<a href=\"https:\/\/rmvapesale.com\/de\/product-category\/randm-fumot-vape\/\"> RandM Vape<\/a>.<\/p>\n<p>Unser Sortiment umfasst hei\u00dfe Verkaufs-Vapes wie die <a href=\"https:\/\/rmvapesale.com\/de\/product\/randm-tornado-15000-puffs-vape-wholesale\/\">RandM Tornado 15000<\/a> und geschmacksintensive Optionen wie die Vapme 70000. Jedes Produkt wird mit Fokus auf Qualit\u00e4t, Wert und Vielfalt ausgew\u00e4hlt, um sicherzustellen, dass Sie die perfekte \u00dcbereinstimmung f\u00fcr Ihre Bed\u00fcrfnisse finden. Entdecken Sie au\u00dfergew\u00f6hnlichen Service und eine breite Palette von Spitzenprodukten bei Rmvapesale.<\/p>\n<\/div>\n<h3><\/h3>\n<div class=\"relative p-1 rounded-sm flex items-center justify-center bg-token-main-surface-primary text-token-text-primary h-8 w-8\">\n<h3><b> FAQs zu RandM Vape 15000 <\/b><b>Wiederaufladbare Einweg-Vape<\/b><\/h3>\n<div class=\"group\/conversation-turn relative flex w-full min-w-0 flex-col agent-turn\">\n<div class=\"flex-col gap-1 md:gap-3\">\n<div class=\"flex max-w-full flex-col flex-grow\">\n<div class=\"min-h-8 text-message flex w-full flex-col items-end gap-2 whitespace-normal break-words [.text-message+&amp;]:mt-5\" dir=\"auto\" data-message-author-role=\"assistant\" data-message-id=\"00c9b302-bc9c-4550-94ba-5a295efa2be3\" data-message-model-slug=\"gpt-4o\">\n<div class=\"flex w-full flex-col gap-1 empty:hidden first:pt-[3px]\">\n<div class=\"markdown prose w-full break-words dark:prose-invert light\">\n<div class=\"flex-shrink-0 flex flex-col relative items-end\">\n<div>\n<div class=\"pt-0\">\n<div class=\"gizmo-bot-avatar flex h-8 w-8 items-center justify-center overflow-hidden rounded-full\">\n<div class=\"relative p-1 rounded-sm flex items-center justify-center bg-token-main-surface-primary text-token-text-primary h-8 w-8\">\n<div class=\"flex-shrink-0 flex flex-col relative items-end\">\n<div>\n<div class=\"pt-0\">\n<div class=\"gizmo-bot-avatar flex h-8 w-8 items-center justify-center overflow-hidden rounded-full\">\n<div class=\"relative p-1 rounded-sm flex items-center justify-center bg-token-main-surface-primary text-token-text-primary h-8 w-8\">\n<p>&nbsp;<\/p>\n<p><strong>1. Wo kann man Fumot RandM 12000 Puffs zum Gro\u00dfhandelspreis in Deutschland kaufen?<\/strong><br \/>\nDer <strong>Fumot RandM 12000 Puffs<\/strong> k\u00f6nnen zu Gro\u00dfhandelspreisen bei autorisierten <strong>Vape-Gro\u00dfhandel<\/strong> H\u00e4ndlern in Deutschland oder zuverl\u00e4ssigen Online-H\u00e4ndlern, die auf <strong>RandM Vape<\/strong> Produkte spezialisiert sind, erworben werden. \u00dcberpr\u00fcfen Sie die Authentizit\u00e4t des Lieferanten und die Einhaltung der EU-Vaping-Standards.<\/p>\n<p><strong>2. Wie viele Z\u00fcge bietet der Fumot 12k Puffs?<\/strong><br \/>\nDer <strong>Fumot 12k<\/strong> bietet \u00fcber <strong>12.000 Z\u00fcge<\/strong>, was ihn zu einer Top-Wahl f\u00fcr eine lange Nutzungsdauer macht.<\/p>\n<p><strong>3. Wie lange h\u00e4lt der beliebte RandM 12000 Einweg-Vape-Pen?<\/strong><br \/>\nDer <strong>RandM 12000 Einweg-Vape-Stift<\/strong> kann bei m\u00e4\u00dfiger Nutzung bis zu zwei Wochen halten, je nach H\u00e4ufigkeit des Gebrauchs und der Zuggr\u00f6\u00dfe.<\/p>\n<p><strong>4. Was sind die beliebtesten Geschmacksrichtungen f\u00fcr die RandM Vape 12000 Puffs Einweg-Box?<\/strong><br \/>\nBeliebte Geschmacksrichtungen f\u00fcr den <strong>RandM Vape 12000 Puffs<\/strong> umfassen fruchtige Optionen wie Mango Ice, Wassermelone und Erdbeere, sowie Menthol- und Dessert-Aromen, sodass f\u00fcr jeden Geschmack etwas dabei ist.<\/p>\n<p><strong>5. Wie lange dauert es, eine Fumot RandM 12000 wiederaufladbare Vape aufzuladen?<\/strong><br \/>\nDer <strong>Fumot RandM 12000 wiederaufladbare Vape<\/strong> dauert ungef\u00e4hr <strong>1-2 Stunden<\/strong> um es mit seinem <strong>Typ-C-Schnellladung<\/strong> System vollst\u00e4ndig aufzuladen.<\/p>\n<p><strong>6. Wie viel Nikotin ist in einer RandM 12k Digital Einweg-Vape enthalten?<\/strong><br \/>\nDer <strong>RandM 12k Digital Einweg-Vape<\/strong> ist in <b>2%, 5% <\/b>Optionen erh\u00e4ltlich und bietet Flexibilit\u00e4t f\u00fcr Benutzer mit unterschiedlichen Vorlieben.<\/p>\n<\/div>\n<\/div>\n<\/div>\n<\/div>\n<\/div>\n<\/div>\n<\/div>\n<\/div>\n<\/div>\n<\/div>\n<div class=\"group\/conversation-turn relative flex w-full min-w-0 flex-col agent-turn\">\n<div class=\"flex-col gap-1 md:gap-3\">\n<div class=\"flex max-w-full flex-col flex-grow\">\n<div class=\"min-h-8 text-message flex w-full flex-col items-end gap-2 whitespace-normal break-words [.text-message+&amp;]:mt-5\" dir=\"auto\" data-message-author-role=\"assistant\" data-message-id=\"a3dc01bd-23b0-4fd7-bb9a-7827522cefd8\" data-message-model-slug=\"gpt-4o\">\n<div class=\"flex w-full flex-col gap-1 empty:hidden first:pt-[3px]\"><\/div>\n<\/div>\n<\/div>\n<\/div>\n<\/div>\n<\/div>\n<\/div>\n<\/div>\n<\/div>\n<\/div>\n<\/div>\n<\/div>\n<\/div>\n<\/div>\n<\/div>\n<h3>Zum Versand<\/h3>\n<div class=\"flex-shrink-0 flex flex-col relative items-end\">\n<div>\n<div class=\"pt-0\">\n<div class=\"gizmo-bot-avatar flex h-8 w-8 items-center justify-center overflow-hidden rounded-full\">\n<div><\/div>\n<div class=\"relative p-1 rounded-sm flex items-center justify-center bg-token-main-surface-primary text-token-text-primary h-8 w-8\"><strong>1. Welche Versandmethoden werden verwendet?<\/strong><\/div>\n<\/div>\n<\/div>\n<\/div>\n<\/div>\n<div class=\"group\/conversation-turn relative flex w-full min-w-0 flex-col agent-turn\">\n<div class=\"flex-col gap-1 md:gap-3\">\n<div class=\"flex max-w-full flex-col flex-grow\">\n<div class=\"min-h-[20px] text-message flex w-full flex-col items-end gap-2 whitespace-normal break-words [.text-message+&amp;]:mt-5 overflow-x-auto\" dir=\"auto\" data-message-author-role=\"assistant\" data-message-id=\"22f8283b-3233-46ff-89a5-c7a41b33abda\">\n<div class=\"flex w-full flex-col gap-1 empty:hidden first:pt-[3px]\">\n<div class=\"markdown prose w-full break-words dark:prose-invert light\">\n<p>Wir arbeiten mit UPS, DHL, FedEx, DPD und anderen f\u00fchrenden Transportunternehmen zusammen. Wir w\u00e4hlen die beste Versandmethode basierend auf Ihrem Lieferort aus, um sicherzustellen, dass Sie Ihre Produkte so schnell wie m\u00f6glich erhalten.<\/p>\n<\/div>\n<p><strong>2. Wie lange dauert es, bis die Lieferung ankommt?<\/strong><\/p>\n<p>Pakete, die nach Deutschland versandt werden, kommen normalerweise innerhalb von 10 Werktagen an. Der Versand in europ\u00e4ische L\u00e4nder dauert in der Regel etwa 12-15 Werktage. Wir werden Ihnen Echtzeit-Updates zu Ihrem Versandstatus bereitstellen.<\/p>\n<\/div>\n<\/div>\n<\/div>\n<\/div>\n<\/div>\n<p>&nbsp;<\/p>\n<p>Finden Sie weitere Vape-Produkte, die Ihnen gefallen k\u00f6nnten:<strong><em><a href=\"https:\/\/rmvapesale.com\/de\/shop-2\/\">jetzt einkaufen &gt;&gt;&gt;<\/a><\/em><\/strong><\/p>","protected":false},"excerpt":{"rendered":"<p>Randm 12000 Puffs Fumot Digital Einweg-Vape<br \/>\nRandm 12000 Fumot Digital Box Vape Gro\u00dfhandel<br \/>\nFumot RandM Digital Box 12k Vape Massenpreis<\/p>\n<p><img loading=\"lazy\" decoding=\"async\" class=\"size-full wp-image-2375\" src=\"https:\/\/rmvapesale.com\/wp-content\/uploads\/2024\/10\/image.png\" alt=\"Bester Einweg-Vape\" width=\"229\" height=\"300\" \/><\/p>\n<h3><a href=\"https:\/\/wa.me\/8617776015835\"><span style=\"color: #ff0000\"><strong>WhatsApp: +86 17776015835<\/strong><\/span><\/a><\/h3>\n<p>&nbsp;<\/p>","protected":false},"featured_media":2836,"comment_status":"open","ping_status":"closed","template":"","meta":{"_uag_custom_page_level_css":"","_lmt_disableupdate":"no","_lmt_disable":"","site-sidebar-layout":"default","site-content-layout":"content-boxed-container","ast-site-content-layout":"normal-width-container","site-content-style":"boxed","site-sidebar-style":"unboxed","ast-global-header-display":"","ast-banner-title-visibility":"","ast-main-header-display":"","ast-hfb-above-header-display":"","ast-hfb-below-header-display":"","ast-hfb-mobile-header-display":"","site-post-title":"","ast-breadcrumbs-content":"","ast-featured-img":"","footer-sml-layout":"","ast-disable-related-posts":"","theme-transparent-header-meta":"default","adv-header-id-meta":"","stick-header-meta":"","header-above-stick-meta":"","header-main-stick-meta":"","header-below-stick-meta":"","astra-migrate-meta-layouts":"set","ast-page-background-enabled":"default","ast-page-background-meta":{"desktop":{"background-color":"var(--ast-global-color-4)","background-image":"","background-repeat":"repeat","background-position":"center center","background-size":"auto","background-attachment":"scroll","background-type":"","background-media":"","overlay-type":"","overlay-color":"","overlay-opacity":"","overlay-gradient":""},"tablet":{"background-color":"","background-image":"","background-repeat":"repeat","background-position":"center center","background-size":"auto","background-attachment":"scroll","background-type":"","background-media":"","overlay-type":"","overlay-color":"","overlay-opacity":"","overlay-gradient":""},"mobile":{"background-color":"","background-image":"","background-repeat":"repeat","background-position":"center center","background-size":"auto","background-attachment":"scroll","background-type":"","background-media":"","overlay-type":"","overlay-color":"","overlay-opacity":"","overlay-gradient":""}},"ast-content-background-meta":{"desktop":{"background-color":"var(--ast-global-color-5)","background-image":"","background-repeat":"repeat","background-position":"center center","background-size":"auto","background-attachment":"scroll","background-type":"","background-media":"","overlay-type":"","overlay-color":"","overlay-opacity":"","overlay-gradient":""},"tablet":{"background-color":"var(--ast-global-color-5)","background-image":"","background-repeat":"repeat","background-position":"center center","background-size":"auto","background-attachment":"scroll","background-type":"","background-media":"","overlay-type":"","overlay-color":"","overlay-opacity":"","overlay-gradient":""},"mobile":{"background-color":"var(--ast-global-color-5)","background-image":"","background-repeat":"repeat","background-position":"center center","background-size":"auto","background-attachment":"scroll","background-type":"","background-media":"","overlay-type":"","overlay-color":"","overlay-opacity":"","overlay-gradient":""}},"_joinchat":[]},"product_brand":[],"product_cat":[15,27,51,25,123,30,26,28,31,137,136,135],"product_tag":[214,39,213,237,38],"class_list":{"0":"post-2837","1":"product","2":"type-product","3":"status-publish","4":"has-post-thumbnail","6":"product_cat-new-vape-this-week","7":"product_cat-fance-hot-sale-vape","8":"product_cat-fumot-vape","9":"product_cat-germany-best-selling-vape","10":"product_cat-italy-wholesale-vape","11":"product_cat-minimum-order-quantity-50pcs","12":"product_cat-netherlands-hot-sale-vape","13":"product_cat-poland-hot-sale-vape","14":"product_cat-randm-fumot-vape","15":"product_cat-rechargeable-vapes","16":"product_cat-smart-screen-vapes","17":"product_cat-spain-best-hot-sale-vape","18":"product_tag-fumot-12k","19":"product_tag-fumot-vape","20":"product_tag-randm-12000","21":"product_tag-randm-12k","22":"product_tag-randm-vape","23":"desktop-align-left","24":"tablet-align-left","25":"mobile-align-left","27":"first","28":"instock","29":"sale","30":"shipping-taxable","31":"purchasable","32":"product-type-simple"},"uagb_featured_image_src":{"full":["https:\/\/rmvapesale.com\/wp-content\/uploads\/2024\/12\/RandM-Digital-Box-12000-Puff-Disposable-Vape.jpg",1300,1300,false],"thumbnail":["https:\/\/rmvapesale.com\/wp-content\/uploads\/2024\/12\/RandM-Digital-Box-12000-Puff-Disposable-Vape-150x150.jpg",150,150,true],"medium":["https:\/\/rmvapesale.com\/wp-content\/uploads\/2024\/12\/RandM-Digital-Box-12000-Puff-Disposable-Vape-300x300.jpg",300,300,true],"medium_large":["https:\/\/rmvapesale.com\/wp-content\/uploads\/2024\/12\/RandM-Digital-Box-12000-Puff-Disposable-Vape-768x768.jpg",768,768,true],"large":["https:\/\/rmvapesale.com\/wp-content\/uploads\/2024\/12\/RandM-Digital-Box-12000-Puff-Disposable-Vape-1024x1024.jpg",1024,1024,true],"1536x1536":["https:\/\/rmvapesale.com\/wp-content\/uploads\/2024\/12\/RandM-Digital-Box-12000-Puff-Disposable-Vape.jpg",1300,1300,false],"2048x2048":["https:\/\/rmvapesale.com\/wp-content\/uploads\/2024\/12\/RandM-Digital-Box-12000-Puff-Disposable-Vape.jpg",1300,1300,false],"trp-custom-language-flag":["https:\/\/rmvapesale.com\/wp-content\/uploads\/2024\/12\/RandM-Digital-Box-12000-Puff-Disposable-Vape.jpg",12,12,false],"woocommerce_thumbnail":["https:\/\/rmvapesale.com\/wp-content\/uploads\/2024\/12\/RandM-Digital-Box-12000-Puff-Disposable-Vape-300x300.jpg",300,300,true],"woocommerce_single":["https:\/\/rmvapesale.com\/wp-content\/uploads\/2024\/12\/RandM-Digital-Box-12000-Puff-Disposable-Vape-600x600.jpg",600,600,true],"woocommerce_gallery_thumbnail":["https:\/\/rmvapesale.com\/wp-content\/uploads\/2024\/12\/RandM-Digital-Box-12000-Puff-Disposable-Vape-100x100.jpg",100,100,true],"wcpr-photo-reviews":["https:\/\/rmvapesale.com\/wp-content\/uploads\/2024\/12\/RandM-Digital-Box-12000-Puff-Disposable-Vape.jpg",500,500,false]},"uagb_author_info":{"display_name":"AMY","author_link":"https:\/\/rmvapesale.com\/de\/author\/"},"uagb_comment_info":0,"uagb_excerpt":"Randm 12000 Puffs Fumot Digital Disposable Vape Randm 12000 Fumot Digital Box Vape Wholesale Fumot RandM Digital Box 12k Vape Bulk Price WhatsApp: +86 17776015835 &nbsp;","_links":{"self":[{"href":"https:\/\/rmvapesale.com\/de\/wp-json\/wp\/v2\/product\/2837","targetHints":{"allow":["GET"]}}],"collection":[{"href":"https:\/\/rmvapesale.com\/de\/wp-json\/wp\/v2\/product"}],"about":[{"href":"https:\/\/rmvapesale.com\/de\/wp-json\/wp\/v2\/types\/product"}],"replies":[{"embeddable":true,"href":"https:\/\/rmvapesale.com\/de\/wp-json\/wp\/v2\/comments?post=2837"}],"wp:featuredmedia":[{"embeddable":true,"href":"https:\/\/rmvapesale.com\/de\/wp-json\/wp\/v2\/media\/2836"}],"wp:attachment":[{"href":"https:\/\/rmvapesale.com\/de\/wp-json\/wp\/v2\/media?parent=2837"}],"wp:term":[{"taxonomy":"product_brand","embeddable":true,"href":"https:\/\/rmvapesale.com\/de\/wp-json\/wp\/v2\/product_brand?post=2837"},{"taxonomy":"product_cat","embeddable":true,"href":"https:\/\/rmvapesale.com\/de\/wp-json\/wp\/v2\/product_cat?post=2837"},{"taxonomy":"product_tag","embeddable":true,"href":"https:\/\/rmvapesale.com\/de\/wp-json\/wp\/v2\/product_tag?post=2837"}],"curies":[{"name":"wp","href":"https:\/\/api.w.org\/{rel}","templated":true}]}}