{"id":2868,"date":"2024-12-20T07:11:14","date_gmt":"2024-12-20T07:11:14","guid":{"rendered":"https:\/\/rmvapesale.com\/?post_type=product&#038;p=2868"},"modified":"2024-12-20T07:19:31","modified_gmt":"2024-12-20T07:19:31","slug":"aivono-aim-flash-35000-puffs-curved-smart-screen-disposable-vape-wholesale","status":"publish","type":"product","link":"https:\/\/rmvapesale.com\/de\/product\/aivono-aim-flash-35000-puffs-curved-smart-screen-disposable-vape-wholesale\/","title":{"rendered":"Aivono Aim Flash 35000 Z\u00fcge Gebogener Smart Screen Einweg Vape Gro\u00dfhandel"},"content":{"rendered":"<div class=\"B2VR9 CJHX3e\">\n<div class=\"wyccme\">\n<div class=\"flex-shrink-0 flex flex-col relative items-end\">\n<div class=\"pt-0\">\n<div class=\"gizmo-bot-avatar flex h-8 w-8 items-center justify-center overflow-hidden rounded-full\">\n<div class=\"relative p-1 rounded-sm flex items-center justify-center bg-token-main-surface-primary text-token-text-primary h-8 w-8\">\n<div class=\"flex-shrink-0 flex flex-col relative items-end\">\n<div class=\"pt-0\">\n<div class=\"gizmo-bot-avatar flex h-8 w-8 items-center justify-center overflow-hidden rounded-full\">\n<h1 class=\"relative p-1 rounded-sm flex items-center justify-center bg-token-main-surface-primary text-token-text-primary h-8 w-8\">Aivono Aim Flash 35000 Z\u00fcge Gebogener Smart Screen Einweg Vape Gro\u00dfhandel<\/h1>\n<\/div>\n<\/div>\n<\/div>\n<\/div>\n<\/div>\n<\/div>\n<\/div>\n<div class=\"group\/conversation-turn relative flex w-full min-w-0 flex-col agent-turn\">\n<div class=\"flex-col gap-1 md:gap-3\">\n<div class=\"flex max-w-full flex-col flex-grow\">\n<div class=\"min-h-8 text-message flex w-full flex-col items-end gap-2 whitespace-normal break-words text-start [.text-message+&amp;]:mt-5\" dir=\"auto\" data-message-author-role=\"assistant\" data-message-id=\"80ece0c4-ead1-4ed9-a9f0-ddc22582b4f4\" data-message-model-slug=\"gpt-4o\">\n<div class=\"flex w-full flex-col gap-1 empty:hidden first:pt-[3px]\">\n<div class=\"markdown prose w-full break-words dark:prose-invert light\">\n<h3><\/h3>\n<\/div>\n<\/div>\n<\/div>\n<\/div>\n<\/div>\n<\/div>\n<div class=\"flex-shrink-0 flex flex-col relative items-end\">\n<div class=\"pt-0\">\n<div class=\"gizmo-bot-avatar flex h-8 w-8 items-center justify-center overflow-hidden rounded-full\">\n<div class=\"relative p-1 rounded-sm flex items-center justify-center bg-token-main-surface-primary text-token-text-primary h-8 w-8\">\n<p>Der <strong>AIVONO AIM FLASH 35000 Z\u00fcge Einweg-Vape<\/strong> zum <strong>Gebogener Smart Screen<\/strong> definiert Bequemlichkeit, Leistung und Stil in der Vaping-Industrie neu. Dieses hochmoderne Ger\u00e4t liefert bis zu <strong>35.000 Z\u00fcgen<\/strong>, was es zu einer idealen Wahl f\u00fcr den l\u00e4ngeren Gebrauch macht, w\u00e4hrend es gleichzeitig \u00fcberragende Geschmacks- und Dampfqualit\u00e4t beibeh\u00e4lt.<\/p>\n<p>Das Ger\u00e4t wird von einer zuverl\u00e4ssigen <strong>850mAh wiederaufladbaren reinen Kobaltbatterie<\/strong>betrieben, mit schneller Typ-C-Ladung, um ununterbrochenes Vaping zu gew\u00e4hrleisten. Das herausragende Merkmal ist der <strong>gebogene Smart Screen<\/strong>, der Echtzeitinformationen zu <strong>Batteriest\u00e4nden<\/strong>, <strong>E-Liquid-Kapazit\u00e4t<\/strong>, und <strong>Nutzungsstatistiken<\/strong> f\u00fcr ein intuitives Vaping-Erlebnis bietet. Anpassung ist der Schl\u00fcssel, mit <strong>einstellbare Luftstromregelung<\/strong> und <strong>Leistungseinstellungen<\/strong> um die Leistung an Ihre Vorlieben anzupassen. Die <strong>Dual-Mesh-Coil-Technologie<\/strong> verbessert sowohl die Geschmacksabgabe als auch die Dampfproduktion.<\/p>\n<p>Erh\u00e4ltlich in 15 k\u00f6stlichen Geschmacksrichtungen wie <strong>Erdbeereis<\/strong> und <strong>Blaue Himbeere<\/strong>, ist dieser Vape perfekt f\u00fcr jeden Gaumen. Gro\u00dfhandels- und Gro\u00dfeinkaufsoptionen sind verf\u00fcgbar, was ihn zu einer budgetfreundlichen Wahl f\u00fcr den pers\u00f6nlichen Gebrauch oder den Weiterverkauf im Einzelhandel macht.<\/p>\n<\/div>\n<\/div>\n<\/div>\n<\/div>\n<\/div>\n<\/div>\n<p><strong>Kontaktieren Sie Amy, um die richtige Antwort und einen Gutschein f\u00fcr E-Zigaretten zu erhalten!<\/strong><\/p>\n<p><img loading=\"lazy\" decoding=\"async\" class=\"size-full wp-image-1978\" src=\"https:\/\/rmvapesale.com\/wp-content\/uploads\/2024\/09\/Disposable-Vape-Wholesale.jpg\" alt=\"Einweg-Vape Gro\u00dfhandel\" width=\"229\" height=\"300\" \/><\/p>\n<h3><a href=\"https:\/\/wa.me\/8617776015835\" target=\"_blank\" rel=\"noopener\"><span style=\"color: #ff0000\"><strong>WhatsApp: +86 17776015835<\/strong><\/span><\/a><\/h3>\n<h2><\/h2>\n<h2><strong>Aivono Flash 35000 Hauptmerkmale<\/strong><\/h2>\n<h3><\/h3>\n<ol>\n<li><strong>35.000 Z\u00fcge:<\/strong> Hohe Zugzahl f\u00fcr langanhaltende Zufriedenheit.<\/li>\n<li><strong>Geschwungener Smart Screen:<\/strong> Zeigt Echtzeit-Updates zu Batterie, Z\u00fcgen und E-Liquid-F\u00fcllst\u00e4nden an.<\/li>\n<li><strong>Wiederaufladbarer Akku:<\/strong> <strong>850mAh reiner Kobalt-Akku<\/strong> mit schneller Typ-C-Ladefunktion.<\/li>\n<li><strong>Einstellbare Luftzufuhr:<\/strong> Anpassbare Luftzirkulation mit zwei Geschwindigkeiten f\u00fcr einen personalisierten Zug.<\/li>\n<li><strong>Dual-Mesh-Coil:<\/strong> Verbesserte Geschmacksproduktion und sanfte Dampfqualit\u00e4t.<\/li>\n<li><strong>Kindersicherung:<\/strong> Eingebaute Sicherheitsfunktion f\u00fcr eine sorgenfreie Nutzung.<\/li>\n<li><strong>Geschmacksvielfalt:<\/strong> W\u00e4hlen Sie aus <strong>15 verschiedenen Geschmacksrichtungen<\/strong> f\u00fcr jeden Geschmack.<\/li>\n<li><strong>Gro\u00dfhandelspreise:<\/strong> G\u00fcnstige Gro\u00dfhandelsoptionen f\u00fcr den pers\u00f6nlichen Gebrauch oder den Wiederverkauf.<\/li>\n<\/ol>\n<figure id=\"attachment_2865\" aria-describedby=\"caption-attachment-2865\" style=\"width: 800px\" class=\"wp-caption alignnone\"><img loading=\"lazy\" decoding=\"async\" class=\"wp-image-2865 size-full\" src=\"https:\/\/rmvapesale.com\/wp-content\/uploads\/2024\/12\/Aivono-Aim-Flash-35K-Wholesale-Disposable-Price.jpg\" alt=\"Aivono Aim Flash 35K Gro\u00dfhandel Einweg-Preis\" width=\"800\" height=\"800\" srcset=\"https:\/\/rmvapesale.com\/wp-content\/uploads\/2024\/12\/Aivono-Aim-Flash-35K-Wholesale-Disposable-Price.jpg 800w, https:\/\/rmvapesale.com\/wp-content\/uploads\/2024\/12\/Aivono-Aim-Flash-35K-Wholesale-Disposable-Price-300x300.jpg 300w, https:\/\/rmvapesale.com\/wp-content\/uploads\/2024\/12\/Aivono-Aim-Flash-35K-Wholesale-Disposable-Price-150x150.jpg 150w, https:\/\/rmvapesale.com\/wp-content\/uploads\/2024\/12\/Aivono-Aim-Flash-35K-Wholesale-Disposable-Price-768x768.jpg 768w, https:\/\/rmvapesale.com\/wp-content\/uploads\/2024\/12\/Aivono-Aim-Flash-35K-Wholesale-Disposable-Price-600x600.jpg 600w, https:\/\/rmvapesale.com\/wp-content\/uploads\/2024\/12\/Aivono-Aim-Flash-35K-Wholesale-Disposable-Price-100x100.jpg 100w\" sizes=\"auto, (max-width: 800px) 100vw, 800px\" \/><figcaption id=\"caption-attachment-2865\" class=\"wp-caption-text\">Aivono Aim Flash 35K Gro\u00dfhandel Einweg-Preis<\/figcaption><\/figure>\n<p><strong style=\"font-size: 1.7em\">Aivono Aim Flash 35000 Geschmacksliste<\/strong><\/p>\n<ol>\n<li>Erdbeereis<\/li>\n<li>Erdbeer-Wassermelone<\/li>\n<li>Himbeere Kirsche<\/li>\n<li>Blaue Himbeere<\/li>\n<li>Zitrone Minze<\/li>\n<li>Pfirsichsaft<\/li>\n<li>Blaubeere Traube<\/li>\n<li>Wassermelonen-Eis<\/li>\n<li>Apfelbeere<\/li>\n<li>Mango Ananas<\/li>\n<li>Blaue Ranch<\/li>\n<li>Erdbeereis<\/li>\n<li>Traubeneis<\/li>\n<li>Gemischte Beeren<\/li>\n<li>Erdbeere Kiwi<\/li>\n<\/ol>\n<p>&nbsp;<\/p>\n<h3><strong>Warum Rmvapesale f\u00fcr Aivono Flash 35000 Z\u00fcge w\u00e4hlen <\/strong><strong>V<\/strong><strong>Gro\u00dfhandel<\/strong><strong>?<\/strong><\/h3>\n<div class=\"flex-shrink-0 flex flex-col relative items-end\">\n<div class=\"pt-0\">\n<div class=\"gizmo-bot-avatar flex h-8 w-8 items-center justify-center overflow-hidden rounded-full\">\n<div class=\"relative p-1 rounded-sm flex items-center justify-center bg-token-main-surface-primary text-token-text-primary h-8 w-8\">\n<p>Willkommen bei Rmvapesale, Ihrem vertrauensw\u00fcrdigen Vape-Shop f\u00fcr Premium Einweg-Vapes. Mit \u00fcber 5 Jahren Erfahrung bieten wir Ihnen beliebte Marken f\u00fcr Einweg-Vapes wie Al Fakher, <a href=\"https:\/\/rmvapesale.com\/de\/product-category\/bang-vapes\/\">Bang Vape<\/a>, Waspe, WGA Vape und<a href=\"https:\/\/rmvapesale.com\/de\/product-category\/randm-fumot-vape\/\"> RandM Vape<\/a>.<\/p>\n<p>Unser Sortiment umfasst hei\u00dfe Verkaufs-Vapes wie die <a href=\"https:\/\/rmvapesale.com\/de\/product\/randm-tornado-15000-puffs-vape-wholesale\/\">RandM Tornado 15000<\/a> und geschmacksintensive Optionen wie die Vapme 70000. Jedes Produkt wird mit Fokus auf Qualit\u00e4t, Wert und Vielfalt ausgew\u00e4hlt, um sicherzustellen, dass Sie die perfekte \u00dcbereinstimmung f\u00fcr Ihre Bed\u00fcrfnisse finden. Entdecken Sie au\u00dfergew\u00f6hnlichen Service und eine breite Palette von Spitzenprodukten bei Rmvapesale.<\/p>\n<\/div>\n<h3><\/h3>\n<div class=\"relative p-1 rounded-sm flex items-center justify-center bg-token-main-surface-primary text-token-text-primary h-8 w-8\">\n<h3><b> FAQs zu Aivono Aim Flash 35000 <\/b><b>Wiederaufladbare Einweg-Vape<\/b><\/h3>\n<div class=\"group\/conversation-turn relative flex w-full min-w-0 flex-col agent-turn\">\n<div class=\"flex-col gap-1 md:gap-3\">\n<div class=\"flex max-w-full flex-col flex-grow\">\n<div class=\"min-h-8 text-message flex w-full flex-col items-end gap-2 whitespace-normal break-words [.text-message+&amp;]:mt-5\" dir=\"auto\" data-message-author-role=\"assistant\" data-message-id=\"00c9b302-bc9c-4550-94ba-5a295efa2be3\" data-message-model-slug=\"gpt-4o\">\n<div class=\"flex w-full flex-col gap-1 empty:hidden first:pt-[3px]\">\n<div class=\"markdown prose w-full break-words dark:prose-invert light\">\n<div class=\"flex-shrink-0 flex flex-col relative items-end\">\n<div class=\"pt-0\">\n<div class=\"gizmo-bot-avatar flex h-8 w-8 items-center justify-center overflow-hidden rounded-full\">\n<div class=\"relative p-1 rounded-sm flex items-center justify-center bg-token-main-surface-primary text-token-text-primary h-8 w-8\">\n<div class=\"flex-shrink-0 flex flex-col relative items-end\">\n<div class=\"pt-0\">\n<div class=\"gizmo-bot-avatar flex h-8 w-8 items-center justify-center overflow-hidden rounded-full\">\n<div class=\"relative p-1 rounded-sm flex items-center justify-center bg-token-main-surface-primary text-token-text-primary h-8 w-8\">\n<h3><\/h3>\n<ol>\n<li><strong>Wie viele Z\u00fcge bietet der AIVONO AIM FLASH 35000?<\/strong><br \/>\nDieses Ger\u00e4t bietet bis zu <strong>35.000 Z\u00fcgen<\/strong>, was es zu einem der haltbarsten Einweg-Vapes auf dem Markt macht.<\/li>\n<li><strong>Was macht den gebogenen Smart Screen einzigartig?<\/strong><br \/>\nDer <strong>gebogene Smart Screen<\/strong> bietet Echtzeitdaten zu Ihren Vaping-Statistiken, einschlie\u00dflich Akkulaufzeit und E-Liquid-F\u00fcllst\u00e4nden, f\u00fcr ein informierteres Erlebnis.<\/li>\n<li><strong>Kann ich den AIVONO AIM FLASH 35000 aufladen?<\/strong><br \/>\nJa, es verf\u00fcgt \u00fcber eine <strong>850mAh Akku<\/strong> zum <strong>schnelles Type-C-Laden<\/strong> f\u00fcr eine nahtlose Nutzung.<\/li>\n<li><strong>Welche Geschmacksrichtungen werden mit diesem Ger\u00e4t angeboten?<\/strong><br \/>\nEs gibt <strong>15 erstaunliche Geschmacksrichtungen<\/strong>, einschlie\u00dflich <strong>Blaue Himbeere<\/strong>, <strong>Mango Ananas<\/strong>, und <strong>Erdbeereis<\/strong>, um jedem Geschmack gerecht zu werden.<\/li>\n<li><strong>Wo kann ich den AIVONO AIM FLASH 35000 zu Gro\u00dfhandelspreisen kaufen?<\/strong><br \/>\nBesuchen Sie <strong>Sigvape Online-Vape-Shop<\/strong> zum Kauf des <strong>AIVONO AIM FLASH 35000<\/strong> zu unschlagbaren <strong>Gro\u00dfhandelspreise<\/strong>\u2014perfekt f\u00fcr den pers\u00f6nlichen Gebrauch oder den Einzelhandel!<\/li>\n<\/ol>\n<\/div>\n<\/div>\n<\/div>\n<\/div>\n<\/div>\n<\/div>\n<\/div>\n<\/div>\n<div class=\"group\/conversation-turn relative flex w-full min-w-0 flex-col agent-turn\">\n<div class=\"flex-col gap-1 md:gap-3\">\n<div class=\"flex max-w-full flex-col flex-grow\">\n<div class=\"min-h-8 text-message flex w-full flex-col items-end gap-2 whitespace-normal break-words [.text-message+&amp;]:mt-5\" dir=\"auto\" data-message-author-role=\"assistant\" data-message-id=\"a3dc01bd-23b0-4fd7-bb9a-7827522cefd8\" data-message-model-slug=\"gpt-4o\">\n<div class=\"flex w-full flex-col gap-1 empty:hidden first:pt-[3px]\"><\/div>\n<\/div>\n<\/div>\n<\/div>\n<\/div>\n<\/div>\n<\/div>\n<\/div>\n<\/div>\n<\/div>\n<\/div>\n<\/div>\n<\/div>\n<\/div>\n<\/div>\n<h3>Zum Versand<\/h3>\n<div class=\"flex-shrink-0 flex flex-col relative items-end\">\n<div>\n<div class=\"pt-0\">\n<div class=\"gizmo-bot-avatar flex h-8 w-8 items-center justify-center overflow-hidden rounded-full\">\n<div><\/div>\n<div class=\"relative p-1 rounded-sm flex items-center justify-center bg-token-main-surface-primary text-token-text-primary h-8 w-8\"><strong>1. Welche Versandmethoden werden verwendet?<\/strong><\/div>\n<\/div>\n<\/div>\n<\/div>\n<\/div>\n<div class=\"group\/conversation-turn relative flex w-full min-w-0 flex-col agent-turn\">\n<div class=\"flex-col gap-1 md:gap-3\">\n<div class=\"flex max-w-full flex-col flex-grow\">\n<div class=\"min-h-[20px] text-message flex w-full flex-col items-end gap-2 whitespace-normal break-words [.text-message+&amp;]:mt-5 overflow-x-auto\" dir=\"auto\" data-message-author-role=\"assistant\" data-message-id=\"22f8283b-3233-46ff-89a5-c7a41b33abda\">\n<div class=\"flex w-full flex-col gap-1 empty:hidden first:pt-[3px]\">\n<div class=\"markdown prose w-full break-words dark:prose-invert light\">\n<p>Wir arbeiten mit UPS, DHL, FedEx, DPD und anderen f\u00fchrenden Transportunternehmen zusammen. Wir w\u00e4hlen die beste Versandmethode basierend auf Ihrem Lieferort aus, um sicherzustellen, dass Sie Ihre Produkte so schnell wie m\u00f6glich erhalten.<\/p>\n<\/div>\n<p><strong>2. Wie lange dauert es, bis die Lieferung ankommt?<\/strong><\/p>\n<p>Pakete, die nach Deutschland versandt werden, kommen normalerweise innerhalb von 10 Werktagen an. Der Versand in europ\u00e4ische L\u00e4nder dauert in der Regel etwa 12-15 Werktage. Wir werden Ihnen Echtzeit-Updates zu Ihrem Versandstatus bereitstellen.<\/p>\n<\/div>\n<\/div>\n<\/div>\n<\/div>\n<\/div>\n<p>&nbsp;<\/p>\n<p>Finden Sie weitere Vape-Produkte, die Ihnen gefallen k\u00f6nnten:<strong><em><a href=\"https:\/\/rmvapesale.com\/de\/shop-2\/\">jetzt einkaufen &gt;&gt;&gt;<\/a><\/em><\/strong><\/p>","protected":false},"excerpt":{"rendered":"<p>Aivono Aim Flash 35000 Z\u00fcge Einweg-Vape Gro\u00dfhandel<br \/>\nAivono Flash 35000 Wiederaufladbarer Einweg-Vape Gro\u00dfhandelspreis<br \/>\nHei\u00df verkaufter Einweg-Vape Pen Aivono Flash 35k Massenkauf g\u00fcnstiger Preis<\/p>\n<p><strong>Kontaktieren Sie Amy, um die richtige Antwort und einen Gutschein f\u00fcr E-Zigaretten zu erhalten!<\/strong><\/p>\n<p><img loading=\"lazy\" decoding=\"async\" class=\"size-full wp-image-2375\" src=\"https:\/\/rmvapesale.com\/wp-content\/uploads\/2024\/10\/image.png\" alt=\"Bester Einweg-Vape\" width=\"229\" height=\"300\" \/><\/p>\n<h3><a href=\"https:\/\/wa.me\/8617776015835\"><span style=\"color: #ff0000\"><strong>WhatsApp: +86 17776015835<\/strong><\/span><\/a><\/h3>\n<p>&nbsp;<\/p>","protected":false},"featured_media":2867,"comment_status":"open","ping_status":"closed","template":"","meta":{"_uag_custom_page_level_css":"","_lmt_disableupdate":"no","_lmt_disable":"","site-sidebar-layout":"default","site-content-layout":"content-boxed-container","ast-site-content-layout":"normal-width-container","site-content-style":"boxed","site-sidebar-style":"unboxed","ast-global-header-display":"","ast-banner-title-visibility":"","ast-main-header-display":"","ast-hfb-above-header-display":"","ast-hfb-below-header-display":"","ast-hfb-mobile-header-display":"","site-post-title":"","ast-breadcrumbs-content":"","ast-featured-img":"","footer-sml-layout":"","theme-transparent-header-meta":"default","adv-header-id-meta":"","stick-header-meta":"","header-above-stick-meta":"","header-main-stick-meta":"","header-below-stick-meta":"","astra-migrate-meta-layouts":"set","ast-page-background-enabled":"default","ast-page-background-meta":{"desktop":{"background-color":"var(--ast-global-color-4)","background-image":"","background-repeat":"repeat","background-position":"center center","background-size":"auto","background-attachment":"scroll","background-type":"","background-media":"","overlay-type":"","overlay-color":"","overlay-opacity":"","overlay-gradient":""},"tablet":{"background-color":"","background-image":"","background-repeat":"repeat","background-position":"center center","background-size":"auto","background-attachment":"scroll","background-type":"","background-media":"","overlay-type":"","overlay-color":"","overlay-opacity":"","overlay-gradient":""},"mobile":{"background-color":"","background-image":"","background-repeat":"repeat","background-position":"center center","background-size":"auto","background-attachment":"scroll","background-type":"","background-media":"","overlay-type":"","overlay-color":"","overlay-opacity":"","overlay-gradient":""}},"ast-content-background-meta":{"desktop":{"background-color":"var(--ast-global-color-5)","background-image":"","background-repeat":"repeat","background-position":"center center","background-size":"auto","background-attachment":"scroll","background-type":"","background-media":"","overlay-type":"","overlay-color":"","overlay-opacity":"","overlay-gradient":""},"tablet":{"background-color":"var(--ast-global-color-5)","background-image":"","background-repeat":"repeat","background-position":"center center","background-size":"auto","background-attachment":"scroll","background-type":"","background-media":"","overlay-type":"","overlay-color":"","overlay-opacity":"","overlay-gradient":""},"mobile":{"background-color":"var(--ast-global-color-5)","background-image":"","background-repeat":"repeat","background-position":"center center","background-size":"auto","background-attachment":"scroll","background-type":"","background-media":"","overlay-type":"","overlay-color":"","overlay-opacity":"","overlay-gradient":""}},"_joinchat":[]},"product_brand":[],"product_cat":[15,25,123,26,28,135,27,137,136,30],"product_tag":[244,245,40,111,243],"class_list":{"0":"post-2868","1":"product","2":"type-product","3":"status-publish","4":"has-post-thumbnail","6":"product_cat-new-vape-this-week","7":"product_cat-germany-best-selling-vape","8":"product_cat-italy-wholesale-vape","9":"product_cat-netherlands-hot-sale-vape","10":"product_cat-poland-hot-sale-vape","11":"product_cat-spain-best-hot-sale-vape","12":"product_cat-fance-hot-sale-vape","13":"product_cat-rechargeable-vapes","14":"product_cat-smart-screen-vapes","15":"product_cat-minimum-order-quantity-50pcs","16":"product_tag-aivono-flash-35000","17":"product_tag-aivono-vape","18":"product_tag-hot-sale-vape","19":"product_tag-low-nicotine-disposable-vape","20":"product_tag-vapsolo","21":"desktop-align-left","22":"tablet-align-left","23":"mobile-align-left","25":"first","26":"instock","27":"sale","28":"shipping-taxable","29":"purchasable","30":"product-type-simple"},"uagb_featured_image_src":{"full":["https:\/\/rmvapesale.com\/wp-content\/uploads\/2024\/12\/Low-Nicotine-Vape-Aivono-Aim-Flash-35000.jpg",800,800,false],"thumbnail":["https:\/\/rmvapesale.com\/wp-content\/uploads\/2024\/12\/Low-Nicotine-Vape-Aivono-Aim-Flash-35000-150x150.jpg",150,150,true],"medium":["https:\/\/rmvapesale.com\/wp-content\/uploads\/2024\/12\/Low-Nicotine-Vape-Aivono-Aim-Flash-35000-300x300.jpg",300,300,true],"medium_large":["https:\/\/rmvapesale.com\/wp-content\/uploads\/2024\/12\/Low-Nicotine-Vape-Aivono-Aim-Flash-35000-768x768.jpg",768,768,true],"large":["https:\/\/rmvapesale.com\/wp-content\/uploads\/2024\/12\/Low-Nicotine-Vape-Aivono-Aim-Flash-35000.jpg",800,800,false],"1536x1536":["https:\/\/rmvapesale.com\/wp-content\/uploads\/2024\/12\/Low-Nicotine-Vape-Aivono-Aim-Flash-35000.jpg",800,800,false],"2048x2048":["https:\/\/rmvapesale.com\/wp-content\/uploads\/2024\/12\/Low-Nicotine-Vape-Aivono-Aim-Flash-35000.jpg",800,800,false],"trp-custom-language-flag":["https:\/\/rmvapesale.com\/wp-content\/uploads\/2024\/12\/Low-Nicotine-Vape-Aivono-Aim-Flash-35000.jpg",12,12,false],"woocommerce_thumbnail":["https:\/\/rmvapesale.com\/wp-content\/uploads\/2024\/12\/Low-Nicotine-Vape-Aivono-Aim-Flash-35000-300x300.jpg",300,300,true],"woocommerce_single":["https:\/\/rmvapesale.com\/wp-content\/uploads\/2024\/12\/Low-Nicotine-Vape-Aivono-Aim-Flash-35000-600x600.jpg",600,600,true],"woocommerce_gallery_thumbnail":["https:\/\/rmvapesale.com\/wp-content\/uploads\/2024\/12\/Low-Nicotine-Vape-Aivono-Aim-Flash-35000-100x100.jpg",100,100,true],"wcpr-photo-reviews":["https:\/\/rmvapesale.com\/wp-content\/uploads\/2024\/12\/Low-Nicotine-Vape-Aivono-Aim-Flash-35000.jpg",500,500,false]},"uagb_author_info":{"display_name":"AMY","author_link":"https:\/\/rmvapesale.com\/de\/author\/"},"uagb_comment_info":0,"uagb_excerpt":"Aivono Aim Flash 35000 Puffs Disposable Vape Wholesale Aivono Flash 35000 Rechargeable Disposable Vape Wholesale Price Hot Sell Disposable Vape Pen Aivono Flash 35k Bulk Buy Cheap Price Contact Amy to get right reply and vape coupon! WhatsApp: +86 17776015835 &nbsp;","_links":{"self":[{"href":"https:\/\/rmvapesale.com\/de\/wp-json\/wp\/v2\/product\/2868","targetHints":{"allow":["GET"]}}],"collection":[{"href":"https:\/\/rmvapesale.com\/de\/wp-json\/wp\/v2\/product"}],"about":[{"href":"https:\/\/rmvapesale.com\/de\/wp-json\/wp\/v2\/types\/product"}],"replies":[{"embeddable":true,"href":"https:\/\/rmvapesale.com\/de\/wp-json\/wp\/v2\/comments?post=2868"}],"wp:featuredmedia":[{"embeddable":true,"href":"https:\/\/rmvapesale.com\/de\/wp-json\/wp\/v2\/media\/2867"}],"wp:attachment":[{"href":"https:\/\/rmvapesale.com\/de\/wp-json\/wp\/v2\/media?parent=2868"}],"wp:term":[{"taxonomy":"product_brand","embeddable":true,"href":"https:\/\/rmvapesale.com\/de\/wp-json\/wp\/v2\/product_brand?post=2868"},{"taxonomy":"product_cat","embeddable":true,"href":"https:\/\/rmvapesale.com\/de\/wp-json\/wp\/v2\/product_cat?post=2868"},{"taxonomy":"product_tag","embeddable":true,"href":"https:\/\/rmvapesale.com\/de\/wp-json\/wp\/v2\/product_tag?post=2868"}],"curies":[{"name":"wp","href":"https:\/\/api.w.org\/{rel}","templated":true}]}}