{"id":2911,"date":"2025-01-08T08:18:28","date_gmt":"2025-01-08T08:18:28","guid":{"rendered":"https:\/\/rmvapesale.com\/?post_type=product&#038;p=2911"},"modified":"2025-01-08T08:52:15","modified_gmt":"2025-01-08T08:52:15","slug":"jnr-mega-shisha-hookah-100000-100k-puffs-disposable-vape-a-premium-vaping-experience","status":"publish","type":"product","link":"https:\/\/rmvapesale.com\/de\/product\/jnr-mega-shisha-hookah-100000-100k-puffs-disposable-vape-a-premium-vaping-experience\/","title":{"rendered":"JNR Mega Shisha Hookah 100000 100k Puffs Einweg-Vape: Ein erstklassiges Dampferlebnis"},"content":{"rendered":"<div class=\"B2VR9 CJHX3e\">\n<div class=\"wyccme\">\n<div class=\"flex-shrink-0 flex flex-col relative items-end\">\n<div class=\"pt-0\">\n<div class=\"gizmo-bot-avatar flex h-8 w-8 items-center justify-center overflow-hidden rounded-full\">\n<div class=\"relative p-1 rounded-sm flex items-center justify-center bg-token-main-surface-primary text-token-text-primary h-8 w-8\">\n<div class=\"flex-shrink-0 flex flex-col relative items-end\">\n<div class=\"pt-0\">\n<div class=\"gizmo-bot-avatar flex h-8 w-8 items-center justify-center overflow-hidden rounded-full\">\n<h1 class=\"relative p-1 rounded-sm flex items-center justify-center bg-token-main-surface-primary text-token-text-primary h-8 w-8\">JNR Mega Shisha Hookah 100000 100k Puffs Einweg-Vape: Ein erstklassiges Dampferlebnis<\/h1>\n<\/div>\n<\/div>\n<\/div>\n<\/div>\n<\/div>\n<\/div>\n<\/div>\n<div class=\"group\/conversation-turn relative flex w-full min-w-0 flex-col agent-turn\">\n<div class=\"flex-col gap-1 md:gap-3\">\n<div class=\"flex max-w-full flex-col flex-grow\">\n<div class=\"min-h-8 text-message flex w-full flex-col items-end gap-2 whitespace-normal break-words text-start [.text-message+&amp;]:mt-5\" dir=\"auto\" data-message-author-role=\"assistant\" data-message-id=\"80ece0c4-ead1-4ed9-a9f0-ddc22582b4f4\" data-message-model-slug=\"gpt-4o\">\n<div class=\"flex w-full flex-col gap-1 empty:hidden first:pt-[3px]\">\n<div class=\"markdown prose w-full break-words dark:prose-invert light\"><\/div>\n<\/div>\n<\/div>\n<\/div>\n<\/div>\n<\/div>\n<div class=\"flex-shrink-0 flex flex-col relative items-end\">\n<div class=\"pt-0\">\n<div class=\"gizmo-bot-avatar flex h-8 w-8 items-center justify-center overflow-hidden rounded-full\">\n<div class=\"relative p-1 rounded-sm flex items-center justify-center bg-token-main-surface-primary text-token-text-primary h-8 w-8\">\n<p>Der <strong>JNR Mega Shisha Hookah 100000 Z\u00fcge Einweg-Vape<\/strong> ist ein bahnbrechendes Ger\u00e4t, das f\u00fcr diejenigen entwickelt wurde, die ein verl\u00e4ngertes und hochwertiges Dampferlebnis verlangen. Mit seiner beeindruckenden <strong>100.000 Z\u00fcgen<\/strong> Lebensdauer sorgt dieses Ger\u00e4t f\u00fcr langanhaltenden Genuss und bietet bei jedem Zug gleichm\u00e4\u00dfigen, sanften Dampf.<\/p>\n<h2><strong>Hauptmerkmale:<\/strong><\/h2>\n<ol>\n<li><strong>Massives E-Liquid-Volumen<\/strong><br \/>\nAusgestattet mit einer <strong>60ml E-Liquid-Tank<\/strong>, bietet die JNR Mega Shisha eine reichliche Versorgung mit Vape-Juice, sodass Sie l\u00e4ngere Sitzungen genie\u00dfen k\u00f6nnen, ohne h\u00e4ufig nachf\u00fcllen zu m\u00fcssen. Kombiniert mit <strong>2% Nikotinst\u00e4rke<\/strong>, bietet dieses Vape ein befriedigendes Erlebnis, das Geschmack und Sanftheit perfekt ausbalanciert.<\/li>\n<li><strong>Leistungsstarker wiederaufladbarer Akku<\/strong><br \/>\nDer <strong>2200mAh wiederaufladbarer Akku<\/strong> stellt ausreichend Energie bereit, um lange Sitzungen durchzuhalten. Mit <strong>Typ-C-Schnellladung<\/strong>, verbringen Sie weniger Zeit mit Warten auf das Aufladen Ihres Ger\u00e4ts und mehr Zeit mit dem Genuss Ihres Dampfes. Dieses Merkmal macht die JNR Mega Shisha zu einer zuverl\u00e4ssigen und praktischen Option f\u00fcr unterwegs.<\/li>\n<li><strong>Intelligente Bildschirm\u00fcberwachung<\/strong><br \/>\nA <strong>Smart Screen<\/strong> im Ger\u00e4t integriert, bietet Echtzeitinformationen \u00fcber Batteriestatus und E-Liquid-Level. Dieses Feature gibt Ihnen volle Kontrolle \u00fcber Ihr Dampferlebnis, sodass Sie leicht erkennen k\u00f6nnen, wann es Zeit f\u00fcr ein Aufladen oder Nachf\u00fcllen ist, um Unterbrechungen zu vermeiden.<\/li>\n<li><strong>Doppel-Mundst\u00fcck-Design<\/strong><br \/>\nDer <strong>Doppel-Mundst\u00fcck-Design<\/strong> ist ein herausragendes Merkmal, das ein individuell anpassbares Dampferlebnis erm\u00f6glicht. Ob Sie das Ger\u00e4t alleine genie\u00dfen oder mit Freunden teilen, dieses Design bietet zus\u00e4tzliche Vielseitigkeit. Es verbessert Ihr Erlebnis und ist ideal f\u00fcr gesellige Runden oder pers\u00f6nliche Entspannung.<\/li>\n<li><strong>Optimierte Leistung &amp; Sicherheit<\/strong><br \/>\nDer <strong>8-Sekunden-Maximalzugzeit<\/strong> stellt sicher, dass jeder Zug eine optimale Dampferzeugung liefert, w\u00e4hrend das <strong>automatische Schutzsystem<\/strong> \u00dcberhitzung verhindert. Dieses zus\u00e4tzliche Sicherheitsmerkmal garantiert ein reibungsloses und sorgenfreies Dampferlebnis und gibt Ihnen bei jeder Nutzung ein gutes Gef\u00fchl.<\/li>\n<li><strong>DTL-Dampfen f\u00fcr reichhaltigen Dampf<\/strong><br \/>\nEntwickelt f\u00fcr <strong>Direct-to-Lung (DTL) Dampfen<\/strong>, produziert der JNR Mega Shisha bei jedem Atemzug glatten und dichten Dampf. Das Design des Ger\u00e4ts und das Dampflieferungssystem sind auf diejenigen abgestimmt, die tiefe, befriedigende Wolken genie\u00dfen, die das Gesamterlebnis verbessern.<\/li>\n<li><strong>Verbesserte \u00c4sthetik und Funktionalit\u00e4t<\/strong><br \/>\nMit einem stilvollen <strong>Atmungslicht<\/strong> und <strong>Kompatibilit\u00e4t mit Desktop-Shishas<\/strong>, leistet der JNR Mega Shisha nicht nur gute Dienste \u2013 er setzt auch optische Akzente bei Ihrer Dampferausstattung. Das leuchtende Licht und die Kompatibilit\u00e4t mit traditionellen Shisha-Setups machen dieses Ger\u00e4t zu einem Blickfang, perfekt f\u00fcr alle, die die Eleganz und das Ritual der Shisha-Kultur sch\u00e4tzen.<\/li>\n<\/ol>\n<h3><strong>Warum den JNR Mega Shisha 100000 Z\u00fcge Einweg-Vape w\u00e4hlen?<\/strong><\/h3>\n<p>Wenn Sie nach einem <strong>hochleistungsf\u00e4higen Einweg-Vape<\/strong> suchen, der Langlebigkeit, Leistung und Innovation vereint, dann ist das <strong>JNR Mega Shisha 100k<\/strong>\u00a0ist die ultimative Wahl. Mit gro\u00dfem E-Liquid-Fassungsverm\u00f6gen, wiederaufladbarer Batterie, intelligenten Funktionen und DTL-Dampfen-Design hebt sie sich auf dem Markt hervor. Egal, ob Sie ein erfahrener Vaper oder ein Anf\u00e4nger sind, dieses Ger\u00e4t bietet alles, was Sie f\u00fcr ein Premium-Erlebnis ben\u00f6tigen, von sanftem Dampf bis zu langanhaltenden Sitzungen.<\/p>\n<p>Mit <strong>12 vielf\u00e4ltige Geschmacksrichtungen<\/strong>, anpassbare Optionen und die zus\u00e4tzlichen Vorteile eines <strong>Atmungslicht<\/strong> und <strong>Shisha-Kompatibilit\u00e4t<\/strong>, bietet die JNR Mega Shisha mehr als nur Dampf \u2013 es ist ein komplettes, luxuri\u00f6ses Dampferlebnis. Perfekt f\u00fcr diejenigen, die sowohl Funktion als auch Stil w\u00fcnschen, ist dieses Ger\u00e4t eine unverzichtbare Erg\u00e4nzung f\u00fcr jede Vaper-Sammlung.<\/p>\n<\/div>\n<p>&nbsp;<\/p>\n<\/div>\n<\/div>\n<\/div>\n<\/div>\n<\/div>\n<p><strong>Kontaktieren Sie Amy, um die richtige Antwort und einen Gutschein f\u00fcr E-Zigaretten zu erhalten!<\/strong><\/p>\n<p><img loading=\"lazy\" decoding=\"async\" class=\"size-full wp-image-1978\" src=\"https:\/\/rmvapesale.com\/wp-content\/uploads\/2024\/09\/Disposable-Vape-Wholesale.jpg\" alt=\"Einweg-Vape Gro\u00dfhandel\" width=\"229\" height=\"300\" \/><\/p>\n<h3><a href=\"https:\/\/wa.me\/8617776015835\" target=\"_blank\" rel=\"noopener\"><span style=\"color: #ff0000\"><strong>WhatsApp: +86 17776015835<\/strong><\/span><\/a><\/h3>\n<p>&nbsp;<\/p>\n<h2><strong style=\"font-size: 1.7em\">JNR Mega Shisha Shisha 100000 Schl\u00fcsselmerkmale<\/strong><\/h2>\n<ul>\n<li><strong>Nikotingehalt:<\/strong>\u00a02%<\/li>\n<li><strong>Z\u00fcge:<\/strong>\u00a0Bis zu 100000 Z\u00fcge<\/li>\n<li><strong>E-Liquid-Kapazit\u00e4t:<\/strong>\u00a060mL<\/li>\n<li><strong>Akkukapazit\u00e4t:<\/strong>\u00a02200mAh wiederaufladbar<\/li>\n<li><strong>Lademethode:<\/strong>\u00a0Typ-C-Schnellladung<\/li>\n<li><strong>Dampfstil:<\/strong>\u00a0Dampfen im DTL (Direkt zum Lunge) Modus<\/li>\n<li><strong>Atmungslicht:<\/strong>\u00a0Visuelle Attraktivit\u00e4t bei jedem Zug<\/li>\n<li><strong>Smart Screen:<\/strong>\u00a0Echtzeit-Updates zu Batteriestand und E-Liquid-Level<\/li>\n<li><strong>Mundst\u00fccke:<\/strong>\u00a0Doppel-Mundst\u00fcck f\u00fcr gemeinsames oder einzelnes Dampfen<\/li>\n<li><strong>Maximale Dampfzeit:<\/strong>\u00a08 Sekunden pro Zug<\/li>\n<li><strong>Schutz:<\/strong>\u00a0Automatischer \u00dcberzeit-Schutz<\/li>\n<li><strong>Kompatibilit\u00e4t mit Desktop-Hookah:<\/strong>\u00a0Ideal f\u00fcr Hookah-\u00e4hnliches Dampfen<\/li>\n<li><strong>Aromen:<\/strong>\u00a012 geschmackvolle Optionen zur Auswahl<\/li>\n<\/ul>\n<h2><strong style=\"font-size: 1.7em\">Top-Verkauf Geschmacksrichtung f\u00fcr JNR Mega Shisha Hookah 100k<\/strong><\/h2>\n<p>Dieses JNR Mega Shisha Hookah 100000 Einweg-Vape ist erh\u00e4ltlich in <strong>12 aufregenden Geschmacksrichtungen<\/strong>erh\u00e4ltlich und bietet eine Vielzahl von Optionen f\u00fcr unterschiedliche Geschm\u00e4cker. Von fruchtigen \u00fcber minzige bis hin zu exotischen Mischungen ist f\u00fcr jeden etwas dabei. Diese gro\u00dfe Auswahl stellt sicher, dass Sie immer eine Geschmacksrichtung finden, die zu Ihrer Stimmung passt, was ihn zu einer vielseitigen Wahl f\u00fcr alle Vaper macht. Die meistverkaufte Geschmacksrichtung f\u00fcr diesen wiederaufladbaren Einweg-Vape finden Sie basierend auf unseren Verkaufsdaten und Kundenfeedback.<\/p>\n<p>1. Zwei \u00c4pfel<strong> <span style=\"color: #ff0000\">&gt;&gt;&gt;&gt; Am besten!<\/span><\/strong><br \/>\n2. Blaubeereis <span style=\"color: #ff0000\"><strong>&gt;&gt;&gt;&gt; Hei\u00df!<\/strong><\/span><br \/>\n3. Traube Minze<br \/>\n4. Hawaii<br \/>\n5. Kiwi Passionsfrucht Guave<br \/>\n6. Lady Killa <span style=\"color: #ff0000\"><strong>&gt;&gt;&gt;&gt; Hei\u00df!<\/strong><\/span><br \/>\n7. Love 66<br \/>\n8. \u00dcppiges Eis<br \/>\n9. Magische Liebe<br \/>\n10. Mi Amor <span style=\"color: #ff0000\"><strong>&gt;&gt;&gt;&gt; Hei\u00df!<\/strong><\/span><br \/>\n11. Pfirsich Eis<br \/>\n12. Erdbeer Punch<\/p>\n<figure id=\"attachment_2908\" aria-describedby=\"caption-attachment-2908\" style=\"width: 1000px\" class=\"wp-caption alignnone\"><img loading=\"lazy\" decoding=\"async\" class=\"wp-image-2908 size-full\" src=\"https:\/\/rmvapesale.com\/wp-content\/uploads\/2025\/01\/JNR-Mega-Shisha-Hookah-100000-100K-Puffs.webp\" alt=\"JNR Mega Shisha Hookah 100000 100K Z\u00fcge\" width=\"1000\" height=\"1000\" srcset=\"https:\/\/rmvapesale.com\/wp-content\/uploads\/2025\/01\/JNR-Mega-Shisha-Hookah-100000-100K-Puffs.webp 1000w, https:\/\/rmvapesale.com\/wp-content\/uploads\/2025\/01\/JNR-Mega-Shisha-Hookah-100000-100K-Puffs-300x300.webp 300w, https:\/\/rmvapesale.com\/wp-content\/uploads\/2025\/01\/JNR-Mega-Shisha-Hookah-100000-100K-Puffs-150x150.webp 150w, https:\/\/rmvapesale.com\/wp-content\/uploads\/2025\/01\/JNR-Mega-Shisha-Hookah-100000-100K-Puffs-768x768.webp 768w, https:\/\/rmvapesale.com\/wp-content\/uploads\/2025\/01\/JNR-Mega-Shisha-Hookah-100000-100K-Puffs-600x600.webp 600w, https:\/\/rmvapesale.com\/wp-content\/uploads\/2025\/01\/JNR-Mega-Shisha-Hookah-100000-100K-Puffs-100x100.webp 100w\" sizes=\"auto, (max-width: 1000px) 100vw, 1000px\" \/><figcaption id=\"caption-attachment-2908\" class=\"wp-caption-text\">JNR Mega Shisha Hookah 100000 100K Z\u00fcge<\/figcaption><\/figure>\n<h3>Ausf\u00fchrliche Bewertung des JNR Mega Shisha Hookah 100k<\/h3>\n<h3><\/h3>\n<ol>\n<li><strong>Zwei \u00c4pfel<\/strong>: Eine knackige und erfrischende Mischung aus s\u00fc\u00dfen und sauren \u00c4pfeln.<\/li>\n<li><strong>Love 66<\/strong>: Eine glatte und s\u00fc\u00dfe Beerenauswahl mit einem Hauch tropischer Note.<\/li>\n<li><strong>Lady Killa<\/strong>: Eine mutige Fusion aus fruchtigen und blumigen Noten, die eine einzigartige Note bietet.<\/li>\n<li><strong>Erdbeer Punch<\/strong>: Ein s\u00fc\u00dfer, s\u00e4uerlicher Erdbeergeschmack mit einem Hauch Zitrus.<\/li>\n<li><strong>Lush Ice<\/strong>: Eine coole, erfrischende Kombination aus s\u00fc\u00dfer Wassermelone und eisigem Menthol.<\/li>\n<li><strong>Traubenminze<\/strong>: Eine sanfte Mischung aus s\u00fc\u00dfen, saftigen Trauben mit einem k\u00fchlenden Minz-Finish.<\/li>\n<li><strong>Magische Liebe<\/strong>: Eine magische Mischung aus exotischen Fr\u00fcchten mit einem sanften und s\u00fc\u00dfen Abschluss.<\/li>\n<li><strong>Pfirsich-Eis<\/strong>: Ein saftiger Pfirsichgeschmack, kombiniert mit einem erfrischenden Menthol-Kick.<\/li>\n<li><strong>Heidelbeereis<\/strong>: S\u00fc\u00dfe Heidelbeeren mit einem k\u00fchlen, eisigen Menthol-Nachgeschmack.<\/li>\n<li><strong>Hawaii<\/strong>: Eine tropische Fruchtmischung, die das Wesen eines hawaiianischen Paradieses einf\u00e4ngt.<\/li>\n<li><strong>Kiwi Passionsfrucht Guave<\/strong>: Eine herbe und tropische Mischung aus Kiwi, Passionsfrucht und Guave.<\/li>\n<li><strong>Mein Liebe<\/strong>: Eine romantische Mischung aus fruchtiger S\u00fc\u00dfe mit einem Hauch exotischer Aromen.<\/li>\n<\/ol>\n<h3><\/h3>\n<h4><strong>Warum Rmvapesale f\u00fcr JNR Mega Shisha Hookah 100k Puff w\u00e4hlen\u00a0 <\/strong><strong>V<\/strong><strong>Gro\u00dfhandel<\/strong><strong>?<\/strong><\/h4>\n<div class=\"flex-shrink-0 flex flex-col relative items-end\">\n<div class=\"pt-0\">\n<div class=\"gizmo-bot-avatar flex h-8 w-8 items-center justify-center overflow-hidden rounded-full\">\n<div class=\"relative p-1 rounded-sm flex items-center justify-center bg-token-main-surface-primary text-token-text-primary h-8 w-8\">\n<p>Willkommen bei Rmvapesale, Ihrem vertrauensw\u00fcrdigen Vape-Shop f\u00fcr Premium Einweg-Vapes. Mit \u00fcber 5 Jahren Erfahrung bieten wir Ihnen beliebte Marken f\u00fcr Einweg-Vapes wie Al Fakher, <a href=\"https:\/\/rmvapesale.com\/de\/product-category\/bang-vapes\/\">Bang Vape<\/a>, Waspe, WGA Vape und<a href=\"https:\/\/rmvapesale.com\/de\/product-category\/randm-fumot-vape\/\"> RandM Vape<\/a>.<\/p>\n<p>Unser Sortiment umfasst hei\u00dfe Verkaufs-Vapes wie die <a href=\"https:\/\/rmvapesale.com\/de\/product\/randm-tornado-15000-puffs-vape-wholesale\/\">RandM Tornado 15000<\/a> und geschmacksintensive Optionen wie die Vapme 70000. Jedes Produkt wird mit Fokus auf Qualit\u00e4t, Wert und Vielfalt ausgew\u00e4hlt, um sicherzustellen, dass Sie die perfekte \u00dcbereinstimmung f\u00fcr Ihre Bed\u00fcrfnisse finden. Entdecken Sie au\u00dfergew\u00f6hnlichen Service und eine breite Palette von Spitzenprodukten bei Rmvapesale.<\/p>\n<p>&nbsp;<\/p>\n<h3><b style=\"font-size: 1.5em;font-style: inherit\">FAQS F\u00fcr JNR Shisha Hookah 100000 <\/b><b style=\"font-size: 1.5em;font-style: inherit\">Wiederaufladbare Einweg-Vape<\/b><\/h3>\n<\/div>\n<h3><\/h3>\n<ol>\n<li><strong>Was macht die JNR Mega Shisha 100.000 Z\u00fcge so langlebig?<\/strong><br \/>\nDer <strong>unglaublich langlebig<\/strong> JNR Mega Shisha bietet bis zu <strong>100.000 Z\u00fcgen<\/strong>, mit einem gro\u00dfen <strong>60ml E-Liquid-Kapazit\u00e4t<\/strong> und ein <strong>2200mAh wiederaufladbarer Akku<\/strong> die ein verl\u00e4ngertes Dampferlebnis gew\u00e4hrleistet.<\/li>\n<li><strong>Wie funktioniert der intelligente Bildschirm bei der JNR Shisha 100.000 Z\u00fcge?<\/strong><br \/>\nDer <strong>innovativ<\/strong> Der intelligente Bildschirm bietet Echtzeit-Updates zu Batteriestand und E-Liquid-Level, sodass Sie die Kontrolle \u00fcber Ihre Dampfersitzungen pr\u00e4zise behalten.<\/li>\n<li><strong>Kann ich die JNR Mega Shisha 100.000 Z\u00fcge mit anderen teilen?<\/strong><br \/>\nJa, die <strong>vielseitig<\/strong> Das Dual-Mundst\u00fcck-Design macht sie perfekt f\u00fcr den Solo-Gebrauch und das Teilen mit Freunden und bietet ein anpassbares Dampferlebnis.<\/li>\n<li><strong>Ist die JNR Mega Shisha 100.000 Z\u00fcge f\u00fcr Direct-to-Lung-Dampfen geeignet?<\/strong><br \/>\nAbsolut! Der <strong>Premium<\/strong> Das Design der JNR Mega Shisha ist auf <strong>Direct-to-Lung (DTL)<\/strong> Dampfen optimiert und liefert bei jedem Atemzug reichhaltigen und glatten Dampf.<\/li>\n<li><strong>Wie sorgt das JNR Mega Shisha 100.000 Z\u00fcge f\u00fcr sicheres Dampfen?<\/strong><br \/>\nDer <strong>sicher und zuverl\u00e4ssig<\/strong> automatisches Schutzsystem verhindert \u00dcberhitzung, w\u00e4hrend das <strong>8-Sekunden-Maximalzugzeit<\/strong> eine optimale Dampferzeugung ohne Sicherheitskompromisse gew\u00e4hrleistet.<\/li>\n<\/ol>\n<p>&nbsp;<\/p>\n<\/div>\n<\/div>\n<\/div>\n<h3>Zum Versand<\/h3>\n<div class=\"flex-shrink-0 flex flex-col relative items-end\">\n<div>\n<div class=\"pt-0\">\n<div class=\"gizmo-bot-avatar flex h-8 w-8 items-center justify-center overflow-hidden rounded-full\">\n<div><\/div>\n<div class=\"relative p-1 rounded-sm flex items-center justify-center bg-token-main-surface-primary text-token-text-primary h-8 w-8\"><strong>1. Welche Versandmethoden werden verwendet?<\/strong><\/div>\n<\/div>\n<\/div>\n<\/div>\n<\/div>\n<div class=\"group\/conversation-turn relative flex w-full min-w-0 flex-col agent-turn\">\n<div class=\"flex-col gap-1 md:gap-3\">\n<div class=\"flex max-w-full flex-col flex-grow\">\n<div class=\"min-h-[20px] text-message flex w-full flex-col items-end gap-2 whitespace-normal break-words [.text-message+&amp;]:mt-5 overflow-x-auto\" dir=\"auto\" data-message-author-role=\"assistant\" data-message-id=\"22f8283b-3233-46ff-89a5-c7a41b33abda\">\n<div class=\"flex w-full flex-col gap-1 empty:hidden first:pt-[3px]\">\n<div class=\"markdown prose w-full break-words dark:prose-invert light\">\n<p>Wir arbeiten mit UPS, DHL, FedEx, DPD und anderen f\u00fchrenden Transportunternehmen zusammen. Wir w\u00e4hlen die beste Versandmethode basierend auf Ihrem Lieferort aus, um sicherzustellen, dass Sie Ihre Produkte so schnell wie m\u00f6glich erhalten.<\/p>\n<\/div>\n<p><strong>2. Wie lange dauert es, bis die Lieferung ankommt?<\/strong><\/p>\n<p>Pakete, die nach Deutschland versandt werden, kommen normalerweise innerhalb von 10 Werktagen an. Der Versand in europ\u00e4ische L\u00e4nder dauert in der Regel etwa 12-15 Werktage. Wir werden Ihnen Echtzeit-Updates zu Ihrem Versandstatus bereitstellen.<\/p>\n<\/div>\n<\/div>\n<\/div>\n<\/div>\n<\/div>\n<p><strong><span style=\"color: #ff0000\">Andere hei\u00dfe Verkaufs-Shisha-Hookah-Einweg-Vape: <a href=\"https:\/\/rmvapesale.com\/de\/product\/fihp-shisha-hookah-15000-pro-disposable-vape-wholesale\/\">FIHP Shisha Hookah 15000 Zug<\/a>, <a href=\"https:\/\/rmvapesale.com\/de\/product\/vape-wholesale-lavande-bm-18000-puffs-shisha-hookah-bar\/\">VOPK Shisha Hookah BAR 20000, Lavendel BM18000 Z\u00fcge Shisha Vape<\/a><\/span><\/strong><\/p>\n<p>&nbsp;<\/p>\n<p>Finden Sie weitere Vape-Produkte, die Ihnen gefallen k\u00f6nnten:<strong><em><a href=\"https:\/\/rmvapesale.com\/de\/shop-2\/\">jetzt einkaufen &gt;&gt;&gt;<\/a><\/em><\/strong><\/p>","protected":false},"excerpt":{"rendered":"<p>JNR Mega Shisha Hookah 100K Z\u00fcge Einweg-Vape Gro\u00dfhandelspreis<br \/>\nJNR Mega Shisha Hookah 100000 100K Z\u00fcge Gro\u00dfer Kapazit\u00e4t<br \/>\nJNR Shisha Hookah 100K Einweg-Vape 2% Niedrige Nikotinst\u00e4rke<\/p>\n<p><strong>Kontaktieren Sie Amy, um die richtige Antwort und einen Gutschein f\u00fcr E-Zigaretten zu erhalten!<\/strong><\/p>\n<p><img loading=\"lazy\" decoding=\"async\" class=\"size-full wp-image-2375\" src=\"https:\/\/rmvapesale.com\/wp-content\/uploads\/2024\/10\/image.png\" alt=\"Bester Einweg-Vape\" width=\"229\" height=\"300\" \/><\/p>\n<h3><a href=\"https:\/\/wa.me\/8617776015835\"><span style=\"color: #ff0000\"><strong>WhatsApp: +86 17776015835<\/strong><\/span><\/a><\/h3>\n<p>&nbsp;<\/p>","protected":false},"featured_media":2910,"comment_status":"open","ping_status":"closed","template":"","meta":{"_uag_custom_page_level_css":"","_lmt_disableupdate":"no","_lmt_disable":"","site-sidebar-layout":"default","site-content-layout":"content-boxed-container","ast-site-content-layout":"normal-width-container","site-content-style":"boxed","site-sidebar-style":"unboxed","ast-global-header-display":"","ast-banner-title-visibility":"","ast-main-header-display":"","ast-hfb-above-header-display":"","ast-hfb-below-header-display":"","ast-hfb-mobile-header-display":"","site-post-title":"","ast-breadcrumbs-content":"","ast-featured-img":"","footer-sml-layout":"","theme-transparent-header-meta":"default","adv-header-id-meta":"","stick-header-meta":"","header-above-stick-meta":"","header-main-stick-meta":"","header-below-stick-meta":"","astra-migrate-meta-layouts":"set","ast-page-background-enabled":"default","ast-page-background-meta":{"desktop":{"background-color":"var(--ast-global-color-4)","background-image":"","background-repeat":"repeat","background-position":"center center","background-size":"auto","background-attachment":"scroll","background-type":"","background-media":"","overlay-type":"","overlay-color":"","overlay-opacity":"","overlay-gradient":""},"tablet":{"background-color":"","background-image":"","background-repeat":"repeat","background-position":"center center","background-size":"auto","background-attachment":"scroll","background-type":"","background-media":"","overlay-type":"","overlay-color":"","overlay-opacity":"","overlay-gradient":""},"mobile":{"background-color":"","background-image":"","background-repeat":"repeat","background-position":"center center","background-size":"auto","background-attachment":"scroll","background-type":"","background-media":"","overlay-type":"","overlay-color":"","overlay-opacity":"","overlay-gradient":""}},"ast-content-background-meta":{"desktop":{"background-color":"var(--ast-global-color-5)","background-image":"","background-repeat":"repeat","background-position":"center center","background-size":"auto","background-attachment":"scroll","background-type":"","background-media":"","overlay-type":"","overlay-color":"","overlay-opacity":"","overlay-gradient":""},"tablet":{"background-color":"var(--ast-global-color-5)","background-image":"","background-repeat":"repeat","background-position":"center center","background-size":"auto","background-attachment":"scroll","background-type":"","background-media":"","overlay-type":"","overlay-color":"","overlay-opacity":"","overlay-gradient":""},"mobile":{"background-color":"var(--ast-global-color-5)","background-image":"","background-repeat":"repeat","background-position":"center center","background-size":"auto","background-attachment":"scroll","background-type":"","background-media":"","overlay-type":"","overlay-color":"","overlay-opacity":"","overlay-gradient":""}},"_joinchat":[]},"product_brand":[],"product_cat":[15,260,25,123,26,28,135,27,137,136,30],"product_tag":[146,131,40,263,111,103],"class_list":{"0":"post-2911","1":"product","2":"type-product","3":"status-publish","4":"has-post-thumbnail","6":"product_cat-new-vape-this-week","7":"product_cat-100k-puff-disposable-vape","8":"product_cat-germany-best-selling-vape","9":"product_cat-italy-wholesale-vape","10":"product_cat-netherlands-hot-sale-vape","11":"product_cat-poland-hot-sale-vape","12":"product_cat-spain-best-hot-sale-vape","13":"product_cat-fance-hot-sale-vape","14":"product_cat-rechargeable-vapes","15":"product_cat-smart-screen-vapes","16":"product_cat-minimum-order-quantity-50pcs","17":"product_tag-best-hot-sale-vape","18":"product_tag-big-puff-vape","19":"product_tag-hot-sale-vape","20":"product_tag-jnr-mega-shisha-hookah-100000","21":"product_tag-low-nicotine-disposable-vape","22":"product_tag-shisha-hookah","23":"desktop-align-left","24":"tablet-align-left","25":"mobile-align-left","27":"first","28":"instock","29":"sale","30":"shipping-taxable","31":"purchasable","32":"product-type-simple"},"uagb_featured_image_src":{"full":["https:\/\/rmvapesale.com\/wp-content\/uploads\/2025\/01\/JNR-Shisha-Hookah-100K-Rechargeable-Disposable-Vape.webp",1000,1000,false],"thumbnail":["https:\/\/rmvapesale.com\/wp-content\/uploads\/2025\/01\/JNR-Shisha-Hookah-100K-Rechargeable-Disposable-Vape-150x150.webp",150,150,true],"medium":["https:\/\/rmvapesale.com\/wp-content\/uploads\/2025\/01\/JNR-Shisha-Hookah-100K-Rechargeable-Disposable-Vape-300x300.webp",300,300,true],"medium_large":["https:\/\/rmvapesale.com\/wp-content\/uploads\/2025\/01\/JNR-Shisha-Hookah-100K-Rechargeable-Disposable-Vape-768x768.webp",768,768,true],"large":["https:\/\/rmvapesale.com\/wp-content\/uploads\/2025\/01\/JNR-Shisha-Hookah-100K-Rechargeable-Disposable-Vape.webp",1000,1000,false],"1536x1536":["https:\/\/rmvapesale.com\/wp-content\/uploads\/2025\/01\/JNR-Shisha-Hookah-100K-Rechargeable-Disposable-Vape.webp",1000,1000,false],"2048x2048":["https:\/\/rmvapesale.com\/wp-content\/uploads\/2025\/01\/JNR-Shisha-Hookah-100K-Rechargeable-Disposable-Vape.webp",1000,1000,false],"trp-custom-language-flag":["https:\/\/rmvapesale.com\/wp-content\/uploads\/2025\/01\/JNR-Shisha-Hookah-100K-Rechargeable-Disposable-Vape.webp",12,12,false],"woocommerce_thumbnail":["https:\/\/rmvapesale.com\/wp-content\/uploads\/2025\/01\/JNR-Shisha-Hookah-100K-Rechargeable-Disposable-Vape-300x300.webp",300,300,true],"woocommerce_single":["https:\/\/rmvapesale.com\/wp-content\/uploads\/2025\/01\/JNR-Shisha-Hookah-100K-Rechargeable-Disposable-Vape-600x600.webp",600,600,true],"woocommerce_gallery_thumbnail":["https:\/\/rmvapesale.com\/wp-content\/uploads\/2025\/01\/JNR-Shisha-Hookah-100K-Rechargeable-Disposable-Vape-100x100.webp",100,100,true],"wcpr-photo-reviews":["https:\/\/rmvapesale.com\/wp-content\/uploads\/2025\/01\/JNR-Shisha-Hookah-100K-Rechargeable-Disposable-Vape.webp",500,500,false]},"uagb_author_info":{"display_name":"AMY","author_link":"https:\/\/rmvapesale.com\/de\/author\/"},"uagb_comment_info":0,"uagb_excerpt":"JNR Mega Shisha Hookah 100K Puffs Disposable Vape Wholesale Price JNR Mega Shisha Hookah 100000 100K Puffs Large Capacity JNR Shisha Hookah 100K Disposable Vape 2% Low Nicotine Contact Amy to get right reply and vape coupon! WhatsApp: +86 17776015835 &nbsp;","_links":{"self":[{"href":"https:\/\/rmvapesale.com\/de\/wp-json\/wp\/v2\/product\/2911","targetHints":{"allow":["GET"]}}],"collection":[{"href":"https:\/\/rmvapesale.com\/de\/wp-json\/wp\/v2\/product"}],"about":[{"href":"https:\/\/rmvapesale.com\/de\/wp-json\/wp\/v2\/types\/product"}],"replies":[{"embeddable":true,"href":"https:\/\/rmvapesale.com\/de\/wp-json\/wp\/v2\/comments?post=2911"}],"wp:featuredmedia":[{"embeddable":true,"href":"https:\/\/rmvapesale.com\/de\/wp-json\/wp\/v2\/media\/2910"}],"wp:attachment":[{"href":"https:\/\/rmvapesale.com\/de\/wp-json\/wp\/v2\/media?parent=2911"}],"wp:term":[{"taxonomy":"product_brand","embeddable":true,"href":"https:\/\/rmvapesale.com\/de\/wp-json\/wp\/v2\/product_brand?post=2911"},{"taxonomy":"product_cat","embeddable":true,"href":"https:\/\/rmvapesale.com\/de\/wp-json\/wp\/v2\/product_cat?post=2911"},{"taxonomy":"product_tag","embeddable":true,"href":"https:\/\/rmvapesale.com\/de\/wp-json\/wp\/v2\/product_tag?post=2911"}],"curies":[{"name":"wp","href":"https:\/\/api.w.org\/{rel}","templated":true}]}}