{"id":2912,"date":"2025-01-08T08:59:33","date_gmt":"2025-01-08T08:59:33","guid":{"rendered":"https:\/\/rmvapesale.com\/?post_type=product&#038;p=2912"},"modified":"2025-01-08T09:59:15","modified_gmt":"2025-01-08T09:59:15","slug":"bood-twins-46000-puff-digital-disposable-vape-bulk-buy-wholesale-price","status":"publish","type":"product","link":"https:\/\/rmvapesale.com\/de\/product\/bood-twins-46000-puff-digital-disposable-vape-bulk-buy-wholesale-price\/","title":{"rendered":"Bood Twins 46000 Puff Digitale Einweg-Vape Gro\u00dfhandelspreis"},"content":{"rendered":"<div class=\"B2VR9 CJHX3e\">\n<div class=\"wyccme\">\n<div class=\"flex-shrink-0 flex flex-col relative items-end\">\n<div class=\"pt-0\">\n<div class=\"gizmo-bot-avatar flex h-8 w-8 items-center justify-center overflow-hidden rounded-full\">\n<div class=\"relative p-1 rounded-sm flex items-center justify-center bg-token-main-surface-primary text-token-text-primary h-8 w-8\">\n<div class=\"flex-shrink-0 flex flex-col relative items-end\">\n<div class=\"pt-0\">\n<div class=\"gizmo-bot-avatar flex h-8 w-8 items-center justify-center overflow-hidden rounded-full\">\n<h1 class=\"relative p-1 rounded-sm flex items-center justify-center bg-token-main-surface-primary text-token-text-primary h-8 w-8\">Bood Twins 46000 Puff Digitale Einweg-Vape Gro\u00dfhandelspreis<\/h1>\n<\/div>\n<\/div>\n<\/div>\n<\/div>\n<\/div>\n<\/div>\n<\/div>\n<div class=\"group\/conversation-turn relative flex w-full min-w-0 flex-col agent-turn\">\n<div class=\"flex-col gap-1 md:gap-3\">\n<div class=\"flex max-w-full flex-col flex-grow\">\n<div class=\"min-h-8 text-message flex w-full flex-col items-end gap-2 whitespace-normal break-words text-start [.text-message+&amp;]:mt-5\" dir=\"auto\" data-message-author-role=\"assistant\" data-message-id=\"80ece0c4-ead1-4ed9-a9f0-ddc22582b4f4\" data-message-model-slug=\"gpt-4o\">\n<div class=\"flex w-full flex-col gap-1 empty:hidden first:pt-[3px]\">\n<div class=\"markdown prose w-full break-words dark:prose-invert light\"><strong>Bood Twins 46000 Z\u00fcge Digital Einweg Vape<\/strong>, der perfekte Begleiter f\u00fcr langes, geschmackvolles und bequemes Dampfen. Ausgestattet mit fortschrittlichen Funktionen wie einem <strong>digitalen Display<\/strong>, ist dieses Ger\u00e4t darauf ausgelegt, alle Ihre Dampfbed\u00fcrfnisse zu erf\u00fcllen und gleichzeitig au\u00dfergew\u00f6hnlichen Wert zu Gro\u00dfhandelspreisen zu bieten.<\/div>\n<div><\/div>\n<div>\n<p>Verabschieden Sie sich von h\u00e4ufigen Ersatzk\u00e4ufen! Der <strong>Bood Twins 46000<\/strong> liefert beeindruckende 46.000 Z\u00fcge und sorgt so f\u00fcr langanhaltende Zufriedenheit bei starken und leichten Dampfern gleicherma\u00dfen. Bleiben Sie jederzeit informiert mit dem <strong>intelligenten digitalen Display<\/strong>, das Echtzeit-Updates \u00fcber Akkulaufzeit und E-Liquid-Stand liefert. Kein Raten mehr \u2013 behalten Sie immer die Kontrolle! Ausgestattet mit einem leistungsstarken und <strong>wiederaufladbaren 650mAh integrierten Akku<\/strong>, sorgt der Bood Twins f\u00fcr eine konstante Stromversorgung w\u00e4hrend Ihrer gesamten Dampfreise. Au\u00dferdem der <strong>Typ-C Schnellladeanschluss<\/strong> macht das Aufladen schnell und unkompliziert.<\/p>\n<p>Genie\u00dfen Sie verl\u00e4ngerte Dampfsitzungen mit der <strong>30ml vorgef\u00fcllten E-Saft<\/strong> Kartusche. Gepaart mit <strong>Nikotinst\u00e4rkenoptionen<\/strong> von 0%, 2% und 5%, bedient es alle Vorlieben. Mit <strong>zwei Geschmacksrichtungen in einem Ger\u00e4t<\/strong>, entdecken Sie eine Reihe von <strong>10 k\u00f6stlichen Kombinationen<\/strong>. Das <strong>Bood Twins 46000<\/strong> kombiniert <strong>effiziente Stromversorgung<\/strong> mit konsistenter Leistung, dank seines fortschrittlichen Designs und seiner hochwertigen Ingenieurskunst.<\/p>\n<\/div>\n<\/div>\n<div>Suchen Sie die <strong>besten Gro\u00dfhandelspreise<\/strong> f\u00fcr eine hochwertige, langlebige Einweg-Vape? Das <strong>Bood Twins 46000<\/strong> bietet un\u00fcbertroffenen Wert, Geschmacksvielfalt und Zuverl\u00e4ssigkeit. Perfekt f\u00fcr Anf\u00e4nger und erfahrene Dampfer, dieses Ger\u00e4t ist ein Game-Changer!<\/div>\n<\/div>\n<\/div>\n<\/div>\n<\/div>\n<div class=\"flex-shrink-0 flex flex-col relative items-end\">\n<div class=\"pt-0\">\n<div class=\"gizmo-bot-avatar flex h-8 w-8 items-center justify-center overflow-hidden rounded-full\">\n<p>&nbsp;<\/p>\n<\/div>\n<\/div>\n<\/div>\n<\/div>\n<\/div>\n<p><strong>Kontaktieren Sie Amy, um die richtige Antwort und einen Gutschein f\u00fcr E-Zigaretten zu erhalten!<\/strong><\/p>\n<p><img loading=\"lazy\" decoding=\"async\" class=\"size-full wp-image-1978\" src=\"https:\/\/rmvapesale.com\/wp-content\/uploads\/2024\/09\/Disposable-Vape-Wholesale.jpg\" alt=\"Einweg-Vape Gro\u00dfhandel\" width=\"229\" height=\"300\" \/><\/p>\n<h3><a href=\"https:\/\/wa.me\/8617776015835\" target=\"_blank\" rel=\"noopener\"><span style=\"color: #ff0000\"><strong>WhatsApp: +86 17776015835<\/strong><\/span><\/a><\/h3>\n<p>&nbsp;<\/p>\n<h2><strong style=\"font-size: 1.7em\">Bood Twins 46000 Vape Hauptmerkmale<\/strong><\/h2>\n<ul>\n<li><strong>Z\u00fcge<\/strong>: Bis zu 46.000<\/li>\n<li><strong>Akku<\/strong>: 650mAh Wiederaufladbar mit USB-C-Ladekabel<\/li>\n<li><strong>E-Liquid<\/strong>: 30ml vorgef\u00fcllt, erh\u00e4ltlich in 0%, 2%, 5% Nikotinst\u00e4rke<\/li>\n<li><strong>Digitalanzeige<\/strong>: Akku- und E-Liquid-\u00dcberwachung in Echtzeit<\/li>\n<li><strong>Geschmacksrichtungen<\/strong>: 10 einzigartige Dual-Geschmackskombinationen<\/li>\n<li><strong>Leistung<\/strong>: Sanfte Z\u00fcge und gleichm\u00e4\u00dfige Abgabe<\/li>\n<\/ul>\n<h2><strong style=\"font-size: 1.7em\">Meistverkaufte Geschmacksrichtung f\u00fcr Bood 46000 Einweg-Vape<\/strong><\/h2>\n<p>Dieser Bood Twins 46000 Puff Digital Einweg-Vape ist in <strong>12 aufregenden Geschmacksrichtungen<\/strong>erh\u00e4ltlich und bietet eine Vielzahl von Optionen f\u00fcr unterschiedliche Geschm\u00e4cker. Von fruchtigen \u00fcber minzige bis hin zu exotischen Mischungen ist f\u00fcr jeden etwas dabei. Diese gro\u00dfe Auswahl stellt sicher, dass Sie immer eine Geschmacksrichtung finden, die zu Ihrer Stimmung passt, was ihn zu einer vielseitigen Wahl f\u00fcr alle Vaper macht. Die meistverkaufte Geschmacksrichtung f\u00fcr diesen wiederaufladbaren Einweg-Vape finden Sie basierend auf unseren Verkaufsdaten und Kundenfeedback.<\/p>\n<div>1.Wassermelone <span style=\"color: #ff0000\"><strong>&gt;&gt;&gt;&gt; Hei\u00df!<\/strong><\/span><\/div>\n<div>2.Apfel<\/div>\n<div>3.Limette<\/div>\n<div>4.Gr\u00fcner Apfel <span style=\"color: #ff0000\"><strong>&gt;&gt;&gt;&gt; Hei\u00df!<\/strong><\/span><\/div>\n<div>5.Blaubeere Saure Himbeere<\/div>\n<div>6.Schwarze Johannisbeere Himbeere <span style=\"color: #ff0000\"><strong>&gt;&gt;&gt;&gt; Am besten!<\/strong><\/span><\/div>\n<div>7.Pfirsich Mango<\/div>\n<div>8.Traube<\/div>\n<div>9.Pinke Limonade<\/div>\n<div>10.Gr\u00fcne Traube<\/div>\n<div><\/div>\n<figure id=\"attachment_2895\" aria-describedby=\"caption-attachment-2895\" style=\"width: 1000px\" class=\"wp-caption alignnone\"><img loading=\"lazy\" decoding=\"async\" class=\"wp-image-2895 size-full\" src=\"https:\/\/rmvapesale.com\/wp-content\/uploads\/2025\/01\/Bood-Twins-46000-Digital-Disposable-Vape.jpg\" alt=\"Bood Twins 46000 Digital Einweg-Vape\" width=\"1000\" height=\"1000\" srcset=\"https:\/\/rmvapesale.com\/wp-content\/uploads\/2025\/01\/Bood-Twins-46000-Digital-Disposable-Vape.jpg 1000w, https:\/\/rmvapesale.com\/wp-content\/uploads\/2025\/01\/Bood-Twins-46000-Digital-Disposable-Vape-300x300.jpg 300w, https:\/\/rmvapesale.com\/wp-content\/uploads\/2025\/01\/Bood-Twins-46000-Digital-Disposable-Vape-150x150.jpg 150w, https:\/\/rmvapesale.com\/wp-content\/uploads\/2025\/01\/Bood-Twins-46000-Digital-Disposable-Vape-768x768.jpg 768w, https:\/\/rmvapesale.com\/wp-content\/uploads\/2025\/01\/Bood-Twins-46000-Digital-Disposable-Vape-600x600.jpg 600w, https:\/\/rmvapesale.com\/wp-content\/uploads\/2025\/01\/Bood-Twins-46000-Digital-Disposable-Vape-100x100.jpg 100w\" sizes=\"auto, (max-width: 1000px) 100vw, 1000px\" \/><figcaption id=\"caption-attachment-2895\" class=\"wp-caption-text\">Bood Twins 46000 Digital Einweg-Vape<\/figcaption><\/figure>\n<h3><\/h3>\n<h3><strong>Warum Rmvapesale f\u00fcr JNR Mega Shisha Hookah 100k Puff w\u00e4hlen\u00a0 <\/strong><strong>V<\/strong><strong>Gro\u00dfhandel<\/strong><strong>?<\/strong><\/h3>\n<div class=\"flex-shrink-0 flex flex-col relative items-end\">\n<div class=\"pt-0\">\n<div class=\"gizmo-bot-avatar flex h-8 w-8 items-center justify-center overflow-hidden rounded-full\">\n<div class=\"relative p-1 rounded-sm flex items-center justify-center bg-token-main-surface-primary text-token-text-primary h-8 w-8\">\n<p>Willkommen bei Rmvapesale, Ihrem vertrauensw\u00fcrdigen Vape-Shop f\u00fcr Premium Einweg-Vapes. Mit \u00fcber 5 Jahren Erfahrung bieten wir Ihnen beliebte Marken f\u00fcr Einweg-Vapes wie Al Fakher, <a href=\"https:\/\/rmvapesale.com\/de\/product\/puff-40k-bang-refillable-disposable-vape-with-digital-display-bulk-buy-price\/\">Bang Vape<\/a>, <a href=\"https:\/\/rmvapesale.com\/de\/product\/jnr-mega-shisha-hookah-100000-100k-puffs-disposable-vape-a-premium-vaping-experience\/\">JNR Vape<\/a>, Waspe, WGA Vape und RandM Vape.<\/p>\n<p>Unser Sortiment umfasst hei\u00dfe Verkaufs-Vapes wie die <a href=\"https:\/\/rmvapesale.com\/de\/product\/vookbar-cyber-pro-30000-puffs-bluetooth-vape-2-low-nicotine-rechargeable-bulk-buy-wholesale-price\/\">Vookbar Cyber Pro 30000<\/a> und geschmacksintensive Optionen wie die Vapme 70000. Jedes Produkt wird mit Fokus auf Qualit\u00e4t, Wert und Vielfalt ausgew\u00e4hlt, um sicherzustellen, dass Sie die perfekte \u00dcbereinstimmung f\u00fcr Ihre Bed\u00fcrfnisse finden. Entdecken Sie au\u00dfergew\u00f6hnlichen Service und eine breite Palette von Spitzenprodukten bei Rmvapesale.<\/p>\n<p>&nbsp;<\/p>\n<h3><b style=\"font-size: 1.5em;font-style: inherit\">FAQs zu Bood Twins 46000 <\/b><b style=\"font-size: 1.5em;font-style: inherit\">Wiederaufladbare Einweg-Vape<\/b><\/h3>\n<\/div>\n<h3><\/h3>\n<p><strong>1. Wie viele Z\u00fcge bietet die Bood Twins 46000?<\/strong><\/p>\n<p>Der <strong>Bood Twins 46000 Puff<\/strong> bietet bis zu 46.000 Z\u00fcge, was sie zu einer der langlebigsten Einweg-Vapes auf dem Markt macht.<\/p>\n<p><strong>2. Kann ich die Bood Twins 46000 Puff wiederaufladen?<\/strong><\/p>\n<p>Ja! Dieses Ger\u00e4t verf\u00fcgt \u00fcber einen <strong>wiederaufladbaren 650-mAh-Akku<\/strong> mit einem <strong>Typ-C Schnellladeanschluss<\/strong> f\u00fcr Komfort.<\/p>\n<p><strong>3. Welche Geschmacksrichtungen sind in der Bood Twins 46000 erh\u00e4ltlich?<\/strong><\/p>\n<p>Sie kommt mit <strong>10 einzigartigen Dual-Geschmackskombinationen<\/strong>, wie zum Beispiel <strong>Wassermelone<\/strong>, <strong>Limette<\/strong>, und <strong>Traube<\/strong>.<\/p>\n<p><strong>4. Gibt es die Bood Twins 46000 mit Nikotin-Optionen?<\/strong><\/p>\n<p>Ja, das Ger\u00e4t unterst\u00fctzt <strong>Nikotinst\u00e4rken von 0%, 2% und 5%<\/strong>, um Optionen f\u00fcr alle Vorlieben zu gew\u00e4hrleisten.<\/p>\n<p><strong>5. Wo kann ich die Bood Twins 46000 zu Gro\u00dfhandelspreisen kaufen?<\/strong><\/p>\n<p>Sie k\u00f6nnen die <strong>Bood Twins 46000 Puff<\/strong> at <strong>Gro\u00dfhandelspreise<\/strong> bei <a href=\"https:\/\/rmvapesale.com\/de\/\" target=\"_new\" rel=\"noopener\">Rmvapesale Online-Vape-Shop<\/a>erwerben. Genie\u00dfen Sie wettbewerbsf\u00e4hige Preise, schnellen Versand und erstklassigen Kundenservice!<\/p>\n<p>&nbsp;<\/p>\n<\/div>\n<\/div>\n<\/div>\n<h3>Zum Versand<\/h3>\n<div class=\"flex-shrink-0 flex flex-col relative items-end\">\n<div>\n<div class=\"pt-0\">\n<div class=\"gizmo-bot-avatar flex h-8 w-8 items-center justify-center overflow-hidden rounded-full\">\n<div><\/div>\n<div class=\"relative p-1 rounded-sm flex items-center justify-center bg-token-main-surface-primary text-token-text-primary h-8 w-8\"><strong>1. Welche Versandmethoden werden verwendet?<\/strong><\/div>\n<\/div>\n<\/div>\n<\/div>\n<\/div>\n<div class=\"group\/conversation-turn relative flex w-full min-w-0 flex-col agent-turn\">\n<div class=\"flex-col gap-1 md:gap-3\">\n<div class=\"flex max-w-full flex-col flex-grow\">\n<div class=\"min-h-[20px] text-message flex w-full flex-col items-end gap-2 whitespace-normal break-words [.text-message+&amp;]:mt-5 overflow-x-auto\" dir=\"auto\" data-message-author-role=\"assistant\" data-message-id=\"22f8283b-3233-46ff-89a5-c7a41b33abda\">\n<div class=\"flex w-full flex-col gap-1 empty:hidden first:pt-[3px]\">\n<div class=\"markdown prose w-full break-words dark:prose-invert light\">\n<p>Wir arbeiten mit UPS, DHL, FedEx, DPD und anderen f\u00fchrenden Transportunternehmen zusammen. Wir w\u00e4hlen die beste Versandmethode basierend auf Ihrem Lieferort aus, um sicherzustellen, dass Sie Ihre Produkte so schnell wie m\u00f6glich erhalten.<\/p>\n<\/div>\n<p><strong>2. Wie lange dauert es, bis die Lieferung ankommt?<\/strong><\/p>\n<p>Pakete, die nach Deutschland versandt werden, kommen normalerweise innerhalb von 10 Werktagen an. Der Versand in europ\u00e4ische L\u00e4nder dauert in der Regel etwa 12-15 Werktage. Wir werden Ihnen Echtzeit-Updates zu Ihrem Versandstatus bereitstellen.<\/p>\n<\/div>\n<\/div>\n<\/div>\n<\/div>\n<\/div>\n<p>&nbsp;<\/p>\n<p>Finden Sie weitere Vape-Produkte, die Ihnen gefallen k\u00f6nnten:<strong><em><a href=\"https:\/\/rmvapesale.com\/de\/shop-2\/\">jetzt einkaufen &gt;&gt;&gt;<\/a><\/em><\/strong><\/p>","protected":false},"excerpt":{"rendered":"<p>Bood Twins 46000 Z\u00fcge Digital Einweg Vape Gro\u00dfhandelspreis<br \/>\nBood Twins 46000 Z\u00fcge Digital Wiederaufladbare Einweg Vape G\u00fcnstiger Gro\u00dfhandelspreis<br \/>\nBood 46000 2% Nikotinarm Einweg Vape Einweg Vape<\/p>\n<p><strong>Kontaktieren Sie Amy, um die richtige Antwort und einen Gutschein f\u00fcr E-Zigaretten zu erhalten!<\/strong><\/p>\n<p><img loading=\"lazy\" decoding=\"async\" class=\"size-full wp-image-2375\" src=\"https:\/\/rmvapesale.com\/wp-content\/uploads\/2024\/10\/image.png\" alt=\"Bester Einweg-Vape\" width=\"229\" height=\"300\" \/><\/p>\n<h3><a href=\"https:\/\/wa.me\/8617776015835\"><span style=\"color: #ff0000\"><strong>WhatsApp: +86 17776015835<\/strong><\/span><\/a><\/h3>\n<p>&nbsp;<\/p>","protected":false},"featured_media":2896,"comment_status":"open","ping_status":"closed","template":"","meta":{"_uag_custom_page_level_css":"","_lmt_disableupdate":"no","_lmt_disable":"","site-sidebar-layout":"default","site-content-layout":"content-boxed-container","ast-site-content-layout":"normal-width-container","site-content-style":"boxed","site-sidebar-style":"unboxed","ast-global-header-display":"","ast-banner-title-visibility":"","ast-main-header-display":"","ast-hfb-above-header-display":"","ast-hfb-below-header-display":"","ast-hfb-mobile-header-display":"","site-post-title":"","ast-breadcrumbs-content":"","ast-featured-img":"","footer-sml-layout":"","ast-disable-related-posts":"","theme-transparent-header-meta":"default","adv-header-id-meta":"","stick-header-meta":"","header-above-stick-meta":"","header-main-stick-meta":"","header-below-stick-meta":"","astra-migrate-meta-layouts":"set","ast-page-background-enabled":"default","ast-page-background-meta":{"desktop":{"background-color":"var(--ast-global-color-4)","background-image":"","background-repeat":"repeat","background-position":"center center","background-size":"auto","background-attachment":"scroll","background-type":"","background-media":"","overlay-type":"","overlay-color":"","overlay-opacity":"","overlay-gradient":""},"tablet":{"background-color":"","background-image":"","background-repeat":"repeat","background-position":"center center","background-size":"auto","background-attachment":"scroll","background-type":"","background-media":"","overlay-type":"","overlay-color":"","overlay-opacity":"","overlay-gradient":""},"mobile":{"background-color":"","background-image":"","background-repeat":"repeat","background-position":"center center","background-size":"auto","background-attachment":"scroll","background-type":"","background-media":"","overlay-type":"","overlay-color":"","overlay-opacity":"","overlay-gradient":""}},"ast-content-background-meta":{"desktop":{"background-color":"var(--ast-global-color-5)","background-image":"","background-repeat":"repeat","background-position":"center center","background-size":"auto","background-attachment":"scroll","background-type":"","background-media":"","overlay-type":"","overlay-color":"","overlay-opacity":"","overlay-gradient":""},"tablet":{"background-color":"var(--ast-global-color-5)","background-image":"","background-repeat":"repeat","background-position":"center center","background-size":"auto","background-attachment":"scroll","background-type":"","background-media":"","overlay-type":"","overlay-color":"","overlay-opacity":"","overlay-gradient":""},"mobile":{"background-color":"var(--ast-global-color-5)","background-image":"","background-repeat":"repeat","background-position":"center center","background-size":"auto","background-attachment":"scroll","background-type":"","background-media":"","overlay-type":"","overlay-color":"","overlay-opacity":"","overlay-gradient":""}},"_joinchat":[]},"product_brand":[],"product_cat":[15,260,259,265,27,25,123,30,26,28,137,136,135],"product_tag":[146,131,264,248,40,111,207],"class_list":{"0":"post-2912","1":"product","2":"type-product","3":"status-publish","4":"has-post-thumbnail","6":"product_cat-new-vape-this-week","7":"product_cat-100k-puff-disposable-vape","8":"product_cat-46000-puff-disposable-vape","9":"product_cat-bood-disposable-vape","10":"product_cat-fance-hot-sale-vape","11":"product_cat-germany-best-selling-vape","12":"product_cat-italy-wholesale-vape","13":"product_cat-minimum-order-quantity-50pcs","14":"product_cat-netherlands-hot-sale-vape","15":"product_cat-poland-hot-sale-vape","16":"product_cat-rechargeable-vapes","17":"product_cat-smart-screen-vapes","18":"product_cat-spain-best-hot-sale-vape","19":"product_tag-best-hot-sale-vape","20":"product_tag-big-puff-vape","21":"product_tag-bood-46000-disposable-vape","22":"product_tag-bood-vape","23":"product_tag-hot-sale-vape","24":"product_tag-low-nicotine-disposable-vape","25":"product_tag-puff-vape","26":"desktop-align-left","27":"tablet-align-left","28":"mobile-align-left","30":"first","31":"instock","32":"sale","33":"shipping-taxable","34":"purchasable","35":"product-type-simple"},"uagb_featured_image_src":{"full":["https:\/\/rmvapesale.com\/wp-content\/uploads\/2025\/01\/Bood-Twins-46000-Puff-2-in-1-Disposable-Vape.webp",1000,1000,false],"thumbnail":["https:\/\/rmvapesale.com\/wp-content\/uploads\/2025\/01\/Bood-Twins-46000-Puff-2-in-1-Disposable-Vape-150x150.webp",150,150,true],"medium":["https:\/\/rmvapesale.com\/wp-content\/uploads\/2025\/01\/Bood-Twins-46000-Puff-2-in-1-Disposable-Vape-300x300.webp",300,300,true],"medium_large":["https:\/\/rmvapesale.com\/wp-content\/uploads\/2025\/01\/Bood-Twins-46000-Puff-2-in-1-Disposable-Vape-768x768.webp",768,768,true],"large":["https:\/\/rmvapesale.com\/wp-content\/uploads\/2025\/01\/Bood-Twins-46000-Puff-2-in-1-Disposable-Vape.webp",1000,1000,false],"1536x1536":["https:\/\/rmvapesale.com\/wp-content\/uploads\/2025\/01\/Bood-Twins-46000-Puff-2-in-1-Disposable-Vape.webp",1000,1000,false],"2048x2048":["https:\/\/rmvapesale.com\/wp-content\/uploads\/2025\/01\/Bood-Twins-46000-Puff-2-in-1-Disposable-Vape.webp",1000,1000,false],"trp-custom-language-flag":["https:\/\/rmvapesale.com\/wp-content\/uploads\/2025\/01\/Bood-Twins-46000-Puff-2-in-1-Disposable-Vape.webp",12,12,false],"woocommerce_thumbnail":["https:\/\/rmvapesale.com\/wp-content\/uploads\/2025\/01\/Bood-Twins-46000-Puff-2-in-1-Disposable-Vape-300x300.webp",300,300,true],"woocommerce_single":["https:\/\/rmvapesale.com\/wp-content\/uploads\/2025\/01\/Bood-Twins-46000-Puff-2-in-1-Disposable-Vape-600x600.webp",600,600,true],"woocommerce_gallery_thumbnail":["https:\/\/rmvapesale.com\/wp-content\/uploads\/2025\/01\/Bood-Twins-46000-Puff-2-in-1-Disposable-Vape-100x100.webp",100,100,true],"wcpr-photo-reviews":["https:\/\/rmvapesale.com\/wp-content\/uploads\/2025\/01\/Bood-Twins-46000-Puff-2-in-1-Disposable-Vape.webp",500,500,false]},"uagb_author_info":{"display_name":"AMY","author_link":"https:\/\/rmvapesale.com\/de\/author\/"},"uagb_comment_info":0,"uagb_excerpt":"Bood Twins 46000 Puff Digital Disposable Vape Wholesale Price Bood Twins 46000 Puff Digital Rechargeable Disposable Vape Bulk Buy Cheap Price Bood 46000 2% Low Nicotine Puff\u00a0 Disposable Vape Disposable Vape Contact Amy to get right reply and vape coupon! WhatsApp: +86 17776015835 &nbsp;","_links":{"self":[{"href":"https:\/\/rmvapesale.com\/de\/wp-json\/wp\/v2\/product\/2912","targetHints":{"allow":["GET"]}}],"collection":[{"href":"https:\/\/rmvapesale.com\/de\/wp-json\/wp\/v2\/product"}],"about":[{"href":"https:\/\/rmvapesale.com\/de\/wp-json\/wp\/v2\/types\/product"}],"replies":[{"embeddable":true,"href":"https:\/\/rmvapesale.com\/de\/wp-json\/wp\/v2\/comments?post=2912"}],"wp:featuredmedia":[{"embeddable":true,"href":"https:\/\/rmvapesale.com\/de\/wp-json\/wp\/v2\/media\/2896"}],"wp:attachment":[{"href":"https:\/\/rmvapesale.com\/de\/wp-json\/wp\/v2\/media?parent=2912"}],"wp:term":[{"taxonomy":"product_brand","embeddable":true,"href":"https:\/\/rmvapesale.com\/de\/wp-json\/wp\/v2\/product_brand?post=2912"},{"taxonomy":"product_cat","embeddable":true,"href":"https:\/\/rmvapesale.com\/de\/wp-json\/wp\/v2\/product_cat?post=2912"},{"taxonomy":"product_tag","embeddable":true,"href":"https:\/\/rmvapesale.com\/de\/wp-json\/wp\/v2\/product_tag?post=2912"}],"curies":[{"name":"wp","href":"https:\/\/api.w.org\/{rel}","templated":true}]}}