{"id":2913,"date":"2025-01-08T09:44:46","date_gmt":"2025-01-08T09:44:46","guid":{"rendered":"https:\/\/rmvapesale.com\/?post_type=product&#038;p=2913"},"modified":"2025-01-09T09:05:59","modified_gmt":"2025-01-09T09:05:59","slug":"bang-box-35000-puffs-touch-screen-bulk-buy-price-rechargeable-disposable-vapes","status":"publish","type":"product","link":"https:\/\/rmvapesale.com\/de\/product\/bang-box-35000-puffs-touch-screen-bulk-buy-price-rechargeable-disposable-vapes\/","title":{"rendered":"Bang Box 35000 Puffs Touchscreen Gro\u00dfhandelspreis Wiederaufladbare Einweg-Vapes"},"content":{"rendered":"<div class=\"B2VR9 CJHX3e\">\n<div class=\"wyccme\">\n<div class=\"flex-shrink-0 flex flex-col relative items-end\">\n<div class=\"pt-0\">\n<div class=\"gizmo-bot-avatar flex h-8 w-8 items-center justify-center overflow-hidden rounded-full\">\n<div class=\"relative p-1 rounded-sm flex items-center justify-center bg-token-main-surface-primary text-token-text-primary h-8 w-8\">\n<div class=\"flex-shrink-0 flex flex-col relative items-end\">\n<div class=\"pt-0\">\n<div class=\"gizmo-bot-avatar flex h-8 w-8 items-center justify-center overflow-hidden rounded-full\">\n<h1 class=\"relative p-1 rounded-sm flex items-center justify-center bg-token-main-surface-primary text-token-text-primary h-8 w-8\">Bang Box 35000 Puffs Touchscreen Gro\u00dfhandelspreis Wiederaufladbare Einweg-Vapes<\/h1>\n<\/div>\n<\/div>\n<\/div>\n<\/div>\n<\/div>\n<\/div>\n<\/div>\n<div class=\"group\/conversation-turn relative flex w-full min-w-0 flex-col agent-turn\">\n<div class=\"flex-col gap-1 md:gap-3\">\n<div class=\"flex max-w-full flex-col flex-grow\">\n<div class=\"min-h-8 text-message flex w-full flex-col items-end gap-2 whitespace-normal break-words text-start [.text-message+&amp;]:mt-5\" dir=\"auto\" data-message-author-role=\"assistant\" data-message-id=\"80ece0c4-ead1-4ed9-a9f0-ddc22582b4f4\" data-message-model-slug=\"gpt-4o\">\n<div class=\"flex w-full flex-col gap-1 empty:hidden first:pt-[3px]\">\n<div class=\"markdown prose w-full break-words dark:prose-invert light\">\n<p>&nbsp;<\/p>\n<p>Der <strong>Bang Box 35000 Z\u00fcge<\/strong>, ein hochwertiger, wiederaufladbarer Einweg-Vape, entwickelt f\u00fcr alle, die Wert auf Geschmack, Flexibilit\u00e4t und Komfort legen. Mit seinem <strong>digitalen Display<\/strong>, der hohen Zugzahl und den anpassbaren Funktionen ist dieses Ger\u00e4t die ultimative Wahl f\u00fcr Vaper, die Qualit\u00e4t zu einem erschwinglichen Preis suchen. <strong>Gro\u00dfhandelspreis<\/strong>.<\/p>\n<p>Erleben Sie <strong>massive 35.000 Z\u00fcge<\/strong> pro Ger\u00e4t, was die BangBox 35k zu einem der langlebigsten Einweg-Vapes auf dem Markt macht. Verabschieden Sie sich von st\u00e4ndigem Nachkauf und begr\u00fc\u00dfen Sie langanhaltenden Dampfgenuss! Die <strong>LED-Touchscreen-Schnittstelle<\/strong> gibt Ihnen die volle Kontrolle. \u00dcberwachen Sie <strong>Akkulaufzeit<\/strong>, <strong>als auch den F\u00fcllstand des E-Liquids<\/strong>und stellen Sie Ihren <strong>Luftstrom<\/strong> und <strong>Leistungsmodi<\/strong> ganz einfach ein. Genie\u00dfen Sie nahtloses Dampfen mit Technologie, die Ihnen zur Verf\u00fcgung steht.<\/p>\n<p>Dank <strong>Dual-Mesh-Coil-Technologie<\/strong>liefert jeder Zug au\u00dfergew\u00f6hnlichen Geschmack und dichten Dampf. Die BangBox 35000, gepaart mit dem 35-ml-E-Liquid-Tank, bietet eine gleichbleibende und geschmackvolle Leistung ohne h\u00e4ufiges Nachf\u00fcllen. Ausgestattet mit einem <strong>700mAh wiederaufladbare Batterie<\/strong> und ein <strong>Typ-C-Ladeanschluss<\/strong>sorgt die Bang Vape 35k f\u00fcr schnelles und effizientes Aufladen. Bleiben Sie den ganzen Tag \u00fcber mit Strom versorgt, egal ob zu Hause oder unterwegs.<\/p>\n<p>Die Bang Box 35000 Z\u00fcge bietet <strong>drei einstellbare Luftstrommodi<\/strong>, die Ihnen die Kontrolle \u00fcber Ihren Zug geben. Egal, ob Sie einen engeren oder offeneren Zug bevorzugen, dieses Ger\u00e4t passt sich mit nur einem Klick auf den Touchscreen Ihrem Stil an. <span style=\"font-size: 16px\">Mit einem Gewicht von nur <\/span><strong style=\"font-size: 16px\">105,5 g<\/strong><span style=\"font-size: 16px\">ist die Bang Box leicht und einfach zu transportieren. Perfekt f\u00fcr Gro\u00dfh\u00e4ndler, die <\/span><strong style=\"font-size: 16px\">Gro\u00dfverpackungsoptionen<\/strong><span style=\"font-size: 16px\"> machen dies zu einer ausgezeichneten Wahl f\u00fcr <\/span><strong style=\"font-size: 16px\">Gro\u00dfeink\u00e4ufe<\/strong><span style=\"font-size: 16px\"> zu unschlagbaren Preisen.<\/span><\/p>\n<\/div>\n<\/div>\n<\/div>\n<\/div>\n<\/div>\n<\/div>\n<div class=\"flex-shrink-0 flex flex-col relative items-end\">\n<div class=\"pt-0\">\n<div class=\"gizmo-bot-avatar flex h-8 w-8 items-center justify-center overflow-hidden rounded-full\">\n<p>&nbsp;<\/p>\n<\/div>\n<\/div>\n<\/div>\n<\/div>\n<\/div>\n<p><strong>Kontaktieren Sie Amy, um die richtige Antwort und einen Gutschein f\u00fcr E-Zigaretten zu erhalten!<\/strong><\/p>\n<p><img loading=\"lazy\" decoding=\"async\" class=\"size-full wp-image-1978\" src=\"https:\/\/rmvapesale.com\/wp-content\/uploads\/2024\/09\/Disposable-Vape-Wholesale.jpg\" alt=\"Einweg-Vape Gro\u00dfhandel\" width=\"229\" height=\"300\" \/><\/p>\n<h3><a href=\"https:\/\/wa.me\/8617776015835\" target=\"_blank\" rel=\"noopener\"><span style=\"color: #ff0000\"><strong>WhatsApp: +86 17776015835<\/strong><\/span><\/a><\/h3>\n<p>&nbsp;<\/p>\n<h2><strong style=\"font-size: 1.7em\">Bang Box 35000 Hauptmerkmale<\/strong><\/h2>\n<h3><\/h3>\n<ul>\n<li><strong>Zuganzahl<\/strong>: Bis zu 35.000 Z\u00fcge f\u00fcr l\u00e4ngeren Gebrauch<\/li>\n<li><strong>Digitalanzeige<\/strong>: Echtzeit\u00fcberwachung von Batterie und E-Liquid<\/li>\n<li><strong>E-Liquid-Kapazit\u00e4t<\/strong>: Gro\u00dfer 35-ml-vorgef\u00fcllter Tank<\/li>\n<li><strong>Spulensystem<\/strong>: Dual-Mesh-Spule f\u00fcr verbesserten Geschmack und Dampf<\/li>\n<li><strong>Akku<\/strong>: 700 mAh wiederaufladbar mit Typ-C-Ladung<\/li>\n<li><strong>Luftstrom<\/strong>: Drei anpassbare Modi f\u00fcr ein personalisiertes Erlebnis<\/li>\n<li><strong>Touchscreen<\/strong>: Intuitive Steuerung f\u00fcr Luftstrom und Leistungsmodi<\/li>\n<li><strong>Portabilit\u00e4t<\/strong>: Leichtes Design f\u00fcr das Dampfen unterwegs<\/li>\n<li><strong>Gro\u00dfhandelsf\u00e4hig<\/strong>: Gro\u00dfeinkaufsoptionen f\u00fcr kosteng\u00fcnstige Nachlieferung&nbsp;\n<p><img loading=\"lazy\" decoding=\"async\" class=\"wp-image-2940 size-full\" src=\"https:\/\/rmvapesale.com\/wp-content\/uploads\/2025\/01\/Bang-Vape-Disposable-Vapes-35000-Bulk-Buy.webp\" alt=\"Bang Vape Einweg-Vapes 35000 Massenkauf\" width=\"800\" height=\"496\" srcset=\"https:\/\/rmvapesale.com\/wp-content\/uploads\/2025\/01\/Bang-Vape-Disposable-Vapes-35000-Bulk-Buy.webp 800w, https:\/\/rmvapesale.com\/wp-content\/uploads\/2025\/01\/Bang-Vape-Disposable-Vapes-35000-Bulk-Buy-300x186.webp 300w, https:\/\/rmvapesale.com\/wp-content\/uploads\/2025\/01\/Bang-Vape-Disposable-Vapes-35000-Bulk-Buy-768x476.webp 768w, https:\/\/rmvapesale.com\/wp-content\/uploads\/2025\/01\/Bang-Vape-Disposable-Vapes-35000-Bulk-Buy-600x372.webp 600w\" sizes=\"auto, (max-width: 800px) 100vw, 800px\" \/><\/li>\n<\/ul>\n<h2><strong style=\"font-size: 1.7em\">Meistverkaufte Geschmacksrichtung f\u00fcr Bang Box 35k<\/strong><\/h2>\n<p>Dieser Bang Box 35000 Puffs Touchscreen wiederaufladbarer Einweg-Vape, erh\u00e4ltlich in Deutschland <strong>12 aufregenden Geschmacksrichtungen<\/strong>, bietet eine Vielzahl von Optionen, um unterschiedliche Geschm\u00e4cker zu befriedigen. Was ist die beste Geschmacksrichtung f\u00fcr die BangBOX 35K? Bitte finden Sie die meistverkaufte Geschmacksrichtung f\u00fcr diesen wiederaufladbaren Einweg-Vape basierend auf unseren Verkaufsdaten und Kundenfeedback.<\/p>\n<p>1.ERDBEERE KIWI<br \/>\n2.BLAUE HIMBEERE EIS <span style=\"color: #ff0000\"><strong>&gt;&gt;&gt;&gt; Hei\u00df!<\/strong><\/span><br \/>\n3.ERDBEER WASSERMELONE<span style=\"color: #ff0000\"><strong>&gt;&gt;&gt;&gt; Hei\u00df!<\/strong><\/span><br \/>\n4.PASSIONSFRUCHT<br \/>\n5.ZITRONEN-COLA-LIMONADE<br \/>\n6.WASSERMELONEN-EIS<br \/>\n7.WASSERMELONEN-KAUGUMMI<br \/>\n8.KIWI PASSIONSFRUCHT GUAVE<br \/>\n9.HEIDELBEER-EIS <strong> <span style=\"color: #ff0000\">&gt;&gt;&gt;&gt; Am besten!<\/span><\/strong><br \/>\n10.WASSERMELONE KIRSCH<br \/>\n11.RED BULL <span style=\"color: #ff0000\"><strong>&gt;&gt;&gt;&gt; Hei\u00df!<\/strong><\/span><br \/>\n12.MINZ GRAPEFRUIT <span style=\"color: #ff0000\"><strong>&gt;&gt;&gt;&gt; Hei\u00df!<\/strong><\/span><\/p>\n<h3><\/h3>\n<h4><strong>Warum Rmvapesale f\u00fcr die Bang Box 35000 Puff w\u00e4hlen\u00a0 <\/strong><strong>V<\/strong><strong>Gro\u00dfhandel<\/strong><strong>?<\/strong><\/h4>\n<div class=\"flex-shrink-0 flex flex-col relative items-end\">\n<div class=\"pt-0\">\n<div class=\"gizmo-bot-avatar flex h-8 w-8 items-center justify-center overflow-hidden rounded-full\">\n<div class=\"relative p-1 rounded-sm flex items-center justify-center bg-token-main-surface-primary text-token-text-primary h-8 w-8\">\n<p>Willkommen bei Rmvapesale, Ihrem vertrauensw\u00fcrdigen Vape-Shop f\u00fcr Premium Einweg-Vapes. Mit \u00fcber 5 Jahren Erfahrung bieten wir Ihnen beliebte Marken f\u00fcr Einweg-Vapes wie Al Fakher, <a href=\"https:\/\/rmvapesale.com\/de\/product-category\/bang-vapes\/\">Bang Vape<\/a>, Waspe, WGA Vape und<a href=\"https:\/\/rmvapesale.com\/de\/product-category\/randm-fumot-vape\/\"> RandM Vape<\/a>.<\/p>\n<p>Unser Sortiment umfasst beliebte Einweg-Vapes wie die <a href=\"https:\/\/rmvapesale.com\/de\/product\/randm-tornado-15000-puffs-vape-wholesale\/\">RandM Tornado 15000<\/a> und geschmacksreiche Optionen wie die <a href=\"https:\/\/rmvapesale.com\/de\/product\/bood-twins-46000-puff-digital-disposable-vape-bulk-buy-wholesale-price\/\">Bood Twins 46000<\/a>. Jedes Produkt wird mit Fokus auf Qualit\u00e4t, Wert und Vielfalt ausgew\u00e4hlt, um sicherzustellen, dass Sie die perfekte \u00dcbereinstimmung f\u00fcr Ihre Bed\u00fcrfnisse finden. Entdecken Sie au\u00dfergew\u00f6hnlichen Service und eine breite Palette an Top-Produkten bei Rmvapesale.<\/p>\n<p>&nbsp;<\/p>\n<h3><b style=\"font-size: 1.5em;font-style: inherit\">FAQs zur Bang Box 35000 <\/b><b style=\"font-size: 1.5em;font-style: inherit\">Wiederaufladbare Einweg-Vape<\/b><\/h3>\n<\/div>\n<h3><\/h3>\n<p><strong>1. Wie viele Z\u00fcge bietet die Bang Box 35000?<\/strong><\/p>\n<p>Die Bang Box bietet bis zu <strong>35.000 Z\u00fcgen<\/strong>, was sie ideal f\u00fcr eine lange Nutzungsdauer ohne h\u00e4ufiges Austauschen macht.<\/p>\n<p><strong>2. Kann ich die Bang Box 35000 aufladen?<\/strong><\/p>\n<p>Ja, sie verf\u00fcgt \u00fcber eine <strong>700mAh wiederaufladbare Batterie<\/strong> mit einem <strong>Typ-C-Anschluss<\/strong> f\u00fcr schnelles und bequemes Aufladen geliefert.<\/p>\n<p><strong>3. Welchen Vorteil bietet das digitale Display?<\/strong><\/p>\n<p>Der <strong>LED-Touchscreen-Display<\/strong> erm\u00f6glicht es Ihnen, die Akkulaufzeit, den E-Liquid-Stand zu \u00fcberwachen und den Luftstrom sowie die Leistungsmodi m\u00fchelos anzupassen.<\/p>\n<p><strong>4. Kann ich den Luftstrom anpassen?<\/strong><\/p>\n<p>Absolut! Die Bang Box wird mit <strong>drei einstellbare Luftstrommodi<\/strong>, was Ihnen die volle Kontrolle \u00fcber Ihr Dampferlebnis gibt.<\/p>\n<p><strong>5. Wo kann ich die Bang Box 35000 zu Gro\u00dfhandelspreisen kaufen?<\/strong><\/p>\n<p>Sie finden die <strong>Bang Box 35000 Z\u00fcge<\/strong> zu wettbewerbsf\u00e4higen <strong>Gro\u00dfhandelspreise<\/strong> on <a href=\"https:\/\/rmvapesale.com\/de\/\" target=\"_new\" rel=\"noopener\">Rmvapesale Online-Vape-Shop<\/a>. Kaufen Sie jetzt ein, um die besten Angebote zu erhalten!<\/p>\n<p><img loading=\"lazy\" decoding=\"async\" class=\"wp-image-2941 size-full\" src=\"https:\/\/rmvapesale.com\/wp-content\/uploads\/2025\/01\/Bang-Vape-Screen-Disposable-Vape-35000-Puffs.webp\" alt=\"Bang Vape Bildschirm Einweg-Vape 35000 Z\u00fcge\" width=\"800\" height=\"558\" srcset=\"https:\/\/rmvapesale.com\/wp-content\/uploads\/2025\/01\/Bang-Vape-Screen-Disposable-Vape-35000-Puffs.webp 800w, https:\/\/rmvapesale.com\/wp-content\/uploads\/2025\/01\/Bang-Vape-Screen-Disposable-Vape-35000-Puffs-300x209.webp 300w, https:\/\/rmvapesale.com\/wp-content\/uploads\/2025\/01\/Bang-Vape-Screen-Disposable-Vape-35000-Puffs-768x536.webp 768w, https:\/\/rmvapesale.com\/wp-content\/uploads\/2025\/01\/Bang-Vape-Screen-Disposable-Vape-35000-Puffs-600x419.webp 600w\" sizes=\"auto, (max-width: 800px) 100vw, 800px\" \/><\/p>\n<\/div>\n<\/div>\n<\/div>\n<h3>Zum Versand<\/h3>\n<div class=\"flex-shrink-0 flex flex-col relative items-end\">\n<div>\n<div class=\"pt-0\">\n<div class=\"gizmo-bot-avatar flex h-8 w-8 items-center justify-center overflow-hidden rounded-full\">\n<div><\/div>\n<div class=\"relative p-1 rounded-sm flex items-center justify-center bg-token-main-surface-primary text-token-text-primary h-8 w-8\"><strong>1. Welche Versandmethoden werden verwendet?<\/strong><\/div>\n<\/div>\n<\/div>\n<\/div>\n<\/div>\n<div class=\"group\/conversation-turn relative flex w-full min-w-0 flex-col agent-turn\">\n<div class=\"flex-col gap-1 md:gap-3\">\n<div class=\"flex max-w-full flex-col flex-grow\">\n<div class=\"min-h-[20px] text-message flex w-full flex-col items-end gap-2 whitespace-normal break-words [.text-message+&amp;]:mt-5 overflow-x-auto\" dir=\"auto\" data-message-author-role=\"assistant\" data-message-id=\"22f8283b-3233-46ff-89a5-c7a41b33abda\">\n<div class=\"flex w-full flex-col gap-1 empty:hidden first:pt-[3px]\">\n<div class=\"markdown prose w-full break-words dark:prose-invert light\">\n<p>Wir arbeiten mit UPS, DHL, FedEx, DPD und anderen f\u00fchrenden Transportunternehmen zusammen. Wir w\u00e4hlen die beste Versandmethode basierend auf Ihrem Lieferort aus, um sicherzustellen, dass Sie Ihre Produkte so schnell wie m\u00f6glich erhalten.<\/p>\n<\/div>\n<p><strong>2. Wie lange dauert es, bis die Lieferung ankommt?<\/strong><\/p>\n<p>Pakete, die nach Deutschland versandt werden, kommen normalerweise innerhalb von 10 Werktagen an. Der Versand in europ\u00e4ische L\u00e4nder dauert in der Regel etwa 12-15 Werktage. Wir werden Ihnen Echtzeit-Updates zu Ihrem Versandstatus bereitstellen.<\/p>\n<\/div>\n<\/div>\n<\/div>\n<\/div>\n<\/div>\n<p><strong><span style=\"color: #ff0000\">Andere beliebte Einweg-Vapes: <a href=\"https:\/\/rmvapesale.com\/de\/product\/vopk-ultra-40000-puffs-double-taste-digital-screen-spaceman-disposable-vape-wholesale\/\">VOPK 40000 40K Zug<\/a>, <a href=\"https:\/\/rmvapesale.com\/de\/product\/bang-vape-36000-puffs-rechargeable-disposable-vape-wholesale-price\/\">Bang Vape 36k,\u00a0<\/a><\/span><\/strong><\/p>\n<p>&nbsp;<\/p>\n<p>Finden Sie weitere Vape-Produkte, die Ihnen gefallen k\u00f6nnten:<strong><em><a href=\"https:\/\/rmvapesale.com\/de\/shop-2\/\">jetzt einkaufen &gt;&gt;&gt;<\/a><\/em><\/strong><\/p>","protected":false},"excerpt":{"rendered":"<p>Neue Bang Box 35k 35000 Z\u00fcge Touch-Steuerung Zwei-Leistungs-Modi<br \/>\nBang Box 35000 Z\u00fcge Touch-Steuerung Einweg-Vape Gro\u00dfhandel<br \/>\nBang Box 35k Z\u00fcge Touch-Steuerung Vape Gro\u00dfhandel G\u00fcnstiger Preis<\/p>\n<p><strong>Kontaktieren Sie Amy, um die richtige Antwort und einen Gutschein f\u00fcr E-Zigaretten zu erhalten!<\/strong><\/p>\n<p><img loading=\"lazy\" decoding=\"async\" class=\"size-full wp-image-2375\" src=\"https:\/\/rmvapesale.com\/wp-content\/uploads\/2024\/10\/image.png\" alt=\"Bester Einweg-Vape\" width=\"229\" height=\"300\" \/><\/p>\n<h3><a href=\"https:\/\/wa.me\/8617776015835\"><span style=\"color: #ff0000\"><strong>WhatsApp: +86 17776015835<\/strong><\/span><\/a><\/h3>\n<p>&nbsp;<\/p>","protected":false},"featured_media":2934,"comment_status":"open","ping_status":"closed","template":"","meta":{"_uag_custom_page_level_css":"","_lmt_disableupdate":"no","_lmt_disable":"","site-sidebar-layout":"default","site-content-layout":"content-boxed-container","ast-site-content-layout":"normal-width-container","site-content-style":"boxed","site-sidebar-style":"unboxed","ast-global-header-display":"","ast-banner-title-visibility":"","ast-main-header-display":"","ast-hfb-above-header-display":"","ast-hfb-below-header-display":"","ast-hfb-mobile-header-display":"","site-post-title":"","ast-breadcrumbs-content":"","ast-featured-img":"","footer-sml-layout":"","theme-transparent-header-meta":"default","adv-header-id-meta":"","stick-header-meta":"","header-above-stick-meta":"","header-main-stick-meta":"","header-below-stick-meta":"","astra-migrate-meta-layouts":"set","ast-page-background-enabled":"default","ast-page-background-meta":{"desktop":{"background-color":"var(--ast-global-color-4)","background-image":"","background-repeat":"repeat","background-position":"center center","background-size":"auto","background-attachment":"scroll","background-type":"","background-media":"","overlay-type":"","overlay-color":"","overlay-opacity":"","overlay-gradient":""},"tablet":{"background-color":"","background-image":"","background-repeat":"repeat","background-position":"center center","background-size":"auto","background-attachment":"scroll","background-type":"","background-media":"","overlay-type":"","overlay-color":"","overlay-opacity":"","overlay-gradient":""},"mobile":{"background-color":"","background-image":"","background-repeat":"repeat","background-position":"center center","background-size":"auto","background-attachment":"scroll","background-type":"","background-media":"","overlay-type":"","overlay-color":"","overlay-opacity":"","overlay-gradient":""}},"ast-content-background-meta":{"desktop":{"background-color":"var(--ast-global-color-5)","background-image":"","background-repeat":"repeat","background-position":"center center","background-size":"auto","background-attachment":"scroll","background-type":"","background-media":"","overlay-type":"","overlay-color":"","overlay-opacity":"","overlay-gradient":""},"tablet":{"background-color":"var(--ast-global-color-5)","background-image":"","background-repeat":"repeat","background-position":"center center","background-size":"auto","background-attachment":"scroll","background-type":"","background-media":"","overlay-type":"","overlay-color":"","overlay-opacity":"","overlay-gradient":""},"mobile":{"background-color":"var(--ast-global-color-5)","background-image":"","background-repeat":"repeat","background-position":"center center","background-size":"auto","background-attachment":"scroll","background-type":"","background-media":"","overlay-type":"","overlay-color":"","overlay-opacity":"","overlay-gradient":""}},"_joinchat":[]},"product_brand":[],"product_cat":[15,246,25,123,26,28,135,27,60,137,136,30],"product_tag":[267,199,146,131,40,111,266],"class_list":{"0":"post-2913","1":"product","2":"type-product","3":"status-publish","4":"has-post-thumbnail","6":"product_cat-new-vape-this-week","7":"product_cat-35000-puffs-disposable-vape","8":"product_cat-germany-best-selling-vape","9":"product_cat-italy-wholesale-vape","10":"product_cat-netherlands-hot-sale-vape","11":"product_cat-poland-hot-sale-vape","12":"product_cat-spain-best-hot-sale-vape","13":"product_cat-fance-hot-sale-vape","14":"product_cat-bang-vapes","15":"product_cat-rechargeable-vapes","16":"product_cat-smart-screen-vapes","17":"product_cat-minimum-order-quantity-50pcs","18":"product_tag-bang-box-35k","19":"product_tag-bang-vape","20":"product_tag-best-hot-sale-vape","21":"product_tag-big-puff-vape","22":"product_tag-hot-sale-vape","23":"product_tag-low-nicotine-disposable-vape","24":"product_tag-touch-screen-rechargeable-disposable-vape","25":"desktop-align-left","26":"tablet-align-left","27":"mobile-align-left","29":"first","30":"instock","31":"sale","32":"shipping-taxable","33":"purchasable","34":"product-type-simple"},"uagb_featured_image_src":{"full":["https:\/\/rmvapesale.com\/wp-content\/uploads\/2025\/01\/Bang-Box-Vape-35000-Puffs-Disposable-Vape-Bulk-Buy.webp",800,800,false],"thumbnail":["https:\/\/rmvapesale.com\/wp-content\/uploads\/2025\/01\/Bang-Box-Vape-35000-Puffs-Disposable-Vape-Bulk-Buy-150x150.webp",150,150,true],"medium":["https:\/\/rmvapesale.com\/wp-content\/uploads\/2025\/01\/Bang-Box-Vape-35000-Puffs-Disposable-Vape-Bulk-Buy-300x300.webp",300,300,true],"medium_large":["https:\/\/rmvapesale.com\/wp-content\/uploads\/2025\/01\/Bang-Box-Vape-35000-Puffs-Disposable-Vape-Bulk-Buy-768x768.webp",768,768,true],"large":["https:\/\/rmvapesale.com\/wp-content\/uploads\/2025\/01\/Bang-Box-Vape-35000-Puffs-Disposable-Vape-Bulk-Buy.webp",800,800,false],"1536x1536":["https:\/\/rmvapesale.com\/wp-content\/uploads\/2025\/01\/Bang-Box-Vape-35000-Puffs-Disposable-Vape-Bulk-Buy.webp",800,800,false],"2048x2048":["https:\/\/rmvapesale.com\/wp-content\/uploads\/2025\/01\/Bang-Box-Vape-35000-Puffs-Disposable-Vape-Bulk-Buy.webp",800,800,false],"trp-custom-language-flag":["https:\/\/rmvapesale.com\/wp-content\/uploads\/2025\/01\/Bang-Box-Vape-35000-Puffs-Disposable-Vape-Bulk-Buy.webp",12,12,false],"woocommerce_thumbnail":["https:\/\/rmvapesale.com\/wp-content\/uploads\/2025\/01\/Bang-Box-Vape-35000-Puffs-Disposable-Vape-Bulk-Buy-300x300.webp",300,300,true],"woocommerce_single":["https:\/\/rmvapesale.com\/wp-content\/uploads\/2025\/01\/Bang-Box-Vape-35000-Puffs-Disposable-Vape-Bulk-Buy-600x600.webp",600,600,true],"woocommerce_gallery_thumbnail":["https:\/\/rmvapesale.com\/wp-content\/uploads\/2025\/01\/Bang-Box-Vape-35000-Puffs-Disposable-Vape-Bulk-Buy-100x100.webp",100,100,true],"wcpr-photo-reviews":["https:\/\/rmvapesale.com\/wp-content\/uploads\/2025\/01\/Bang-Box-Vape-35000-Puffs-Disposable-Vape-Bulk-Buy.webp",500,500,false]},"uagb_author_info":{"display_name":"AMY","author_link":"https:\/\/rmvapesale.com\/de\/author\/"},"uagb_comment_info":0,"uagb_excerpt":"New Bang box 35k 35000 Puffs Touch Control Two Power Mode Bang Box 35000 Puffs Touch Control Disposable Vape Wholesale Bang box 35k Puffs Touch Control Vape Bulk Buy Cheap Price Contact Amy to get right reply and vape coupon! WhatsApp: +86 17776015835 &nbsp;","_links":{"self":[{"href":"https:\/\/rmvapesale.com\/de\/wp-json\/wp\/v2\/product\/2913","targetHints":{"allow":["GET"]}}],"collection":[{"href":"https:\/\/rmvapesale.com\/de\/wp-json\/wp\/v2\/product"}],"about":[{"href":"https:\/\/rmvapesale.com\/de\/wp-json\/wp\/v2\/types\/product"}],"replies":[{"embeddable":true,"href":"https:\/\/rmvapesale.com\/de\/wp-json\/wp\/v2\/comments?post=2913"}],"wp:featuredmedia":[{"embeddable":true,"href":"https:\/\/rmvapesale.com\/de\/wp-json\/wp\/v2\/media\/2934"}],"wp:attachment":[{"href":"https:\/\/rmvapesale.com\/de\/wp-json\/wp\/v2\/media?parent=2913"}],"wp:term":[{"taxonomy":"product_brand","embeddable":true,"href":"https:\/\/rmvapesale.com\/de\/wp-json\/wp\/v2\/product_brand?post=2913"},{"taxonomy":"product_cat","embeddable":true,"href":"https:\/\/rmvapesale.com\/de\/wp-json\/wp\/v2\/product_cat?post=2913"},{"taxonomy":"product_tag","embeddable":true,"href":"https:\/\/rmvapesale.com\/de\/wp-json\/wp\/v2\/product_tag?post=2913"}],"curies":[{"name":"wp","href":"https:\/\/api.w.org\/{rel}","templated":true}]}}