{"id":2955,"date":"2025-01-13T06:29:57","date_gmt":"2025-01-13T06:29:57","guid":{"rendered":"https:\/\/rmvapesale.com\/?post_type=product&#038;p=2955"},"modified":"2025-01-13T07:21:49","modified_gmt":"2025-01-13T07:21:49","slug":"bangking-35000-puffs-double-flavour-disposable-vape-wholesale-cheap-price","status":"publish","type":"product","link":"https:\/\/rmvapesale.com\/de\/product\/bangking-35000-puffs-double-flavour-disposable-vape-wholesale-cheap-price\/","title":{"rendered":"Bangking 35000 Puffs Doppel-Geschmack Einweg-Vape Gro\u00dfhandel G\u00fcnstiger Preis"},"content":{"rendered":"<div class=\"B2VR9 CJHX3e\">\n<div class=\"wyccme\">\n<div class=\"flex-shrink-0 flex flex-col relative items-end\">\n<div class=\"pt-0\">\n<div class=\"gizmo-bot-avatar flex h-8 w-8 items-center justify-center overflow-hidden rounded-full\">\n<div class=\"relative p-1 rounded-sm flex items-center justify-center bg-token-main-surface-primary text-token-text-primary h-8 w-8\">\n<div class=\"flex-shrink-0 flex flex-col relative items-end\">\n<div class=\"pt-0\">\n<div class=\"gizmo-bot-avatar flex h-8 w-8 items-center justify-center overflow-hidden rounded-full\">\n<h1 class=\"relative p-1 rounded-sm flex items-center justify-center bg-token-main-surface-primary text-token-text-primary h-8 w-8\">Bangking 35000 Puffs Doppel-Geschmack Einweg-Vape Gro\u00dfhandel G\u00fcnstiger Preis<\/h1>\n<\/div>\n<\/div>\n<\/div>\n<\/div>\n<\/div>\n<\/div>\n<\/div>\n<div class=\"group\/conversation-turn relative flex w-full min-w-0 flex-col agent-turn\">\n<div class=\"flex-col gap-1 md:gap-3\">\n<div class=\"flex max-w-full flex-col flex-grow\">\n<div class=\"min-h-8 text-message flex w-full flex-col items-end gap-2 whitespace-normal break-words text-start [.text-message+&amp;]:mt-5\" dir=\"auto\" data-message-author-role=\"assistant\" data-message-id=\"80ece0c4-ead1-4ed9-a9f0-ddc22582b4f4\" data-message-model-slug=\"gpt-4o\">\n<p>Sie suchen einen Vape, der mit Ihrem Lebensstil Schritt h\u00e4lt? Sagen Sie Hallo zum <strong>Bangking 35000 Z\u00fcge Doppelgeschmack Einweg-Vape<\/strong>\u2014ein echter Game-Changer in der Welt der Einweg-Vapes! Dieses Ger\u00e4t bietet Ihnen <strong>massive Z\u00fcge<\/strong>, <strong>zwei unglaubliche Geschmacksrichtungen in einem<\/strong>, und <strong>anpassbare Nikotinwerte<\/strong>. Alles zu einem Preis, der Ihr Budget nicht sprengt!<\/p>\n<h2><strong>Warum Bangking 35000 Z\u00fcge w\u00e4hlen?<\/strong><\/h2>\n<ul>\n<li><strong>Doppelter Geschmack, doppelter Spa\u00df<\/strong><br \/>\nSind Sie es leid, sich an nur eine Geschmacksrichtung zu halten? Mit der <strong>2-in-1-Geschmacks-Technologie<\/strong>k\u00f6nnen Sie in einem Ger\u00e4t zwischen zwei k\u00f6stlichen Optionen wechseln. Es ist, als h\u00e4tten Sie zwei Vapes in Ihrer Tasche!<\/li>\n<li><strong>Un\u00fcbertroffene Zugzahl<\/strong><br \/>\nMit <strong>35.000 Z\u00fcgen<\/strong>, dieser Vape ist f\u00fcr eine lange Lebensdauer ausgelegt. Das ist nicht nur eine Menge Z\u00fcge \u2013 es ist eine ganze Menge Wert!<\/li>\n<li><strong>Wiederaufladbare Bequemlichkeit<\/strong><br \/>\nEin eingebauter <strong>650mAh Batterie<\/strong> und <strong>Typ-C-Ladeanschluss<\/strong> bedeutet, dass Sie nie im Stich gelassen werden. Laden Sie es schnell auf und dampfen Sie weiter!<\/li>\n<li><strong>Nikotin nach Ihren W\u00fcnschen<\/strong><br \/>\nEgal, ob Sie es stark m\u00f6gen oder eine leichtere Ber\u00fchrung bevorzugen, der Bangking bietet <strong>0%, 2% und 5% Nikotinoptionen<\/strong>. Es geht ganz um Ihre Wahl.<\/li>\n<li><strong>Geschmacksrichtungen, die knallen<\/strong><br \/>\nVon fruchtigen Fusionen bis zu erfrischenden Minzst\u00f6\u00dfen gibt es <strong>12 erstaunliche Geschmacksrichtungen<\/strong> zu entdecken. Hier gibt es keine langweiligen Optionen!<\/li>\n<\/ul>\n<\/div>\n<\/div>\n<\/div>\n<\/div>\n<div class=\"flex-shrink-0 flex flex-col relative items-end\">\n<div class=\"pt-0\">\n<div class=\"gizmo-bot-avatar flex h-8 w-8 items-center justify-center overflow-hidden rounded-full\">\n<p>&nbsp;<\/p>\n<\/div>\n<\/div>\n<\/div>\n<\/div>\n<\/div>\n<p><strong>Kontaktieren Sie Amy, um die richtige Antwort und einen Gutschein f\u00fcr E-Zigaretten zu erhalten!<\/strong><\/p>\n<p><img loading=\"lazy\" decoding=\"async\" class=\"size-full wp-image-1978\" src=\"https:\/\/rmvapesale.com\/wp-content\/uploads\/2024\/09\/Disposable-Vape-Wholesale.jpg\" alt=\"Einweg-Vape Gro\u00dfhandel\" width=\"229\" height=\"300\" \/><\/p>\n<h3><a href=\"https:\/\/wa.me\/8617776015835\" target=\"_blank\" rel=\"noopener\"><span style=\"color: #ff0000\"><strong>WhatsApp: +86 17776015835<\/strong><\/span><\/a><\/h3>\n<p>&nbsp;<\/p>\n<h3><strong style=\"font-size: 1.7em\">Bangking 35000 Puffs Hauptproduktmerkmale<\/strong><\/h3>\n<ul>\n<li><strong>2-in-1-Geschmacksdesign:<\/strong> Genie\u00dfen Sie doppelte Geschmacksrichtungen in einem Ger\u00e4t.<\/li>\n<li><strong>35.000 Z\u00fcge:<\/strong> Dampfen, das lange, lange h\u00e4lt!<\/li>\n<li><strong>Individuelle Nikotinst\u00e4rken:<\/strong> W\u00e4hlen Sie aus 0%, 2% oder 5%.<\/li>\n<li><strong>Wiederaufladbarer Akku:<\/strong> Typ-C-Laden f\u00fcr ultimativen Komfort.<\/li>\n<li><strong>Erschwinglicher Gro\u00dfhandelspreis:<\/strong> Ideal f\u00fcr den pers\u00f6nlichen Gebrauch oder Gro\u00dfeink\u00e4ufe.<\/li>\n<\/ul>\n<h3><strong style=\"font-size: 1.7em\">Top-Verkaufsgeschmack f\u00fcr Bangking 35000 Puffs<\/strong><strong style=\"font-size: 1.7em\">\u00a0Vape<\/strong><\/h3>\n<p>Der <strong>Bangking 35000 Puffs Einweg-Vape mit zwei Geschmacksrichtungen<\/strong> bietet eine k\u00fchne und aufregende Auswahl an Geschmackskombinationen, sodass Sie zwei unglaubliche Geschmacksrichtungen in einem Ger\u00e4t genie\u00dfen k\u00f6nnen. Von fruchtigen Favoriten bis hin zu eiskalten Mischungen ist f\u00fcr jeden etwas dabei! <strong>Was macht diese Geschmacksrichtungen so besonders? <\/strong><strong>Doppelter Genuss<\/strong>: Genie\u00dfen Sie zwei unterschiedliche Geschmacksrichtungen in einem einzigen Ger\u00e4t. <strong>Hei\u00dfe und meistverkaufte Geschmacksrichtungen<\/strong>: Kombinationen wie <strong>Kirschbombe + Traube-Eis<\/strong> und <strong>Red Bull + Pfirsich-Beere<\/strong> sind nicht ohne Grund Fan-Favoriten!<\/p>\n<p>1.Blaue Himbeere Eis + Saftiger Pfirsich Eis<br \/>\n2.Erdbeer Wassermelone + Wassermelone Eis <span style=\"color: #ff0000\"><strong>&gt;&gt;&gt;&gt; Hei\u00df!<\/strong><\/span><br \/>\n3.Erdbeer Banane + Doppel Apfel<br \/>\n4.Dreifach Beere Eis + Tropische Fr\u00fcchte<br \/>\n5.Kirschbombe + Traube Eis<span style=\"color: #ff0000\"><strong>&gt;&gt;&gt;&gt; Hei\u00df!<\/strong><\/span><br \/>\n6.Pfirsich Mango + Erdbeer Mango<br \/>\n7.Mango Limette + K\u00fchle Minze<br \/>\n8.Kirsch Pop + Mr. Blau<br \/>\n9.Schwarzer Drache Eis + Erdbeer Kiwi<br \/>\n10.Red Bull + Pfirsich Beere <span style=\"color: #ff0000\"><strong>&gt;&gt;&gt;&gt; Am besten!<\/strong><\/span><br \/>\n11.Pinke Zitrone + Mr. Blau<br \/>\n12.Kiwi Passionsfrucht Guave + Blaue Kirsch Zitrone<\/p>\n<p>&nbsp;<\/p>\n<h3><strong>Warum Rmvapesale f\u00fcr Bangking 35000 Puffs w\u00e4hlen\u00a0 <\/strong><strong>V<\/strong><strong>Gro\u00dfhandel<\/strong><strong>?<\/strong><\/h3>\n<div class=\"flex-shrink-0 flex flex-col relative items-end\">\n<div class=\"pt-0\">\n<div class=\"gizmo-bot-avatar flex h-8 w-8 items-center justify-center overflow-hidden rounded-full\">\n<p>Da der Wettbewerb auf dem Markt f\u00fcr Einweg-E-Zigaretten zunimmt, hat Rmvapesale, ein weltweit f\u00fchrendes Unternehmen f\u00fcr Gro\u00dfhandelsl\u00f6sungen f\u00fcr Einweg-Vapes mit Sitz in Deutschland, die wiederaufladbare Einweg-Vape Bang Box 30000 30k Puffs Double Taste auf den Markt gebracht. Dieses bahnbrechende Produkt erregt Aufmerksamkeit mit seinem einzigartigen \u00e4sthetischen und modischen Design. Mit einer umfangreichen Auswahl an fruchtigen Geschmacksrichtungen bedient es ein breites Spektrum an Verbrauchergeschm\u00e4ckern und betont gleichzeitig Innovation und Vielseitigkeit.<\/p>\n<p class=\"relative p-1 rounded-sm flex items-center justify-center bg-token-main-surface-primary text-token-text-primary h-8 w-8\">Rmvapesale ist Ihr vertrauensw\u00fcrdiger Vape-Shop f\u00fcr hochwertige Einweg-Vapes. Mit mehr als 5 Jahren Erfahrung bieten wir Ihnen beliebte Einweg-Vape-Marken wie Al Fakher, JNR Vape, Vapsolo Vape, Vapme Vape, <a href=\"https:\/\/rmvapesale.com\/de\/product-category\/bang-vapes\/\">Bang Vape<\/a>, Waspe Vape, WGA Vape und<a href=\"https:\/\/rmvapesale.com\/de\/product-category\/randm-fumot-vape\/\"> RandM Vape<\/a>. Unser Sortiment umfasst hei\u00df verkaufte Einweg-Vapes wie den <a href=\"https:\/\/rmvapesale.com\/de\/product\/aivono-aim-flash-35000-puffs-curved-smart-screen-disposable-vape-wholesale\/\">AIVONO Flash 35000 Puffs<\/a> und geschmacksreiche Optionen wie die<a href=\"https:\/\/rmvapesale.com\/de\/product\/crystal-vape-uwin-shisha-hookah-20k-20000-puffs-wholesale-best-price\/\"> UWIN Shisha Hoohak 20000<\/a>. Jedes Produkt wird mit Fokus auf Qualit\u00e4t, Wert und Vielfalt ausgew\u00e4hlt, um sicherzustellen, dass Sie die perfekte \u00dcbereinstimmung f\u00fcr Ihre Bed\u00fcrfnisse finden. Entdecken Sie au\u00dfergew\u00f6hnlichen Service und eine breite Palette an Top-Produkten bei Rmvapesale.<\/p>\n<p>&nbsp;<\/p>\n<p class=\"relative p-1 rounded-sm flex items-center justify-center bg-token-main-surface-primary text-token-text-primary h-8 w-8\"><b style=\"font-size: 1.5em;font-style: inherit\">FAQs zu Bangking 35000 Puffs <\/b><b style=\"font-size: 1.5em;font-style: inherit\">Wiederaufladbare Einweg-Vape<\/b><\/p>\n<ol>\n<li><strong>Kann man Einweg-Vapes mit ins Flugzeug nehmen?<\/strong><br \/>\nJa! Packen Sie Ihren Vape in Ihr Handgep\u00e4ck. \u00dcberpr\u00fcfen Sie einfach die Regeln der Fluggesellschaft.<\/li>\n<li><strong>Wie wechselt man zwischen den Geschmacksrichtungen?<\/strong><br \/>\nEs gibt einen einfachen Umschalter am Ger\u00e4t \u2013 umlegen und schon haben Sie einen neuen Geschmack!<\/li>\n<li><strong>Woran erkennt man, dass der Bang King 35000 Vape leer ist?<\/strong><br \/>\nSie werden weniger Dampf oder Geschmack bemerken. Wenn eine Pod-Patrone leer ist, wechseln Sie zur zweiten Geschmacksrichtung!<\/li>\n<li><strong>Wie lade ich den Bang King 35K auf?<\/strong><br \/>\nVerwenden Sie das mitgelieferte <strong>Type-C-Kabel<\/strong> um den 650-mAh-Akku aufzuladen. Es ist schnell und einfach!<\/li>\n<li><strong>Wo kann man Einweg-Vapes zum g\u00fcnstigen Gro\u00dfhandelspreis kaufen?<\/strong><br \/>\nHolen Sie sich Ihre in Ihrem \u00f6rtlichen Gesch\u00e4ft oder besuchen Sie Rmvapesale,<strong>\u00a0den Online-Vape-Shop<\/strong> f\u00fcr die besten Gro\u00dfhandelspreise.<\/li>\n<li><strong>Welche Nikotinst\u00e4rken sind f\u00fcr Bang King 35000 Puff verf\u00fcgbar?<\/strong><br \/>\nW\u00e4hlen Sie Ihre bevorzugte St\u00e4rke\u2014<strong>0%, 2% oder 5%<\/strong>\u2014wenn Sie Ihr Ger\u00e4t kaufen.<\/li>\n<\/ol>\n<\/div>\n<\/div>\n<\/div>\n<h3>Zum Versand<\/h3>\n<div class=\"flex-shrink-0 flex flex-col relative items-end\">\n<div>\n<div class=\"pt-0\">\n<div class=\"gizmo-bot-avatar flex h-8 w-8 items-center justify-center overflow-hidden rounded-full\">\n<div><\/div>\n<div class=\"relative p-1 rounded-sm flex items-center justify-center bg-token-main-surface-primary text-token-text-primary h-8 w-8\"><strong>1. Welche Versandmethoden werden verwendet?<\/strong><\/div>\n<\/div>\n<\/div>\n<\/div>\n<\/div>\n<div class=\"group\/conversation-turn relative flex w-full min-w-0 flex-col agent-turn\">\n<div class=\"flex-col gap-1 md:gap-3\">\n<div class=\"flex max-w-full flex-col flex-grow\">\n<div class=\"min-h-[20px] text-message flex w-full flex-col items-end gap-2 whitespace-normal break-words [.text-message+&amp;]:mt-5 overflow-x-auto\" dir=\"auto\" data-message-author-role=\"assistant\" data-message-id=\"22f8283b-3233-46ff-89a5-c7a41b33abda\">\n<div class=\"flex w-full flex-col gap-1 empty:hidden first:pt-[3px]\">\n<div class=\"markdown prose w-full break-words dark:prose-invert light\">\n<p>Wir arbeiten mit UPS, DHL, FedEx, DPD und anderen f\u00fchrenden Transportunternehmen zusammen. Wir w\u00e4hlen die beste Versandmethode basierend auf Ihrem Lieferort aus, um sicherzustellen, dass Sie Ihre Produkte so schnell wie m\u00f6glich erhalten.<\/p>\n<\/div>\n<p><strong>2. Wie lange dauert es, bis die Lieferung ankommt?<\/strong><\/p>\n<p>Pakete, die nach Deutschland versandt werden, kommen normalerweise innerhalb von 10 Werktagen an. Der Versand in europ\u00e4ische L\u00e4nder dauert in der Regel etwa 12-15 Werktage. Wir werden Ihnen Echtzeit-Updates zu Ihrem Versandstatus bereitstellen.<\/p>\n<\/div>\n<\/div>\n<\/div>\n<\/div>\n<\/div>\n<p>&nbsp;<\/p>\n<p>Finden Sie weitere Vape-Produkte, die Ihnen gefallen k\u00f6nnten:<strong><em><a href=\"https:\/\/rmvapesale.com\/de\/shop-2\/\">jetzt einkaufen &gt;&gt;&gt;<\/a><\/em><\/strong><\/p>","protected":false},"excerpt":{"rendered":"<p>Neueste Bang King 35K Zug Wiederaufladbare Einweg-Vape<br \/>\nBang King 35000 Dual-Geschmacks Einweg-Vape Gro\u00dfpackung<br \/>\nBang King 35000 Z\u00fcge Smart Screen Gro\u00dfhandel Einweg<\/p>\n<p><strong>Kontaktieren Sie Amy, um die richtige Antwort und einen Gutschein f\u00fcr E-Zigaretten zu erhalten!<\/strong><\/p>\n<p><img loading=\"lazy\" decoding=\"async\" class=\"size-full wp-image-2375\" src=\"https:\/\/rmvapesale.com\/wp-content\/uploads\/2024\/10\/image.png\" alt=\"Bester Einweg-Vape\" width=\"229\" height=\"300\" \/><\/p>\n<h3><a href=\"https:\/\/wa.me\/8617776015835\"><span style=\"color: #ff0000\"><strong>WhatsApp: +86 17776015835<\/strong><\/span><\/a><\/h3>\n<p>&nbsp;<\/p>","protected":false},"featured_media":2952,"comment_status":"open","ping_status":"closed","template":"","meta":{"_uag_custom_page_level_css":"","_lmt_disableupdate":"no","_lmt_disable":"","site-sidebar-layout":"default","site-content-layout":"content-boxed-container","ast-site-content-layout":"normal-width-container","site-content-style":"boxed","site-sidebar-style":"unboxed","ast-global-header-display":"","ast-banner-title-visibility":"","ast-main-header-display":"","ast-hfb-above-header-display":"","ast-hfb-below-header-display":"","ast-hfb-mobile-header-display":"","site-post-title":"","ast-breadcrumbs-content":"","ast-featured-img":"","footer-sml-layout":"","theme-transparent-header-meta":"default","adv-header-id-meta":"","stick-header-meta":"","header-above-stick-meta":"","header-main-stick-meta":"","header-below-stick-meta":"","astra-migrate-meta-layouts":"set","ast-page-background-enabled":"default","ast-page-background-meta":{"desktop":{"background-color":"var(--ast-global-color-4)","background-image":"","background-repeat":"repeat","background-position":"center center","background-size":"auto","background-attachment":"scroll","background-type":"","background-media":"","overlay-type":"","overlay-color":"","overlay-opacity":"","overlay-gradient":""},"tablet":{"background-color":"","background-image":"","background-repeat":"repeat","background-position":"center center","background-size":"auto","background-attachment":"scroll","background-type":"","background-media":"","overlay-type":"","overlay-color":"","overlay-opacity":"","overlay-gradient":""},"mobile":{"background-color":"","background-image":"","background-repeat":"repeat","background-position":"center center","background-size":"auto","background-attachment":"scroll","background-type":"","background-media":"","overlay-type":"","overlay-color":"","overlay-opacity":"","overlay-gradient":""}},"ast-content-background-meta":{"desktop":{"background-color":"var(--ast-global-color-5)","background-image":"","background-repeat":"repeat","background-position":"center center","background-size":"auto","background-attachment":"scroll","background-type":"","background-media":"","overlay-type":"","overlay-color":"","overlay-opacity":"","overlay-gradient":""},"tablet":{"background-color":"var(--ast-global-color-5)","background-image":"","background-repeat":"repeat","background-position":"center center","background-size":"auto","background-attachment":"scroll","background-type":"","background-media":"","overlay-type":"","overlay-color":"","overlay-opacity":"","overlay-gradient":""},"mobile":{"background-color":"var(--ast-global-color-5)","background-image":"","background-repeat":"repeat","background-position":"center center","background-size":"auto","background-attachment":"scroll","background-type":"","background-media":"","overlay-type":"","overlay-color":"","overlay-opacity":"","overlay-gradient":""}},"_joinchat":[]},"product_brand":[],"product_cat":[15,246,25,123,26,28,135,27,60,137,136,30],"product_tag":[199,270,146,222,64,40,111],"class_list":{"0":"post-2955","1":"product","2":"type-product","3":"status-publish","4":"has-post-thumbnail","6":"product_cat-new-vape-this-week","7":"product_cat-35000-puffs-disposable-vape","8":"product_cat-germany-best-selling-vape","9":"product_cat-italy-wholesale-vape","10":"product_cat-netherlands-hot-sale-vape","11":"product_cat-poland-hot-sale-vape","12":"product_cat-spain-best-hot-sale-vape","13":"product_cat-fance-hot-sale-vape","14":"product_cat-bang-vapes","15":"product_cat-rechargeable-vapes","16":"product_cat-smart-screen-vapes","17":"product_cat-minimum-order-quantity-50pcs","18":"product_tag-bang-vape","19":"product_tag-bangking-35000-puffs","20":"product_tag-best-hot-sale-vape","21":"product_tag-double-flavor-vape","22":"product_tag-dual-flavour-vape","23":"product_tag-hot-sale-vape","24":"product_tag-low-nicotine-disposable-vape","25":"desktop-align-left","26":"tablet-align-left","27":"mobile-align-left","29":"first","30":"instock","31":"sale","32":"shipping-taxable","33":"purchasable","34":"product-type-simple"},"uagb_featured_image_src":{"full":["https:\/\/rmvapesale.com\/wp-content\/uploads\/2025\/01\/Bang-Swich-Duo-Disposable-Vape-36000.webp",800,800,false],"thumbnail":["https:\/\/rmvapesale.com\/wp-content\/uploads\/2025\/01\/Bang-Swich-Duo-Disposable-Vape-36000-150x150.webp",150,150,true],"medium":["https:\/\/rmvapesale.com\/wp-content\/uploads\/2025\/01\/Bang-Swich-Duo-Disposable-Vape-36000-300x300.webp",300,300,true],"medium_large":["https:\/\/rmvapesale.com\/wp-content\/uploads\/2025\/01\/Bang-Swich-Duo-Disposable-Vape-36000-768x768.webp",768,768,true],"large":["https:\/\/rmvapesale.com\/wp-content\/uploads\/2025\/01\/Bang-Swich-Duo-Disposable-Vape-36000.webp",800,800,false],"1536x1536":["https:\/\/rmvapesale.com\/wp-content\/uploads\/2025\/01\/Bang-Swich-Duo-Disposable-Vape-36000.webp",800,800,false],"2048x2048":["https:\/\/rmvapesale.com\/wp-content\/uploads\/2025\/01\/Bang-Swich-Duo-Disposable-Vape-36000.webp",800,800,false],"trp-custom-language-flag":["https:\/\/rmvapesale.com\/wp-content\/uploads\/2025\/01\/Bang-Swich-Duo-Disposable-Vape-36000.webp",12,12,false],"woocommerce_thumbnail":["https:\/\/rmvapesale.com\/wp-content\/uploads\/2025\/01\/Bang-Swich-Duo-Disposable-Vape-36000-300x300.webp",300,300,true],"woocommerce_single":["https:\/\/rmvapesale.com\/wp-content\/uploads\/2025\/01\/Bang-Swich-Duo-Disposable-Vape-36000-600x600.webp",600,600,true],"woocommerce_gallery_thumbnail":["https:\/\/rmvapesale.com\/wp-content\/uploads\/2025\/01\/Bang-Swich-Duo-Disposable-Vape-36000-100x100.webp",100,100,true],"wcpr-photo-reviews":["https:\/\/rmvapesale.com\/wp-content\/uploads\/2025\/01\/Bang-Swich-Duo-Disposable-Vape-36000.webp",500,500,false]},"uagb_author_info":{"display_name":"AMY","author_link":"https:\/\/rmvapesale.com\/de\/author\/"},"uagb_comment_info":0,"uagb_excerpt":"Latest Bang King 35K Puff Rechargeable Disposable Vape Bang King 35000 Dual Flavors Disposable Vape Bulk Buy Bang King 35000 Puffs Smart Screen Wholesale Disposable Contact Amy to get right reply and vape coupon! WhatsApp: +86 17776015835 &nbsp;","_links":{"self":[{"href":"https:\/\/rmvapesale.com\/de\/wp-json\/wp\/v2\/product\/2955","targetHints":{"allow":["GET"]}}],"collection":[{"href":"https:\/\/rmvapesale.com\/de\/wp-json\/wp\/v2\/product"}],"about":[{"href":"https:\/\/rmvapesale.com\/de\/wp-json\/wp\/v2\/types\/product"}],"replies":[{"embeddable":true,"href":"https:\/\/rmvapesale.com\/de\/wp-json\/wp\/v2\/comments?post=2955"}],"wp:featuredmedia":[{"embeddable":true,"href":"https:\/\/rmvapesale.com\/de\/wp-json\/wp\/v2\/media\/2952"}],"wp:attachment":[{"href":"https:\/\/rmvapesale.com\/de\/wp-json\/wp\/v2\/media?parent=2955"}],"wp:term":[{"taxonomy":"product_brand","embeddable":true,"href":"https:\/\/rmvapesale.com\/de\/wp-json\/wp\/v2\/product_brand?post=2955"},{"taxonomy":"product_cat","embeddable":true,"href":"https:\/\/rmvapesale.com\/de\/wp-json\/wp\/v2\/product_cat?post=2955"},{"taxonomy":"product_tag","embeddable":true,"href":"https:\/\/rmvapesale.com\/de\/wp-json\/wp\/v2\/product_tag?post=2955"}],"curies":[{"name":"wp","href":"https:\/\/api.w.org\/{rel}","templated":true}]}}