{"id":2976,"date":"2025-01-22T07:46:21","date_gmt":"2025-01-22T07:46:21","guid":{"rendered":"https:\/\/rmvapesale.com\/?post_type=product&#038;p=2976"},"modified":"2025-01-22T08:11:09","modified_gmt":"2025-01-22T08:11:09","slug":"waspe-crystal-40000-puffs-double-flavor-led-display-disposable-vape-bulk-buy","status":"publish","type":"product","link":"https:\/\/rmvapesale.com\/de\/product\/waspe-crystal-40000-puffs-double-flavor-led-display-disposable-vape-bulk-buy\/","title":{"rendered":"WASPE Crystal 40000 Z\u00fcge Doppel Aroma LED Anzeige Einweg E-Zigarette Gro\u00dfhandel"},"content":{"rendered":"<div class=\"B2VR9 CJHX3e\">\n<div class=\"wyccme\">\n<div class=\"flex-shrink-0 flex flex-col relative items-end\">\n<div class=\"pt-0\">\n<div class=\"gizmo-bot-avatar flex h-8 w-8 items-center justify-center overflow-hidden rounded-full\">\n<div class=\"relative p-1 rounded-sm flex items-center justify-center bg-token-main-surface-primary text-token-text-primary h-8 w-8\">\n<div class=\"flex-shrink-0 flex flex-col relative items-end\">\n<div class=\"pt-0\">\n<div class=\"gizmo-bot-avatar flex h-8 w-8 items-center justify-center overflow-hidden rounded-full\">\n<h1 class=\"relative p-1 rounded-sm flex items-center justify-center bg-token-main-surface-primary text-token-text-primary h-8 w-8\">WASPE Crystal 40000 Z\u00fcge Doppel Aroma LED Anzeige Einweg E-Zigarette Gro\u00dfhandel<\/h1>\n<\/div>\n<\/div>\n<\/div>\n<\/div>\n<\/div>\n<\/div>\n<\/div>\n<div class=\"group\/conversation-turn relative flex w-full min-w-0 flex-col agent-turn\">\n<div class=\"flex-col gap-1 md:gap-3\">\n<div class=\"flex max-w-full flex-col flex-grow\">\n<div class=\"min-h-8 text-message flex w-full flex-col items-end gap-2 whitespace-normal break-words text-start [.text-message+&amp;]:mt-5\" dir=\"auto\" data-message-author-role=\"assistant\" data-message-id=\"80ece0c4-ead1-4ed9-a9f0-ddc22582b4f4\" data-message-model-slug=\"gpt-4o\">\n<p>Der <strong>WASPE Crystal 40000 Z\u00fcge Doppelgeschmack Einweg-Vaporizer<\/strong> ist f\u00fcr Dampfer konzipiert, die sich nach lang anhaltender Leistung mit dem zus\u00e4tzlichen Vorteil eines <strong>LED-Anzeige<\/strong> und <strong>Gro\u00dfeinkaufs zu erschwinglichen Preisen sehnen<\/strong>. Ob Sie ein gelegentlicher Benutzer oder ein Unternehmen sind, das nach Gro\u00dfhandelsm\u00f6glichkeiten sucht, diese <strong>Top-Marke f\u00fcr Einweg-Vaporizer<\/strong> bietet Qualit\u00e4t, Komfort und Kosteneffizienz.<\/p>\n<p>Mit enormen <strong>40.000 Z\u00fcgen<\/strong>macht dieses Ger\u00e4t h\u00e4ufige Austausche \u00fcberfl\u00fcssig. Die einzigartige <strong>Doppelgeschmack<\/strong> Funktion erm\u00f6glicht es Benutzern, m\u00fchelos zwischen zwei aufregenden Geschmacksrichtungen zu wechseln und bietet Abwechslung und Zufriedenheit bei jedem Zug.<\/p>\n<p>A <strong>Klarer LED-Bildschirm<\/strong> zeigt sowohl die Akkulaufzeit als auch den E-Liquid-Stand an, sodass Sie die volle Kontrolle \u00fcber Ihr Dampferlebnis haben. Der <strong>einstellbare Luftstromregelung<\/strong> Mit dieser Funktion k\u00f6nnen Sie Ihren Zug individuell anpassen, egal ob Sie einen sanften, luftigen Zug oder einen festeren Hit bevorzugen.<\/p>\n<p>Enth\u00e4lt <strong>32 ml Premium-E-Liquid<\/strong>Dieser Vape bietet ein langanhaltendes Erlebnis ohne l\u00e4stiges Nachf\u00fcllen. Erh\u00e4ltlich in <strong>0%, 2% und 5% Nikotinst\u00e4rken<\/strong>Es eignet sich f\u00fcr eine breite Palette von Dampfern, von denen, die nikotinfreie Optionen bevorzugen, bis zu denen, die einen st\u00e4rkeren Hit genie\u00dfen.<\/p>\n<p>Der eingebaute <strong>850mAh Akku<\/strong> unterst\u00fctzt schnelles Typ-C-Laden, wodurch es einfach ist, Ihr Ger\u00e4t mit Strom zu versorgen. Mit seinem leichten und tragbaren Design ist es der perfekte Begleiter f\u00fcr das Dampfen unterwegs. Plus, die <strong>Gro\u00dfeinkaufsoptionen<\/strong> machen es zu einer ausgezeichneten Wahl f\u00fcr Einzelh\u00e4ndler und Gro\u00dfh\u00e4ndler, die nach erschwinglichen Einweg-Vapes suchen.<\/p>\n<\/div>\n<\/div>\n<\/div>\n<\/div>\n<div class=\"flex-shrink-0 flex flex-col relative items-end\">\n<div class=\"pt-0\">\n<div class=\"gizmo-bot-avatar flex h-8 w-8 items-center justify-center overflow-hidden rounded-full\">\n<p>&nbsp;<\/p>\n<\/div>\n<\/div>\n<\/div>\n<\/div>\n<\/div>\n<p><strong>Kontaktieren Sie Amy, um die richtige Antwort und einen Gutschein f\u00fcr E-Zigaretten zu erhalten!<\/strong><\/p>\n<p><img loading=\"lazy\" decoding=\"async\" class=\"size-full wp-image-1978\" src=\"https:\/\/rmvapesale.com\/wp-content\/uploads\/2024\/09\/Disposable-Vape-Wholesale.jpg\" alt=\"Einweg-Vape Gro\u00dfhandel\" width=\"229\" height=\"300\" \/><\/p>\n<h3><a href=\"https:\/\/wa.me\/8617776015835\" target=\"_blank\" rel=\"noopener\"><span style=\"color: #ff0000\"><strong>WhatsApp: +86 17776015835<\/strong><\/span><\/a><\/h3>\n<p>&nbsp;<\/p>\n<h3><strong style=\"font-size: 1.7em\">WASPE Crystal 40000 Puffs Hauptproduktmerkmale<\/strong><\/h3>\n<ol>\n<li><strong>Z\u00fcge<\/strong>: 40000<\/li>\n<li><strong>Doppelte Aromen<\/strong>: 20000 Z\u00fcge + 20000 Z\u00fcge = 40000 Z\u00fcge<\/li>\n<li><strong>Nikotinst\u00e4rke<\/strong>: 0% \/ 2% \/ 3% \/ 5%<\/li>\n<li><strong>Vorgef\u00fcllte Kapazit\u00e4t<\/strong>: 32mL<\/li>\n<li><strong>Batteriekapazit\u00e4t<\/strong>: 850mAh<\/li>\n<li><strong>Ladeanschluss<\/strong>: USB Typ-C<\/li>\n<li><strong>Bedienung<\/strong>: Zugaktivierung<\/li>\n<li><strong>0,9 Ohm Dual Mesh Coil<\/strong><\/li>\n<li><strong>LED-Anzeigebildschirm<\/strong><\/li>\n<li><strong>Batteriestandsanzeige<\/strong><\/li>\n<li><strong>F\u00fcllstandsanzeige f\u00fcr E-Liquid<\/strong><\/li>\n<\/ol>\n<p><img loading=\"lazy\" decoding=\"async\" class=\"wp-image-2965 size-full\" src=\"https:\/\/rmvapesale.com\/wp-content\/uploads\/2025\/01\/WASPE-40000-Puffs-Crystal-Disposable-Vape.webp\" alt=\"WASPE 40000 Puffs Crystal Einweg-Vape\" width=\"1000\" height=\"1000\" srcset=\"https:\/\/rmvapesale.com\/wp-content\/uploads\/2025\/01\/WASPE-40000-Puffs-Crystal-Disposable-Vape.webp 1000w, https:\/\/rmvapesale.com\/wp-content\/uploads\/2025\/01\/WASPE-40000-Puffs-Crystal-Disposable-Vape-300x300.webp 300w, https:\/\/rmvapesale.com\/wp-content\/uploads\/2025\/01\/WASPE-40000-Puffs-Crystal-Disposable-Vape-150x150.webp 150w, https:\/\/rmvapesale.com\/wp-content\/uploads\/2025\/01\/WASPE-40000-Puffs-Crystal-Disposable-Vape-768x768.webp 768w, https:\/\/rmvapesale.com\/wp-content\/uploads\/2025\/01\/WASPE-40000-Puffs-Crystal-Disposable-Vape-600x600.webp 600w, https:\/\/rmvapesale.com\/wp-content\/uploads\/2025\/01\/WASPE-40000-Puffs-Crystal-Disposable-Vape-100x100.webp 100w\" sizes=\"auto, (max-width: 1000px) 100vw, 1000px\" \/><\/p>\n<h3><strong style=\"font-size: 1.7em\">Top-Geschmacksrichtung f\u00fcr WASPE Crystal 40000 Puffs<\/strong><strong style=\"font-size: 1.7em\">\u00a0Vape<\/strong><\/h3>\n<p>Mit seinem <strong>Beeindruckende Anzahl an Z\u00fcgen, fortschrittliche Funktionen und erschwingliche Gro\u00dfhandelspreise<\/strong>Der WASPE Crystal 40000 Puffs Vape ist ein Muss f\u00fcr Dampfer und Einzelh\u00e4ndler gleicherma\u00dfen. Bestellen Sie noch heute und erleben Sie Dampfen vom Feinsten!<\/p>\n<p>1. Wassermelonen-Eis<br \/>\n2. Blaubeer-Eis<br \/>\n3. Gemischte Beeren <span style=\"color: #ff0000\"><strong>&gt;&gt;&gt;&gt; Hei\u00df!<\/strong><\/span><br \/>\n4. Trauben-Eis<br \/>\n5. Erdbeer-Banane<br \/>\n6. Pfirsich-Eis<br \/>\n7. Erdbeer-Himbeer-Kirsche <span style=\"color: #ff0000\"><strong>&gt;&gt;&gt;&gt; Am besten!<\/strong><\/span><br \/>\n8. Blaubeer-Himbeere<br \/>\n9. Erdbeer-Kiwi<br \/>\n10. Blaubeer-Bonbon<br \/>\n11. Erdbeer-Red Bull <span style=\"color: #ff0000\"><strong>&gt;&gt;&gt;&gt; Hei\u00df!<\/strong><\/span><br \/>\n12. Red Bull Eis<\/p>\n<p>&nbsp;<\/p>\n<h3><strong>Warum Rmvapesale f\u00fcr WASPE Crystal 40000 Puffs w\u00e4hlen? <\/strong><strong>V<\/strong><strong>Gro\u00dfhandel<\/strong><strong>?<\/strong><\/h3>\n<div class=\"flex-shrink-0 flex flex-col relative items-end\">\n<div class=\"pt-0\">\n<div class=\"gizmo-bot-avatar flex h-8 w-8 items-center justify-center overflow-hidden rounded-full\">\n<p>Da der Wettbewerb auf dem Markt f\u00fcr Einweg-E-Zigaretten zunimmt, hat Rmvapesale, ein weltweit f\u00fchrendes Unternehmen f\u00fcr Gro\u00dfhandelsl\u00f6sungen f\u00fcr Einweg-Vapes mit Sitz in Deutschland, die wiederaufladbare Einweg-Vape Bang Box 30000 30k Puffs Double Taste auf den Markt gebracht. Dieses bahnbrechende Produkt erregt Aufmerksamkeit mit seinem einzigartigen \u00e4sthetischen und modischen Design. Mit einer umfangreichen Auswahl an fruchtigen Geschmacksrichtungen bedient es ein breites Spektrum an Verbrauchergeschm\u00e4ckern und betont gleichzeitig Innovation und Vielseitigkeit.<\/p>\n<p class=\"relative p-1 rounded-sm flex items-center justify-center bg-token-main-surface-primary text-token-text-primary h-8 w-8\">Rmvapesale ist Ihr vertrauensw\u00fcrdiger Vape-Shop f\u00fcr hochwertige Einweg-Vapes. Mit mehr als 5 Jahren Erfahrung bieten wir Ihnen beliebte Einweg-Vape-Marken wie Al Fakher, JNR Vape, Vapsolo Vape, Vapme Vape, <a href=\"https:\/\/rmvapesale.com\/de\/product-category\/bang-vapes\/\">Bang Vape<\/a>, Waspe Vape, WGA Vape und<a href=\"https:\/\/rmvapesale.com\/de\/product-category\/randm-fumot-vape\/\"> RandM Vape<\/a>. Unser Sortiment umfasst hei\u00df verkaufte Einweg-Vapes wie den <a href=\"https:\/\/rmvapesale.com\/de\/product\/aivono-aim-flash-35000-puffs-curved-smart-screen-disposable-vape-wholesale\/\">AIVONO Flash 35000 Puffs<\/a> und geschmacksreiche Optionen wie die<a href=\"https:\/\/rmvapesale.com\/de\/product\/crystal-vape-uwin-shisha-hookah-20k-20000-puffs-wholesale-best-price\/\"> UWIN Shisha Hoohak 20000<\/a>. Jedes Produkt wird mit Fokus auf Qualit\u00e4t, Wert und Vielfalt ausgew\u00e4hlt, um sicherzustellen, dass Sie die perfekte \u00dcbereinstimmung f\u00fcr Ihre Bed\u00fcrfnisse finden. Entdecken Sie au\u00dfergew\u00f6hnlichen Service und eine breite Palette an Top-Produkten bei Rmvapesale.<\/p>\n<p>&nbsp;<\/p>\n<p class=\"relative p-1 rounded-sm flex items-center justify-center bg-token-main-surface-primary text-token-text-primary h-8 w-8\"><b style=\"font-size: 1.5em;font-style: inherit\">FAQs f\u00fcr WASPE Crystal 40000 Puffs <\/b><b style=\"font-size: 1.5em;font-style: inherit\">Wiederaufladbare Einweg-Vape<\/b><\/p>\n<ol>\n<li><strong>Wo kann ich die WASPE Crystal 40000 Puffs in gro\u00dfen Mengen kaufen?<\/strong>\n<ul>\n<li>Sie k\u00f6nnen Gro\u00dfbestellungen bei <a href=\"https:\/\/rmvapesale.com\/de\/\" target=\"_new\" rel=\"noopener\">Rmvapesale<\/a> zu wettbewerbsf\u00e4higen Gro\u00dfhandelspreisen.<\/li>\n<\/ul>\n<\/li>\n<li><strong>Was zeigt das LED-Display an?<\/strong>\n<ul>\n<li>Das Display bietet Echtzeit-Updates zum Akkustand und den E-Liquid-F\u00fcllst\u00e4nden.<\/li>\n<\/ul>\n<\/li>\n<li><strong>Kann ich den Luftstrom bei diesem Vape einstellen?<\/strong>\n<ul>\n<li>Ja, die einstellbare Luftstromfunktion erm\u00f6glicht es Ihnen, Ihr Dampferlebnis anzupassen.<\/li>\n<\/ul>\n<\/li>\n<li><strong>Wie lange h\u00e4lt der 850mAh Akku?<\/strong>\n<ul>\n<li>Er bietet eine l\u00e4ngere Nutzungsdauer und kann f\u00fcr kontinuierlichen Genuss mehrfach aufgeladen werden.<\/li>\n<\/ul>\n<\/li>\n<li><strong>Ist der WASPE Crystal f\u00fcr nikotinfreies Dampfen geeignet?<\/strong>\n<ul>\n<li>Ja, die 0% Nikotin-Option ist perfekt f\u00fcr Benutzer, die ein nikotinfreies Erlebnis suchen.<\/li>\n<\/ul>\n<\/li>\n<\/ol>\n<\/div>\n<\/div>\n<\/div>\n<h2>Wie bestelle ich?<\/h2>\n<div class=\"flex-shrink-0 flex flex-col relative items-end\">\n<div class=\"pt-0\">\n<div class=\"gizmo-bot-avatar flex h-8 w-8 items-center justify-center overflow-hidden rounded-full\">\n<div>\n<p><strong>1. Welche Zahlungsmethoden akzeptieren Sie?<\/strong><br \/>\n<span class=\"selectable-text copyable-text false\">F\u00fcr die Zahlung bieten wir Bank\u00fcberweisung und Western Union an. Die meisten unserer Kunden in Europa w\u00e4hlen die Bank\u00fcberweisung, wir haben ein lokales Bankkonto, auf das Sie ohne Bearbeitungsgeb\u00fchr auf unser IBAN-Konto einzahlen k\u00f6nnen. <\/span>.<\/p>\n<p><strong>2. Wie kann ich meine Bestellung verfolgen?<\/strong><br \/>\nNachdem das Paket versandt wurde, <span class=\"selectable-text copyable-text false\">stellen wir Ihnen die Sendungsverfolgungsnummer zur Verf\u00fcgung und halten Sie \u00fcber den Status auf dem Laufenden, bis Sie die Ware erhalten haben.<\/span>.<\/p>\n<p><strong>3. Wie lange dauert die Lieferung?<\/strong><\/p>\n<ul>\n<li>Versand von <strong>Lagern in China<\/strong> dauert ungef\u00e4hr <strong>7-14 Werktage<\/strong>.<\/li>\n<li>Versand von <strong>Europ\u00e4ische Lager<\/strong> dauert normalerweise <strong>3-6 Werktage<\/strong>.<\/li>\n<\/ul>\n<p><strong>4. Wie kann ich eine schnellere Lieferung erhalten?<\/strong><br \/>\nF\u00fcr eine schnellere Lieferung empfehlen wir, in unserem <strong>Europ\u00e4ischen Lager<\/strong>zu bestellen, das schnellere Versandzeiten bietet.<\/p>\n<p><strong>5. Was ist, wenn ich ein besch\u00e4digtes oder defektes Produkt erhalte?<\/strong><br \/>\nWenn Ihr Artikel besch\u00e4digt oder defekt ist, wenden Sie sich f\u00fcr einen <strong>Ersatz oder eine R\u00fcckerstattung<\/strong>.<\/p>\n<p><strong>an den Kundendienst.<\/strong><br \/>\n6. Wie kann ich den Kundendienst kontaktieren?<strong>\u00a0Sie erreichen uns per<\/strong> WhatsApp oder Live-Chat<\/p>\n<\/div>\n<div class=\"relative p-1 rounded-sm flex items-center justify-center bg-token-main-surface-primary text-token-text-primary h-8 w-8\"><strong>auf unserer Website, wenn Sie Hilfe ben\u00f6tigen.<\/strong><\/div>\n<\/div>\n<\/div>\n<\/div>\n<div class=\"group\/conversation-turn relative flex w-full min-w-0 flex-col agent-turn\">\n<div class=\"flex-col gap-1 md:gap-3\">\n<div class=\"flex max-w-full flex-col flex-grow\">\n<div class=\"min-h-[20px] text-message flex w-full flex-col items-end gap-2 whitespace-normal break-words [.text-message+&amp;]:mt-5 overflow-x-auto\" dir=\"auto\" data-message-author-role=\"assistant\" data-message-id=\"22f8283b-3233-46ff-89a5-c7a41b33abda\">\n<div class=\"flex w-full flex-col gap-1 empty:hidden first:pt-[3px]\">\n<div class=\"markdown prose w-full break-words dark:prose-invert light\">\n<p>Wir arbeiten mit UPS, DHL, FedEx, DPD und anderen f\u00fchrenden Transportunternehmen zusammen. Wir w\u00e4hlen die beste Versandmethode basierend auf Ihrem Lieferort aus, um sicherzustellen, dass Sie Ihre Produkte so schnell wie m\u00f6glich erhalten.<\/p>\n<\/div>\n<\/div>\n<\/div>\n<\/div>\n<\/div>\n<\/div>\n<p>Finden Sie weitere Vape-Produkte, die Ihnen gefallen k\u00f6nnten:<strong><em><a href=\"https:\/\/rmvapesale.com\/de\/shop-2\/\">jetzt einkaufen &gt;&gt;&gt;<\/a><\/em><\/strong><\/p>","protected":false},"excerpt":{"rendered":"<p>WASPE Crystal 40k Z\u00fcge Twins Geschmack Wiederaufladbarer Einweg-Vaporizer<br \/>\nWASPE Crystal 40000 Z\u00fcge Dual Geschmacksrichtungen Einweg-Vaporizer Gro\u00dfhandel<br \/>\nWASPE Crystal 40000 Z\u00fcge 2 in 1 Geschmack Smart Screen Gro\u00dfhandel Einweg<\/p>\n<p><strong>Kontaktieren Sie Amy, um die richtige Antwort und einen Gutschein f\u00fcr E-Zigaretten zu erhalten!<\/strong><\/p>\n<p><img loading=\"lazy\" decoding=\"async\" class=\"size-full wp-image-2375\" src=\"https:\/\/rmvapesale.com\/wp-content\/uploads\/2024\/10\/image.png\" alt=\"Bester Einweg-Vape\" width=\"229\" height=\"300\" \/><\/p>\n<h3><a href=\"https:\/\/wa.me\/8617776015835\"><span style=\"color: #ff0000\"><strong>WhatsApp: +86 17776015835<\/strong><\/span><\/a><\/h3>\n<p>&nbsp;<\/p>","protected":false},"featured_media":2975,"comment_status":"open","ping_status":"closed","template":"","meta":{"_uag_custom_page_level_css":"","_lmt_disableupdate":"no","_lmt_disable":"","site-sidebar-layout":"default","site-content-layout":"content-boxed-container","ast-site-content-layout":"normal-width-container","site-content-style":"boxed","site-sidebar-style":"unboxed","ast-global-header-display":"","ast-banner-title-visibility":"","ast-main-header-display":"","ast-hfb-above-header-display":"","ast-hfb-below-header-display":"","ast-hfb-mobile-header-display":"","site-post-title":"","ast-breadcrumbs-content":"","ast-featured-img":"","footer-sml-layout":"","ast-disable-related-posts":"","theme-transparent-header-meta":"default","adv-header-id-meta":"","stick-header-meta":"","header-above-stick-meta":"","header-main-stick-meta":"","header-below-stick-meta":"","astra-migrate-meta-layouts":"set","ast-page-background-enabled":"default","ast-page-background-meta":{"desktop":{"background-color":"var(--ast-global-color-4)","background-image":"","background-repeat":"repeat","background-position":"center center","background-size":"auto","background-attachment":"scroll","background-type":"","background-media":"","overlay-type":"","overlay-color":"","overlay-opacity":"","overlay-gradient":""},"tablet":{"background-color":"","background-image":"","background-repeat":"repeat","background-position":"center center","background-size":"auto","background-attachment":"scroll","background-type":"","background-media":"","overlay-type":"","overlay-color":"","overlay-opacity":"","overlay-gradient":""},"mobile":{"background-color":"","background-image":"","background-repeat":"repeat","background-position":"center center","background-size":"auto","background-attachment":"scroll","background-type":"","background-media":"","overlay-type":"","overlay-color":"","overlay-opacity":"","overlay-gradient":""}},"ast-content-background-meta":{"desktop":{"background-color":"var(--ast-global-color-5)","background-image":"","background-repeat":"repeat","background-position":"center center","background-size":"auto","background-attachment":"scroll","background-type":"","background-media":"","overlay-type":"","overlay-color":"","overlay-opacity":"","overlay-gradient":""},"tablet":{"background-color":"var(--ast-global-color-5)","background-image":"","background-repeat":"repeat","background-position":"center center","background-size":"auto","background-attachment":"scroll","background-type":"","background-media":"","overlay-type":"","overlay-color":"","overlay-opacity":"","overlay-gradient":""},"mobile":{"background-color":"var(--ast-global-color-5)","background-image":"","background-repeat":"repeat","background-position":"center center","background-size":"auto","background-attachment":"scroll","background-type":"","background-media":"","overlay-type":"","overlay-color":"","overlay-opacity":"","overlay-gradient":""}},"_joinchat":[]},"product_brand":[],"product_cat":[15,258,289,290,292,298,291,27,25,123,293,30,26,28,295,137,299,136,135,274],"product_tag":[146,124,222,64,40,111,300,221],"class_list":{"0":"post-2976","1":"product","2":"type-product","3":"status-publish","4":"has-post-thumbnail","6":"product_cat-new-vape-this-week","7":"product_cat-40000-puff-disposable-vape","8":"product_cat-big-puffs-disposable-vapes","9":"product_cat-crystal-disposable-vapes","10":"product_cat-digital-disposable-vapes","11":"product_cat-double-flavor-disposable-vapes","12":"product_cat-dual-mesh-disposable-vapes","13":"product_cat-fance-hot-sale-vape","14":"product_cat-germany-best-selling-vape","15":"product_cat-italy-wholesale-vape","16":"product_cat-low-nicotine-disposable-vapes","17":"product_cat-minimum-order-quantity-50pcs","18":"product_cat-netherlands-hot-sale-vape","19":"product_cat-poland-hot-sale-vape","20":"product_cat-rechargeable-disposable-vapes","21":"product_cat-rechargeable-vapes","22":"product_cat-smart-screen-disposable-vapes","23":"product_cat-smart-screen-vapes","24":"product_cat-spain-best-hot-sale-vape","25":"product_cat-waspe-fihp-vape","26":"product_tag-best-hot-sale-vape","27":"product_tag-crystal-vape","28":"product_tag-double-flavor-vape","29":"product_tag-dual-flavour-vape","30":"product_tag-hot-sale-vape","31":"product_tag-low-nicotine-disposable-vape","32":"product_tag-waspe-crystal-40000","33":"product_tag-waspe-vape","34":"desktop-align-left","35":"tablet-align-left","36":"mobile-align-left","38":"first","39":"instock","40":"sale","41":"shipping-taxable","42":"purchasable","43":"product-type-simple"},"uagb_featured_image_src":{"full":["https:\/\/rmvapesale.com\/wp-content\/uploads\/2025\/01\/WASPE-40000-Puffs-Crystal-Disposable-Vape-Wholesale.webp",1000,1000,false],"thumbnail":["https:\/\/rmvapesale.com\/wp-content\/uploads\/2025\/01\/WASPE-40000-Puffs-Crystal-Disposable-Vape-Wholesale-150x150.webp",150,150,true],"medium":["https:\/\/rmvapesale.com\/wp-content\/uploads\/2025\/01\/WASPE-40000-Puffs-Crystal-Disposable-Vape-Wholesale-300x300.webp",300,300,true],"medium_large":["https:\/\/rmvapesale.com\/wp-content\/uploads\/2025\/01\/WASPE-40000-Puffs-Crystal-Disposable-Vape-Wholesale-768x768.webp",768,768,true],"large":["https:\/\/rmvapesale.com\/wp-content\/uploads\/2025\/01\/WASPE-40000-Puffs-Crystal-Disposable-Vape-Wholesale.webp",1000,1000,false],"1536x1536":["https:\/\/rmvapesale.com\/wp-content\/uploads\/2025\/01\/WASPE-40000-Puffs-Crystal-Disposable-Vape-Wholesale.webp",1000,1000,false],"2048x2048":["https:\/\/rmvapesale.com\/wp-content\/uploads\/2025\/01\/WASPE-40000-Puffs-Crystal-Disposable-Vape-Wholesale.webp",1000,1000,false],"trp-custom-language-flag":["https:\/\/rmvapesale.com\/wp-content\/uploads\/2025\/01\/WASPE-40000-Puffs-Crystal-Disposable-Vape-Wholesale.webp",12,12,false],"woocommerce_thumbnail":["https:\/\/rmvapesale.com\/wp-content\/uploads\/2025\/01\/WASPE-40000-Puffs-Crystal-Disposable-Vape-Wholesale-300x300.webp",300,300,true],"woocommerce_single":["https:\/\/rmvapesale.com\/wp-content\/uploads\/2025\/01\/WASPE-40000-Puffs-Crystal-Disposable-Vape-Wholesale-600x600.webp",600,600,true],"woocommerce_gallery_thumbnail":["https:\/\/rmvapesale.com\/wp-content\/uploads\/2025\/01\/WASPE-40000-Puffs-Crystal-Disposable-Vape-Wholesale-100x100.webp",100,100,true],"wcpr-photo-reviews":["https:\/\/rmvapesale.com\/wp-content\/uploads\/2025\/01\/WASPE-40000-Puffs-Crystal-Disposable-Vape-Wholesale.webp",500,500,false]},"uagb_author_info":{"display_name":"AMY","author_link":"https:\/\/rmvapesale.com\/de\/author\/"},"uagb_comment_info":0,"uagb_excerpt":"WASPE Crystal 40k Puff Twins Flavor Rechargeable Disposable Vape WASPE Crystal 40000 Puffs Dual Flavors Disposable Vape Bulk Buy WASPE Crystal 40000 Puffs 2 in 1 Flavor Smart Screen Wholesale Disposable Contact Amy to get right reply and vape coupon! WhatsApp: +86 17776015835 &nbsp;","_links":{"self":[{"href":"https:\/\/rmvapesale.com\/de\/wp-json\/wp\/v2\/product\/2976","targetHints":{"allow":["GET"]}}],"collection":[{"href":"https:\/\/rmvapesale.com\/de\/wp-json\/wp\/v2\/product"}],"about":[{"href":"https:\/\/rmvapesale.com\/de\/wp-json\/wp\/v2\/types\/product"}],"replies":[{"embeddable":true,"href":"https:\/\/rmvapesale.com\/de\/wp-json\/wp\/v2\/comments?post=2976"}],"wp:featuredmedia":[{"embeddable":true,"href":"https:\/\/rmvapesale.com\/de\/wp-json\/wp\/v2\/media\/2975"}],"wp:attachment":[{"href":"https:\/\/rmvapesale.com\/de\/wp-json\/wp\/v2\/media?parent=2976"}],"wp:term":[{"taxonomy":"product_brand","embeddable":true,"href":"https:\/\/rmvapesale.com\/de\/wp-json\/wp\/v2\/product_brand?post=2976"},{"taxonomy":"product_cat","embeddable":true,"href":"https:\/\/rmvapesale.com\/de\/wp-json\/wp\/v2\/product_cat?post=2976"},{"taxonomy":"product_tag","embeddable":true,"href":"https:\/\/rmvapesale.com\/de\/wp-json\/wp\/v2\/product_tag?post=2976"}],"curies":[{"name":"wp","href":"https:\/\/api.w.org\/{rel}","templated":true}]}}