{"id":3011,"date":"2025-01-26T03:15:11","date_gmt":"2025-01-26T03:15:11","guid":{"rendered":"https:\/\/rmvapesale.com\/?post_type=product&#038;p=3011"},"modified":"2025-01-23T03:29:52","modified_gmt":"2025-01-23T03:29:52","slug":"vapsolo-dg-18000-puffs-smart-screen-puff-18k-disposable-vape-wholesale-electronic-cigarette-discount-price","status":"publish","type":"product","link":"https:\/\/rmvapesale.com\/de\/product\/vapsolo-dg-18000-puffs-smart-screen-puff-18k-disposable-vape-wholesale-electronic-cigarette-discount-price\/","title":{"rendered":"Vapsolo DG 18000 Z\u00fcge Smart Screen Puff 18k Einweg-Vape Gro\u00dfhandel Elektronische Zigarette Rabattpreis"},"content":{"rendered":"<div class=\"B2VR9 CJHX3e\">\n<div class=\"wyccme\">\n<div class=\"flex-shrink-0 flex flex-col relative items-end\">\n<div class=\"pt-0\">\n<div class=\"gizmo-bot-avatar flex h-8 w-8 items-center justify-center overflow-hidden rounded-full\">\n<div class=\"relative p-1 rounded-sm flex items-center justify-center bg-token-main-surface-primary text-token-text-primary h-8 w-8\">\n<div class=\"flex-shrink-0 flex flex-col relative items-end\">\n<div class=\"pt-0\">\n<div class=\"gizmo-bot-avatar flex h-8 w-8 items-center justify-center overflow-hidden rounded-full\">\n<h1 class=\"relative p-1 rounded-sm flex items-center justify-center bg-token-main-surface-primary text-token-text-primary h-8 w-8\">Vapsolo DG 18000 Z\u00fcge Smart Screen Puff 18k Einweg-Vape Gro\u00dfhandel Elektronische Zigarette Rabattpreis<\/h1>\n<\/div>\n<\/div>\n<\/div>\n<\/div>\n<\/div>\n<\/div>\n<\/div>\n<div class=\"group\/conversation-turn relative flex w-full min-w-0 flex-col agent-turn\">\n<div class=\"flex-col gap-1 md:gap-3\">\n<div class=\"flex max-w-full flex-col flex-grow\">\n<div class=\"min-h-8 text-message flex w-full flex-col items-end gap-2 whitespace-normal break-words text-start [.text-message+&amp;]:mt-5\" dir=\"auto\" data-message-author-role=\"assistant\" data-message-id=\"80ece0c4-ead1-4ed9-a9f0-ddc22582b4f4\" data-message-model-slug=\"gpt-4o\">\n<p>Sie suchen eine leistungsstarke <strong>Einweg-Vape<\/strong> mit einer beeindruckenden Anzahl an Z\u00fcgen und den neuesten Funktionen? Die <strong>Vapsolo DG 18000 Puffs Smart Screen Einweg-Vape<\/strong> ist Ihr perfekter Partner! Entwickelt f\u00fcr Vaper, die langanhaltende Zufriedenheit suchen, bietet dieses Ger\u00e4t <strong>unglaubliche 18.000 Z\u00fcge<\/strong>, <strong>einstellbare Luftstromregelung<\/strong>, und ein hochmodernes <strong>Smart-Display<\/strong>, alles zu einem erschwinglichen Preis <strong>Gro\u00dfhandelspreis<\/strong>.<\/p>\n<p>Dieser Vape verf\u00fcgt \u00fcber einen <strong>Smart-Modus<\/strong> , der die Leistung und Einstellungen automatisch an Ihre Dampfgewohnheiten anpasst, um jederzeit ein optimales Erlebnis zu gew\u00e4hrleisten. Brauchen Sie einen st\u00e4rkeren Zug? Aktivieren Sie den <strong>Boost-Modus<\/strong> f\u00fcr einen zus\u00e4tzlichen Kick an Intensit\u00e4t und Zufriedenheit.<\/p>\n<p>Der <strong>einstellbare Luftstromkontrolle<\/strong> erm\u00f6glicht es Ihnen, Ihr Dampferlebnis fein abzustimmen, ob Sie einen engen, intensiven Zug oder einen sanften, luftigen Zug bevorzugen. Dar\u00fcber hinaus bietet das <strong>Smart-Screen-Display<\/strong> Echtzeit-Einblicke in die Akkulaufzeit und die Anzahl der Z\u00fcge, sodass Sie immer wissen, wann es Zeit zum Aufladen ist.<\/p>\n<p>Ausgestattet mit einer <strong>wiederaufladbarer 650mAh-Akku<\/strong> und Typ-C-Schnellladung, damit Sie ununterbrochen dampfen k\u00f6nnen, mit schnellen und effizienten Ladevorg\u00e4ngen. W\u00e4hlen Sie aus <strong>2% oder 5% Nikotinst\u00e4rken<\/strong>, um sowohl Gelegenheitsdampfer als auch diejenigen, die einen st\u00e4rkeren Nikotinsto\u00df suchen, anzusprechen.<\/p>\n<p>F\u00fcr Gro\u00dfabnehmer bietet der Vapsolo DG 18000 ein unschlagbares Preis-Leistungs-Verh\u00e4ltnis mit <strong>Gro\u00dfhandelspreisen<\/strong>, was ihn zu einer idealen Wahl f\u00fcr Einzelh\u00e4ndler und Distributoren macht.<\/p>\n<\/div>\n<\/div>\n<\/div>\n<\/div>\n<div class=\"flex-shrink-0 flex flex-col relative items-end\">\n<div class=\"pt-0\">\n<div class=\"gizmo-bot-avatar flex h-8 w-8 items-center justify-center overflow-hidden rounded-full\">\n<p>&nbsp;<\/p>\n<\/div>\n<\/div>\n<\/div>\n<\/div>\n<\/div>\n<p><strong>Kontaktieren Sie Amy, um die richtige Antwort und einen Gutschein f\u00fcr E-Zigaretten zu erhalten!<\/strong><\/p>\n<p><img loading=\"lazy\" decoding=\"async\" class=\"size-full wp-image-1978\" src=\"https:\/\/rmvapesale.com\/wp-content\/uploads\/2024\/09\/Disposable-Vape-Wholesale.jpg\" alt=\"Einweg-Vape Gro\u00dfhandel\" width=\"229\" height=\"300\" \/><\/p>\n<h3><a href=\"https:\/\/wa.me\/8617776015835\" target=\"_blank\" rel=\"noopener\"><span style=\"color: #ff0000\"><strong>WhatsApp: +86 17776015835<\/strong><\/span><\/a><\/h3>\n<p>&nbsp;<\/p>\n<h3><strong style=\"font-size: 1.7em\">Vapsolo DG 18000 Puffs Wichtige Produktmerkmale<\/strong><\/h3>\n<p>\u2611 Nikotin: 2% 5%<br \/>\n\u2611 Smart-Modus: 18000 Z\u00fcge<br \/>\nBoost-Modus: 9000 Z\u00fcge<br \/>\n\u2611 Kapazit\u00e4t: 28 ml<br \/>\n\u2611 650 mAh wiederaufladbar<br \/>\n\u2611 0,90 \u03a9 Mesh-Spule<br \/>\n\u2611 Luftstrom einstellbar<br \/>\n\u2611 Intelligente Bildschirmanzeige: Batteriekapazit\u00e4t\/E-Liquid-Kapazit\u00e4t<br \/>\n\u2611 10 Geschmacksrichtungen verf\u00fcgbar<\/p>\n<p>&nbsp;<\/p>\n<figure id=\"attachment_3007\" aria-describedby=\"caption-attachment-3007\" style=\"width: 300px\" class=\"wp-caption alignnone\"><img loading=\"lazy\" decoding=\"async\" class=\"size-medium wp-image-3007\" src=\"https:\/\/rmvapesale.com\/wp-content\/uploads\/2025\/01\/Vapsolo-DG-18000-Puffs-Disposable-Vape-Bulk-Buy-300x300.webp\" alt=\"Vapsolo DG 18000 Puffs Einweg-Vape Gro\u00dfkauf\" width=\"300\" height=\"300\" srcset=\"https:\/\/rmvapesale.com\/wp-content\/uploads\/2025\/01\/Vapsolo-DG-18000-Puffs-Disposable-Vape-Bulk-Buy-300x300.webp 300w, https:\/\/rmvapesale.com\/wp-content\/uploads\/2025\/01\/Vapsolo-DG-18000-Puffs-Disposable-Vape-Bulk-Buy-150x150.webp 150w, https:\/\/rmvapesale.com\/wp-content\/uploads\/2025\/01\/Vapsolo-DG-18000-Puffs-Disposable-Vape-Bulk-Buy-768x768.webp 768w, https:\/\/rmvapesale.com\/wp-content\/uploads\/2025\/01\/Vapsolo-DG-18000-Puffs-Disposable-Vape-Bulk-Buy-600x600.webp 600w, https:\/\/rmvapesale.com\/wp-content\/uploads\/2025\/01\/Vapsolo-DG-18000-Puffs-Disposable-Vape-Bulk-Buy-100x100.webp 100w, https:\/\/rmvapesale.com\/wp-content\/uploads\/2025\/01\/Vapsolo-DG-18000-Puffs-Disposable-Vape-Bulk-Buy.webp 1000w\" sizes=\"auto, (max-width: 300px) 100vw, 300px\" \/><figcaption id=\"caption-attachment-3007\" class=\"wp-caption-text\">Vapsolo DG 18000 Puffs Einweg-Vape Gro\u00dfkauf<\/figcaption><\/figure>\n<h3><strong style=\"font-size: 1.7em\">Meistverkaufte Geschmacksrichtung f\u00fcr Vapsolo DG 18000 Puffs<\/strong><strong style=\"font-size: 1.7em\">\u00a0Vape<\/strong><\/h3>\n<p>1. Pfirsich Mango Ananas <span style=\"color: #ff0000\"><strong>&gt;&gt;&gt; Hei\u00df!<\/strong><\/span><br \/>\n2.Passionsfrucht Kiwi Eis<br \/>\n3.Heidelbeere Kirsche Preiselbeere <span style=\"color: #ff0000\"><strong>&gt;&gt;&gt; Hei\u00df!<\/strong><\/span><br \/>\n4.Wassermelonen-Eis<br \/>\n5.Erdbeer-Kiwi<br \/>\n6.Zitrone Limette<br \/>\n7.Erdbeere Banane<br \/>\n8.Roter Stier<br \/>\n9.Gemischte Beeren <span style=\"color: #ff0000\"><strong>&gt;&gt;&gt; Am besten!<\/strong><\/span><br \/>\n10.Prime Erdbeere Wassermelone<\/p>\n<p>&nbsp;<\/p>\n<h3><strong>Warum Rmvapesale f\u00fcr Vapsolo DG 18000 Puffs w\u00e4hlen <\/strong><strong>V<\/strong><strong>Gro\u00dfhandel<\/strong><strong>?<\/strong><\/h3>\n<div class=\"flex-shrink-0 flex flex-col relative items-end\">\n<div class=\"pt-0\">\n<div class=\"gizmo-bot-avatar flex h-8 w-8 items-center justify-center overflow-hidden rounded-full\">\n<p>Da der Wettbewerb auf dem Markt f\u00fcr Einweg-E-Zigaretten zunimmt, hat Rmvapesale, ein weltweit f\u00fchrendes Unternehmen f\u00fcr Gro\u00dfhandelsl\u00f6sungen f\u00fcr Einweg-Vapes mit Sitz in Deutschland, die wiederaufladbare Einweg-Vape Bang Box 30000 30k Puffs Double Taste auf den Markt gebracht. Dieses bahnbrechende Produkt erregt Aufmerksamkeit mit seinem einzigartigen \u00e4sthetischen und modischen Design. Mit einer umfangreichen Auswahl an fruchtigen Geschmacksrichtungen bedient es ein breites Spektrum an Verbrauchergeschm\u00e4ckern und betont gleichzeitig Innovation und Vielseitigkeit.<\/p>\n<p class=\"relative p-1 rounded-sm flex items-center justify-center bg-token-main-surface-primary text-token-text-primary h-8 w-8\">Rmvapesale ist Ihr vertrauensw\u00fcrdiger Vape-Shop f\u00fcr hochwertige Einweg-Vapes. Mit mehr als 5 Jahren Erfahrung bieten wir Ihnen beliebte Einweg-Vape-Marken wie Al Fakher, JNR Vape, Vapsolo Vape, Vapme Vape, <a href=\"https:\/\/rmvapesale.com\/de\/product-category\/bang-vapes\/\">Bang Vape<\/a>, Waspe Vape, WGA Vape und<a href=\"https:\/\/rmvapesale.com\/de\/product-category\/randm-fumot-vape\/\"> RandM Vape<\/a>. Unser Sortiment umfasst hei\u00df verkaufte Einweg-Vapes wie den <a href=\"https:\/\/rmvapesale.com\/de\/product\/waspe-crystal-40000-puffs-double-flavor-led-display-disposable-vape-bulk-buy\/\">WASPE Crystal 40000 Z\u00fcge<\/a> und geschmacksreiche Optionen wie die<a href=\"https:\/\/rmvapesale.com\/de\/product\/aivono-fatman-15000-puffs-vape-disposable-e-cigarettes-mtl\/\"> AIVONO Shisha Hoohak 15000<\/a>. Jedes Produkt wird mit Fokus auf Qualit\u00e4t, Wert und Vielfalt ausgew\u00e4hlt, um sicherzustellen, dass Sie die perfekte \u00dcbereinstimmung f\u00fcr Ihre Bed\u00fcrfnisse finden. Entdecken Sie au\u00dfergew\u00f6hnlichen Service und eine breite Palette an Top-Produkten bei Rmvapesale.<\/p>\n<p>&nbsp;<\/p>\n<p class=\"relative p-1 rounded-sm flex items-center justify-center bg-token-main-surface-primary text-token-text-primary h-8 w-8\"><b style=\"font-size: 1.5em;font-style: inherit\">H\u00e4ufig gestellte Fragen zu Vapsolo DG 18k Puffs <\/b><b style=\"font-size: 1.5em;font-style: inherit\">Wiederaufladbare Einweg-Vape<\/b><\/p>\n<ol>\n<li><strong>Wo kann ich den Vapsolo DG 18000 Puffs Einweg-Vape zu Gro\u00dfhandelspreisen kaufen?<\/strong>\n<ul>\n<li>Sie k\u00f6nnen ihn zu Gro\u00dfhandelspreisen bei <a href=\"https:\/\/rmvapesale.com\/de\/\" target=\"_new\" rel=\"noopener\">Rmvapesale<\/a>kaufen, die Mengenrabatte und weltweiten Versand anbieten.<\/li>\n<\/ul>\n<\/li>\n<li><strong>Wie hilft das Smart-Screen-Display?<\/strong>\n<ul>\n<li>Das Display zeigt den Batteriestand und die Zuganzahl in Echtzeit an, sodass Sie immer informiert sind.<\/li>\n<\/ul>\n<\/li>\n<li><strong>Kann ich den Luftstrom am Vapsolo 18000 Puffs einstellen?<\/strong>\n<ul>\n<li>Ja, der einstellbare Luftstrom erm\u00f6glicht es Ihnen, Ihr Dampferlebnis von einem engen bis zu einem sanften Zug anzupassen.<\/li>\n<\/ul>\n<\/li>\n<li><strong>Welche Nikotinst\u00e4rken sind erh\u00e4ltlich?<\/strong>\n<ul>\n<li>Dieses Ger\u00e4t ist in 2 % und 5 % Nikotinst\u00e4rken erh\u00e4ltlich, um verschiedenen Vorlieben gerecht zu werden.<\/li>\n<\/ul>\n<\/li>\n<li><strong>Wie lange h\u00e4lt der 650-mAh-Akku?<\/strong>\n<ul>\n<li>Der wiederaufladbare Akku bietet lange Nutzungszeiten und kann \u00fcber Typ-C schnell f\u00fcr l\u00e4ngere Dampfsessions aufgeladen werden.<\/li>\n<\/ul>\n<\/li>\n<\/ol>\n<\/div>\n<\/div>\n<\/div>\n<h2>Wie bestelle ich?<\/h2>\n<div class=\"flex-shrink-0 flex flex-col relative items-end\">\n<div class=\"pt-0\">\n<div class=\"gizmo-bot-avatar flex h-8 w-8 items-center justify-center overflow-hidden rounded-full\">\n<div>\n<p><strong>1. Welche Zahlungsmethoden akzeptieren Sie?<\/strong><br \/>\n<span class=\"selectable-text copyable-text false\">F\u00fcr die Zahlung bieten wir Bank\u00fcberweisung und Western Union an. Die meisten unserer Kunden in Europa w\u00e4hlen die Bank\u00fcberweisung, wir haben ein lokales Bankkonto, auf das Sie ohne Bearbeitungsgeb\u00fchr auf unser IBAN-Konto einzahlen k\u00f6nnen. <\/span>.<\/p>\n<p><strong>2. Wie kann ich meine Bestellung verfolgen?<\/strong><br \/>\nNachdem das Paket versandt wurde, <span class=\"selectable-text copyable-text false\">stellen wir Ihnen die Sendungsverfolgungsnummer zur Verf\u00fcgung und halten Sie \u00fcber den Status auf dem Laufenden, bis Sie die Ware erhalten haben.<\/span>.<\/p>\n<p><strong>3. Wie lange dauert die Lieferung?<\/strong><\/p>\n<ul>\n<li>Versand von <strong>Lagern in China<\/strong> dauert ungef\u00e4hr <strong>7-14 Werktage<\/strong>.<\/li>\n<li>Versand von <strong>Europ\u00e4ische Lager<\/strong> dauert normalerweise <strong>3-6 Werktage<\/strong>.<\/li>\n<\/ul>\n<p><strong>4. Wie kann ich eine schnellere Lieferung erhalten?<\/strong><br \/>\nF\u00fcr eine schnellere Lieferung empfehlen wir, in unserem <strong>Europ\u00e4ischen Lager<\/strong>zu bestellen, das schnellere Versandzeiten bietet.<\/p>\n<p><strong>5. Was ist, wenn ich ein besch\u00e4digtes oder defektes Produkt erhalte?<\/strong><br \/>\nWenn Ihr Artikel besch\u00e4digt oder defekt ist, wenden Sie sich f\u00fcr einen <strong>Ersatz oder eine R\u00fcckerstattung<\/strong>.<\/p>\n<p><strong>an den Kundendienst.<\/strong><br \/>\n6. Wie kann ich den Kundendienst kontaktieren?<strong>\u00a0Sie erreichen uns per<\/strong> WhatsApp oder Live-Chat<\/p>\n<\/div>\n<div class=\"relative p-1 rounded-sm flex items-center justify-center bg-token-main-surface-primary text-token-text-primary h-8 w-8\"><strong>auf unserer Website, wenn Sie Hilfe ben\u00f6tigen.<\/strong><\/div>\n<\/div>\n<\/div>\n<\/div>\n<div class=\"group\/conversation-turn relative flex w-full min-w-0 flex-col agent-turn\">\n<div class=\"flex-col gap-1 md:gap-3\">\n<div class=\"flex max-w-full flex-col flex-grow\">\n<div class=\"min-h-[20px] text-message flex w-full flex-col items-end gap-2 whitespace-normal break-words [.text-message+&amp;]:mt-5 overflow-x-auto\" dir=\"auto\" data-message-author-role=\"assistant\" data-message-id=\"22f8283b-3233-46ff-89a5-c7a41b33abda\">\n<div class=\"flex w-full flex-col gap-1 empty:hidden first:pt-[3px]\">\n<div class=\"markdown prose w-full break-words dark:prose-invert light\">\n<p>Wir arbeiten mit UPS, DHL, FedEx, DPD und anderen f\u00fchrenden Transportunternehmen zusammen. Wir w\u00e4hlen die beste Versandmethode basierend auf Ihrem Lieferort aus, um sicherzustellen, dass Sie Ihre Produkte so schnell wie m\u00f6glich erhalten.<\/p>\n<\/div>\n<\/div>\n<\/div>\n<\/div>\n<\/div>\n<\/div>\n<p>Finden Sie weitere Vape-Produkte, die Ihnen gefallen k\u00f6nnten:<strong><em><a href=\"https:\/\/rmvapesale.com\/de\/shop-2\/\">jetzt einkaufen &gt;&gt;&gt;<\/a><\/em><\/strong><\/p>","protected":false},"excerpt":{"rendered":"<p>Vapsolo DG 18000 Puffs Twins Flavor wiederaufladbare Einweg-Vape<br \/>\nVapsolo DG 18k Puff Hot Sale Einweg-Vape Gro\u00dfhandel<br \/>\nVapsolo DG 18000 Puffs LED Display Smart Screen Einweg-Vape Gro\u00dfhandel<\/p>\n<p><strong>Kontaktieren Sie Amy, um die richtige Antwort und einen Gutschein f\u00fcr E-Zigaretten zu erhalten!<\/strong><\/p>\n<p><img loading=\"lazy\" decoding=\"async\" class=\"size-full wp-image-2375\" src=\"https:\/\/rmvapesale.com\/wp-content\/uploads\/2024\/10\/image.png\" alt=\"Bester Einweg-Vape\" width=\"229\" height=\"300\" \/><\/p>\n<h3><a href=\"https:\/\/wa.me\/8617776015835\"><span style=\"color: #ff0000\"><strong>WhatsApp: +86 17776015835<\/strong><\/span><\/a><\/h3>\n<p>&nbsp;<\/p>","protected":false},"featured_media":3006,"comment_status":"open","ping_status":"closed","template":"","meta":{"_uag_custom_page_level_css":"","_lmt_disableupdate":"no","_lmt_disable":"","site-sidebar-layout":"default","site-content-layout":"content-boxed-container","ast-site-content-layout":"normal-width-container","site-content-style":"boxed","site-sidebar-style":"unboxed","ast-global-header-display":"","ast-banner-title-visibility":"","ast-main-header-display":"","ast-hfb-above-header-display":"","ast-hfb-below-header-display":"","ast-hfb-mobile-header-display":"","site-post-title":"","ast-breadcrumbs-content":"","ast-featured-img":"","footer-sml-layout":"","theme-transparent-header-meta":"default","adv-header-id-meta":"","stick-header-meta":"","header-above-stick-meta":"","header-main-stick-meta":"","header-below-stick-meta":"","astra-migrate-meta-layouts":"set","ast-page-background-enabled":"default","ast-page-background-meta":{"desktop":{"background-color":"var(--ast-global-color-4)","background-image":"","background-repeat":"repeat","background-position":"center center","background-size":"auto","background-attachment":"scroll","background-type":"","background-media":"","overlay-type":"","overlay-color":"","overlay-opacity":"","overlay-gradient":""},"tablet":{"background-color":"","background-image":"","background-repeat":"repeat","background-position":"center center","background-size":"auto","background-attachment":"scroll","background-type":"","background-media":"","overlay-type":"","overlay-color":"","overlay-opacity":"","overlay-gradient":""},"mobile":{"background-color":"","background-image":"","background-repeat":"repeat","background-position":"center center","background-size":"auto","background-attachment":"scroll","background-type":"","background-media":"","overlay-type":"","overlay-color":"","overlay-opacity":"","overlay-gradient":""}},"ast-content-background-meta":{"desktop":{"background-color":"var(--ast-global-color-5)","background-image":"","background-repeat":"repeat","background-position":"center center","background-size":"auto","background-attachment":"scroll","background-type":"","background-media":"","overlay-type":"","overlay-color":"","overlay-opacity":"","overlay-gradient":""},"tablet":{"background-color":"var(--ast-global-color-5)","background-image":"","background-repeat":"repeat","background-position":"center center","background-size":"auto","background-attachment":"scroll","background-type":"","background-media":"","overlay-type":"","overlay-color":"","overlay-opacity":"","overlay-gradient":""},"mobile":{"background-color":"var(--ast-global-color-5)","background-image":"","background-repeat":"repeat","background-position":"center center","background-size":"auto","background-attachment":"scroll","background-type":"","background-media":"","overlay-type":"","overlay-color":"","overlay-opacity":"","overlay-gradient":""}},"_joinchat":[]},"product_brand":[],"product_cat":[15,289,290,291,292,298,293,295,299,275,25,123,26,28,135,27,137,136,30],"product_tag":[146,222,64,40,111,302,301],"class_list":{"0":"post-3011","1":"product","2":"type-product","3":"status-publish","4":"has-post-thumbnail","6":"product_cat-new-vape-this-week","7":"product_cat-big-puffs-disposable-vapes","8":"product_cat-crystal-disposable-vapes","9":"product_cat-dual-mesh-disposable-vapes","10":"product_cat-digital-disposable-vapes","11":"product_cat-double-flavor-disposable-vapes","12":"product_cat-low-nicotine-disposable-vapes","13":"product_cat-rechargeable-disposable-vapes","14":"product_cat-smart-screen-disposable-vapes","15":"product_cat-vapsolo-vape","16":"product_cat-germany-best-selling-vape","17":"product_cat-italy-wholesale-vape","18":"product_cat-netherlands-hot-sale-vape","19":"product_cat-poland-hot-sale-vape","20":"product_cat-spain-best-hot-sale-vape","21":"product_cat-fance-hot-sale-vape","22":"product_cat-rechargeable-vapes","23":"product_cat-smart-screen-vapes","24":"product_cat-minimum-order-quantity-50pcs","25":"product_tag-best-hot-sale-vape","26":"product_tag-double-flavor-vape","27":"product_tag-dual-flavour-vape","28":"product_tag-hot-sale-vape","29":"product_tag-low-nicotine-disposable-vape","30":"product_tag-vapsolo-dg-18000","31":"product_tag-vapsolo-vape","32":"desktop-align-left","33":"tablet-align-left","34":"mobile-align-left","36":"first","37":"instock","38":"sale","39":"shipping-taxable","40":"purchasable","41":"product-type-simple"},"uagb_featured_image_src":{"full":["https:\/\/rmvapesale.com\/wp-content\/uploads\/2025\/01\/Vapsolo-DG-18000-Puff-Disposable-Vape-Cheap-Price.webp",1000,1000,false],"thumbnail":["https:\/\/rmvapesale.com\/wp-content\/uploads\/2025\/01\/Vapsolo-DG-18000-Puff-Disposable-Vape-Cheap-Price-150x150.webp",150,150,true],"medium":["https:\/\/rmvapesale.com\/wp-content\/uploads\/2025\/01\/Vapsolo-DG-18000-Puff-Disposable-Vape-Cheap-Price-300x300.webp",300,300,true],"medium_large":["https:\/\/rmvapesale.com\/wp-content\/uploads\/2025\/01\/Vapsolo-DG-18000-Puff-Disposable-Vape-Cheap-Price-768x768.webp",768,768,true],"large":["https:\/\/rmvapesale.com\/wp-content\/uploads\/2025\/01\/Vapsolo-DG-18000-Puff-Disposable-Vape-Cheap-Price.webp",1000,1000,false],"1536x1536":["https:\/\/rmvapesale.com\/wp-content\/uploads\/2025\/01\/Vapsolo-DG-18000-Puff-Disposable-Vape-Cheap-Price.webp",1000,1000,false],"2048x2048":["https:\/\/rmvapesale.com\/wp-content\/uploads\/2025\/01\/Vapsolo-DG-18000-Puff-Disposable-Vape-Cheap-Price.webp",1000,1000,false],"trp-custom-language-flag":["https:\/\/rmvapesale.com\/wp-content\/uploads\/2025\/01\/Vapsolo-DG-18000-Puff-Disposable-Vape-Cheap-Price.webp",12,12,false],"woocommerce_thumbnail":["https:\/\/rmvapesale.com\/wp-content\/uploads\/2025\/01\/Vapsolo-DG-18000-Puff-Disposable-Vape-Cheap-Price-300x300.webp",300,300,true],"woocommerce_single":["https:\/\/rmvapesale.com\/wp-content\/uploads\/2025\/01\/Vapsolo-DG-18000-Puff-Disposable-Vape-Cheap-Price-600x600.webp",600,600,true],"woocommerce_gallery_thumbnail":["https:\/\/rmvapesale.com\/wp-content\/uploads\/2025\/01\/Vapsolo-DG-18000-Puff-Disposable-Vape-Cheap-Price-100x100.webp",100,100,true],"wcpr-photo-reviews":["https:\/\/rmvapesale.com\/wp-content\/uploads\/2025\/01\/Vapsolo-DG-18000-Puff-Disposable-Vape-Cheap-Price.webp",500,500,false]},"uagb_author_info":{"display_name":"AMY","author_link":"https:\/\/rmvapesale.com\/de\/author\/"},"uagb_comment_info":0,"uagb_excerpt":"Vapsolo DG 18000 Puffs Twins Flavor Rechargeable Disposable Vape Vapsolo DG 18k Puff Hot Sale\u00a0Disposable Vape Bulk Buy Vapsolo DG 18000 Puffs LED Display\u00a0Smart Screen Wholesale Disposable Contact Amy to get right reply and vape coupon! WhatsApp: +86 17776015835 &nbsp;","_links":{"self":[{"href":"https:\/\/rmvapesale.com\/de\/wp-json\/wp\/v2\/product\/3011","targetHints":{"allow":["GET"]}}],"collection":[{"href":"https:\/\/rmvapesale.com\/de\/wp-json\/wp\/v2\/product"}],"about":[{"href":"https:\/\/rmvapesale.com\/de\/wp-json\/wp\/v2\/types\/product"}],"replies":[{"embeddable":true,"href":"https:\/\/rmvapesale.com\/de\/wp-json\/wp\/v2\/comments?post=3011"}],"wp:featuredmedia":[{"embeddable":true,"href":"https:\/\/rmvapesale.com\/de\/wp-json\/wp\/v2\/media\/3006"}],"wp:attachment":[{"href":"https:\/\/rmvapesale.com\/de\/wp-json\/wp\/v2\/media?parent=3011"}],"wp:term":[{"taxonomy":"product_brand","embeddable":true,"href":"https:\/\/rmvapesale.com\/de\/wp-json\/wp\/v2\/product_brand?post=3011"},{"taxonomy":"product_cat","embeddable":true,"href":"https:\/\/rmvapesale.com\/de\/wp-json\/wp\/v2\/product_cat?post=3011"},{"taxonomy":"product_tag","embeddable":true,"href":"https:\/\/rmvapesale.com\/de\/wp-json\/wp\/v2\/product_tag?post=3011"}],"curies":[{"name":"wp","href":"https:\/\/api.w.org\/{rel}","templated":true}]}}