{"id":3013,"date":"2025-01-29T07:27:53","date_gmt":"2025-01-29T07:27:53","guid":{"rendered":"https:\/\/rmvapesale.com\/?post_type=product&#038;p=3013"},"modified":"2025-01-23T07:39:23","modified_gmt":"2025-01-23T07:39:23","slug":"bood-vape-30000-puff-bar-disposable-vape-wholesale-vape-pen-at-a-cheap-price","status":"publish","type":"product","link":"https:\/\/rmvapesale.com\/de\/product\/bood-vape-30000-puff-bar-disposable-vape-wholesale-vape-pen-at-a-cheap-price\/","title":{"rendered":"Bood Vape 30000 Puff Bar Einweg-Vape Gro\u00dfhandel Vape Pen zum g\u00fcnstigen Preis"},"content":{"rendered":"<div class=\"B2VR9 CJHX3e\">\n<div class=\"wyccme\">\n<div class=\"flex-shrink-0 flex flex-col relative items-end\">\n<div class=\"pt-0\">\n<div class=\"gizmo-bot-avatar flex h-8 w-8 items-center justify-center overflow-hidden rounded-full\">\n<div class=\"relative p-1 rounded-sm flex items-center justify-center bg-token-main-surface-primary text-token-text-primary h-8 w-8\">\n<div class=\"flex-shrink-0 flex flex-col relative items-end\">\n<div class=\"pt-0\">\n<div class=\"gizmo-bot-avatar flex h-8 w-8 items-center justify-center overflow-hidden rounded-full\">\n<div class=\"flex-shrink-0 flex flex-col relative items-end\">\n<div class=\"pt-0\">\n<div class=\"gizmo-bot-avatar flex h-8 w-8 items-center justify-center overflow-hidden rounded-full\">\n<h1 class=\"relative p-1 rounded-sm flex items-center justify-center bg-token-main-surface-primary text-token-text-primary h-8 w-8\">Bood Vape 30000 Puff Bar Einweg-Vape Gro\u00dfhandel Vape Pen zum g\u00fcnstigen Preis<\/h1>\n<\/div>\n<\/div>\n<\/div>\n<\/div>\n<\/div>\n<\/div>\n<\/div>\n<\/div>\n<\/div>\n<\/div>\n<div class=\"group\/conversation-turn relative flex w-full min-w-0 flex-col agent-turn\">\n<div class=\"flex-col gap-1 md:gap-3\">\n<div class=\"flex max-w-full flex-col flex-grow\">\n<div class=\"min-h-8 text-message flex w-full flex-col items-end gap-2 whitespace-normal break-words text-start [.text-message+&amp;]:mt-5\" dir=\"auto\" data-message-author-role=\"assistant\" data-message-id=\"80ece0c4-ead1-4ed9-a9f0-ddc22582b4f4\" data-message-model-slug=\"gpt-4o\">\n<p>Der <strong>Bood Vape 30000 Zug Bar Einweg Vape<\/strong> ist f\u00fcr Dampfer konzipiert, die verlangen <strong>lang anhaltende Leistung, einstellbaren Luftstrom und intelligente Display-Technologie<\/strong>, alles zu einem <strong>erschwinglichen Gro\u00dfhandelspreis<\/strong>. Mit einer beeindruckenden <strong>30.000 Zug-Kapazit\u00e4t<\/strong>, ist dieser wiederaufladbare Vape-Stift perfekt f\u00fcr diejenigen, die Bequemlichkeit suchen, ohne auf Qualit\u00e4t zu verzichten.<\/p>\n<p>Gef\u00fcllt mit <strong>20 ml vorgef\u00fcllige E-Liquid<\/strong>, sorgt der Bood Vape f\u00fcr verl\u00e4ngerte Dampfsitzungen ohne st\u00e4ndiges Nachf\u00fcllen. Sein <strong>Dual-Mesh-Coil-Technologie<\/strong> liefert glatten, geschmackvollen Dampf bei jedem Zug, w\u00e4hrend der <strong>1,0\u03a9 Coil-Widerstand<\/strong> sowohl die Dampferzeugung als auch den Geschmack optimiert.<\/p>\n<p>Der <strong>einstellbare Luftstromkontrolle<\/strong> erm\u00f6glicht es Ihnen, Ihr Erlebnis zu personalisieren\u2014ob Sie eine enge, intensive Zugkraft oder einen entspannteren, luftigen Zug bevorzugen. Au\u00dferdem bietet das <strong>Smart-Display<\/strong> Display Echtzeit-Updates zur Zuganzahl und Batterielebensdauer, sodass Sie w\u00e4hrend Ihrer Dampfreise stets informiert bleiben.<\/p>\n<p>Angetrieben von einem <strong>wiederaufladbarer 650mAh-Akku<\/strong>, das Ger\u00e4t verf\u00fcgt \u00fcber ein <strong>Typ-C Schnellladeanschluss<\/strong>, um eine schnelle und effiziente Stromversorgung bei Bedarf zu gew\u00e4hrleisten. Mit <strong>drei Nikotinst\u00e4rkenoptionen (0%, 2% und 5%)<\/strong>zu bieten, <strong>Einweg-Vape mit wenig Nikotin<\/strong> bedient alle Vorlieben, von nikotinfrei bis hin zu einem starken, befriedigenden Zug.<\/p>\n<p>Ideal f\u00fcr Einzelh\u00e4ndler und H\u00e4ndler, die <strong>Bood Vape 30000 Puffs Bar<\/strong> ist zu einem unschlagbaren <strong>Gro\u00dfhandelspreis f\u00fcr Einweg-Vapes<\/strong>erh\u00e4ltlich, was eine hervorragende Option f\u00fcr den Gro\u00dfeinkauf darstellt. W\u00e4hlen Sie aus <strong>10 aufregenden Geschmacksrichtungen<\/strong>, die f\u00fcr jeden etwas bieten.<\/p>\n<\/div>\n<\/div>\n<\/div>\n<\/div>\n<div class=\"flex-shrink-0 flex flex-col relative items-end\">\n<div class=\"pt-0\">\n<div class=\"gizmo-bot-avatar flex h-8 w-8 items-center justify-center overflow-hidden rounded-full\">\n<p>&nbsp;<\/p>\n<\/div>\n<\/div>\n<\/div>\n<\/div>\n<\/div>\n<p><strong>Kontaktieren Sie Amy, um die richtige Antwort und einen Gutschein f\u00fcr E-Zigaretten zu erhalten!<\/strong><\/p>\n<p><img loading=\"lazy\" decoding=\"async\" class=\"size-full wp-image-1978\" src=\"https:\/\/rmvapesale.com\/wp-content\/uploads\/2024\/09\/Disposable-Vape-Wholesale.jpg\" alt=\"Einweg-Vape Gro\u00dfhandel\" width=\"229\" height=\"300\" \/><\/p>\n<h3><a href=\"https:\/\/wa.me\/8617776015835\" target=\"_blank\" rel=\"noopener\"><span style=\"color: #ff0000\"><strong>WhatsApp: +86 17776015835<\/strong><\/span><\/a><\/h3>\n<h3><\/h3>\n<h3><strong style=\"font-size: 1.7em\">Bood Vape 30000 Puffs Hauptmerkmale<\/strong><\/h3>\n<ul>\n<li><strong>Massive Puffs-Anzahl:<\/strong> Genie\u00dfen Sie bis zu 30.000 Z\u00fcge f\u00fcr langanhaltende Zufriedenheit.<\/li>\n<li><strong>20ml vorgef\u00fclliges E-Liquid:<\/strong> Sorgt f\u00fcr ein verl\u00e4ngertes Dampferlebnis ohne Nachf\u00fcllen.<\/li>\n<li><strong>Wiederaufladbarer 650mAh Akku:<\/strong> Konstante Leistung mit Typ-C-Schnellladung.<\/li>\n<li><strong>Einstellbare Luftzufuhr:<\/strong> Passen Sie Ihren Dampfstil mit pr\u00e4ziser Luftstromsteuerung an.<\/li>\n<li><strong>Intelligentes Display:<\/strong> \u00dcberwachen Sie die Zuganzahl und die Batterielebensdauer in Echtzeit.<\/li>\n<\/ul>\n<figure id=\"attachment_2978\" aria-describedby=\"caption-attachment-2978\" style=\"width: 1000px\" class=\"wp-caption alignnone\"><img loading=\"lazy\" decoding=\"async\" class=\"wp-image-2978 size-full\" src=\"https:\/\/rmvapesale.com\/wp-content\/uploads\/2025\/01\/BOOD-Infinity-30k-Vape-Price.webp\" alt=\"BOOD Infinity 30k Vape Preis\" width=\"1000\" height=\"1000\" srcset=\"https:\/\/rmvapesale.com\/wp-content\/uploads\/2025\/01\/BOOD-Infinity-30k-Vape-Price.webp 1000w, https:\/\/rmvapesale.com\/wp-content\/uploads\/2025\/01\/BOOD-Infinity-30k-Vape-Price-300x300.webp 300w, https:\/\/rmvapesale.com\/wp-content\/uploads\/2025\/01\/BOOD-Infinity-30k-Vape-Price-150x150.webp 150w, https:\/\/rmvapesale.com\/wp-content\/uploads\/2025\/01\/BOOD-Infinity-30k-Vape-Price-768x768.webp 768w, https:\/\/rmvapesale.com\/wp-content\/uploads\/2025\/01\/BOOD-Infinity-30k-Vape-Price-600x600.webp 600w, https:\/\/rmvapesale.com\/wp-content\/uploads\/2025\/01\/BOOD-Infinity-30k-Vape-Price-100x100.webp 100w\" sizes=\"auto, (max-width: 1000px) 100vw, 1000px\" \/><figcaption id=\"caption-attachment-2978\" class=\"wp-caption-text\">BOOD Infinity 30k Vape Preis<\/figcaption><\/figure>\n<h3><strong style=\"font-size: 1.7em\">Top-Verkauf Geschmack f\u00fcr Bood Vape 30000 Z\u00fcge<\/strong><strong style=\"font-size: 1.7em\"> Vape<\/strong><\/h3>\n<p>Der <strong>Bood Vape 30000 Zug Bar Einweg Vape<\/strong> kombiniert beeindruckende Leistung, intelligente Funktionen und Erschwinglichkeit, was ihn zu einem der <strong>beliebtesten Einweg-Vapes<\/strong> verf\u00fcgbar macht. Bestellen Sie noch heute und erleben Sie das Vape-Erlebnis in seiner besten Form!<\/p>\n<p>1 ERDBEER-WASSERMELONE <span style=\"color: #ff0000\"><strong>&gt;&gt;&gt;&gt; Hei\u00df!<\/strong><\/span><br \/>\n2 PEACHY MANGO ANANAS<br \/>\n3 LUSH ICE<br \/>\n4 BEEREN-BURST <span style=\"color: #ff0000\"><strong>&gt;&gt;&gt;&gt; Hei\u00df!<\/strong><\/span><br \/>\n5 ERDBEER-KIWI<br \/>\n6 HAWAII<br \/>\n7 BLAUE RAZZ ICE <span style=\"color: #ff0000\"><strong>&gt;&gt;&gt;&gt; Am besten!<\/strong><\/span><br \/>\n8 BLAUBEER-LIMONADE<br \/>\n9 SCHWARZER EIS<br \/>\n10 TIFFANY<\/p>\n<h3><strong>Warum RMVAPESALE f\u00fcr Bood Vape 30000 Puff w\u00e4hlen\u00a0 <\/strong><strong>V<\/strong><strong>Gro\u00dfhandel<\/strong><strong>?<\/strong><\/h3>\n<div class=\"flex-shrink-0 flex flex-col relative items-end\">\n<div class=\"pt-0\">\n<div class=\"gizmo-bot-avatar flex h-8 w-8 items-center justify-center overflow-hidden rounded-full\">\n<p>Da der Wettbewerb auf dem Markt f\u00fcr Einweg-E-Zigaretten intensiver wird, hat RMVAPESALE, ein weltweit f\u00fchrender Gro\u00dfh\u00e4ndler f\u00fcr Einweg-Vape-L\u00f6sungen, die Bood Vape 30000 Puff Bar eingef\u00fchrt. Dieses bahnbrechende Produkt zieht Aufmerksamkeit durch sein einzigartiges \u00e4sthetisches und modisches Design auf sich. Mit einer umfangreichen Auswahl an fruchtigen Geschmacksrichtungen spricht es eine breite Palette von Verbraucherpr\u00e4ferenzen an und legt dabei Wert auf Innovation und Vielseitigkeit.<\/p>\n<p class=\"relative p-1 rounded-sm flex items-center justify-center bg-token-main-surface-primary text-token-text-primary h-8 w-8\">Rmvapesale ist Ihr vertrauensw\u00fcrdiger Vape-Shop f\u00fcr hochwertige Einweg-Vapes. Mit mehr als 5 Jahren Erfahrung bieten wir Ihnen beliebte Einweg-Vape-Marken wie Al Fakher, JNR Vape, Vapsolo Vape, Vapme Vape, <a href=\"https:\/\/rmvapesale.com\/de\/product-category\/bang-vapes\/\">Bang Vape<\/a>, Waspe Vape, WGA Vape und<a href=\"https:\/\/rmvapesale.com\/de\/product-category\/randm-fumot-vape\/\"> RandM Vape<\/a>. Unser Sortiment umfasst hei\u00df verkaufte Einweg-Vapes wie den <a href=\"https:\/\/rmvapesale.com\/de\/product\/waspe-crystal-40000-puffs-double-flavor-led-display-disposable-vape-bulk-buy\/\">WASPE Crystal 40000 Z\u00fcge<\/a> und geschmacksreiche Optionen wie die<a href=\"https:\/\/rmvapesale.com\/de\/product\/aivono-fatman-15000-puffs-vape-disposable-e-cigarettes-mtl\/\"> AIVONO Shisha Hoohak 15000<\/a>. Jedes Produkt wird mit Fokus auf Qualit\u00e4t, Wert und Vielfalt ausgew\u00e4hlt, um sicherzustellen, dass Sie die perfekte \u00dcbereinstimmung f\u00fcr Ihre Bed\u00fcrfnisse finden. Entdecken Sie au\u00dfergew\u00f6hnlichen Service und eine breite Palette an Top-Produkten bei Rmvapesale.<\/p>\n<p class=\"relative p-1 rounded-sm flex items-center justify-center bg-token-main-surface-primary text-token-text-primary h-8 w-8\"><b style=\"font-size: 1.5em;font-style: inherit\">FAQS F\u00fcr Bood Vape 30000 <\/b><b style=\"font-size: 1.5em;font-style: inherit\">Wiederaufladbare Einweg-Vape<\/b><\/p>\n<ol>\n<li><strong>Wo kann ich die Bood Vape 30000 Puff Bar zu Gro\u00dfhandelspreisen kaufen?<\/strong>\n<ul>\n<li>Sie k\u00f6nnen sie zu den besten Gro\u00dfhandelspreisen bei <a href=\"https:\/\/rmvapesale.com\/de\/\" target=\"_new\" rel=\"noopener\">Rmvapesale<\/a>, mit tollen Mengenrabatten erwerben.<\/li>\n<\/ul>\n<\/li>\n<li><strong>Welche Nikotinst\u00e4rken sind in der Bood Vape 30000 erh\u00e4ltlich?<\/strong>\n<ul>\n<li>Sie ist in den Nikotinst\u00e4rken 0%, 2% und 5% erh\u00e4ltlich und deckt verschiedene Vaping-Bed\u00fcrfnisse ab.<\/li>\n<\/ul>\n<\/li>\n<li><strong>Wie funktioniert die einstellbare Luftzufuhr?<\/strong>\n<ul>\n<li>Die Luftstromsteuerung erm\u00f6glicht es Ihnen, Ihren Zug von eng bis luftig anzupassen f\u00fcr ein personalisiertes Erlebnis.<\/li>\n<\/ul>\n<\/li>\n<li><strong>Wie lange h\u00e4lt die wiederaufladbare Batterie?<\/strong>\n<ul>\n<li>Die 650mAh Batterie bietet eine lang anhaltende Leistung und kann schnell \u00fcber den Type-C-Anschluss aufgeladen werden.<\/li>\n<\/ul>\n<\/li>\n<li><strong>Welche Geschmacksrichtungen sind in der Bood Vape 30000 Puff Bar erh\u00e4ltlich?<\/strong>\n<ul>\n<li>Es gibt 10 k\u00f6stliche Geschmacksrichtungen zur Auswahl, die eine Vielzahl von Geschmacksvorlieben abdecken.<\/li>\n<\/ul>\n<\/li>\n<\/ol>\n<\/div>\n<\/div>\n<\/div>\n<h2>Wie bestelle ich?<\/h2>\n<div class=\"flex-shrink-0 flex flex-col relative items-end\">\n<div class=\"pt-0\">\n<div class=\"gizmo-bot-avatar flex h-8 w-8 items-center justify-center overflow-hidden rounded-full\">\n<div>\n<p><strong>1. Welche Zahlungsmethoden akzeptieren Sie?<\/strong><br \/>\n<span class=\"selectable-text copyable-text false\">F\u00fcr die Zahlung bieten wir Bank\u00fcberweisung und Western Union an. Die meisten unserer Kunden in Europa w\u00e4hlen die Bank\u00fcberweisung, wir haben ein lokales Bankkonto, auf das Sie ohne Bearbeitungsgeb\u00fchr auf unser IBAN-Konto einzahlen k\u00f6nnen. <\/span>.<\/p>\n<p><strong>2. Wie kann ich meine Bestellung verfolgen?<\/strong><br \/>\nNachdem das Paket versandt wurde, <span class=\"selectable-text copyable-text false\">stellen wir Ihnen die Sendungsverfolgungsnummer zur Verf\u00fcgung und halten Sie \u00fcber den Status auf dem Laufenden, bis Sie die Ware erhalten haben.<\/span>.<\/p>\n<p><strong>3. Wie lange dauert die Lieferung?<\/strong><\/p>\n<ul>\n<li>Versand von <strong>Lagern in China<\/strong> dauert ungef\u00e4hr <strong>7-14 Werktage<\/strong>.<\/li>\n<li>Versand von <strong>Europ\u00e4ische Lager<\/strong> dauert normalerweise <strong>3-6 Werktage<\/strong>.<\/li>\n<\/ul>\n<p><strong>4. Wie kann ich eine schnellere Lieferung erhalten?<\/strong><br \/>\nF\u00fcr eine schnellere Lieferung empfehlen wir, in unserem <strong>Europ\u00e4ischen Lager<\/strong>zu bestellen, das schnellere Versandzeiten bietet.<\/p>\n<p><strong>5. Was ist, wenn ich ein besch\u00e4digtes oder defektes Produkt erhalte?<\/strong><br \/>\nWenn Ihr Artikel besch\u00e4digt oder defekt ist, wenden Sie sich f\u00fcr einen <strong>Ersatz oder eine R\u00fcckerstattung<\/strong>.<\/p>\n<p><strong>an den Kundendienst.<\/strong><br \/>\n6. Wie kann ich den Kundendienst kontaktieren?<strong>\u00a0Sie erreichen uns per<\/strong> WhatsApp oder Live-Chat<\/p>\n<\/div>\n<div class=\"relative p-1 rounded-sm flex items-center justify-center bg-token-main-surface-primary text-token-text-primary h-8 w-8\"><strong>auf unserer Website, wenn Sie Hilfe ben\u00f6tigen.<\/strong><\/div>\n<\/div>\n<\/div>\n<\/div>\n<div class=\"group\/conversation-turn relative flex w-full min-w-0 flex-col agent-turn\">\n<div class=\"flex-col gap-1 md:gap-3\">\n<div class=\"flex max-w-full flex-col flex-grow\">\n<div class=\"min-h-[20px] text-message flex w-full flex-col items-end gap-2 whitespace-normal break-words [.text-message+&amp;]:mt-5 overflow-x-auto\" dir=\"auto\" data-message-author-role=\"assistant\" data-message-id=\"22f8283b-3233-46ff-89a5-c7a41b33abda\">\n<div class=\"flex w-full flex-col gap-1 empty:hidden first:pt-[3px]\">\n<div class=\"markdown prose w-full break-words dark:prose-invert light\">\n<p>Wir arbeiten mit UPS, DHL, FedEx, DPD und anderen f\u00fchrenden Transportunternehmen zusammen. Wir w\u00e4hlen die beste Versandmethode basierend auf Ihrem Lieferort aus, um sicherzustellen, dass Sie Ihre Produkte so schnell wie m\u00f6glich erhalten.<\/p>\n<\/div>\n<\/div>\n<\/div>\n<\/div>\n<\/div>\n<\/div>\n<p>Finden Sie weitere Vape-Produkte, die Ihnen gefallen k\u00f6nnten:<strong><em><a href=\"https:\/\/rmvapesale.com\/de\/shop-2\/\">jetzt einkaufen &gt;&gt;&gt;<\/a><\/em><\/strong><\/p>","protected":false},"excerpt":{"rendered":"<p>Bood Vape 30000 30k Zug Bar Wiederaufladbare Einweg Vape G\u00fcnstiger Preis<br \/>\nBood Vape 30000 Bestseller Einweg Vape Stift Gro\u00dfeinkauf<br \/>\nBood Vape 30000 LED-Anzeige Intelligentes Display Einweg Vape Gro\u00dfhandel<\/p>\n<p><strong>Kontaktieren Sie Amy, um die richtige Antwort und einen Gutschein f\u00fcr E-Zigaretten zu erhalten!<\/strong><\/p>\n<p><img loading=\"lazy\" decoding=\"async\" class=\"size-full wp-image-2375\" src=\"https:\/\/rmvapesale.com\/wp-content\/uploads\/2024\/10\/image.png\" alt=\"Bester Einweg-Vape\" width=\"229\" height=\"300\" \/><\/p>\n<h3><a href=\"https:\/\/wa.me\/8617776015835\"><span style=\"color: #ff0000\"><strong>WhatsApp: +86 17776015835<\/strong><\/span><\/a><\/h3>\n<p>&nbsp;<\/p>","protected":false},"featured_media":2977,"comment_status":"open","ping_status":"closed","template":"","meta":{"_uag_custom_page_level_css":"","_lmt_disableupdate":"no","_lmt_disable":"","site-sidebar-layout":"default","site-content-layout":"content-boxed-container","ast-site-content-layout":"normal-width-container","site-content-style":"boxed","site-sidebar-style":"unboxed","ast-global-header-display":"","ast-banner-title-visibility":"","ast-main-header-display":"","ast-hfb-above-header-display":"","ast-hfb-below-header-display":"","ast-hfb-mobile-header-display":"","site-post-title":"","ast-breadcrumbs-content":"","ast-featured-img":"","footer-sml-layout":"","theme-transparent-header-meta":"default","adv-header-id-meta":"","stick-header-meta":"","header-above-stick-meta":"","header-main-stick-meta":"","header-below-stick-meta":"","astra-migrate-meta-layouts":"set","ast-page-background-enabled":"default","ast-page-background-meta":{"desktop":{"background-color":"var(--ast-global-color-4)","background-image":"","background-repeat":"repeat","background-position":"center center","background-size":"auto","background-attachment":"scroll","background-type":"","background-media":"","overlay-type":"","overlay-color":"","overlay-opacity":"","overlay-gradient":""},"tablet":{"background-color":"","background-image":"","background-repeat":"repeat","background-position":"center center","background-size":"auto","background-attachment":"scroll","background-type":"","background-media":"","overlay-type":"","overlay-color":"","overlay-opacity":"","overlay-gradient":""},"mobile":{"background-color":"","background-image":"","background-repeat":"repeat","background-position":"center center","background-size":"auto","background-attachment":"scroll","background-type":"","background-media":"","overlay-type":"","overlay-color":"","overlay-opacity":"","overlay-gradient":""}},"ast-content-background-meta":{"desktop":{"background-color":"var(--ast-global-color-5)","background-image":"","background-repeat":"repeat","background-position":"center center","background-size":"auto","background-attachment":"scroll","background-type":"","background-media":"","overlay-type":"","overlay-color":"","overlay-opacity":"","overlay-gradient":""},"tablet":{"background-color":"var(--ast-global-color-5)","background-image":"","background-repeat":"repeat","background-position":"center center","background-size":"auto","background-attachment":"scroll","background-type":"","background-media":"","overlay-type":"","overlay-color":"","overlay-opacity":"","overlay-gradient":""},"mobile":{"background-color":"var(--ast-global-color-5)","background-image":"","background-repeat":"repeat","background-position":"center center","background-size":"auto","background-attachment":"scroll","background-type":"","background-media":"","overlay-type":"","overlay-color":"","overlay-opacity":"","overlay-gradient":""}},"_joinchat":[]},"product_brand":[],"product_cat":[15,289,290,291,292,293,295,299,265,253,25,123,26,28,135,27,137,136,30],"product_tag":[146,305,222,64,40,111,306],"class_list":{"0":"post-3013","1":"product","2":"type-product","3":"status-publish","4":"has-post-thumbnail","6":"product_cat-new-vape-this-week","7":"product_cat-big-puffs-disposable-vapes","8":"product_cat-crystal-disposable-vapes","9":"product_cat-dual-mesh-disposable-vapes","10":"product_cat-digital-disposable-vapes","11":"product_cat-low-nicotine-disposable-vapes","12":"product_cat-rechargeable-disposable-vapes","13":"product_cat-smart-screen-disposable-vapes","14":"product_cat-bood-disposable-vape","15":"product_cat-15000-puff-disposable-vape","16":"product_cat-germany-best-selling-vape","17":"product_cat-italy-wholesale-vape","18":"product_cat-netherlands-hot-sale-vape","19":"product_cat-poland-hot-sale-vape","20":"product_cat-spain-best-hot-sale-vape","21":"product_cat-fance-hot-sale-vape","22":"product_cat-rechargeable-vapes","23":"product_cat-smart-screen-vapes","24":"product_cat-minimum-order-quantity-50pcs","25":"product_tag-best-hot-sale-vape","26":"product_tag-bood-vape-30000","27":"product_tag-double-flavor-vape","28":"product_tag-dual-flavour-vape","29":"product_tag-hot-sale-vape","30":"product_tag-low-nicotine-disposable-vape","31":"product_tag-puff-bar","32":"desktop-align-left","33":"tablet-align-left","34":"mobile-align-left","36":"first","37":"instock","38":"sale","39":"shipping-taxable","40":"purchasable","41":"product-type-simple"},"uagb_featured_image_src":{"full":["https:\/\/rmvapesale.com\/wp-content\/uploads\/2025\/01\/Best-Bood-Infinity-30000-Puff-Rechargeable-Disposable-Vape.webp",1000,1000,false],"thumbnail":["https:\/\/rmvapesale.com\/wp-content\/uploads\/2025\/01\/Best-Bood-Infinity-30000-Puff-Rechargeable-Disposable-Vape-150x150.webp",150,150,true],"medium":["https:\/\/rmvapesale.com\/wp-content\/uploads\/2025\/01\/Best-Bood-Infinity-30000-Puff-Rechargeable-Disposable-Vape-300x300.webp",300,300,true],"medium_large":["https:\/\/rmvapesale.com\/wp-content\/uploads\/2025\/01\/Best-Bood-Infinity-30000-Puff-Rechargeable-Disposable-Vape-768x768.webp",768,768,true],"large":["https:\/\/rmvapesale.com\/wp-content\/uploads\/2025\/01\/Best-Bood-Infinity-30000-Puff-Rechargeable-Disposable-Vape.webp",1000,1000,false],"1536x1536":["https:\/\/rmvapesale.com\/wp-content\/uploads\/2025\/01\/Best-Bood-Infinity-30000-Puff-Rechargeable-Disposable-Vape.webp",1000,1000,false],"2048x2048":["https:\/\/rmvapesale.com\/wp-content\/uploads\/2025\/01\/Best-Bood-Infinity-30000-Puff-Rechargeable-Disposable-Vape.webp",1000,1000,false],"trp-custom-language-flag":["https:\/\/rmvapesale.com\/wp-content\/uploads\/2025\/01\/Best-Bood-Infinity-30000-Puff-Rechargeable-Disposable-Vape.webp",12,12,false],"woocommerce_thumbnail":["https:\/\/rmvapesale.com\/wp-content\/uploads\/2025\/01\/Best-Bood-Infinity-30000-Puff-Rechargeable-Disposable-Vape-300x300.webp",300,300,true],"woocommerce_single":["https:\/\/rmvapesale.com\/wp-content\/uploads\/2025\/01\/Best-Bood-Infinity-30000-Puff-Rechargeable-Disposable-Vape-600x600.webp",600,600,true],"woocommerce_gallery_thumbnail":["https:\/\/rmvapesale.com\/wp-content\/uploads\/2025\/01\/Best-Bood-Infinity-30000-Puff-Rechargeable-Disposable-Vape-100x100.webp",100,100,true],"wcpr-photo-reviews":["https:\/\/rmvapesale.com\/wp-content\/uploads\/2025\/01\/Best-Bood-Infinity-30000-Puff-Rechargeable-Disposable-Vape.webp",500,500,false]},"uagb_author_info":{"display_name":"AMY","author_link":"https:\/\/rmvapesale.com\/de\/author\/"},"uagb_comment_info":0,"uagb_excerpt":"Bood Vape 30000 30k Puff Bar Rechargeable Disposable Vape Cheap Price Bood Vape 30000 Hot Sale Disposable Vape Pen Bulk Buy Bood Vape 30000 LED Display Smart Screen Disposable Vape Wholesale Contact Amy to get right reply and vape coupon! WhatsApp: +86 17776015835 &nbsp;","_links":{"self":[{"href":"https:\/\/rmvapesale.com\/de\/wp-json\/wp\/v2\/product\/3013","targetHints":{"allow":["GET"]}}],"collection":[{"href":"https:\/\/rmvapesale.com\/de\/wp-json\/wp\/v2\/product"}],"about":[{"href":"https:\/\/rmvapesale.com\/de\/wp-json\/wp\/v2\/types\/product"}],"replies":[{"embeddable":true,"href":"https:\/\/rmvapesale.com\/de\/wp-json\/wp\/v2\/comments?post=3013"}],"wp:featuredmedia":[{"embeddable":true,"href":"https:\/\/rmvapesale.com\/de\/wp-json\/wp\/v2\/media\/2977"}],"wp:attachment":[{"href":"https:\/\/rmvapesale.com\/de\/wp-json\/wp\/v2\/media?parent=3013"}],"wp:term":[{"taxonomy":"product_brand","embeddable":true,"href":"https:\/\/rmvapesale.com\/de\/wp-json\/wp\/v2\/product_brand?post=3013"},{"taxonomy":"product_cat","embeddable":true,"href":"https:\/\/rmvapesale.com\/de\/wp-json\/wp\/v2\/product_cat?post=3013"},{"taxonomy":"product_tag","embeddable":true,"href":"https:\/\/rmvapesale.com\/de\/wp-json\/wp\/v2\/product_tag?post=3013"}],"curies":[{"name":"wp","href":"https:\/\/api.w.org\/{rel}","templated":true}]}}