{"id":3014,"date":"2025-01-30T07:39:46","date_gmt":"2025-01-30T07:39:46","guid":{"rendered":"https:\/\/rmvapesale.com\/?post_type=product&#038;p=3014"},"modified":"2025-01-23T08:01:17","modified_gmt":"2025-01-23T08:01:17","slug":"bang-box-30000-30k-puffs-double-taste-rechargeable-disposable-vape-0-2-5-nicotine-led-display-factory-price","status":"publish","type":"product","link":"https:\/\/rmvapesale.com\/de\/product\/bang-box-30000-30k-puffs-double-taste-rechargeable-disposable-vape-0-2-5-nicotine-led-display-factory-price\/","title":{"rendered":"Bang Box 30000 30k Z\u00fcge Doppelgeschmack Wiederaufladbarer Einweg-Vape 0% 2% 5% Nikotin LED-Anzeige Fabrikpreis"},"content":{"rendered":"<div class=\"B2VR9 CJHX3e\">\n<div class=\"wyccme\">\n<div class=\"flex-shrink-0 flex flex-col relative items-end\">\n<div class=\"pt-0\">\n<div class=\"gizmo-bot-avatar flex h-8 w-8 items-center justify-center overflow-hidden rounded-full\">\n<div class=\"relative p-1 rounded-sm flex items-center justify-center bg-token-main-surface-primary text-token-text-primary h-8 w-8\">\n<div class=\"flex-shrink-0 flex flex-col relative items-end\">\n<div class=\"pt-0\">\n<div class=\"gizmo-bot-avatar flex h-8 w-8 items-center justify-center overflow-hidden rounded-full\">\n<div class=\"flex-shrink-0 flex flex-col relative items-end\">\n<div class=\"pt-0\">\n<div class=\"gizmo-bot-avatar flex h-8 w-8 items-center justify-center overflow-hidden rounded-full\">\n<h1 class=\"relative p-1 rounded-sm flex items-center justify-center bg-token-main-surface-primary text-token-text-primary h-8 w-8\">Bang Box 30000 30k Z\u00fcge Doppelgeschmack Wiederaufladbarer Einweg-Vape 0% 2% 5% Nikotin LED-Anzeige Fabrikpreis<\/h1>\n<\/div>\n<\/div>\n<\/div>\n<\/div>\n<\/div>\n<\/div>\n<\/div>\n<\/div>\n<\/div>\n<\/div>\n<div class=\"group\/conversation-turn relative flex w-full min-w-0 flex-col agent-turn\">\n<div class=\"flex-col gap-1 md:gap-3\">\n<div class=\"flex max-w-full flex-col flex-grow\">\n<div class=\"min-h-8 text-message flex w-full flex-col items-end gap-2 whitespace-normal break-words text-start [.text-message+&amp;]:mt-5\" dir=\"auto\" data-message-author-role=\"assistant\" data-message-id=\"80ece0c4-ead1-4ed9-a9f0-ddc22582b4f4\" data-message-model-slug=\"gpt-4o\">\n<p>Der <strong>Bang Box 30000 Z\u00fcge Doppelgeschmack Wiederaufladbarer Einweg-Vape<\/strong> ist die ultimative Wahl f\u00fcr Dampfer, die suchen nach <strong>langlebiger Leistung, anpassbaren Funktionen und einem unschlagbaren Gro\u00dfhandelspreis<\/strong>. Entwickelt, um bis zu <strong>30.000 Z\u00fcgen<\/strong>zu bieten, <strong>wiederaufladbarer Vape<\/strong> bietet ein erweitertes Dampferlebnis mit einem innovativen <strong>Doppelgeschmack<\/strong> Funktion, mit der Sie genie\u00dfen k\u00f6nnen <strong>zwei Geschmacksrichtungen in einem Ger\u00e4t<\/strong>.<\/p>\n<p>Vorgef\u00fcllt mit massiven <strong>36 ml E-Liquid<\/strong>stellt der Bang 30K kontinuierlichen Genuss ohne l\u00e4stiges Nachf\u00fcllen sicher. Egal, ob Sie ein Fan von <strong>Vapes mit niedrigem Nikotingehalt<\/strong> oder einen st\u00e4rkeren Zug bevorzugen, bietet dieses Ger\u00e4t vielseitige <strong>Nikotinst\u00e4rke-Optionen<\/strong>, erh\u00e4ltlich in <strong>0%, 2%, 3% und 5%<\/strong>, um jeder Vorliebe gerecht zu werden.<\/p>\n<p>Ausgestattet mit einer <strong>1.0\u03a9 Mesh Coil<\/strong>bietet der Vape mit jedem Zug sanften, geschmackvollen Dampf. Das <strong>einstellbare Luftstromregelung<\/strong> System erm\u00f6glicht es Ihnen, Ihren Zug anzupassen und entweder ein straffes, intensives Inhalieren oder ein lockereres, wolkengef\u00fclltes Erlebnis zu bieten.<\/p>\n<p>Das intelligente <strong>LED-Display<\/strong> h\u00e4lt Sie \u00fcber den Akku- und E-Liquid-Stand auf dem Laufenden und stellt sicher, dass Sie immer die Kontrolle haben. Mit einem <strong>550mAh Akku<\/strong> und ein <strong>Typ-C-Ladeanschluss<\/strong>genie\u00dfen Sie schnelles, effizientes Aufladen, damit Ihr Vape immer bereit ist, wann immer Sie es sind.<\/p>\n<p>Perfekt f\u00fcr <strong>Gro\u00dfhandelsk\u00e4ufer von Einweg-Vapes<\/strong>ist dieses Ger\u00e4t zu einem <strong>Fabrikpreis<\/strong>erh\u00e4ltlich, was es zu einer ausgezeichneten Wahl sowohl f\u00fcr Einzelh\u00e4ndler als auch f\u00fcr einzelne Dampfer macht, die <strong>in gro\u00dfen Mengen kaufen<\/strong>.<\/p>\n<\/div>\n<\/div>\n<\/div>\n<\/div>\n<div class=\"flex-shrink-0 flex flex-col relative items-end\">\n<div class=\"pt-0\">\n<div class=\"gizmo-bot-avatar flex h-8 w-8 items-center justify-center overflow-hidden rounded-full\">\n<p>&nbsp;<\/p>\n<\/div>\n<\/div>\n<\/div>\n<\/div>\n<\/div>\n<p><strong>Kontaktieren Sie Amy, um die richtige Antwort und einen Gutschein f\u00fcr E-Zigaretten zu erhalten!<\/strong><\/p>\n<p><img loading=\"lazy\" decoding=\"async\" class=\"size-full wp-image-1978\" src=\"https:\/\/rmvapesale.com\/wp-content\/uploads\/2024\/09\/Disposable-Vape-Wholesale.jpg\" alt=\"Einweg-Vape Gro\u00dfhandel\" width=\"229\" height=\"300\" \/><\/p>\n<h3><a href=\"https:\/\/wa.me\/8617776015835\" target=\"_blank\" rel=\"noopener\"><span style=\"color: #ff0000\"><strong>WhatsApp: +86 17776015835<\/strong><\/span><\/a><\/h3>\n<h3><\/h3>\n<h3><strong style=\"font-size: 1.7em\">Bang Box 30000 30k Z\u00fcge Hauptproduktmerkmale<\/strong><\/h3>\n<ul>\n<li><strong>30.000 Z\u00fcge Kapazit\u00e4t:<\/strong> Genie\u00dfen Sie langanhaltendes Dampfen ohne st\u00e4ndige Auswechslung.<\/li>\n<li><strong>36 ml vorgef\u00fclltes E-Liquid:<\/strong> Gro\u00dfz\u00fcgige Kapazit\u00e4t f\u00fcr ein ununterbrochenes Dampferlebnis.<\/li>\n<li><strong>Doppelte Geschmacksfunktion:<\/strong> Wechseln Sie zwischen zwei verschiedenen Geschmacksrichtungen f\u00fcr Abwechslung bei jedem Zug.<\/li>\n<li><strong>Nikotin Optionen:<\/strong> Erh\u00e4ltlich in den St\u00e4rken 0%, 2%, 3% und 5%, um verschiedenen Vorlieben gerecht zu werden.<\/li>\n<li><strong>Wiederaufladbarer Akku:<\/strong> 550mAh Akku mit Typ-C-Schnellladung f\u00fcr mehr Komfort.<\/li>\n<li><strong>Smartes LED-Display:<\/strong> Einfache \u00dcberwachung der Akkulaufzeit und des E-Liquid-Stands.<\/li>\n<li><strong>Einstellbare Luftzufuhr:<\/strong> Passen Sie Ihren Zug mit verschiedenen Luftstrom-Einstellungen an<\/li>\n<\/ul>\n<p><img loading=\"lazy\" decoding=\"async\" class=\"wp-image-2984 size-full\" src=\"https:\/\/rmvapesale.com\/wp-content\/uploads\/2025\/01\/Bang-Box-30000-Puffs-Disposable-Vape-Bulk-Buy.webp\" alt=\"Bang Box 30k Zug Aufladbarer Einweg Vape Gro\u00dfhandel\" width=\"1000\" height=\"1000\" srcset=\"https:\/\/rmvapesale.com\/wp-content\/uploads\/2025\/01\/Bang-Box-30000-Puffs-Disposable-Vape-Bulk-Buy.webp 1000w, https:\/\/rmvapesale.com\/wp-content\/uploads\/2025\/01\/Bang-Box-30000-Puffs-Disposable-Vape-Bulk-Buy-300x300.webp 300w, https:\/\/rmvapesale.com\/wp-content\/uploads\/2025\/01\/Bang-Box-30000-Puffs-Disposable-Vape-Bulk-Buy-150x150.webp 150w, https:\/\/rmvapesale.com\/wp-content\/uploads\/2025\/01\/Bang-Box-30000-Puffs-Disposable-Vape-Bulk-Buy-768x768.webp 768w, https:\/\/rmvapesale.com\/wp-content\/uploads\/2025\/01\/Bang-Box-30000-Puffs-Disposable-Vape-Bulk-Buy-600x600.webp 600w, https:\/\/rmvapesale.com\/wp-content\/uploads\/2025\/01\/Bang-Box-30000-Puffs-Disposable-Vape-Bulk-Buy-100x100.webp 100w\" sizes=\"auto, (max-width: 1000px) 100vw, 1000px\" \/><\/p>\n<h3><strong style=\"font-size: 1.7em\">Top-Seller-Geschmack f\u00fcr Bang Box 30000 30k Puff<\/strong><strong style=\"font-size: 1.7em\">\u00a0Vape<\/strong><\/h3>\n<p>1. Erdbeer-Kiwi\/Wassermelonen-Eis<br \/>\n2. Erdbeer-Kiwi\/Erdbeer-Wassermelone <span style=\"color: #ff0000\"><strong>&gt;&gt;&gt;&gt; Hei\u00df!<\/strong><\/span><br \/>\n3. Pfirsichsaft\/Blaubeer-Eis<br \/>\n4. Blaubeer-Eis\/Kiwi-Passionsfrucht-Guave<br \/>\n5. Blaubeer-saure Himbeer-Eis\/Gemischte Fr\u00fcchte <span style=\"color: #ff0000\"><strong>&gt;&gt;&gt;&gt; Hei\u00df!<\/strong><\/span><br \/>\n6. Dreifach-Beeren-Eis\/Erdbeer-Mango<br \/>\n7. Wassermelonen-Kaugummi\/Erdbeer-Wassermelone<br \/>\n8. Blaubeer-Eis\/Wassermelonen-Eis<br \/>\n9. Erdbeer-Wassermelone\/Kiwi-Passionsfrucht-Guave<br \/>\n10. Black Dragon Eis\/Mango Pfirsich Wassermelone<br \/>\n11. Blue Razz Eis\/Doppelte Traube<br \/>\n12. Blue Razz Eis\/Erdbeer-Mango <span style=\"color: #ff0000\"><strong>&gt;&gt;&gt;&gt; Am besten!<\/strong><\/span><\/p>\n<h3><strong>Warum Rmvapesale f\u00fcr Bang Box 30k Puffs w\u00e4hlen <\/strong><strong>V<\/strong><strong>Gro\u00dfhandel<\/strong><strong>?<\/strong><\/h3>\n<div class=\"flex-shrink-0 flex flex-col relative items-end\">\n<div class=\"pt-0\">\n<div class=\"gizmo-bot-avatar flex h-8 w-8 items-center justify-center overflow-hidden rounded-full\">\n<p>Da der Wettbewerb auf dem Markt f\u00fcr Einweg-E-Zigaretten zunimmt, hat Rmvapesale, ein weltweit f\u00fchrendes Unternehmen f\u00fcr Gro\u00dfhandelsl\u00f6sungen f\u00fcr Einweg-Vapes mit Sitz in Deutschland, die wiederaufladbare Einweg-Vape Bang Box 30000 30k Puffs Double Taste auf den Markt gebracht. Dieses bahnbrechende Produkt erregt Aufmerksamkeit mit seinem einzigartigen \u00e4sthetischen und modischen Design. Mit einer umfangreichen Auswahl an fruchtigen Geschmacksrichtungen bedient es ein breites Spektrum an Verbrauchergeschm\u00e4ckern und betont gleichzeitig Innovation und Vielseitigkeit.<\/p>\n<p class=\"relative p-1 rounded-sm flex items-center justify-center bg-token-main-surface-primary text-token-text-primary h-8 w-8\">Rmvapesale ist Ihr vertrauensw\u00fcrdiger Vape-Shop f\u00fcr hochwertige Einweg-Vapes. Mit mehr als 5 Jahren Erfahrung bieten wir Ihnen beliebte Einweg-Vape-Marken wie Al Fakher, JNR Vape, Vapsolo Vape, Vapme Vape, <a href=\"https:\/\/rmvapesale.com\/de\/product-category\/bang-vapes\/\">Bang Vape<\/a>, Waspe Vape, WGA Vape und<a href=\"https:\/\/rmvapesale.com\/de\/product-category\/randm-fumot-vape\/\"> RandM Vape<\/a>. Unser Sortiment umfasst hei\u00df verkaufte Einweg-Vapes wie den <a href=\"https:\/\/rmvapesale.com\/de\/product\/vopk-tornado-15000-puffs-disposable-vape-led-display\/\">VOPK Tornado 15000 Z\u00fcge<\/a> und geschmacksreiche Optionen wie die<a href=\"https:\/\/rmvapesale.com\/de\/product\/waspe-15000-puffs-digital-box-original-wholesale\/\"> WASPE 15000 Z\u00dcGE<\/a>. Jedes Produkt wird mit Fokus auf Qualit\u00e4t, Wert und Vielfalt ausgew\u00e4hlt, um sicherzustellen, dass Sie die perfekte \u00dcbereinstimmung f\u00fcr Ihre Bed\u00fcrfnisse finden. Entdecken Sie au\u00dfergew\u00f6hnlichen Service und eine breite Palette an Top-Produkten bei Rmvapesale.<\/p>\n<p class=\"relative p-1 rounded-sm flex items-center justify-center bg-token-main-surface-primary text-token-text-primary h-8 w-8\"><b style=\"font-size: 1.5em;font-style: inherit\">FAQs f\u00fcr BangBox 30000 30k Z\u00fcge <\/b><b style=\"font-size: 1.5em;font-style: inherit\">Wiederaufladbare Einweg-Vape<\/b><\/p>\n<ol>\n<li><strong>Wo kann ich den Bang 30000 Puffs Einweg-Vape zu Gro\u00dfhandelspreisen kaufen?<\/strong>\n<ul>\n<li>Sie k\u00f6nnen ihn zu Fabrikpreisen von <a href=\"https:\/\/rmvapesale.com\/de\/\" target=\"_new\" rel=\"noopener\">Rmvapesale<\/a>erwerben und erhalten so die besten Gro\u00dfhandelsangebote f\u00fcr Einzelh\u00e4ndler und H\u00e4ndler.<\/li>\n<\/ul>\n<\/li>\n<li><strong>Wie funktioniert die Double Taste-Funktion?<\/strong>\n<ul>\n<li>Das Ger\u00e4t erm\u00f6glicht es Ihnen, zwischen zwei Geschmacksrichtungen zu wechseln und bietet so ein einzigartiges und dynamisches Dampferlebnis.<\/li>\n<\/ul>\n<\/li>\n<li><strong>Welche Nikotinst\u00e4rken sind in diesem Einweg-Vape erh\u00e4ltlich?<\/strong>\n<ul>\n<li>Der Bang 30K ist in den Nikotinst\u00e4rken 0%, 2%, 3% und 5% erh\u00e4ltlich, um verschiedenen Dampfvorlieben gerecht zu werden.<\/li>\n<\/ul>\n<\/li>\n<li><strong>Ist der Bang 30000 Puffs Vape wiederaufladbar?<\/strong>\n<ul>\n<li>Ja, er verf\u00fcgt \u00fcber einen wiederaufladbaren 550mAh-Akku mit einem Typ-C-Ladeanschluss f\u00fcr schnelles und effizientes Aufladen.<\/li>\n<\/ul>\n<\/li>\n<li><strong>Verf\u00fcgt das Ger\u00e4t \u00fcber eine Funktion zur Anpassung des Luftstroms?<\/strong>\n<ul>\n<li>Ja, die einstellbare Luftstromkontrolle erm\u00f6glicht es Ihnen, Ihren Dampfstil von engen Z\u00fcgen bis hin zu luftigen Wolken anzupassen.<\/li>\n<\/ul>\n<\/li>\n<\/ol>\n<\/div>\n<\/div>\n<\/div>\n<h2>Wie bestelle ich?<\/h2>\n<div class=\"flex-shrink-0 flex flex-col relative items-end\">\n<div class=\"pt-0\">\n<div class=\"gizmo-bot-avatar flex h-8 w-8 items-center justify-center overflow-hidden rounded-full\">\n<div>\n<p><strong>1. Welche Zahlungsmethoden akzeptieren Sie?<\/strong><br \/>\n<span class=\"selectable-text copyable-text false\">F\u00fcr die Zahlung bieten wir Bank\u00fcberweisung und Western Union an. Die meisten unserer Kunden in Europa w\u00e4hlen die Bank\u00fcberweisung, wir haben ein lokales Bankkonto, auf das Sie ohne Bearbeitungsgeb\u00fchr auf unser IBAN-Konto einzahlen k\u00f6nnen. <\/span>.<\/p>\n<p><strong>2. Wie kann ich meine Bestellung verfolgen?<\/strong><br \/>\nNachdem das Paket versandt wurde, <span class=\"selectable-text copyable-text false\">stellen wir Ihnen die Sendungsverfolgungsnummer zur Verf\u00fcgung und halten Sie \u00fcber den Status auf dem Laufenden, bis Sie die Ware erhalten haben.<\/span>.<\/p>\n<p><strong>3. Wie lange dauert die Lieferung?<\/strong><\/p>\n<ul>\n<li>Versand von <strong>Lagern in China<\/strong> dauert ungef\u00e4hr <strong>7-14 Werktage<\/strong>.<\/li>\n<li>Versand von <strong>Europ\u00e4ische Lager<\/strong> dauert normalerweise <strong>3-6 Werktage<\/strong>.<\/li>\n<\/ul>\n<p><strong>4. Wie kann ich eine schnellere Lieferung erhalten?<\/strong><br \/>\nF\u00fcr eine schnellere Lieferung empfehlen wir, in unserem <strong>Europ\u00e4ischen Lager<\/strong>zu bestellen, das schnellere Versandzeiten bietet.<\/p>\n<p><strong>5. Was ist, wenn ich ein besch\u00e4digtes oder defektes Produkt erhalte?<\/strong><br \/>\nWenn Ihr Artikel besch\u00e4digt oder defekt ist, wenden Sie sich f\u00fcr einen <strong>Ersatz oder eine R\u00fcckerstattung<\/strong>.<\/p>\n<p><strong>an den Kundendienst.<\/strong><br \/>\n6. Wie kann ich den Kundendienst kontaktieren?<strong>\u00a0Sie erreichen uns per<\/strong> WhatsApp oder Live-Chat<\/p>\n<\/div>\n<div class=\"relative p-1 rounded-sm flex items-center justify-center bg-token-main-surface-primary text-token-text-primary h-8 w-8\"><strong>auf unserer Website, wenn Sie Hilfe ben\u00f6tigen.<\/strong><\/div>\n<\/div>\n<\/div>\n<\/div>\n<div class=\"group\/conversation-turn relative flex w-full min-w-0 flex-col agent-turn\">\n<div class=\"flex-col gap-1 md:gap-3\">\n<div class=\"flex max-w-full flex-col flex-grow\">\n<div class=\"min-h-[20px] text-message flex w-full flex-col items-end gap-2 whitespace-normal break-words [.text-message+&amp;]:mt-5 overflow-x-auto\" dir=\"auto\" data-message-author-role=\"assistant\" data-message-id=\"22f8283b-3233-46ff-89a5-c7a41b33abda\">\n<div class=\"flex w-full flex-col gap-1 empty:hidden first:pt-[3px]\">\n<div class=\"markdown prose w-full break-words dark:prose-invert light\">\n<p>Wir arbeiten mit UPS, DHL, FedEx, DPD und anderen f\u00fchrenden Transportunternehmen zusammen. Wir w\u00e4hlen die beste Versandmethode basierend auf Ihrem Lieferort aus, um sicherzustellen, dass Sie Ihre Produkte so schnell wie m\u00f6glich erhalten.<\/p>\n<\/div>\n<\/div>\n<\/div>\n<\/div>\n<\/div>\n<\/div>\n<p>Finden Sie weitere Vape-Produkte, die Ihnen gefallen k\u00f6nnten:<strong><em><a href=\"https:\/\/rmvapesale.com\/de\/shop-2\/\">jetzt einkaufen &gt;&gt;&gt;<\/a><\/em><\/strong><\/p>","protected":false},"excerpt":{"rendered":"<p>Bang Box 30000 30k Zug Bar Wiederaufladbarer Einweg-Vape G\u00fcnstiger Preis<br \/>\nBang Box 30000 30k Z\u00fcge Hei\u00dfer Verkauf Einweg-Vape Pen Gro\u00dfhandel<br \/>\nBangBox 30000 Z\u00fcge LED-Anzeige Smart Screen Einweg-Vape Gro\u00dfhandel<\/p>\n<p><strong>Kontaktieren Sie Amy, um die richtige Antwort und einen Gutschein f\u00fcr E-Zigaretten zu erhalten!<\/strong><\/p>\n<p><img loading=\"lazy\" decoding=\"async\" class=\"size-full wp-image-2375\" src=\"https:\/\/rmvapesale.com\/wp-content\/uploads\/2024\/10\/image.png\" alt=\"Bester Einweg-Vape\" width=\"229\" height=\"300\" \/><\/p>\n<h3><a href=\"https:\/\/wa.me\/8617776015835\"><span style=\"color: #ff0000\"><strong>WhatsApp: +86 17776015835<\/strong><\/span><\/a><\/h3>\n<p>&nbsp;<\/p>","protected":false},"featured_media":2983,"comment_status":"open","ping_status":"closed","template":"","meta":{"_uag_custom_page_level_css":"","_lmt_disableupdate":"no","_lmt_disable":"","site-sidebar-layout":"default","site-content-layout":"content-boxed-container","ast-site-content-layout":"normal-width-container","site-content-style":"boxed","site-sidebar-style":"unboxed","ast-global-header-display":"","ast-banner-title-visibility":"","ast-main-header-display":"","ast-hfb-above-header-display":"","ast-hfb-below-header-display":"","ast-hfb-mobile-header-display":"","site-post-title":"","ast-breadcrumbs-content":"","ast-featured-img":"","footer-sml-layout":"","theme-transparent-header-meta":"default","adv-header-id-meta":"","stick-header-meta":"","header-above-stick-meta":"","header-main-stick-meta":"","header-below-stick-meta":"","astra-migrate-meta-layouts":"set","ast-page-background-enabled":"default","ast-page-background-meta":{"desktop":{"background-color":"var(--ast-global-color-4)","background-image":"","background-repeat":"repeat","background-position":"center center","background-size":"auto","background-attachment":"scroll","background-type":"","background-media":"","overlay-type":"","overlay-color":"","overlay-opacity":"","overlay-gradient":""},"tablet":{"background-color":"","background-image":"","background-repeat":"repeat","background-position":"center center","background-size":"auto","background-attachment":"scroll","background-type":"","background-media":"","overlay-type":"","overlay-color":"","overlay-opacity":"","overlay-gradient":""},"mobile":{"background-color":"","background-image":"","background-repeat":"repeat","background-position":"center center","background-size":"auto","background-attachment":"scroll","background-type":"","background-media":"","overlay-type":"","overlay-color":"","overlay-opacity":"","overlay-gradient":""}},"ast-content-background-meta":{"desktop":{"background-color":"var(--ast-global-color-5)","background-image":"","background-repeat":"repeat","background-position":"center center","background-size":"auto","background-attachment":"scroll","background-type":"","background-media":"","overlay-type":"","overlay-color":"","overlay-opacity":"","overlay-gradient":""},"tablet":{"background-color":"var(--ast-global-color-5)","background-image":"","background-repeat":"repeat","background-position":"center center","background-size":"auto","background-attachment":"scroll","background-type":"","background-media":"","overlay-type":"","overlay-color":"","overlay-opacity":"","overlay-gradient":""},"mobile":{"background-color":"var(--ast-global-color-5)","background-image":"","background-repeat":"repeat","background-position":"center center","background-size":"auto","background-attachment":"scroll","background-type":"","background-media":"","overlay-type":"","overlay-color":"","overlay-opacity":"","overlay-gradient":""}},"_joinchat":[]},"product_brand":[],"product_cat":[15,289,290,291,292,293,295,299,273,253,25,123,26,28,135,27,60,137,136,30],"product_tag":[307,146,222,64,40,111,306],"class_list":{"0":"post-3014","1":"product","2":"type-product","3":"status-publish","4":"has-post-thumbnail","6":"product_cat-new-vape-this-week","7":"product_cat-big-puffs-disposable-vapes","8":"product_cat-crystal-disposable-vapes","9":"product_cat-dual-mesh-disposable-vapes","10":"product_cat-digital-disposable-vapes","11":"product_cat-low-nicotine-disposable-vapes","12":"product_cat-rechargeable-disposable-vapes","13":"product_cat-smart-screen-disposable-vapes","14":"product_cat-bang-box-vape","15":"product_cat-15000-puff-disposable-vape","16":"product_cat-germany-best-selling-vape","17":"product_cat-italy-wholesale-vape","18":"product_cat-netherlands-hot-sale-vape","19":"product_cat-poland-hot-sale-vape","20":"product_cat-spain-best-hot-sale-vape","21":"product_cat-fance-hot-sale-vape","22":"product_cat-bang-vapes","23":"product_cat-rechargeable-vapes","24":"product_cat-smart-screen-vapes","25":"product_cat-minimum-order-quantity-50pcs","26":"product_tag-bang-box-30000","27":"product_tag-best-hot-sale-vape","28":"product_tag-double-flavor-vape","29":"product_tag-dual-flavour-vape","30":"product_tag-hot-sale-vape","31":"product_tag-low-nicotine-disposable-vape","32":"product_tag-puff-bar","33":"desktop-align-left","34":"tablet-align-left","35":"mobile-align-left","37":"first","38":"instock","39":"sale","40":"shipping-taxable","41":"purchasable","42":"product-type-simple"},"uagb_featured_image_src":{"full":["https:\/\/rmvapesale.com\/wp-content\/uploads\/2025\/01\/Bang-Box-30000-30k-Puffs-Double-Rechargeable-Disposable-Vape-Wholesale.webp",1000,1000,false],"thumbnail":["https:\/\/rmvapesale.com\/wp-content\/uploads\/2025\/01\/Bang-Box-30000-30k-Puffs-Double-Rechargeable-Disposable-Vape-Wholesale-150x150.webp",150,150,true],"medium":["https:\/\/rmvapesale.com\/wp-content\/uploads\/2025\/01\/Bang-Box-30000-30k-Puffs-Double-Rechargeable-Disposable-Vape-Wholesale-300x300.webp",300,300,true],"medium_large":["https:\/\/rmvapesale.com\/wp-content\/uploads\/2025\/01\/Bang-Box-30000-30k-Puffs-Double-Rechargeable-Disposable-Vape-Wholesale-768x768.webp",768,768,true],"large":["https:\/\/rmvapesale.com\/wp-content\/uploads\/2025\/01\/Bang-Box-30000-30k-Puffs-Double-Rechargeable-Disposable-Vape-Wholesale.webp",1000,1000,false],"1536x1536":["https:\/\/rmvapesale.com\/wp-content\/uploads\/2025\/01\/Bang-Box-30000-30k-Puffs-Double-Rechargeable-Disposable-Vape-Wholesale.webp",1000,1000,false],"2048x2048":["https:\/\/rmvapesale.com\/wp-content\/uploads\/2025\/01\/Bang-Box-30000-30k-Puffs-Double-Rechargeable-Disposable-Vape-Wholesale.webp",1000,1000,false],"trp-custom-language-flag":["https:\/\/rmvapesale.com\/wp-content\/uploads\/2025\/01\/Bang-Box-30000-30k-Puffs-Double-Rechargeable-Disposable-Vape-Wholesale.webp",12,12,false],"woocommerce_thumbnail":["https:\/\/rmvapesale.com\/wp-content\/uploads\/2025\/01\/Bang-Box-30000-30k-Puffs-Double-Rechargeable-Disposable-Vape-Wholesale-300x300.webp",300,300,true],"woocommerce_single":["https:\/\/rmvapesale.com\/wp-content\/uploads\/2025\/01\/Bang-Box-30000-30k-Puffs-Double-Rechargeable-Disposable-Vape-Wholesale-600x600.webp",600,600,true],"woocommerce_gallery_thumbnail":["https:\/\/rmvapesale.com\/wp-content\/uploads\/2025\/01\/Bang-Box-30000-30k-Puffs-Double-Rechargeable-Disposable-Vape-Wholesale-100x100.webp",100,100,true],"wcpr-photo-reviews":["https:\/\/rmvapesale.com\/wp-content\/uploads\/2025\/01\/Bang-Box-30000-30k-Puffs-Double-Rechargeable-Disposable-Vape-Wholesale.webp",500,500,false]},"uagb_author_info":{"display_name":"AMY","author_link":"https:\/\/rmvapesale.com\/de\/author\/"},"uagb_comment_info":0,"uagb_excerpt":"Bang Box 30000 30k Puff\u00a0 Bar Rechargeable Disposable Vape Cheap Price Bang Box 30000 30k Puffs Hot Sale Disposable Vape Pen Bulk Buy BangBox 30000 Puffs\u00a0 LED Display Smart Screen Disposable Vape Wholesale Contact Amy to get right reply and vape coupon! WhatsApp: +86 17776015835 &nbsp;","_links":{"self":[{"href":"https:\/\/rmvapesale.com\/de\/wp-json\/wp\/v2\/product\/3014","targetHints":{"allow":["GET"]}}],"collection":[{"href":"https:\/\/rmvapesale.com\/de\/wp-json\/wp\/v2\/product"}],"about":[{"href":"https:\/\/rmvapesale.com\/de\/wp-json\/wp\/v2\/types\/product"}],"replies":[{"embeddable":true,"href":"https:\/\/rmvapesale.com\/de\/wp-json\/wp\/v2\/comments?post=3014"}],"wp:featuredmedia":[{"embeddable":true,"href":"https:\/\/rmvapesale.com\/de\/wp-json\/wp\/v2\/media\/2983"}],"wp:attachment":[{"href":"https:\/\/rmvapesale.com\/de\/wp-json\/wp\/v2\/media?parent=3014"}],"wp:term":[{"taxonomy":"product_brand","embeddable":true,"href":"https:\/\/rmvapesale.com\/de\/wp-json\/wp\/v2\/product_brand?post=3014"},{"taxonomy":"product_cat","embeddable":true,"href":"https:\/\/rmvapesale.com\/de\/wp-json\/wp\/v2\/product_cat?post=3014"},{"taxonomy":"product_tag","embeddable":true,"href":"https:\/\/rmvapesale.com\/de\/wp-json\/wp\/v2\/product_tag?post=3014"}],"curies":[{"name":"wp","href":"https:\/\/api.w.org\/{rel}","templated":true}]}}