{"id":3015,"date":"2025-02-02T08:01:52","date_gmt":"2025-02-02T08:01:52","guid":{"rendered":"https:\/\/rmvapesale.com\/?post_type=product&#038;p=3015"},"modified":"2025-01-23T08:19:44","modified_gmt":"2025-01-23T08:19:44","slug":"smart-screen-disposable-vape-bang-king-35000-puff-35k-rechargeable-disposable-vape-0-2-5-nicotine-factory-price","status":"publish","type":"product","link":"https:\/\/rmvapesale.com\/de\/product\/smart-screen-disposable-vape-bang-king-35000-puff-35k-rechargeable-disposable-vape-0-2-5-nicotine-factory-price\/","title":{"rendered":"Smart Screen Einweg Vape Bang King 35000 Z\u00fcge 35k Wiederaufladbare Einweg Vape 0% 2% 5% Nikotin Fabrikpreis"},"content":{"rendered":"<div class=\"B2VR9 CJHX3e\">\n<div class=\"wyccme\">\n<div class=\"flex-shrink-0 flex flex-col relative items-end\">\n<div class=\"pt-0\">\n<div class=\"gizmo-bot-avatar flex h-8 w-8 items-center justify-center overflow-hidden rounded-full\">\n<div class=\"relative p-1 rounded-sm flex items-center justify-center bg-token-main-surface-primary text-token-text-primary h-8 w-8\">\n<div class=\"flex-shrink-0 flex flex-col relative items-end\">\n<div class=\"pt-0\">\n<div class=\"gizmo-bot-avatar flex h-8 w-8 items-center justify-center overflow-hidden rounded-full\">\n<div class=\"flex-shrink-0 flex flex-col relative items-end\">\n<div class=\"pt-0\">\n<div class=\"gizmo-bot-avatar flex h-8 w-8 items-center justify-center overflow-hidden rounded-full\">\n<h1 class=\"relative p-1 rounded-sm flex items-center justify-center bg-token-main-surface-primary text-token-text-primary h-8 w-8\">Smart Screen Einweg Vape Bang King 35000 Z\u00fcge 35k Wiederaufladbare Einweg Vape 0% 2% 5% Nikotin Fabrikpreis<\/h1>\n<\/div>\n<\/div>\n<\/div>\n<\/div>\n<\/div>\n<\/div>\n<\/div>\n<\/div>\n<\/div>\n<\/div>\n<div class=\"group\/conversation-turn relative flex w-full min-w-0 flex-col agent-turn\">\n<div class=\"flex-col gap-1 md:gap-3\">\n<div class=\"flex max-w-full flex-col flex-grow\">\n<div class=\"min-h-8 text-message flex w-full flex-col items-end gap-2 whitespace-normal break-words text-start [.text-message+&amp;]:mt-5\" dir=\"auto\" data-message-author-role=\"assistant\" data-message-id=\"80ece0c4-ead1-4ed9-a9f0-ddc22582b4f4\" data-message-model-slug=\"gpt-4o\">\n<p>Auf der Suche nach einem <strong>wiederaufladbaren Einweg-Vape mit vielen Z\u00fcgen<\/strong> mit Smart-Funktionen? Der <strong>Bang King 35000 Puffs Smart Screen Disposable Vape<\/strong> ist die perfekte Wahl f\u00fcr Dampfer, die <strong>gro\u00dfe Zugkapazit\u00e4t, einstellbaren Luftstrom und mehrere Nikotinst\u00e4rken<\/strong>verlangen, und das alles zu einem <strong>niedrigen Gro\u00dfhandelspreis<\/strong>. Mit unglaublichen <strong>35.000 Z\u00fcge Kapazit\u00e4t<\/strong>, bietet dieser Vape langanhaltenden Genuss und ist damit einer der <strong>beliebtesten Einweg-Vapes<\/strong> auf dem Markt.<\/p>\n<p>Vorgef\u00fcllt mit <strong>23 ml E-Liquid<\/strong>, sorgt der Bang King f\u00fcr ein geschmackvolles, problemloses Dampferlebnis ohne h\u00e4ufiges Nachf\u00fcllen. Die fortschrittliche <strong>0,6\u03a9 Widerstand-Coil<\/strong> liefert eine sanfte, befriedigende Dampfproduktion, w\u00e4hrend die innovative <strong>Smart-Screen-Display<\/strong> Sie mit Echtzeit-Updates \u00fcber E-Liquid- und Akkust\u00e4nde auf dem Laufenden h\u00e4lt.<\/p>\n<p>Entwickelt f\u00fcr Komfort, unterst\u00fctzt der <strong>850mAh Akku<\/strong> das <strong>Typ-C-Schnellladung<\/strong>, damit Sie schnell wieder dampfen k\u00f6nnen. Egal, ob Sie einen <strong>Vape mit niedrigem Nikotingehalt<\/strong> oder f\u00fcr einen st\u00e4rkeren Zug bietet der Bang King verschiedene Nikotinst\u00e4rken an, einschlie\u00dflich <strong>0%, 2%, 3% und 5%<\/strong>, um allen Vorlieben gerecht zu werden.<\/p>\n<p>Mit <strong>einstellbare Luftstromregelung<\/strong>, k\u00f6nnen Sie Ihr Dampferlebnis f\u00fcr einen engeren Zug oder einen sanfteren, luftigeren Zug fein abstimmen. Au\u00dferdem gibt es mit <strong>12 k\u00f6stlichen Geschmacksrichtungen<\/strong> zur Auswahl f\u00fcr jeden Geschmack etwas.<\/p>\n<p>Ideal f\u00fcr <strong>Gro\u00dfabnehmer und H\u00e4ndler von Vapes<\/strong>, ist dieses Ger\u00e4t zu einem <strong>Fabrikpreis erh\u00e4ltlich<\/strong>und ist eine ausgezeichnete Option f\u00fcr diejenigen, die <strong>Einweg-Vapes in gro\u00dfen Mengen kaufen<\/strong>.<\/p>\n<\/div>\n<\/div>\n<\/div>\n<\/div>\n<div class=\"flex-shrink-0 flex flex-col relative items-end\">\n<div class=\"pt-0\">\n<div class=\"gizmo-bot-avatar flex h-8 w-8 items-center justify-center overflow-hidden rounded-full\">\n<p>&nbsp;<\/p>\n<\/div>\n<\/div>\n<\/div>\n<\/div>\n<\/div>\n<p><strong>Kontaktieren Sie Amy, um die richtige Antwort und einen Gutschein f\u00fcr E-Zigaretten zu erhalten!<\/strong><\/p>\n<p><img loading=\"lazy\" decoding=\"async\" class=\"size-full wp-image-1978\" src=\"https:\/\/rmvapesale.com\/wp-content\/uploads\/2024\/09\/Disposable-Vape-Wholesale.jpg\" alt=\"Einweg-Vape Gro\u00dfhandel\" width=\"229\" height=\"300\" \/><\/p>\n<h3><a href=\"https:\/\/wa.me\/8617776015835\" target=\"_blank\" rel=\"noopener\"><span style=\"color: #ff0000\"><strong>WhatsApp: +86 17776015835<\/strong><\/span><\/a><\/h3>\n<h3><\/h3>\n<h3><strong style=\"font-size: 1.7em\">Bang King 35000 Puffs Schl\u00fcsselproduktmerkmale<\/strong><\/h3>\n<ul>\n<li><strong>Massive 35.000 Puffs:<\/strong> Genie\u00dfen Sie ausgiebiges Dampfen ohne h\u00e4ufigen Austausch.<\/li>\n<li><strong>23 ml E-Liquid Kapazit\u00e4t:<\/strong> Bietet langanhaltenden Genuss ohne Nachf\u00fcllen.<\/li>\n<li><strong>Intelligente Bildschirm-Anzeige:<\/strong> Verfolgt die Anzahl der Z\u00fcge und den Akkustand in Echtzeit.<\/li>\n<li><strong>Nikotin Optionen:<\/strong> Erh\u00e4ltlich in 0 %, 2 %, 3 % und 5 %, um allen Benutzern zu entsprechen.<\/li>\n<li><strong>Wiederaufladbarer 850mAh Akku:<\/strong> Langlebige Leistung mit schneller Typ-C-Ladung.<\/li>\n<li><strong>Einstellbare Luftstromkontrolle:<\/strong> Passen Sie Ihren Zug f\u00fcr den perfekten Hit an.<\/li>\n<li><strong>Anti-Trocken-Verbrenn-Schutz:<\/strong> Sorgt f\u00fcr ein reibungsloses, gleichm\u00e4\u00dfiges Dampferlebnis.<\/li>\n<li><strong>12 Geschmacksrichtungen:<\/strong> Gro\u00dfe Auswahl an Geschmacksrichtungen f\u00fcr jeden Gaumen.<\/li>\n<\/ul>\n<figure id=\"attachment_2996\" aria-describedby=\"caption-attachment-2996\" style=\"width: 800px\" class=\"wp-caption alignnone\"><img loading=\"lazy\" decoding=\"async\" class=\"wp-image-2996 size-full\" src=\"https:\/\/rmvapesale.com\/wp-content\/uploads\/2025\/01\/Bang-King-Vape-35000-Puffs-Disposable-Vapes-Bulk-Buy.webp\" alt=\"Bang King Vape 35000 Puffs Einweg-Vapes Gro\u00dfeinkauf\" width=\"800\" height=\"800\" srcset=\"https:\/\/rmvapesale.com\/wp-content\/uploads\/2025\/01\/Bang-King-Vape-35000-Puffs-Disposable-Vapes-Bulk-Buy.webp 800w, https:\/\/rmvapesale.com\/wp-content\/uploads\/2025\/01\/Bang-King-Vape-35000-Puffs-Disposable-Vapes-Bulk-Buy-300x300.webp 300w, https:\/\/rmvapesale.com\/wp-content\/uploads\/2025\/01\/Bang-King-Vape-35000-Puffs-Disposable-Vapes-Bulk-Buy-150x150.webp 150w, https:\/\/rmvapesale.com\/wp-content\/uploads\/2025\/01\/Bang-King-Vape-35000-Puffs-Disposable-Vapes-Bulk-Buy-768x768.webp 768w, https:\/\/rmvapesale.com\/wp-content\/uploads\/2025\/01\/Bang-King-Vape-35000-Puffs-Disposable-Vapes-Bulk-Buy-600x600.webp 600w, https:\/\/rmvapesale.com\/wp-content\/uploads\/2025\/01\/Bang-King-Vape-35000-Puffs-Disposable-Vapes-Bulk-Buy-100x100.webp 100w\" sizes=\"auto, (max-width: 800px) 100vw, 800px\" \/><figcaption id=\"caption-attachment-2996\" class=\"wp-caption-text\">Bang King Vape 35000 Puffs Einweg-Vapes Gro\u00dfeinkauf<\/figcaption><\/figure>\n<h3><strong style=\"font-size: 1.7em\">Meistverkaufte Geschmacksrichtung f\u00fcr Bang King 35000 Puffs<\/strong><strong style=\"font-size: 1.7em\">\u00a0Vape<\/strong><\/h3>\n<p>Der <strong>Bang King 35000 Puffs Wiederaufladbarer Einweg-Vape<\/strong> bietet ein <strong>erstklassiges Dampferlebnis<\/strong> zum <strong>intelligente Technologie<\/strong>, was es zur ersten Wahl sowohl f\u00fcr den pers\u00f6nlichen Gebrauch als auch f\u00fcr den Gro\u00dfhandel macht. Bestellen Sie jetzt und genie\u00dfen Sie das ultimative Dampferlebnis!<\/p>\n<ol>\n<li>Erdbeer-Mango<\/li>\n<li>Love66<\/li>\n<li>Blaue Himbeereis<\/li>\n<li>Erdbeer-Wassermelone<\/li>\n<li>Zitrone Minze<\/li>\n<li>Doppelapfel<\/li>\n<li>Energy-Drink<\/li>\n<li>Pfirsich-Eis<\/li>\n<li>Erdbeere Kiwi<\/li>\n<li>Traubeneis<\/li>\n<li>Heidelbeereis<\/li>\n<li>Wassermelone<\/li>\n<\/ol>\n<h3><strong>Warum Rmvapesale f\u00fcr den Bang King 35000 Puffs w\u00e4hlen\u00a0 <\/strong><strong>V<\/strong><strong>Gro\u00dfhandel<\/strong><strong>?<\/strong><\/h3>\n<div class=\"flex-shrink-0 flex flex-col relative items-end\">\n<div class=\"pt-0\">\n<div class=\"gizmo-bot-avatar flex h-8 w-8 items-center justify-center overflow-hidden rounded-full\">\n<p>Angesichts des versch\u00e4rften Wettbewerbs auf dem Markt f\u00fcr Einweg-E-Zigaretten hat Rmvapesale, ein weltweit f\u00fchrender Anbieter von Gro\u00dfhandelsl\u00f6sungen f\u00fcr Einweg-Vapes, den Uwin 35000 Smart Screen Einweg-Vape auf den Markt gebracht. Dieses bahnbrechende Produkt zieht mit seinem einzigartigen \u00e4sthetischen und modischen Design die Aufmerksamkeit auf sich. Mit einer umfangreichen Auswahl an fruchtigen Geschmacksoptionen deckt es ein breites Spektrum an Verbrauchergeschm\u00e4cken ab und legt gleichzeitig Wert auf Innovation und Vielseitigkeit.<\/p>\n<p class=\"relative p-1 rounded-sm flex items-center justify-center bg-token-main-surface-primary text-token-text-primary h-8 w-8\">Rmvapesale ist Ihr vertrauensw\u00fcrdiger Vape-Shop f\u00fcr hochwertige Einweg-Vapes. Mit mehr als 5 Jahren Erfahrung bieten wir Ihnen beliebte Einweg-Vape-Marken wie Al Fakher, JNR Vape, Vapsolo Vape, Vapme Vape, <a href=\"https:\/\/rmvapesale.com\/de\/product-category\/bang-vapes\/\">Bang Vape<\/a>, Waspe Vape, WGA Vape und<a href=\"https:\/\/rmvapesale.com\/de\/product-category\/randm-fumot-vape\/\"> RandM Vape<\/a>. Unser Sortiment umfasst hei\u00df verkaufte Einweg-Vapes wie den <a href=\"https:\/\/rmvapesale.com\/de\/product\/vopk-tornado-15000-puffs-disposable-vape-led-display\/\">VOPK Tornado 15000 Z\u00fcge<\/a> und geschmacksreiche Optionen wie die<a href=\"https:\/\/rmvapesale.com\/de\/product\/elf-box-ls15000-puffs-shisha-hookah-disposable-vape\/\"> ELF BOX Shisha Hooka 15000 PUFFS<\/a>. Jedes Produkt wird mit Fokus auf Qualit\u00e4t, Wert und Vielfalt ausgew\u00e4hlt, um sicherzustellen, dass Sie die perfekte \u00dcbereinstimmung f\u00fcr Ihre Bed\u00fcrfnisse finden. Entdecken Sie au\u00dfergew\u00f6hnlichen Service und eine breite Palette an Top-Produkten bei Rmvapesale.<\/p>\n<p class=\"relative p-1 rounded-sm flex items-center justify-center bg-token-main-surface-primary text-token-text-primary h-8 w-8\"><b style=\"font-size: 1.5em;font-style: inherit\">H\u00e4ufig gestellte Fragen zum Bang King 35000 Puffs <\/b><b style=\"font-size: 1.5em;font-style: inherit\">Wiederaufladbare Einweg-Vape<\/b><\/p>\n<ol>\n<li><strong>Wo kann ich den Bang King 35000 Puffs Einweg-Vape zu Gro\u00dfhandelspreisen kaufen?<\/strong>\n<ul>\n<li>Die besten Preise direkt ab Werk erhalten Sie bei <a href=\"https:\/\/rmvapesale.com\/de\/\" target=\"_new\" rel=\"noopener\">Rmvapesale<\/a>, Ihre vertrauensw\u00fcrdige Quelle f\u00fcr Einweg-Vapes im Gro\u00dfhandel.<\/li>\n<\/ul>\n<\/li>\n<li><strong>Ist der Bang King 35000 Vape wiederaufladbar?<\/strong>\n<ul>\n<li>Ja, er wird mit einem wiederaufladbaren 850mAh-Akku geliefert und unterst\u00fctzt Typ-C-Schnellladung.<\/li>\n<\/ul>\n<\/li>\n<li><strong>Welche Nikotinst\u00e4rken sind verf\u00fcgbar?<\/strong>\n<ul>\n<li>Dieser Vape ist in den Nikotinst\u00e4rken 0 %, 2 %, 3 % und 5 % erh\u00e4ltlich, um verschiedenen Vorlieben gerecht zu werden.<\/li>\n<\/ul>\n<\/li>\n<li><strong>Wie funktioniert die Smart-Screen-Anzeige?<\/strong>\n<ul>\n<li>Das Display bietet Echtzeit-Informationen \u00fcber den Akkustand und den F\u00fcllstand des E-Liquids, sodass Sie immer informiert sind.<\/li>\n<\/ul>\n<\/li>\n<li><strong>Bietet der Bang King 35K eine einstellbare Luftzufuhr?<\/strong>\n<ul>\n<li>Ja, die einstellbare Luftzufuhr erm\u00f6glicht es Ihnen, Ihren Dampfstil f\u00fcr einen strafferen oder lockereren Zug anzupassen.<\/li>\n<\/ul>\n<\/li>\n<\/ol>\n<\/div>\n<\/div>\n<\/div>\n<h2>Wie bestelle ich?<\/h2>\n<div class=\"flex-shrink-0 flex flex-col relative items-end\">\n<div class=\"pt-0\">\n<div class=\"gizmo-bot-avatar flex h-8 w-8 items-center justify-center overflow-hidden rounded-full\">\n<div>\n<p><strong>1. Welche Zahlungsmethoden akzeptieren Sie?<\/strong><br \/>\n<span class=\"selectable-text copyable-text false\">F\u00fcr die Zahlung bieten wir Bank\u00fcberweisung und Western Union an. Die meisten unserer Kunden in Europa w\u00e4hlen die Bank\u00fcberweisung, wir haben ein lokales Bankkonto, auf das Sie ohne Bearbeitungsgeb\u00fchr auf unser IBAN-Konto einzahlen k\u00f6nnen. <\/span>.<\/p>\n<p><strong>2. Wie kann ich meine Bestellung verfolgen?<\/strong><br \/>\nNachdem das Paket versandt wurde, <span class=\"selectable-text copyable-text false\">stellen wir Ihnen die Sendungsverfolgungsnummer zur Verf\u00fcgung und halten Sie \u00fcber den Status auf dem Laufenden, bis Sie die Ware erhalten haben.<\/span>.<\/p>\n<p><strong>3. Wie lange dauert die Lieferung?<\/strong><\/p>\n<ul>\n<li>Versand von <strong>Lagern in China<\/strong> dauert ungef\u00e4hr <strong>7-14 Werktage<\/strong>.<\/li>\n<li>Versand von <strong>Europ\u00e4ische Lager<\/strong> dauert normalerweise <strong>3-6 Werktage<\/strong>.<\/li>\n<\/ul>\n<p><strong>4. Wie kann ich eine schnellere Lieferung erhalten?<\/strong><br \/>\nF\u00fcr eine schnellere Lieferung empfehlen wir, in unserem <strong>Europ\u00e4ischen Lager<\/strong>zu bestellen, das schnellere Versandzeiten bietet.<\/p>\n<p><strong>5. Was ist, wenn ich ein besch\u00e4digtes oder defektes Produkt erhalte?<\/strong><br \/>\nWenn Ihr Artikel besch\u00e4digt oder defekt ist, wenden Sie sich f\u00fcr einen <strong>Ersatz oder eine R\u00fcckerstattung<\/strong>.<\/p>\n<p><strong>an den Kundendienst.<\/strong><br \/>\n6. Wie kann ich den Kundendienst kontaktieren?<strong>\u00a0Sie erreichen uns per<\/strong> WhatsApp oder Live-Chat<\/p>\n<\/div>\n<div class=\"relative p-1 rounded-sm flex items-center justify-center bg-token-main-surface-primary text-token-text-primary h-8 w-8\"><strong>auf unserer Website, wenn Sie Hilfe ben\u00f6tigen.<\/strong><\/div>\n<\/div>\n<\/div>\n<\/div>\n<div class=\"group\/conversation-turn relative flex w-full min-w-0 flex-col agent-turn\">\n<div class=\"flex-col gap-1 md:gap-3\">\n<div class=\"flex max-w-full flex-col flex-grow\">\n<div class=\"min-h-[20px] text-message flex w-full flex-col items-end gap-2 whitespace-normal break-words [.text-message+&amp;]:mt-5 overflow-x-auto\" dir=\"auto\" data-message-author-role=\"assistant\" data-message-id=\"22f8283b-3233-46ff-89a5-c7a41b33abda\">\n<div class=\"flex w-full flex-col gap-1 empty:hidden first:pt-[3px]\">\n<div class=\"markdown prose w-full break-words dark:prose-invert light\">\n<p>Wir arbeiten mit UPS, DHL, FedEx, DPD und anderen f\u00fchrenden Transportunternehmen zusammen. Wir w\u00e4hlen die beste Versandmethode basierend auf Ihrem Lieferort aus, um sicherzustellen, dass Sie Ihre Produkte so schnell wie m\u00f6glich erhalten.<\/p>\n<\/div>\n<\/div>\n<\/div>\n<\/div>\n<\/div>\n<\/div>\n<p>Finden Sie weitere Vape-Produkte, die Ihnen gefallen k\u00f6nnten:<strong><em><a href=\"https:\/\/rmvapesale.com\/de\/shop-2\/\">jetzt einkaufen &gt;&gt;&gt;<\/a><\/em><\/strong><\/p>","protected":false},"excerpt":{"rendered":"<p>Bang King 35000 Z\u00fcge Aufladbarer Einweg-Vape G\u00fcnstiger Preis<br \/>\nBang King 35k Z\u00fcge Beliebter Einweg-Vape Pen Gro\u00dfeinkauf<br \/>\nBangKing 35000 Z\u00fcge LED-Display Smart Screen Einweg-Vape Gro\u00dfhandel<\/p>\n<p><strong>Kontaktieren Sie Amy, um die richtige Antwort und einen Gutschein f\u00fcr E-Zigaretten zu erhalten!<\/strong><\/p>\n<p><img loading=\"lazy\" decoding=\"async\" class=\"size-full wp-image-2375\" src=\"https:\/\/rmvapesale.com\/wp-content\/uploads\/2024\/10\/image.png\" alt=\"Bester Einweg-Vape\" width=\"229\" height=\"300\" \/><\/p>\n<h3><a href=\"https:\/\/wa.me\/8617776015835\"><span style=\"color: #ff0000\"><strong>WhatsApp: +86 17776015835<\/strong><\/span><\/a><\/h3>\n<p>&nbsp;<\/p>","protected":false},"featured_media":2995,"comment_status":"open","ping_status":"closed","template":"","meta":{"_uag_custom_page_level_css":"","_lmt_disableupdate":"no","_lmt_disable":"","site-sidebar-layout":"default","site-content-layout":"content-boxed-container","ast-site-content-layout":"normal-width-container","site-content-style":"boxed","site-sidebar-style":"unboxed","ast-global-header-display":"","ast-banner-title-visibility":"","ast-main-header-display":"","ast-hfb-above-header-display":"","ast-hfb-below-header-display":"","ast-hfb-mobile-header-display":"","site-post-title":"","ast-breadcrumbs-content":"","ast-featured-img":"","footer-sml-layout":"","theme-transparent-header-meta":"default","adv-header-id-meta":"","stick-header-meta":"","header-above-stick-meta":"","header-main-stick-meta":"","header-below-stick-meta":"","astra-migrate-meta-layouts":"set","ast-page-background-enabled":"default","ast-page-background-meta":{"desktop":{"background-color":"var(--ast-global-color-4)","background-image":"","background-repeat":"repeat","background-position":"center center","background-size":"auto","background-attachment":"scroll","background-type":"","background-media":"","overlay-type":"","overlay-color":"","overlay-opacity":"","overlay-gradient":""},"tablet":{"background-color":"","background-image":"","background-repeat":"repeat","background-position":"center center","background-size":"auto","background-attachment":"scroll","background-type":"","background-media":"","overlay-type":"","overlay-color":"","overlay-opacity":"","overlay-gradient":""},"mobile":{"background-color":"","background-image":"","background-repeat":"repeat","background-position":"center center","background-size":"auto","background-attachment":"scroll","background-type":"","background-media":"","overlay-type":"","overlay-color":"","overlay-opacity":"","overlay-gradient":""}},"ast-content-background-meta":{"desktop":{"background-color":"var(--ast-global-color-5)","background-image":"","background-repeat":"repeat","background-position":"center center","background-size":"auto","background-attachment":"scroll","background-type":"","background-media":"","overlay-type":"","overlay-color":"","overlay-opacity":"","overlay-gradient":""},"tablet":{"background-color":"var(--ast-global-color-5)","background-image":"","background-repeat":"repeat","background-position":"center center","background-size":"auto","background-attachment":"scroll","background-type":"","background-media":"","overlay-type":"","overlay-color":"","overlay-opacity":"","overlay-gradient":""},"mobile":{"background-color":"var(--ast-global-color-5)","background-image":"","background-repeat":"repeat","background-position":"center center","background-size":"auto","background-attachment":"scroll","background-type":"","background-media":"","overlay-type":"","overlay-color":"","overlay-opacity":"","overlay-gradient":""}},"_joinchat":[]},"product_brand":[],"product_cat":[15,289,291,292,293,295,299,279,246,25,123,26,28,135,27,60,137,136,30],"product_tag":[308,76,199,146,64,40,111,306],"class_list":{"0":"post-3015","1":"product","2":"type-product","3":"status-publish","4":"has-post-thumbnail","6":"product_cat-new-vape-this-week","7":"product_cat-big-puffs-disposable-vapes","8":"product_cat-dual-mesh-disposable-vapes","9":"product_cat-digital-disposable-vapes","10":"product_cat-low-nicotine-disposable-vapes","11":"product_cat-rechargeable-disposable-vapes","12":"product_cat-smart-screen-disposable-vapes","13":"product_cat-bang-king-vape","14":"product_cat-35000-puffs-disposable-vape","15":"product_cat-germany-best-selling-vape","16":"product_cat-italy-wholesale-vape","17":"product_cat-netherlands-hot-sale-vape","18":"product_cat-poland-hot-sale-vape","19":"product_cat-spain-best-hot-sale-vape","20":"product_cat-fance-hot-sale-vape","21":"product_cat-bang-vapes","22":"product_cat-rechargeable-vapes","23":"product_cat-smart-screen-vapes","24":"product_cat-minimum-order-quantity-50pcs","25":"product_tag-bang-king-35000","26":"product_tag-bang-king-vape","27":"product_tag-bang-vape","28":"product_tag-best-hot-sale-vape","29":"product_tag-dual-flavour-vape","30":"product_tag-hot-sale-vape","31":"product_tag-low-nicotine-disposable-vape","32":"product_tag-puff-bar","33":"desktop-align-left","34":"tablet-align-left","35":"mobile-align-left","37":"first","38":"instock","39":"sale","40":"shipping-taxable","41":"purchasable","42":"product-type-simple"},"uagb_featured_image_src":{"full":["https:\/\/rmvapesale.com\/wp-content\/uploads\/2025\/01\/Bang-King-35k-Puffs-Disposable-Vapes-Wholesale.webp",800,800,false],"thumbnail":["https:\/\/rmvapesale.com\/wp-content\/uploads\/2025\/01\/Bang-King-35k-Puffs-Disposable-Vapes-Wholesale-150x150.webp",150,150,true],"medium":["https:\/\/rmvapesale.com\/wp-content\/uploads\/2025\/01\/Bang-King-35k-Puffs-Disposable-Vapes-Wholesale-300x300.webp",300,300,true],"medium_large":["https:\/\/rmvapesale.com\/wp-content\/uploads\/2025\/01\/Bang-King-35k-Puffs-Disposable-Vapes-Wholesale-768x768.webp",768,768,true],"large":["https:\/\/rmvapesale.com\/wp-content\/uploads\/2025\/01\/Bang-King-35k-Puffs-Disposable-Vapes-Wholesale.webp",800,800,false],"1536x1536":["https:\/\/rmvapesale.com\/wp-content\/uploads\/2025\/01\/Bang-King-35k-Puffs-Disposable-Vapes-Wholesale.webp",800,800,false],"2048x2048":["https:\/\/rmvapesale.com\/wp-content\/uploads\/2025\/01\/Bang-King-35k-Puffs-Disposable-Vapes-Wholesale.webp",800,800,false],"trp-custom-language-flag":["https:\/\/rmvapesale.com\/wp-content\/uploads\/2025\/01\/Bang-King-35k-Puffs-Disposable-Vapes-Wholesale.webp",12,12,false],"woocommerce_thumbnail":["https:\/\/rmvapesale.com\/wp-content\/uploads\/2025\/01\/Bang-King-35k-Puffs-Disposable-Vapes-Wholesale-300x300.webp",300,300,true],"woocommerce_single":["https:\/\/rmvapesale.com\/wp-content\/uploads\/2025\/01\/Bang-King-35k-Puffs-Disposable-Vapes-Wholesale-600x600.webp",600,600,true],"woocommerce_gallery_thumbnail":["https:\/\/rmvapesale.com\/wp-content\/uploads\/2025\/01\/Bang-King-35k-Puffs-Disposable-Vapes-Wholesale-100x100.webp",100,100,true],"wcpr-photo-reviews":["https:\/\/rmvapesale.com\/wp-content\/uploads\/2025\/01\/Bang-King-35k-Puffs-Disposable-Vapes-Wholesale.webp",500,500,false]},"uagb_author_info":{"display_name":"AMY","author_link":"https:\/\/rmvapesale.com\/de\/author\/"},"uagb_comment_info":0,"uagb_excerpt":"Bang King 35000 Puff\u00a0 Bar Rechargeable Disposable Vape Cheap Price Bang King 35k Puff Popular Disposable Vape Pen Bulk Buy BangKing 35000 Puff LED Display Smart Screen Disposable Vape Wholesale Contact Amy to get right reply and vape coupon! WhatsApp: +86 17776015835 &nbsp;","_links":{"self":[{"href":"https:\/\/rmvapesale.com\/de\/wp-json\/wp\/v2\/product\/3015","targetHints":{"allow":["GET"]}}],"collection":[{"href":"https:\/\/rmvapesale.com\/de\/wp-json\/wp\/v2\/product"}],"about":[{"href":"https:\/\/rmvapesale.com\/de\/wp-json\/wp\/v2\/types\/product"}],"replies":[{"embeddable":true,"href":"https:\/\/rmvapesale.com\/de\/wp-json\/wp\/v2\/comments?post=3015"}],"wp:featuredmedia":[{"embeddable":true,"href":"https:\/\/rmvapesale.com\/de\/wp-json\/wp\/v2\/media\/2995"}],"wp:attachment":[{"href":"https:\/\/rmvapesale.com\/de\/wp-json\/wp\/v2\/media?parent=3015"}],"wp:term":[{"taxonomy":"product_brand","embeddable":true,"href":"https:\/\/rmvapesale.com\/de\/wp-json\/wp\/v2\/product_brand?post=3015"},{"taxonomy":"product_cat","embeddable":true,"href":"https:\/\/rmvapesale.com\/de\/wp-json\/wp\/v2\/product_cat?post=3015"},{"taxonomy":"product_tag","embeddable":true,"href":"https:\/\/rmvapesale.com\/de\/wp-json\/wp\/v2\/product_tag?post=3015"}],"curies":[{"name":"wp","href":"https:\/\/api.w.org\/{rel}","templated":true}]}}