{"id":370,"date":"2021-08-20T11:50:58","date_gmt":"2021-08-20T11:50:58","guid":{"rendered":"https:\/\/rmvapesale.com\/product\/hybrid-cleansing-balm\/"},"modified":"2025-01-20T03:10:16","modified_gmt":"2025-01-20T03:10:16","slug":"randm-vape-al-fakher-10000-puffs-vape-wholesale","status":"publish","type":"product","link":"https:\/\/rmvapesale.com\/de\/product\/randm-vape-al-fakher-10000-puffs-vape-wholesale\/","title":{"rendered":"Randm Vape Al Fakher 10000 Puffs Vape Gro\u00dfhandelspreis Fumot SHISHA 10K"},"content":{"rendered":"<h1><strong>Randm Vape Al Fakher 10000 Puffs Vape Gro\u00dfhandelspreis Fumot SHISHA 10K<\/strong><\/h1>\n<p>Der Randm Vape Al Fakher 10000 ist ein revolution\u00e4rer, wiederaufladbarer DTL (Direct To Lung) Vape, der Exzellenz im Dampfen neu definiert. Mit einer LED-Anzeige bietet er Echtzeit-Updates zu E-Liquid-St\u00e4nden und Leistung, sodass Sie immer die Kontrolle haben. Mit einem praktischen Typ-C-Anschluss an der Basis ist das Aufladen dieses Vapes m\u00fchelos und schnell.<\/p>\n<p>Vorgef\u00fcllt mit 18 ml E-Liquid liefert der Shisha Bar 10000 eine Nikotinst\u00e4rke von 0,5% und bietet bis zu erstaunliche 10.000 Z\u00fcge in einer Testumgebung. Aber es geht nicht nur um Quantit\u00e4t \u2013 dieser Vape verf\u00fcgt \u00fcber die Mesh Coil Technology, die eine niederohmige 0,6-Ohm-Spule f\u00fcr eine maximale Heizoberfl\u00e4che integriert. Verabschieden Sie sich von trockenen Z\u00fcgen und ungleichm\u00e4\u00dfiger Geschmacksverteilung; Das Mesh-Coil-Design sorgt f\u00fcr eine gleichm\u00e4\u00dfige Erw\u00e4rmung, was zu sanfteren Z\u00fcgen und einer reichhaltigeren Dampfproduktion f\u00fchrt.<\/p>\n<p>Jetzt ist dieser Randm Vape Al Fakher Vape ein hei\u00dfer Verkauf in den meisten europ\u00e4ischen L\u00e4ndern wie Deutschland, Niederlande, Frankreich, Italien, Schweiz, Schweden, Spanien, Polen, Belgien, \u00d6sterreich, Norwegen, D\u00e4nemark usw., dass es eine gute Wahl f\u00fcr Einzelh\u00e4ndler ist, die nach kosteng\u00fcnstigen Einweg-Vapes mit Gro\u00dfhandelspreisen suchen.<\/p>\n<p><strong>Verkaufsleiter AMY WhatsApp hinzuf\u00fcgen <a href=\"https:\/\/wa.me\/8617776015835\" target=\"_blank\" rel=\"noopener\">+86-17776015835<\/a> mehr Rabatt erhalten!<\/strong><\/p>\n<p><img loading=\"lazy\" decoding=\"async\" class=\"size-medium wp-image-1814\" src=\"https:\/\/rmvapesale.com\/wp-content\/uploads\/2024\/04\/whatsapp-amy-229x300.jpg\" alt=\"WhatsApp Amy\" width=\"229\" height=\"300\" srcset=\"https:\/\/rmvapesale.com\/wp-content\/uploads\/2024\/04\/whatsapp-amy-229x300.jpg 229w, https:\/\/rmvapesale.com\/wp-content\/uploads\/2024\/04\/whatsapp-amy-783x1024.jpg 783w, https:\/\/rmvapesale.com\/wp-content\/uploads\/2024\/04\/whatsapp-amy-768x1005.jpg 768w, https:\/\/rmvapesale.com\/wp-content\/uploads\/2024\/04\/whatsapp-amy-600x785.jpg 600w, https:\/\/rmvapesale.com\/wp-content\/uploads\/2024\/04\/whatsapp-amy.jpg 990w\" sizes=\"auto, (max-width: 229px) 100vw, 229px\" \/><\/p>\n<h2>Randm Vape Al Fakher 10000 Puff FAQS<\/h2>\n<p><strong>1. Was ist im Randm Vape Al Fakher 10000 PUFFS VAPE enthalten?<\/strong><\/p>\n<ul>\n<li>Jede Packung enth\u00e4lt ein wiederaufladbares DTL (Direct To Lung) Vape-Ger\u00e4t, vorgef\u00fcllt mit 18 ml E-Liquid und mit einer LED-Anzeige. Zus\u00e4tzlich enth\u00e4lt die Packung ein Typ-C-Ladekabel zum bequemen Aufladen.<\/li>\n<\/ul>\n<p><strong>2. Wie viele Z\u00fcge kann ich vom Fumot Vape Shisha 10000 Puff erwarten?<\/strong><\/p>\n<ul>\n<li>Der Shisha 10000 bietet beeindruckende 10.000 Z\u00fcge (in einer Testumgebung) und bietet eine l\u00e4ngere Nutzung und dauerhafte Zufriedenheit.<\/li>\n<\/ul>\n<p><strong>3. Welche Nikotinst\u00e4rke bietet der Randm Shisha 10000 Puffs?<\/strong><\/p>\n<ul>\n<li>Der Shisha 10000 wird vorgef\u00fcllt mit E-Liquid in 0,5% Nikotinst\u00e4rke geliefert und bietet ein ausgewogenes Dampferlebnis.<\/li>\n<\/ul>\n<p><strong>4. Kann ich meinen bevorzugten Geschmack mit dem Shisha 10k Vape Fumot w\u00e4hlen?<\/strong><\/p>\n<ul>\n<li>Ja, absolut! Der Shisha 10000 bietet eine Auswahl von 34 Geschmacksrichtungen, um den unterschiedlichsten Vorlieben gerecht zu werden, sodass f\u00fcr jeden etwas dabei ist.<\/li>\n<\/ul>\n<p><strong>5. Wie verbessert die Mesh Coil Technology das Dampferlebnis?<\/strong><\/p>\n<ul>\n<li>Die in den Randm Vape Fumot Shisha 10000 integrierte Mesh Coil Technology verf\u00fcgt \u00fcber eine niederohmige 0,6-Ohm-Spule, die die Heizoberfl\u00e4che f\u00fcr sanftere Z\u00fcge und eine reichhaltigere Dampfproduktion maximiert. Diese Technologie sorgt f\u00fcr eine gleichm\u00e4\u00dfige und gleichm\u00e4\u00dfige Erw\u00e4rmung des E-Liquids und sorgt f\u00fcr ein tadelloses Geschmackserlebnis.<\/li>\n<\/ul>\n<p><strong>6. Ist der Fumot AI FAKHER <\/strong><strong>Shisha 10000 PUFFS einfach aufzuladen?<\/strong><\/p>\n<ul>\n<li>Ja, der RANDM Shisha 10000 PUFFS verf\u00fcgt \u00fcber einen Typ-C-Anschluss an der Basis f\u00fcr schnelles und bequemes Aufladen. Schlie\u00dfen Sie einfach das mitgelieferte Typ-C-Ladekabel an eine Stromquelle an, um die Akkuleistung schnell wieder aufzuf\u00fcllen.<\/li>\n<\/ul>\n<p><strong>7. Kann ich den Luftstrom mit dem FUMOT VAPE Shisha 10K PUFFS GROSSHANDEL steuern?<\/strong><\/p>\n<ul>\n<li>Ja, der Shisha 10000 ist mit einer Luftstromkontrolle ausgestattet, die es Benutzern erm\u00f6glicht, den Luftstrom nach ihren W\u00fcnschen anzupassen, um ein individuelles Dampferlebnis zu erzielen.<\/li>\n<\/ul>\n<p><strong>8. Ist der GROSSHANDEL FUMOT RANDM VAPE Shisha 10000 sowohl f\u00fcr Anf\u00e4nger als auch f\u00fcr erfahrene Dampfer geeignet?<\/strong><\/p>\n<ul>\n<li>Absolut! Der Shisha 10000 wurde entwickelt, um die Bed\u00fcrfnisse von Anf\u00e4ngern und erfahrenen Dampfern zu erf\u00fcllen und bietet Benutzerfreundlichkeit, fortschrittliche Funktionen und au\u00dfergew\u00f6hnliche Leistung f\u00fcr alle.<\/li>\n<\/ul>\n<p><strong>9. Was soll ich tun, wenn ich weitere Fragen habe oder Hilfe ben\u00f6tige?<\/strong><\/p>\n<ul>\n<li>Wenn Sie weitere Fragen haben oder Hilfe mit dem Randm Vape Al Fakher 10000 PUFFS VAPE ben\u00f6tigen<\/li>\n<\/ul>\n<p>Finden Sie weitere Vape-Produkte, die Ihnen gefallen k\u00f6nnten:<em><a href=\"https:\/\/rmvapesale.com\/de\/shop-2\/\">Jetzt einkaufen\u00a0<\/a><\/em><\/p>\n<p>andere hei\u00dfe Verkaufs-Vapes, die Ihnen gefallen k\u00f6nnten:<\/p>","protected":false},"excerpt":{"rendered":"<p class=\"LC20lb MBeuO DKV0Md\">Fumot Shisha 10000 DTL Einweg-Vape<br \/>\nRANDM SHISHA 10000 PUFF Vape AI FAKHER<br \/>\nFumot Crown Bar 10k Wiederaufladbarer Vape im Gro\u00dfhandel<br \/>\n<strong>Kontaktieren Sie Amy f\u00fcr mehr Rabatt und niedrigere Mindestbestellmenge<\/strong><\/p>\n<p><img loading=\"lazy\" decoding=\"async\" class=\"size-medium wp-image-1814\" src=\"https:\/\/rmvapesale.com\/wp-content\/uploads\/2024\/04\/whatsapp-amy-229x300.jpg\" alt=\"WhatsApp Amy\" width=\"229\" height=\"300\" srcset=\"https:\/\/rmvapesale.com\/wp-content\/uploads\/2024\/04\/whatsapp-amy-229x300.jpg 229w, https:\/\/rmvapesale.com\/wp-content\/uploads\/2024\/04\/whatsapp-amy-783x1024.jpg 783w, https:\/\/rmvapesale.com\/wp-content\/uploads\/2024\/04\/whatsapp-amy-768x1005.jpg 768w, https:\/\/rmvapesale.com\/wp-content\/uploads\/2024\/04\/whatsapp-amy-600x785.jpg 600w, https:\/\/rmvapesale.com\/wp-content\/uploads\/2024\/04\/whatsapp-amy.jpg 990w\" sizes=\"auto, (max-width: 229px) 100vw, 229px\" \/><\/p>\n<h3><span style=\"color: #ff0000\"><strong>WhatsApp: +86 17776015835<\/strong><\/span><\/h3>","protected":false},"featured_media":1852,"comment_status":"open","ping_status":"closed","template":"","meta":{"_uag_custom_page_level_css":"","_lmt_disableupdate":"no","_lmt_disable":"","site-sidebar-layout":"default","site-content-layout":"content-boxed-container","ast-site-content-layout":"normal-width-container","site-content-style":"boxed","site-sidebar-style":"unboxed","ast-global-header-display":"","ast-banner-title-visibility":"","ast-main-header-display":"","ast-hfb-above-header-display":"","ast-hfb-below-header-display":"","ast-hfb-mobile-header-display":"","site-post-title":"","ast-breadcrumbs-content":"","ast-featured-img":"","footer-sml-layout":"","ast-disable-related-posts":"","theme-transparent-header-meta":"default","adv-header-id-meta":"","stick-header-meta":"","header-above-stick-meta":"","header-main-stick-meta":"","header-below-stick-meta":"","astra-migrate-meta-layouts":"set","ast-page-background-enabled":"default","ast-page-background-meta":{"desktop":{"background-color":"var(--ast-global-color-4)","background-image":"","background-repeat":"repeat","background-position":"center center","background-size":"auto","background-attachment":"scroll","background-type":"","background-media":"","overlay-type":"","overlay-color":"","overlay-opacity":"","overlay-gradient":""},"tablet":{"background-color":"","background-image":"","background-repeat":"repeat","background-position":"center center","background-size":"auto","background-attachment":"scroll","background-type":"","background-media":"","overlay-type":"","overlay-color":"","overlay-opacity":"","overlay-gradient":""},"mobile":{"background-color":"","background-image":"","background-repeat":"repeat","background-position":"center center","background-size":"auto","background-attachment":"scroll","background-type":"","background-media":"","overlay-type":"","overlay-color":"","overlay-opacity":"","overlay-gradient":""}},"ast-content-background-meta":{"desktop":{"background-color":"var(--ast-global-color-5)","background-image":"","background-repeat":"repeat","background-position":"center center","background-size":"auto","background-attachment":"scroll","background-type":"","background-media":"","overlay-type":"","overlay-color":"","overlay-opacity":"","overlay-gradient":""},"tablet":{"background-color":"var(--ast-global-color-5)","background-image":"","background-repeat":"repeat","background-position":"center center","background-size":"auto","background-attachment":"scroll","background-type":"","background-media":"","overlay-type":"","overlay-color":"","overlay-opacity":"","overlay-gradient":""},"mobile":{"background-color":"var(--ast-global-color-5)","background-image":"","background-repeat":"repeat","background-position":"center center","background-size":"auto","background-attachment":"scroll","background-type":"","background-media":"","overlay-type":"","overlay-color":"","overlay-opacity":"","overlay-gradient":""}},"_joinchat":[]},"product_brand":[],"product_cat":[25,271,289,27,51,123,293,30,26,15,28,31,295,137,299,136,135],"product_tag":[39,40,41,38,37],"class_list":{"0":"post-370","1":"product","2":"type-product","3":"status-publish","4":"has-post-thumbnail","6":"product_cat-germany-best-selling-vape","7":"product_cat-10000-puff-disposable-vape","8":"product_cat-big-puffs-disposable-vapes","9":"product_cat-fance-hot-sale-vape","10":"product_cat-fumot-vape","11":"product_cat-italy-wholesale-vape","12":"product_cat-low-nicotine-disposable-vapes","13":"product_cat-minimum-order-quantity-50pcs","14":"product_cat-netherlands-hot-sale-vape","15":"product_cat-new-vape-this-week","16":"product_cat-poland-hot-sale-vape","17":"product_cat-randm-fumot-vape","18":"product_cat-rechargeable-disposable-vapes","19":"product_cat-rechargeable-vapes","20":"product_cat-smart-screen-disposable-vapes","21":"product_cat-smart-screen-vapes","22":"product_cat-spain-best-hot-sale-vape","23":"product_tag-fumot-vape","24":"product_tag-hot-sale-vape","25":"product_tag-original-factory-vape","26":"product_tag-randm-vape","27":"product_tag-wholesale-vape-price","28":"desktop-align-left","29":"tablet-align-left","30":"mobile-align-left","32":"first","33":"instock","34":"sale","35":"shipping-taxable","36":"purchasable","37":"product-type-simple"},"uagb_featured_image_src":{"full":["https:\/\/rmvapesale.com\/wp-content\/uploads\/2024\/04\/FUMOT-VAPE-SHISHA-AL-FAKHER-10K-PUFFS-VAPE.jpg",375,666,false],"thumbnail":["https:\/\/rmvapesale.com\/wp-content\/uploads\/2024\/04\/FUMOT-VAPE-SHISHA-AL-FAKHER-10K-PUFFS-VAPE-150x150.jpg",150,150,true],"medium":["https:\/\/rmvapesale.com\/wp-content\/uploads\/2024\/04\/FUMOT-VAPE-SHISHA-AL-FAKHER-10K-PUFFS-VAPE-169x300.jpg",169,300,true],"medium_large":["https:\/\/rmvapesale.com\/wp-content\/uploads\/2024\/04\/FUMOT-VAPE-SHISHA-AL-FAKHER-10K-PUFFS-VAPE.jpg",375,666,false],"large":["https:\/\/rmvapesale.com\/wp-content\/uploads\/2024\/04\/FUMOT-VAPE-SHISHA-AL-FAKHER-10K-PUFFS-VAPE.jpg",375,666,false],"1536x1536":["https:\/\/rmvapesale.com\/wp-content\/uploads\/2024\/04\/FUMOT-VAPE-SHISHA-AL-FAKHER-10K-PUFFS-VAPE.jpg",375,666,false],"2048x2048":["https:\/\/rmvapesale.com\/wp-content\/uploads\/2024\/04\/FUMOT-VAPE-SHISHA-AL-FAKHER-10K-PUFFS-VAPE.jpg",375,666,false],"trp-custom-language-flag":["https:\/\/rmvapesale.com\/wp-content\/uploads\/2024\/04\/FUMOT-VAPE-SHISHA-AL-FAKHER-10K-PUFFS-VAPE.jpg",7,12,false],"woocommerce_thumbnail":["https:\/\/rmvapesale.com\/wp-content\/uploads\/2024\/04\/FUMOT-VAPE-SHISHA-AL-FAKHER-10K-PUFFS-VAPE-300x300.jpg",300,300,true],"woocommerce_single":["https:\/\/rmvapesale.com\/wp-content\/uploads\/2024\/04\/FUMOT-VAPE-SHISHA-AL-FAKHER-10K-PUFFS-VAPE.jpg",375,666,false],"woocommerce_gallery_thumbnail":["https:\/\/rmvapesale.com\/wp-content\/uploads\/2024\/04\/FUMOT-VAPE-SHISHA-AL-FAKHER-10K-PUFFS-VAPE-100x100.jpg",100,100,true],"wcpr-photo-reviews":["https:\/\/rmvapesale.com\/wp-content\/uploads\/2024\/04\/FUMOT-VAPE-SHISHA-AL-FAKHER-10K-PUFFS-VAPE.jpg",282,500,false]},"uagb_author_info":{"display_name":"yannazhan","author_link":"https:\/\/rmvapesale.com\/de\/author\/"},"uagb_comment_info":0,"uagb_excerpt":"Fumot Shisha 10000 DTL Disposable Vape RANDM SHISHA 10000 PUFF Vape AI FAKHER Fumot Crown Bar 10k Wholesale Vape Rechargeable Contact Amy For More Discount And Lower MOQ Vape WhatsApp: +86 17776015835","_links":{"self":[{"href":"https:\/\/rmvapesale.com\/de\/wp-json\/wp\/v2\/product\/370","targetHints":{"allow":["GET"]}}],"collection":[{"href":"https:\/\/rmvapesale.com\/de\/wp-json\/wp\/v2\/product"}],"about":[{"href":"https:\/\/rmvapesale.com\/de\/wp-json\/wp\/v2\/types\/product"}],"replies":[{"embeddable":true,"href":"https:\/\/rmvapesale.com\/de\/wp-json\/wp\/v2\/comments?post=370"}],"wp:featuredmedia":[{"embeddable":true,"href":"https:\/\/rmvapesale.com\/de\/wp-json\/wp\/v2\/media\/1852"}],"wp:attachment":[{"href":"https:\/\/rmvapesale.com\/de\/wp-json\/wp\/v2\/media?parent=370"}],"wp:term":[{"taxonomy":"product_brand","embeddable":true,"href":"https:\/\/rmvapesale.com\/de\/wp-json\/wp\/v2\/product_brand?post=370"},{"taxonomy":"product_cat","embeddable":true,"href":"https:\/\/rmvapesale.com\/de\/wp-json\/wp\/v2\/product_cat?post=370"},{"taxonomy":"product_tag","embeddable":true,"href":"https:\/\/rmvapesale.com\/de\/wp-json\/wp\/v2\/product_tag?post=370"}],"curies":[{"name":"wp","href":"https:\/\/api.w.org\/{rel}","templated":true}]}}