{"id":1874,"date":"2024-05-09T07:00:52","date_gmt":"2024-05-09T07:00:52","guid":{"rendered":"https:\/\/rmvapesale.com\/?post_type=product&#038;p=1874"},"modified":"2024-10-21T08:04:35","modified_gmt":"2024-10-21T08:04:35","slug":"randm-tornado-15000-puffs-15k-vape-recharge-fumot-original-vape-factory-price","status":"publish","type":"product","link":"https:\/\/rmvapesale.com\/es\/product\/randm-tornado-15000-puffs-15k-vape-recharge-fumot-original-vape-factory-price\/","title":{"rendered":"RANDM TORNADO 15000 PUFFS 15K VAPE RECHARGE FUMOT ORIGINAL VAPE PRECIO DE F\u00c1BRICA"},"content":{"rendered":"<h1>RANDM TORNADO 15000 PUFFS 15K VAPE RECHARGE FUMOT ORIGINAL VAPE PRECIO DE F\u00c1BRICA<\/h1>\n<p>El vape recargable RANDM TORNADO VAPE 15000 PUFFS ahora es popular en la mayor\u00eda de los pa\u00edses europeos, como Alemania, Pa\u00edses Bajos, Francia, Italia, Espa\u00f1a, Suiza, Suecia, Polonia, etc. \u00bfC\u00f3mo comprar Randm Tornado 15k Vapes? \u00bfQu\u00e9 es el vape Fumot tornado 15k? Saluda al RANDM Tornado 15K Vape, una creaci\u00f3n de primera clase de Fumot. Este chico malo tiene un gran impacto con su capacidad de 15,000 inhalaciones, lo que eleva el list\u00f3n en el mundo del vapeo. Elaborado por los magos de Shenzhen Fumot Technology, este vape no solo se ve genial sino que tambi\u00e9n cumple con lo prometido.<\/p>\n<p>Con opciones para el contenido de nicotina que van desde 0% hasta 5%, y precargado con 25 ml de e-l\u00edquido, tiene sabores para todos los gustos. Alimentado por una bater\u00eda recargable de 850 mAh y luciendo una resistencia de malla de 0,9 \u03a9, garantiza caladas suaves en todo momento. Mant\u00e9n un control sobre los niveles de jugo y bater\u00eda con el indicador LED: es pan comido. Prep\u00e1rate para la mejor experiencia de vapeo con el RANDM Tornado 15K Vape<\/p>\n<p>&nbsp;<\/p>\n<p><strong>A\u00f1ade la gerente de ventas AMY whatsapp <a href=\"https:\/\/wa.me\/8617776015835\" target=\"_blank\" rel=\"noopener\">+86-17776015835<\/a> \u00a1obt\u00e9n m\u00e1s descuento!<\/strong><\/p>\n<p><img loading=\"lazy\" decoding=\"async\" class=\"size-medium wp-image-1814\" src=\"https:\/\/rmvapesale.com\/wp-content\/uploads\/2024\/04\/whatsapp-amy-229x300.jpg\" alt=\"whatsapp amy\" width=\"229\" height=\"300\" srcset=\"https:\/\/rmvapesale.com\/wp-content\/uploads\/2024\/04\/whatsapp-amy-229x300.jpg 229w, https:\/\/rmvapesale.com\/wp-content\/uploads\/2024\/04\/whatsapp-amy-783x1024.jpg 783w, https:\/\/rmvapesale.com\/wp-content\/uploads\/2024\/04\/whatsapp-amy-768x1005.jpg 768w, https:\/\/rmvapesale.com\/wp-content\/uploads\/2024\/04\/whatsapp-amy-600x785.jpg 600w, https:\/\/rmvapesale.com\/wp-content\/uploads\/2024\/04\/whatsapp-amy.jpg 990w\" sizes=\"auto, (max-width: 229px) 100vw, 229px\" \/><\/p>\n<h2>Especificaciones DE FUMOT TORNADO 15000 Vape Desechable:<\/h2>\n<p>Opciones de contenido de nicotina: 0%, 2%, 3% y 5%<br \/>\nHasta 15000 inhalaciones<br \/>\nPrecargado con 25 ml de e-l\u00edquido<br \/>\nbater\u00eda recargable de 850mAh<br \/>\nResistencia de malla de 0.9\u03a9<br \/>\n41 sabores disponibles<\/p>\n<h2>El mejor sabor de Randm 15000 Puff<\/h2>\n<p>1 Limonada Blue Razz<br \/>\n2 Hielo de melocot\u00f3n<br \/>\n3 Manzana agria<br \/>\n4 Hielo de sand\u00eda<br \/>\n5 Ar\u00e1ndanos Azules con Hielo<br \/>\n6 Ar\u00e1ndanos Azules Frambuesa<br \/>\n7 Pi\u00f1a Helada<br \/>\n8 Cereza<br \/>\n9 Fresa Helada<br \/>\n10 Vimto\u00a0 <span style=\"color: #ff0000\"><strong>&gt;&gt;&gt;&gt; \u00a1Popular!<\/strong><\/span><br \/>\n11 Uva Helada<br \/>\n12 Cola Helada<br \/>\n13 Fresa Sand\u00eda<br \/>\n14 Limonada Rosa <span style=\"color: #ff0000\"><strong>&gt;&gt;&gt;&gt; \u00a1Mejor!<\/strong><\/span><br \/>\n15 Frutas del Bosque Mixtas <span style=\"color: #ff0000\"><strong>&gt;&gt;&gt;&gt; \u00a1Popular!<\/strong><\/span><br \/>\n16 Melocot\u00f3n Mango<br \/>\n17. Fruta del drag\u00f3n<br \/>\n18. Fresa uva<br \/>\n19. Sr. Blue <span style=\"color: #ff0000\"><strong>&gt;&gt;&gt;&gt; \u00a1Popular!<\/strong><\/span><br \/>\n20. Hielo Exuberante<br \/>\n21. Polo de hielo<br \/>\n22. Fresa kiwi<br \/>\n23. Guayaba maracuy\u00e1 kiwi<br \/>\n24. Triple baya <span style=\"color: #ff0000\"><strong>&gt;&gt;&gt;&gt; \u00a1Popular!<\/strong><\/span><br \/>\n25. Hielo de pl\u00e1tano<br \/>\n26. Caramelo de melocot\u00f3n y ar\u00e1ndanos<br \/>\n27. Manzana, melocot\u00f3n y pera<br \/>\n28. Limonada de frutos rojos<br \/>\n29. Cereza y frambuesa azul<br \/>\n30. Chicle de ar\u00e1ndanos<br \/>\n31. Ar\u00e1ndano, cereza y ar\u00e1ndano rojo<br \/>\n32. Granada y ar\u00e1ndanos<br \/>\n33. Frambuesa agria azul<br \/>\n34. Cola de cereza<br \/>\n35. Osito de goma<br \/>\n36. Lim\u00f3n<br \/>\n37. Mango con hielo<br \/>\n38. Hielo de energ\u00eda roja<br \/>\n39. Fresa pl\u00e1tano<br \/>\n40. Fresa Red Bull<br \/>\n41. Limonada de fresa y sand\u00eda<\/p>\n<p>&nbsp;<\/p>\n<h2>Preguntas frecuentes sobre Randm Tornado 15000<\/h2>\n<p>1. \u00bfQu\u00e9 es el RANDM VAPE 15K TORNADO Original?<br \/>\nEl RANDM VAPE 15K TORNADO Original es un dispositivo de vapeo desechable de gran venta fabricado por Fumot Vape Tech. Se llama as\u00ed por su impresionante capacidad de 15.000 inhalaciones.<\/p>\n<p>2. \u00bfQui\u00e9n fabrica el RANDM VAPE 15K TORNADO Genuine?<br \/>\nEl RANDM VAPE 15K TORNADO Genuine es fabricado por Shenzhen Fumot Technology, una empresa l\u00edder en la industria del vapeo conocida por sus productos innovadores.<\/p>\n<p>3. \u00bfQu\u00e9 hace que el RANDM VAPE 15K TORNADO Authentic sea \u00fanico?<\/p>\n<p>Con su capacidad de 15.000 inhalaciones, el RANDM VAPE 15K TORNADO Authentic destaca como uno de los vapes desechables de mayor capacidad del mercado. Es una buena opci\u00f3n para aquellos que desean dispositivos de mayor duraci\u00f3n.<\/p>\n<p>4. \u00bfQu\u00e9 sabores est\u00e1n disponibles para el RANDM VAPE 15K TORNADO Genuine?<br \/>\nEl RANDM VAPE 15K TORNADO Genuine viene en una variedad de sabores, incluyendo manzana, melocot\u00f3n, pera, pl\u00e1tano helado, limonada de bayas, cereza Blue Razz y muchos m\u00e1s. Con 41 sabores para elegir, hay algo para cada paladar.<\/p>\n<p>5. \u00bfCu\u00e1nto dura la bater\u00eda del RANDM VAPE 15K TORNADO Authentic?<br \/>\nEl RANDM VAPE 15K TORNADO Authentic cuenta con una bater\u00eda incorporada con una capacidad de 850mAh, que ofrece un uso prolongado con una sola carga. La duraci\u00f3n exacta de la bater\u00eda depende de los patrones de uso individuales.<\/p>\n<p>6. \u00bfEs recargable el RANDM VAPE 15000 TORNADO Original?<br \/>\nNo, el RANDM VAPE 15000 TORNADO Original es un dispositivo de vapeo desechable y no es recargable. Una vez que la bater\u00eda se agota o el e-l\u00edquido se acaba, el dispositivo debe desecharse de manera responsable.<\/p>\n<p>7. \u00bfC\u00f3mo puedo comprar el RANDM VAPE 15000 Original?<br \/>\nEl RANDM VAPE 15000 Original est\u00e1 disponible para su compra a trav\u00e9s de distribuidores autorizados. Para consultas al por mayor, los distribuidores pueden <a href=\"https:\/\/wa.me\/8617776015835\" target=\"_blank\" rel=\"noopener\">contactar con nosotros<\/a> directamente. Los clientes minoristas pueden encontrar el producto en minoristas selectos o tiendas en l\u00ednea.<\/p>\n<p>&nbsp;<\/p>\n<p>Encuentra m\u00e1s productos de Vape que te puedan gustar:<em><a href=\"https:\/\/rmvapesale.com\/es\/shop-2\/\">comprar ahora\u00a0<\/a><\/em><\/p>\n<p>otros vapes de gran venta que te pueden gustar:<\/p>\n<p><a href=\"https:\/\/rmvapesale.com\/es\/product\/jnr-shisha-vape-15000-puffs-wholesale-price-with-screen-vape\/\">VOPK SHISHA 15K<\/a><\/p>\n<p><a href=\"https:\/\/rmvapesale.com\/es\/product\/randm-vape-al-fakher-10000-puffs-vape-wholesale\/\">randm vape AI FAKHER 15k vape<\/a><\/p>","protected":false},"excerpt":{"rendered":"<p class=\"LC20lb MBeuO DKV0Md\">15K PUFFS FUMOT VAPE RANDM Precio al por mayor<br \/>\n15K PUFFS FUMOT ORIGINAL RANDM Precio de f\u00e1brica<br \/>\n15K PUFFS Genuino FUMOT VAPE TORNADO RANDM Precio de descuento<br \/>\n<strong>Contacta con Amy para M\u00e1s Descuentos y Venta al por Mayor de Vaper con MOQ m\u00e1s bajo<\/strong><\/p>\n<p><img loading=\"lazy\" decoding=\"async\" class=\"size-medium wp-image-1814\" src=\"https:\/\/rmvapesale.com\/wp-content\/uploads\/2024\/04\/whatsapp-amy-229x300.jpg\" alt=\"whatsapp amy\" width=\"229\" height=\"300\" srcset=\"https:\/\/rmvapesale.com\/wp-content\/uploads\/2024\/04\/whatsapp-amy-229x300.jpg 229w, https:\/\/rmvapesale.com\/wp-content\/uploads\/2024\/04\/whatsapp-amy-783x1024.jpg 783w, https:\/\/rmvapesale.com\/wp-content\/uploads\/2024\/04\/whatsapp-amy-768x1005.jpg 768w, https:\/\/rmvapesale.com\/wp-content\/uploads\/2024\/04\/whatsapp-amy-600x785.jpg 600w, https:\/\/rmvapesale.com\/wp-content\/uploads\/2024\/04\/whatsapp-amy.jpg 990w\" sizes=\"auto, (max-width: 229px) 100vw, 229px\" \/><\/p>\n<h3><span style=\"color: #ff0000\"><strong>WhatsApp: +86 17776015835<\/strong><\/span><\/h3>","protected":false},"featured_media":1877,"comment_status":"open","ping_status":"closed","template":"","meta":{"_uag_custom_page_level_css":"","_lmt_disableupdate":"no","_lmt_disable":"","site-sidebar-layout":"default","site-content-layout":"content-boxed-container","ast-site-content-layout":"normal-width-container","site-content-style":"boxed","site-sidebar-style":"unboxed","ast-global-header-display":"","ast-banner-title-visibility":"","ast-main-header-display":"","ast-hfb-above-header-display":"","ast-hfb-below-header-display":"","ast-hfb-mobile-header-display":"","site-post-title":"","ast-breadcrumbs-content":"","ast-featured-img":"","footer-sml-layout":"","theme-transparent-header-meta":"default","adv-header-id-meta":"","stick-header-meta":"","header-above-stick-meta":"","header-main-stick-meta":"","header-below-stick-meta":"","astra-migrate-meta-layouts":"set","ast-page-background-enabled":"default","ast-page-background-meta":{"desktop":{"background-color":"var(--ast-global-color-4)","background-image":"","background-repeat":"repeat","background-position":"center center","background-size":"auto","background-attachment":"scroll","background-type":"","background-media":"","overlay-type":"","overlay-color":"","overlay-opacity":"","overlay-gradient":""},"tablet":{"background-color":"","background-image":"","background-repeat":"repeat","background-position":"center center","background-size":"auto","background-attachment":"scroll","background-type":"","background-media":"","overlay-type":"","overlay-color":"","overlay-opacity":"","overlay-gradient":""},"mobile":{"background-color":"","background-image":"","background-repeat":"repeat","background-position":"center center","background-size":"auto","background-attachment":"scroll","background-type":"","background-media":"","overlay-type":"","overlay-color":"","overlay-opacity":"","overlay-gradient":""}},"ast-content-background-meta":{"desktop":{"background-color":"var(--ast-global-color-5)","background-image":"","background-repeat":"repeat","background-position":"center center","background-size":"auto","background-attachment":"scroll","background-type":"","background-media":"","overlay-type":"","overlay-color":"","overlay-opacity":"","overlay-gradient":""},"tablet":{"background-color":"var(--ast-global-color-5)","background-image":"","background-repeat":"repeat","background-position":"center center","background-size":"auto","background-attachment":"scroll","background-type":"","background-media":"","overlay-type":"","overlay-color":"","overlay-opacity":"","overlay-gradient":""},"mobile":{"background-color":"var(--ast-global-color-5)","background-image":"","background-repeat":"repeat","background-position":"center center","background-size":"auto","background-attachment":"scroll","background-type":"","background-media":"","overlay-type":"","overlay-color":"","overlay-opacity":"","overlay-gradient":""}},"_joinchat":[]},"product_brand":[],"product_cat":[25,51,123,26,28,135,27,31,61,137,15,30],"product_tag":[44,39,40,41,171,38,37],"class_list":{"0":"post-1874","1":"product","2":"type-product","3":"status-publish","4":"has-post-thumbnail","6":"product_cat-germany-best-selling-vape","7":"product_cat-fumot-vape","8":"product_cat-italy-wholesale-vape","9":"product_cat-netherlands-hot-sale-vape","10":"product_cat-poland-hot-sale-vape","11":"product_cat-spain-best-hot-sale-vape","12":"product_cat-fance-hot-sale-vape","13":"product_cat-randm-fumot-vape","14":"product_cat-15000-puffs-disposable-vapes","15":"product_cat-rechargeable-vapes","16":"product_cat-new-vape-this-week","17":"product_cat-minimum-order-quantity-50pcs","18":"product_tag-15k-puffs-15000-vape-wholesale","19":"product_tag-fumot-vape","20":"product_tag-hot-sale-vape","21":"product_tag-original-factory-vape","22":"product_tag-randm-15000","23":"product_tag-randm-vape","24":"product_tag-wholesale-vape-price","25":"desktop-align-left","26":"tablet-align-left","27":"mobile-align-left","29":"first","30":"instock","31":"sale","32":"shipping-taxable","33":"purchasable","34":"product-type-simple"},"uagb_featured_image_src":{"full":["https:\/\/rmvapesale.com\/wp-content\/uploads\/2024\/05\/randm-vape-tornado-15k-fumot.jpg",424,589,false],"thumbnail":["https:\/\/rmvapesale.com\/wp-content\/uploads\/2024\/05\/randm-vape-tornado-15k-fumot-150x150.jpg",150,150,true],"medium":["https:\/\/rmvapesale.com\/wp-content\/uploads\/2024\/05\/randm-vape-tornado-15k-fumot-216x300.jpg",216,300,true],"medium_large":["https:\/\/rmvapesale.com\/wp-content\/uploads\/2024\/05\/randm-vape-tornado-15k-fumot.jpg",424,589,false],"large":["https:\/\/rmvapesale.com\/wp-content\/uploads\/2024\/05\/randm-vape-tornado-15k-fumot.jpg",424,589,false],"1536x1536":["https:\/\/rmvapesale.com\/wp-content\/uploads\/2024\/05\/randm-vape-tornado-15k-fumot.jpg",424,589,false],"2048x2048":["https:\/\/rmvapesale.com\/wp-content\/uploads\/2024\/05\/randm-vape-tornado-15k-fumot.jpg",424,589,false],"trp-custom-language-flag":["https:\/\/rmvapesale.com\/wp-content\/uploads\/2024\/05\/randm-vape-tornado-15k-fumot.jpg",9,12,false],"woocommerce_thumbnail":["https:\/\/rmvapesale.com\/wp-content\/uploads\/2024\/05\/randm-vape-tornado-15k-fumot-300x300.jpg",300,300,true],"woocommerce_single":["https:\/\/rmvapesale.com\/wp-content\/uploads\/2024\/05\/randm-vape-tornado-15k-fumot.jpg",424,589,false],"woocommerce_gallery_thumbnail":["https:\/\/rmvapesale.com\/wp-content\/uploads\/2024\/05\/randm-vape-tornado-15k-fumot-100x100.jpg",100,100,true],"wcpr-photo-reviews":["https:\/\/rmvapesale.com\/wp-content\/uploads\/2024\/05\/randm-vape-tornado-15k-fumot.jpg",360,500,false]},"uagb_author_info":{"display_name":"yannazhan","author_link":"https:\/\/rmvapesale.com\/es\/author\/"},"uagb_comment_info":0,"uagb_excerpt":"15K PUFFS FUMOT VAPE RANDM Wholesale Price 15K PUFFS FUMOT ORIGINAL RANDM\u00a0 Factory Price 15K PUFFS Genuine FUMOT VAPE TORNADO RANDM Discount Price Contact Amy For More Discount And Lower MOQ Vape WhatsApp: +86 17776015835","_links":{"self":[{"href":"https:\/\/rmvapesale.com\/es\/wp-json\/wp\/v2\/product\/1874","targetHints":{"allow":["GET"]}}],"collection":[{"href":"https:\/\/rmvapesale.com\/es\/wp-json\/wp\/v2\/product"}],"about":[{"href":"https:\/\/rmvapesale.com\/es\/wp-json\/wp\/v2\/types\/product"}],"replies":[{"embeddable":true,"href":"https:\/\/rmvapesale.com\/es\/wp-json\/wp\/v2\/comments?post=1874"}],"wp:featuredmedia":[{"embeddable":true,"href":"https:\/\/rmvapesale.com\/es\/wp-json\/wp\/v2\/media\/1877"}],"wp:attachment":[{"href":"https:\/\/rmvapesale.com\/es\/wp-json\/wp\/v2\/media?parent=1874"}],"wp:term":[{"taxonomy":"product_brand","embeddable":true,"href":"https:\/\/rmvapesale.com\/es\/wp-json\/wp\/v2\/product_brand?post=1874"},{"taxonomy":"product_cat","embeddable":true,"href":"https:\/\/rmvapesale.com\/es\/wp-json\/wp\/v2\/product_cat?post=1874"},{"taxonomy":"product_tag","embeddable":true,"href":"https:\/\/rmvapesale.com\/es\/wp-json\/wp\/v2\/product_tag?post=1874"}],"curies":[{"name":"wp","href":"https:\/\/api.w.org\/{rel}","templated":true}]}}