{"id":1886,"date":"2024-05-15T08:46:17","date_gmt":"2024-05-15T08:46:17","guid":{"rendered":"https:\/\/rmvapesale.com\/?post_type=product&#038;p=1886"},"modified":"2024-10-21T08:52:11","modified_gmt":"2024-10-21T08:52:11","slug":"original-randm-vape-digital-puff-12000-fumot-factory-price","status":"publish","type":"product","link":"https:\/\/rmvapesale.com\/es\/product\/original-randm-vape-digital-puff-12000-fumot-factory-price\/","title":{"rendered":"Original Randm Vape Digital Puff 12000 Precio de f\u00e1brica FUMOT"},"content":{"rendered":"<h1>Original Randm Vape Digital Puff 12000 Precio de f\u00e1brica FUMOT<\/h1>\n<p>Lo m\u00e1s reciente <strong>Original Randm Vape Digital Puff 12000<\/strong>, la opci\u00f3n perfecta para expandir tu mercado en Espa\u00f1a como Alemania, Pa\u00edses Bajos, Francia, Italia, Espa\u00f1a, Suiza, Suecia, Polonia, etc. Este avanzado dispositivo de vapeo no solo ofrece un rendimiento excelente sino tambi\u00e9n una variedad de sabores para satisfacer diferentes preferencias de los consumidores.<\/p>\n<p>El <strong>Vaporizador desechable Fumot Digital Box 12000<\/strong> est\u00e1 equipado con una capacidad de 20ml de e-l\u00edquido, proporcionando hasta 12,000 caladas por dispositivo, asegurando un disfrute duradero para los usuarios. Cuenta con una bater\u00eda recargable de 850mAh integrada con una pantalla conveniente de bater\u00eda y e-l\u00edquido, permitiendo a los usuarios monitorear f\u00e1cilmente los niveles de energ\u00eda y e-l\u00edquido restantes para una experiencia de vapeo sin complicaciones.<\/p>\n<p>Ofrecemos una amplia gama de sabores, incluyendo Menta Fresca, Sand\u00eda con Hielo, Uva con Hielo, Ar\u00e1ndano y Frambuesa, Fresa con Sand\u00eda, y muchos m\u00e1s, en total 24 opciones \u00fanicas. Por ejemplo, Menta Fresca ofrece una sensaci\u00f3n refrescante y fr\u00eda, mientras que Sand\u00eda con Hielo combina notas dulces y heladas para una experiencia deliciosa, perfecta para los d\u00edas calurosos de verano.<\/p>\n<p>Adem\u00e1s, el <strong>Fumot Digital Randm Vape Desechable 12000<\/strong> utiliza tecnolog\u00eda avanzada de sales de nicotina, disponible en concentraciones de nicotina 0%, 2%, 3% y 5%, permitiendo a los usuarios elegir el nivel que mejor se adapte a sus necesidades.<\/p>\n<p>Como mayorista de VAPE, puedes beneficiarte de nuestros precios directos de f\u00e1brica, asegurando la m\u00e1xima eficiencia en costos. Nuestra cantidad m\u00ednima de pedido es de solo 50 piezas, ideal para mayoristas que importan cigarrillos electr\u00f3nicos desde China por primera vez. Tambi\u00e9n ofrecemos soporte al cliente 24H y gestionamos todos los tr\u00e1mites de aduanas, haciendo que tu proceso de compra sea fluido y sin preocupaciones.<\/p>\n<p><strong>A\u00f1ade la gerente de ventas AMY whatsapp <a href=\"https:\/\/wa.me\/8617776015835\" target=\"_blank\" rel=\"noopener\">+86-17776015835<\/a> \u00a1obt\u00e9n m\u00e1s descuento!<\/strong><\/p>\n<p><img loading=\"lazy\" decoding=\"async\" class=\"size-medium wp-image-1814\" src=\"https:\/\/rmvapesale.com\/wp-content\/uploads\/2024\/04\/whatsapp-amy-229x300.jpg\" alt=\"whatsapp amy\" width=\"229\" height=\"300\" srcset=\"https:\/\/rmvapesale.com\/wp-content\/uploads\/2024\/04\/whatsapp-amy-229x300.jpg 229w, https:\/\/rmvapesale.com\/wp-content\/uploads\/2024\/04\/whatsapp-amy-783x1024.jpg 783w, https:\/\/rmvapesale.com\/wp-content\/uploads\/2024\/04\/whatsapp-amy-768x1005.jpg 768w, https:\/\/rmvapesale.com\/wp-content\/uploads\/2024\/04\/whatsapp-amy-600x785.jpg 600w, https:\/\/rmvapesale.com\/wp-content\/uploads\/2024\/04\/whatsapp-amy.jpg 990w\" sizes=\"auto, (max-width: 229px) 100vw, 229px\" \/><\/p>\n<h2>Especificaciones del FUMOT PUFF 12000 Vape Desechable:<\/h2>\n<p>Opciones de contenido de nicotina: 0%, 2%, 3% y 5%<br \/>\nHasta 12000 caladas<br \/>\nPrellenado con 20ml de e-l\u00edquido<br \/>\nbater\u00eda recargable de 850mAh<br \/>\nResistencia de malla de 0.9\u03a9<br \/>\n40 sabores disponibles<\/p>\n<h2>Sabor popular para vape digital randm 12000 puff<\/h2>\n<p>1 Menta Fresca<br \/>\n2 Hielo de Sand\u00eda<br \/>\n3 Hielo de Uva<br \/>\n4 Ar\u00e1ndano Frambuesa <strong><span style=\"color: #ff0000\">&gt;&gt;&gt;\u00a1Caliente!<\/span><\/strong><br \/>\n5 Fresa Sand\u00eda<br \/>\n6 Fresa Pl\u00e1tano<br \/>\n7 Hielo exuberante<br \/>\n8 Cereza<br \/>\n9 Fresa Helada<br \/>\n10 Polo de hielo<br \/>\n11 Limonada rosa <strong><span style=\"color: #ff0000\">&gt;&gt;&gt;\u00a1Mejor!<\/span><\/strong><br \/>\n12 Mango helado<br \/>\n13 Frutos rojos<br \/>\n14 Donut de fresa<br \/>\n15 Fresa y uva<br \/>\n16 Cola de cereza<br \/>\n17 Dr. azul<br \/>\n18 Ar\u00e1ndano helado<br \/>\n19 Kiwi, maracuy\u00e1 y guayaba<br \/>\n20 Fresa y kiwi<br \/>\n21 Melocot\u00f3n y mango<br \/>\n22 Melocot\u00f3n helado<br \/>\n23 Manzana roja helada<br \/>\n24 Chicle de ar\u00e1ndano<br \/>\n25 Limonada de frutos rojos<br \/>\n26 Limonada de frambuesa azul<br \/>\n27 Frambuesa \u00e1cida azul <strong><span style=\"color: #ff0000\">&gt;&gt;&gt;\u00a1Caliente!<\/span><\/strong><br \/>\n28 Fresa con bebida energ\u00e9tica<br \/>\n29 Explosi\u00f3n de bayas de manzana<br \/>\n30 Chicle de sand\u00eda<br \/>\n31 Frambuesa sand\u00eda<br \/>\n32 Hielo negro<br \/>\n33 Ar\u00e1ndano cereza ar\u00e1ndano rojo <strong><span style=\"color: #ff0000\">&gt;&gt;&gt;\u00a1Caliente!<\/span><\/strong><br \/>\n34 Granada de fresa<br \/>\n35 Vimto <strong><span style=\"color: #ff0000\">&gt;&gt;&gt;\u00a1Caliente!<\/span><\/strong><br \/>\n36 Cereza baya<br \/>\n37 Lim\u00f3n<br \/>\n38 Bingo Crush<br \/>\n39 Ar\u00e1ndano Kiwi<br \/>\n40 Manzana Canela<\/p>\n<figure id=\"attachment_2480\" aria-describedby=\"caption-attachment-2480\" style=\"width: 600px\" class=\"wp-caption alignnone\"><img loading=\"lazy\" decoding=\"async\" class=\"wp-image-2480 size-full\" src=\"https:\/\/rmvapesale.com\/wp-content\/uploads\/2024\/10\/Fumot-Digital-Box-12000-Disposable-Vape.jpg\" alt=\"Vaporizador desechable Fumot Digital Box 12000\" width=\"600\" height=\"600\" srcset=\"https:\/\/rmvapesale.com\/wp-content\/uploads\/2024\/10\/Fumot-Digital-Box-12000-Disposable-Vape.jpg 600w, https:\/\/rmvapesale.com\/wp-content\/uploads\/2024\/10\/Fumot-Digital-Box-12000-Disposable-Vape-300x300.jpg 300w, https:\/\/rmvapesale.com\/wp-content\/uploads\/2024\/10\/Fumot-Digital-Box-12000-Disposable-Vape-150x150.jpg 150w, https:\/\/rmvapesale.com\/wp-content\/uploads\/2024\/10\/Fumot-Digital-Box-12000-Disposable-Vape-100x100.jpg 100w\" sizes=\"auto, (max-width: 600px) 100vw, 600px\" \/><figcaption id=\"caption-attachment-2480\" class=\"wp-caption-text\">Vaporizador desechable Fumot Digital Box 12000<\/figcaption><\/figure>\n<h2>Cosas que quiz\u00e1s quieras saber sobre Fumot Digital Puff 12000 Vape antes de comprar al por mayor.<\/h2>\n<p><strong>P1: \u00bfCu\u00e1les son las opciones de nicotina disponibles para el Vape Digital Fumot Randm 12000 Puffs?<\/strong><\/p>\n<ul>\n<li>El <strong>Vape Digital Fumot Original 12000 Puffs<\/strong> ofrece concentraciones de sal de nicotina de 0%, 2%, 3% y 5%.<\/li>\n<\/ul>\n<p><strong>P2: \u00bfCu\u00e1ntos sabores est\u00e1n disponibles para este producto?<\/strong><\/p>\n<ul>\n<li>El <strong>Vape Digital Randm Original 12k Puffs<\/strong> viene en 24 sabores diversos, incluyendo Menta Fresca, Sand\u00eda con Hielo, Uva con Hielo y m\u00e1s.<\/li>\n<\/ul>\n<p><strong>P3: \u00bfCu\u00e1l es la capacidad de e-l\u00edquido y el n\u00famero de caladas de este dispositivo?<\/strong><\/p>\n<ul>\n<li>El <strong>Vape Digital Randm Original 12000 Puffs<\/strong> cuenta con una capacidad de 20 ml de e-l\u00edquido y proporciona hasta 12,000 caladas por dispositivo.<\/li>\n<\/ul>\n<p><strong>P4: \u00bfLa bater\u00eda es recargable y c\u00f3mo puedo monitorizar su estado?<\/strong><\/p>\n<ul>\n<li>S\u00ed, el <strong>Vape Digital Randm Original 12k Puffs<\/strong> tiene una bater\u00eda recargable integrada de 850mAh con una pantalla para monitorizar los niveles de bater\u00eda y e-l\u00edquido.<\/li>\n<\/ul>\n<p><strong>P5: \u00bfCu\u00e1l es la cantidad m\u00ednima de pedido y qu\u00e9 soporte ofrecen para nuevos importadores?<\/strong><\/p>\n<ul>\n<li>Nuestra cantidad m\u00ednima de pedido es de 50 unidades. Ofrecemos soporte al cliente 24\/7 y gestionamos todos los tr\u00e1mites de aduanas, lo que lo hace ideal para importadores primerizos desde Espa\u00f1a.<\/li>\n<\/ul>\n<p><strong>P6: \u00bfC\u00f3mo se empaqueta el producto para venta al por mayor?<\/strong><\/p>\n<ul>\n<li>El <strong>Vape Digital Fumot 12k Puffs Original<\/strong> se empaqueta con 10 unidades en una caja de exhibici\u00f3n y 200 unidades en un cart\u00f3n.<\/li>\n<\/ul>\n<p><strong>P7: \u00bfExisten opciones de precio de f\u00e1brica disponibles para compras al por mayor?<\/strong><\/p>\n<ul>\n<li>S\u00ed, ofrecemos <strong>Fumot Vape Digital Original 12k Puffs Precio de f\u00e1brica<\/strong> opciones para compras al por mayor para asegurarte de obtener el mejor valor.<\/li>\n<\/ul>\n<p><strong>P8: \u00bfPuedo obtener precios competitivos para pedidos grandes?<\/strong><\/p>\n<ul>\n<li>Por supuesto, ofrecemos <strong>Randm Vape Digital Original 12k Puffs Precio al por mayor<\/strong> para ayudarte a maximizar los m\u00e1rgenes de beneficio de tu negocio de vapeo.<\/li>\n<\/ul>\n<p>Encuentra m\u00e1s productos de Vape que te puedan gustar:<em><a href=\"https:\/\/rmvapesale.com\/es\/shop-2\/\">comprar ahora\u00a0<\/a><\/em><\/p>\n<p>otros vapes de gran venta que te pueden gustar:<\/p>\n<p><a href=\"https:\/\/rmvapesale.com\/es\/product\/jnr-shisha-vape-15000-puffs-wholesale-price-with-screen-vape\/\">VOPK SHISHA 15K<\/a><\/p>\n<p><a href=\"https:\/\/rmvapesale.com\/es\/product\/randm-vape-al-fakher-10000-puffs-vape-wholesale\/\">randm vape AI FAKHER 15k vape<\/a><\/p>\n<p><a href=\"https:\/\/rmvapesale.com\/es\/product\/randm-tornado-15000-puffs-15k-vape-recharge-fumot-original-vape-factory-price\/\">Fumot caja digital Puff 12000<\/a><\/p>","protected":false},"excerpt":{"rendered":"<p class=\"LC20lb MBeuO DKV0Md\">Original Fumot Vape Digital 12,000 Puffs Precio de f\u00e1brica<br \/>\nOriginal Fumot Vape Digital 12k Puffs Precio al por mayor<br \/>\nFumot Vape RandM Digital 12000 Precio barato<br \/>\n<strong>Contacta con Amy para M\u00e1s Descuentos y Venta al por Mayor de Vaper con MOQ m\u00e1s bajo<\/strong><\/p>\n<p><img loading=\"lazy\" decoding=\"async\" class=\"size-medium wp-image-1814\" src=\"https:\/\/rmvapesale.com\/wp-content\/uploads\/2024\/04\/whatsapp-amy-229x300.jpg\" alt=\"whatsapp amy\" width=\"229\" height=\"300\" srcset=\"https:\/\/rmvapesale.com\/wp-content\/uploads\/2024\/04\/whatsapp-amy-229x300.jpg 229w, https:\/\/rmvapesale.com\/wp-content\/uploads\/2024\/04\/whatsapp-amy-783x1024.jpg 783w, https:\/\/rmvapesale.com\/wp-content\/uploads\/2024\/04\/whatsapp-amy-768x1005.jpg 768w, https:\/\/rmvapesale.com\/wp-content\/uploads\/2024\/04\/whatsapp-amy-600x785.jpg 600w, https:\/\/rmvapesale.com\/wp-content\/uploads\/2024\/04\/whatsapp-amy.jpg 990w\" sizes=\"auto, (max-width: 229px) 100vw, 229px\" \/><\/p>\n<h3><span style=\"color: #ff0000\"><strong>WhatsApp: +86 17776015835<\/strong><\/span><\/h3>","protected":false},"featured_media":2485,"comment_status":"open","ping_status":"closed","template":"","meta":{"_uag_custom_page_level_css":"","_lmt_disableupdate":"no","_lmt_disable":"","site-sidebar-layout":"default","site-content-layout":"content-boxed-container","ast-site-content-layout":"normal-width-container","site-content-style":"boxed","site-sidebar-style":"unboxed","ast-global-header-display":"","ast-banner-title-visibility":"","ast-main-header-display":"","ast-hfb-above-header-display":"","ast-hfb-below-header-display":"","ast-hfb-mobile-header-display":"","site-post-title":"","ast-breadcrumbs-content":"","ast-featured-img":"","footer-sml-layout":"","theme-transparent-header-meta":"default","adv-header-id-meta":"","stick-header-meta":"","header-above-stick-meta":"","header-main-stick-meta":"","header-below-stick-meta":"","astra-migrate-meta-layouts":"set","ast-page-background-enabled":"default","ast-page-background-meta":{"desktop":{"background-color":"var(--ast-global-color-4)","background-image":"","background-repeat":"repeat","background-position":"center center","background-size":"auto","background-attachment":"scroll","background-type":"","background-media":"","overlay-type":"","overlay-color":"","overlay-opacity":"","overlay-gradient":""},"tablet":{"background-color":"","background-image":"","background-repeat":"repeat","background-position":"center center","background-size":"auto","background-attachment":"scroll","background-type":"","background-media":"","overlay-type":"","overlay-color":"","overlay-opacity":"","overlay-gradient":""},"mobile":{"background-color":"","background-image":"","background-repeat":"repeat","background-position":"center center","background-size":"auto","background-attachment":"scroll","background-type":"","background-media":"","overlay-type":"","overlay-color":"","overlay-opacity":"","overlay-gradient":""}},"ast-content-background-meta":{"desktop":{"background-color":"var(--ast-global-color-5)","background-image":"","background-repeat":"repeat","background-position":"center center","background-size":"auto","background-attachment":"scroll","background-type":"","background-media":"","overlay-type":"","overlay-color":"","overlay-opacity":"","overlay-gradient":""},"tablet":{"background-color":"var(--ast-global-color-5)","background-image":"","background-repeat":"repeat","background-position":"center center","background-size":"auto","background-attachment":"scroll","background-type":"","background-media":"","overlay-type":"","overlay-color":"","overlay-opacity":"","overlay-gradient":""},"mobile":{"background-color":"var(--ast-global-color-5)","background-image":"","background-repeat":"repeat","background-position":"center center","background-size":"auto","background-attachment":"scroll","background-type":"","background-media":"","overlay-type":"","overlay-color":"","overlay-opacity":"","overlay-gradient":""}},"_joinchat":[]},"product_brand":[],"product_cat":[25,26,28,27,31,15,30],"product_tag":[45,46,39,40,111,41,38,165,37],"class_list":{"0":"post-1886","1":"product","2":"type-product","3":"status-publish","4":"has-post-thumbnail","6":"product_cat-germany-best-selling-vape","7":"product_cat-netherlands-hot-sale-vape","8":"product_cat-poland-hot-sale-vape","9":"product_cat-fance-hot-sale-vape","10":"product_cat-randm-fumot-vape","11":"product_cat-new-vape-this-week","12":"product_cat-minimum-order-quantity-50pcs","13":"product_tag-12k-vape-puff-12000","14":"product_tag-digital-box-12000-puff-original","15":"product_tag-fumot-vape","16":"product_tag-hot-sale-vape","17":"product_tag-low-nicotine-disposable-vape","18":"product_tag-original-factory-vape","19":"product_tag-randm-vape","20":"product_tag-rechargeable-vapes","21":"product_tag-wholesale-vape-price","22":"desktop-align-left","23":"tablet-align-left","24":"mobile-align-left","26":"first","27":"instock","28":"sale","29":"shipping-taxable","30":"purchasable","31":"product-type-simple"},"uagb_featured_image_src":{"full":["https:\/\/rmvapesale.com\/wp-content\/uploads\/2024\/10\/Randm-Vape-12000-Puffs.jpg",600,600,false],"thumbnail":["https:\/\/rmvapesale.com\/wp-content\/uploads\/2024\/10\/Randm-Vape-12000-Puffs-150x150.jpg",150,150,true],"medium":["https:\/\/rmvapesale.com\/wp-content\/uploads\/2024\/10\/Randm-Vape-12000-Puffs-300x300.jpg",300,300,true],"medium_large":["https:\/\/rmvapesale.com\/wp-content\/uploads\/2024\/10\/Randm-Vape-12000-Puffs.jpg",600,600,false],"large":["https:\/\/rmvapesale.com\/wp-content\/uploads\/2024\/10\/Randm-Vape-12000-Puffs.jpg",600,600,false],"1536x1536":["https:\/\/rmvapesale.com\/wp-content\/uploads\/2024\/10\/Randm-Vape-12000-Puffs.jpg",600,600,false],"2048x2048":["https:\/\/rmvapesale.com\/wp-content\/uploads\/2024\/10\/Randm-Vape-12000-Puffs.jpg",600,600,false],"trp-custom-language-flag":["https:\/\/rmvapesale.com\/wp-content\/uploads\/2024\/10\/Randm-Vape-12000-Puffs.jpg",12,12,false],"woocommerce_thumbnail":["https:\/\/rmvapesale.com\/wp-content\/uploads\/2024\/10\/Randm-Vape-12000-Puffs-300x300.jpg",300,300,true],"woocommerce_single":["https:\/\/rmvapesale.com\/wp-content\/uploads\/2024\/10\/Randm-Vape-12000-Puffs.jpg",600,600,false],"woocommerce_gallery_thumbnail":["https:\/\/rmvapesale.com\/wp-content\/uploads\/2024\/10\/Randm-Vape-12000-Puffs-100x100.jpg",100,100,true],"wcpr-photo-reviews":["https:\/\/rmvapesale.com\/wp-content\/uploads\/2024\/10\/Randm-Vape-12000-Puffs.jpg",500,500,false]},"uagb_author_info":{"display_name":"yannazhan","author_link":"https:\/\/rmvapesale.com\/es\/author\/"},"uagb_comment_info":0,"uagb_excerpt":"Original Fumot Vape Digital 12ooo Puffs Factory Price Original Fumot Vape Digital 12k Puffs Price Bulk Buy Fumot Vape RandM Digital 12000 Price Cheap Contact Amy For More Discount And Lower MOQ Vape WhatsApp: +86 17776015835","_links":{"self":[{"href":"https:\/\/rmvapesale.com\/es\/wp-json\/wp\/v2\/product\/1886","targetHints":{"allow":["GET"]}}],"collection":[{"href":"https:\/\/rmvapesale.com\/es\/wp-json\/wp\/v2\/product"}],"about":[{"href":"https:\/\/rmvapesale.com\/es\/wp-json\/wp\/v2\/types\/product"}],"replies":[{"embeddable":true,"href":"https:\/\/rmvapesale.com\/es\/wp-json\/wp\/v2\/comments?post=1886"}],"wp:featuredmedia":[{"embeddable":true,"href":"https:\/\/rmvapesale.com\/es\/wp-json\/wp\/v2\/media\/2485"}],"wp:attachment":[{"href":"https:\/\/rmvapesale.com\/es\/wp-json\/wp\/v2\/media?parent=1886"}],"wp:term":[{"taxonomy":"product_brand","embeddable":true,"href":"https:\/\/rmvapesale.com\/es\/wp-json\/wp\/v2\/product_brand?post=1886"},{"taxonomy":"product_cat","embeddable":true,"href":"https:\/\/rmvapesale.com\/es\/wp-json\/wp\/v2\/product_cat?post=1886"},{"taxonomy":"product_tag","embeddable":true,"href":"https:\/\/rmvapesale.com\/es\/wp-json\/wp\/v2\/product_tag?post=1886"}],"curies":[{"name":"wp","href":"https:\/\/api.w.org\/{rel}","templated":true}]}}