{"id":1894,"date":"2024-05-24T08:08:12","date_gmt":"2024-05-24T08:08:12","guid":{"rendered":"https:\/\/rmvapesale.com\/?post_type=product&#038;p=1894"},"modified":"2024-10-22T08:49:55","modified_gmt":"2024-10-22T08:49:55","slug":"randm-tornado-7000-puffs-original-cheap-price-vapes-fumot-factory","status":"publish","type":"product","link":"https:\/\/rmvapesale.com\/es\/product\/randm-tornado-7000-puffs-original-cheap-price-vapes-fumot-factory\/","title":{"rendered":"RANDM TORNADO 7000 Puffs Vapes de Precio Barato Original Fumot Factory"},"content":{"rendered":"<h1>RANDM TORNADO 7000 Puffs Vapes de Precio Barato Original Fumot Factory<\/h1>\n<p>El <strong>Fumot Vape RANDM TORNADO 7000<\/strong> es un dispositivo de vapeo desechable visualmente innovador, dise\u00f1ado con una taza de aceite \u00fanica y un dise\u00f1o de separaci\u00f3n del n\u00facleo de aceite, que satisface espec\u00edficamente las demandas de los mayoristas espa\u00f1oles.<\/p>\n<p>Con una <strong>14ml de capacidad de aceite<\/strong>, el <strong>RANDM vape 7000<\/strong> ofrece hasta <strong>7000 caladas<\/strong>, ofreciendo una experiencia de vapeo prolongada y satisfactoria. Alimentado por una <strong>850mAh<\/strong>, este dispositivo asegura un rendimiento duradero. Solo toma tres horas recargarse completamente usando <strong>con puerto de carga Tipo-C<\/strong>.<\/p>\n<p>Una de las caracter\u00edsticas clave del <strong>RANDM TORNADO 7000<\/strong> es su avanzado <strong>bobina de malla<\/strong>, que garantiza un vapeo suave y sabroso con cada calada. Los usuarios pueden elegir entre una impresionante selecci\u00f3n de <strong>56 sabores de frutas<\/strong>, asegurando que haya algo para todos. Ya sea el sabor dulce de las bayas o el refrescante toque de los c\u00edtricos.<\/p>\n<p>Este dispositivo destaca en el mercado de los <strong>vapeadores populares<\/strong> y es muy buscado en la colecci\u00f3n de la marca de vapeadores desechables <strong>Fumot<\/strong> . Ya sea que est\u00e9 buscando un <strong>opciones de vapeador desechable con bajo contenido de nicotina<\/strong> o simplemente explorando nuevos sabores, el <strong>TORNADO 7000<\/strong> ofrece una experiencia de vapeo premium a un precio asequible.<\/p>\n<p>Explore lo mejor de los vapeadores <strong>randm<\/strong> y disfrute de un sabor superior, comodidad y asequibilidad con el <strong>RANDM TORNADO 7000<\/strong>.<\/p>\n<p><img loading=\"lazy\" decoding=\"async\" class=\"alignnone size-medium wp-image-1896\" src=\"https:\/\/rmvapesale.com\/wp-content\/uploads\/2024\/05\/RANDM-TORNADO-7000-hit-hot-sale-300x273.jpg\" alt=\"RANDM TORNADO 7000 hit gran venta\" width=\"300\" height=\"273\" srcset=\"https:\/\/rmvapesale.com\/wp-content\/uploads\/2024\/05\/RANDM-TORNADO-7000-hit-hot-sale-300x273.jpg 300w, https:\/\/rmvapesale.com\/wp-content\/uploads\/2024\/05\/RANDM-TORNADO-7000-hit-hot-sale-768x699.jpg 768w, https:\/\/rmvapesale.com\/wp-content\/uploads\/2024\/05\/RANDM-TORNADO-7000-hit-hot-sale-600x546.jpg 600w, https:\/\/rmvapesale.com\/wp-content\/uploads\/2024\/05\/RANDM-TORNADO-7000-hit-hot-sale.jpg 800w\" sizes=\"auto, (max-width: 300px) 100vw, 300px\" \/><\/p>\n<p><strong>A\u00f1ade la gerente de ventas AMY whatsapp <a href=\"https:\/\/wa.me\/8617776015835\" target=\"_blank\" rel=\"noopener\">+86-17776015835<\/a> \u00a1obt\u00e9n m\u00e1s descuento!<\/strong><\/p>\n<p><img loading=\"lazy\" decoding=\"async\" class=\"size-medium wp-image-1814\" src=\"https:\/\/rmvapesale.com\/wp-content\/uploads\/2024\/04\/whatsapp-amy-229x300.jpg\" alt=\"whatsapp amy\" width=\"229\" height=\"300\" srcset=\"https:\/\/rmvapesale.com\/wp-content\/uploads\/2024\/04\/whatsapp-amy-229x300.jpg 229w, https:\/\/rmvapesale.com\/wp-content\/uploads\/2024\/04\/whatsapp-amy-783x1024.jpg 783w, https:\/\/rmvapesale.com\/wp-content\/uploads\/2024\/04\/whatsapp-amy-768x1005.jpg 768w, https:\/\/rmvapesale.com\/wp-content\/uploads\/2024\/04\/whatsapp-amy-600x785.jpg 600w, https:\/\/rmvapesale.com\/wp-content\/uploads\/2024\/04\/whatsapp-amy.jpg 990w\" sizes=\"auto, (max-width: 229px) 100vw, 229px\" \/><\/p>\n<h2>Especificaciones del Vapeador Desechable FUMOT PUFF 7000:<\/h2>\n<p>Opciones de contenido de nicotina: 0%, 2%, 3% y 5%<br \/>\nHasta 7000 caladas<br \/>\nPrellenado con 14ml de e-l\u00edquido<br \/>\nbater\u00eda recargable de 850mAh<br \/>\nResistencia de malla de 0.9\u03a9<br \/>\n56 sabores disponibles en stock<\/p>\n<h2>Preguntas frecuentes sobre el Vapeador Fumot Randm 7000:<\/h2>\n<p>1. \u00bfQu\u00e9 hace que el RANDM 7000 se destaque de otros vapeadores desechables?<\/p>\n<p>El RANDM 7000 ofrece un n\u00famero de caladas inigualable de 7000, una amplia variedad de 56 sabores frutales y utiliza una bobina de malla para una producci\u00f3n superior de sabor y vapor.<br \/>\n2. \u00bfCu\u00e1nto tiempo se tarda en cargar completamente el dispositivo?<\/p>\n<p>El dispositivo de vapeo al por mayor Tornado 7K Puffs Original Randm Fumot se puede cargar completamente en solo tres horas usando su puerto de carga Tipo-C.<br \/>\n3. \u00bfCu\u00e1l es la capacidad de la bater\u00eda del Tornado 7K Puffs Original Randm Fumot?<\/p>\n<p>El Tornado 7K Puffs Original Randm Fumot est\u00e1 equipado con una bater\u00eda de 850 mAh (17350), lo que garantiza un rendimiento duradero.<br \/>\n4. \u00bfHay opciones de precios al por mayor disponibles para el vapeo al por mayor Fumot Tornado 7000 Puffs original?<\/p>\n<p>S\u00ed, ofrecemos precios competitivos al por mayor Randm Fumot Tornado 7K Puffs para mayoristas. Cont\u00e1ctenos para m\u00e1s detalles sobre nuestras opciones de precios al por mayor Fumot Tornado 7000 Puffs.<br \/>\n5. \u00bfC\u00f3mo puedo hacer un pedido? \u00bfC\u00f3mo comprar el precio al por mayor Fumot Tornado 7000 Puffs?<\/p>\n<p>Para realizar un pedido, simplemente<a href=\"https:\/\/wa.me\/8617776015835\" target=\"_blank\" rel=\"noopener\"> cont\u00e1ctenos.<\/a> Nuestro equipo est\u00e1 disponible las 24 horas del d\u00eda, los 7 d\u00edas de la semana para ayudarlo con su compra y garantizar una experiencia profesional.<br \/>\n6. \u00bfExiste una cantidad m\u00ednima de pedido para comprar el vapeo al por mayor Fumot Tornado 7000 Puffs?<\/p>\n<p>S\u00ed, la cantidad m\u00ednima de pedido para comprar Fumot RandM Bulk Price tornado 7000 puffs es de 50 piezas, lo cual es perfecto para mayoristas que buscan empezar con una cantidad manejable.<\/p>\n<p>Encuentra m\u00e1s productos de Vape que te puedan gustar:<em><a href=\"https:\/\/rmvapesale.com\/es\/shop-2\/\">comprar ahora\u00a0<\/a><\/em><\/p>\n<p>otros vapes de gran venta que te pueden gustar:<\/p>\n<p><a href=\"https:\/\/rmvapesale.com\/es\/product\/jnr-shisha-vape-15000-puffs-wholesale-price-with-screen-vape\/\">VOPK SHISHA 15K\/ <\/a><a href=\"https:\/\/rmvapesale.com\/es\/product\/randm-vape-al-fakher-10000-puffs-vape-wholesale\/\">randm vape AI FAKHER 15k vape\/<\/a><a href=\"https:\/\/rmvapesale.com\/es\/product\/randm-tornado-15000-puffs-15k-vape-recharge-fumot-original-vape-factory-price\/\">Fumot digital box Puff 12000\/<\/a><\/p>\n<p><a href=\"https:\/\/rmvapesale.com\/es\/product\/original-randm-tornado-9000-puffs-vape-fumot-factory-price-cheap\/\">RandM Tornado 9000 Puffs<\/a><\/p>","protected":false},"excerpt":{"rendered":"<p>Funot Vape\u00a0 7000 Desechable al por mayor<br \/>\nRandM Vape 7000 Caladas Bajo en Nicotina Vape Desechable<br class=\"yoast-text-mark\" \/>RandM Tornado 7000 Todos los sabores en stock<\/p>\n<p><img loading=\"lazy\" decoding=\"async\" width=\"229\" height=\"300\" class=\"size-medium wp-image-1814\" src=\"https:\/\/rmvapesale.com\/wp-content\/uploads\/2024\/04\/whatsapp-amy-229x300.jpg\" alt=\"whatsapp amy\" srcset=\"https:\/\/rmvapesale.com\/wp-content\/uploads\/2024\/04\/whatsapp-amy-229x300.jpg 229w, https:\/\/rmvapesale.com\/wp-content\/uploads\/2024\/04\/whatsapp-amy-783x1024.jpg 783w, https:\/\/rmvapesale.com\/wp-content\/uploads\/2024\/04\/whatsapp-amy-768x1005.jpg 768w, https:\/\/rmvapesale.com\/wp-content\/uploads\/2024\/04\/whatsapp-amy-600x785.jpg 600w, https:\/\/rmvapesale.com\/wp-content\/uploads\/2024\/04\/whatsapp-amy.jpg 990w\" sizes=\"auto, (max-width: 229px) 100vw, 229px\" \/><\/p>\n<h3><span style=\"color: #ff0000\"><strong>WhatsApp: +86 17776015835<\/strong><\/span><\/h3>","protected":false},"featured_media":1895,"comment_status":"open","ping_status":"closed","template":"","meta":{"_uag_custom_page_level_css":"","_lmt_disableupdate":"no","_lmt_disable":"","site-sidebar-layout":"default","site-content-layout":"content-boxed-container","ast-site-content-layout":"normal-width-container","site-content-style":"boxed","site-sidebar-style":"unboxed","ast-global-header-display":"","ast-banner-title-visibility":"","ast-main-header-display":"","ast-hfb-above-header-display":"","ast-hfb-below-header-display":"","ast-hfb-mobile-header-display":"","site-post-title":"","ast-breadcrumbs-content":"","ast-featured-img":"","footer-sml-layout":"","theme-transparent-header-meta":"default","adv-header-id-meta":"","stick-header-meta":"","header-above-stick-meta":"","header-main-stick-meta":"","header-below-stick-meta":"","astra-migrate-meta-layouts":"set","ast-page-background-enabled":"default","ast-page-background-meta":{"desktop":{"background-color":"var(--ast-global-color-4)","background-image":"","background-repeat":"repeat","background-position":"center center","background-size":"auto","background-attachment":"scroll","background-type":"","background-media":"","overlay-type":"","overlay-color":"","overlay-opacity":"","overlay-gradient":""},"tablet":{"background-color":"","background-image":"","background-repeat":"repeat","background-position":"center center","background-size":"auto","background-attachment":"scroll","background-type":"","background-media":"","overlay-type":"","overlay-color":"","overlay-opacity":"","overlay-gradient":""},"mobile":{"background-color":"","background-image":"","background-repeat":"repeat","background-position":"center center","background-size":"auto","background-attachment":"scroll","background-type":"","background-media":"","overlay-type":"","overlay-color":"","overlay-opacity":"","overlay-gradient":""}},"ast-content-background-meta":{"desktop":{"background-color":"var(--ast-global-color-5)","background-image":"","background-repeat":"repeat","background-position":"center center","background-size":"auto","background-attachment":"scroll","background-type":"","background-media":"","overlay-type":"","overlay-color":"","overlay-opacity":"","overlay-gradient":""},"tablet":{"background-color":"var(--ast-global-color-5)","background-image":"","background-repeat":"repeat","background-position":"center center","background-size":"auto","background-attachment":"scroll","background-type":"","background-media":"","overlay-type":"","overlay-color":"","overlay-opacity":"","overlay-gradient":""},"mobile":{"background-color":"var(--ast-global-color-5)","background-image":"","background-repeat":"repeat","background-position":"center center","background-size":"auto","background-attachment":"scroll","background-type":"","background-media":"","overlay-type":"","overlay-color":"","overlay-opacity":"","overlay-gradient":""}},"_joinchat":[]},"product_brand":[],"product_cat":[25,123,26,28,135,27,31,137,15,30],"product_tag":[48,39,40,41,183,182,38,37],"class_list":{"0":"post-1894","1":"product","2":"type-product","3":"status-publish","4":"has-post-thumbnail","6":"product_cat-germany-best-selling-vape","7":"product_cat-italy-wholesale-vape","8":"product_cat-netherlands-hot-sale-vape","9":"product_cat-poland-hot-sale-vape","10":"product_cat-spain-best-hot-sale-vape","11":"product_cat-fance-hot-sale-vape","12":"product_cat-randm-fumot-vape","13":"product_cat-rechargeable-vapes","14":"product_cat-new-vape-this-week","15":"product_cat-minimum-order-quantity-50pcs","16":"product_tag-7000-puffs-vape","17":"product_tag-fumot-vape","18":"product_tag-hot-sale-vape","19":"product_tag-original-factory-vape","20":"product_tag-randm-7000","21":"product_tag-randm-tornado-7000","22":"product_tag-randm-vape","23":"product_tag-wholesale-vape-price","24":"desktop-align-left","25":"tablet-align-left","26":"mobile-align-left","28":"first","29":"instock","30":"sale","31":"shipping-taxable","32":"purchasable","33":"product-type-simple"},"uagb_featured_image_src":{"full":["https:\/\/rmvapesale.com\/wp-content\/uploads\/2024\/05\/Ricky-Morty-Tornado-7000-Vape-Flavors.jpg",1200,1200,false],"thumbnail":["https:\/\/rmvapesale.com\/wp-content\/uploads\/2024\/05\/Ricky-Morty-Tornado-7000-Vape-Flavors-150x150.jpg",150,150,true],"medium":["https:\/\/rmvapesale.com\/wp-content\/uploads\/2024\/05\/Ricky-Morty-Tornado-7000-Vape-Flavors-300x300.jpg",300,300,true],"medium_large":["https:\/\/rmvapesale.com\/wp-content\/uploads\/2024\/05\/Ricky-Morty-Tornado-7000-Vape-Flavors-768x768.jpg",768,768,true],"large":["https:\/\/rmvapesale.com\/wp-content\/uploads\/2024\/05\/Ricky-Morty-Tornado-7000-Vape-Flavors-1024x1024.jpg",1024,1024,true],"1536x1536":["https:\/\/rmvapesale.com\/wp-content\/uploads\/2024\/05\/Ricky-Morty-Tornado-7000-Vape-Flavors.jpg",1200,1200,false],"2048x2048":["https:\/\/rmvapesale.com\/wp-content\/uploads\/2024\/05\/Ricky-Morty-Tornado-7000-Vape-Flavors.jpg",1200,1200,false],"trp-custom-language-flag":["https:\/\/rmvapesale.com\/wp-content\/uploads\/2024\/05\/Ricky-Morty-Tornado-7000-Vape-Flavors.jpg",12,12,false],"woocommerce_thumbnail":["https:\/\/rmvapesale.com\/wp-content\/uploads\/2024\/05\/Ricky-Morty-Tornado-7000-Vape-Flavors-300x300.jpg",300,300,true],"woocommerce_single":["https:\/\/rmvapesale.com\/wp-content\/uploads\/2024\/05\/Ricky-Morty-Tornado-7000-Vape-Flavors-600x600.jpg",600,600,true],"woocommerce_gallery_thumbnail":["https:\/\/rmvapesale.com\/wp-content\/uploads\/2024\/05\/Ricky-Morty-Tornado-7000-Vape-Flavors-100x100.jpg",100,100,true],"wcpr-photo-reviews":["https:\/\/rmvapesale.com\/wp-content\/uploads\/2024\/05\/Ricky-Morty-Tornado-7000-Vape-Flavors.jpg",500,500,false]},"uagb_author_info":{"display_name":"yannazhan","author_link":"https:\/\/rmvapesale.com\/es\/author\/"},"uagb_comment_info":0,"uagb_excerpt":"Funot Vape\u00a0 7000 wholesale Disposable RandM Vape 7000 Puff Low Nicotine Disposable VapeRandM Tornado 7000 All Flavours in stock WhatsApp: +86 17776015835","_links":{"self":[{"href":"https:\/\/rmvapesale.com\/es\/wp-json\/wp\/v2\/product\/1894","targetHints":{"allow":["GET"]}}],"collection":[{"href":"https:\/\/rmvapesale.com\/es\/wp-json\/wp\/v2\/product"}],"about":[{"href":"https:\/\/rmvapesale.com\/es\/wp-json\/wp\/v2\/types\/product"}],"replies":[{"embeddable":true,"href":"https:\/\/rmvapesale.com\/es\/wp-json\/wp\/v2\/comments?post=1894"}],"wp:featuredmedia":[{"embeddable":true,"href":"https:\/\/rmvapesale.com\/es\/wp-json\/wp\/v2\/media\/1895"}],"wp:attachment":[{"href":"https:\/\/rmvapesale.com\/es\/wp-json\/wp\/v2\/media?parent=1894"}],"wp:term":[{"taxonomy":"product_brand","embeddable":true,"href":"https:\/\/rmvapesale.com\/es\/wp-json\/wp\/v2\/product_brand?post=1894"},{"taxonomy":"product_cat","embeddable":true,"href":"https:\/\/rmvapesale.com\/es\/wp-json\/wp\/v2\/product_cat?post=1894"},{"taxonomy":"product_tag","embeddable":true,"href":"https:\/\/rmvapesale.com\/es\/wp-json\/wp\/v2\/product_tag?post=1894"}],"curies":[{"name":"wp","href":"https:\/\/api.w.org\/{rel}","templated":true}]}}