{"id":1928,"date":"2024-08-22T15:15:42","date_gmt":"2024-08-22T15:15:42","guid":{"rendered":"https:\/\/rmvapesale.com\/?post_type=product&#038;p=1928"},"modified":"2025-01-20T03:40:57","modified_gmt":"2025-01-20T03:40:57","slug":"original-randm-tornado-9000-puffs-disposable-vape-factory-price","status":"publish","type":"product","link":"https:\/\/rmvapesale.com\/es\/product\/original-randm-tornado-9000-puffs-disposable-vape-factory-price\/","title":{"rendered":"Vape Desechable Original RANDM TORNADO 9000 Caladas Precio de F\u00e1brica"},"content":{"rendered":"<h1>Vape Desechable Original RANDM TORNADO 9000 Caladas Precio de F\u00e1brica<\/h1>\n<p>Fumot RANDM TORNADO 9000, un dispositivo de vapeo desechable avanzado dise\u00f1ado para cumplir con los exigentes est\u00e1ndares de los mayoristas europeos. Elaborado con precisi\u00f3n e innovaci\u00f3n, este dispositivo ofrece una experiencia de vapeo excepcional, combinando un alto rendimiento con una impresionante variedad de sabores.<\/p>\n<p>El Fumot RANDM TORNADO 9000 presenta tecnolog\u00eda de vanguardia, incluyendo una bobina de malla y una bater\u00eda recargable incorporada de 850 mAh, lo que garantiza una producci\u00f3n de vapor suave y constante para un disfrute prolongado. Ofrece un rango de concentraciones de sal de nicotina del 0% al 5%, adapt\u00e1ndose a diversas preferencias.<\/p>\n<p>Lo que realmente distingue al Fumot RANDM TORNADO 9000 es su amplia selecci\u00f3n de sabores. Con 43 opciones tentadoras, desde los favoritos cl\u00e1sicos como Lush Ice y Strawberry Lemonade hasta mezclas \u00fanicas como Honeydew Ice Cream y Pi\u00f1a Colada, hay un sabor para satisfacer todos los gustos.<\/p>\n<p>Para los vendedores de Vape Randm que buscan productos de vapeo de primera calidad a precios competitivos, el Fumot RANDM TORNADO 9000 es una opci\u00f3n ideal.<\/p>\n<p><strong>A\u00f1ade la gerente de ventas AMY whatsapp <a href=\"https:\/\/wa.me\/8617776015835\" target=\"_blank\" rel=\"noopener\">+86-17776015835<\/a> \u00a1obt\u00e9n m\u00e1s descuento!<\/strong><\/p>\n<p><img loading=\"lazy\" decoding=\"async\" class=\"size-medium wp-image-1814\" src=\"https:\/\/rmvapesale.com\/wp-content\/uploads\/2024\/04\/whatsapp-amy-229x300.jpg\" alt=\"whatsapp amy\" width=\"229\" height=\"300\" srcset=\"https:\/\/rmvapesale.com\/wp-content\/uploads\/2024\/04\/whatsapp-amy-229x300.jpg 229w, https:\/\/rmvapesale.com\/wp-content\/uploads\/2024\/04\/whatsapp-amy-783x1024.jpg 783w, https:\/\/rmvapesale.com\/wp-content\/uploads\/2024\/04\/whatsapp-amy-768x1005.jpg 768w, https:\/\/rmvapesale.com\/wp-content\/uploads\/2024\/04\/whatsapp-amy-600x785.jpg 600w, https:\/\/rmvapesale.com\/wp-content\/uploads\/2024\/04\/whatsapp-amy.jpg 990w\" sizes=\"auto, (max-width: 229px) 100vw, 229px\" \/><\/p>\n<h3>Especificaciones del dispositivo de vapeo desechable FUMOT PUFF 9000:<\/h3>\n<p>Opciones de contenido de nicotina: 0%, 2%, 3% y 5%<br \/>\nHasta 9000 caladas<br \/>\nPrecargado con 18 ml de e-l\u00edquido<br \/>\nbater\u00eda recargable de 850mAh<br \/>\nResistencia de malla de 0.9\u03a9<br \/>\n43 sabores disponibles en stock<\/p>\n<p>Cosas que quiz\u00e1s quieras saber sobre el Vape Fumot Randm 9000 antes de comprar al por mayor.<\/p>\n<h4>Preguntas frecuentes:<\/h4>\n<p><strong>P: \u00bfCu\u00e1les son las opciones de precio para el Fumot RANDM TORNADO 9000?<\/strong><\/p>\n<p>R: Ofrecemos precios competitivos de f\u00e1brica para el dispositivo de vapeo original Randm Puffs 9000, tanto para unidades individuales como para pedidos al por mayor.<\/p>\n<p><strong>P: \u00bfHay opciones de precios al por mayor disponibles para el Fumot RANDM TORNADO 9000?<\/strong><\/p>\n<p>R: S\u00ed, ofrecemos opciones de precios al por mayor para el kit de vapeo original Randm 9000 Puffs, para mayoristas que buscan comprar en mayores cantidades.<\/p>\n<p><strong>P: \u00bfCu\u00e1les son los niveles de precios para pedidos al por mayor del Fumot RANDM TORNADO 9000?<\/strong><\/p>\n<p>A: Ofrecemos atractivos precios al por mayor para el Original Randm Vape Pod Puffs 9000, asegurando un ahorro de costos para los mayoristas que compran en grandes vol\u00famenes.<\/p>\n<p><strong>Q: \u00bfOfrecen precios especiales para los importadores primerizos?<\/strong><\/p>\n<p>A: S\u00ed, ofrecemos precios competitivos para el Fumot RANDM TORNADO 9000, lo que lo convierte en una opci\u00f3n ideal para los importadores de cigarrillos electr\u00f3nicos primerizos de China.<\/p>\n<p>Encuentra m\u00e1s productos de Vape que te puedan gustar:<em><a href=\"https:\/\/rmvapesale.com\/es\/shop-2\/\">comprar ahora\u00a0<\/a><\/em><\/p>\n<p>otros vapes de gran venta que te pueden gustar:<\/p>\n<p><a href=\"https:\/\/rmvapesale.com\/es\/product\/jnr-shisha-vape-15000-puffs-wholesale-price-with-screen-vape\/\">VOPK SHISHA 15K\/ <\/a><a href=\"https:\/\/rmvapesale.com\/es\/product\/randm-vape-al-fakher-10000-puffs-vape-wholesale\/\">randm vape AI FAKHER 15k vape\/<\/a><a href=\"https:\/\/rmvapesale.com\/es\/product\/randm-tornado-15000-puffs-15k-vape-recharge-fumot-original-vape-factory-price\/\">Fumot caja digital Puff 12000<\/a><\/p>","protected":false},"excerpt":{"rendered":"<p class=\"LC20lb MBeuO DKV0Md\">Mejor sabor de RandM Tornado Vape 9000 Puffs<br \/>\nDispositivo de vapeo original Randm 9ooo Puffs<br \/>\nPrecio al por mayor del kit de vapeo RandM 9ooo Puffs<br \/>\n<strong>Contacta con Amy para una respuesta correcta y m\u00e1s descuento<\/strong><\/p>\n<p><img loading=\"lazy\" decoding=\"async\" class=\"size-medium wp-image-1814\" src=\"https:\/\/rmvapesale.com\/wp-content\/uploads\/2024\/04\/whatsapp-amy-229x300.jpg\" alt=\"whatsapp amy\" width=\"229\" height=\"300\" srcset=\"https:\/\/rmvapesale.com\/wp-content\/uploads\/2024\/04\/whatsapp-amy-229x300.jpg 229w, https:\/\/rmvapesale.com\/wp-content\/uploads\/2024\/04\/whatsapp-amy-783x1024.jpg 783w, https:\/\/rmvapesale.com\/wp-content\/uploads\/2024\/04\/whatsapp-amy-768x1005.jpg 768w, https:\/\/rmvapesale.com\/wp-content\/uploads\/2024\/04\/whatsapp-amy-600x785.jpg 600w, https:\/\/rmvapesale.com\/wp-content\/uploads\/2024\/04\/whatsapp-amy.jpg 990w\" sizes=\"auto, (max-width: 229px) 100vw, 229px\" \/><\/p>\n<h3><span style=\"color: #ff0000\"><strong>WhatsApp: +86 17776015835<\/strong><\/span><\/h3>","protected":false},"featured_media":1887,"comment_status":"open","ping_status":"closed","template":"","meta":{"_uag_custom_page_level_css":"","_lmt_disableupdate":"no","_lmt_disable":"","site-sidebar-layout":"default","site-content-layout":"content-boxed-container","ast-site-content-layout":"normal-width-container","site-content-style":"boxed","site-sidebar-style":"unboxed","ast-global-header-display":"","ast-banner-title-visibility":"","ast-main-header-display":"","ast-hfb-above-header-display":"","ast-hfb-below-header-display":"","ast-hfb-mobile-header-display":"","site-post-title":"","ast-breadcrumbs-content":"","ast-featured-img":"","footer-sml-layout":"","theme-transparent-header-meta":"default","adv-header-id-meta":"","stick-header-meta":"","header-above-stick-meta":"","header-main-stick-meta":"","header-below-stick-meta":"","astra-migrate-meta-layouts":"set","ast-page-background-enabled":"default","ast-page-background-meta":{"desktop":{"background-color":"var(--ast-global-color-4)","background-image":"","background-repeat":"repeat","background-position":"center center","background-size":"auto","background-attachment":"scroll","background-type":"","background-media":"","overlay-type":"","overlay-color":"","overlay-opacity":"","overlay-gradient":""},"tablet":{"background-color":"","background-image":"","background-repeat":"repeat","background-position":"center center","background-size":"auto","background-attachment":"scroll","background-type":"","background-media":"","overlay-type":"","overlay-color":"","overlay-opacity":"","overlay-gradient":""},"mobile":{"background-color":"","background-image":"","background-repeat":"repeat","background-position":"center center","background-size":"auto","background-attachment":"scroll","background-type":"","background-media":"","overlay-type":"","overlay-color":"","overlay-opacity":"","overlay-gradient":""}},"ast-content-background-meta":{"desktop":{"background-color":"var(--ast-global-color-5)","background-image":"","background-repeat":"repeat","background-position":"center center","background-size":"auto","background-attachment":"scroll","background-type":"","background-media":"","overlay-type":"","overlay-color":"","overlay-opacity":"","overlay-gradient":""},"tablet":{"background-color":"var(--ast-global-color-5)","background-image":"","background-repeat":"repeat","background-position":"center center","background-size":"auto","background-attachment":"scroll","background-type":"","background-media":"","overlay-type":"","overlay-color":"","overlay-opacity":"","overlay-gradient":""},"mobile":{"background-color":"var(--ast-global-color-5)","background-image":"","background-repeat":"repeat","background-position":"center center","background-size":"auto","background-attachment":"scroll","background-type":"","background-media":"","overlay-type":"","overlay-color":"","overlay-opacity":"","overlay-gradient":""}},"_joinchat":[]},"product_brand":[],"product_cat":[25,289,293,295,52,51,123,26,28,135,27,31,137,136,15,30],"product_tag":[47,39,40,41,38,37],"class_list":{"0":"post-1928","1":"product","2":"type-product","3":"status-publish","4":"has-post-thumbnail","6":"product_cat-germany-best-selling-vape","7":"product_cat-big-puffs-disposable-vapes","8":"product_cat-low-nicotine-disposable-vapes","9":"product_cat-rechargeable-disposable-vapes","10":"product_cat-9000-puffs-disposable-vapes","11":"product_cat-fumot-vape","12":"product_cat-italy-wholesale-vape","13":"product_cat-netherlands-hot-sale-vape","14":"product_cat-poland-hot-sale-vape","15":"product_cat-spain-best-hot-sale-vape","16":"product_cat-fance-hot-sale-vape","17":"product_cat-randm-fumot-vape","18":"product_cat-rechargeable-vapes","19":"product_cat-smart-screen-vapes","20":"product_cat-new-vape-this-week","21":"product_cat-minimum-order-quantity-50pcs","22":"product_tag-9000-puffs-vape","23":"product_tag-fumot-vape","24":"product_tag-hot-sale-vape","25":"product_tag-original-factory-vape","26":"product_tag-randm-vape","27":"product_tag-wholesale-vape-price","28":"desktop-align-left","29":"tablet-align-left","30":"mobile-align-left","32":"first","33":"instock","34":"sale","35":"shipping-taxable","36":"purchasable","37":"product-type-simple"},"uagb_featured_image_src":{"full":["https:\/\/rmvapesale.com\/wp-content\/uploads\/2024\/05\/RM-TORNADO-VAPE-DISPOSABEL-9000-PUFFS.png",600,600,false],"thumbnail":["https:\/\/rmvapesale.com\/wp-content\/uploads\/2024\/05\/RM-TORNADO-VAPE-DISPOSABEL-9000-PUFFS-150x150.png",150,150,true],"medium":["https:\/\/rmvapesale.com\/wp-content\/uploads\/2024\/05\/RM-TORNADO-VAPE-DISPOSABEL-9000-PUFFS-300x300.png",300,300,true],"medium_large":["https:\/\/rmvapesale.com\/wp-content\/uploads\/2024\/05\/RM-TORNADO-VAPE-DISPOSABEL-9000-PUFFS.png",600,600,false],"large":["https:\/\/rmvapesale.com\/wp-content\/uploads\/2024\/05\/RM-TORNADO-VAPE-DISPOSABEL-9000-PUFFS.png",600,600,false],"1536x1536":["https:\/\/rmvapesale.com\/wp-content\/uploads\/2024\/05\/RM-TORNADO-VAPE-DISPOSABEL-9000-PUFFS.png",600,600,false],"2048x2048":["https:\/\/rmvapesale.com\/wp-content\/uploads\/2024\/05\/RM-TORNADO-VAPE-DISPOSABEL-9000-PUFFS.png",600,600,false],"trp-custom-language-flag":["https:\/\/rmvapesale.com\/wp-content\/uploads\/2024\/05\/RM-TORNADO-VAPE-DISPOSABEL-9000-PUFFS.png",12,12,false],"woocommerce_thumbnail":["https:\/\/rmvapesale.com\/wp-content\/uploads\/2024\/05\/RM-TORNADO-VAPE-DISPOSABEL-9000-PUFFS-300x300.png",300,300,true],"woocommerce_single":["https:\/\/rmvapesale.com\/wp-content\/uploads\/2024\/05\/RM-TORNADO-VAPE-DISPOSABEL-9000-PUFFS.png",600,600,false],"woocommerce_gallery_thumbnail":["https:\/\/rmvapesale.com\/wp-content\/uploads\/2024\/05\/RM-TORNADO-VAPE-DISPOSABEL-9000-PUFFS-100x100.png",100,100,true],"wcpr-photo-reviews":["https:\/\/rmvapesale.com\/wp-content\/uploads\/2024\/05\/RM-TORNADO-VAPE-DISPOSABEL-9000-PUFFS.png",500,500,false]},"uagb_author_info":{"display_name":"AMY","author_link":"https:\/\/rmvapesale.com\/es\/author\/"},"uagb_comment_info":0,"uagb_excerpt":"Best RandM Tornado Vape 9000 Puffs Flavor Original Randm 9ooo Puffs Vape Device Wholesale Price RandM 9ooo Puffs Vape Kit Contact Amy For Right Reply and More Discount WhatsApp: +86 17776015835","_links":{"self":[{"href":"https:\/\/rmvapesale.com\/es\/wp-json\/wp\/v2\/product\/1928","targetHints":{"allow":["GET"]}}],"collection":[{"href":"https:\/\/rmvapesale.com\/es\/wp-json\/wp\/v2\/product"}],"about":[{"href":"https:\/\/rmvapesale.com\/es\/wp-json\/wp\/v2\/types\/product"}],"replies":[{"embeddable":true,"href":"https:\/\/rmvapesale.com\/es\/wp-json\/wp\/v2\/comments?post=1928"}],"wp:featuredmedia":[{"embeddable":true,"href":"https:\/\/rmvapesale.com\/es\/wp-json\/wp\/v2\/media\/1887"}],"wp:attachment":[{"href":"https:\/\/rmvapesale.com\/es\/wp-json\/wp\/v2\/media?parent=1928"}],"wp:term":[{"taxonomy":"product_brand","embeddable":true,"href":"https:\/\/rmvapesale.com\/es\/wp-json\/wp\/v2\/product_brand?post=1928"},{"taxonomy":"product_cat","embeddable":true,"href":"https:\/\/rmvapesale.com\/es\/wp-json\/wp\/v2\/product_cat?post=1928"},{"taxonomy":"product_tag","embeddable":true,"href":"https:\/\/rmvapesale.com\/es\/wp-json\/wp\/v2\/product_tag?post=1928"}],"curies":[{"name":"wp","href":"https:\/\/api.w.org\/{rel}","templated":true}]}}