{"id":1940,"date":"2024-08-27T07:55:11","date_gmt":"2024-08-27T07:55:11","guid":{"rendered":"https:\/\/rmvapesale.com\/?post_type=product&#038;p=1940"},"modified":"2024-11-04T09:58:31","modified_gmt":"2024-11-04T09:58:31","slug":"randm-tornado-15000-puffs-vape-wholesale","status":"publish","type":"product","link":"https:\/\/rmvapesale.com\/es\/product\/randm-tornado-15000-puffs-vape-wholesale\/","title":{"rendered":"Venta al por mayor de vaporizadores RandM Tornado de 15000 caladas"},"content":{"rendered":"<h1>Venta al por mayor de vaporizadores RandM Tornado de 15000 caladas<\/h1>\n<p>El vape desechable se est\u00e1 volviendo popular por su amplia gama de sabores y facilidad de uso. \u00bfBusca un vape desechable al mejor precio? El RandM Tornado 15000 puffs es muy recomendable por sus impresionantes caracter\u00edsticas. Dise\u00f1ado con una bater\u00eda recargable de 850 mAh que ofrece hasta 15000 puffs. Aqu\u00ed en nuestra tienda, puede comprar el vape RandM Tornado 15000 puffs a precio de mayorista.<\/p>\n<p>El Tornado 15000 presenta un nuevo dise\u00f1o con una bater\u00eda recargable de 850 mAh que se carga r\u00e1pidamente a trav\u00e9s de un puerto USB-C, lo que permite una recarga eficiente. El vape desechable RandM Tornado 15000 viene con tecnolog\u00eda de bobina de malla, por lo tanto, proporciona una experiencia de vapeo m\u00e1s suave y agradable en toda su gama de sabores.<\/p>\n<p>Sobre todo, \u00a1RM 15000 es realmente un vape rentable que vale la pena probar!<\/p>\n<p><strong>\u00a1Contacta con Amy para obtener la respuesta correcta y el precio al por mayor!<\/strong><\/p>\n<p><img loading=\"lazy\" decoding=\"async\" class=\"size-medium wp-image-1814\" src=\"https:\/\/rmvapesale.com\/wp-content\/uploads\/2024\/04\/whatsapp-amy-229x300.jpg\" alt=\"whatsapp amy\" width=\"229\" height=\"300\" srcset=\"https:\/\/rmvapesale.com\/wp-content\/uploads\/2024\/04\/whatsapp-amy-229x300.jpg 229w, https:\/\/rmvapesale.com\/wp-content\/uploads\/2024\/04\/whatsapp-amy-783x1024.jpg 783w, https:\/\/rmvapesale.com\/wp-content\/uploads\/2024\/04\/whatsapp-amy-768x1005.jpg 768w, https:\/\/rmvapesale.com\/wp-content\/uploads\/2024\/04\/whatsapp-amy-600x785.jpg 600w, https:\/\/rmvapesale.com\/wp-content\/uploads\/2024\/04\/whatsapp-amy.jpg 990w\" sizes=\"auto, (max-width: 229px) 100vw, 229px\" \/><\/p>\n<h2><strong>\u00bfQu\u00e9 hace que FUMOT RandM Tornado 15000 sea un vape desechable \u00fanico?<\/strong><\/h2>\n<p>Con una s\u00faper especificaci\u00f3n, el RANDM VAPE 15K TORNADO Authentic destaca como uno de los vapes desechables de mayor capacidad del mercado.<\/p>\n<p>Opciones de contenido de nicotina: 0%, 2%, 3% y 5%<br \/>\nHasta 15000 inhalaciones<br \/>\nPrecargado con 25 ml de e-l\u00edquido<br \/>\nbater\u00eda recargable de 850mAh<br \/>\nResistencia de malla de 0.9\u03a9<br \/>\n41 sabores disponibles<\/p>\n<h2><strong>\u00bfCu\u00e1l es el mejor sabor para el vape RandM Tornado 15k puffs?<\/strong><\/h2>\n<p>Mr blue es sin duda el sabor m\u00e1s popular para RandM Tornado 15000, \u00a1deber\u00edas probarlo!<\/p>\n<p>RandM Tornado 15000 puff ofrece un total de 41 sabores disponibles para que elijas, hay algo para cada paladar.<\/p>\n<p>1 Limonada Blue Razz<br \/>\n2 Hielo de melocot\u00f3n<br \/>\n3 Manzana agria<br \/>\n4 Hielo de sand\u00eda<br \/>\n5 Ar\u00e1ndanos Azules con Hielo<br \/>\n6 Ar\u00e1ndanos Azules Frambuesa<br \/>\n7 Pi\u00f1a Helada<br \/>\n8 Cereza<br \/>\n9 Fresa Helada<br \/>\n10 Vimto<br \/>\n11 Uva Helada<br \/>\n12 Cola Helada<br \/>\n13 Fresa Sand\u00eda<br \/>\n14 Limonada Rosa<br \/>\n15 Frutas del Bosque Mixtas<br \/>\n16 Melocot\u00f3n Mango<br \/>\n17. Fruta del drag\u00f3n<br \/>\n18. Fresa uva<br \/>\n19. Sr. Blue<br \/>\n20. Hielo Exuberante<br \/>\n21. Polo de hielo<br \/>\n22. Fresa kiwi<br \/>\n23. Guayaba maracuy\u00e1 kiwi<br \/>\n24. Triple baya<br \/>\n25. Hielo de pl\u00e1tano<br \/>\n26. Caramelo de melocot\u00f3n y ar\u00e1ndanos<br \/>\n27. Manzana, melocot\u00f3n y pera<br \/>\n28. Limonada de frutos rojos<br \/>\n29. Cereza y frambuesa azul<br \/>\n30. Chicle de ar\u00e1ndanos<br \/>\n31. Ar\u00e1ndano, cereza y ar\u00e1ndano rojo<br \/>\n32. Granada y ar\u00e1ndanos<br \/>\n33. Frambuesa agria azul<br \/>\n34. Cola de cereza<br \/>\n35. Osito de goma<br \/>\n36. Lim\u00f3n<br \/>\n37. Mango con hielo<br \/>\n38. Hielo de energ\u00eda roja<br \/>\n39. Fresa pl\u00e1tano<br \/>\n40. Fresa Red Bull<br \/>\n41. Limonada de fresa y sand\u00eda<\/p>\n<h2><strong>Preguntas que quiz\u00e1s quieras saber sobre el vape RandM Tornado 15000 puffs<\/strong><\/h2>\n<p>&nbsp;<\/p>\n<h3>P1. \u00bfQu\u00e9 es el RM Tornado 15000 Puffs Vape Original?<\/h3>\n<p>R: El RANDM VAPE 15K TORNADO Original es un dispositivo de vape desechable dise\u00f1ado para sesiones de vapeo prolongadas. Su nombre se debe a su impresionante capacidad de 15.000 puffs.<\/p>\n<h3>P2. \u00bfQui\u00e9n fabrica el RandM Tornado 15k Puffs Vape Genuine?<\/h3>\n<p>El RANDM VAPE 15K TORNADO Genuine es fabricado por Shenzhen Fumot Technology, una empresa l\u00edder en la industria del vapeo conocida por sus productos innovadores.<\/p>\n<h3>P3. \u00bfCu\u00e1nto dura el Authentic RandM Tornado 15K Vape?<\/h3>\n<p>El RANDM VAPE 15K TORNADO Authentic cuenta con una bater\u00eda incorporada con una capacidad de 850mAh, que ofrece un uso prolongado con una sola carga. La duraci\u00f3n exacta de la bater\u00eda depende de los patrones de uso individuales.<\/p>\n<h3>P4. \u00bfEs recargable el Fumot RandM Tornado 15000 Puffs Vape Original?<\/h3>\n<p><span style=\"font-size: 16px\">R: No, el RANDM VAPE 15K TORNADO Original viene con una bater\u00eda recargable, por lo que es recargable.<\/span><\/p>\n<h3>P5. \u00bfC\u00f3mo puedo comprar el Fumot RandM Tornado 15000 Puffs Vape Genuine?<\/h3>\n<p>R: El RANDM VAPE 15K TORNADO Genuino est\u00e1 disponible para su compra a trav\u00e9s de distribuidores autorizados. Para consultas al por mayor, los distribuidores pueden <a href=\"https:\/\/wa.me\/8617776015835\" target=\"_blank\" rel=\"noopener\">contactar con nosotros<\/a> directamente. Los clientes minoristas pueden encontrar el producto en minoristas selectos o tiendas en l\u00ednea.<\/p>\n<p><strong>Detalle del env\u00edo:<\/strong><br \/>\nTiempo de producci\u00f3n: 5-10 d\u00edas laborables<br \/>\nTiempo de env\u00edo: 8-14 d\u00edas laborables<\/p>\n<p>Todos los productos en nuestra tienda son 100% originales y aut\u00e9nticos, por lo que nuestra pol\u00edtica de tienda es una compensaci\u00f3n diez veces mayor por productos falsificados. Utilizamos canales de log\u00edstica como UPS\/DHL\/FEDEX\/DPD para entregarle los productos.<\/p>\n<p>Para los paquetes enviados a Espa\u00f1a, normalmente tardan 10 d\u00edas laborables en llegar. El env\u00edo a pa\u00edses europeos suele tardar entre 12 y 15 d\u00edas laborables en llegar. Actualizaremos la informaci\u00f3n log\u00edstica para usted en tiempo real.<\/p>\n<p>Encuentra m\u00e1s productos de Vape que te puedan gustar:<em><a href=\"https:\/\/rmvapesale.com\/es\/shop-2\/\">comprar ahora\u00a0<\/a><\/em><\/p>\n<p>otros vapes de gran venta que te pueden gustar:<\/p>\n<p><a href=\"https:\/\/rmvapesale.com\/es\/product\/randm-vape-al-fakher-10000-puffs-vape-wholesale\/\">randm vape AI FAKHER 15k vape<\/a><\/p>\n<p><a href=\"https:\/\/rmvapesale.com\/es\/product\/original-randm-tornado-9000-puffs-disposable-vape-factory-price\/\">RandM Tornado 9000<\/a><\/p>","protected":false},"excerpt":{"rendered":"<p>Fumot Tornado 15000 VAPE Precio al por mayor<br \/>\nRandM Tornado 15000 ORIGINAL de f\u00e1brica al por mayor en stock<br \/>\nPrecio de descuento genuino RANDM Vape FUMOT TORNADO 15000<\/p>\n<p><strong>Contacta con Amy para M\u00e1s Descuentos y Venta al por Mayor de Vaper con MOQ m\u00e1s bajo<\/strong><\/p>\n<p><img loading=\"lazy\" decoding=\"async\" class=\"size-medium wp-image-1814\" src=\"https:\/\/rmvapesale.com\/wp-content\/uploads\/2024\/04\/whatsapp-amy-229x300.jpg\" alt=\"whatsapp amy\" width=\"229\" height=\"300\" srcset=\"https:\/\/rmvapesale.com\/wp-content\/uploads\/2024\/04\/whatsapp-amy-229x300.jpg 229w, https:\/\/rmvapesale.com\/wp-content\/uploads\/2024\/04\/whatsapp-amy-783x1024.jpg 783w, https:\/\/rmvapesale.com\/wp-content\/uploads\/2024\/04\/whatsapp-amy-768x1005.jpg 768w, https:\/\/rmvapesale.com\/wp-content\/uploads\/2024\/04\/whatsapp-amy-600x785.jpg 600w, https:\/\/rmvapesale.com\/wp-content\/uploads\/2024\/04\/whatsapp-amy.jpg 990w\" sizes=\"auto, (max-width: 229px) 100vw, 229px\" \/><\/p>\n<h3><span style=\"color: #ff0000\"><strong>WhatsApp: +86 17776015835<\/strong><\/span><\/h3>","protected":false},"featured_media":1937,"comment_status":"open","ping_status":"closed","template":"","meta":{"_uag_custom_page_level_css":"","_lmt_disableupdate":"no","_lmt_disable":"","site-sidebar-layout":"default","site-content-layout":"content-boxed-container","ast-site-content-layout":"normal-width-container","site-content-style":"boxed","site-sidebar-style":"unboxed","ast-global-header-display":"","ast-banner-title-visibility":"","ast-main-header-display":"","ast-hfb-above-header-display":"","ast-hfb-below-header-display":"","ast-hfb-mobile-header-display":"","site-post-title":"","ast-breadcrumbs-content":"","ast-featured-img":"","footer-sml-layout":"","theme-transparent-header-meta":"default","adv-header-id-meta":"","stick-header-meta":"","header-above-stick-meta":"","header-main-stick-meta":"","header-below-stick-meta":"","astra-migrate-meta-layouts":"set","ast-page-background-enabled":"default","ast-page-background-meta":{"desktop":{"background-color":"var(--ast-global-color-4)","background-image":"","background-repeat":"repeat","background-position":"center center","background-size":"auto","background-attachment":"scroll","background-type":"","background-media":"","overlay-type":"","overlay-color":"","overlay-opacity":"","overlay-gradient":""},"tablet":{"background-color":"","background-image":"","background-repeat":"repeat","background-position":"center center","background-size":"auto","background-attachment":"scroll","background-type":"","background-media":"","overlay-type":"","overlay-color":"","overlay-opacity":"","overlay-gradient":""},"mobile":{"background-color":"","background-image":"","background-repeat":"repeat","background-position":"center center","background-size":"auto","background-attachment":"scroll","background-type":"","background-media":"","overlay-type":"","overlay-color":"","overlay-opacity":"","overlay-gradient":""}},"ast-content-background-meta":{"desktop":{"background-color":"var(--ast-global-color-5)","background-image":"","background-repeat":"repeat","background-position":"center center","background-size":"auto","background-attachment":"scroll","background-type":"","background-media":"","overlay-type":"","overlay-color":"","overlay-opacity":"","overlay-gradient":""},"tablet":{"background-color":"var(--ast-global-color-5)","background-image":"","background-repeat":"repeat","background-position":"center center","background-size":"auto","background-attachment":"scroll","background-type":"","background-media":"","overlay-type":"","overlay-color":"","overlay-opacity":"","overlay-gradient":""},"mobile":{"background-color":"var(--ast-global-color-5)","background-image":"","background-repeat":"repeat","background-position":"center center","background-size":"auto","background-attachment":"scroll","background-type":"","background-media":"","overlay-type":"","overlay-color":"","overlay-opacity":"","overlay-gradient":""}},"_joinchat":[]},"product_brand":[],"product_cat":[25,51,195,26,28,27,31,137,136,15,30],"product_tag":[44,39,40,41,38,37],"class_list":{"0":"post-1940","1":"product","2":"type-product","3":"status-publish","4":"has-post-thumbnail","6":"product_cat-germany-best-selling-vape","7":"product_cat-fumot-vape","8":"product_cat-germany-warehouse","9":"product_cat-netherlands-hot-sale-vape","10":"product_cat-poland-hot-sale-vape","11":"product_cat-fance-hot-sale-vape","12":"product_cat-randm-fumot-vape","13":"product_cat-rechargeable-vapes","14":"product_cat-smart-screen-vapes","15":"product_cat-new-vape-this-week","16":"product_cat-minimum-order-quantity-50pcs","17":"product_tag-15k-puffs-15000-vape-wholesale","18":"product_tag-fumot-vape","19":"product_tag-hot-sale-vape","20":"product_tag-original-factory-vape","21":"product_tag-randm-vape","22":"product_tag-wholesale-vape-price","23":"desktop-align-left","24":"tablet-align-left","25":"mobile-align-left","27":"first","28":"instock","29":"sale","30":"shipping-taxable","31":"purchasable","32":"product-type-simple"},"uagb_featured_image_src":{"full":["https:\/\/rmvapesale.com\/wp-content\/uploads\/2024\/08\/RandM-Tornado-15000-Wholesale-Blue-Razz-Lemonade.jpg",800,800,false],"thumbnail":["https:\/\/rmvapesale.com\/wp-content\/uploads\/2024\/08\/RandM-Tornado-15000-Wholesale-Blue-Razz-Lemonade-150x150.jpg",150,150,true],"medium":["https:\/\/rmvapesale.com\/wp-content\/uploads\/2024\/08\/RandM-Tornado-15000-Wholesale-Blue-Razz-Lemonade-300x300.jpg",300,300,true],"medium_large":["https:\/\/rmvapesale.com\/wp-content\/uploads\/2024\/08\/RandM-Tornado-15000-Wholesale-Blue-Razz-Lemonade-768x768.jpg",768,768,true],"large":["https:\/\/rmvapesale.com\/wp-content\/uploads\/2024\/08\/RandM-Tornado-15000-Wholesale-Blue-Razz-Lemonade.jpg",800,800,false],"1536x1536":["https:\/\/rmvapesale.com\/wp-content\/uploads\/2024\/08\/RandM-Tornado-15000-Wholesale-Blue-Razz-Lemonade.jpg",800,800,false],"2048x2048":["https:\/\/rmvapesale.com\/wp-content\/uploads\/2024\/08\/RandM-Tornado-15000-Wholesale-Blue-Razz-Lemonade.jpg",800,800,false],"trp-custom-language-flag":["https:\/\/rmvapesale.com\/wp-content\/uploads\/2024\/08\/RandM-Tornado-15000-Wholesale-Blue-Razz-Lemonade.jpg",12,12,false],"woocommerce_thumbnail":["https:\/\/rmvapesale.com\/wp-content\/uploads\/2024\/08\/RandM-Tornado-15000-Wholesale-Blue-Razz-Lemonade-300x300.jpg",300,300,true],"woocommerce_single":["https:\/\/rmvapesale.com\/wp-content\/uploads\/2024\/08\/RandM-Tornado-15000-Wholesale-Blue-Razz-Lemonade-600x600.jpg",600,600,true],"woocommerce_gallery_thumbnail":["https:\/\/rmvapesale.com\/wp-content\/uploads\/2024\/08\/RandM-Tornado-15000-Wholesale-Blue-Razz-Lemonade-100x100.jpg",100,100,true],"wcpr-photo-reviews":["https:\/\/rmvapesale.com\/wp-content\/uploads\/2024\/08\/RandM-Tornado-15000-Wholesale-Blue-Razz-Lemonade.jpg",500,500,false]},"uagb_author_info":{"display_name":"AMY","author_link":"https:\/\/rmvapesale.com\/es\/author\/"},"uagb_comment_info":0,"uagb_excerpt":"Fumot Tornado 15000 VAPE Wholesale Price ORIGINAL RandM Tornado 15000 Factory Wholesale in Stock Genuine RANDM Vape FUMOT TORNADO 15000 Discount Price Contact Amy For More Discount And Lower MOQ Vape WhatsApp: +86 17776015835","_links":{"self":[{"href":"https:\/\/rmvapesale.com\/es\/wp-json\/wp\/v2\/product\/1940","targetHints":{"allow":["GET"]}}],"collection":[{"href":"https:\/\/rmvapesale.com\/es\/wp-json\/wp\/v2\/product"}],"about":[{"href":"https:\/\/rmvapesale.com\/es\/wp-json\/wp\/v2\/types\/product"}],"replies":[{"embeddable":true,"href":"https:\/\/rmvapesale.com\/es\/wp-json\/wp\/v2\/comments?post=1940"}],"wp:featuredmedia":[{"embeddable":true,"href":"https:\/\/rmvapesale.com\/es\/wp-json\/wp\/v2\/media\/1937"}],"wp:attachment":[{"href":"https:\/\/rmvapesale.com\/es\/wp-json\/wp\/v2\/media?parent=1940"}],"wp:term":[{"taxonomy":"product_brand","embeddable":true,"href":"https:\/\/rmvapesale.com\/es\/wp-json\/wp\/v2\/product_brand?post=1940"},{"taxonomy":"product_cat","embeddable":true,"href":"https:\/\/rmvapesale.com\/es\/wp-json\/wp\/v2\/product_cat?post=1940"},{"taxonomy":"product_tag","embeddable":true,"href":"https:\/\/rmvapesale.com\/es\/wp-json\/wp\/v2\/product_tag?post=1940"}],"curies":[{"name":"wp","href":"https:\/\/api.w.org\/{rel}","templated":true}]}}