{"id":1942,"date":"2024-09-05T05:47:08","date_gmt":"2024-09-05T05:47:08","guid":{"rendered":"https:\/\/rmvapesale.com\/?post_type=product&#038;p=1942"},"modified":"2025-01-20T03:42:22","modified_gmt":"2025-01-20T03:42:22","slug":"vapme-crystal-7000-puffs-rechargeable-disposable-vape-price","status":"publish","type":"product","link":"https:\/\/rmvapesale.com\/es\/product\/vapme-crystal-7000-puffs-rechargeable-disposable-vape-price\/","title":{"rendered":"Precio del Vape Desechable Recargable Vapme Crystal 7000 Puffs"},"content":{"rendered":"<h1>Precio del Vape Desechable Recargable Vapme Crystal 7000 Puffs<\/h1>\n<p>Presentamos el vaper desechable recargable Vapme Crystal 7000 puffs Edici\u00f3n Original: un dispositivo premium dise\u00f1ado para una experiencia de vapeo superior. Este vaper desechable recargable ofrece una amplia gama de sabores y niveles de nicotina personalizables. Elija entre 30 sabores tentadores para adaptar su viaje de vapeo a sus preferencias de gusto. Aqu\u00ed en nuestra tienda obtendr\u00e1 un precio mayorista para el vaper desechable recargable Vapme Crystal 7000 puffs.<\/p>\n<p>Disponible en concentraciones de nicotina de 0%, 2% y 5%, este vaper le permite ajustar su experiencia para satisfacer sus necesidades.<\/p>\n<p>La barra de vapeo VAPME Crystal est\u00e1 alimentada por una robusta bater\u00eda de cobalto de 650 mAh y cuenta con un conveniente puerto Tipo-C para una potencia confiable y una recarga sin esfuerzo.<\/p>\n<p>Con una sustancial capacidad de e-l\u00edquido de 14 ml y una bobina de malla de 1.0 ohmios, este vaper asegura un vapor suave y sabroso con cada calada.<\/p>\n<p>Disfrute de hasta 7000 caladas de satisfacci\u00f3n con este vaper desechable recargable, perfecto para aquellos que valoran tanto la conveniencia como la calidad en su experiencia de vapeo.<\/p>\n<p>&nbsp;<\/p>\n<p><strong>\u00a1Contacta con Amy para obtener la respuesta correcta y el precio al por mayor!<\/strong><\/p>\n<p><img loading=\"lazy\" decoding=\"async\" class=\"size-medium wp-image-1814\" src=\"https:\/\/rmvapesale.com\/wp-content\/uploads\/2024\/04\/whatsapp-amy-229x300.jpg\" alt=\"whatsapp amy\" width=\"229\" height=\"300\" srcset=\"https:\/\/rmvapesale.com\/wp-content\/uploads\/2024\/04\/whatsapp-amy-229x300.jpg 229w, https:\/\/rmvapesale.com\/wp-content\/uploads\/2024\/04\/whatsapp-amy-783x1024.jpg 783w, https:\/\/rmvapesale.com\/wp-content\/uploads\/2024\/04\/whatsapp-amy-768x1005.jpg 768w, https:\/\/rmvapesale.com\/wp-content\/uploads\/2024\/04\/whatsapp-amy-600x785.jpg 600w, https:\/\/rmvapesale.com\/wp-content\/uploads\/2024\/04\/whatsapp-amy.jpg 990w\" sizes=\"auto, (max-width: 229px) 100vw, 229px\" \/><\/p>\n<h2><\/h2>\n<h2><strong>\u00bfQu\u00e9 hace que <\/strong><strong>PUFF <\/strong><strong>7000 <\/strong><strong>VAPME Crystal <\/strong><strong>sea un<\/strong>\u00a0<strong>vaper desechable popular?<\/strong><\/h2>\n<p>Opciones de contenido de nicotina: 0%, 2%, 3% y 5%<br \/>\nHasta 7000 caladas<br \/>\nPrellenado con 14ml de e-l\u00edquido<br \/>\nbater\u00eda recargable de 650 mAh<br \/>\nBobina de malla de 1.0 \u03a9<br \/>\n30 sabores disponibles<\/p>\n<h2><strong>\u00bfCu\u00e1l es el sabor popular para el vaper VAPME Crystal 7000?<\/strong><\/h2>\n<p>VAPME Crystal 7000 Puffs ofrece un total de 30 sabores disponibles para su elecci\u00f3n, hay algo para cada paladar.<\/p>\n<p>1.Ar\u00e1ndano Frambuesa<br \/>\n2. Baya de uva<br \/>\n3. Chicle de sand\u00eda y fresa<br \/>\n4.Caramelo de fresa y frambuesa<br \/>\n5. Pl\u00e1tano de fresa<br \/>\n6.Fresa mango<br \/>\n7.Melocot\u00f3n mango pi\u00f1a<br \/>\n8.Sand\u00eda helada<br \/>\n9.Mango triple<br \/>\n10.Cereza helada<br \/>\n11.Maracuy\u00e1 mel\u00f3n helado<br \/>\n12.Kiwi maracuy\u00e1 guayaba<br \/>\n13.Fresa helada<br \/>\n14.Melocot\u00f3n helado<br \/>\n15.Limonada de frambuesa azul<br \/>\n16.Fresa kiwi<br \/>\n17.Bebida energ\u00e9tica<br \/>\n18.Cola de cereza<br \/>\n19.Frutos del bosque helados<br \/>\n20.Lim\u00f3n<br \/>\n21.Fresa uva<br \/>\n22.Grosella negra helada<br \/>\n23.Ar\u00e1ndano rojo ar\u00e1ndano cereza<br \/>\n24.Sand\u00eda kiwi helado<br \/>\n25.Cereza frutos del bosque<br \/>\n26.menta<br \/>\n27.ponche de frutas tropicales<br \/>\n28.Sr. azul<br \/>\n29.manzana doble<br \/>\n30.pl\u00e1tano helado<\/p>\n<figure id=\"attachment_1945\" aria-describedby=\"caption-attachment-1945\" style=\"width: 500px\" class=\"wp-caption alignnone\"><img loading=\"lazy\" decoding=\"async\" class=\"wp-image-1945 size-full\" src=\"https:\/\/rmvapesale.com\/wp-content\/uploads\/2024\/09\/Vapme-Crystal-7000-Puffs-Disposable-Vape-Wholesale.jpg\" alt=\"Venta al por mayor de Vaper Desechable Vapme Crystal 7000 Puffs\" width=\"500\" height=\"500\" srcset=\"https:\/\/rmvapesale.com\/wp-content\/uploads\/2024\/09\/Vapme-Crystal-7000-Puffs-Disposable-Vape-Wholesale.jpg 500w, https:\/\/rmvapesale.com\/wp-content\/uploads\/2024\/09\/Vapme-Crystal-7000-Puffs-Disposable-Vape-Wholesale-300x300.jpg 300w, https:\/\/rmvapesale.com\/wp-content\/uploads\/2024\/09\/Vapme-Crystal-7000-Puffs-Disposable-Vape-Wholesale-150x150.jpg 150w, https:\/\/rmvapesale.com\/wp-content\/uploads\/2024\/09\/Vapme-Crystal-7000-Puffs-Disposable-Vape-Wholesale-100x100.jpg 100w\" sizes=\"auto, (max-width: 500px) 100vw, 500px\" \/><figcaption id=\"caption-attachment-1945\" class=\"wp-caption-text\">Venta al por mayor de Vaper Desechable Vapme Crystal 7000 Puffs<\/figcaption><\/figure>\n<h2><strong>Preguntas que quiz\u00e1s quieras saber sobre el Vaper PUFF VAPME Crystal 7000<\/strong><\/h2>\n<p>&nbsp;<\/p>\n<h3>P 1. \u00bfQu\u00e9 es el Vaper Original VAPME Crystal 7000 Puffs?<\/h3>\n<p>R: El <span style=\"font-size: 16px\">VAPME Crystal 7000 Puffs<\/span> es un vaper desechable recargable, dise\u00f1ado para sesiones de vapeo prolongadas. Recibe su nombre por su impresionante capacidad de 7000 caladas y sus luces multicolores que recuerdan a un cristal iluminado.<\/p>\n<h3>P 2. \u00bfCu\u00e1nto dura el vaporizador aut\u00e9ntico VAPME Crystal 7000?<\/h3>\n<p>R: El aut\u00e9ntico <span style=\"font-size: 16px\">VAPME Crystal 7000 Puffs <\/span>cuenta con una bater\u00eda incorporada con una capacidad de 850 mAh, lo que ofrece un uso prolongado con una sola carga. Pero la duraci\u00f3n exacta de la bater\u00eda depende de los patrones de uso individuales.<\/p>\n<h3>P 3. \u00bfEs recargable el PUFF 7000 VAPME Crystal Original?<\/h3>\n<p><span style=\"font-size: 16px\">R: S\u00ed, los VAPME Crystal 7000 Puffs Original vienen con una bater\u00eda recargable, que es recargable. Puedes disfrutarlo hasta la \u00faltima gota.<\/span><\/p>\n<h3>P 4. \u00bfD\u00f3nde puedo conseguir el precio al por mayor para el vaporizador desechable recargable Vapme Crystal 7000 puffs?<\/h3>\n<p>R: El <span style=\"font-size: 16px\">VAPME Crystal 7000 Puffs <\/span>est\u00e1 disponible para su compra a trav\u00e9s de distribuidores autorizados. Para consultas al por mayor, los distribuidores pueden <a href=\"https:\/\/wa.me\/8617776015835\" target=\"_blank\" rel=\"noopener\">contactar con nosotros<\/a> directamente. Los clientes minoristas pueden encontrar el producto en minoristas selectos o tiendas en l\u00ednea.<\/p>\n<p>Encuentra m\u00e1s productos de Vape que te puedan gustar:<em><a href=\"https:\/\/rmvapesale.com\/es\/shop-2\/\">comprar ahora\u00a0<\/a><\/em><\/p>\n<p>otros vapes de gran venta que te pueden gustar:<\/p>\n<p><a href=\"https:\/\/rmvapesale.com\/es\/product\/randm-vape-al-fakher-10000-puffs-vape-wholesale\/\">randm vape AI FAKHER 15k vape<\/a><\/p>\n<p><a href=\"https:\/\/rmvapesale.com\/es\/product\/original-randm-tornado-9000-puffs-disposable-vape-factory-price\/\">RandM Tornado 9000<\/a><\/p>","protected":false},"excerpt":{"rendered":"<p>Vapme Crystal 7000 Puffs Vaper desechable recargable Precio de compra al por mayor<\/p>\n<p>Puff 7000 Vapme Crystal Vaper desechable original Mejor sabor<\/p>\n<p>VAPME CRYSTAL 7000 Puffs 2% Nicotina<\/p>\n<p><strong>Contacta con Amy para M\u00e1s Descuentos y Venta al por Mayor de Vaper con MOQ m\u00e1s bajo<\/strong><\/p>\n<p><img loading=\"lazy\" decoding=\"async\" class=\"size-medium wp-image-1814\" src=\"https:\/\/rmvapesale.com\/wp-content\/uploads\/2024\/04\/whatsapp-amy-229x300.jpg\" alt=\"whatsapp amy\" width=\"229\" height=\"300\" srcset=\"https:\/\/rmvapesale.com\/wp-content\/uploads\/2024\/04\/whatsapp-amy-229x300.jpg 229w, https:\/\/rmvapesale.com\/wp-content\/uploads\/2024\/04\/whatsapp-amy-783x1024.jpg 783w, https:\/\/rmvapesale.com\/wp-content\/uploads\/2024\/04\/whatsapp-amy-768x1005.jpg 768w, https:\/\/rmvapesale.com\/wp-content\/uploads\/2024\/04\/whatsapp-amy-600x785.jpg 600w, https:\/\/rmvapesale.com\/wp-content\/uploads\/2024\/04\/whatsapp-amy.jpg 990w\" sizes=\"auto, (max-width: 229px) 100vw, 229px\" \/><\/p>\n<h3><span style=\"color: #ff0000\"><strong>WhatsApp: +86 17776015835<\/strong><\/span><\/h3>","protected":false},"featured_media":2671,"comment_status":"open","ping_status":"closed","template":"","meta":{"_uag_custom_page_level_css":"","_lmt_disableupdate":"no","_lmt_disable":"","site-sidebar-layout":"default","site-content-layout":"content-boxed-container","ast-site-content-layout":"normal-width-container","site-content-style":"boxed","site-sidebar-style":"unboxed","ast-global-header-display":"","ast-banner-title-visibility":"","ast-main-header-display":"","ast-hfb-above-header-display":"","ast-hfb-below-header-display":"","ast-hfb-mobile-header-display":"","site-post-title":"","ast-breadcrumbs-content":"","ast-featured-img":"","footer-sml-layout":"","theme-transparent-header-meta":"default","adv-header-id-meta":"","stick-header-meta":"","header-above-stick-meta":"","header-main-stick-meta":"","header-below-stick-meta":"","astra-migrate-meta-layouts":"set","ast-page-background-enabled":"default","ast-page-background-meta":{"desktop":{"background-color":"var(--ast-global-color-4)","background-image":"","background-repeat":"repeat","background-position":"center center","background-size":"auto","background-attachment":"scroll","background-type":"","background-media":"","overlay-type":"","overlay-color":"","overlay-opacity":"","overlay-gradient":""},"tablet":{"background-color":"","background-image":"","background-repeat":"repeat","background-position":"center center","background-size":"auto","background-attachment":"scroll","background-type":"","background-media":"","overlay-type":"","overlay-color":"","overlay-opacity":"","overlay-gradient":""},"mobile":{"background-color":"","background-image":"","background-repeat":"repeat","background-position":"center center","background-size":"auto","background-attachment":"scroll","background-type":"","background-media":"","overlay-type":"","overlay-color":"","overlay-opacity":"","overlay-gradient":""}},"ast-content-background-meta":{"desktop":{"background-color":"var(--ast-global-color-5)","background-image":"","background-repeat":"repeat","background-position":"center center","background-size":"auto","background-attachment":"scroll","background-type":"","background-media":"","overlay-type":"","overlay-color":"","overlay-opacity":"","overlay-gradient":""},"tablet":{"background-color":"var(--ast-global-color-5)","background-image":"","background-repeat":"repeat","background-position":"center center","background-size":"auto","background-attachment":"scroll","background-type":"","background-media":"","overlay-type":"","overlay-color":"","overlay-opacity":"","overlay-gradient":""},"mobile":{"background-color":"var(--ast-global-color-5)","background-image":"","background-repeat":"repeat","background-position":"center center","background-size":"auto","background-attachment":"scroll","background-type":"","background-media":"","overlay-type":"","overlay-color":"","overlay-opacity":"","overlay-gradient":""}},"_joinchat":[]},"product_brand":[],"product_cat":[25,290,293,295,281,272,123,26,28,135,27,137,136,15,30],"product_tag":[48,40,41,54,53,37],"class_list":{"0":"post-1942","1":"product","2":"type-product","3":"status-publish","4":"has-post-thumbnail","6":"product_cat-germany-best-selling-vape","7":"product_cat-crystal-disposable-vapes","8":"product_cat-low-nicotine-disposable-vapes","9":"product_cat-rechargeable-disposable-vapes","10":"product_cat-vapme-vape","11":"product_cat-7000-puff-disposable-vape","12":"product_cat-italy-wholesale-vape","13":"product_cat-netherlands-hot-sale-vape","14":"product_cat-poland-hot-sale-vape","15":"product_cat-spain-best-hot-sale-vape","16":"product_cat-fance-hot-sale-vape","17":"product_cat-rechargeable-vapes","18":"product_cat-smart-screen-vapes","19":"product_cat-new-vape-this-week","20":"product_cat-minimum-order-quantity-50pcs","21":"product_tag-7000-puffs-vape","22":"product_tag-hot-sale-vape","23":"product_tag-original-factory-vape","24":"product_tag-rechargeable-disposable-vape","25":"product_tag-vapme-vape","26":"product_tag-wholesale-vape-price","27":"desktop-align-left","28":"tablet-align-left","29":"mobile-align-left","31":"first","32":"instock","33":"sale","34":"shipping-taxable","35":"purchasable","36":"product-type-simple"},"uagb_featured_image_src":{"full":["https:\/\/rmvapesale.com\/wp-content\/uploads\/2024\/11\/Vapme-Crystal-Rechareable-Vape-Wholesale.jpg",800,800,false],"thumbnail":["https:\/\/rmvapesale.com\/wp-content\/uploads\/2024\/11\/Vapme-Crystal-Rechareable-Vape-Wholesale-150x150.jpg",150,150,true],"medium":["https:\/\/rmvapesale.com\/wp-content\/uploads\/2024\/11\/Vapme-Crystal-Rechareable-Vape-Wholesale-300x300.jpg",300,300,true],"medium_large":["https:\/\/rmvapesale.com\/wp-content\/uploads\/2024\/11\/Vapme-Crystal-Rechareable-Vape-Wholesale-768x768.jpg",768,768,true],"large":["https:\/\/rmvapesale.com\/wp-content\/uploads\/2024\/11\/Vapme-Crystal-Rechareable-Vape-Wholesale.jpg",800,800,false],"1536x1536":["https:\/\/rmvapesale.com\/wp-content\/uploads\/2024\/11\/Vapme-Crystal-Rechareable-Vape-Wholesale.jpg",800,800,false],"2048x2048":["https:\/\/rmvapesale.com\/wp-content\/uploads\/2024\/11\/Vapme-Crystal-Rechareable-Vape-Wholesale.jpg",800,800,false],"trp-custom-language-flag":["https:\/\/rmvapesale.com\/wp-content\/uploads\/2024\/11\/Vapme-Crystal-Rechareable-Vape-Wholesale.jpg",12,12,false],"woocommerce_thumbnail":["https:\/\/rmvapesale.com\/wp-content\/uploads\/2024\/11\/Vapme-Crystal-Rechareable-Vape-Wholesale-300x300.jpg",300,300,true],"woocommerce_single":["https:\/\/rmvapesale.com\/wp-content\/uploads\/2024\/11\/Vapme-Crystal-Rechareable-Vape-Wholesale-600x600.jpg",600,600,true],"woocommerce_gallery_thumbnail":["https:\/\/rmvapesale.com\/wp-content\/uploads\/2024\/11\/Vapme-Crystal-Rechareable-Vape-Wholesale-100x100.jpg",100,100,true],"wcpr-photo-reviews":["https:\/\/rmvapesale.com\/wp-content\/uploads\/2024\/11\/Vapme-Crystal-Rechareable-Vape-Wholesale.jpg",500,500,false]},"uagb_author_info":{"display_name":"AMY","author_link":"https:\/\/rmvapesale.com\/es\/author\/"},"uagb_comment_info":0,"uagb_excerpt":"Vapme Crystal 7000 Puffs Rechargeable Disposable Vape Bulk Buy Price Puff 7000 Vapme Crystal Original Disposable Vape Best Flavor VAPME CRYSTAL 7000 Puffs 2% Nicotine Contact Amy For More Discount And Lower MOQ Vape WhatsApp: +86 17776015835","_links":{"self":[{"href":"https:\/\/rmvapesale.com\/es\/wp-json\/wp\/v2\/product\/1942","targetHints":{"allow":["GET"]}}],"collection":[{"href":"https:\/\/rmvapesale.com\/es\/wp-json\/wp\/v2\/product"}],"about":[{"href":"https:\/\/rmvapesale.com\/es\/wp-json\/wp\/v2\/types\/product"}],"replies":[{"embeddable":true,"href":"https:\/\/rmvapesale.com\/es\/wp-json\/wp\/v2\/comments?post=1942"}],"wp:featuredmedia":[{"embeddable":true,"href":"https:\/\/rmvapesale.com\/es\/wp-json\/wp\/v2\/media\/2671"}],"wp:attachment":[{"href":"https:\/\/rmvapesale.com\/es\/wp-json\/wp\/v2\/media?parent=1942"}],"wp:term":[{"taxonomy":"product_brand","embeddable":true,"href":"https:\/\/rmvapesale.com\/es\/wp-json\/wp\/v2\/product_brand?post=1942"},{"taxonomy":"product_cat","embeddable":true,"href":"https:\/\/rmvapesale.com\/es\/wp-json\/wp\/v2\/product_cat?post=1942"},{"taxonomy":"product_tag","embeddable":true,"href":"https:\/\/rmvapesale.com\/es\/wp-json\/wp\/v2\/product_tag?post=1942"}],"curies":[{"name":"wp","href":"https:\/\/api.w.org\/{rel}","templated":true}]}}