{"id":1985,"date":"2024-09-12T07:42:12","date_gmt":"2024-09-12T07:42:12","guid":{"rendered":"https:\/\/rmvapesale.com\/?post_type=product&#038;p=1985"},"modified":"2025-01-20T03:52:04","modified_gmt":"2025-01-20T03:52:04","slug":"bang-vape-tornado-12000-puffs-disposable-pod-factory-price","status":"publish","type":"product","link":"https:\/\/rmvapesale.com\/es\/product\/bang-vape-tornado-12000-puffs-disposable-pod-factory-price\/","title":{"rendered":"Bang Vape Tornado 12000 Caladas Pod Desechable Precio de F\u00e1brica"},"content":{"rendered":"<h1>Bang Vape Tornado 12000 Caladas Pod Desechable Precio de F\u00e1brica<\/h1>\n<p>El Bang Vape Tornado 12000 Puffs es un potente y alto rendimiento dispositivo pod desechable. Contiene 20 ml de l\u00edquido de vapeo y viene en concentraciones de sal de nicotina de 0%, 2%, 3% y 5%, ofreciendo hasta 12,000 caladas. El dispositivo incluye un puerto recargable en la parte inferior, asegurando que pueda usar hasta la \u00faltima gota de l\u00edquido. El Bang Tornado 12000 est\u00e1 equipado con tecnolog\u00eda de bobina de malla, lo que mejora significativamente el sabor y el rendimiento. Adem\u00e1s, hay una variedad de sabores disponibles para satisfacer sus preferencias<\/p>\n<p>En general, el Bang Tornado 12000 Puffs proporciona una experiencia de vapeo conveniente y duradera, ideal tanto para usar sobre la marcha como para sesiones prolongadas.<\/p>\n<p><strong>\u00a1Contacta a Amy para obtener la respuesta correcta y m\u00e1s descuento!<\/strong><\/p>\n<p><img loading=\"lazy\" decoding=\"async\" class=\"size-medium wp-image-1814\" src=\"https:\/\/rmvapesale.com\/wp-content\/uploads\/2024\/04\/whatsapp-amy-229x300.jpg\" alt=\"whatsapp amy\" width=\"229\" height=\"300\" srcset=\"https:\/\/rmvapesale.com\/wp-content\/uploads\/2024\/04\/whatsapp-amy-229x300.jpg 229w, https:\/\/rmvapesale.com\/wp-content\/uploads\/2024\/04\/whatsapp-amy-783x1024.jpg 783w, https:\/\/rmvapesale.com\/wp-content\/uploads\/2024\/04\/whatsapp-amy-768x1005.jpg 768w, https:\/\/rmvapesale.com\/wp-content\/uploads\/2024\/04\/whatsapp-amy-600x785.jpg 600w, https:\/\/rmvapesale.com\/wp-content\/uploads\/2024\/04\/whatsapp-amy.jpg 990w\" sizes=\"auto, (max-width: 229px) 100vw, 229px\" \/><\/p>\n<h3><span style=\"color: #ff0000\"><strong>WhatsApp: +86 17776015835<\/strong><\/span><\/h3>\n<p>&nbsp;<\/p>\n<h2><strong>Bang Vape Tornado 12000 Puffs Caracter\u00edsticas Clave<\/strong><\/h2>\n<p>Nicotina: 0% 2% 3% 5%<br \/>\nCaladas: 12000<br \/>\nCapacidad: 20ml<br \/>\n16 sabores disponibles<br \/>\n650mah Recargable<br \/>\nBobina de malla<\/p>\n<h2><strong>\u00bfCu\u00e1l es el mejor sabor para Bang Tornado 12k Puffs?<\/strong><strong>?<\/strong><\/h2>\n<p>Este Pod Desechable Bang Vape Tornado 12000 Puffs ofrece m\u00e1s de 20 sabores disponibles para elegir, hay algo mejor para usted.<\/p>\n<p>1. Sand\u00eda de Frambuesa<br \/>\n2. Sand\u00eda de Fresa Mel\u00f3n<br \/>\n3. Zumo de Fresa<br \/>\n4. Hielo de Drag\u00f3n Negro<br \/>\n5.Hielo de Melocot\u00f3n<br \/>\n6. Ar\u00e1ndano Cereza Ar\u00e1ndano Rojo<br \/>\n7. Frutas Mixtas<br \/>\n8. Cereza Melocot\u00f3n Limonada<br \/>\n9. Mango y fresa<br \/>\n10. Hielo de Fresa Frambuesa<br \/>\n11. Americano<br \/>\n12.Kiwi Fruta de la Pasi\u00f3n Guayaba<br \/>\n13.Fresa Kiwi<br \/>\n14.Hielo de Frambuesa Azul<br \/>\n15.Manzana \u00c1cida Frambuesa<br \/>\n16.Chicle de Sand\u00eda<br \/>\n17.Helado de Fresa<br \/>\n18.Fresa Sand\u00eda<br \/>\n19.Hielo de Sand\u00eda<br \/>\n20.Hielo de Ar\u00e1ndano<br \/>\n21.Melocot\u00f3n Mango Sand\u00eda<br \/>\n22.Uva Real<\/p>\n<h2><strong>Preguntas que quiz\u00e1s te interese saber sobre el Bang Tornado 12000<\/strong><\/h2>\n<p>&nbsp;<\/p>\n<p><strong>1. \u00bfCu\u00e1ntas caladas puedo esperar del Bang Tornado 12000?<\/strong><\/p>\n<p>El Bang King Tornado 12000 Puffs presume de unas impresionantes 20000 caladas (en un entorno de prueba), proporcionando un uso prolongado y una satisfacci\u00f3n duradera.<\/p>\n<p><strong>2. \u00bfQu\u00e9 concentraci\u00f3n de nicotina ofrece el Bang Tornado 12000 Puffs?<\/strong><\/p>\n<p>El Bang Tornado 12000 Puffs viene precargado con e-l\u00edquido en concentraciones de nicotina de 0%, 2%, 3% y 5%, ofreciendo una experiencia de vapeo equilibrada.<\/p>\n<p><strong>3. \u00bfC\u00f3mo mejora la tecnolog\u00eda de bobina de malla la experiencia de vapeo?<\/strong><\/p>\n<p>La tecnolog\u00eda de bobina de malla integrada en el Vape Bang Box Vape 15k Puffs cuenta con una bobina de baja resistencia de 1.0ohm. Este dise\u00f1o maximiza el \u00e1rea de la superficie de calentamiento, lo que da como resultado caladas m\u00e1s suaves y una producci\u00f3n de vapor mejorada. La tecnolog\u00eda garantiza un calentamiento uniforme y constante del e-l\u00edquido, lo que proporciona una experiencia de sabor superior.<\/p>\n<p><strong>4. \u00bfPor qu\u00e9 elegir Bang Tornado 12000 Puffs?<\/strong><\/p>\n<p>Saborea el placer de las nubes llenas de sabor con cada calada. El Bang Tornado 12000 est\u00e1 dise\u00f1ado para mejorar tu experiencia de vapeo, brindando satisfacci\u00f3n con cada inhalaci\u00f3n.<\/p>\n<h3><strong>5. \u00bfD\u00f3nde puedo comprar el Bang Tornado 12000 Puffs Genuino?<\/strong><\/h3>\n<p>El Bang Tornado 12000 Puffs Genuino est\u00e1 disponible para su compra a trav\u00e9s de distribuidores autorizados en Espa\u00f1a. Para consultas al por mayor, los distribuidores pueden <a href=\"https:\/\/wa.me\/8617776015835\" target=\"_blank\" rel=\"noopener\">contactar con nosotros<\/a> directamente. Los clientes minoristas pueden encontrar el producto en tiendas seleccionadas o en tiendas en l\u00ednea. Todos los productos en nuestra tienda son 100% originales y aut\u00e9nticos, por lo que la compensaci\u00f3n diez veces mayor por productos falsos es la pol\u00edtica de nuestra tienda.<\/p>\n<p>&nbsp;<\/p>\n<p><strong>Detalle del env\u00edo:<\/strong><\/p>\n<div class=\"flex-shrink-0 flex flex-col relative items-end\">\n<div>\n<div class=\"pt-0\">\n<div class=\"gizmo-bot-avatar flex h-8 w-8 items-center justify-center overflow-hidden rounded-full\">\n<div class=\"relative p-1 rounded-sm flex items-center justify-center bg-token-main-surface-primary text-token-text-primary h-8 w-8\"><strong>\u00bfQu\u00e9 m\u00e9todos de env\u00edo se utilizan?<\/strong><\/div>\n<\/div>\n<\/div>\n<\/div>\n<\/div>\n<div class=\"group\/conversation-turn relative flex w-full min-w-0 flex-col agent-turn\">\n<div class=\"flex-col gap-1 md:gap-3\">\n<div class=\"flex max-w-full flex-col flex-grow\">\n<div class=\"min-h-[20px] text-message flex w-full flex-col items-end gap-2 whitespace-normal break-words [.text-message+&amp;]:mt-5 overflow-x-auto\" dir=\"auto\" data-message-author-role=\"assistant\" data-message-id=\"22f8283b-3233-46ff-89a5-c7a41b33abda\">\n<div class=\"flex w-full flex-col gap-1 empty:hidden first:pt-[3px]\">\n<div class=\"markdown prose w-full break-words dark:prose-invert light\">\n<p>Trabajamos con UPS, DHL, FedEx, DPD y otros transportistas l\u00edderes. Seleccionaremos el mejor m\u00e9todo de env\u00edo seg\u00fan su lugar de entrega para garantizar que reciba sus productos lo m\u00e1s r\u00e1pido posible.<\/p>\n<\/div>\n<p><strong>\u00bfCu\u00e1nto tiempo tarda en llegar?<\/strong><\/p>\n<p>Los paquetes enviados a Espa\u00f1a suelen llegar en 10 d\u00edas laborables. El env\u00edo a pa\u00edses europeos generalmente tarda entre 12 y 15 d\u00edas h\u00e1biles. Proporcionaremos actualizaciones en tiempo real sobre el estado de su env\u00edo.<\/p>\n<p>&nbsp;<\/p>\n<\/div>\n<\/div>\n<\/div>\n<\/div>\n<\/div>\n<p>Encuentra m\u00e1s productos de Vape que te puedan gustar:<em><a href=\"https:\/\/rmvapesale.com\/es\/shop-2\/\">comprar ahora\u00a0<\/a><\/em><\/p>\n<p>otros vapes de gran venta que te pueden gustar:<\/p>\n<p><a href=\"https:\/\/rmvapesale.com\/es\/product\/bang-30k-puffs-disposable-vape-double-taste-wholesale-italy\/\">Bang 30k Puffs<\/a><\/p>\n<p><a href=\"https:\/\/rmvapesale.com\/es\/product\/bang-beach-22000-puffs-smart-screen-vapes-factory-price\/\">Bang Beach 22000 Puffs<\/a><\/p>\n<p><a href=\"https:\/\/rmvapesale.com\/es\/product\/randm-tornado-15000-puffs-vape-wholesale\/\">RandM Tornado 15000 Puffs<\/a><\/p>\n<p><a href=\"https:\/\/rmvapesale.com\/es\/product\/bang-20000-puffs-disposable-vape-wholesale-supplier\/\">Bang 20000 Puffs<\/a><\/p>","protected":false},"excerpt":{"rendered":"<p>Venta al por mayor Vape Bang Box Tornado 12000 Puffs Mejor Sabor<\/p>\n<p>BANG Tornado 12000 Puffs Pod Vape Desechable Precio al por mayor<\/p>\n<p>Bang tornado 12000 Puffs 0% 2% 3% 5% Nicotina en stock<\/p>\n<p><strong>Contacta con Amy para M\u00e1s Descuentos y Venta al por Mayor de Vaper con MOQ m\u00e1s bajo<\/strong><\/p>\n<p><img loading=\"lazy\" decoding=\"async\" class=\"size-medium wp-image-1814\" src=\"https:\/\/rmvapesale.com\/wp-content\/uploads\/2024\/04\/whatsapp-amy-229x300.jpg\" alt=\"whatsapp amy\" width=\"229\" height=\"300\" srcset=\"https:\/\/rmvapesale.com\/wp-content\/uploads\/2024\/04\/whatsapp-amy-229x300.jpg 229w, https:\/\/rmvapesale.com\/wp-content\/uploads\/2024\/04\/whatsapp-amy-783x1024.jpg 783w, https:\/\/rmvapesale.com\/wp-content\/uploads\/2024\/04\/whatsapp-amy-768x1005.jpg 768w, https:\/\/rmvapesale.com\/wp-content\/uploads\/2024\/04\/whatsapp-amy-600x785.jpg 600w, https:\/\/rmvapesale.com\/wp-content\/uploads\/2024\/04\/whatsapp-amy.jpg 990w\" sizes=\"auto, (max-width: 229px) 100vw, 229px\" \/><\/p>\n<h3><span style=\"color: #ff0000\"><strong>WhatsApp: +86 17776015835<\/strong><\/span><\/h3>","protected":false},"featured_media":1981,"comment_status":"open","ping_status":"closed","template":"","meta":{"_uag_custom_page_level_css":"","_lmt_disableupdate":"no","_lmt_disable":"","site-sidebar-layout":"default","site-content-layout":"content-boxed-container","ast-site-content-layout":"normal-width-container","site-content-style":"boxed","site-sidebar-style":"unboxed","ast-global-header-display":"","ast-banner-title-visibility":"","ast-main-header-display":"","ast-hfb-above-header-display":"","ast-hfb-below-header-display":"","ast-hfb-mobile-header-display":"","site-post-title":"","ast-breadcrumbs-content":"","ast-featured-img":"","footer-sml-layout":"","theme-transparent-header-meta":"default","adv-header-id-meta":"","stick-header-meta":"","header-above-stick-meta":"","header-main-stick-meta":"","header-below-stick-meta":"","astra-migrate-meta-layouts":"set","ast-page-background-enabled":"default","ast-page-background-meta":{"desktop":{"background-color":"var(--ast-global-color-4)","background-image":"","background-repeat":"repeat","background-position":"center center","background-size":"auto","background-attachment":"scroll","background-type":"","background-media":"","overlay-type":"","overlay-color":"","overlay-opacity":"","overlay-gradient":""},"tablet":{"background-color":"","background-image":"","background-repeat":"repeat","background-position":"center center","background-size":"auto","background-attachment":"scroll","background-type":"","background-media":"","overlay-type":"","overlay-color":"","overlay-opacity":"","overlay-gradient":""},"mobile":{"background-color":"","background-image":"","background-repeat":"repeat","background-position":"center center","background-size":"auto","background-attachment":"scroll","background-type":"","background-media":"","overlay-type":"","overlay-color":"","overlay-opacity":"","overlay-gradient":""}},"ast-content-background-meta":{"desktop":{"background-color":"var(--ast-global-color-5)","background-image":"","background-repeat":"repeat","background-position":"center center","background-size":"auto","background-attachment":"scroll","background-type":"","background-media":"","overlay-type":"","overlay-color":"","overlay-opacity":"","overlay-gradient":""},"tablet":{"background-color":"var(--ast-global-color-5)","background-image":"","background-repeat":"repeat","background-position":"center center","background-size":"auto","background-attachment":"scroll","background-type":"","background-media":"","overlay-type":"","overlay-color":"","overlay-opacity":"","overlay-gradient":""},"mobile":{"background-color":"var(--ast-global-color-5)","background-image":"","background-repeat":"repeat","background-position":"center center","background-size":"auto","background-attachment":"scroll","background-type":"","background-media":"","overlay-type":"","overlay-color":"","overlay-opacity":"","overlay-gradient":""}},"_joinchat":[]},"product_brand":[],"product_cat":[60,293,295,297,273,279,254,25,123,26,28,135,27,137,136,15,30],"product_tag":[63,56,57,58,40,41,37],"class_list":{"0":"post-1985","1":"product","2":"type-product","3":"status-publish","4":"has-post-thumbnail","6":"product_cat-bang-vapes","7":"product_cat-low-nicotine-disposable-vapes","8":"product_cat-rechargeable-disposable-vapes","9":"product_cat-tornado-disposable-vapes","10":"product_cat-bang-box-vape","11":"product_cat-bang-king-vape","12":"product_cat-12000-puff-disposable-vape","13":"product_cat-germany-best-selling-vape","14":"product_cat-italy-wholesale-vape","15":"product_cat-netherlands-hot-sale-vape","16":"product_cat-poland-hot-sale-vape","17":"product_cat-spain-best-hot-sale-vape","18":"product_cat-fance-hot-sale-vape","19":"product_cat-rechargeable-vapes","20":"product_cat-smart-screen-vapes","21":"product_cat-new-vape-this-week","22":"product_cat-minimum-order-quantity-50pcs","23":"product_tag-bang-vapes","24":"product_tag-disposable-vape-wholesale-near-me","25":"product_tag-disposable-vape-wholesale-supplier","26":"product_tag-electric-cigarettes","27":"product_tag-hot-sale-vape","28":"product_tag-original-factory-vape","29":"product_tag-wholesale-vape-price","30":"desktop-align-left","31":"tablet-align-left","32":"mobile-align-left","34":"first","35":"instock","36":"sale","37":"shipping-taxable","38":"purchasable","39":"product-type-simple"},"uagb_featured_image_src":{"full":["https:\/\/rmvapesale.com\/wp-content\/uploads\/2024\/09\/Bang-Tornado-12000-Puffs-Disposable-Vape.jpg",800,800,false],"thumbnail":["https:\/\/rmvapesale.com\/wp-content\/uploads\/2024\/09\/Bang-Tornado-12000-Puffs-Disposable-Vape-150x150.jpg",150,150,true],"medium":["https:\/\/rmvapesale.com\/wp-content\/uploads\/2024\/09\/Bang-Tornado-12000-Puffs-Disposable-Vape-300x300.jpg",300,300,true],"medium_large":["https:\/\/rmvapesale.com\/wp-content\/uploads\/2024\/09\/Bang-Tornado-12000-Puffs-Disposable-Vape-768x768.jpg",768,768,true],"large":["https:\/\/rmvapesale.com\/wp-content\/uploads\/2024\/09\/Bang-Tornado-12000-Puffs-Disposable-Vape.jpg",800,800,false],"1536x1536":["https:\/\/rmvapesale.com\/wp-content\/uploads\/2024\/09\/Bang-Tornado-12000-Puffs-Disposable-Vape.jpg",800,800,false],"2048x2048":["https:\/\/rmvapesale.com\/wp-content\/uploads\/2024\/09\/Bang-Tornado-12000-Puffs-Disposable-Vape.jpg",800,800,false],"trp-custom-language-flag":["https:\/\/rmvapesale.com\/wp-content\/uploads\/2024\/09\/Bang-Tornado-12000-Puffs-Disposable-Vape.jpg",12,12,false],"woocommerce_thumbnail":["https:\/\/rmvapesale.com\/wp-content\/uploads\/2024\/09\/Bang-Tornado-12000-Puffs-Disposable-Vape-300x300.jpg",300,300,true],"woocommerce_single":["https:\/\/rmvapesale.com\/wp-content\/uploads\/2024\/09\/Bang-Tornado-12000-Puffs-Disposable-Vape-600x600.jpg",600,600,true],"woocommerce_gallery_thumbnail":["https:\/\/rmvapesale.com\/wp-content\/uploads\/2024\/09\/Bang-Tornado-12000-Puffs-Disposable-Vape-100x100.jpg",100,100,true],"wcpr-photo-reviews":["https:\/\/rmvapesale.com\/wp-content\/uploads\/2024\/09\/Bang-Tornado-12000-Puffs-Disposable-Vape.jpg",500,500,false]},"uagb_author_info":{"display_name":"AMY","author_link":"https:\/\/rmvapesale.com\/es\/author\/"},"uagb_comment_info":0,"uagb_excerpt":"Vape Bang Box Tornado Wholesale Bang 12000 Puffs Best Flavor BANG Tornado 12000 Puffs Disposable Vape Pod Wholesale Price Bang tornado 12000 Puffs 0% 2% 3% 5% Nicotine in stock Contact Amy For More Discount And Lower MOQ Vape WhatsApp: +86 17776015835","_links":{"self":[{"href":"https:\/\/rmvapesale.com\/es\/wp-json\/wp\/v2\/product\/1985","targetHints":{"allow":["GET"]}}],"collection":[{"href":"https:\/\/rmvapesale.com\/es\/wp-json\/wp\/v2\/product"}],"about":[{"href":"https:\/\/rmvapesale.com\/es\/wp-json\/wp\/v2\/types\/product"}],"replies":[{"embeddable":true,"href":"https:\/\/rmvapesale.com\/es\/wp-json\/wp\/v2\/comments?post=1985"}],"wp:featuredmedia":[{"embeddable":true,"href":"https:\/\/rmvapesale.com\/es\/wp-json\/wp\/v2\/media\/1981"}],"wp:attachment":[{"href":"https:\/\/rmvapesale.com\/es\/wp-json\/wp\/v2\/media?parent=1985"}],"wp:term":[{"taxonomy":"product_brand","embeddable":true,"href":"https:\/\/rmvapesale.com\/es\/wp-json\/wp\/v2\/product_brand?post=1985"},{"taxonomy":"product_cat","embeddable":true,"href":"https:\/\/rmvapesale.com\/es\/wp-json\/wp\/v2\/product_cat?post=1985"},{"taxonomy":"product_tag","embeddable":true,"href":"https:\/\/rmvapesale.com\/es\/wp-json\/wp\/v2\/product_tag?post=1985"}],"curies":[{"name":"wp","href":"https:\/\/api.w.org\/{rel}","templated":true}]}}