{"id":1995,"date":"2024-09-13T08:03:11","date_gmt":"2024-09-13T08:03:11","guid":{"rendered":"https:\/\/rmvapesale.com\/?post_type=product&#038;p=1995"},"modified":"2025-01-20T03:53:42","modified_gmt":"2025-01-20T03:53:42","slug":"vapme-shisha-hookah-15000-puffs-vape-0-2-nicotine","status":"publish","type":"product","link":"https:\/\/rmvapesale.com\/es\/product\/vapme-shisha-hookah-15000-puffs-vape-0-2-nicotine\/","title":{"rendered":"Vapme Shisha Hookah 15000 caladas Vape 0% 2% Nicotina"},"content":{"rendered":"<h1>Vapme Shisha Hookah 15000 caladas Vape 0% 2% Nicotina<\/h1>\n<p>Presentamos la Vapme Shisha Pipa de agua 15000 caladas, un vape desechable recargable dise\u00f1ado para elevar tu experiencia de vapeo. Con una capacidad notable de 15000 caladas, este dispositivo ofrece disfrute y flexibilidad prolongados, disponible en niveles de nicotina de 0% o 2% para adaptarse a tus preferencias.<\/p>\n<p>Con una generosa capacidad de 25 ml de e-l\u00edquido, la Vapme Shisha Pipa de agua asegura que tengas suficiente para sesiones ininterrumpidas. Su bater\u00eda recargable de 650mAh y puerto de carga Tipo-C proporcionan una recarga eficiente y conveniente, asegurando que puedas disfrutar de tu vapeo sin interrupciones.<\/p>\n<p>Con 24 sabores para elegir y una resistencia de 0.6\u03a9 para vapor suave y sabroso, este vape desechable recargable ofrece una experiencia consistentemente satisfactoria. Mejora tu experiencia de vapeo con la Vapme Shisha Pipa de agua 15000.<\/p>\n<p>&nbsp;<\/p>\n<p><strong>\u00a1Contacta con Amy para obtener la respuesta correcta y el precio al por mayor!<\/strong><\/p>\n<p><img loading=\"lazy\" decoding=\"async\" class=\"size-medium wp-image-1814\" src=\"https:\/\/rmvapesale.com\/wp-content\/uploads\/2024\/04\/whatsapp-amy-229x300.jpg\" alt=\"whatsapp amy\" width=\"229\" height=\"300\" srcset=\"https:\/\/rmvapesale.com\/wp-content\/uploads\/2024\/04\/whatsapp-amy-229x300.jpg 229w, https:\/\/rmvapesale.com\/wp-content\/uploads\/2024\/04\/whatsapp-amy-783x1024.jpg 783w, https:\/\/rmvapesale.com\/wp-content\/uploads\/2024\/04\/whatsapp-amy-768x1005.jpg 768w, https:\/\/rmvapesale.com\/wp-content\/uploads\/2024\/04\/whatsapp-amy-600x785.jpg 600w, https:\/\/rmvapesale.com\/wp-content\/uploads\/2024\/04\/whatsapp-amy.jpg 990w\" sizes=\"auto, (max-width: 229px) 100vw, 229px\" \/><\/p>\n<h2><\/h2>\n<h2>Especificaciones de Vapme Shisha Pipa de agua 15000<\/h2>\n<p>Caladas: 15000 caladas<br \/>\nNicotina: 0%, 2%<br \/>\nCapacidad de e-l\u00edquido: 25 ML<br \/>\nBater\u00eda: 650mAh (recargable)<br \/>\nPuerto de carga: Tipo C<br \/>\nResistencia: 0.6\u03a9<br \/>\nSabores: 24 sabores<\/p>\n<h2><strong>\u00bfCu\u00e1l es el sabor m\u00e1s popular de Vapme Shisha 15000 caladas?<\/strong><\/h2>\n<p>Vapme Shisha Pipa de agua 15000 caladas ofrece un total de 24 sabores disponibles para tu elecci\u00f3n, hay algo para cada paladar.<\/p>\n<p>1.Ar\u00e1ndano helado<br \/>\n2.Kiwi fruta de la pasi\u00f3n guayaba<br \/>\n3.Limonada de frambuesa azul<br \/>\n4.Fresa kiwi<br \/>\n5.Frutos del bosque<br \/>\n6.Fresa sand\u00eda<br \/>\n7. Uva hielo<br \/>\n8.Sand\u00eda helada<br \/>\n9.Melocot\u00f3n mango pi\u00f1a<br \/>\n10.Fresa helada<br \/>\n11. Durazno hielo<br \/>\n12. Mango pl\u00e1tano<br \/>\n13.Cereza baya<br \/>\n14.Ar\u00e1ndano frambuesa<br \/>\n15.Amor 66<br \/>\n16.Toro de sand\u00eda<br \/>\n17.Fresa uva<br \/>\n18.Caramelo de fresa y frambuesa<br \/>\n19.Mamba<br \/>\n20.Sand\u00eda cereza<br \/>\n21.Manzana helada<br \/>\n22.Menta lim\u00f3n<br \/>\n23.Grosella negra helada<br \/>\n24.Batido de pi\u00f1a<\/p>\n<h2><\/h2>\n<h2><strong>Preguntas que podr\u00edas querer saber sobre Vapme Shisha Hookah 15000<\/strong><\/h2>\n<p>&nbsp;<\/p>\n<h3>P 1. \u00bfCu\u00e1ntas caladas puedo esperar de Vapme Shisha Hookah 15000 Puff?<\/h3>\n<p>R. La Vapme Shisha Hookah 15000 presume de unas impresionantes 15.000 caladas (en un entorno de prueba), proporcionando un uso prolongado y satisfacci\u00f3n duradera.<\/p>\n<h3>P 2. \u00bfCu\u00e1nto tiempo dura la Vapme Shisha Hookah 15000 Vape aut\u00e9ntica?<\/h3>\n<p>R: La Vapme Shisha Hookah 15000 aut\u00e9ntica<span style=\"font-size: 16px\">\u00a0<\/span>cuenta con una bater\u00eda incorporada con una capacidad de 850 mAh, lo que ofrece un uso prolongado con una sola carga. Pero la duraci\u00f3n exacta de la bater\u00eda depende de los patrones de uso individuales.<\/p>\n<h3>P 3. \u00bfEs recargable la Vapme Shisha Hookah 15000 original?<\/h3>\n<p><span style=\"font-size: 16px\">R: S\u00ed, la Vapme Shisha Hookah 15000 original viene con una bater\u00eda recargable de 650 mAh, que es recargable. Puedes disfrutarla hasta la \u00faltima gota.<\/span><\/p>\n<h3>P 4. \u00bfD\u00f3nde puedo obtener el precio al por mayor de Vapme Shisha Hookah 15000 vape desechable recargable?<\/h3>\n<p>R: La Vapme Shisha Hookah 15000<span style=\"font-size: 16px\">\u00a0<\/span>est\u00e1 disponible para su compra a trav\u00e9s de distribuidores autorizados. Para consultas al por mayor, los distribuidores pueden <a href=\"https:\/\/wa.me\/8617776015835\" target=\"_blank\" rel=\"noopener\">contactar con nosotros<\/a> directamente. Los clientes minoristas pueden encontrar el producto en minoristas selectos o tiendas en l\u00ednea.<\/p>\n<p>&nbsp;<\/p>\n<p>Encuentra m\u00e1s productos de Vape que te puedan gustar:<em><a href=\"https:\/\/rmvapesale.com\/es\/shop-2\/\">comprar ahora\u00a0<\/a><\/em><\/p>\n<p>&nbsp;<\/p>\n<p>otros vapes de gran venta que te pueden gustar:<\/p>\n<p><a href=\"https:\/\/rmvapesale.com\/es\/product\/randm-vape-al-fakher-10000-puffs-vape-wholesale\/\">randm vape AI FAKHER 15k vape<\/a><\/p>\n<p><a href=\"https:\/\/rmvapesale.com\/es\/product\/original-randm-tornado-9000-puffs-disposable-vape-factory-price\/\">RandM Tornado 9000<\/a><\/p>\n<p><a href=\"https:\/\/rmvapesale.com\/es\/product\/vapme-crystal-7000-puffs-rechargeable-disposable-vape-price\/\">Vapme Crystal 7000 Inhalaciones<\/a><\/p>","protected":false},"excerpt":{"rendered":"<p>Vapme Shisha Pipa de agua 15000 caladas Vape desechable recargable Compra al por mayor Precio<\/p>\n<p>PUFF 15000 VAPME SHISHA PIPA DE AGUA Mejor sabor en stock<\/p>\n<p>Vapme Shisha Pipa de agua 15k caladas 0% 2% Nicotina<\/p>\n<p><strong>Contacta con Amy para M\u00e1s Descuentos y Venta al por Mayor de Vaper con MOQ m\u00e1s bajo<\/strong><\/p>\n<p><img loading=\"lazy\" decoding=\"async\" class=\"size-medium wp-image-1814\" src=\"https:\/\/rmvapesale.com\/wp-content\/uploads\/2024\/04\/whatsapp-amy-229x300.jpg\" alt=\"whatsapp amy\" width=\"229\" height=\"300\" srcset=\"https:\/\/rmvapesale.com\/wp-content\/uploads\/2024\/04\/whatsapp-amy-229x300.jpg 229w, https:\/\/rmvapesale.com\/wp-content\/uploads\/2024\/04\/whatsapp-amy-783x1024.jpg 783w, https:\/\/rmvapesale.com\/wp-content\/uploads\/2024\/04\/whatsapp-amy-768x1005.jpg 768w, https:\/\/rmvapesale.com\/wp-content\/uploads\/2024\/04\/whatsapp-amy-600x785.jpg 600w, https:\/\/rmvapesale.com\/wp-content\/uploads\/2024\/04\/whatsapp-amy.jpg 990w\" sizes=\"auto, (max-width: 229px) 100vw, 229px\" \/><\/p>\n<h3><span style=\"color: #ff0000\"><strong>WhatsApp: +86 17776015835<\/strong><\/span><\/h3>","protected":false},"featured_media":2000,"comment_status":"open","ping_status":"closed","template":"","meta":{"_uag_custom_page_level_css":"","_lmt_disableupdate":"no","_lmt_disable":"","site-sidebar-layout":"default","site-content-layout":"content-boxed-container","ast-site-content-layout":"normal-width-container","site-content-style":"boxed","site-sidebar-style":"unboxed","ast-global-header-display":"","ast-banner-title-visibility":"","ast-main-header-display":"","ast-hfb-above-header-display":"","ast-hfb-below-header-display":"","ast-hfb-mobile-header-display":"","site-post-title":"","ast-breadcrumbs-content":"","ast-featured-img":"","footer-sml-layout":"","theme-transparent-header-meta":"default","adv-header-id-meta":"","stick-header-meta":"","header-above-stick-meta":"","header-main-stick-meta":"","header-below-stick-meta":"","astra-migrate-meta-layouts":"set","ast-page-background-enabled":"default","ast-page-background-meta":{"desktop":{"background-color":"var(--ast-global-color-4)","background-image":"","background-repeat":"repeat","background-position":"center center","background-size":"auto","background-attachment":"scroll","background-type":"","background-media":"","overlay-type":"","overlay-color":"","overlay-opacity":"","overlay-gradient":""},"tablet":{"background-color":"","background-image":"","background-repeat":"repeat","background-position":"center center","background-size":"auto","background-attachment":"scroll","background-type":"","background-media":"","overlay-type":"","overlay-color":"","overlay-opacity":"","overlay-gradient":""},"mobile":{"background-color":"","background-image":"","background-repeat":"repeat","background-position":"center center","background-size":"auto","background-attachment":"scroll","background-type":"","background-media":"","overlay-type":"","overlay-color":"","overlay-opacity":"","overlay-gradient":""}},"ast-content-background-meta":{"desktop":{"background-color":"var(--ast-global-color-5)","background-image":"","background-repeat":"repeat","background-position":"center center","background-size":"auto","background-attachment":"scroll","background-type":"","background-media":"","overlay-type":"","overlay-color":"","overlay-opacity":"","overlay-gradient":""},"tablet":{"background-color":"var(--ast-global-color-5)","background-image":"","background-repeat":"repeat","background-position":"center center","background-size":"auto","background-attachment":"scroll","background-type":"","background-media":"","overlay-type":"","overlay-color":"","overlay-opacity":"","overlay-gradient":""},"mobile":{"background-color":"var(--ast-global-color-5)","background-image":"","background-repeat":"repeat","background-position":"center center","background-size":"auto","background-attachment":"scroll","background-type":"","background-media":"","overlay-type":"","overlay-color":"","overlay-opacity":"","overlay-gradient":""}},"_joinchat":[]},"product_brand":[],"product_cat":[25,292,293,296,299,281,123,26,28,135,27,61,137,136,15,30],"product_tag":[56,57,40,41,62,54,53,37],"class_list":{"0":"post-1995","1":"product","2":"type-product","3":"status-publish","4":"has-post-thumbnail","6":"product_cat-germany-best-selling-vape","7":"product_cat-digital-disposable-vapes","8":"product_cat-low-nicotine-disposable-vapes","9":"product_cat-shisha-hookah-disposable-vapes","10":"product_cat-smart-screen-disposable-vapes","11":"product_cat-vapme-vape","12":"product_cat-italy-wholesale-vape","13":"product_cat-netherlands-hot-sale-vape","14":"product_cat-poland-hot-sale-vape","15":"product_cat-spain-best-hot-sale-vape","16":"product_cat-fance-hot-sale-vape","17":"product_cat-15000-puffs-disposable-vapes","18":"product_cat-rechargeable-vapes","19":"product_cat-smart-screen-vapes","20":"product_cat-new-vape-this-week","21":"product_cat-minimum-order-quantity-50pcs","22":"product_tag-disposable-vape-wholesale-near-me","23":"product_tag-disposable-vape-wholesale-supplier","24":"product_tag-hot-sale-vape","25":"product_tag-original-factory-vape","26":"product_tag-puff-15000","27":"product_tag-rechargeable-disposable-vape","28":"product_tag-vapme-vape","29":"product_tag-wholesale-vape-price","30":"desktop-align-left","31":"tablet-align-left","32":"mobile-align-left","34":"first","35":"instock","36":"sale","37":"shipping-taxable","38":"purchasable","39":"product-type-simple"},"uagb_featured_image_src":{"full":["https:\/\/rmvapesale.com\/wp-content\/uploads\/2024\/09\/Vapme-Shisha-Hookah-15000.jpg",788,788,false],"thumbnail":["https:\/\/rmvapesale.com\/wp-content\/uploads\/2024\/09\/Vapme-Shisha-Hookah-15000-150x150.jpg",150,150,true],"medium":["https:\/\/rmvapesale.com\/wp-content\/uploads\/2024\/09\/Vapme-Shisha-Hookah-15000-300x300.jpg",300,300,true],"medium_large":["https:\/\/rmvapesale.com\/wp-content\/uploads\/2024\/09\/Vapme-Shisha-Hookah-15000-768x768.jpg",768,768,true],"large":["https:\/\/rmvapesale.com\/wp-content\/uploads\/2024\/09\/Vapme-Shisha-Hookah-15000.jpg",788,788,false],"1536x1536":["https:\/\/rmvapesale.com\/wp-content\/uploads\/2024\/09\/Vapme-Shisha-Hookah-15000.jpg",788,788,false],"2048x2048":["https:\/\/rmvapesale.com\/wp-content\/uploads\/2024\/09\/Vapme-Shisha-Hookah-15000.jpg",788,788,false],"trp-custom-language-flag":["https:\/\/rmvapesale.com\/wp-content\/uploads\/2024\/09\/Vapme-Shisha-Hookah-15000.jpg",12,12,false],"woocommerce_thumbnail":["https:\/\/rmvapesale.com\/wp-content\/uploads\/2024\/09\/Vapme-Shisha-Hookah-15000-300x300.jpg",300,300,true],"woocommerce_single":["https:\/\/rmvapesale.com\/wp-content\/uploads\/2024\/09\/Vapme-Shisha-Hookah-15000-600x600.jpg",600,600,true],"woocommerce_gallery_thumbnail":["https:\/\/rmvapesale.com\/wp-content\/uploads\/2024\/09\/Vapme-Shisha-Hookah-15000-100x100.jpg",100,100,true],"wcpr-photo-reviews":["https:\/\/rmvapesale.com\/wp-content\/uploads\/2024\/09\/Vapme-Shisha-Hookah-15000.jpg",500,500,false]},"uagb_author_info":{"display_name":"AMY","author_link":"https:\/\/rmvapesale.com\/es\/author\/"},"uagb_comment_info":0,"uagb_excerpt":"Vapme Shisha Hookah 15000 Puffs Rechargeable Disposable Vape Bulk Buy Price PUFF 15000 VAPME SHISHA HOOKAH Best Flavor in Stock Vapme Shisha Hookah 15k Puffs 0% 2% Nicotine Contact Amy For More Discount And Lower MOQ Vape WhatsApp: +86 17776015835","_links":{"self":[{"href":"https:\/\/rmvapesale.com\/es\/wp-json\/wp\/v2\/product\/1995","targetHints":{"allow":["GET"]}}],"collection":[{"href":"https:\/\/rmvapesale.com\/es\/wp-json\/wp\/v2\/product"}],"about":[{"href":"https:\/\/rmvapesale.com\/es\/wp-json\/wp\/v2\/types\/product"}],"replies":[{"embeddable":true,"href":"https:\/\/rmvapesale.com\/es\/wp-json\/wp\/v2\/comments?post=1995"}],"wp:featuredmedia":[{"embeddable":true,"href":"https:\/\/rmvapesale.com\/es\/wp-json\/wp\/v2\/media\/2000"}],"wp:attachment":[{"href":"https:\/\/rmvapesale.com\/es\/wp-json\/wp\/v2\/media?parent=1995"}],"wp:term":[{"taxonomy":"product_brand","embeddable":true,"href":"https:\/\/rmvapesale.com\/es\/wp-json\/wp\/v2\/product_brand?post=1995"},{"taxonomy":"product_cat","embeddable":true,"href":"https:\/\/rmvapesale.com\/es\/wp-json\/wp\/v2\/product_cat?post=1995"},{"taxonomy":"product_tag","embeddable":true,"href":"https:\/\/rmvapesale.com\/es\/wp-json\/wp\/v2\/product_tag?post=1995"}],"curies":[{"name":"wp","href":"https:\/\/api.w.org\/{rel}","templated":true}]}}