{"id":2037,"date":"2024-09-19T03:28:36","date_gmt":"2024-09-19T03:28:36","guid":{"rendered":"https:\/\/rmvapesale.com\/?post_type=product&#038;p=2037"},"modified":"2025-08-21T11:56:24","modified_gmt":"2025-08-21T11:56:24","slug":"wga-crystal-pro-max-extra-15k-puffs-disposable-vape-wholesale","status":"publish","type":"product","link":"https:\/\/rmvapesale.com\/es\/product\/wga-crystal-pro-max-extra-15k-puffs-disposable-vape-wholesale\/","title":{"rendered":"WGA Crystal Pro Max Extra 15k Puffs Vape Desechable Venta al por Mayor"},"content":{"rendered":"<h1><strong>WGA Crystal Pro Max Extra 15k Puffs Vape Desechable Venta al por Mayor<\/strong><\/h1>\n<p data-start=\"119\" data-end=\"507\">El <strong data-start=\"123\" data-end=\"188\">WGA Crystal Pro Max Extra 15k Puffs Vape Desechable Venta al por Mayor<\/strong> est\u00e1 dise\u00f1ado para el mercado europeo, especialmente popular entre los hombres j\u00f3venes de 25 a 35 a\u00f1os en Espa\u00f1a. Construido para un uso duradero, el <strong data-start=\"336\" data-end=\"368\">Crystal Pro Max 15,000 Puffs<\/strong> combina un dise\u00f1o s\u00f3lido con un rendimiento confiable, ofreciendo a los clientes una opci\u00f3n de vapeo consistente sin necesidad de recargas o carga.<\/p>\n<p data-start=\"509\" data-end=\"817\">Con una capacidad de <strong data-start=\"520\" data-end=\"549\">Vape desechable de 15k Puffs<\/strong> se adapta al estilo de vida de los usuarios urbanos que valoran la resistencia y la practicidad. Los minoristas en Europa se benefician de tener un dispositivo que coincide con la demanda actual del mercado: entrega de sabor intenso, bater\u00eda duradera y un aspecto elegante que atrae a los consumidores m\u00e1s j\u00f3venes.<\/p>\n<p data-start=\"819\" data-end=\"1076\">Para los compradores al por mayor, el WGA Crystal Pro Max Extra ofrece m\u00e1rgenes competitivos y un potencial de ventas constante en toda Europa. Un embalaje compacto, log\u00edstica sencilla y reconocimiento de marca lo convierten en una adici\u00f3n inteligente a cualquier l\u00ednea de productos dirigida al segmento juvenil.<\/p>\n<p><strong>\u00a1Contacta a Amy para obtener una respuesta correcta y m\u00e1s v\u00eddeos de productos!<\/strong><\/p>\n<p><img loading=\"lazy\" decoding=\"async\" class=\"size-full wp-image-1978\" src=\"https:\/\/rmvapesale.com\/wp-content\/uploads\/2024\/09\/Disposable-Vape-Wholesale.jpg\" alt=\"Vape Desechable al por mayor\" width=\"229\" height=\"300\" \/><\/p>\n<h3><span style=\"color: #ff0000;\"><strong>WhatsApp: +86 17776015835<\/strong><\/span><\/h3>\n<p>&nbsp;<\/p>\n<h2 class=\"LC20lb MBeuO DKV0Md\"><strong>WGA Crystal Pro Max 15000<\/strong><\/h2>\n<h2><strong> Caracter\u00edsticas Clave<\/strong><\/h2>\n<p>Nicotina: 2% 5%<br \/>\nCaladas: 12000<br \/>\nCapacidad: 20ml<br \/>\n15 sabores disponibles<br \/>\nTipo-C protCool luces de colores en la parte inferior<br \/>\n650mah Recargable<br \/>\nResistencia de malla 0.8\u03a9<\/p>\n<p>&nbsp;<\/p>\n<p><img loading=\"lazy\" decoding=\"async\" class=\"wp-image-2040 size-full\" src=\"https:\/\/rmvapesale.com\/wp-content\/uploads\/2024\/09\/WGA-Crystal-Pro-Max-15k-Wholesale.png\" alt=\"WGA Crystal Pro Max 15k al por mayor\" width=\"666\" height=\"666\" srcset=\"https:\/\/rmvapesale.com\/wp-content\/uploads\/2024\/09\/WGA-Crystal-Pro-Max-15k-Wholesale.png 666w, https:\/\/rmvapesale.com\/wp-content\/uploads\/2024\/09\/WGA-Crystal-Pro-Max-15k-Wholesale-300x300.png 300w, https:\/\/rmvapesale.com\/wp-content\/uploads\/2024\/09\/WGA-Crystal-Pro-Max-15k-Wholesale-150x150.png 150w, https:\/\/rmvapesale.com\/wp-content\/uploads\/2024\/09\/WGA-Crystal-Pro-Max-15k-Wholesale-600x600.png 600w, https:\/\/rmvapesale.com\/wp-content\/uploads\/2024\/09\/WGA-Crystal-Pro-Max-15k-Wholesale-100x100.png 100w\" sizes=\"auto, (max-width: 666px) 100vw, 666px\" \/><\/p>\n<h2><\/h2>\n<p>&nbsp;<\/p>\n<h2><strong>Sabor principal para WGA Crystal Pro Max Extra 15K Puffs<\/strong><\/h2>\n<p>&nbsp;<\/p>\n<p>El vaporizador desechable WGA Crystal Pro Max Extra 15K Puffs con 15 sabores cuidadosamente elaborados, cada uno dise\u00f1ado para ofrecer una experiencia de vapeo distintiva y satisfactoria, \u00a1hay algo perfecto para ti!<\/p>\n<p>1. sand\u00eda con hielo<br \/>\n2. ar\u00e1ndano con frambuesa<span style=\"color: #ff0000;\"><strong>&gt;&gt;&gt;&gt;\u00a1Caliente!<\/strong><\/span><br \/>\n3.cereza efervescente<br \/>\n4. oso de goma<br \/>\n5.lim\u00f3n lima<br \/>\n6.hielo de fresa<br \/>\n7.ar\u00e1ndano \u00e1cido frambuesa<span style=\"color: #ff0000;\"><strong>&gt;&gt;&gt;&gt;\u00a1Caliente!<\/strong><\/span><br \/>\n8.hielo de zarzamora azul<br \/>\n9.sr. azul<span style=\"color: #ff0000;\"><strong>&gt;&gt;&gt;&gt;\u00a1El mejor!<\/strong><\/span><br \/>\n10.skittles<br \/>\n11.ar\u00e1ndano cereza ar\u00e1ndano rojo<br \/>\n12.melocot\u00f3n jugoso<br \/>\n13.hielo de fresa frambuesa cereza<br \/>\n14.hubba bubba<br \/>\n15.mora ar\u00e1ndano frambuesa<br \/>\n16.polo de hielo de fresa<br \/>\n17.polo de hielo de ar\u00e1ndano<br \/>\n18.fresa sand\u00eda prime<br \/>\n19.chicle de fresa cereza<br \/>\n20.hielo de frambuesa cereza<br \/>\n21.hielo de pi\u00f1a<span style=\"color: #ff0000;\"><strong>&gt;&gt;&gt;&gt;\u00a1Caliente!<\/strong><\/span><br \/>\n22.sue\u00f1o de verano<br \/>\n23. rosa wga<br \/>\n24. menta fresca<br \/>\n25. doble manzana<br \/>\n26. triple mango<br \/>\n27. hielo de drag\u00f3n negro<br \/>\n28. hielo de cola<br \/>\n29. pi\u00f1a lim\u00f3n<br \/>\n30. se\u00f1or negro<span style=\"color: #ff0000;\"><strong>&gt;&gt;&gt;&gt;\u00a1Caliente!<\/strong><\/span><br \/>\n31. kiwi fruta de la pasi\u00f3n guayaba<\/p>\n<p>&nbsp;<\/p>\n<h2><strong>Preguntas que podr\u00edas tener sobre WGA Crystal Pro Max 15000 caladas\u00a0<\/strong><\/h2>\n<p>&nbsp;<\/p>\n<p><strong>\u00bfCu\u00e1ntes caladas ofrece el Crystal Pro Max 15k?<\/strong><br \/>\nOfrece aproximadamente 15.000 caladas.<\/p>\n<p><strong>\u00bfEs legal usar el Crystal Pro Max 15k en Espa\u00f1a?<\/strong><br \/>\nS\u00ed, el Crystal Pro Max 15k es legal para su uso en Espa\u00f1a.<\/p>\n<p><strong>\u00bfCu\u00e1nto durar\u00e1 el Crystal Pro Max 15k?<\/strong><br \/>\nLa vida \u00fatil var\u00eda seg\u00fan los h\u00e1bitos de uso, pero con una capacidad de 18.000 caladas y una bater\u00eda recargable de 750mAh, garantiza sesiones de vapeo prolongadas.<\/p>\n<p><strong>\u00bfSe puede recargar el WGA Crystal Pro Max?<\/strong><br \/>\nS\u00ed, el Crystal Pro Max 15k es recargable y cuenta con un puerto de carga Tipo-C para una carga f\u00e1cil.<\/p>\n<p>&nbsp;<\/p>\n<h3><b>PREGUNTAS FRECUENTES<\/b><\/h3>\n<p>&nbsp;<\/p>\n<div class=\"flex-shrink-0 flex flex-col relative items-end\">\n<div>\n<div class=\"pt-0\">\n<div class=\"gizmo-bot-avatar flex h-8 w-8 items-center justify-center overflow-hidden rounded-full\">\n<div class=\"relative p-1 rounded-sm flex items-center justify-center bg-token-main-surface-primary text-token-text-primary h-8 w-8\"><strong>\u00bfQu\u00e9 m\u00e9todos de env\u00edo se utilizan?<\/strong><\/div>\n<\/div>\n<\/div>\n<\/div>\n<\/div>\n<div class=\"group\/conversation-turn relative flex w-full min-w-0 flex-col agent-turn\">\n<div class=\"flex-col gap-1 md:gap-3\">\n<div class=\"flex max-w-full flex-col flex-grow\">\n<div class=\"min-h-[20px] text-message flex w-full flex-col items-end gap-2 whitespace-normal break-words [.text-message+&amp;]:mt-5 overflow-x-auto\" dir=\"auto\" data-message-author-role=\"assistant\" data-message-id=\"22f8283b-3233-46ff-89a5-c7a41b33abda\">\n<div class=\"flex w-full flex-col gap-1 empty:hidden first:pt-[3px]\">\n<div class=\"markdown prose w-full break-words dark:prose-invert light\">\n<p>Trabajamos con UPS, DHL, FedEx, DPD y otros transportistas l\u00edderes. Seleccionaremos el mejor m\u00e9todo de env\u00edo seg\u00fan su lugar de entrega para garantizar que reciba sus productos lo m\u00e1s r\u00e1pido posible.<\/p>\n<\/div>\n<p><strong>\u00bfCu\u00e1nto tiempo tarda en llegar?<\/strong><\/p>\n<p>Los paquetes enviados a Espa\u00f1a suelen llegar en 10 d\u00edas laborables. El env\u00edo a pa\u00edses europeos generalmente tarda entre 12 y 15 d\u00edas h\u00e1biles. Proporcionaremos actualizaciones en tiempo real sobre el estado de su env\u00edo.<\/p>\n<\/div>\n<p><strong>Garant\u00eda<\/strong><\/p>\n<p><span style=\"color: #ff0000;\"><strong>Todos los productos en nuestra tienda tienen garant\u00eda de ser 100% originales y aut\u00e9nticos. \u00a1Ofrecemos 10 veces la compensaci\u00f3n por productos falsos!<\/strong><\/span><\/p>\n<div class=\"flex w-full flex-col gap-1 empty:hidden first:pt-[3px]\">\n<p>&nbsp;<\/p>\n<\/div>\n<\/div>\n<\/div>\n<\/div>\n<\/div>\n<p>&nbsp;<\/p>\n<p>Otros vapes de venta caliente que te pueden gustar:<\/p>\n<p><strong><a href=\"https:\/\/rmvapesale.com\/es\/product\/wga-crystal-plus-20000-puff-dual-flavour-disposable-vape\/\">WGA Crystal Plus 20000<\/a><\/strong><\/p>\n<p><a href=\"https:\/\/rmvapesale.com\/es\/product\/waspe-tornado-15000-puffs-original-factory-price\/\"><strong>Waspe Tornado 15000 caladas<\/strong><\/a><\/p>\n<p><a href=\"https:\/\/rmvapesale.com\/es\/product\/waspe-digital-box-12000-puffs-wholesale-disposable-vape\/\"><strong>WASPE Caja Digital 12000 Caladas<\/strong><\/a><\/p>\n<p>&nbsp;<\/p>\n<p>&nbsp;<\/p>\n<p>Encuentra m\u00e1s productos de Vape que te puedan gustar:<strong><em><a href=\"https:\/\/rmvapesale.com\/es\/shop-2\/\">comprar ahora &gt;&gt;&gt;<\/a><\/em><\/strong><\/p>","protected":false},"excerpt":{"rendered":"<p>WGA Crystal Pro Max Extra 15k Puffs Vape desechable<br \/>\nWGA Crystal Pro Max Extra 15000 Vape desechable al por mayor<br \/>\nKit de vaporizador desechable WGA Crystal Pro Max 15K Puffs<\/p>\n<p><strong>Contacta con Amy para M\u00e1s Descuentos y Venta al por Mayor de Vaper con MOQ m\u00e1s bajo<\/strong><\/p>\n<p><img loading=\"lazy\" decoding=\"async\" class=\"size-full wp-image-1978\" src=\"https:\/\/rmvapesale.com\/wp-content\/uploads\/2024\/09\/Disposable-Vape-Wholesale.jpg\" alt=\"Vape Desechable al por mayor\" width=\"229\" height=\"300\" \/><\/p>\n<h3><span style=\"color: #ff0000;\"><strong>WhatsApp: +86 17776015835<\/strong><\/span><\/h3>","protected":false},"featured_media":2042,"comment_status":"open","ping_status":"closed","template":"","meta":{"_uag_custom_page_level_css":"","_lmt_disableupdate":"no","_lmt_disable":"","site-sidebar-layout":"default","site-content-layout":"content-boxed-container","ast-site-content-layout":"normal-width-container","site-content-style":"boxed","site-sidebar-style":"unboxed","ast-global-header-display":"","ast-banner-title-visibility":"","ast-main-header-display":"","ast-hfb-above-header-display":"","ast-hfb-below-header-display":"","ast-hfb-mobile-header-display":"","site-post-title":"","ast-breadcrumbs-content":"","ast-featured-img":"","footer-sml-layout":"","theme-transparent-header-meta":"default","adv-header-id-meta":"","stick-header-meta":"","header-above-stick-meta":"","header-main-stick-meta":"","header-below-stick-meta":"","astra-migrate-meta-layouts":"set","ast-page-background-enabled":"default","ast-page-background-meta":{"desktop":{"background-color":"var(--ast-global-color-4)","background-image":"","background-repeat":"repeat","background-position":"center center","background-size":"auto","background-attachment":"scroll","background-type":"","background-media":"","overlay-type":"","overlay-color":"","overlay-opacity":"","overlay-gradient":""},"tablet":{"background-color":"","background-image":"","background-repeat":"repeat","background-position":"center center","background-size":"auto","background-attachment":"scroll","background-type":"","background-media":"","overlay-type":"","overlay-color":"","overlay-opacity":"","overlay-gradient":""},"mobile":{"background-color":"","background-image":"","background-repeat":"repeat","background-position":"center center","background-size":"auto","background-attachment":"scroll","background-type":"","background-media":"","overlay-type":"","overlay-color":"","overlay-opacity":"","overlay-gradient":""}},"ast-content-background-meta":{"desktop":{"background-color":"var(--ast-global-color-5)","background-image":"","background-repeat":"repeat","background-position":"center center","background-size":"auto","background-attachment":"scroll","background-type":"","background-media":"","overlay-type":"","overlay-color":"","overlay-opacity":"","overlay-gradient":""},"tablet":{"background-color":"var(--ast-global-color-5)","background-image":"","background-repeat":"repeat","background-position":"center center","background-size":"auto","background-attachment":"scroll","background-type":"","background-media":"","overlay-type":"","overlay-color":"","overlay-opacity":"","overlay-gradient":""},"mobile":{"background-color":"var(--ast-global-color-5)","background-image":"","background-repeat":"repeat","background-position":"center center","background-size":"auto","background-attachment":"scroll","background-type":"","background-media":"","overlay-type":"","overlay-color":"","overlay-opacity":"","overlay-gradient":""}},"_joinchat":[]},"product_brand":[],"product_cat":[15,290,292,293,295,299,283,25,123,26,28,135,27,61,30],"product_tag":[67,57,58,70,68,69],"class_list":{"0":"post-2037","1":"product","2":"type-product","3":"status-publish","4":"has-post-thumbnail","6":"product_cat-new-vape-this-week","7":"product_cat-crystal-disposable-vapes","8":"product_cat-digital-disposable-vapes","9":"product_cat-low-nicotine-disposable-vapes","10":"product_cat-rechargeable-disposable-vapes","11":"product_cat-smart-screen-disposable-vapes","12":"product_cat-wga-vape","13":"product_cat-germany-best-selling-vape","14":"product_cat-italy-wholesale-vape","15":"product_cat-netherlands-hot-sale-vape","16":"product_cat-poland-hot-sale-vape","17":"product_cat-spain-best-hot-sale-vape","18":"product_cat-fance-hot-sale-vape","19":"product_cat-15000-puffs-disposable-vapes","20":"product_cat-minimum-order-quantity-50pcs","21":"product_tag-15k-vapes","22":"product_tag-disposable-vape-wholesale-supplier","23":"product_tag-electric-cigarettes","24":"product_tag-wga-15000-puffs","25":"product_tag-wga-crystal-pro-max-15k-wholesale","26":"product_tag-wga-vape","27":"desktop-align-left","28":"tablet-align-left","29":"mobile-align-left","31":"first","32":"instock","33":"sale","34":"shipping-taxable","35":"purchasable","36":"product-type-simple"},"uagb_featured_image_src":{"full":["https:\/\/rmvapesale.com\/wp-content\/uploads\/2024\/09\/WGA-Crystal-Pro-Max-Extra-15k-Puffs-Disposable-Vape.jpg",788,788,false],"thumbnail":["https:\/\/rmvapesale.com\/wp-content\/uploads\/2024\/09\/WGA-Crystal-Pro-Max-Extra-15k-Puffs-Disposable-Vape-150x150.jpg",150,150,true],"medium":["https:\/\/rmvapesale.com\/wp-content\/uploads\/2024\/09\/WGA-Crystal-Pro-Max-Extra-15k-Puffs-Disposable-Vape-300x300.jpg",300,300,true],"medium_large":["https:\/\/rmvapesale.com\/wp-content\/uploads\/2024\/09\/WGA-Crystal-Pro-Max-Extra-15k-Puffs-Disposable-Vape-768x768.jpg",768,768,true],"large":["https:\/\/rmvapesale.com\/wp-content\/uploads\/2024\/09\/WGA-Crystal-Pro-Max-Extra-15k-Puffs-Disposable-Vape.jpg",788,788,false],"1536x1536":["https:\/\/rmvapesale.com\/wp-content\/uploads\/2024\/09\/WGA-Crystal-Pro-Max-Extra-15k-Puffs-Disposable-Vape.jpg",788,788,false],"2048x2048":["https:\/\/rmvapesale.com\/wp-content\/uploads\/2024\/09\/WGA-Crystal-Pro-Max-Extra-15k-Puffs-Disposable-Vape.jpg",788,788,false],"trp-custom-language-flag":["https:\/\/rmvapesale.com\/wp-content\/uploads\/2024\/09\/WGA-Crystal-Pro-Max-Extra-15k-Puffs-Disposable-Vape.jpg",12,12,false],"woocommerce_thumbnail":["https:\/\/rmvapesale.com\/wp-content\/uploads\/2024\/09\/WGA-Crystal-Pro-Max-Extra-15k-Puffs-Disposable-Vape-300x300.jpg",300,300,true],"woocommerce_single":["https:\/\/rmvapesale.com\/wp-content\/uploads\/2024\/09\/WGA-Crystal-Pro-Max-Extra-15k-Puffs-Disposable-Vape-600x600.jpg",600,600,true],"woocommerce_gallery_thumbnail":["https:\/\/rmvapesale.com\/wp-content\/uploads\/2024\/09\/WGA-Crystal-Pro-Max-Extra-15k-Puffs-Disposable-Vape-100x100.jpg",100,100,true],"wcpr-photo-reviews":["https:\/\/rmvapesale.com\/wp-content\/uploads\/2024\/09\/WGA-Crystal-Pro-Max-Extra-15k-Puffs-Disposable-Vape.jpg",500,500,false]},"uagb_author_info":{"display_name":"AMY","author_link":"https:\/\/rmvapesale.com\/es\/author\/"},"uagb_comment_info":0,"uagb_excerpt":"WGA Crystal Pro Max Extra 15k Puffs Disposable Vape WGA Crystal Pro Max Extra 15000 Disposable Vape Wholesale WGA Crystal Pro Max 15K Puffs Disposable Vape Pod Kit Contact Amy For More Discount And Lower MOQ Vape WhatsApp: +86 17776015835","_links":{"self":[{"href":"https:\/\/rmvapesale.com\/es\/wp-json\/wp\/v2\/product\/2037","targetHints":{"allow":["GET"]}}],"collection":[{"href":"https:\/\/rmvapesale.com\/es\/wp-json\/wp\/v2\/product"}],"about":[{"href":"https:\/\/rmvapesale.com\/es\/wp-json\/wp\/v2\/types\/product"}],"replies":[{"embeddable":true,"href":"https:\/\/rmvapesale.com\/es\/wp-json\/wp\/v2\/comments?post=2037"}],"wp:featuredmedia":[{"embeddable":true,"href":"https:\/\/rmvapesale.com\/es\/wp-json\/wp\/v2\/media\/2042"}],"wp:attachment":[{"href":"https:\/\/rmvapesale.com\/es\/wp-json\/wp\/v2\/media?parent=2037"}],"wp:term":[{"taxonomy":"product_brand","embeddable":true,"href":"https:\/\/rmvapesale.com\/es\/wp-json\/wp\/v2\/product_brand?post=2037"},{"taxonomy":"product_cat","embeddable":true,"href":"https:\/\/rmvapesale.com\/es\/wp-json\/wp\/v2\/product_cat?post=2037"},{"taxonomy":"product_tag","embeddable":true,"href":"https:\/\/rmvapesale.com\/es\/wp-json\/wp\/v2\/product_tag?post=2037"}],"curies":[{"name":"wp","href":"https:\/\/api.w.org\/{rel}","templated":true}]}}