{"id":2045,"date":"2024-09-19T08:19:14","date_gmt":"2024-09-19T08:19:14","guid":{"rendered":"https:\/\/rmvapesale.com\/?post_type=product&#038;p=2045"},"modified":"2025-01-21T09:13:47","modified_gmt":"2025-01-21T09:13:47","slug":"evappe-deluxe-bar-18000-puffs-led-screen-disposable-vape","status":"publish","type":"product","link":"https:\/\/rmvapesale.com\/es\/product\/evappe-deluxe-bar-18000-puffs-led-screen-disposable-vape\/","title":{"rendered":"Evappe Deluxe Bar 18000 caladas pantalla LED Vaper desechable"},"content":{"rendered":"<h1>Evappe Deluxe Bar 18000 caladas pantalla LED Vaper desechable<\/h1>\n<p>Eleva tu experiencia de vapeo con el Evappe Deluxe Bar 18000 Puffs, un revolucionario vape desechable que combina tecnolog\u00eda de vanguardia con una comodidad inigualable. Con una vibrante pantalla LED, este dispositivo te permite monitorear f\u00e1cilmente la potencia y el uso de un vistazo, asegurando que siempre tengas el control de tus sesiones de vapeo.<\/p>\n<p>Elige entre 10 deliciosos sabores, cada uno dise\u00f1ado para deleitar tus papilas gustativas y mantener tu experiencia fresca y emocionante. Ya sea que prefieras sabores afrutados, mentolados o de postres indulgentes, el Evappe Deluxe Bar tiene algo para todos.<\/p>\n<p>Con una potente bater\u00eda recargable de 600mAh y un puerto de carga tipo C, disfrutar\u00e1s de un uso prolongado sin la molestia de los constantes reemplazos. Adem\u00e1s, el sistema de flujo de aire ajustable te permite personalizar tu calada para una experiencia de vapeo perfecta en todo momento.<\/p>\n<p>Experimenta el futuro del vapeo con el Evappe Deluxe Bar 18000, \u00a1donde la innovaci\u00f3n se une al sabor!<\/p>\n<p>&nbsp;<\/p>\n<p><strong>\u00a1Contacta a Amy para obtener una respuesta correcta y m\u00e1s v\u00eddeos de productos!<\/strong><\/p>\n<p><img loading=\"lazy\" decoding=\"async\" class=\"size-full wp-image-1978\" src=\"https:\/\/rmvapesale.com\/wp-content\/uploads\/2024\/09\/Disposable-Vape-Wholesale.jpg\" alt=\"Vape Desechable al por mayor\" width=\"229\" height=\"300\" \/><\/p>\n<h3><span style=\"color: #ff0000\"><strong>WhatsApp: +86 17776015835<\/strong><\/span><\/h3>\n<p>&nbsp;<\/p>\n<h2>Evappe Deluxe Bar 18000 Puffs Caracter\u00edsticas Clave<\/h2>\n<p>&nbsp;<\/p>\n<p>0% 2% 5% Nicotina<br \/>\n25ML de E-l\u00edquido.<br \/>\n18000 Caladas<br \/>\n750mah Recargable<br \/>\nTipo-C.<br \/>\nBobina de malla: 0.6omh<\/p>\n<div class=\"mceTemp\"><\/div>\n<h2><\/h2>\n<h2><strong>Mejores sabores para Evappe Deluxe Bar 18000<\/strong><\/h2>\n<p>&nbsp;<\/p>\n<p>El cigarrillo electr\u00f3nico desechable Evappe Deluxe Bar 18000 Puffs cuenta con 10 sabores elaborados por expertos, cada uno dise\u00f1ado para ofrecer una experiencia de vapeo distintiva y satisfactoria. \u00a1Hay algo perfecto para ti!<\/p>\n<p>1.Doble Manzana<span style=\"color: #ff0000\"><strong>&gt;&gt;&gt;&gt;\u00a1Caliente!<\/strong><\/span><br \/>\n2.Menta Uva<br \/>\n3.Hielo Exuberante<span style=\"color: #ff0000\"><strong>&gt;&gt;&gt;&gt;\u00a1El mejor!<\/strong><\/span><br \/>\n4.Cereza Frambuesa<br \/>\n5.Hielo de Melocot\u00f3n<br \/>\n6.Amor 66<br \/>\n7.Sue\u00f1o L\u00facido<br \/>\n8.Ponche de Fresa<br \/>\n9.Chicle de Ar\u00e1ndanos<span style=\"color: #ff0000\"><strong>&gt;&gt;&gt;&gt;\u00a1Caliente!<\/strong><\/span><br \/>\n10.Hielo de Bayas<\/p>\n<p>&nbsp;<\/p>\n<p><img loading=\"lazy\" decoding=\"async\" class=\"size-medium wp-image-2046\" src=\"https:\/\/rmvapesale.com\/wp-content\/uploads\/2024\/09\/Evappe-Deluxe-Bar-18k-Puffs--300x300.jpg\" alt=\"Evappe Deluxe Bar 18k Caladas\" width=\"300\" height=\"300\" srcset=\"https:\/\/rmvapesale.com\/wp-content\/uploads\/2024\/09\/Evappe-Deluxe-Bar-18k-Puffs--300x300.jpg 300w, https:\/\/rmvapesale.com\/wp-content\/uploads\/2024\/09\/Evappe-Deluxe-Bar-18k-Puffs--150x150.jpg 150w, https:\/\/rmvapesale.com\/wp-content\/uploads\/2024\/09\/Evappe-Deluxe-Bar-18k-Puffs--768x768.jpg 768w, https:\/\/rmvapesale.com\/wp-content\/uploads\/2024\/09\/Evappe-Deluxe-Bar-18k-Puffs--600x600.jpg 600w, https:\/\/rmvapesale.com\/wp-content\/uploads\/2024\/09\/Evappe-Deluxe-Bar-18k-Puffs--100x100.jpg 100w, https:\/\/rmvapesale.com\/wp-content\/uploads\/2024\/09\/Evappe-Deluxe-Bar-18k-Puffs-.jpg 800w\" sizes=\"auto, (max-width: 300px) 100vw, 300px\" \/><\/p>\n<h2><strong>Preguntas frecuentes sobre Evappe Deluxe Bar 18k Puffs\u00a0<\/strong><\/h2>\n<p>&nbsp;<\/p>\n<p><strong>1. \u00bfCu\u00e1ntas caladas ofrece el Evappe Deluxe Bar 18k?<\/strong><br \/>\nEste vape desechable de gran capacidad ofrece aproximadamente 18.000 caladas.<\/p>\n<p><strong>2. \u00bfEs legal el uso del Evappe Deluxe Bar 18k en Espa\u00f1a?<\/strong><br \/>\nS\u00ed, el uso del Evappe Deluxe Bar 18k es legal en Espa\u00f1a.<\/p>\n<p><strong>3. \u00bfCu\u00e1nto dura el Evappe Deluxe Bar 18k?<\/strong><br \/>\nLa vida \u00fatil var\u00eda seg\u00fan los h\u00e1bitos de uso, pero con una capacidad de 18.000 caladas y una bater\u00eda recargable de 750mAh, garantiza sesiones de vapeo prolongadas.<\/p>\n<p><strong>4. \u00bfSe puede recargar el Evappe Deluxe Bar 18k?<\/strong><br \/>\nS\u00ed, el Evappe Deluxe Bar 18k es recargable y cuenta con un puerto de carga tipo C para una carga f\u00e1cil.<\/p>\n<p>&nbsp;<\/p>\n<h3><b>PREGUNTAS FRECUENTES<\/b><\/h3>\n<p>&nbsp;<\/p>\n<div class=\"flex-shrink-0 flex flex-col relative items-end\">\n<div>\n<div class=\"pt-0\">\n<div class=\"gizmo-bot-avatar flex h-8 w-8 items-center justify-center overflow-hidden rounded-full\">\n<div class=\"relative p-1 rounded-sm flex items-center justify-center bg-token-main-surface-primary text-token-text-primary h-8 w-8\"><strong>\u00bfQu\u00e9 m\u00e9todos de env\u00edo se utilizan?<\/strong><\/div>\n<\/div>\n<\/div>\n<\/div>\n<\/div>\n<div class=\"group\/conversation-turn relative flex w-full min-w-0 flex-col agent-turn\">\n<div class=\"flex-col gap-1 md:gap-3\">\n<div class=\"flex max-w-full flex-col flex-grow\">\n<div class=\"min-h-[20px] text-message flex w-full flex-col items-end gap-2 whitespace-normal break-words [.text-message+&amp;]:mt-5 overflow-x-auto\" dir=\"auto\" data-message-author-role=\"assistant\" data-message-id=\"22f8283b-3233-46ff-89a5-c7a41b33abda\">\n<div class=\"flex w-full flex-col gap-1 empty:hidden first:pt-[3px]\">\n<div class=\"markdown prose w-full break-words dark:prose-invert light\">\n<p>Trabajamos con UPS, DHL, FedEx, DPD y otros transportistas l\u00edderes. Seleccionaremos el mejor m\u00e9todo de env\u00edo seg\u00fan su lugar de entrega para garantizar que reciba sus productos lo m\u00e1s r\u00e1pido posible.<\/p>\n<p>&nbsp;<\/p>\n<\/div>\n<p><strong>\u00bfCu\u00e1nto tiempo tarda en llegar?<\/strong><\/p>\n<p>A Espa\u00f1a, por lo general, llegan en un plazo de 10 d\u00edas laborables.<\/p>\n<p>A los pa\u00edses europeos generalmente tarda entre 12 y 15 d\u00edas laborables.<\/p>\n<p>Proporcionaremos actualizaciones en tiempo real sobre el estado de su env\u00edo.<\/p>\n<p>&nbsp;<\/p>\n<\/div>\n<p><strong>Garant\u00eda<\/strong><\/p>\n<p><span style=\"color: #ff0000\"><strong>Todos los productos en nuestra tienda tienen garant\u00eda de ser 100% originales y aut\u00e9nticos. \u00a1Ofrecemos 10 veces la compensaci\u00f3n por productos falsos!<\/strong><\/span><\/p>\n<div class=\"flex w-full flex-col gap-1 empty:hidden first:pt-[3px]\">\n<p>&nbsp;<\/p>\n<\/div>\n<\/div>\n<\/div>\n<\/div>\n<\/div>\n<p>&nbsp;<\/p>\n<p>Otros vapes de venta caliente que te pueden gustar:<\/p>\n<p><strong><a href=\"https:\/\/rmvapesale.com\/es\/product\/wga-crystal-plus-20000-puff-dual-flavour-disposable-vape\/\">WGA Crystal Plus 20000<\/a><\/strong><\/p>\n<p><a href=\"https:\/\/rmvapesale.com\/es\/product\/waspe-tornado-15000-puffs-original-factory-price\/\"><strong>Waspe Tornado 15000 caladas<\/strong><\/a><\/p>\n<p><a href=\"https:\/\/rmvapesale.com\/es\/product\/waspe-digital-box-12000-puffs-wholesale-disposable-vape\/\"><strong>WASPE Caja Digital 12000 Caladas<\/strong><\/a><\/p>\n<p>&nbsp;<\/p>\n<p>&nbsp;<\/p>\n<p>Encuentra m\u00e1s productos de Vape que te puedan gustar:<strong><em><a href=\"https:\/\/rmvapesale.com\/es\/shop-2\/\">comprar ahora &gt;&gt;&gt;<\/a><\/em><\/strong><\/p>","protected":false},"excerpt":{"rendered":"<p>Evappe Deluxe Bar Vape Desechable 18000 Puffs<br \/>\nEvappe Shisha Deluxe Bar Original 18000 Puffs<br \/>\nEvappe Deluxe Bar 18000 Puffs 10 Sabores Vape Pen<br \/>\nEvappe Deluxe Bar 18000 Puffs Pantalla LED Puff 18k Vape Desechable<\/p>\n<p><strong>Contacta con Amy para M\u00e1s Descuentos y Venta al por Mayor de Vaper con MOQ m\u00e1s bajo<\/strong><\/p>\n<p><img loading=\"lazy\" decoding=\"async\" class=\"size-full wp-image-1978\" src=\"https:\/\/rmvapesale.com\/wp-content\/uploads\/2024\/09\/Disposable-Vape-Wholesale.jpg\" alt=\"Vape Desechable al por mayor\" width=\"229\" height=\"300\" \/><\/p>\n<h3><span style=\"color: #ff0000\"><strong>WhatsApp: +86 17776015835<\/strong><\/span><\/h3>","protected":false},"featured_media":2047,"comment_status":"open","ping_status":"closed","template":"","meta":{"_uag_custom_page_level_css":"","_lmt_disableupdate":"no","_lmt_disable":"","site-sidebar-layout":"default","site-content-layout":"content-boxed-container","ast-site-content-layout":"normal-width-container","site-content-style":"boxed","site-sidebar-style":"unboxed","ast-global-header-display":"","ast-banner-title-visibility":"","ast-main-header-display":"","ast-hfb-above-header-display":"","ast-hfb-below-header-display":"","ast-hfb-mobile-header-display":"","site-post-title":"","ast-breadcrumbs-content":"","ast-featured-img":"","footer-sml-layout":"","ast-disable-related-posts":"","theme-transparent-header-meta":"default","adv-header-id-meta":"","stick-header-meta":"","header-above-stick-meta":"","header-main-stick-meta":"","header-below-stick-meta":"","astra-migrate-meta-layouts":"set","ast-page-background-enabled":"default","ast-page-background-meta":{"desktop":{"background-color":"var(--ast-global-color-4)","background-image":"","background-repeat":"repeat","background-position":"center center","background-size":"auto","background-attachment":"scroll","background-type":"","background-media":"","overlay-type":"","overlay-color":"","overlay-opacity":"","overlay-gradient":""},"tablet":{"background-color":"","background-image":"","background-repeat":"repeat","background-position":"center center","background-size":"auto","background-attachment":"scroll","background-type":"","background-media":"","overlay-type":"","overlay-color":"","overlay-opacity":"","overlay-gradient":""},"mobile":{"background-color":"","background-image":"","background-repeat":"repeat","background-position":"center center","background-size":"auto","background-attachment":"scroll","background-type":"","background-media":"","overlay-type":"","overlay-color":"","overlay-opacity":"","overlay-gradient":""}},"ast-content-background-meta":{"desktop":{"background-color":"var(--ast-global-color-5)","background-image":"","background-repeat":"repeat","background-position":"center center","background-size":"auto","background-attachment":"scroll","background-type":"","background-media":"","overlay-type":"","overlay-color":"","overlay-opacity":"","overlay-gradient":""},"tablet":{"background-color":"var(--ast-global-color-5)","background-image":"","background-repeat":"repeat","background-position":"center center","background-size":"auto","background-attachment":"scroll","background-type":"","background-media":"","overlay-type":"","overlay-color":"","overlay-opacity":"","overlay-gradient":""},"mobile":{"background-color":"var(--ast-global-color-5)","background-image":"","background-repeat":"repeat","background-position":"center center","background-size":"auto","background-attachment":"scroll","background-type":"","background-media":"","overlay-type":"","overlay-color":"","overlay-opacity":"","overlay-gradient":""}},"_joinchat":[]},"product_brand":[],"product_cat":[15,289,292,291,27,25,123,293,30,26,28,295,137,296,299,136,135],"product_tag":[72,57,58,71,73],"class_list":{"0":"post-2045","1":"product","2":"type-product","3":"status-publish","4":"has-post-thumbnail","6":"product_cat-new-vape-this-week","7":"product_cat-big-puffs-disposable-vapes","8":"product_cat-digital-disposable-vapes","9":"product_cat-dual-mesh-disposable-vapes","10":"product_cat-fance-hot-sale-vape","11":"product_cat-germany-best-selling-vape","12":"product_cat-italy-wholesale-vape","13":"product_cat-low-nicotine-disposable-vapes","14":"product_cat-minimum-order-quantity-50pcs","15":"product_cat-netherlands-hot-sale-vape","16":"product_cat-poland-hot-sale-vape","17":"product_cat-rechargeable-disposable-vapes","18":"product_cat-rechargeable-vapes","19":"product_cat-shisha-hookah-disposable-vapes","20":"product_cat-smart-screen-disposable-vapes","21":"product_cat-smart-screen-vapes","22":"product_cat-spain-best-hot-sale-vape","23":"product_tag-deluxe-bar-18000puff","24":"product_tag-disposable-vape-wholesale-supplier","25":"product_tag-electric-cigarettes","26":"product_tag-evappe","27":"product_tag-led-screem-vape","28":"desktop-align-left","29":"tablet-align-left","30":"mobile-align-left","32":"first","33":"instock","34":"sale","35":"shipping-taxable","36":"purchasable","37":"product-type-simple"},"uagb_featured_image_src":{"full":["https:\/\/rmvapesale.com\/wp-content\/uploads\/2024\/09\/Evappe-Deluxe-Bar-18000-Disposable-Vape.png",788,788,false],"thumbnail":["https:\/\/rmvapesale.com\/wp-content\/uploads\/2024\/09\/Evappe-Deluxe-Bar-18000-Disposable-Vape-150x150.png",150,150,true],"medium":["https:\/\/rmvapesale.com\/wp-content\/uploads\/2024\/09\/Evappe-Deluxe-Bar-18000-Disposable-Vape-300x300.png",300,300,true],"medium_large":["https:\/\/rmvapesale.com\/wp-content\/uploads\/2024\/09\/Evappe-Deluxe-Bar-18000-Disposable-Vape-768x768.png",768,768,true],"large":["https:\/\/rmvapesale.com\/wp-content\/uploads\/2024\/09\/Evappe-Deluxe-Bar-18000-Disposable-Vape.png",788,788,false],"1536x1536":["https:\/\/rmvapesale.com\/wp-content\/uploads\/2024\/09\/Evappe-Deluxe-Bar-18000-Disposable-Vape.png",788,788,false],"2048x2048":["https:\/\/rmvapesale.com\/wp-content\/uploads\/2024\/09\/Evappe-Deluxe-Bar-18000-Disposable-Vape.png",788,788,false],"trp-custom-language-flag":["https:\/\/rmvapesale.com\/wp-content\/uploads\/2024\/09\/Evappe-Deluxe-Bar-18000-Disposable-Vape.png",12,12,false],"woocommerce_thumbnail":["https:\/\/rmvapesale.com\/wp-content\/uploads\/2024\/09\/Evappe-Deluxe-Bar-18000-Disposable-Vape-300x300.png",300,300,true],"woocommerce_single":["https:\/\/rmvapesale.com\/wp-content\/uploads\/2024\/09\/Evappe-Deluxe-Bar-18000-Disposable-Vape-600x600.png",600,600,true],"woocommerce_gallery_thumbnail":["https:\/\/rmvapesale.com\/wp-content\/uploads\/2024\/09\/Evappe-Deluxe-Bar-18000-Disposable-Vape-100x100.png",100,100,true],"wcpr-photo-reviews":["https:\/\/rmvapesale.com\/wp-content\/uploads\/2024\/09\/Evappe-Deluxe-Bar-18000-Disposable-Vape.png",500,500,false]},"uagb_author_info":{"display_name":"AMY","author_link":"https:\/\/rmvapesale.com\/es\/author\/"},"uagb_comment_info":0,"uagb_excerpt":"Evappe Deluxe Bar Disposable Vape 18000 Puffs Original Evappe Shisha Deluxe Bar 18000 Puffs Evappe Deluxe Bar 18000 Puffs 10 Flavours Vape Pen Evappe Deluxe Bar 18000 Puffs LED Screen Puff 18k Disposable Vape Contact Amy For More Discount And Lower MOQ Vape WhatsApp: +86 17776015835","_links":{"self":[{"href":"https:\/\/rmvapesale.com\/es\/wp-json\/wp\/v2\/product\/2045","targetHints":{"allow":["GET"]}}],"collection":[{"href":"https:\/\/rmvapesale.com\/es\/wp-json\/wp\/v2\/product"}],"about":[{"href":"https:\/\/rmvapesale.com\/es\/wp-json\/wp\/v2\/types\/product"}],"replies":[{"embeddable":true,"href":"https:\/\/rmvapesale.com\/es\/wp-json\/wp\/v2\/comments?post=2045"}],"wp:featuredmedia":[{"embeddable":true,"href":"https:\/\/rmvapesale.com\/es\/wp-json\/wp\/v2\/media\/2047"}],"wp:attachment":[{"href":"https:\/\/rmvapesale.com\/es\/wp-json\/wp\/v2\/media?parent=2045"}],"wp:term":[{"taxonomy":"product_brand","embeddable":true,"href":"https:\/\/rmvapesale.com\/es\/wp-json\/wp\/v2\/product_brand?post=2045"},{"taxonomy":"product_cat","embeddable":true,"href":"https:\/\/rmvapesale.com\/es\/wp-json\/wp\/v2\/product_cat?post=2045"},{"taxonomy":"product_tag","embeddable":true,"href":"https:\/\/rmvapesale.com\/es\/wp-json\/wp\/v2\/product_tag?post=2045"}],"curies":[{"name":"wp","href":"https:\/\/api.w.org\/{rel}","templated":true}]}}