{"id":2126,"date":"2024-09-23T08:07:35","date_gmt":"2024-09-23T08:07:35","guid":{"rendered":"https:\/\/rmvapesale.com\/?post_type=product&#038;p=2126"},"modified":"2025-01-21T09:20:36","modified_gmt":"2025-01-21T09:20:36","slug":"bang-beach-20000-puffs-vape-smart-screen-disposable-e-cig","status":"publish","type":"product","link":"https:\/\/rmvapesale.com\/es\/product\/bang-beach-20000-puffs-vape-smart-screen-disposable-e-cig\/","title":{"rendered":"Bang Beach 20000 Puffs Vape Pantalla Inteligente E-Cig Desechable"},"content":{"rendered":"<div class=\"B2VR9 CJHX3e\">\n<div class=\"wyccme\">\n<h1>Bang Beach 20000 Puffs Vape Pantalla Inteligente Cigarrillos Electr\u00f3nicos Desechables<\/h1>\n<p>Eleva tu experiencia de vapeo con el Bang Beach 20000 Vape Desechable, dise\u00f1ado para quienes desean disfrutar m\u00e1s tiempo sin la molestia de reemplazos constantes. Bang Beach 20000 viene con impresionantes 20,000 caladas, este vape asegura que puedas disfrutar de tus sabores favoritos por m\u00e1s tiempo, convirti\u00e9ndolo en el compa\u00f1ero perfecto para cualquier salida. Adem\u00e1s, personaliza tu experiencia con opciones de niveles de nicotina 0%, 2%, 3% y 5%, adapt\u00e1ndose a todas las preferencias\u2014ya sea que busques un golpe de nicotina o una experiencia m\u00e1s suave.<\/p>\n<p>Adem\u00e1s, este vape desechable cuenta con una Pantalla LED, que proporciona actualizaciones en tiempo real sobre la duraci\u00f3n de la bater\u00eda y los niveles de e-l\u00edquido, asegurando que siempre tengas el control.<\/p>\n<p>Descubre un nuevo est\u00e1ndar en vapeo con el Bang Beach 20000 Vape Desechable\u2014donde la comodidad se encuentra con el rendimiento, \u00a1y cada calada es un placer!<\/p>\n<\/div>\n<\/div>\n<p>&nbsp;<\/p>\n<p><strong>\u00a1Contacta a Amy para obtener una respuesta correcta y m\u00e1s v\u00eddeos de productos!<\/strong><\/p>\n<p><img loading=\"lazy\" decoding=\"async\" class=\"size-full wp-image-1978\" src=\"https:\/\/rmvapesale.com\/wp-content\/uploads\/2024\/09\/Disposable-Vape-Wholesale.jpg\" alt=\"Vape Desechable al por mayor\" width=\"229\" height=\"300\" \/><\/p>\n<h3><span style=\"color: #ff0000\"><strong>WhatsApp: +86 17776015835<\/strong><\/span><\/h3>\n<p>&nbsp;<\/p>\n<h2><\/h2>\n<h2><strong>Caracter\u00edsticas principales del Bang Beach 20000 Puffs<\/strong><\/h2>\n<p>&nbsp;<\/p>\n<p>Nicotina: 0% 2% 3% 5%<br \/>\nCaladas: 20000<br \/>\nCapacidad: 35ml<br \/>\n12 sabores disponibles<br \/>\nDoble malla<br \/>\n650mah Recargable<br \/>\nPantalla de aceite<br \/>\nPantalla de potencia<\/p>\n<h2><\/h2>\n<h2><\/h2>\n<h2><strong>Mejor sabor para Bang Beach 20000 Vape<\/strong><\/h2>\n<p>El pod de vape desechable Bang Beach 20000 con 12 sabores, cada uno dise\u00f1ado para ofrecer una experiencia de vapeo distintiva y satisfactoria, \u00a1hay algo para ti!<\/p>\n<p>1. Durazno Mango<br \/>\n2.Frutos Rojos Mezclados<span style=\"color: #ff0000\"><strong>&gt;&gt;&gt;&gt;\u00a1Caliente!<\/strong><\/span><br \/>\n3. Limonada Rosa<br \/>\n4.Fresa Sand\u00eda<br \/>\n5. Hielo de Sand\u00eda<br \/>\n6. Hielo de Uva<br \/>\n7. Hielo Blue Brazz<br \/>\n8. Hielo de Fresa<span style=\"color: #ff0000\"><strong>&gt;&gt;&gt;&gt;\u00a1El mejor!<\/strong><\/span><br \/>\n9. Hielo Triple Berries<br \/>\n10. Ar\u00e1ndano Frambuesa<br \/>\n11. Hielo de Durazno<br \/>\n12.Manzana \u00c1cida<span style=\"color: #ff0000\"><strong>&gt;&gt;&gt;&gt;\u00a1Caliente!<\/strong><\/span><\/p>\n<p>&nbsp;<\/p>\n<h2><strong>Preguntas que podr\u00edas querer saber sobre Bang Beach 20000<\/strong><\/h2>\n<p>&nbsp;<\/p>\n<p><strong>1. \u00bfCu\u00e1nta nicotina tiene el Bang Beach 20000?<\/strong><br \/>\nEl Bang Beach 20000 presenta sal de nicotina 0%, 2%, 3% y 5%. Con tecnolog\u00eda avanzada de bobinas de malla, ofrece una experiencia de vapor superior llena de sabor intenso.<\/p>\n<p><strong>2. \u00bfEl vape Bang Beach 20000 es recargable?<\/strong><br \/>\nS\u00ed, el Bang Beach 20000 incluye una bater\u00eda recargable de 650 mAh, que proporciona un disfrute duradero.<\/p>\n<p><strong>3. \u00bfCu\u00e1ntas caladas puedes obtener de un Bang Beach 20000?<\/strong><br \/>\nEl Bang Beach 20000 ofrece aproximadamente 20000 caladas, dependiendo del uso, y viene en 12 sabores.<\/p>\n<p><strong>4. \u00bfCu\u00e1nto tiempo tarda en cargarse un Bang Beach 20000?<\/strong><br \/>\nEl Bang Beach 20000 se puede cargar completamente en solo 30 a 35 minutos, asegurando una preparaci\u00f3n r\u00e1pida para su uso.<\/p>\n<p>&nbsp;<\/p>\n<h3><b>PREGUNTAS FRECUENTES<\/b><\/h3>\n<p>&nbsp;<\/p>\n<div class=\"flex-shrink-0 flex flex-col relative items-end\">\n<div>\n<div class=\"pt-0\">\n<div class=\"gizmo-bot-avatar flex h-8 w-8 items-center justify-center overflow-hidden rounded-full\">\n<div class=\"relative p-1 rounded-sm flex items-center justify-center bg-token-main-surface-primary text-token-text-primary h-8 w-8\"><strong>\u00bfQu\u00e9 m\u00e9todos de env\u00edo se utilizan?<\/strong><\/div>\n<\/div>\n<\/div>\n<\/div>\n<\/div>\n<div class=\"group\/conversation-turn relative flex w-full min-w-0 flex-col agent-turn\">\n<div class=\"flex-col gap-1 md:gap-3\">\n<div class=\"flex max-w-full flex-col flex-grow\">\n<div class=\"min-h-[20px] text-message flex w-full flex-col items-end gap-2 whitespace-normal break-words [.text-message+&amp;]:mt-5 overflow-x-auto\" dir=\"auto\" data-message-author-role=\"assistant\" data-message-id=\"22f8283b-3233-46ff-89a5-c7a41b33abda\">\n<div class=\"flex w-full flex-col gap-1 empty:hidden first:pt-[3px]\">\n<div class=\"markdown prose w-full break-words dark:prose-invert light\">\n<p>Trabajamos con UPS, DHL, FedEx, DPD y otros transportistas l\u00edderes. Seleccionaremos el mejor m\u00e9todo de env\u00edo seg\u00fan su lugar de entrega para garantizar que reciba sus productos lo m\u00e1s r\u00e1pido posible.<\/p>\n<\/div>\n<p><strong>\u00bfCu\u00e1nto tiempo tarda en llegar?<\/strong><\/p>\n<p>Los paquetes enviados a Espa\u00f1a suelen llegar en 10 d\u00edas laborables. El env\u00edo a pa\u00edses europeos generalmente tarda entre 12 y 15 d\u00edas h\u00e1biles. Proporcionaremos actualizaciones en tiempo real sobre el estado de su env\u00edo.<\/p>\n<\/div>\n<p><strong>Garant\u00eda<\/strong><\/p>\n<p><span style=\"color: #ff0000\"><strong>Todos los productos en nuestra tienda tienen garant\u00eda de ser 100% originales y aut\u00e9nticos. \u00a1Ofrecemos 10 veces la compensaci\u00f3n por productos falsos!<\/strong><\/span><\/p>\n<div class=\"flex w-full flex-col gap-1 empty:hidden first:pt-[3px]\">\n<p>&nbsp;<\/p>\n<\/div>\n<\/div>\n<\/div>\n<\/div>\n<\/div>\n<p>&nbsp;<\/p>\n<p>Otros vapes de venta caliente que te pueden gustar:<\/p>\n<p><strong><a href=\"https:\/\/rmvapesale.com\/es\/product\/wga-crystal-plus-20000-puff-dual-flavour-disposable-vape\/\">Bang King 30000 Puffs<\/a><\/strong><\/p>\n<p><a href=\"https:\/\/rmvapesale.com\/es\/product\/bang-20000-puffs-disposable-vape-wholesale-supplier\/\"><strong>WGA Crystal Plus Smart 16000 Inhalaciones<\/strong><\/a><\/p>\n<p><a href=\"https:\/\/rmvapesale.com\/es\/product\/wga-crystal-pro-max-extra-15k-puffs-disposable-vape-wholesale\/\"><strong>Bang 25000 Inhalaciones<\/strong><\/a><\/p>\n<p>&nbsp;<\/p>\n<p>&nbsp;<\/p>\n<p>Encuentra m\u00e1s productos de Vape que te puedan gustar:<strong><em><a href=\"https:\/\/rmvapesale.com\/es\/shop-2\/\">comprar ahora &gt;&gt;&gt;<\/a><\/em><\/strong><\/p>","protected":false},"excerpt":{"rendered":"<p>Bang Vape Beach 20000 Puffs Todos los Sabores Mayorista<br \/>\nBANG BEACH 20000 PUFFS 0% 2% 3% 5% Nicotina<br \/>\nBang Beach 20000 Puff Vape Desechable Mayorista<\/p>\n<p><strong>Contacta con Amy para M\u00e1s Descuentos y Venta al por Mayor de Vaper con MOQ m\u00e1s bajo<\/strong><\/p>\n<p><img loading=\"lazy\" decoding=\"async\" class=\"size-full wp-image-1978\" src=\"https:\/\/rmvapesale.com\/wp-content\/uploads\/2024\/09\/Disposable-Vape-Wholesale.jpg\" alt=\"Vape Desechable al por mayor\" width=\"229\" height=\"300\" \/><\/p>\n<h3><span style=\"color: #ff0000\"><strong>WhatsApp: +86 17776015835<\/strong><\/span><\/h3>","protected":false},"featured_media":2122,"comment_status":"open","ping_status":"closed","template":"","meta":{"_uag_custom_page_level_css":"","_lmt_disableupdate":"no","_lmt_disable":"","site-sidebar-layout":"default","site-content-layout":"content-boxed-container","ast-site-content-layout":"normal-width-container","site-content-style":"boxed","site-sidebar-style":"unboxed","ast-global-header-display":"","ast-banner-title-visibility":"","ast-main-header-display":"","ast-hfb-above-header-display":"","ast-hfb-below-header-display":"","ast-hfb-mobile-header-display":"","site-post-title":"","ast-breadcrumbs-content":"","ast-featured-img":"","footer-sml-layout":"","theme-transparent-header-meta":"default","adv-header-id-meta":"","stick-header-meta":"","header-above-stick-meta":"","header-main-stick-meta":"","header-below-stick-meta":"","astra-migrate-meta-layouts":"set","ast-page-background-enabled":"default","ast-page-background-meta":{"desktop":{"background-color":"var(--ast-global-color-4)","background-image":"","background-repeat":"repeat","background-position":"center center","background-size":"auto","background-attachment":"scroll","background-type":"","background-media":"","overlay-type":"","overlay-color":"","overlay-opacity":"","overlay-gradient":""},"tablet":{"background-color":"","background-image":"","background-repeat":"repeat","background-position":"center center","background-size":"auto","background-attachment":"scroll","background-type":"","background-media":"","overlay-type":"","overlay-color":"","overlay-opacity":"","overlay-gradient":""},"mobile":{"background-color":"","background-image":"","background-repeat":"repeat","background-position":"center center","background-size":"auto","background-attachment":"scroll","background-type":"","background-media":"","overlay-type":"","overlay-color":"","overlay-opacity":"","overlay-gradient":""}},"ast-content-background-meta":{"desktop":{"background-color":"var(--ast-global-color-5)","background-image":"","background-repeat":"repeat","background-position":"center center","background-size":"auto","background-attachment":"scroll","background-type":"","background-media":"","overlay-type":"","overlay-color":"","overlay-opacity":"","overlay-gradient":""},"tablet":{"background-color":"var(--ast-global-color-5)","background-image":"","background-repeat":"repeat","background-position":"center center","background-size":"auto","background-attachment":"scroll","background-type":"","background-media":"","overlay-type":"","overlay-color":"","overlay-opacity":"","overlay-gradient":""},"mobile":{"background-color":"var(--ast-global-color-5)","background-image":"","background-repeat":"repeat","background-position":"center center","background-size":"auto","background-attachment":"scroll","background-type":"","background-media":"","overlay-type":"","overlay-color":"","overlay-opacity":"","overlay-gradient":""}},"_joinchat":[]},"product_brand":[],"product_cat":[15,289,292,293,295,299,273,279,255,25,123,26,28,135,27,60,137,136,30],"product_tag":[88,63,57,58,54],"class_list":{"0":"post-2126","1":"product","2":"type-product","3":"status-publish","4":"has-post-thumbnail","6":"product_cat-new-vape-this-week","7":"product_cat-big-puffs-disposable-vapes","8":"product_cat-digital-disposable-vapes","9":"product_cat-low-nicotine-disposable-vapes","10":"product_cat-rechargeable-disposable-vapes","11":"product_cat-smart-screen-disposable-vapes","12":"product_cat-bang-box-vape","13":"product_cat-bang-king-vape","14":"product_cat-20000-puff-disposable-vape","15":"product_cat-germany-best-selling-vape","16":"product_cat-italy-wholesale-vape","17":"product_cat-netherlands-hot-sale-vape","18":"product_cat-poland-hot-sale-vape","19":"product_cat-spain-best-hot-sale-vape","20":"product_cat-fance-hot-sale-vape","21":"product_cat-bang-vapes","22":"product_cat-rechargeable-vapes","23":"product_cat-smart-screen-vapes","24":"product_cat-minimum-order-quantity-50pcs","25":"product_tag-bang-beach-2000","26":"product_tag-bang-vapes","27":"product_tag-disposable-vape-wholesale-supplier","28":"product_tag-electric-cigarettes","29":"product_tag-rechargeable-disposable-vape","30":"desktop-align-left","31":"tablet-align-left","32":"mobile-align-left","34":"first","35":"instock","36":"sale","37":"shipping-taxable","38":"purchasable","39":"product-type-simple"},"uagb_featured_image_src":{"full":["https:\/\/rmvapesale.com\/wp-content\/uploads\/2024\/09\/Bang-Beach-20000-LED-Light-Disposable-Vape.png",800,800,false],"thumbnail":["https:\/\/rmvapesale.com\/wp-content\/uploads\/2024\/09\/Bang-Beach-20000-LED-Light-Disposable-Vape-150x150.png",150,150,true],"medium":["https:\/\/rmvapesale.com\/wp-content\/uploads\/2024\/09\/Bang-Beach-20000-LED-Light-Disposable-Vape-300x300.png",300,300,true],"medium_large":["https:\/\/rmvapesale.com\/wp-content\/uploads\/2024\/09\/Bang-Beach-20000-LED-Light-Disposable-Vape-768x768.png",768,768,true],"large":["https:\/\/rmvapesale.com\/wp-content\/uploads\/2024\/09\/Bang-Beach-20000-LED-Light-Disposable-Vape.png",800,800,false],"1536x1536":["https:\/\/rmvapesale.com\/wp-content\/uploads\/2024\/09\/Bang-Beach-20000-LED-Light-Disposable-Vape.png",800,800,false],"2048x2048":["https:\/\/rmvapesale.com\/wp-content\/uploads\/2024\/09\/Bang-Beach-20000-LED-Light-Disposable-Vape.png",800,800,false],"trp-custom-language-flag":["https:\/\/rmvapesale.com\/wp-content\/uploads\/2024\/09\/Bang-Beach-20000-LED-Light-Disposable-Vape.png",12,12,false],"woocommerce_thumbnail":["https:\/\/rmvapesale.com\/wp-content\/uploads\/2024\/09\/Bang-Beach-20000-LED-Light-Disposable-Vape-300x300.png",300,300,true],"woocommerce_single":["https:\/\/rmvapesale.com\/wp-content\/uploads\/2024\/09\/Bang-Beach-20000-LED-Light-Disposable-Vape-600x600.png",600,600,true],"woocommerce_gallery_thumbnail":["https:\/\/rmvapesale.com\/wp-content\/uploads\/2024\/09\/Bang-Beach-20000-LED-Light-Disposable-Vape-100x100.png",100,100,true],"wcpr-photo-reviews":["https:\/\/rmvapesale.com\/wp-content\/uploads\/2024\/09\/Bang-Beach-20000-LED-Light-Disposable-Vape.png",500,500,false]},"uagb_author_info":{"display_name":"AMY","author_link":"https:\/\/rmvapesale.com\/es\/author\/"},"uagb_comment_info":0,"uagb_excerpt":"Bang Vape Beach 20000 Puffs All Flavour Wholesale BANG BEACH 20000 PUFFS 0% 2% 3% 5% Nicotine Bang Beach 20000 Puff Disposable Vape Wholesale Contact Amy For More Discount And Lower MOQ Vape WhatsApp: +86 17776015835","_links":{"self":[{"href":"https:\/\/rmvapesale.com\/es\/wp-json\/wp\/v2\/product\/2126","targetHints":{"allow":["GET"]}}],"collection":[{"href":"https:\/\/rmvapesale.com\/es\/wp-json\/wp\/v2\/product"}],"about":[{"href":"https:\/\/rmvapesale.com\/es\/wp-json\/wp\/v2\/types\/product"}],"replies":[{"embeddable":true,"href":"https:\/\/rmvapesale.com\/es\/wp-json\/wp\/v2\/comments?post=2126"}],"wp:featuredmedia":[{"embeddable":true,"href":"https:\/\/rmvapesale.com\/es\/wp-json\/wp\/v2\/media\/2122"}],"wp:attachment":[{"href":"https:\/\/rmvapesale.com\/es\/wp-json\/wp\/v2\/media?parent=2126"}],"wp:term":[{"taxonomy":"product_brand","embeddable":true,"href":"https:\/\/rmvapesale.com\/es\/wp-json\/wp\/v2\/product_brand?post=2126"},{"taxonomy":"product_cat","embeddable":true,"href":"https:\/\/rmvapesale.com\/es\/wp-json\/wp\/v2\/product_cat?post=2126"},{"taxonomy":"product_tag","embeddable":true,"href":"https:\/\/rmvapesale.com\/es\/wp-json\/wp\/v2\/product_tag?post=2126"}],"curies":[{"name":"wp","href":"https:\/\/api.w.org\/{rel}","templated":true}]}}