{"id":2154,"date":"2024-09-25T03:43:51","date_gmt":"2024-09-25T03:43:51","guid":{"rendered":"https:\/\/rmvapesale.com\/?post_type=product&#038;p=2154"},"modified":"2025-01-21T09:29:14","modified_gmt":"2025-01-21T09:29:14","slug":"vozol-vista-20000-puffs-smart-disposable-vape","status":"publish","type":"product","link":"https:\/\/rmvapesale.com\/es\/product\/vozol-vista-20000-puffs-smart-disposable-vape\/","title":{"rendered":"Vozol Vista 20000 puffs Vape Desechable Inteligente"},"content":{"rendered":"<div class=\"B2VR9 CJHX3e\">\n<div class=\"wyccme\">\n<h1>Vozol Vista 20000 puffs Vape Desechable Inteligente<\/h1>\n<p>El VOZOL VISTA 20000 inhalaciones es un vape desechable inteligente de moda con una pantalla a color vibrante para ver f\u00e1cilmente la potencia, el nivel de aceite y la duraci\u00f3n de la bater\u00eda. El dise\u00f1o transparente le permite ver la tecnolog\u00eda en acci\u00f3n con cada calada, haciendo del vapeo un fest\u00edn visual. Con el control de potencia definitivo de 6 niveles, puede girar el dispositivo para encontrar la intensidad ideal. \u00a1Este VOZOL VISTA 20000 cuenta con 20 ml de aceite y una bater\u00eda recargable de 650 mAh que le proporcionar\u00e1 20000 inhalaciones de vapeo!<\/p>\n<\/div>\n<div class=\"wyccme\">\n<p>&nbsp;<\/p>\n<\/div>\n<\/div>\n<p><strong>\u00a1Contacta a Amy para obtener una respuesta correcta y m\u00e1s v\u00eddeos de productos!<\/strong><\/p>\n<p><img loading=\"lazy\" decoding=\"async\" class=\"size-full wp-image-1978\" src=\"https:\/\/rmvapesale.com\/wp-content\/uploads\/2024\/09\/Disposable-Vape-Wholesale.jpg\" alt=\"Vape Desechable al por mayor\" width=\"229\" height=\"300\" \/><\/p>\n<h3><span style=\"color: #ff0000\"><strong>WhatsApp: +86 17776015835<\/strong><\/span><\/h3>\n<p>&nbsp;<\/p>\n<h2><\/h2>\n<h2><strong>Caracter\u00edsticas Principales de VOZOL Vista 20000 inhalaciones<\/strong><\/h2>\n<p>Vape de hasta 20000 Inhalaciones<br \/>\nCapacidad de E-l\u00edquido: 20ml<br \/>\nCapacidad de la Bater\u00eda: 650mAh<br \/>\nResistencia de Malla Dual<br \/>\nControl de Potencia de 6 Niveles<br \/>\nPantalla a Color<br \/>\nOrificio para Cord\u00f3n<br \/>\nEngranaje de Ajuste de 360\u00b0<\/p>\n<figure id=\"attachment_2148\" aria-describedby=\"caption-attachment-2148\" style=\"width: 300px\" class=\"wp-caption alignnone\"><img loading=\"lazy\" decoding=\"async\" class=\"size-medium wp-image-2148\" src=\"https:\/\/rmvapesale.com\/wp-content\/uploads\/2024\/09\/Vozol-Vista-20000-Disposable-Vape-300x300.png\" alt=\"Vozol Vista 20000 Vape Desechable\" width=\"300\" height=\"300\" srcset=\"https:\/\/rmvapesale.com\/wp-content\/uploads\/2024\/09\/Vozol-Vista-20000-Disposable-Vape-300x300.png 300w, https:\/\/rmvapesale.com\/wp-content\/uploads\/2024\/09\/Vozol-Vista-20000-Disposable-Vape-150x150.png 150w, https:\/\/rmvapesale.com\/wp-content\/uploads\/2024\/09\/Vozol-Vista-20000-Disposable-Vape-768x768.png 768w, https:\/\/rmvapesale.com\/wp-content\/uploads\/2024\/09\/Vozol-Vista-20000-Disposable-Vape-600x600.png 600w, https:\/\/rmvapesale.com\/wp-content\/uploads\/2024\/09\/Vozol-Vista-20000-Disposable-Vape-100x100.png 100w, https:\/\/rmvapesale.com\/wp-content\/uploads\/2024\/09\/Vozol-Vista-20000-Disposable-Vape.png 788w\" sizes=\"auto, (max-width: 300px) 100vw, 300px\" \/><figcaption id=\"caption-attachment-2148\" class=\"wp-caption-text\">Vozol Vista 20000 Vape Desechable<\/figcaption><\/figure>\n<h2><strong>El mejor sabor para VOZOL VISTA 20000 Vape<\/strong><\/h2>\n<p>El pod de vape VOZOL VISTA 20000 cuenta con 20 sabores, cada uno dise\u00f1ado para ofrecer una experiencia de vapeo distintiva y satisfactoria, \u00a1hay algo mejor para ti!<\/p>\n<p>&nbsp;<\/p>\n<p>1. Cherry Cola<br \/>\n2. Peach lce<br \/>\n3. Sour Apple lce<br \/>\n4. Menta de Miami<br \/>\n5. Hielo de uva<br \/>\n6. Hielo de sand\u00eda<br \/>\n7. Hielo de frambuesa azul<span style=\"color: #ff0000\"><strong>&gt;&gt;&gt;&gt;\u00a1El mejor!<\/strong><\/span><br \/>\n8. Melocot\u00f3n, mango y sand\u00eda<br \/>\n9. Mango y fresa<br \/>\n10. Frambuesa y sand\u00eda<br \/>\n11. VZBul<br \/>\n12. Chicle de sand\u00eda<br \/>\n13. Tabaco Vanicreme<br \/>\n14. Frutos rojos<span style=\"color: #ff0000\"><strong>&gt;&gt;&gt;&gt;\u00a1Caliente!<\/strong><\/span><br \/>\n15. Lim\u00f3n y lima<br \/>\n16. Fresa, frambuesa y cereza<span style=\"color: #ff0000\"><strong>&gt;&gt;&gt;&gt;\u00a1Caliente!<\/strong><\/span><br \/>\n17. Hielo de mango<br \/>\n18. Fruta del drag\u00f3n, pl\u00e1tano y cereza<br \/>\n19. Sa\u00faco y pomelo<br \/>\n20. LavaFire<\/p>\n<p>&nbsp;<\/p>\n<h2><strong>Preguntas que quiz\u00e1s quieras saber sobre VOZOL VISTA 20000 inhalaciones<\/strong><\/h2>\n<p>&nbsp;<\/p>\n<p><strong>1. \u00bfEl vape desechable VOZOL VISTA 20000 inhalaciones es recargable?<\/strong><br \/>\nS\u00ed, el VOZOL VISTA 20000 incluye una bater\u00eda recargable de 650 mAh, que proporciona un disfrute duradero.<\/p>\n<p><strong>2. \u00bfCu\u00e1ntas inhalaciones puedes obtener de un VOZOL VISTA 20000?<\/strong><br \/>\nEl VOZOL VISTA 20000 ofrece alrededor de 20000 inhalaciones, dependiendo del uso, y viene en 20 sabores.<\/p>\n<p><strong>3. \u00bfCu\u00e1nto tiempo se tarda en cargar un VOZOL VISTA 20000?<\/strong><br \/>\nLa caja de vape desechable VOZOL VISTA 20000 se puede cargar completamente en solo 30 a 35 minutos, lo que garantiza una r\u00e1pida disponibilidad para su uso.<\/p>\n<p>&nbsp;<\/p>\n<h3><b>PREGUNTAS FRECUENTES<\/b><\/h3>\n<p>&nbsp;<\/p>\n<div class=\"flex-shrink-0 flex flex-col relative items-end\">\n<div>\n<div class=\"pt-0\">\n<div class=\"gizmo-bot-avatar flex h-8 w-8 items-center justify-center overflow-hidden rounded-full\">\n<div class=\"relative p-1 rounded-sm flex items-center justify-center bg-token-main-surface-primary text-token-text-primary h-8 w-8\"><strong>\u00bfQu\u00e9 m\u00e9todos de env\u00edo se utilizan?<\/strong><\/div>\n<\/div>\n<\/div>\n<\/div>\n<\/div>\n<div class=\"group\/conversation-turn relative flex w-full min-w-0 flex-col agent-turn\">\n<div class=\"flex-col gap-1 md:gap-3\">\n<div class=\"flex max-w-full flex-col flex-grow\">\n<div class=\"min-h-[20px] text-message flex w-full flex-col items-end gap-2 whitespace-normal break-words [.text-message+&amp;]:mt-5 overflow-x-auto\" dir=\"auto\" data-message-author-role=\"assistant\" data-message-id=\"22f8283b-3233-46ff-89a5-c7a41b33abda\">\n<div class=\"flex w-full flex-col gap-1 empty:hidden first:pt-[3px]\">\n<div class=\"markdown prose w-full break-words dark:prose-invert light\">\n<p>Trabajamos con UPS, DHL, FedEx, DPD y otros transportistas l\u00edderes. Seleccionaremos el mejor m\u00e9todo de env\u00edo seg\u00fan su lugar de entrega para garantizar que reciba sus productos lo m\u00e1s r\u00e1pido posible.<\/p>\n<\/div>\n<p><strong>\u00bfCu\u00e1nto tiempo tarda en llegar?<\/strong><\/p>\n<p>Los paquetes enviados a Espa\u00f1a suelen llegar en 10 d\u00edas laborables. El env\u00edo a pa\u00edses europeos generalmente tarda entre 12 y 15 d\u00edas h\u00e1biles. Proporcionaremos actualizaciones en tiempo real sobre el estado de su env\u00edo.<\/p>\n<\/div>\n<p><strong>Garant\u00eda<\/strong><\/p>\n<p><span style=\"color: #ff0000\"><strong>Todos los productos en nuestra tienda tienen garant\u00eda de ser 100% originales y aut\u00e9nticos. \u00a1Ofrecemos 10 veces la compensaci\u00f3n por productos falsos!<\/strong><\/span><\/p>\n<div class=\"flex w-full flex-col gap-1 empty:hidden first:pt-[3px]\">\n<p>&nbsp;<\/p>\n<\/div>\n<\/div>\n<\/div>\n<\/div>\n<\/div>\n<p>&nbsp;<\/p>\n<p>Otros vapes de venta caliente que te pueden gustar:<\/p>\n<p><strong><a href=\"https:\/\/rmvapesale.com\/es\/product\/bang-pulse-18000-puffs-18k-disposable-vape-factory-price\/\">Bang Pulse 18000 Inhalaciones\u00a0<\/a><\/strong><\/p>\n<p><a href=\"https:\/\/rmvapesale.com\/es\/product\/bang-20000-puffs-disposable-vape-wholesale-supplier\/\"><strong>WGA Crystal Pro Max Extra 15000<\/strong><\/a><\/p>\n<p><a href=\"https:\/\/rmvapesale.com\/es\/product\/wga-crystal-pro-max-extra-15k-puffs-disposable-vape-wholesale\/\"><strong>Bang 25000 Inhalaciones<\/strong><\/a><\/p>\n<p><a href=\"https:\/\/rmvapesale.com\/es\/product\/wga-crystal-plus-smart-16000-disposable-vape\/\"><strong>WGA Crystal Plus Smart 16000 Inhalaciones\u00a0<\/strong><\/a><\/p>\n<p>&nbsp;<\/p>\n<p>&nbsp;<\/p>\n<p>Encuentra m\u00e1s productos de Vape que te puedan gustar:<strong><em><a href=\"https:\/\/rmvapesale.com\/es\/shop-2\/\">comprar ahora &gt;&gt;&gt;<\/a><\/em><\/strong><\/p>","protected":false},"excerpt":{"rendered":"<p>Vozol Vista 20000 inhalaciones 50mg Vape Desechable<br \/>\nVozol Vista 20000 Vape Desechable al por Mayor<br \/>\nVape Desechable Recargable Vozol Vista 20000<\/p>\n<p><strong>Contacta con Amy para M\u00e1s Descuentos y Venta al por Mayor de Vaper con MOQ m\u00e1s bajo<\/strong><\/p>\n<p><img loading=\"lazy\" decoding=\"async\" class=\"size-full wp-image-1978\" src=\"https:\/\/rmvapesale.com\/wp-content\/uploads\/2024\/09\/Disposable-Vape-Wholesale.jpg\" alt=\"Vape Desechable al por mayor\" width=\"229\" height=\"300\" \/><\/p>\n<h3><span style=\"color: #ff0000\"><strong>WhatsApp: +86 17776015835<\/strong><\/span><\/h3>","protected":false},"featured_media":2152,"comment_status":"open","ping_status":"closed","template":"","meta":{"_uag_custom_page_level_css":"","_lmt_disableupdate":"no","_lmt_disable":"","site-sidebar-layout":"default","site-content-layout":"content-boxed-container","ast-site-content-layout":"normal-width-container","site-content-style":"boxed","site-sidebar-style":"unboxed","ast-global-header-display":"","ast-banner-title-visibility":"","ast-main-header-display":"","ast-hfb-above-header-display":"","ast-hfb-below-header-display":"","ast-hfb-mobile-header-display":"","site-post-title":"","ast-breadcrumbs-content":"","ast-featured-img":"","footer-sml-layout":"","theme-transparent-header-meta":"default","adv-header-id-meta":"","stick-header-meta":"","header-above-stick-meta":"","header-main-stick-meta":"","header-below-stick-meta":"","astra-migrate-meta-layouts":"set","ast-page-background-enabled":"default","ast-page-background-meta":{"desktop":{"background-color":"var(--ast-global-color-4)","background-image":"","background-repeat":"repeat","background-position":"center center","background-size":"auto","background-attachment":"scroll","background-type":"","background-media":"","overlay-type":"","overlay-color":"","overlay-opacity":"","overlay-gradient":""},"tablet":{"background-color":"","background-image":"","background-repeat":"repeat","background-position":"center center","background-size":"auto","background-attachment":"scroll","background-type":"","background-media":"","overlay-type":"","overlay-color":"","overlay-opacity":"","overlay-gradient":""},"mobile":{"background-color":"","background-image":"","background-repeat":"repeat","background-position":"center center","background-size":"auto","background-attachment":"scroll","background-type":"","background-media":"","overlay-type":"","overlay-color":"","overlay-opacity":"","overlay-gradient":""}},"ast-content-background-meta":{"desktop":{"background-color":"var(--ast-global-color-5)","background-image":"","background-repeat":"repeat","background-position":"center center","background-size":"auto","background-attachment":"scroll","background-type":"","background-media":"","overlay-type":"","overlay-color":"","overlay-opacity":"","overlay-gradient":""},"tablet":{"background-color":"var(--ast-global-color-5)","background-image":"","background-repeat":"repeat","background-position":"center center","background-size":"auto","background-attachment":"scroll","background-type":"","background-media":"","overlay-type":"","overlay-color":"","overlay-opacity":"","overlay-gradient":""},"mobile":{"background-color":"var(--ast-global-color-5)","background-image":"","background-repeat":"repeat","background-position":"center center","background-size":"auto","background-attachment":"scroll","background-type":"","background-media":"","overlay-type":"","overlay-color":"","overlay-opacity":"","overlay-gradient":""}},"_joinchat":[]},"product_brand":[],"product_cat":[15,289,291,293,295,299,284,255,25,123,28,135,27,137,136,30],"product_tag":[94,63,54,93],"class_list":{"0":"post-2154","1":"product","2":"type-product","3":"status-publish","4":"has-post-thumbnail","6":"product_cat-new-vape-this-week","7":"product_cat-big-puffs-disposable-vapes","8":"product_cat-dual-mesh-disposable-vapes","9":"product_cat-low-nicotine-disposable-vapes","10":"product_cat-rechargeable-disposable-vapes","11":"product_cat-smart-screen-disposable-vapes","12":"product_cat-vozol-vape","13":"product_cat-20000-puff-disposable-vape","14":"product_cat-germany-best-selling-vape","15":"product_cat-italy-wholesale-vape","16":"product_cat-poland-hot-sale-vape","17":"product_cat-spain-best-hot-sale-vape","18":"product_cat-fance-hot-sale-vape","19":"product_cat-rechargeable-vapes","20":"product_cat-smart-screen-vapes","21":"product_cat-minimum-order-quantity-50pcs","22":"product_tag-20000-puffs-disposable-vape","23":"product_tag-bang-vapes","24":"product_tag-rechargeable-disposable-vape","25":"product_tag-vozol-vista-20000-vape","26":"desktop-align-left","27":"tablet-align-left","28":"mobile-align-left","30":"first","31":"instock","32":"sale","33":"shipping-taxable","34":"purchasable","35":"product-type-simple"},"uagb_featured_image_src":{"full":["https:\/\/rmvapesale.com\/wp-content\/uploads\/2024\/09\/Vozol-Vista-20000-Rechargeable-Disposable-Vape.png",788,788,false],"thumbnail":["https:\/\/rmvapesale.com\/wp-content\/uploads\/2024\/09\/Vozol-Vista-20000-Rechargeable-Disposable-Vape-150x150.png",150,150,true],"medium":["https:\/\/rmvapesale.com\/wp-content\/uploads\/2024\/09\/Vozol-Vista-20000-Rechargeable-Disposable-Vape-300x300.png",300,300,true],"medium_large":["https:\/\/rmvapesale.com\/wp-content\/uploads\/2024\/09\/Vozol-Vista-20000-Rechargeable-Disposable-Vape-768x768.png",768,768,true],"large":["https:\/\/rmvapesale.com\/wp-content\/uploads\/2024\/09\/Vozol-Vista-20000-Rechargeable-Disposable-Vape.png",788,788,false],"1536x1536":["https:\/\/rmvapesale.com\/wp-content\/uploads\/2024\/09\/Vozol-Vista-20000-Rechargeable-Disposable-Vape.png",788,788,false],"2048x2048":["https:\/\/rmvapesale.com\/wp-content\/uploads\/2024\/09\/Vozol-Vista-20000-Rechargeable-Disposable-Vape.png",788,788,false],"trp-custom-language-flag":["https:\/\/rmvapesale.com\/wp-content\/uploads\/2024\/09\/Vozol-Vista-20000-Rechargeable-Disposable-Vape.png",12,12,false],"woocommerce_thumbnail":["https:\/\/rmvapesale.com\/wp-content\/uploads\/2024\/09\/Vozol-Vista-20000-Rechargeable-Disposable-Vape-300x300.png",300,300,true],"woocommerce_single":["https:\/\/rmvapesale.com\/wp-content\/uploads\/2024\/09\/Vozol-Vista-20000-Rechargeable-Disposable-Vape-600x600.png",600,600,true],"woocommerce_gallery_thumbnail":["https:\/\/rmvapesale.com\/wp-content\/uploads\/2024\/09\/Vozol-Vista-20000-Rechargeable-Disposable-Vape-100x100.png",100,100,true],"wcpr-photo-reviews":["https:\/\/rmvapesale.com\/wp-content\/uploads\/2024\/09\/Vozol-Vista-20000-Rechargeable-Disposable-Vape.png",500,500,false]},"uagb_author_info":{"display_name":"AMY","author_link":"https:\/\/rmvapesale.com\/es\/author\/"},"uagb_comment_info":0,"uagb_excerpt":"Vozol Vista 20000 puffs 50mg Disposable vape Vozol Vista 20000 Disposable Vape Wholesale Vozol Vista 20000 Rechargeable Disposable Vape Contact Amy For More Discount And Lower MOQ Vape WhatsApp: +86 17776015835","_links":{"self":[{"href":"https:\/\/rmvapesale.com\/es\/wp-json\/wp\/v2\/product\/2154","targetHints":{"allow":["GET"]}}],"collection":[{"href":"https:\/\/rmvapesale.com\/es\/wp-json\/wp\/v2\/product"}],"about":[{"href":"https:\/\/rmvapesale.com\/es\/wp-json\/wp\/v2\/types\/product"}],"replies":[{"embeddable":true,"href":"https:\/\/rmvapesale.com\/es\/wp-json\/wp\/v2\/comments?post=2154"}],"wp:featuredmedia":[{"embeddable":true,"href":"https:\/\/rmvapesale.com\/es\/wp-json\/wp\/v2\/media\/2152"}],"wp:attachment":[{"href":"https:\/\/rmvapesale.com\/es\/wp-json\/wp\/v2\/media?parent=2154"}],"wp:term":[{"taxonomy":"product_brand","embeddable":true,"href":"https:\/\/rmvapesale.com\/es\/wp-json\/wp\/v2\/product_brand?post=2154"},{"taxonomy":"product_cat","embeddable":true,"href":"https:\/\/rmvapesale.com\/es\/wp-json\/wp\/v2\/product_cat?post=2154"},{"taxonomy":"product_tag","embeddable":true,"href":"https:\/\/rmvapesale.com\/es\/wp-json\/wp\/v2\/product_tag?post=2154"}],"curies":[{"name":"wp","href":"https:\/\/api.w.org\/{rel}","templated":true}]}}