{"id":2180,"date":"2024-09-26T05:57:54","date_gmt":"2024-09-26T05:57:54","guid":{"rendered":"https:\/\/rmvapesale.com\/?post_type=product&#038;p=2180"},"modified":"2025-01-21T09:37:06","modified_gmt":"2025-01-21T09:37:06","slug":"elf-box-ls15000-puffs-shisha-hookah-disposable-vape","status":"publish","type":"product","link":"https:\/\/rmvapesale.com\/es\/product\/elf-box-ls15000-puffs-shisha-hookah-disposable-vape\/","title":{"rendered":"Vapeador desechable ELf BOX LS15000 caladas de shisha"},"content":{"rendered":"<div class=\"B2VR9 CJHX3e\">\n<div class=\"wyccme\">\n<h3 class=\"LC20lb MBeuO DKV0Md\">Vapeador desechable ELf BOX LS15000 caladas de shisha<\/h3>\n<p>Presentamos el ELF BOX LS15000 Puffes Vape desechable de shisha y hookah, ahora disponible para compra al por mayor. Este dispositivo meticulosamente dise\u00f1ado presenta un impresionante dise\u00f1o de cristal que cautiva con su aspecto elegante y moderno. Equipado con una bobina de malla avanzada, el ELF BOX LS15000 ofrece vapor rico y sabroso en cada calada, garantizando una satisfacci\u00f3n inigualable para tus clientes. La funci\u00f3n de carga r\u00e1pida Type-C reduce el tiempo de inactividad, permitiendo sesiones de vapeo prolongadas y mayor disfrute. Con una capacidad impresionante de 15,000 caladas y 26 ml de e-l\u00edquido, este vape ofrece una longevidad y valor excepcionales. Disponible en niveles de nicotina 0%\/2%\/3%\/5%, se adapta a una amplia variedad de preferencias.<\/p>\n<p>Mejora tu experiencia de vapeo hoy con ELF BOX LS15000 Puffes de shisha y hookah!<\/p>\n<\/div>\n<\/div>\n<p><strong>\u00a1Contacta a Amy para obtener una respuesta correcta y m\u00e1s v\u00eddeos de productos!<\/strong><\/p>\n<p><img loading=\"lazy\" decoding=\"async\" class=\"size-full wp-image-1978\" src=\"https:\/\/rmvapesale.com\/wp-content\/uploads\/2024\/09\/Disposable-Vape-Wholesale.jpg\" alt=\"Vape Desechable al por mayor\" width=\"229\" height=\"300\" \/><\/p>\n<h3><span style=\"color: #ff0000\"><strong>WhatsApp: +86 17776015835<\/strong><\/span><\/h3>\n<p>&nbsp;<\/p>\n<h2><\/h2>\n<h2><strong>Caracter\u00edsticas principales del ELF BOX LS15000 Puffes de shisha y hookah<\/strong><\/h2>\n<p>Caladas:15000<br \/>\nN\u00facleo: Bobina de malla 0.6ohm<br \/>\nE-l\u00edquido: 26ml<br \/>\nNicotina: 0%\/2%\/3%\/5%<br \/>\nBater\u00eda: 18250-600mAh<br \/>\nRecargable: Tipo-C<\/p>\n<h2><\/h2>\n<h2><strong>Sabor principal para ELF BOX LS15000 de shisha y hookah<\/strong><\/h2>\n<p>Elige entre una variedad de sabores tentadores, desde refrescante Sand\u00eda con hielo hasta ex\u00f3tico Kiwi con fruta de la pasi\u00f3n, asegurando que haya un sabor para todos. Cada paquete contiene un ELF BOX LS15000 de shisha y hookah desechable, con 10 cajas por caja.<\/p>\n<p>&nbsp;<\/p>\n<p>1. Frambuesa con hielo<span style=\"color: #ff0000\"><strong>&gt;&gt;&gt;&gt;\u00a1Caliente!<\/strong><\/span><br \/>\n2. Ar\u00e1ndano con hielo<br \/>\n3. Kiwi con fruta de la pasi\u00f3n<br \/>\n4. Fresa con kiwi<span style=\"color: #ff0000\"><strong>&gt;&gt;&gt;&gt;\u00a1Caliente!<\/strong><\/span><br \/>\n5. Lim\u00f3n Blue Razz<br \/>\n6. Hielo de sand\u00eda<br \/>\n7.Fresa Sand\u00eda<br \/>\n8. Fresa con hielo<br \/>\n9. Durazno, mango y pi\u00f1a<br \/>\n10. Uva con hielo<br \/>\n11. Mango y pl\u00e1tano<br \/>\n12. Frutas del bosque mixtas<span style=\"color: #ff0000\"><strong>&gt;&gt;&gt;&gt;\u00a1El mejor!<\/strong><\/span><\/p>\n<figure id=\"attachment_2179\" aria-describedby=\"caption-attachment-2179\" style=\"width: 788px\" class=\"wp-caption alignnone\"><img loading=\"lazy\" decoding=\"async\" class=\"wp-image-2179 size-full\" src=\"https:\/\/rmvapesale.com\/wp-content\/uploads\/2024\/09\/ELF-BOX-LS15000-Shisha-Wholesale.png\" alt=\"ELF BOX LS15000 de shisha y hookah al por mayor\" width=\"788\" height=\"550\" srcset=\"https:\/\/rmvapesale.com\/wp-content\/uploads\/2024\/09\/ELF-BOX-LS15000-Shisha-Wholesale.png 788w, https:\/\/rmvapesale.com\/wp-content\/uploads\/2024\/09\/ELF-BOX-LS15000-Shisha-Wholesale-300x209.png 300w, https:\/\/rmvapesale.com\/wp-content\/uploads\/2024\/09\/ELF-BOX-LS15000-Shisha-Wholesale-768x536.png 768w, https:\/\/rmvapesale.com\/wp-content\/uploads\/2024\/09\/ELF-BOX-LS15000-Shisha-Wholesale-600x419.png 600w\" sizes=\"auto, (max-width: 788px) 100vw, 788px\" \/><figcaption id=\"caption-attachment-2179\" class=\"wp-caption-text\">ELF BOX LS15000 de shisha y hookah al por mayor<\/figcaption><\/figure>\n<h2><strong>Preguntas que podr\u00edas tener sobre ELF BOX LS15000 de shisha y hookah<\/strong><\/h2>\n<p>&nbsp;<\/p>\n<p><strong>1. \u00bfQu\u00e9 cargador utiliza un vaporizador ELf BOX LS15000 Shisha Hookah?<\/strong><br \/>\nPuedes recargar el vape desechable ELF BOX Shisha 16000 Puffs con un cable de carga USB-C est\u00e1ndar y un cargador o puerto de 1A.<\/p>\n<p><strong>2. \u00bfCu\u00e1nta nicotina tiene el ELf BOX LS15000 Shisha Hookah?<\/strong><br \/>\nEl ELf BOX LS15000 Shisha Hookah ofrece 0%\/2%\/3%\/5% de nicotina para elegir.<\/p>\n<p><strong>3. \u00bfEs bueno el ELf BOX LS15000 Shisha HookahVape?<\/strong><br \/>\nUn vaporizador desechable ELf BOX LS15000 Shisha Hookah es perfecto para principiantes y una opci\u00f3n confiable para usuarios experimentados, ofreciendo un aspecto impresionante y un gran sabor.<\/p>\n<p><strong>4. \u00bfSe puede rellenar el ELf BOX LS15000 Shisha Hookah?<\/strong><br \/>\nEl vaporizador ELf BOX LS15000 Shisha Hookah es recargable, pero una vez que se agota el e-l\u00edquido, debe desecharse correctamente, ya que los vaporizadores desechables contienen bater\u00edas que no deben ir a la basura normal.<\/p>\n<p>&nbsp;<\/p>\n<h3><b>PREGUNTAS FRECUENTES<\/b><\/h3>\n<p>&nbsp;<\/p>\n<div class=\"flex-shrink-0 flex flex-col relative items-end\">\n<div>\n<div class=\"pt-0\">\n<div class=\"gizmo-bot-avatar flex h-8 w-8 items-center justify-center overflow-hidden rounded-full\">\n<div class=\"relative p-1 rounded-sm flex items-center justify-center bg-token-main-surface-primary text-token-text-primary h-8 w-8\"><strong>\u00bfQu\u00e9 m\u00e9todos de env\u00edo se utilizan?<\/strong><\/div>\n<\/div>\n<\/div>\n<\/div>\n<\/div>\n<div class=\"group\/conversation-turn relative flex w-full min-w-0 flex-col agent-turn\">\n<div class=\"flex-col gap-1 md:gap-3\">\n<div class=\"flex max-w-full flex-col flex-grow\">\n<div class=\"min-h-[20px] text-message flex w-full flex-col items-end gap-2 whitespace-normal break-words [.text-message+&amp;]:mt-5 overflow-x-auto\" dir=\"auto\" data-message-author-role=\"assistant\" data-message-id=\"22f8283b-3233-46ff-89a5-c7a41b33abda\">\n<div class=\"flex w-full flex-col gap-1 empty:hidden first:pt-[3px]\">\n<div class=\"markdown prose w-full break-words dark:prose-invert light\">\n<p>Trabajamos con UPS, DHL, FedEx, DPD y otros transportistas l\u00edderes. Seleccionaremos el mejor m\u00e9todo de env\u00edo seg\u00fan su lugar de entrega para garantizar que reciba sus productos lo m\u00e1s r\u00e1pido posible.<\/p>\n<\/div>\n<p><strong>\u00bfCu\u00e1nto tiempo tarda en llegar?<\/strong><\/p>\n<p>Los paquetes enviados a Espa\u00f1a suelen llegar en 10 d\u00edas laborables. El env\u00edo a pa\u00edses europeos generalmente tarda entre 12 y 15 d\u00edas h\u00e1biles. Proporcionaremos actualizaciones en tiempo real sobre el estado de su env\u00edo.<\/p>\n<\/div>\n<p><strong>Garant\u00eda<\/strong><\/p>\n<p><span style=\"color: #ff0000\"><strong>Todos los productos en nuestra tienda tienen garant\u00eda de ser 100% originales y aut\u00e9nticos. \u00a1Ofrecemos 10 veces la compensaci\u00f3n por productos falsos!<\/strong><\/span><\/p>\n<div class=\"flex w-full flex-col gap-1 empty:hidden first:pt-[3px]\">\n<p>&nbsp;<\/p>\n<\/div>\n<\/div>\n<\/div>\n<\/div>\n<\/div>\n<p>&nbsp;<\/p>\n<p>Otros vapes de venta caliente que te pueden gustar:<\/p>\n<p>&nbsp;<\/p>\n<p><a href=\"https:\/\/rmvapesale.com\/es\/product\/original-randm-vape-digital-puff-12000-fumot-factory-price\/\"><strong>Randm Digital 12000 Inhalaciones<\/strong><\/a><\/p>\n<p><strong><a href=\"https:\/\/rmvapesale.com\/es\/product\/vozol-vista-20000-puffs-smart-disposable-vape\/\">Vozol Vista 20000 Inhalaciones\u00a0<\/a><\/strong><\/p>\n<p><a href=\"https:\/\/rmvapesale.com\/es\/product\/bang-shisha-15000-puffs-disposable-vape-puff-15k-wholesale\/\"><strong>Bang Shisha 15000 Caladas<\/strong><\/a><\/p>\n<p><a href=\"https:\/\/rmvapesale.com\/es\/product\/randm-tornado-20000-puffs-original-fumot-vape-wholesale\/\"><strong>RandM Tornado 20000 Inhalaciones<\/strong><\/a><\/p>\n<p>&nbsp;<\/p>\n<p>&nbsp;<\/p>\n<p>Encuentra m\u00e1s productos de Vape que te puedan gustar:<strong><em><a href=\"https:\/\/rmvapesale.com\/es\/shop-2\/\">comprar ahora &gt;&gt;&gt;<\/a><\/em><\/strong><\/p>","protected":false},"excerpt":{"rendered":"<p>ELF BOX LS15000Puffs Vape desechable de shisha y hookah con nicotina 0% 2% 3% 5%<br \/>\nCompra al por mayor ELF BOX LS15000 Puffes Vape desechable<br \/>\nVapeador desechable ELf BOX LS15000 caladas de shisha<\/p>\n<p><strong>Contacta a Amy para obtener m\u00e1s descuentos y una respuesta correcta<\/strong><\/p>\n<p><img loading=\"lazy\" decoding=\"async\" class=\"size-full wp-image-1978\" src=\"https:\/\/rmvapesale.com\/wp-content\/uploads\/2024\/09\/Disposable-Vape-Wholesale.jpg\" alt=\"Vape Desechable al por mayor\" width=\"229\" height=\"300\" \/><\/p>\n<h3><span style=\"color: #ff0000\"><strong>WhatsApp: +86 17776015835<\/strong><\/span><\/h3>","protected":false},"featured_media":2175,"comment_status":"open","ping_status":"closed","template":"","meta":{"_uag_custom_page_level_css":"","_lmt_disableupdate":"no","_lmt_disable":"","site-sidebar-layout":"default","site-content-layout":"content-boxed-container","ast-site-content-layout":"normal-width-container","site-content-style":"boxed","site-sidebar-style":"unboxed","ast-global-header-display":"","ast-banner-title-visibility":"","ast-main-header-display":"","ast-hfb-above-header-display":"","ast-hfb-below-header-display":"","ast-hfb-mobile-header-display":"","site-post-title":"","ast-breadcrumbs-content":"","ast-featured-img":"","footer-sml-layout":"","theme-transparent-header-meta":"default","adv-header-id-meta":"","stick-header-meta":"","header-above-stick-meta":"","header-main-stick-meta":"","header-below-stick-meta":"","astra-migrate-meta-layouts":"set","ast-page-background-enabled":"default","ast-page-background-meta":{"desktop":{"background-color":"var(--ast-global-color-4)","background-image":"","background-repeat":"repeat","background-position":"center center","background-size":"auto","background-attachment":"scroll","background-type":"","background-media":"","overlay-type":"","overlay-color":"","overlay-opacity":"","overlay-gradient":""},"tablet":{"background-color":"","background-image":"","background-repeat":"repeat","background-position":"center center","background-size":"auto","background-attachment":"scroll","background-type":"","background-media":"","overlay-type":"","overlay-color":"","overlay-opacity":"","overlay-gradient":""},"mobile":{"background-color":"","background-image":"","background-repeat":"repeat","background-position":"center center","background-size":"auto","background-attachment":"scroll","background-type":"","background-media":"","overlay-type":"","overlay-color":"","overlay-opacity":"","overlay-gradient":""}},"ast-content-background-meta":{"desktop":{"background-color":"var(--ast-global-color-5)","background-image":"","background-repeat":"repeat","background-position":"center center","background-size":"auto","background-attachment":"scroll","background-type":"","background-media":"","overlay-type":"","overlay-color":"","overlay-opacity":"","overlay-gradient":""},"tablet":{"background-color":"var(--ast-global-color-5)","background-image":"","background-repeat":"repeat","background-position":"center center","background-size":"auto","background-attachment":"scroll","background-type":"","background-media":"","overlay-type":"","overlay-color":"","overlay-opacity":"","overlay-gradient":""},"mobile":{"background-color":"var(--ast-global-color-5)","background-image":"","background-repeat":"repeat","background-position":"center center","background-size":"auto","background-attachment":"scroll","background-type":"","background-media":"","overlay-type":"","overlay-color":"","overlay-opacity":"","overlay-gradient":""}},"_joinchat":[]},"product_brand":[],"product_cat":[15,289,292,293,295,296,299,25,123,26,28,135,27,61,137,136,30],"product_tag":[99,102,101,54,103,43],"class_list":{"0":"post-2180","1":"product","2":"type-product","3":"status-publish","4":"has-post-thumbnail","6":"product_cat-new-vape-this-week","7":"product_cat-big-puffs-disposable-vapes","8":"product_cat-digital-disposable-vapes","9":"product_cat-low-nicotine-disposable-vapes","10":"product_cat-rechargeable-disposable-vapes","11":"product_cat-shisha-hookah-disposable-vapes","12":"product_cat-smart-screen-disposable-vapes","13":"product_cat-germany-best-selling-vape","14":"product_cat-italy-wholesale-vape","15":"product_cat-netherlands-hot-sale-vape","16":"product_cat-poland-hot-sale-vape","17":"product_cat-spain-best-hot-sale-vape","18":"product_cat-fance-hot-sale-vape","19":"product_cat-15000-puffs-disposable-vapes","20":"product_cat-rechargeable-vapes","21":"product_cat-smart-screen-vapes","22":"product_cat-minimum-order-quantity-50pcs","23":"product_tag-disposable-vape-wholesale","24":"product_tag-elf-box-ls15000-shisha-hookah","25":"product_tag-led-display-vape","26":"product_tag-rechargeable-disposable-vape","27":"product_tag-shisha-hookah","28":"product_tag-shisha-vape","29":"desktop-align-left","30":"tablet-align-left","31":"mobile-align-left","33":"first","34":"instock","35":"sale","36":"shipping-taxable","37":"purchasable","38":"product-type-simple"},"uagb_featured_image_src":{"full":["https:\/\/rmvapesale.com\/wp-content\/uploads\/2024\/09\/ELF-BOX-LS15000-Puff-Shisha-Hookah-Vape-Wholesale.png",800,800,false],"thumbnail":["https:\/\/rmvapesale.com\/wp-content\/uploads\/2024\/09\/ELF-BOX-LS15000-Puff-Shisha-Hookah-Vape-Wholesale-150x150.png",150,150,true],"medium":["https:\/\/rmvapesale.com\/wp-content\/uploads\/2024\/09\/ELF-BOX-LS15000-Puff-Shisha-Hookah-Vape-Wholesale-300x300.png",300,300,true],"medium_large":["https:\/\/rmvapesale.com\/wp-content\/uploads\/2024\/09\/ELF-BOX-LS15000-Puff-Shisha-Hookah-Vape-Wholesale-768x768.png",768,768,true],"large":["https:\/\/rmvapesale.com\/wp-content\/uploads\/2024\/09\/ELF-BOX-LS15000-Puff-Shisha-Hookah-Vape-Wholesale.png",800,800,false],"1536x1536":["https:\/\/rmvapesale.com\/wp-content\/uploads\/2024\/09\/ELF-BOX-LS15000-Puff-Shisha-Hookah-Vape-Wholesale.png",800,800,false],"2048x2048":["https:\/\/rmvapesale.com\/wp-content\/uploads\/2024\/09\/ELF-BOX-LS15000-Puff-Shisha-Hookah-Vape-Wholesale.png",800,800,false],"trp-custom-language-flag":["https:\/\/rmvapesale.com\/wp-content\/uploads\/2024\/09\/ELF-BOX-LS15000-Puff-Shisha-Hookah-Vape-Wholesale.png",12,12,false],"woocommerce_thumbnail":["https:\/\/rmvapesale.com\/wp-content\/uploads\/2024\/09\/ELF-BOX-LS15000-Puff-Shisha-Hookah-Vape-Wholesale-300x300.png",300,300,true],"woocommerce_single":["https:\/\/rmvapesale.com\/wp-content\/uploads\/2024\/09\/ELF-BOX-LS15000-Puff-Shisha-Hookah-Vape-Wholesale-600x600.png",600,600,true],"woocommerce_gallery_thumbnail":["https:\/\/rmvapesale.com\/wp-content\/uploads\/2024\/09\/ELF-BOX-LS15000-Puff-Shisha-Hookah-Vape-Wholesale-100x100.png",100,100,true],"wcpr-photo-reviews":["https:\/\/rmvapesale.com\/wp-content\/uploads\/2024\/09\/ELF-BOX-LS15000-Puff-Shisha-Hookah-Vape-Wholesale.png",500,500,false]},"uagb_author_info":{"display_name":"AMY","author_link":"https:\/\/rmvapesale.com\/es\/author\/"},"uagb_comment_info":0,"uagb_excerpt":"ELF BOX LS15000Puffs Shisha Hookah Nicotine 0% 2% 3% 5% Wholesale ELF BOX LS15000 Puffs Disposable Vape ELf BOX LS15000 Puffs Shisha Hookah Disposable Vape Contact Amy For More Discount And Right Reply WhatsApp: +86 17776015835","_links":{"self":[{"href":"https:\/\/rmvapesale.com\/es\/wp-json\/wp\/v2\/product\/2180","targetHints":{"allow":["GET"]}}],"collection":[{"href":"https:\/\/rmvapesale.com\/es\/wp-json\/wp\/v2\/product"}],"about":[{"href":"https:\/\/rmvapesale.com\/es\/wp-json\/wp\/v2\/types\/product"}],"replies":[{"embeddable":true,"href":"https:\/\/rmvapesale.com\/es\/wp-json\/wp\/v2\/comments?post=2180"}],"wp:featuredmedia":[{"embeddable":true,"href":"https:\/\/rmvapesale.com\/es\/wp-json\/wp\/v2\/media\/2175"}],"wp:attachment":[{"href":"https:\/\/rmvapesale.com\/es\/wp-json\/wp\/v2\/media?parent=2180"}],"wp:term":[{"taxonomy":"product_brand","embeddable":true,"href":"https:\/\/rmvapesale.com\/es\/wp-json\/wp\/v2\/product_brand?post=2180"},{"taxonomy":"product_cat","embeddable":true,"href":"https:\/\/rmvapesale.com\/es\/wp-json\/wp\/v2\/product_cat?post=2180"},{"taxonomy":"product_tag","embeddable":true,"href":"https:\/\/rmvapesale.com\/es\/wp-json\/wp\/v2\/product_tag?post=2180"}],"curies":[{"name":"wp","href":"https:\/\/api.w.org\/{rel}","templated":true}]}}