{"id":2211,"date":"2024-09-29T02:51:53","date_gmt":"2024-09-29T02:51:53","guid":{"rendered":"https:\/\/rmvapesale.com\/?post_type=product&#038;p=2211"},"modified":"2025-01-21T09:43:04","modified_gmt":"2025-01-21T09:43:04","slug":"waspe-15000-puffs-digital-box-original-wholesale","status":"publish","type":"product","link":"https:\/\/rmvapesale.com\/es\/product\/waspe-15000-puffs-digital-box-original-wholesale\/","title":{"rendered":"WASPE 15000 CALADAS Digital Box Original Venta al por mayor"},"content":{"rendered":"<div class=\"B2VR9 CJHX3e\">\n<div class=\"wyccme\">\n<h1 class=\"LC20lb MBeuO DKV0Md\"><strong>WASPE 15000 CALADAS Digital Box Original Venta al por mayor<\/strong><\/h1>\n<p>Disfruta de la experiencia definitiva de vapeo con el vaporizador desechable digital WASPE 15000 PUFFS, disponible al por mayor en rmvapesale. Este dispositivo premium ofrece impresionantes 15,000 caladas, brindando satisfacci\u00f3n y rendimiento prolongados para los entusiastas del vapeo exigentes.<\/p>\n<p>Dise\u00f1ado con precisi\u00f3n, el WASPE Digital Box viene en varios niveles de nicotina, incluyendo 0%, 2%, 3%, 5%, asegurando una inhalaci\u00f3n suave y llena de sabor que equilibra el gusto y el golpe de garganta. Su calidad directa de f\u00e1brica y dise\u00f1o f\u00e1cil de usar lo convierten en la combinaci\u00f3n perfecta de conveniencia y tecnolog\u00eda de vanguardia.<\/p>\n<\/div>\n<\/div>\n<p><strong>\u00a1Contacta a Amy para obtener una respuesta correcta y m\u00e1s v\u00eddeos de productos!<\/strong><\/p>\n<p><img loading=\"lazy\" decoding=\"async\" class=\"size-full wp-image-1978\" src=\"https:\/\/rmvapesale.com\/wp-content\/uploads\/2024\/09\/Disposable-Vape-Wholesale.jpg\" alt=\"Vape Desechable al por mayor\" width=\"229\" height=\"300\" \/><\/p>\n<h3><span style=\"color: #ff0000\"><strong>WhatsApp: +86 17776015835<\/strong><\/span><\/h3>\n<p>&nbsp;<\/p>\n<h2><\/h2>\n<h2><strong>\u00a0Caracter\u00edsticas principales del vaporizador desechable WASPE 15000 PUFFS<\/strong><\/h2>\n<p>Nivel de Nicotina: 0%, 2%, 3%, 5%<br \/>\nCaladas:15000<br \/>\nCapacidad:22ml<br \/>\nSabores: 10 sabores disponibles<br \/>\nTipo de carga: Tipo-C<br \/>\nCapacidad de la bater\u00eda: 650mAh, recargable<br \/>\nResistencia: Bobina de malla 0.8\u03a9<\/p>\n<h2><\/h2>\n<h2><strong>Sabor principal del vaporizador desechable WASPE 15000 PUFFS<\/strong><\/h2>\n<p>El vaporizador desechable WASPE 15000 PUFFS ofrece 10 sabores deliciosos, elige entre una variedad de sabores, incluyendo tabaco cl\u00e1sico, menta fresca y refrescante, y la dulzura ex\u00f3tica del mango, cada uno prometiendo un viaje rico y satisfactorio con cada calada.<\/p>\n<p>&nbsp;<\/p>\n<p>01. Sand\u00eda con hielo<span style=\"color: #ff0000\"><strong>&gt;&gt;&gt;&gt;\u00a1Caliente!<\/strong><\/span><br \/>\n02. Ar\u00e1ndano con hielo<br \/>\n03. Uva con malvavisco<br \/>\n04. Fresa, frambuesa y cereza<span style=\"color: #ff0000\"><strong>&gt;&gt;&gt;&gt;\u00a1El mejor!<\/strong><\/span><br \/>\n05. Frutas del bosque mezcladas<br \/>\n06. Fresa y sand\u00eda<br \/>\n07. Fresa y kiwi<br \/>\n08. Mango, durazno y pi\u00f1a<br \/>\n09. Jugo de frambuesa y granada<span style=\"color: #ff0000\"><strong>&gt;&gt;&gt;&gt;\u00a1Caliente!<\/strong><\/span><br \/>\n10. Manzana verde con sand\u00eda y hielo<\/p>\n<figure id=\"attachment_2210\" aria-describedby=\"caption-attachment-2210\" style=\"width: 808px\" class=\"wp-caption alignnone\"><img loading=\"lazy\" decoding=\"async\" class=\"wp-image-2210 size-full\" src=\"https:\/\/rmvapesale.com\/wp-content\/uploads\/2024\/09\/Waspe-Digital-Box-15000.jpg\" alt=\"Caja Digital Waspe 15000\" width=\"808\" height=\"808\" srcset=\"https:\/\/rmvapesale.com\/wp-content\/uploads\/2024\/09\/Waspe-Digital-Box-15000.jpg 808w, https:\/\/rmvapesale.com\/wp-content\/uploads\/2024\/09\/Waspe-Digital-Box-15000-300x300.jpg 300w, https:\/\/rmvapesale.com\/wp-content\/uploads\/2024\/09\/Waspe-Digital-Box-15000-150x150.jpg 150w, https:\/\/rmvapesale.com\/wp-content\/uploads\/2024\/09\/Waspe-Digital-Box-15000-768x768.jpg 768w, https:\/\/rmvapesale.com\/wp-content\/uploads\/2024\/09\/Waspe-Digital-Box-15000-600x600.jpg 600w, https:\/\/rmvapesale.com\/wp-content\/uploads\/2024\/09\/Waspe-Digital-Box-15000-100x100.jpg 100w\" sizes=\"auto, (max-width: 808px) 100vw, 808px\" \/><figcaption id=\"caption-attachment-2210\" class=\"wp-caption-text\">Caja Digital Waspe 15000<\/figcaption><\/figure>\n<h2><strong>Preguntas que quiz\u00e1s quieras saber sobre la Caja Digital WASPE 15000<\/strong><\/h2>\n<p>&nbsp;<\/p>\n<div class=\"flex-shrink-0 flex flex-col relative items-end\">\n<div>\n<div class=\"pt-0\">\n<div class=\"gizmo-bot-avatar flex h-8 w-8 items-center justify-center overflow-hidden rounded-full\">\n<div class=\"relative p-1 rounded-sm flex items-center justify-center bg-token-main-surface-primary text-token-text-primary h-8 w-8\"><\/div>\n<\/div>\n<\/div>\n<\/div>\n<\/div>\n<div class=\"group\/conversation-turn relative flex w-full min-w-0 flex-col agent-turn\">\n<div class=\"flex-col gap-1 md:gap-3\">\n<div class=\"flex max-w-full flex-col flex-grow\">\n<div class=\"min-h-8 text-message flex w-full flex-col items-end gap-2 whitespace-normal break-words [.text-message+&amp;]:mt-5\" dir=\"auto\" data-message-author-role=\"assistant\" data-message-id=\"f226d3fc-81f3-46d5-8c46-31787fff0357\">\n<div class=\"flex w-full flex-col gap-1 empty:hidden first:pt-[3px]\">\n<div class=\"markdown prose w-full break-words dark:prose-invert light\">\n<p><strong>1. \u00bfCu\u00e1ntas caladas proporciona el vape desechable Caja Digital WASPE 15000 PUFFS?<\/strong><br \/>\nLa Caja Digital WASPE 15000 ofrece hasta 15000 caladas, superando con creces la capacidad de los vapes desechables t\u00edpicos.<\/p>\n<p><strong>2. \u00bfQu\u00e9 sabores est\u00e1n disponibles en el vape desechable Caja Digital WASPE 15000?<\/strong><br \/>\nLos sabores populares incluyen Hielo de sand\u00eda, Hielo de ar\u00e1ndano, Fresa Frambuesa Cereza, Bayas mixtas, etc.<\/p>\n<p><strong>3. \u00bfEs la Caja Digital WASPE 15000 adecuada para principiantes?<\/strong><br \/>\nS\u00ed, la Caja Digital WASPE 15000 es perfecta para principiantes por su dise\u00f1o sencillo y sin botones\u2014solo inhala para comenzar a vapear.<\/p>\n<p><strong>4. \u00bfC\u00f3mo debo almacenar mi vape desechable Caja Digital WASPE 15000?<\/strong><br \/>\nGuarda tu dispositivo en un lugar fresco y seco, lejos de la luz solar directa y fuera del alcance de ni\u00f1os y mascotas.<\/p>\n<p><strong>5. \u00bfCu\u00e1nto dura la Caja Digital WASPE 15000?<\/strong><br \/>\nCon una capacidad de 15,000 caladas, la Caja Digital WASPE 15000 puede durar varias semanas, dependiendo del uso.<\/p>\n<\/div>\n<\/div>\n<\/div>\n<\/div>\n<\/div>\n<\/div>\n<p>&nbsp;<\/p>\n<h3><b>PREGUNTAS FRECUENTES<\/b><\/h3>\n<p>&nbsp;<\/p>\n<div class=\"flex-shrink-0 flex flex-col relative items-end\">\n<div>\n<div class=\"pt-0\">\n<div class=\"gizmo-bot-avatar flex h-8 w-8 items-center justify-center overflow-hidden rounded-full\">\n<div class=\"relative p-1 rounded-sm flex items-center justify-center bg-token-main-surface-primary text-token-text-primary h-8 w-8\"><strong>\u00bfQu\u00e9 m\u00e9todos de env\u00edo se utilizan?<\/strong><\/div>\n<\/div>\n<\/div>\n<\/div>\n<\/div>\n<div class=\"group\/conversation-turn relative flex w-full min-w-0 flex-col agent-turn\">\n<div class=\"flex-col gap-1 md:gap-3\">\n<div class=\"flex max-w-full flex-col flex-grow\">\n<div class=\"min-h-[20px] text-message flex w-full flex-col items-end gap-2 whitespace-normal break-words [.text-message+&amp;]:mt-5 overflow-x-auto\" dir=\"auto\" data-message-author-role=\"assistant\" data-message-id=\"22f8283b-3233-46ff-89a5-c7a41b33abda\">\n<div class=\"flex w-full flex-col gap-1 empty:hidden first:pt-[3px]\">\n<div class=\"markdown prose w-full break-words dark:prose-invert light\">\n<p>Trabajamos con UPS, DHL, FedEx, DPD y otros transportistas l\u00edderes. Seleccionaremos el mejor m\u00e9todo de env\u00edo seg\u00fan su lugar de entrega para garantizar que reciba sus productos lo m\u00e1s r\u00e1pido posible.<\/p>\n<\/div>\n<p><strong>\u00bfCu\u00e1nto tiempo tarda en llegar?<\/strong><\/p>\n<p>Los paquetes enviados a Espa\u00f1a suelen llegar en 10 d\u00edas laborables. El env\u00edo a pa\u00edses europeos generalmente tarda entre 12 y 15 d\u00edas h\u00e1biles. Proporcionaremos actualizaciones en tiempo real sobre el estado de su env\u00edo.<\/p>\n<\/div>\n<p><strong>Garant\u00eda<\/strong><\/p>\n<p><span style=\"color: #ff0000\"><strong>Todos los productos en nuestra tienda tienen garant\u00eda de ser 100% originales y aut\u00e9nticos. \u00a1Ofrecemos 10 veces la compensaci\u00f3n por productos falsos!<\/strong><\/span><\/p>\n<div class=\"flex w-full flex-col gap-1 empty:hidden first:pt-[3px]\">\n<p>&nbsp;<\/p>\n<\/div>\n<\/div>\n<\/div>\n<\/div>\n<\/div>\n<p>&nbsp;<\/p>\n<p>Otros vapes de venta caliente que te pueden gustar:<\/p>\n<p>&nbsp;<\/p>\n<p><a href=\"https:\/\/rmvapesale.com\/es\/product\/original-randm-vape-digital-puff-12000-fumot-factory-price\/\"><strong>Randm Digital 12000 Inhalaciones<\/strong><\/a><\/p>\n<p><strong><a href=\"https:\/\/rmvapesale.com\/es\/product\/waspe-25000-puffs-disposable-vape-rechargeable-hot-sale\/\">Waspe 25000 Puffs <\/a><\/strong><\/p>\n<p><a href=\"https:\/\/rmvapesale.com\/es\/product\/waspe-12000-puffs-disposable-vape-pen\/\"><strong>WASPE 12000 Inhalaciones\u00a0<\/strong><\/a><\/p>\n<p><a href=\"https:\/\/rmvapesale.com\/es\/product\/vapme-crystal-7000-puffs-rechargeable-disposable-vape-price\/\"><strong>Vapme Crystal 7000 Inhalaciones<\/strong><\/a><\/p>\n<p>&nbsp;<\/p>\n<p>&nbsp;<\/p>\n<p>Encuentra m\u00e1s productos de Vape que te puedan gustar:<strong><em><a href=\"https:\/\/rmvapesale.com\/es\/shop-2\/\">comprar ahora &gt;&gt;&gt;<\/a><\/em><\/strong><\/p>","protected":false},"excerpt":{"rendered":"<p>La caja WASPE Digital 15000 ofrece hasta 15000 caladas de vapeo, mientras que la pantalla inteligente permite un seguimiento f\u00e1cil de la informaci\u00f3n de la bater\u00eda. Alimentado por una bater\u00eda recargable y de larga duraci\u00f3n, este dispositivo de vapeo desechable proporciona sabores ricos y vibrantes, y una producci\u00f3n de vapor suave en cada calada.<\/p>\n<p><strong>Contacta a Amy para obtener m\u00e1s descuentos y una respuesta correcta<\/strong><\/p>\n<p><img loading=\"lazy\" decoding=\"async\" class=\"size-full wp-image-1978\" src=\"https:\/\/rmvapesale.com\/wp-content\/uploads\/2024\/09\/Disposable-Vape-Wholesale.jpg\" alt=\"Vape Desechable al por mayor\" width=\"229\" height=\"300\" \/><\/p>\n<h3><span style=\"color: #ff0000\"><strong>WhatsApp: +86 17776015835<\/strong><\/span><\/h3>","protected":false},"featured_media":2209,"comment_status":"open","ping_status":"closed","template":"","meta":{"_uag_custom_page_level_css":"","_lmt_disableupdate":"no","_lmt_disable":"","site-sidebar-layout":"default","site-content-layout":"content-boxed-container","ast-site-content-layout":"normal-width-container","site-content-style":"boxed","site-sidebar-style":"unboxed","ast-global-header-display":"","ast-banner-title-visibility":"","ast-main-header-display":"","ast-hfb-above-header-display":"","ast-hfb-below-header-display":"","ast-hfb-mobile-header-display":"","site-post-title":"","ast-breadcrumbs-content":"","ast-featured-img":"","footer-sml-layout":"","ast-disable-related-posts":"","theme-transparent-header-meta":"default","adv-header-id-meta":"","stick-header-meta":"","header-above-stick-meta":"","header-main-stick-meta":"","header-below-stick-meta":"","astra-migrate-meta-layouts":"set","ast-page-background-enabled":"default","ast-page-background-meta":{"desktop":{"background-color":"var(--ast-global-color-4)","background-image":"","background-repeat":"repeat","background-position":"center center","background-size":"auto","background-attachment":"scroll","background-type":"","background-media":"","overlay-type":"","overlay-color":"","overlay-opacity":"","overlay-gradient":""},"tablet":{"background-color":"","background-image":"","background-repeat":"repeat","background-position":"center center","background-size":"auto","background-attachment":"scroll","background-type":"","background-media":"","overlay-type":"","overlay-color":"","overlay-opacity":"","overlay-gradient":""},"mobile":{"background-color":"","background-image":"","background-repeat":"repeat","background-position":"center center","background-size":"auto","background-attachment":"scroll","background-type":"","background-media":"","overlay-type":"","overlay-color":"","overlay-opacity":"","overlay-gradient":""}},"ast-content-background-meta":{"desktop":{"background-color":"var(--ast-global-color-5)","background-image":"","background-repeat":"repeat","background-position":"center center","background-size":"auto","background-attachment":"scroll","background-type":"","background-media":"","overlay-type":"","overlay-color":"","overlay-opacity":"","overlay-gradient":""},"tablet":{"background-color":"var(--ast-global-color-5)","background-image":"","background-repeat":"repeat","background-position":"center center","background-size":"auto","background-attachment":"scroll","background-type":"","background-media":"","overlay-type":"","overlay-color":"","overlay-opacity":"","overlay-gradient":""},"mobile":{"background-color":"var(--ast-global-color-5)","background-image":"","background-repeat":"repeat","background-position":"center center","background-size":"auto","background-attachment":"scroll","background-type":"","background-media":"","overlay-type":"","overlay-color":"","overlay-opacity":"","overlay-gradient":""}},"_joinchat":[]},"product_brand":[],"product_cat":[15,61,289,292,291,27,25,123,293,30,26,28,295,137,296,299,136,135,274],"product_tag":[108,99,101,105,54,109,107],"class_list":{"0":"post-2211","1":"product","2":"type-product","3":"status-publish","4":"has-post-thumbnail","6":"product_cat-new-vape-this-week","7":"product_cat-15000-puffs-disposable-vapes","8":"product_cat-big-puffs-disposable-vapes","9":"product_cat-digital-disposable-vapes","10":"product_cat-dual-mesh-disposable-vapes","11":"product_cat-fance-hot-sale-vape","12":"product_cat-germany-best-selling-vape","13":"product_cat-italy-wholesale-vape","14":"product_cat-low-nicotine-disposable-vapes","15":"product_cat-minimum-order-quantity-50pcs","16":"product_cat-netherlands-hot-sale-vape","17":"product_cat-poland-hot-sale-vape","18":"product_cat-rechargeable-disposable-vapes","19":"product_cat-rechargeable-vapes","20":"product_cat-shisha-hookah-disposable-vapes","21":"product_cat-smart-screen-disposable-vapes","22":"product_cat-smart-screen-vapes","23":"product_cat-spain-best-hot-sale-vape","24":"product_cat-waspe-fihp-vape","25":"product_tag-digital-disposable-vape","26":"product_tag-disposable-vape-wholesale","27":"product_tag-led-display-vape","28":"product_tag-nicotine-free-disposable-vape","29":"product_tag-rechargeable-disposable-vape","30":"product_tag-smart-screen-vape","31":"product_tag-waspe-15000-puffs-digital","32":"desktop-align-left","33":"tablet-align-left","34":"mobile-align-left","36":"first","37":"instock","38":"sale","39":"shipping-taxable","40":"purchasable","41":"product-type-simple"},"uagb_featured_image_src":{"full":["https:\/\/rmvapesale.com\/wp-content\/uploads\/2024\/09\/WASPE-Digital-Box-15000-Puffs-Vape.jpg",808,808,false],"thumbnail":["https:\/\/rmvapesale.com\/wp-content\/uploads\/2024\/09\/WASPE-Digital-Box-15000-Puffs-Vape-150x150.jpg",150,150,true],"medium":["https:\/\/rmvapesale.com\/wp-content\/uploads\/2024\/09\/WASPE-Digital-Box-15000-Puffs-Vape-300x300.jpg",300,300,true],"medium_large":["https:\/\/rmvapesale.com\/wp-content\/uploads\/2024\/09\/WASPE-Digital-Box-15000-Puffs-Vape-768x768.jpg",768,768,true],"large":["https:\/\/rmvapesale.com\/wp-content\/uploads\/2024\/09\/WASPE-Digital-Box-15000-Puffs-Vape.jpg",808,808,false],"1536x1536":["https:\/\/rmvapesale.com\/wp-content\/uploads\/2024\/09\/WASPE-Digital-Box-15000-Puffs-Vape.jpg",808,808,false],"2048x2048":["https:\/\/rmvapesale.com\/wp-content\/uploads\/2024\/09\/WASPE-Digital-Box-15000-Puffs-Vape.jpg",808,808,false],"trp-custom-language-flag":["https:\/\/rmvapesale.com\/wp-content\/uploads\/2024\/09\/WASPE-Digital-Box-15000-Puffs-Vape.jpg",12,12,false],"woocommerce_thumbnail":["https:\/\/rmvapesale.com\/wp-content\/uploads\/2024\/09\/WASPE-Digital-Box-15000-Puffs-Vape-300x300.jpg",300,300,true],"woocommerce_single":["https:\/\/rmvapesale.com\/wp-content\/uploads\/2024\/09\/WASPE-Digital-Box-15000-Puffs-Vape-600x600.jpg",600,600,true],"woocommerce_gallery_thumbnail":["https:\/\/rmvapesale.com\/wp-content\/uploads\/2024\/09\/WASPE-Digital-Box-15000-Puffs-Vape-100x100.jpg",100,100,true],"wcpr-photo-reviews":["https:\/\/rmvapesale.com\/wp-content\/uploads\/2024\/09\/WASPE-Digital-Box-15000-Puffs-Vape.jpg",500,500,false]},"uagb_author_info":{"display_name":"AMY","author_link":"https:\/\/rmvapesale.com\/es\/author\/"},"uagb_comment_info":0,"uagb_excerpt":"The WASPE Digital 15000 Box offers up to 15000 puffs vaping, while the smart display allows easy tracking of battery info. Powered by a rechargeable, long-lasting battery, this disposable vape device delivers rich, vibrant flavors and smooth vapor production with every puff. Contact Amy For More Discount And Right Reply WhatsApp: +86 17776015835","_links":{"self":[{"href":"https:\/\/rmvapesale.com\/es\/wp-json\/wp\/v2\/product\/2211","targetHints":{"allow":["GET"]}}],"collection":[{"href":"https:\/\/rmvapesale.com\/es\/wp-json\/wp\/v2\/product"}],"about":[{"href":"https:\/\/rmvapesale.com\/es\/wp-json\/wp\/v2\/types\/product"}],"replies":[{"embeddable":true,"href":"https:\/\/rmvapesale.com\/es\/wp-json\/wp\/v2\/comments?post=2211"}],"wp:featuredmedia":[{"embeddable":true,"href":"https:\/\/rmvapesale.com\/es\/wp-json\/wp\/v2\/media\/2209"}],"wp:attachment":[{"href":"https:\/\/rmvapesale.com\/es\/wp-json\/wp\/v2\/media?parent=2211"}],"wp:term":[{"taxonomy":"product_brand","embeddable":true,"href":"https:\/\/rmvapesale.com\/es\/wp-json\/wp\/v2\/product_brand?post=2211"},{"taxonomy":"product_cat","embeddable":true,"href":"https:\/\/rmvapesale.com\/es\/wp-json\/wp\/v2\/product_cat?post=2211"},{"taxonomy":"product_tag","embeddable":true,"href":"https:\/\/rmvapesale.com\/es\/wp-json\/wp\/v2\/product_tag?post=2211"}],"curies":[{"name":"wp","href":"https:\/\/api.w.org\/{rel}","templated":true}]}}