{"id":2262,"date":"2024-09-30T05:53:05","date_gmt":"2024-09-30T05:53:05","guid":{"rendered":"https:\/\/rmvapesale.com\/?post_type=product&#038;p=2262"},"modified":"2025-01-21T09:57:10","modified_gmt":"2025-01-21T09:57:10","slug":"uzy-qute-800-puffs-disposable-vape-original-wholesale","status":"publish","type":"product","link":"https:\/\/rmvapesale.com\/es\/product\/uzy-qute-800-puffs-disposable-vape-original-wholesale\/","title":{"rendered":"UZY QUTE 800 Puffs Vape Desechable Original al por Mayor"},"content":{"rendered":"<div class=\"B2VR9 CJHX3e\">\n<div class=\"wyccme\">\n<h1 class=\"LC20lb MBeuO DKV0Md\">UZY QUTE 800 Puffs Vape Desechable Original al por Mayor<\/h1>\n<p>El <strong>UZY QUTE 800 Puffs<\/strong>\u00a0es un vape desechable elegante y compacto que ofrece <strong>800 caladas<\/strong> de satisfacci\u00f3n llena de sabor. Dise\u00f1ado para la comodidad en movimiento, su activaci\u00f3n sin botones hace que vapear sea f\u00e1cil\u2014solo inhala para disfrutar de una explosi\u00f3n de sabores intensos. Ya prefieras mezclas frutales o menta refrescante, cada calada ofrece una experiencia suave y satisfactoria. Con su dise\u00f1o elegante y funcionalidad f\u00e1cil de usar, la <strong>UZY QUTE 800 Puffs Vape Desechable Pod<\/strong>\u00a0establece un nuevo est\u00e1ndar para vaporizadores desechables compactos, perfecto para vapear que valoran tanto la comodidad como el rendimiento.<\/p>\n<\/div>\n<\/div>\n<p><strong>\u00a1Contacta a Amy para obtener una respuesta correcta y m\u00e1s v\u00eddeos de productos!<\/strong><\/p>\n<p><img loading=\"lazy\" decoding=\"async\" class=\"size-full wp-image-1978\" src=\"https:\/\/rmvapesale.com\/wp-content\/uploads\/2024\/09\/Disposable-Vape-Wholesale.jpg\" alt=\"Vape Desechable al por mayor\" width=\"229\" height=\"300\" \/><\/p>\n<h3><span style=\"color: #ff0000\"><strong>WhatsApp: +86 17776015835<\/strong><\/span><\/h3>\n<p>&nbsp;<\/p>\n<h2><\/h2>\n<h2>Caracter\u00edsticas principales de UZY QUTE 800 Puffs Vape Desechable<\/h2>\n<p>L\u00edquido: 3ML<br \/>\nBater\u00eda: 500mAh<br \/>\nFabricado: consultar embalaje<br \/>\nEmpaque: 1 caja con 10 unidades<br \/>\nSalinidad: 0%-2%-3%-5% (opcional)<br \/>\nResistencia de malla de 1.2 Ohm<br \/>\nLuz LED de color<\/p>\n<figure id=\"attachment_2257\" aria-describedby=\"caption-attachment-2257\" style=\"width: 800px\" class=\"wp-caption alignnone\"><img loading=\"lazy\" decoding=\"async\" class=\"wp-image-2257 size-full\" src=\"https:\/\/rmvapesale.com\/wp-content\/uploads\/2024\/09\/UZY-Qute-800-puffs-Disposeble-Vape.jpg\" alt=\"UZY Qute 800 caladas Vape Desechable\" width=\"800\" height=\"800\" srcset=\"https:\/\/rmvapesale.com\/wp-content\/uploads\/2024\/09\/UZY-Qute-800-puffs-Disposeble-Vape.jpg 800w, https:\/\/rmvapesale.com\/wp-content\/uploads\/2024\/09\/UZY-Qute-800-puffs-Disposeble-Vape-300x300.jpg 300w, https:\/\/rmvapesale.com\/wp-content\/uploads\/2024\/09\/UZY-Qute-800-puffs-Disposeble-Vape-150x150.jpg 150w, https:\/\/rmvapesale.com\/wp-content\/uploads\/2024\/09\/UZY-Qute-800-puffs-Disposeble-Vape-768x768.jpg 768w, https:\/\/rmvapesale.com\/wp-content\/uploads\/2024\/09\/UZY-Qute-800-puffs-Disposeble-Vape-600x600.jpg 600w, https:\/\/rmvapesale.com\/wp-content\/uploads\/2024\/09\/UZY-Qute-800-puffs-Disposeble-Vape-100x100.jpg 100w\" sizes=\"auto, (max-width: 800px) 100vw, 800px\" \/><figcaption id=\"caption-attachment-2257\" class=\"wp-caption-text\">UZY Qute 800 caladas Vape Desechable<\/figcaption><\/figure>\n<h2><strong>Sabores destacados para UZY QUTE 800 Puffs<\/strong><\/h2>\n<p>El Pod de Vape Desechable UZY Vaper 9000 Puffs ofrece 20 deliciosos sabores, elige entre una variedad de sabores, incluyendo tabaco cl\u00e1sico, refrescante menta fresca y la ex\u00f3tica dulzura del mango, cada uno prometiendo un viaje rico y satisfactorio con cada calada.<\/p>\n<p>1. Kiwi Fruta de la Pasi\u00f3n<br \/>\n2.Razz Ice azul<span style=\"color: #ff0000\"><strong>&gt;&gt;&gt;&gt;\u00a1Caliente!<\/strong><\/span><br \/>\n3.Watermelon Ice<br \/>\n4. Lim\u00f3n Menta<br \/>\n5. Triple Mango<br \/>\n6.Bayas Mixtas<br \/>\n7. Uva helada<br \/>\n8. Hielo de Fresa<br \/>\n9. Cola Hielo<br \/>\n10. Redbull Ice<span style=\"color: #ff0000\"><strong>&gt;&gt;&gt;&gt;\u00a1El mejor!<\/strong><\/span><\/p>\n<p>&nbsp;<\/p>\n<h2><strong>Preguntas que quiz\u00e1s quieras saber sobre el Pod de Vapeo UZY QUTE 800 Puffs<\/strong><\/h2>\n<p>&nbsp;<\/p>\n<div class=\"flex-shrink-0 flex flex-col relative items-end\">\n<div>\n<div class=\"pt-0\">\n<div class=\"gizmo-bot-avatar flex h-8 w-8 items-center justify-center overflow-hidden rounded-full\">\n<div class=\"relative p-1 rounded-sm flex items-center justify-center bg-token-main-surface-primary text-token-text-primary h-8 w-8\"><\/div>\n<\/div>\n<\/div>\n<\/div>\n<\/div>\n<div class=\"group\/conversation-turn relative flex w-full min-w-0 flex-col agent-turn\">\n<div class=\"flex-col gap-1 md:gap-3\">\n<div class=\"flex max-w-full flex-col flex-grow\">\n<div class=\"min-h-8 text-message flex w-full flex-col items-end gap-2 whitespace-normal break-words [.text-message+&amp;]:mt-5\" dir=\"auto\" data-message-author-role=\"assistant\" data-message-id=\"f226d3fc-81f3-46d5-8c46-31787fff0357\">\n<div class=\"flex w-full flex-col gap-1 empty:hidden first:pt-[3px]\">\n<div class=\"markdown prose w-full break-words dark:prose-invert light\">\n<p><strong>1. \u00bfCu\u00e1ntas caladas proporciona el UZY QUTE 800 Puffs?<\/strong><strong> vape?<\/strong><br \/>\nEl UZY QUTE 800 Puffs ofrece hasta 800 caladas, superando con creces la capacidad de los vapes desechables t\u00edpicos.<\/p>\n<p><strong>2. \u00bfQu\u00e9 sabores est\u00e1n disponibles en el vape pen UZY QUTE 800 Puffs?<\/strong><br \/>\nLos sabores populares incluyen Kiwi Passion Fruit, Blue Razz Ice, Watermelon Ice, Lemon Mint, Mixed, etc.<\/p>\n<p><strong>3. \u00bfEs el UZY QUTE 800 Puffs adecuado para principiantes?<\/strong><br \/>\nS\u00ed, es perfecto para principiantes con su dise\u00f1o simple y sin botones: simplemente inhala para comenzar a vapear.<\/p>\n<p><strong>4. \u00bfC\u00f3mo debo guardar mi vape desechable?<\/strong><br \/>\nGuarda tu dispositivo en un lugar fresco y seco, lejos de la luz solar directa y fuera del alcance de ni\u00f1os y mascotas.<\/p>\n<p><strong>5. \u00bfCu\u00e1nto dura el UZY QUTE 800 Puffs?<\/strong><br \/>\nCon una capacidad de 800 caladas, el UZY QUTE 800 Puffs puede durar varios d\u00edas, dependiendo del uso.<\/p>\n<\/div>\n<\/div>\n<\/div>\n<\/div>\n<\/div>\n<\/div>\n<p>&nbsp;<\/p>\n<h3><b>PREGUNTAS FRECUENTES<\/b><\/h3>\n<p>&nbsp;<\/p>\n<div class=\"flex-shrink-0 flex flex-col relative items-end\">\n<div>\n<div class=\"pt-0\">\n<div class=\"gizmo-bot-avatar flex h-8 w-8 items-center justify-center overflow-hidden rounded-full\">\n<div class=\"relative p-1 rounded-sm flex items-center justify-center bg-token-main-surface-primary text-token-text-primary h-8 w-8\"><strong>\u00bfQu\u00e9 m\u00e9todos de env\u00edo se utilizan?<\/strong><\/div>\n<\/div>\n<\/div>\n<\/div>\n<\/div>\n<div class=\"group\/conversation-turn relative flex w-full min-w-0 flex-col agent-turn\">\n<div class=\"flex-col gap-1 md:gap-3\">\n<div class=\"flex max-w-full flex-col flex-grow\">\n<div class=\"min-h-[20px] text-message flex w-full flex-col items-end gap-2 whitespace-normal break-words [.text-message+&amp;]:mt-5 overflow-x-auto\" dir=\"auto\" data-message-author-role=\"assistant\" data-message-id=\"22f8283b-3233-46ff-89a5-c7a41b33abda\">\n<div class=\"flex w-full flex-col gap-1 empty:hidden first:pt-[3px]\">\n<div class=\"markdown prose w-full break-words dark:prose-invert light\">\n<p>Trabajamos con UPS, DHL, FedEx, DPD y otros transportistas l\u00edderes. Seleccionaremos el mejor m\u00e9todo de env\u00edo seg\u00fan su lugar de entrega para garantizar que reciba sus productos lo m\u00e1s r\u00e1pido posible.<\/p>\n<\/div>\n<p><strong>\u00bfCu\u00e1nto tiempo tarda en llegar?<\/strong><\/p>\n<p>Los paquetes enviados a Espa\u00f1a suelen llegar en 10 d\u00edas laborables. El env\u00edo a pa\u00edses europeos generalmente tarda entre 12 y 15 d\u00edas h\u00e1biles. Proporcionaremos actualizaciones en tiempo real sobre el estado de su env\u00edo.<\/p>\n<\/div>\n<p><strong>Garant\u00eda<\/strong><\/p>\n<p><span style=\"color: #ff0000\"><strong>Todos los productos en nuestra tienda tienen garant\u00eda de ser 100% originales y aut\u00e9nticos. \u00a1Ofrecemos 10 veces la compensaci\u00f3n por productos falsos!<\/strong><\/span><\/p>\n<div class=\"flex w-full flex-col gap-1 empty:hidden first:pt-[3px]\">\n<p>&nbsp;<\/p>\n<\/div>\n<\/div>\n<\/div>\n<\/div>\n<\/div>\n<p>&nbsp;<\/p>\n<p>Otros vapes de venta caliente que te pueden gustar:<\/p>\n<p>&nbsp;<\/p>\n<p><a href=\"https:\/\/rmvapesale.com\/es\/product\/original-randm-vape-digital-puff-12000-fumot-factory-price\/\"><strong>VOZOL Gear 20000 Inhalaciones\u00a0 <span style=\"color: #ff0000\">&gt;&gt;&gt;&gt;\u00a1adelante!<\/span><\/strong><\/a><\/p>\n<p><strong><a href=\"https:\/\/rmvapesale.com\/es\/product\/uzy-vaper-9000-puffs-disposable-vape-pod-wholesale\/\">UZY Vaper 9000 Caladas <span style=\"color: #ff0000\">&gt;&gt;&gt;&gt;\u00a1adelante!<\/span><\/a>\u00a0<\/strong><\/p>\n<p><a href=\"https:\/\/rmvapesale.com\/es\/product\/vapme-crystal-7000-puffs-rechargeable-disposable-vape-price\/\"><strong>Vapme Crystal 7000 Inhalaciones <span style=\"color: #ff0000\">&gt;&gt;&gt;&gt;\u00a1adelante!<\/span><\/strong><\/a><\/p>\n<p>&nbsp;<\/p>\n<p>&nbsp;<\/p>\n<p>Encuentra m\u00e1s productos de Vape que te puedan gustar:<strong><em><a href=\"https:\/\/rmvapesale.com\/es\/shop-2\/\">comprar ahora &gt;&gt;&gt;<\/a><\/em><\/strong><\/p>","protected":false},"excerpt":{"rendered":"<p>Venta al por mayor Uzy Qute 800 caladas desechables cigarrillos electr\u00f3nicos<br \/>\nUZY QUTE 800 Caladas 0% 2% 3% 5% nicotina desechable<br \/>\nUZY Qute 800 caladas dispositivo de vapeo desechable<\/p>\n<p><img loading=\"lazy\" decoding=\"async\" class=\"size-full wp-image-1978\" src=\"https:\/\/rmvapesale.com\/wp-content\/uploads\/2024\/09\/Disposable-Vape-Wholesale.jpg\" alt=\"Vape Desechable al por mayor\" width=\"229\" height=\"300\" \/><\/p>\n<h3><span style=\"color: #ff0000\"><strong>WhatsApp: +86 17776015835<\/strong><\/span><\/h3>\n<p>&nbsp;<\/p>","protected":false},"featured_media":2260,"comment_status":"open","ping_status":"closed","template":"","meta":{"_uag_custom_page_level_css":"","_lmt_disableupdate":"no","_lmt_disable":"","site-sidebar-layout":"default","site-content-layout":"content-boxed-container","ast-site-content-layout":"normal-width-container","site-content-style":"boxed","site-sidebar-style":"unboxed","ast-global-header-display":"","ast-banner-title-visibility":"","ast-main-header-display":"","ast-hfb-above-header-display":"","ast-hfb-below-header-display":"","ast-hfb-mobile-header-display":"","site-post-title":"","ast-breadcrumbs-content":"","ast-featured-img":"","footer-sml-layout":"","ast-disable-related-posts":"","theme-transparent-header-meta":"default","adv-header-id-meta":"","stick-header-meta":"","header-above-stick-meta":"","header-main-stick-meta":"","header-below-stick-meta":"","astra-migrate-meta-layouts":"set","ast-page-background-enabled":"default","ast-page-background-meta":{"desktop":{"background-color":"var(--ast-global-color-4)","background-image":"","background-repeat":"repeat","background-position":"center center","background-size":"auto","background-attachment":"scroll","background-type":"","background-media":"","overlay-type":"","overlay-color":"","overlay-opacity":"","overlay-gradient":""},"tablet":{"background-color":"","background-image":"","background-repeat":"repeat","background-position":"center center","background-size":"auto","background-attachment":"scroll","background-type":"","background-media":"","overlay-type":"","overlay-color":"","overlay-opacity":"","overlay-gradient":""},"mobile":{"background-color":"","background-image":"","background-repeat":"repeat","background-position":"center center","background-size":"auto","background-attachment":"scroll","background-type":"","background-media":"","overlay-type":"","overlay-color":"","overlay-opacity":"","overlay-gradient":""}},"ast-content-background-meta":{"desktop":{"background-color":"var(--ast-global-color-5)","background-image":"","background-repeat":"repeat","background-position":"center center","background-size":"auto","background-attachment":"scroll","background-type":"","background-media":"","overlay-type":"","overlay-color":"","overlay-opacity":"","overlay-gradient":""},"tablet":{"background-color":"var(--ast-global-color-5)","background-image":"","background-repeat":"repeat","background-position":"center center","background-size":"auto","background-attachment":"scroll","background-type":"","background-media":"","overlay-type":"","overlay-color":"","overlay-opacity":"","overlay-gradient":""},"mobile":{"background-color":"var(--ast-global-color-5)","background-image":"","background-repeat":"repeat","background-position":"center center","background-size":"auto","background-attachment":"scroll","background-type":"","background-media":"","overlay-type":"","overlay-color":"","overlay-opacity":"","overlay-gradient":""}},"_joinchat":[]},"product_brand":[],"product_cat":[15,27,25,123,294,30,26,28,135,287],"product_tag":[66,99,111,117,116],"class_list":{"0":"post-2262","1":"product","2":"type-product","3":"status-publish","4":"has-post-thumbnail","6":"product_cat-new-vape-this-week","7":"product_cat-fance-hot-sale-vape","8":"product_cat-germany-best-selling-vape","9":"product_cat-italy-wholesale-vape","10":"product_cat-mini-puffs-disposable-vapes","11":"product_cat-minimum-order-quantity-50pcs","12":"product_cat-netherlands-hot-sale-vape","13":"product_cat-poland-hot-sale-vape","14":"product_cat-spain-best-hot-sale-vape","15":"product_cat-uzy-vape","16":"product_tag-disposable-vape","17":"product_tag-disposable-vape-wholesale","18":"product_tag-low-nicotine-disposable-vape","19":"product_tag-uzy-vape","20":"product_tag-vapes","21":"desktop-align-left","22":"tablet-align-left","23":"mobile-align-left","25":"first","26":"instock","27":"sale","28":"shipping-taxable","29":"purchasable","30":"product-type-simple"},"uagb_featured_image_src":{"full":["https:\/\/rmvapesale.com\/wp-content\/uploads\/2024\/09\/UZY-QUTE-800-Puffs-Wholesale.jpg",800,800,false],"thumbnail":["https:\/\/rmvapesale.com\/wp-content\/uploads\/2024\/09\/UZY-QUTE-800-Puffs-Wholesale-150x150.jpg",150,150,true],"medium":["https:\/\/rmvapesale.com\/wp-content\/uploads\/2024\/09\/UZY-QUTE-800-Puffs-Wholesale-300x300.jpg",300,300,true],"medium_large":["https:\/\/rmvapesale.com\/wp-content\/uploads\/2024\/09\/UZY-QUTE-800-Puffs-Wholesale-768x768.jpg",768,768,true],"large":["https:\/\/rmvapesale.com\/wp-content\/uploads\/2024\/09\/UZY-QUTE-800-Puffs-Wholesale.jpg",800,800,false],"1536x1536":["https:\/\/rmvapesale.com\/wp-content\/uploads\/2024\/09\/UZY-QUTE-800-Puffs-Wholesale.jpg",800,800,false],"2048x2048":["https:\/\/rmvapesale.com\/wp-content\/uploads\/2024\/09\/UZY-QUTE-800-Puffs-Wholesale.jpg",800,800,false],"trp-custom-language-flag":["https:\/\/rmvapesale.com\/wp-content\/uploads\/2024\/09\/UZY-QUTE-800-Puffs-Wholesale.jpg",12,12,false],"woocommerce_thumbnail":["https:\/\/rmvapesale.com\/wp-content\/uploads\/2024\/09\/UZY-QUTE-800-Puffs-Wholesale-300x300.jpg",300,300,true],"woocommerce_single":["https:\/\/rmvapesale.com\/wp-content\/uploads\/2024\/09\/UZY-QUTE-800-Puffs-Wholesale-600x600.jpg",600,600,true],"woocommerce_gallery_thumbnail":["https:\/\/rmvapesale.com\/wp-content\/uploads\/2024\/09\/UZY-QUTE-800-Puffs-Wholesale-100x100.jpg",100,100,true],"wcpr-photo-reviews":["https:\/\/rmvapesale.com\/wp-content\/uploads\/2024\/09\/UZY-QUTE-800-Puffs-Wholesale.jpg",500,500,false]},"uagb_author_info":{"display_name":"AMY","author_link":"https:\/\/rmvapesale.com\/es\/author\/"},"uagb_comment_info":0,"uagb_excerpt":"Wholesale Uzy Qute 800 Puff Disposable E Cigarettes UZY QUTE 800 Puffs 0% 2% 3% 5% Nicotine Disposable UZY Qute 800 Puffs Disposable Vape Pod Device WhatsApp: +86 17776015835 &nbsp;","_links":{"self":[{"href":"https:\/\/rmvapesale.com\/es\/wp-json\/wp\/v2\/product\/2262","targetHints":{"allow":["GET"]}}],"collection":[{"href":"https:\/\/rmvapesale.com\/es\/wp-json\/wp\/v2\/product"}],"about":[{"href":"https:\/\/rmvapesale.com\/es\/wp-json\/wp\/v2\/types\/product"}],"replies":[{"embeddable":true,"href":"https:\/\/rmvapesale.com\/es\/wp-json\/wp\/v2\/comments?post=2262"}],"wp:featuredmedia":[{"embeddable":true,"href":"https:\/\/rmvapesale.com\/es\/wp-json\/wp\/v2\/media\/2260"}],"wp:attachment":[{"href":"https:\/\/rmvapesale.com\/es\/wp-json\/wp\/v2\/media?parent=2262"}],"wp:term":[{"taxonomy":"product_brand","embeddable":true,"href":"https:\/\/rmvapesale.com\/es\/wp-json\/wp\/v2\/product_brand?post=2262"},{"taxonomy":"product_cat","embeddable":true,"href":"https:\/\/rmvapesale.com\/es\/wp-json\/wp\/v2\/product_cat?post=2262"},{"taxonomy":"product_tag","embeddable":true,"href":"https:\/\/rmvapesale.com\/es\/wp-json\/wp\/v2\/product_tag?post=2262"}],"curies":[{"name":"wp","href":"https:\/\/api.w.org\/{rel}","templated":true}]}}