{"id":2290,"date":"2024-10-07T08:22:06","date_gmt":"2024-10-07T08:22:06","guid":{"rendered":"https:\/\/rmvapesale.com\/?post_type=product&#038;p=2290"},"modified":"2025-01-21T10:00:27","modified_gmt":"2025-01-21T10:00:27","slug":"aivono-aim-magic-20000-20k-puffs-disposable-vape-pod","status":"publish","type":"product","link":"https:\/\/rmvapesale.com\/es\/product\/aivono-aim-magic-20000-20k-puffs-disposable-vape-pod\/","title":{"rendered":"Pod de vape desechable Aivono Aim Magic 20000 20K Puffs"},"content":{"rendered":"<div class=\"B2VR9 CJHX3e\">\n<div class=\"wyccme\">\n<h1 class=\"LC20lb MBeuO DKV0Md\">Pod de vape desechable Aivono Aim Magic 20000 20K Puffs<\/h1>\n<div class=\"flex-shrink-0 flex flex-col relative items-end\">\n<div>\n<div class=\"pt-0\">\n<div class=\"gizmo-bot-avatar flex h-8 w-8 items-center justify-center overflow-hidden rounded-full\">\n<div class=\"relative p-1 rounded-sm flex items-center justify-center bg-token-main-surface-primary text-token-text-primary h-8 w-8\"><\/div>\n<\/div>\n<\/div>\n<\/div>\n<\/div>\n<div class=\"group\/conversation-turn relative flex w-full min-w-0 flex-col agent-turn\">\n<div class=\"flex-col gap-1 md:gap-3\">\n<div class=\"flex max-w-full flex-col flex-grow\">\n<div class=\"min-h-8 text-message flex w-full flex-col items-end gap-2 whitespace-normal break-words [.text-message+&amp;]:mt-5\" dir=\"auto\" data-message-author-role=\"assistant\" data-message-id=\"871c1362-82be-4876-894c-d28f37ffd3d3\">\n<div class=\"flex w-full flex-col gap-1 empty:hidden first:pt-[3px]\">\n<div class=\"markdown prose w-full break-words dark:prose-invert light\">\n<p>Presentamos el <strong>Pod de vape desechable Aivono Aim Magic 20000 20K Puffs<\/strong>, la opci\u00f3n premium para una satisfacci\u00f3n de vapeo prolongada. Con una impresionante cantidad de <strong>20.000 puffs<\/strong> y una capacidad de e-l\u00edquido precargado de 24 ml, este dispositivo garantiza una experiencia duradera y agradable.<\/p>\n<p>Con una resistencia de malla de 1,0 ohm y flujo de aire ajustable, el <strong>AIVINO AIM MAGIC 20000<\/strong> ofrece una producci\u00f3n de vapor suave y caladas personalizables. A pesar de su rendimiento excepcional, tiene un <strong>precio competitivo<\/strong>, ofreciendo un valor inigualable sin comprometer la calidad.<\/p>\n<p>Perfecto para minoristas y mayoristas, nuestras <strong>opciones de venta al por mayor<\/strong> permite a las empresas abastecerse de este popular dispositivo de e-hookah para satisfacer las demandas de los clientes de manera eficiente. Adem\u00e1s, disfrute de la comodidad de <strong>env\u00edo r\u00e1pido<\/strong>, lo que garantiza la entrega r\u00e1pida de su Vape Desechable AIVINO AIM MAGIC de 20000 inhalaciones. Ya sea que sea un entusiasta del vapeo, un minorista o un mayorista, esta es su opci\u00f3n ideal.<\/p>\n<p>&nbsp;<\/p>\n<\/div>\n<\/div>\n<\/div>\n<\/div>\n<\/div>\n<\/div>\n<\/div>\n<\/div>\n<p><strong>\u00a1Contacta a Amy para obtener una respuesta correcta y m\u00e1s v\u00eddeos de productos!<\/strong><\/p>\n<p><img loading=\"lazy\" decoding=\"async\" class=\"size-full wp-image-1978\" src=\"https:\/\/rmvapesale.com\/wp-content\/uploads\/2024\/09\/Disposable-Vape-Wholesale.jpg\" alt=\"Vape Desechable al por mayor\" width=\"229\" height=\"300\" \/><\/p>\n<h3><span style=\"color: #ff0000\"><strong>WhatsApp: +86 17776015835<\/strong><\/span><\/h3>\n<p>&nbsp;<\/p>\n<h2><\/h2>\n<h2><strong>Caracter\u00edsticas clave del Vape Aivono Aim Magic de 20000 inhalaciones<\/strong><\/h2>\n<p>Inhalaciones: 20000 inhalaciones<br \/>\nCapacidad de e-l\u00edquido: 24 ml<br \/>\nCapacidad: 600 mA (recargable)<br \/>\nResistencia del cable de la bobina: n\u00facleo de malla doble de 1,0 \u03a9<br \/>\n30 minutos de carga completa<br \/>\nAjuste bajo-Normal alto-impulso<br \/>\nBater\u00eda<br \/>\nSelecci\u00f3n de luz LED<br \/>\nBobinas de malla doble<br \/>\nTama\u00f1o del producto: 43*102 mm<br \/>\nContenido de sal de nicotina: 5%\/3%\/2%\/0%<br \/>\nRecargable: Tipo-C<\/p>\n<h2><\/h2>\n<h2><strong>El mejor sabor para Aivono Aim Magic 20000 Puffs<\/strong><\/h2>\n<p>Aivono Aim Magic 20000 20K Puffs Disposable Vape Pod ofrece 15 sabores deliciosos, elija entre una variedad de sabores, incluido el tabaco cl\u00e1sico, la menta refrescante y la dulzura ex\u00f3tica de la uva, cada uno de los cuales promete un viaje rico y satisfactorio con cada calada.<\/p>\n<p>1. Hielo de frambuesa azul<span style=\"color: #ff0000\"><strong>&gt;&gt;&gt;&gt; \u00a1Popular!<\/strong><\/span><br \/>\n2. Hielo de ar\u00e1ndanos<br \/>\n3. Menta fresca<span style=\"color: #ff0000\"><strong>&gt;&gt;&gt;&gt; \u00a1Popular!<\/strong><\/span><br \/>\n4. Hielo de uva<br \/>\n5. Mango y pi\u00f1a<br \/>\n6. Frutos rojos mixtos<br \/>\n7. Hielo de melocot\u00f3n<br \/>\n8. Pi\u00f1a y coco<br \/>\n9. Hielo de lim\u00f3n rosado<br \/>\n10. Helado de fresa<span style=\"color: #ff0000\"><strong>&gt;&gt;&gt;&gt; \u00a1Popular!<\/strong><\/span><br \/>\n11. Hielo de fresa<br \/>\n12. Fresa y kiwi<br \/>\n13. Fresa y sand\u00eda<br \/>\n14. Chicle de Sand\u00eda<span style=\"color: #ff0000\"><strong>&gt;&gt;&gt;&gt; \u00a1Mejor!<\/strong><\/span><br \/>\n15. Hielo de Sand\u00eda<\/p>\n<figure id=\"attachment_2288\" aria-describedby=\"caption-attachment-2288\" style=\"width: 808px\" class=\"wp-caption alignnone\"><img loading=\"lazy\" decoding=\"async\" class=\"wp-image-2288 size-full\" src=\"https:\/\/rmvapesale.com\/wp-content\/uploads\/2024\/09\/Aivono-Magic-20000-Puffs-Vape.jpg\" alt=\"Vape Aivono Magic 20000 Puffs\" width=\"808\" height=\"977\" srcset=\"https:\/\/rmvapesale.com\/wp-content\/uploads\/2024\/09\/Aivono-Magic-20000-Puffs-Vape.jpg 808w, https:\/\/rmvapesale.com\/wp-content\/uploads\/2024\/09\/Aivono-Magic-20000-Puffs-Vape-248x300.jpg 248w, https:\/\/rmvapesale.com\/wp-content\/uploads\/2024\/09\/Aivono-Magic-20000-Puffs-Vape-768x929.jpg 768w, https:\/\/rmvapesale.com\/wp-content\/uploads\/2024\/09\/Aivono-Magic-20000-Puffs-Vape-600x725.jpg 600w\" sizes=\"auto, (max-width: 808px) 100vw, 808px\" \/><figcaption id=\"caption-attachment-2288\" class=\"wp-caption-text\">Vape Aivono Magic 20000 Puffs<\/figcaption><\/figure>\n<h2><strong>Preguntas que quiz\u00e1s quieras saber sobre el Vape Pod Aivono Aim Magic 20k<\/strong><\/h2>\n<p>&nbsp;<\/p>\n<div class=\"flex-shrink-0 flex flex-col relative items-end\">\n<div>\n<div class=\"pt-0\">\n<div class=\"gizmo-bot-avatar flex h-8 w-8 items-center justify-center overflow-hidden rounded-full\">\n<div class=\"relative p-1 rounded-sm flex items-center justify-center bg-token-main-surface-primary text-token-text-primary h-8 w-8\"><\/div>\n<\/div>\n<\/div>\n<\/div>\n<\/div>\n<div class=\"group\/conversation-turn relative flex w-full min-w-0 flex-col agent-turn\">\n<div class=\"flex-col gap-1 md:gap-3\">\n<div class=\"flex max-w-full flex-col flex-grow\">\n<div class=\"min-h-8 text-message flex w-full flex-col items-end gap-2 whitespace-normal break-words [.text-message+&amp;]:mt-5\" dir=\"auto\" data-message-author-role=\"assistant\" data-message-id=\"f226d3fc-81f3-46d5-8c46-31787fff0357\">\n<div class=\"flex w-full flex-col gap-1 empty:hidden first:pt-[3px]\">\n<div class=\"markdown prose w-full break-words dark:prose-invert light\">\n<p><strong>1. \u00bfCu\u00e1ntas caladas proporciona el Vape Aivono Aim Magic 20k Puffs?<\/strong><strong>\u00a0proporciona?<\/strong><br \/>\nEl Vape Aivono Aim Magic 20k Puffs ofrece hasta 2500 caladas, superando con creces la capacidad de los vapes desechables t\u00edpicos.<\/p>\n<p><strong>2. \u00bfQu\u00e9 sabores est\u00e1n disponibles en el vape pen Aivono Aim Magic 20k Puffs Vape?<\/strong><br \/>\nLos sabores populares incluyen Blue Razz Ice, Blueberry Ice, Cool Mint, Strawberry Ice Cream, Watermelon Bubble Gum, etc.<\/p>\n<p><strong>3. \u00bfEs el Vape Aivono Aim Magic 20k Puffs Vape adecuado para principiantes?<\/strong><br \/>\nS\u00ed, es perfecto para principiantes con su dise\u00f1o simple y sin botones: simplemente inhala para comenzar a vapear.<\/p>\n<p><strong>4. \u00bfC\u00f3mo debo guardar mi vape desechable?<\/strong><br \/>\nGuarda tu dispositivo en un lugar fresco y seco, lejos de la luz solar directa y fuera del alcance de ni\u00f1os y mascotas.<\/p>\n<p><strong>5. \u00bfCu\u00e1nto dura el Vape Aivono Aim Magic 20k Puffs?<\/strong><br \/>\nCon una capacidad de 20000 caladas, el Vape Aivono Aim Magic 20k Puffs puede durar varios d\u00edas, dependiendo del uso.<\/p>\n<\/div>\n<\/div>\n<\/div>\n<\/div>\n<\/div>\n<\/div>\n<p>&nbsp;<\/p>\n<h3><b>PREGUNTAS FRECUENTES<\/b><\/h3>\n<p>&nbsp;<\/p>\n<div class=\"flex-shrink-0 flex flex-col relative items-end\">\n<div>\n<div class=\"pt-0\">\n<div class=\"gizmo-bot-avatar flex h-8 w-8 items-center justify-center overflow-hidden rounded-full\">\n<div class=\"relative p-1 rounded-sm flex items-center justify-center bg-token-main-surface-primary text-token-text-primary h-8 w-8\"><strong>\u00bfQu\u00e9 m\u00e9todos de env\u00edo se utilizan?<\/strong><\/div>\n<\/div>\n<\/div>\n<\/div>\n<\/div>\n<div class=\"group\/conversation-turn relative flex w-full min-w-0 flex-col agent-turn\">\n<div class=\"flex-col gap-1 md:gap-3\">\n<div class=\"flex max-w-full flex-col flex-grow\">\n<div class=\"min-h-[20px] text-message flex w-full flex-col items-end gap-2 whitespace-normal break-words [.text-message+&amp;]:mt-5 overflow-x-auto\" dir=\"auto\" data-message-author-role=\"assistant\" data-message-id=\"22f8283b-3233-46ff-89a5-c7a41b33abda\">\n<div class=\"flex w-full flex-col gap-1 empty:hidden first:pt-[3px]\">\n<div class=\"markdown prose w-full break-words dark:prose-invert light\">\n<p>Trabajamos con UPS, DHL, FedEx, DPD y otros transportistas l\u00edderes. Seleccionaremos el mejor m\u00e9todo de env\u00edo seg\u00fan su lugar de entrega para garantizar que reciba sus productos lo m\u00e1s r\u00e1pido posible.<\/p>\n<\/div>\n<p><strong>\u00bfCu\u00e1nto tiempo tarda en llegar?<\/strong><\/p>\n<p>Los paquetes enviados a Espa\u00f1a suelen llegar en 10 d\u00edas laborables. El env\u00edo a pa\u00edses europeos generalmente tarda entre 12 y 15 d\u00edas h\u00e1biles. Proporcionaremos actualizaciones en tiempo real sobre el estado de su env\u00edo.<\/p>\n<\/div>\n<p><strong>Garant\u00eda<\/strong><\/p>\n<p><span style=\"color: #ff0000\"><strong>Todos los productos en nuestra tienda tienen garant\u00eda de ser 100% originales y aut\u00e9nticos. \u00a1Ofrecemos 10 veces la compensaci\u00f3n por productos falsos!<\/strong><\/span><\/p>\n<div class=\"flex w-full flex-col gap-1 empty:hidden first:pt-[3px]\">\n<p>&nbsp;<\/p>\n<\/div>\n<\/div>\n<\/div>\n<\/div>\n<\/div>\n<p>&nbsp;<\/p>\n<p>Otros vapes de venta caliente que te pueden gustar:<\/p>\n<p>&nbsp;<\/p>\n<p><a href=\"https:\/\/rmvapesale.com\/es\/product\/mesii-visual-box-16000-puffs-disposable-vape-full-screen\/\"><strong>MESii Visual Box 16000 Puffs\u00a0 <span style=\"color: #ff0000\">&gt;&gt;&gt;&gt; \u00a1vamos!<\/span><\/strong><\/a><\/p>\n<p><strong><a href=\"https:\/\/rmvapesale.com\/es\/product\/uzy-qute-800-puffs-disposable-vape-original-wholesale\/\">UZY QUTE 800 Puffs <span style=\"color: #ff0000\">&gt;&gt;&gt;&gt; \u00a1vamos!<\/span><\/a>\u00a0<\/strong><\/p>\n<p><a href=\"https:\/\/rmvapesale.com\/es\/product\/waspe-20000-puffs-dual-mesh-box-disposable-vape\/\"><strong>WASPE 20000 Puffs <span style=\"color: #ff0000\">&gt;&gt;&gt;&gt; \u00a1vamos!<\/span><\/strong><\/a><\/p>\n<p>&nbsp;<\/p>\n<p>&nbsp;<\/p>\n<p>Encuentra m\u00e1s productos de Vape que te puedan gustar:<strong><em><a href=\"https:\/\/rmvapesale.com\/es\/shop-2\/\">comprar ahora &gt;&gt;&gt;<\/a><\/em><\/strong><\/p>","protected":false},"excerpt":{"rendered":"<p>Vapes Aivono Aim Magic 20000 Puffs al por mayor<br \/>\nAivono Aim Magic 20000 20K Puffs Bar al por mayor<br \/>\nAIVONO AIM MAGIC 20000 Puffs 0% 2% 3% 5% Nicotina<\/p>\n<p><img loading=\"lazy\" decoding=\"async\" class=\"size-full wp-image-1978\" src=\"https:\/\/rmvapesale.com\/wp-content\/uploads\/2024\/09\/Disposable-Vape-Wholesale.jpg\" alt=\"Vape Desechable al por mayor\" width=\"229\" height=\"300\" \/><\/p>\n<h3><span style=\"color: #ff0000\"><strong>WhatsApp: +86 17776015835<\/strong><\/span><\/h3>\n<p>&nbsp;<\/p>","protected":false},"featured_media":2286,"comment_status":"open","ping_status":"closed","template":"","meta":{"_uag_custom_page_level_css":"","_lmt_disableupdate":"no","_lmt_disable":"","site-sidebar-layout":"default","site-content-layout":"content-boxed-container","ast-site-content-layout":"normal-width-container","site-content-style":"boxed","site-sidebar-style":"unboxed","ast-global-header-display":"","ast-banner-title-visibility":"","ast-main-header-display":"","ast-hfb-above-header-display":"","ast-hfb-below-header-display":"","ast-hfb-mobile-header-display":"","site-post-title":"","ast-breadcrumbs-content":"","ast-featured-img":"","footer-sml-layout":"","theme-transparent-header-meta":"default","adv-header-id-meta":"","stick-header-meta":"","header-above-stick-meta":"","header-main-stick-meta":"","header-below-stick-meta":"","astra-migrate-meta-layouts":"set","ast-page-background-enabled":"default","ast-page-background-meta":{"desktop":{"background-color":"var(--ast-global-color-4)","background-image":"","background-repeat":"repeat","background-position":"center center","background-size":"auto","background-attachment":"scroll","background-type":"","background-media":"","overlay-type":"","overlay-color":"","overlay-opacity":"","overlay-gradient":""},"tablet":{"background-color":"","background-image":"","background-repeat":"repeat","background-position":"center center","background-size":"auto","background-attachment":"scroll","background-type":"","background-media":"","overlay-type":"","overlay-color":"","overlay-opacity":"","overlay-gradient":""},"mobile":{"background-color":"","background-image":"","background-repeat":"repeat","background-position":"center center","background-size":"auto","background-attachment":"scroll","background-type":"","background-media":"","overlay-type":"","overlay-color":"","overlay-opacity":"","overlay-gradient":""}},"ast-content-background-meta":{"desktop":{"background-color":"var(--ast-global-color-5)","background-image":"","background-repeat":"repeat","background-position":"center center","background-size":"auto","background-attachment":"scroll","background-type":"","background-media":"","overlay-type":"","overlay-color":"","overlay-opacity":"","overlay-gradient":""},"tablet":{"background-color":"var(--ast-global-color-5)","background-image":"","background-repeat":"repeat","background-position":"center center","background-size":"auto","background-attachment":"scroll","background-type":"","background-media":"","overlay-type":"","overlay-color":"","overlay-opacity":"","overlay-gradient":""},"mobile":{"background-color":"var(--ast-global-color-5)","background-image":"","background-repeat":"repeat","background-position":"center center","background-size":"auto","background-attachment":"scroll","background-type":"","background-media":"","overlay-type":"","overlay-color":"","overlay-opacity":"","overlay-gradient":""}},"_joinchat":[]},"product_brand":[],"product_cat":[15,289,291,292,293,299,276,255,25,26,28,27,137,136,30],"product_tag":[122,66,101,121,115,120,116],"class_list":{"0":"post-2290","1":"product","2":"type-product","3":"status-publish","4":"has-post-thumbnail","6":"product_cat-new-vape-this-week","7":"product_cat-big-puffs-disposable-vapes","8":"product_cat-dual-mesh-disposable-vapes","9":"product_cat-digital-disposable-vapes","10":"product_cat-low-nicotine-disposable-vapes","11":"product_cat-smart-screen-disposable-vapes","12":"product_cat-aivono-vape","13":"product_cat-20000-puff-disposable-vape","14":"product_cat-germany-best-selling-vape","15":"product_cat-netherlands-hot-sale-vape","16":"product_cat-poland-hot-sale-vape","17":"product_cat-fance-hot-sale-vape","18":"product_cat-rechargeable-vapes","19":"product_cat-smart-screen-vapes","20":"product_cat-minimum-order-quantity-50pcs","21":"product_tag-aim-vapes","22":"product_tag-disposable-vape","23":"product_tag-led-display-vape","24":"product_tag-puff-20k","25":"product_tag-smart-screen-disposable-vape","26":"product_tag-vape-wholesale","27":"product_tag-vapes","28":"desktop-align-left","29":"tablet-align-left","30":"mobile-align-left","32":"first","33":"instock","34":"sale","35":"shipping-taxable","36":"purchasable","37":"product-type-simple"},"uagb_featured_image_src":{"full":["https:\/\/rmvapesale.com\/wp-content\/uploads\/2024\/09\/AIVONO-AIM-MAGIC20000-Puffs.jpg",808,808,false],"thumbnail":["https:\/\/rmvapesale.com\/wp-content\/uploads\/2024\/09\/AIVONO-AIM-MAGIC20000-Puffs-150x150.jpg",150,150,true],"medium":["https:\/\/rmvapesale.com\/wp-content\/uploads\/2024\/09\/AIVONO-AIM-MAGIC20000-Puffs-300x300.jpg",300,300,true],"medium_large":["https:\/\/rmvapesale.com\/wp-content\/uploads\/2024\/09\/AIVONO-AIM-MAGIC20000-Puffs-768x768.jpg",768,768,true],"large":["https:\/\/rmvapesale.com\/wp-content\/uploads\/2024\/09\/AIVONO-AIM-MAGIC20000-Puffs.jpg",808,808,false],"1536x1536":["https:\/\/rmvapesale.com\/wp-content\/uploads\/2024\/09\/AIVONO-AIM-MAGIC20000-Puffs.jpg",808,808,false],"2048x2048":["https:\/\/rmvapesale.com\/wp-content\/uploads\/2024\/09\/AIVONO-AIM-MAGIC20000-Puffs.jpg",808,808,false],"trp-custom-language-flag":["https:\/\/rmvapesale.com\/wp-content\/uploads\/2024\/09\/AIVONO-AIM-MAGIC20000-Puffs.jpg",12,12,false],"woocommerce_thumbnail":["https:\/\/rmvapesale.com\/wp-content\/uploads\/2024\/09\/AIVONO-AIM-MAGIC20000-Puffs-300x300.jpg",300,300,true],"woocommerce_single":["https:\/\/rmvapesale.com\/wp-content\/uploads\/2024\/09\/AIVONO-AIM-MAGIC20000-Puffs-600x600.jpg",600,600,true],"woocommerce_gallery_thumbnail":["https:\/\/rmvapesale.com\/wp-content\/uploads\/2024\/09\/AIVONO-AIM-MAGIC20000-Puffs-100x100.jpg",100,100,true],"wcpr-photo-reviews":["https:\/\/rmvapesale.com\/wp-content\/uploads\/2024\/09\/AIVONO-AIM-MAGIC20000-Puffs.jpg",500,500,false]},"uagb_author_info":{"display_name":"AMY","author_link":"https:\/\/rmvapesale.com\/es\/author\/"},"uagb_comment_info":0,"uagb_excerpt":"Wholesale Aivono Vapes Aim Magic 20000 Puffs Wholesale Aivono Aim Magic 20000 20K Puffs Bar AIVONO AIM MAGIC 20000 Puffs 0% 2% 3% 5% Nicotine WhatsApp: +86 17776015835 &nbsp;","_links":{"self":[{"href":"https:\/\/rmvapesale.com\/es\/wp-json\/wp\/v2\/product\/2290","targetHints":{"allow":["GET"]}}],"collection":[{"href":"https:\/\/rmvapesale.com\/es\/wp-json\/wp\/v2\/product"}],"about":[{"href":"https:\/\/rmvapesale.com\/es\/wp-json\/wp\/v2\/types\/product"}],"replies":[{"embeddable":true,"href":"https:\/\/rmvapesale.com\/es\/wp-json\/wp\/v2\/comments?post=2290"}],"wp:featuredmedia":[{"embeddable":true,"href":"https:\/\/rmvapesale.com\/es\/wp-json\/wp\/v2\/media\/2286"}],"wp:attachment":[{"href":"https:\/\/rmvapesale.com\/es\/wp-json\/wp\/v2\/media?parent=2290"}],"wp:term":[{"taxonomy":"product_brand","embeddable":true,"href":"https:\/\/rmvapesale.com\/es\/wp-json\/wp\/v2\/product_brand?post=2290"},{"taxonomy":"product_cat","embeddable":true,"href":"https:\/\/rmvapesale.com\/es\/wp-json\/wp\/v2\/product_cat?post=2290"},{"taxonomy":"product_tag","embeddable":true,"href":"https:\/\/rmvapesale.com\/es\/wp-json\/wp\/v2\/product_tag?post=2290"}],"curies":[{"name":"wp","href":"https:\/\/api.w.org\/{rel}","templated":true}]}}