{"id":2305,"date":"2024-10-09T03:30:01","date_gmt":"2024-10-09T03:30:01","guid":{"rendered":"https:\/\/rmvapesale.com\/?post_type=product&#038;p=2305"},"modified":"2024-10-09T04:01:03","modified_gmt":"2024-10-09T04:01:03","slug":"waspe-fihp-30000-puffs-led-display-disposable-vape-box","status":"publish","type":"product","link":"https:\/\/rmvapesale.com\/es\/product\/waspe-fihp-30000-puffs-led-display-disposable-vape-box\/","title":{"rendered":"WASPE FIHP 30000 Puffs LED Display Caja de vape desechable"},"content":{"rendered":"<div class=\"B2VR9 CJHX3e\">\n<div class=\"wyccme\">\n<h1 class=\"LC20lb MBeuO DKV0Md\">WASPE FIHP 30000 Puffs LED Display Caja de vape desechable<\/h1>\n<div class=\"flex-shrink-0 flex flex-col relative items-end\">\n<div>\n<div class=\"pt-0\">\n<div class=\"gizmo-bot-avatar flex h-8 w-8 items-center justify-center overflow-hidden rounded-full\">\n<div class=\"relative p-1 rounded-sm flex items-center justify-center bg-token-main-surface-primary text-token-text-primary h-8 w-8\"><\/div>\n<\/div>\n<\/div>\n<\/div>\n<\/div>\n<div class=\"group\/conversation-turn relative flex w-full min-w-0 flex-col agent-turn\">\n<div class=\"flex-col gap-1 md:gap-3\">\n<div class=\"flex max-w-full flex-col flex-grow\">\n<div class=\"min-h-8 text-message flex w-full flex-col items-end gap-2 whitespace-normal break-words [.text-message+&amp;]:mt-5\" dir=\"auto\" data-message-author-role=\"assistant\" data-message-id=\"871c1362-82be-4876-894c-d28f37ffd3d3\">\n<div class=\"flex w-full flex-col gap-1 empty:hidden first:pt-[3px]\">\n<div class=\"markdown prose w-full break-words dark:prose-invert light\">\n<p>\u00a1Conozca la caja de vapeador desechable con pantalla LED WASPE FIHP 30000 Puffs: su compa\u00f1ero de vapeo definitivo! Con una asombrosa capacidad de hasta 30.000 caladas en modo normal y 15.000 en modo pulso, le espera una experiencia de larga duraci\u00f3n.<\/p>\n<p>Este pod de vapeo cuenta con una doble bobina de malla para un sabor intenso y una impresionante producci\u00f3n de vapor. Con una generosa capacidad de l\u00edquido de 28 ml, puede disfrutar de sus sabores favoritos hasta 30.000 caladas. Adem\u00e1s, el flujo de aire ajustable le permite personalizar su experiencia a la perfecci\u00f3n.<\/p>\n<p>Lo que distingue a la caja WASPE FW 30000 es su vibrante pantalla LED, que no solo muestra la configuraci\u00f3n actual, sino que tambi\u00e9n le mantiene informado sobre los niveles de bater\u00eda y l\u00edquido. No m\u00e1s conjeturas, \u00a1mant\u00e9ngase al tanto!<\/p>\n<p>Elija su nivel de nicotina, 0%, 2% o 5%, para que coincida con su estado de \u00e1nimo. Cuando llegue el momento de recargar, la c\u00f3moda carga tipo C lo hace muy f\u00e1cil. Con un peso de solo 107 g, el WASPE es liviano y port\u00e1til, lo que lo hace perfecto para la vida en movimiento.<\/p>\n<p>\u00a1Prep\u00e1rese para elevar su viaje de vapeo con la caja de vapeador desechable con pantalla LED WASPE 30000 Puffs!<\/p>\n<p>&nbsp;<\/p>\n<\/div>\n<\/div>\n<\/div>\n<\/div>\n<\/div>\n<\/div>\n<\/div>\n<\/div>\n<p><strong>\u00a1Contacta a Amy para obtener una respuesta correcta y m\u00e1s v\u00eddeos de productos!<\/strong><\/p>\n<p><img loading=\"lazy\" decoding=\"async\" class=\"size-full wp-image-1978\" src=\"https:\/\/rmvapesale.com\/wp-content\/uploads\/2024\/09\/Disposable-Vape-Wholesale.jpg\" alt=\"Vape Desechable al por mayor\" width=\"229\" height=\"300\" \/><\/p>\n<h3><a href=\"https:\/\/wa.me\/8617776015835\" target=\"_blank\" rel=\"noopener\"><span style=\"color: #ff0000\"><strong>WhatsApp: +86 17776015835<\/strong><\/span><\/a><\/h3>\n<p>&nbsp;<\/p>\n<h2><\/h2>\n<h2><strong>WASPE FIHP 30000 Puffs Caja de vapeador Caracter\u00edsticas principales<\/strong><\/h2>\n<p>&nbsp;<\/p>\n<p>Normal: 30000 Caladas<br \/>\nPulso: 15000 Caladas<br \/>\nDoble bobina de malla: 1ohm+1ohm<br \/>\nL\u00edquido: 28ml<br \/>\nNicotina: 0%\/2%\/5%<br \/>\nBater\u00eda: 850mah<br \/>\nFlujo de aire ajustable<br \/>\nRecargable: Tipo-C<br \/>\nPantalla LED<\/p>\n<p>&nbsp;<\/p>\n<figure id=\"attachment_2300\" aria-describedby=\"caption-attachment-2300\" style=\"width: 808px\" class=\"wp-caption alignnone\"><img loading=\"lazy\" decoding=\"async\" class=\"wp-image-2300 size-full\" src=\"https:\/\/rmvapesale.com\/wp-content\/uploads\/2024\/10\/FIHP-WASPE-Tornado-30000-puffs-vape-Cheap-Price.jpg\" alt=\"FIHP WASPE Tornado 30000 caladas vapeador Precio barato\" width=\"808\" height=\"808\" srcset=\"https:\/\/rmvapesale.com\/wp-content\/uploads\/2024\/10\/FIHP-WASPE-Tornado-30000-puffs-vape-Cheap-Price.jpg 808w, https:\/\/rmvapesale.com\/wp-content\/uploads\/2024\/10\/FIHP-WASPE-Tornado-30000-puffs-vape-Cheap-Price-300x300.jpg 300w, https:\/\/rmvapesale.com\/wp-content\/uploads\/2024\/10\/FIHP-WASPE-Tornado-30000-puffs-vape-Cheap-Price-150x150.jpg 150w, https:\/\/rmvapesale.com\/wp-content\/uploads\/2024\/10\/FIHP-WASPE-Tornado-30000-puffs-vape-Cheap-Price-768x768.jpg 768w, https:\/\/rmvapesale.com\/wp-content\/uploads\/2024\/10\/FIHP-WASPE-Tornado-30000-puffs-vape-Cheap-Price-600x600.jpg 600w, https:\/\/rmvapesale.com\/wp-content\/uploads\/2024\/10\/FIHP-WASPE-Tornado-30000-puffs-vape-Cheap-Price-100x100.jpg 100w\" sizes=\"auto, (max-width: 808px) 100vw, 808px\" \/><figcaption id=\"caption-attachment-2300\" class=\"wp-caption-text\">FIHP WASPE Tornado 30000 caladas vapeador Precio barato<\/figcaption><\/figure>\n<h2><strong>Sabor principal para la caja de vapeador desechable con pantalla LED WASPE FIHP 30000 Puffs<\/strong><\/h2>\n<p>La caja de vapeador desechable con pantalla LED WASPE 30000 Puffs ofrece 16 deliciosos sabores, elija entre una variedad de sabores, incluido el cl\u00e1sico y refrescante menta fresca, y la dulzura ex\u00f3tica de la uva, cada uno de los cuales promete un viaje rico y satisfactorio con cada calada.<\/p>\n<p>1.Fresa Mango<br \/>\n2.Frutos Rojos Mezclados<span style=\"color: #ff0000\"><strong>&gt;&gt;&gt;&gt; \u00a1Popular!<\/strong><\/span><br \/>\n3.Watermelon Ice<br \/>\n4.Fresa Sand\u00eda<br \/>\n5.Fresa Red Bull<span style=\"color: #ff0000\"><strong>&gt;&gt;&gt;&gt; \u00a1Popular!<\/strong><\/span><br \/>\n6.Kiwi Maracuy\u00e1 Guayaba<br \/>\n7. Uva helada<br \/>\n8.Doble Manzana Helada<br \/>\n9.Ar\u00e1ndano Frambuesa<br \/>\n10.Sand\u00eda Mango Helado<br \/>\n11. Hielo de ar\u00e1ndanos<br \/>\n12.Melocot\u00f3n Baya<br \/>\n13.Fresa Kiwi<br \/>\n14.Cereza Helada<br \/>\n15.Cereza Explosi\u00f3n de Fresa<br \/>\n16.Sand\u00eda Chicle<span style=\"color: #ff0000\"><strong>&gt;&gt;&gt;&gt; \u00a1Mejor!<\/strong><\/span><\/p>\n<p>&nbsp;<\/p>\n<div class=\"flex-shrink-0 flex flex-col relative items-end\">\n<div>\n<div class=\"pt-0\">\n<div class=\"gizmo-bot-avatar flex h-8 w-8 items-center justify-center overflow-hidden rounded-full\">\n<div class=\"relative p-1 rounded-sm flex items-center justify-center bg-token-main-surface-primary text-token-text-primary h-8 w-8\">\n<h3><b>PREGUNTAS FRECUENTES<\/b><\/h3>\n<p>&nbsp;<\/p>\n<\/div>\n<\/div>\n<\/div>\n<\/div>\n<\/div>\n<div class=\"group\/conversation-turn relative flex w-full min-w-0 flex-col agent-turn\">\n<div class=\"flex-col gap-1 md:gap-3\">\n<div class=\"flex max-w-full flex-col flex-grow\">\n<div class=\"min-h-8 text-message flex w-full flex-col items-end gap-2 whitespace-normal break-words [.text-message+&amp;]:mt-5\" dir=\"auto\" data-message-author-role=\"assistant\" data-message-id=\"f226d3fc-81f3-46d5-8c46-31787fff0357\">\n<div class=\"flex w-full flex-col gap-1 empty:hidden first:pt-[3px]\">\n<div class=\"markdown prose w-full break-words dark:prose-invert light\">\n<p><strong>P1: \u00bfCu\u00e1les son las opciones de nicotina disponibles para el WASPE 30000 Puffs Vape Box?<\/strong><br \/>\nR1: Puedes elegir entre niveles de nicotina de 0%, 2% o 5% para adaptarse a tus preferencias.<\/p>\n<p><strong>P2: \u00bfCu\u00e1ntas caladas puedo obtener del WASPE 30000 Puffs Vape Box?<\/strong><br \/>\nR2: Disfruta de hasta 30,000 caladas en modo Regular y 15,000 caladas en modo Pulse, lo que proporciona una satisfacci\u00f3n duradera.<\/p>\n<p><strong>P3: \u00bfQu\u00e9 sabores se ofrecen para el WASPE 30000 Puffs Vape Desechable?<\/strong><br \/>\nR3: Elige entre una emocionante gama de sabores como Fresa Mango, Frutos Rojos Mezclados, Sand\u00eda Helada y muchos m\u00e1s.<\/p>\n<p><strong>P4: \u00bfC\u00f3mo monitoreo los niveles de bater\u00eda y e-l\u00edquido?<\/strong><br \/>\nR4: La pantalla LED del WASPE Vape Box muestra tanto la duraci\u00f3n de la bater\u00eda como los niveles de e-l\u00edquido, manteni\u00e9ndote informado en todo momento.<\/p>\n<p><strong>P5: \u00bfEl WASPE 30000 Puffs Vape Desechable es recargable?<\/strong><br \/>\nR5: S\u00ed, cuenta con una conveniente carga Tipo-C para recargar f\u00e1cilmente cuando sea necesario.<\/p>\n<p><strong>P6: \u00bfCu\u00e1l es la configuraci\u00f3n del embalaje para pedidos a granel?<\/strong><br \/>\nR6: El vaporizador desechable WASPE 30000 Puffs est\u00e1 disponible para compra a granel, ideal para clientes mayoristas.<\/p>\n<p><strong>P7: \u00bfPuedo comprar el vaporizador desechable WASPE FIHP FW 30000 al por mayor?<\/strong><br \/>\nR7: \u00a1Absolutamente! Ofrecemos el vaporizador desechable WASPE FIHP FW 30000 para opciones de venta al por mayor y compra a granel.<\/p>\n<p><strong>P8: \u00bfCu\u00e1nto cuesta la caja de vapeo WASPE 30000 Puffs para compras a granel?<\/strong><br \/>\nR8: Para obtener detalles sobre los precios del vaporizador desechable WASPE 30000 Puffs en compra a granel, cont\u00e1ctenos directamente.<\/p>\n<p><strong>P9: \u00bfQu\u00e9 hace que la caja de vapeo WASPE 30000 Puffs sea ideal para minoristas?<\/strong><br \/>\nR9: Con su impresionante capacidad de caladas, variedad de sabores y dise\u00f1o atractivo, es una opci\u00f3n perfecta para atraer clientes.<\/p>\n<p><strong>P10: \u00bfCu\u00e1l es el peso de la caja de vapeo WASPE?<\/strong><br \/>\nR10: La caja de vapeo WASPE es liviana, con solo 107 g, lo que la hace f\u00e1cil de transportar para vapear sobre la marcha.<\/p>\n<\/div>\n<\/div>\n<\/div>\n<\/div>\n<\/div>\n<\/div>\n<p>&nbsp;<\/p>\n<h3><\/h3>\n<h3>Sobre el env\u00edo<\/h3>\n<div class=\"flex-shrink-0 flex flex-col relative items-end\">\n<div>\n<div class=\"pt-0\">\n<div class=\"gizmo-bot-avatar flex h-8 w-8 items-center justify-center overflow-hidden rounded-full\">\n<div><\/div>\n<div class=\"relative p-1 rounded-sm flex items-center justify-center bg-token-main-surface-primary text-token-text-primary h-8 w-8\"><strong>1. \u00bfQu\u00e9 m\u00e9todos de env\u00edo se utilizan?<\/strong><\/div>\n<\/div>\n<\/div>\n<\/div>\n<\/div>\n<div class=\"group\/conversation-turn relative flex w-full min-w-0 flex-col agent-turn\">\n<div class=\"flex-col gap-1 md:gap-3\">\n<div class=\"flex max-w-full flex-col flex-grow\">\n<div class=\"min-h-[20px] text-message flex w-full flex-col items-end gap-2 whitespace-normal break-words [.text-message+&amp;]:mt-5 overflow-x-auto\" dir=\"auto\" data-message-author-role=\"assistant\" data-message-id=\"22f8283b-3233-46ff-89a5-c7a41b33abda\">\n<div class=\"flex w-full flex-col gap-1 empty:hidden first:pt-[3px]\">\n<div class=\"markdown prose w-full break-words dark:prose-invert light\">\n<p>Trabajamos con UPS, DHL, FedEx, DPD y otros transportistas l\u00edderes. Seleccionaremos el mejor m\u00e9todo de env\u00edo seg\u00fan su lugar de entrega para garantizar que reciba sus productos lo m\u00e1s r\u00e1pido posible.<\/p>\n<\/div>\n<p><strong>2. \u00bfCu\u00e1nto tiempo tarda en llegar?<\/strong><\/p>\n<p>Los paquetes enviados a Espa\u00f1a suelen llegar en 10 d\u00edas laborables. El env\u00edo a pa\u00edses europeos generalmente tarda entre 12 y 15 d\u00edas h\u00e1biles. Proporcionaremos actualizaciones en tiempo real sobre el estado de su env\u00edo.<\/p>\n<\/div>\n<p><strong>3. Garant\u00eda<\/strong><\/p>\n<p><span style=\"color: #ff0000\"><strong>Todos los productos en nuestra tienda tienen garant\u00eda de ser 100% originales y aut\u00e9nticos. \u00a1Ofrecemos 10 veces la compensaci\u00f3n por productos falsos!<\/strong><\/span><\/p>\n<div class=\"flex w-full flex-col gap-1 empty:hidden first:pt-[3px]\">\n<p>&nbsp;<\/p>\n<\/div>\n<\/div>\n<\/div>\n<\/div>\n<\/div>\n<p>&nbsp;<\/p>\n<p>Otros vapes de venta caliente que te pueden gustar:<\/p>\n<p><a href=\"https:\/\/rmvapesale.com\/es\/product\/uwin-crystal-10000-puff-disposable-vape-wholesale-price\/\"><strong>UWIN CRYSTAL 10000 Caladas\u00a0 \u00a0<span style=\"color: #ff0000\">&gt;&gt;&gt;&gt; \u00a1vamos!<\/span><\/strong><\/a><\/p>\n<p><strong><a href=\"https:\/\/rmvapesale.com\/es\/product\/aivono-aim-boom-25000-puffs-smart-screen-disposable-vape\/\">Aivono Aim Boom 25000 Caladas Pantalla Inteligente <span style=\"color: #ff0000\">&gt;&gt;&gt;&gt; \u00a1vamos!<\/span><\/a>\u00a0<\/strong><\/p>\n<p><a href=\"https:\/\/rmvapesale.com\/es\/product\/uzy-crystal-pro-max-10k-puffs-disposable-vape-pen-wholesale\/\"><strong>UZY Crystal Pro Max 10k Caladas <span style=\"color: #ff0000\">&gt;&gt;&gt;&gt; \u00a1vamos!<\/span><\/strong><\/a><\/p>\n<p>&nbsp;<\/p>\n<p>&nbsp;<\/p>\n<p>Encuentra m\u00e1s productos de Vape que te puedan gustar:<strong><em><a href=\"https:\/\/rmvapesale.com\/es\/shop-2\/\">comprar ahora &gt;&gt;&gt;<\/a><\/em><\/strong><\/p>","protected":false},"excerpt":{"rendered":"<p>WASPE FIHP 30000 Puffs Vapeador desechable Venta al por mayor<br \/>\nWASPE FIHP FW 30000 Vapeador desechable Compra a granel<br \/>\nWASPE FW 30000 Caja de vapeador desechable sin nicotina<\/p>\n<p><img loading=\"lazy\" decoding=\"async\" class=\"size-full wp-image-1978\" src=\"https:\/\/rmvapesale.com\/wp-content\/uploads\/2024\/09\/Disposable-Vape-Wholesale.jpg\" alt=\"Vape Desechable al por mayor\" width=\"229\" height=\"300\" \/><\/p>\n<h3><a href=\"https:\/\/wa.me\/8617776015835\"><span style=\"color: #ff0000\"><strong>WhatsApp: +86 17776015835<\/strong><\/span><\/a><\/h3>\n<p>&nbsp;<\/p>","protected":false},"featured_media":2304,"comment_status":"open","ping_status":"closed","template":"","meta":{"_uag_custom_page_level_css":"","_lmt_disableupdate":"","_lmt_disable":"","site-sidebar-layout":"default","site-content-layout":"content-boxed-container","ast-site-content-layout":"normal-width-container","site-content-style":"boxed","site-sidebar-style":"unboxed","ast-global-header-display":"","ast-banner-title-visibility":"","ast-main-header-display":"","ast-hfb-above-header-display":"","ast-hfb-below-header-display":"","ast-hfb-mobile-header-display":"","site-post-title":"","ast-breadcrumbs-content":"","ast-featured-img":"","footer-sml-layout":"","ast-disable-related-posts":"","theme-transparent-header-meta":"default","adv-header-id-meta":"","stick-header-meta":"","header-above-stick-meta":"","header-main-stick-meta":"","header-below-stick-meta":"","astra-migrate-meta-layouts":"set","ast-page-background-enabled":"default","ast-page-background-meta":{"desktop":{"background-color":"var(--ast-global-color-4)","background-image":"","background-repeat":"repeat","background-position":"center center","background-size":"auto","background-attachment":"scroll","background-type":"","background-media":"","overlay-type":"","overlay-color":"","overlay-opacity":"","overlay-gradient":""},"tablet":{"background-color":"","background-image":"","background-repeat":"repeat","background-position":"center center","background-size":"auto","background-attachment":"scroll","background-type":"","background-media":"","overlay-type":"","overlay-color":"","overlay-opacity":"","overlay-gradient":""},"mobile":{"background-color":"","background-image":"","background-repeat":"repeat","background-position":"center center","background-size":"auto","background-attachment":"scroll","background-type":"","background-media":"","overlay-type":"","overlay-color":"","overlay-opacity":"","overlay-gradient":""}},"ast-content-background-meta":{"desktop":{"background-color":"var(--ast-global-color-5)","background-image":"","background-repeat":"repeat","background-position":"center center","background-size":"auto","background-attachment":"scroll","background-type":"","background-media":"","overlay-type":"","overlay-color":"","overlay-opacity":"","overlay-gradient":""},"tablet":{"background-color":"var(--ast-global-color-5)","background-image":"","background-repeat":"repeat","background-position":"center center","background-size":"auto","background-attachment":"scroll","background-type":"","background-media":"","overlay-type":"","overlay-color":"","overlay-opacity":"","overlay-gradient":""},"mobile":{"background-color":"var(--ast-global-color-5)","background-image":"","background-repeat":"repeat","background-position":"center center","background-size":"auto","background-attachment":"scroll","background-type":"","background-media":"","overlay-type":"","overlay-color":"","overlay-opacity":"","overlay-gradient":""}},"_joinchat":[]},"product_brand":[],"product_cat":[15,27,25,123,30,26,28],"product_tag":[66,125,96,101,105,120,116],"class_list":{"0":"post-2305","1":"product","2":"type-product","3":"status-publish","4":"has-post-thumbnail","6":"product_cat-new-vape-this-week","7":"product_cat-fance-hot-sale-vape","8":"product_cat-germany-best-selling-vape","9":"product_cat-italy-wholesale-vape","10":"product_cat-minimum-order-quantity-50pcs","11":"product_cat-netherlands-hot-sale-vape","12":"product_cat-poland-hot-sale-vape","13":"product_tag-disposable-vape","14":"product_tag-disposable-vape-italy","15":"product_tag-disposable-vape-wholesale-uk","16":"product_tag-led-display-vape","17":"product_tag-nicotine-free-disposable-vape","18":"product_tag-vape-wholesale","19":"product_tag-vapes","20":"desktop-align-left","21":"tablet-align-left","22":"mobile-align-left","24":"first","25":"instock","26":"sale","27":"shipping-taxable","28":"purchasable","29":"product-type-simple"},"uagb_featured_image_src":{"full":["https:\/\/rmvapesale.com\/wp-content\/uploads\/2024\/10\/WASPE-FIHP-30000-puffs-Tornado-vape-Wholesale-Price.jpg",808,808,false],"thumbnail":["https:\/\/rmvapesale.com\/wp-content\/uploads\/2024\/10\/WASPE-FIHP-30000-puffs-Tornado-vape-Wholesale-Price-150x150.jpg",150,150,true],"medium":["https:\/\/rmvapesale.com\/wp-content\/uploads\/2024\/10\/WASPE-FIHP-30000-puffs-Tornado-vape-Wholesale-Price-300x300.jpg",300,300,true],"medium_large":["https:\/\/rmvapesale.com\/wp-content\/uploads\/2024\/10\/WASPE-FIHP-30000-puffs-Tornado-vape-Wholesale-Price-768x768.jpg",768,768,true],"large":["https:\/\/rmvapesale.com\/wp-content\/uploads\/2024\/10\/WASPE-FIHP-30000-puffs-Tornado-vape-Wholesale-Price.jpg",808,808,false],"1536x1536":["https:\/\/rmvapesale.com\/wp-content\/uploads\/2024\/10\/WASPE-FIHP-30000-puffs-Tornado-vape-Wholesale-Price.jpg",808,808,false],"2048x2048":["https:\/\/rmvapesale.com\/wp-content\/uploads\/2024\/10\/WASPE-FIHP-30000-puffs-Tornado-vape-Wholesale-Price.jpg",808,808,false],"trp-custom-language-flag":["https:\/\/rmvapesale.com\/wp-content\/uploads\/2024\/10\/WASPE-FIHP-30000-puffs-Tornado-vape-Wholesale-Price.jpg",12,12,false],"woocommerce_thumbnail":["https:\/\/rmvapesale.com\/wp-content\/uploads\/2024\/10\/WASPE-FIHP-30000-puffs-Tornado-vape-Wholesale-Price-300x300.jpg",300,300,true],"woocommerce_single":["https:\/\/rmvapesale.com\/wp-content\/uploads\/2024\/10\/WASPE-FIHP-30000-puffs-Tornado-vape-Wholesale-Price-600x600.jpg",600,600,true],"woocommerce_gallery_thumbnail":["https:\/\/rmvapesale.com\/wp-content\/uploads\/2024\/10\/WASPE-FIHP-30000-puffs-Tornado-vape-Wholesale-Price-100x100.jpg",100,100,true],"wcpr-photo-reviews":["https:\/\/rmvapesale.com\/wp-content\/uploads\/2024\/10\/WASPE-FIHP-30000-puffs-Tornado-vape-Wholesale-Price.jpg",500,500,false]},"uagb_author_info":{"display_name":"AMY","author_link":"https:\/\/rmvapesale.com\/es\/author\/"},"uagb_comment_info":0,"uagb_excerpt":"WASPE FIHP 30000 Puffs Disposable Vape Wholesale WASPE FIHP FW 30000 Disposable Vape Bulk Buy WASPE FW 30000 Disposable Vape Box Nicotine Free WhatsApp: +86 17776015835 &nbsp;","_links":{"self":[{"href":"https:\/\/rmvapesale.com\/es\/wp-json\/wp\/v2\/product\/2305","targetHints":{"allow":["GET"]}}],"collection":[{"href":"https:\/\/rmvapesale.com\/es\/wp-json\/wp\/v2\/product"}],"about":[{"href":"https:\/\/rmvapesale.com\/es\/wp-json\/wp\/v2\/types\/product"}],"replies":[{"embeddable":true,"href":"https:\/\/rmvapesale.com\/es\/wp-json\/wp\/v2\/comments?post=2305"}],"wp:featuredmedia":[{"embeddable":true,"href":"https:\/\/rmvapesale.com\/es\/wp-json\/wp\/v2\/media\/2304"}],"wp:attachment":[{"href":"https:\/\/rmvapesale.com\/es\/wp-json\/wp\/v2\/media?parent=2305"}],"wp:term":[{"taxonomy":"product_brand","embeddable":true,"href":"https:\/\/rmvapesale.com\/es\/wp-json\/wp\/v2\/product_brand?post=2305"},{"taxonomy":"product_cat","embeddable":true,"href":"https:\/\/rmvapesale.com\/es\/wp-json\/wp\/v2\/product_cat?post=2305"},{"taxonomy":"product_tag","embeddable":true,"href":"https:\/\/rmvapesale.com\/es\/wp-json\/wp\/v2\/product_tag?post=2305"}],"curies":[{"name":"wp","href":"https:\/\/api.w.org\/{rel}","templated":true}]}}