{"id":2313,"date":"2024-10-09T09:34:18","date_gmt":"2024-10-09T09:34:18","guid":{"rendered":"https:\/\/rmvapesale.com\/?post_type=product&#038;p=2313"},"modified":"2024-10-09T09:51:33","modified_gmt":"2024-10-09T09:51:33","slug":"bang-box-30000-puff-smart-screen-disposable-vape-wholesale","status":"publish","type":"product","link":"https:\/\/rmvapesale.com\/es\/product\/bang-box-30000-puff-smart-screen-disposable-vape-wholesale\/","title":{"rendered":"Bang Box 30000 Puff Smart Screen Venta al por mayor de vapes desechables"},"content":{"rendered":"<div class=\"B2VR9 CJHX3e\">\n<div class=\"wyccme\">\n<h1 class=\"LC20lb MBeuO DKV0Md\">Bang Box 30000 Puff Smart Screen Venta al por mayor de vapes desechables<\/h1>\n<div class=\"flex-shrink-0 flex flex-col relative items-end\">\n<div>\n<div class=\"pt-0\">\n<div class=\"gizmo-bot-avatar flex h-8 w-8 items-center justify-center overflow-hidden rounded-full\">\n<div class=\"relative p-1 rounded-sm flex items-center justify-center bg-token-main-surface-primary text-token-text-primary h-8 w-8\">\n<p>La Caja Bang 30000 Puff Vape Descartable con Pantalla Inteligente est\u00e1 dise\u00f1ada para ofrecer una experiencia de vapeo excepcional, ahora con precio al por mayor disponible en rmvapesale. Con impresionantes 30,000 caladas y una gran capacidad de 35ml de e-l\u00edquido, est\u00e1 dise\u00f1ada para un uso duradero.<\/p>\n<p>Este dispositivo de caja de vapeo desechable ofrece opciones de nicotina de 0%, 2%, 3% o 5%, lo que lo hace adecuado tanto para nuevos usuarios como para los experimentados. Cuenta con una bater\u00eda recargable de 850mAh y una doble bobina de malla, asegurando un sabor intenso y una producci\u00f3n de vapor constante en cada calada.<\/p>\n<p>Lo que distingue a la Bang Box 30k es su pantalla inteligente que muestra los niveles de aceite y energ\u00eda, permitiendo a los usuarios monitorear f\u00e1cilmente el estado de su vapeo. Disponible en 12 sabores \u00fanicos, hay algo para cada preferencia de gusto.<\/p>\n<p>Ideal para compradores al por mayor, la Caja Bang 30000 Puff Vape con Pantalla Inteligente combina comodidad, rendimiento y variedad, convirti\u00e9ndola en una opci\u00f3n principal para minoristas.<\/p>\n<\/div>\n<\/div>\n<\/div>\n<\/div>\n<\/div>\n<div class=\"group\/conversation-turn relative flex w-full min-w-0 flex-col agent-turn\">\n<div class=\"flex-col gap-1 md:gap-3\">\n<div class=\"flex max-w-full flex-col flex-grow\">\n<div class=\"min-h-8 text-message flex w-full flex-col items-end gap-2 whitespace-normal break-words [.text-message+&amp;]:mt-5\" dir=\"auto\" data-message-author-role=\"assistant\" data-message-id=\"871c1362-82be-4876-894c-d28f37ffd3d3\">\n<div class=\"flex w-full flex-col gap-1 empty:hidden first:pt-[3px]\">\n<div class=\"markdown prose w-full break-words dark:prose-invert light\">\n<p>&nbsp;<\/p>\n<\/div>\n<\/div>\n<\/div>\n<\/div>\n<\/div>\n<\/div>\n<\/div>\n<\/div>\n<p><strong>\u00a1Contacta a Amy para obtener una respuesta correcta y m\u00e1s v\u00eddeos de productos!<\/strong><\/p>\n<p><img loading=\"lazy\" decoding=\"async\" class=\"size-full wp-image-1978\" src=\"https:\/\/rmvapesale.com\/wp-content\/uploads\/2024\/09\/Disposable-Vape-Wholesale.jpg\" alt=\"Vape Desechable al por mayor\" width=\"229\" height=\"300\" \/><\/p>\n<h3><a href=\"https:\/\/wa.me\/8617776015835\" target=\"_blank\" rel=\"noopener\"><span style=\"color: #ff0000\"><strong>WhatsApp: +86 17776015835<\/strong><\/span><\/a><\/h3>\n<p>&nbsp;<\/p>\n<h2><\/h2>\n<h2><strong>Caracter\u00edsticas principales de la Vape Bang Box 30000 Puff con Pantalla Inteligente<\/strong><\/h2>\n<p>Nicotina: 0% 2% 3% 5%<br \/>\nCaladas: 30000 caladas<br \/>\nCapacidad: 35ml<br \/>\n12 Sabores Disponibles<br \/>\n850mah Recargable<br \/>\nResistencia de Malla Dual<br \/>\nPantalla Inteligente: Indicador de aceite\/energ\u00eda<\/p>\n<figure id=\"attachment_2311\" aria-describedby=\"caption-attachment-2311\" style=\"width: 300px\" class=\"wp-caption alignnone\"><img loading=\"lazy\" decoding=\"async\" class=\"size-medium wp-image-2311\" src=\"https:\/\/rmvapesale.com\/wp-content\/uploads\/2024\/10\/Bang-Box-30000-Puff-Smart-Screen-E-Cigarettes-300x300.jpg\" alt=\"Vape Bang Box 30000 Puff con Pantalla Inteligente\" width=\"300\" height=\"300\" srcset=\"https:\/\/rmvapesale.com\/wp-content\/uploads\/2024\/10\/Bang-Box-30000-Puff-Smart-Screen-E-Cigarettes-300x300.jpg 300w, https:\/\/rmvapesale.com\/wp-content\/uploads\/2024\/10\/Bang-Box-30000-Puff-Smart-Screen-E-Cigarettes-150x150.jpg 150w, https:\/\/rmvapesale.com\/wp-content\/uploads\/2024\/10\/Bang-Box-30000-Puff-Smart-Screen-E-Cigarettes-768x768.jpg 768w, https:\/\/rmvapesale.com\/wp-content\/uploads\/2024\/10\/Bang-Box-30000-Puff-Smart-Screen-E-Cigarettes-600x600.jpg 600w, https:\/\/rmvapesale.com\/wp-content\/uploads\/2024\/10\/Bang-Box-30000-Puff-Smart-Screen-E-Cigarettes-100x100.jpg 100w, https:\/\/rmvapesale.com\/wp-content\/uploads\/2024\/10\/Bang-Box-30000-Puff-Smart-Screen-E-Cigarettes.jpg 800w\" sizes=\"auto, (max-width: 300px) 100vw, 300px\" \/><figcaption id=\"caption-attachment-2311\" class=\"wp-caption-text\">Vape Bang Box 30000 Puff con Pantalla Inteligente<\/figcaption><\/figure>\n<h2><strong>Sabores principales para los Vapes Bang Box 30000 Puff con Pantalla Inteligente\u00a0<\/strong><\/h2>\n<p>El Vape Desechable de Pantalla Inteligente de Doble Sabor Bang Box 30000 Puffs ofrece 12 sabores deliciosos. Elige entre una variedad de sabores, incluyendo el cl\u00e1sico y refrescante menta fresca, y el ex\u00f3tico dulzor de la uva. Cada uno promete un viaje rico y satisfactorio con cada calada.<\/p>\n<p>1. Fresa Kiwi<br \/>\n2.Explosi\u00f3n Negra<span style=\"color: #ff0000\"><strong>&gt;&gt;&gt;&gt; \u00a1Popular!<\/strong><\/span><br \/>\n3. Sand\u00eda y Fresa<br \/>\n4.Jugo de la jungla<br \/>\n5.Frambuesa \u00c1cida de Ar\u00e1ndano Helado<span style=\"color: #ff0000\"><strong>&gt;&gt;&gt;&gt; \u00a1Popular!<\/strong><\/span><br \/>\n6. Sand\u00eda helada<br \/>\n7.Ar\u00e1ndano Helado<br \/>\n8.Ar\u00e1ndano Granada<br \/>\n9.Explosi\u00f3n Azul<span style=\"color: #ff0000\"><strong>&gt;&gt;&gt;&gt; \u00a1Mejor!<\/strong><\/span><br \/>\n10.Manzana Melocot\u00f3n<br \/>\n11.Maracuy\u00e1<br \/>\n12.Doble Uva<\/p>\n<p>&nbsp;<\/p>\n<div class=\"flex-shrink-0 flex flex-col relative items-end\">\n<div>\n<div class=\"pt-0\">\n<div class=\"gizmo-bot-avatar flex h-8 w-8 items-center justify-center overflow-hidden rounded-full\">\n<div class=\"relative p-1 rounded-sm flex items-center justify-center bg-token-main-surface-primary text-token-text-primary h-8 w-8\">\n<h3><b>PREGUNTAS FRECUENTES<\/b><\/h3>\n<p>&nbsp;<\/p>\n<\/div>\n<\/div>\n<\/div>\n<\/div>\n<\/div>\n<div class=\"group\/conversation-turn relative flex w-full min-w-0 flex-col agent-turn\">\n<div class=\"flex-col gap-1 md:gap-3\">\n<div class=\"flex max-w-full flex-col flex-grow\">\n<div class=\"min-h-8 text-message flex w-full flex-col items-end gap-2 whitespace-normal break-words [.text-message+&amp;]:mt-5\" dir=\"auto\" data-message-author-role=\"assistant\" data-message-id=\"f226d3fc-81f3-46d5-8c46-31787fff0357\">\n<div class=\"flex w-full flex-col gap-1 empty:hidden first:pt-[3px]\">\n<div class=\"markdown prose w-full break-words dark:prose-invert light\">\n<p><strong>P1: \u00bfQu\u00e9 niveles de nicotina est\u00e1n disponibles para el Vape Descartable con Pantalla Inteligente Bang Box 30000 Puff?<\/strong><br \/>\nR1: La Bang Box ofrece opciones de nicotina de 0%, 2%, 3% y 5%, permitiendo a los usuarios elegir seg\u00fan su preferencia.<\/p>\n<p><strong>P2: \u00bfCu\u00e1ntas caladas ofrece el Vape Descartable Bang Box 30000 Puff?<\/strong><br \/>\nR2: Este dispositivo proporciona hasta 30,000 caladas, ofreciendo una experiencia de vapeo prolongada.<\/p>\n<p><strong>P3: \u00bfQu\u00e9 sabores est\u00e1n disponibles para los Vapes con Pantalla LED Bang Box 30000 Puff?<\/strong><br \/>\nR3: Elige entre 12 sabores emocionantes, incluyendo Fresa Kiwi, Explosi\u00f3n Negra, Sand\u00eda con Hielo, Ar\u00e1ndano con Frambuesa \u00c1cida y m\u00e1s.<\/p>\n<p><strong>P4: \u00bfCu\u00e1l es la capacidad del Vape Descartable con Pantalla LED Bang Box 30000 Puff?<\/strong><br \/>\nA4: El vaporizador tiene una capacidad de 35 ml de e-l\u00edquido, garantizando un uso duradero sin recargas frecuentes.<\/p>\n<p><strong>\u00bfC\u00f3mo funciona la funci\u00f3n de pantalla inteligente en el cigarrillo electr\u00f3nico desechable Bang Box 30000 Puff?<\/strong><br \/>\nA5: La pantalla inteligente muestra tanto los niveles de aceite como de bater\u00eda, ayudando a los usuarios a monitorear f\u00e1cilmente el estado de su dispositivo.<\/p>\n<p><strong>\u00bfLa Bang Box 30k Puff Smart Screen E Cigarette es recargable?<\/strong><br \/>\nA6: Yes, it comes with an 850mAh rechargeable battery, ensuring continued usage when needed.<\/p>\n<p><strong>\u00bfQu\u00e9 hace que la bobina de doble malla sea especial en los cigarrillos electr\u00f3nicos Bang Box con pantalla LED de 30.000 caladas?<\/strong><br \/>\nA7: La doble malla de la bobina mejora la producci\u00f3n de vapor y proporciona un sabor m\u00e1s intenso y constante.<\/p>\n<p><strong>\u00bfPuedo comprar el cigarrillo electr\u00f3nico desechable Bang Box 30000 Puff al por mayor?<\/strong><br \/>\nS\u00ed, ofrecemos el <strong>Compra al por mayor de cigarrillos electr\u00f3nicos desechables Bang Box 30000 Puff con pantalla inteligente<\/strong> y opciones al por mayor para minoristas.<\/p>\n<p><strong>Q9: What is the best option for purchasing Bang Box 30000 Puff LED Display Disposable Vapes wholesale?<\/strong><br \/>\nA9: Para los precios m\u00e1s competitivos y opciones al por mayor, puedes explorar el <strong>Bang Box 30000 Puffs Pantalla LED Cigarrillos Electr\u00f3nicos al por mayor<\/strong> deals.<\/p>\n<\/div>\n<\/div>\n<\/div>\n<\/div>\n<\/div>\n<\/div>\n<p>&nbsp;<\/p>\n<h3><\/h3>\n<h3>Sobre el env\u00edo<\/h3>\n<div class=\"flex-shrink-0 flex flex-col relative items-end\">\n<div>\n<div class=\"pt-0\">\n<div class=\"gizmo-bot-avatar flex h-8 w-8 items-center justify-center overflow-hidden rounded-full\">\n<div><\/div>\n<div class=\"relative p-1 rounded-sm flex items-center justify-center bg-token-main-surface-primary text-token-text-primary h-8 w-8\"><strong>1. \u00bfQu\u00e9 m\u00e9todos de env\u00edo se utilizan?<\/strong><\/div>\n<\/div>\n<\/div>\n<\/div>\n<\/div>\n<div class=\"group\/conversation-turn relative flex w-full min-w-0 flex-col agent-turn\">\n<div class=\"flex-col gap-1 md:gap-3\">\n<div class=\"flex max-w-full flex-col flex-grow\">\n<div class=\"min-h-[20px] text-message flex w-full flex-col items-end gap-2 whitespace-normal break-words [.text-message+&amp;]:mt-5 overflow-x-auto\" dir=\"auto\" data-message-author-role=\"assistant\" data-message-id=\"22f8283b-3233-46ff-89a5-c7a41b33abda\">\n<div class=\"flex w-full flex-col gap-1 empty:hidden first:pt-[3px]\">\n<div class=\"markdown prose w-full break-words dark:prose-invert light\">\n<p>Trabajamos con UPS, DHL, FedEx, DPD y otros transportistas l\u00edderes. Seleccionaremos el mejor m\u00e9todo de env\u00edo seg\u00fan su lugar de entrega para garantizar que reciba sus productos lo m\u00e1s r\u00e1pido posible.<\/p>\n<\/div>\n<p><strong>2. \u00bfCu\u00e1nto tiempo tarda en llegar?<\/strong><\/p>\n<p>Los paquetes enviados a Espa\u00f1a suelen llegar en 10 d\u00edas laborables. El env\u00edo a pa\u00edses europeos generalmente tarda entre 12 y 15 d\u00edas h\u00e1biles. Proporcionaremos actualizaciones en tiempo real sobre el estado de su env\u00edo.<\/p>\n<\/div>\n<p><strong>3. Garant\u00eda<\/strong><\/p>\n<p><span style=\"color: #ff0000\"><strong>Todos los productos en nuestra tienda tienen garant\u00eda de ser 100% originales y aut\u00e9nticos. \u00a1Ofrecemos 10 veces la compensaci\u00f3n por productos falsos!<\/strong><\/span><\/p>\n<div class=\"flex w-full flex-col gap-1 empty:hidden first:pt-[3px]\">\n<p>&nbsp;<\/p>\n<\/div>\n<\/div>\n<\/div>\n<\/div>\n<\/div>\n<p>&nbsp;<\/p>\n<p>Otros vapes de venta caliente que te pueden gustar:<\/p>\n<p><a href=\"https:\/\/rmvapesale.com\/es\/product\/aivono-aim-magic-20000-20k-puffs-disposable-vape-pod\/\"><strong>Aivono Aim Magic 20000 Puff\u00a0 \u00a0<span style=\"color: #ff0000\">&gt;&gt;&gt;&gt; \u00a1vamos!<\/span><\/strong><\/a><\/p>\n<p><strong><a href=\"https:\/\/rmvapesale.com\/es\/product\/waspe-fihp-30000-puffs-led-display-disposable-vape-box\/\">WASPE FIHP 30000 Puffs <span style=\"color: #ff0000\">&gt;&gt;&gt;&gt; \u00a1vamos!<\/span><\/a>\u00a0<\/strong><\/p>\n<p><a href=\"https:\/\/rmvapesale.com\/es\/product\/uzy-crystal-pro-max-10k-puffs-disposable-vape-pen-wholesale\/\"><strong>UZY Crystal Pro Max 10k Caladas <span style=\"color: #ff0000\">&gt;&gt;&gt;&gt; \u00a1vamos!<\/span><\/strong><\/a><\/p>\n<p>&nbsp;<\/p>\n<p>&nbsp;<\/p>\n<p>Encuentra m\u00e1s productos de Vape que te puedan gustar:<strong><em><a href=\"https:\/\/rmvapesale.com\/es\/shop-2\/\">comprar ahora &gt;&gt;&gt;<\/a><\/em><\/strong><\/p>","protected":false},"excerpt":{"rendered":"<p>Bang Box 30000 Caladas Pantalla Inteligente Cigarrillos Electr\u00f3nicos Desechables<br \/>\nCaja de Vapeo Bang 30000 Puffs Vape Descartable al por Mayor<br \/>\nCaja Bang 30000 Puffs 0% 2% 3% 5% Compra al por mayor de Nicotina Libre<\/p>\n<p><img loading=\"lazy\" decoding=\"async\" class=\"size-full wp-image-1978\" src=\"https:\/\/rmvapesale.com\/wp-content\/uploads\/2024\/09\/Disposable-Vape-Wholesale.jpg\" alt=\"Vape Desechable al por mayor\" width=\"229\" height=\"300\" \/><\/p>\n<h3><a href=\"https:\/\/wa.me\/8617776015835\"><span style=\"color: #ff0000\"><strong>WhatsApp: +86 17776015835<\/strong><\/span><\/a><\/h3>\n<p>&nbsp;<\/p>","protected":false},"featured_media":2310,"comment_status":"open","ping_status":"closed","template":"","meta":{"_uag_custom_page_level_css":"","_lmt_disableupdate":"","_lmt_disable":"","site-sidebar-layout":"default","site-content-layout":"content-boxed-container","ast-site-content-layout":"normal-width-container","site-content-style":"boxed","site-sidebar-style":"unboxed","ast-global-header-display":"","ast-banner-title-visibility":"","ast-main-header-display":"","ast-hfb-above-header-display":"","ast-hfb-below-header-display":"","ast-hfb-mobile-header-display":"","site-post-title":"","ast-breadcrumbs-content":"","ast-featured-img":"","footer-sml-layout":"","ast-disable-related-posts":"","theme-transparent-header-meta":"default","adv-header-id-meta":"","stick-header-meta":"","header-above-stick-meta":"","header-main-stick-meta":"","header-below-stick-meta":"","astra-migrate-meta-layouts":"set","ast-page-background-enabled":"default","ast-page-background-meta":{"desktop":{"background-color":"var(--ast-global-color-4)","background-image":"","background-repeat":"repeat","background-position":"center center","background-size":"auto","background-attachment":"scroll","background-type":"","background-media":"","overlay-type":"","overlay-color":"","overlay-opacity":"","overlay-gradient":""},"tablet":{"background-color":"","background-image":"","background-repeat":"repeat","background-position":"center center","background-size":"auto","background-attachment":"scroll","background-type":"","background-media":"","overlay-type":"","overlay-color":"","overlay-opacity":"","overlay-gradient":""},"mobile":{"background-color":"","background-image":"","background-repeat":"repeat","background-position":"center center","background-size":"auto","background-attachment":"scroll","background-type":"","background-media":"","overlay-type":"","overlay-color":"","overlay-opacity":"","overlay-gradient":""}},"ast-content-background-meta":{"desktop":{"background-color":"var(--ast-global-color-5)","background-image":"","background-repeat":"repeat","background-position":"center center","background-size":"auto","background-attachment":"scroll","background-type":"","background-media":"","overlay-type":"","overlay-color":"","overlay-opacity":"","overlay-gradient":""},"tablet":{"background-color":"var(--ast-global-color-5)","background-image":"","background-repeat":"repeat","background-position":"center center","background-size":"auto","background-attachment":"scroll","background-type":"","background-media":"","overlay-type":"","overlay-color":"","overlay-opacity":"","overlay-gradient":""},"mobile":{"background-color":"var(--ast-global-color-5)","background-image":"","background-repeat":"repeat","background-position":"center center","background-size":"auto","background-attachment":"scroll","background-type":"","background-media":"","overlay-type":"","overlay-color":"","overlay-opacity":"","overlay-gradient":""}},"_joinchat":[]},"product_brand":[],"product_cat":[15,60,27,25,123,30,26,28],"product_tag":[63,66,125,96,101,105,120],"class_list":{"0":"post-2313","1":"product","2":"type-product","3":"status-publish","4":"has-post-thumbnail","6":"product_cat-new-vape-this-week","7":"product_cat-bang-vapes","8":"product_cat-fance-hot-sale-vape","9":"product_cat-germany-best-selling-vape","10":"product_cat-italy-wholesale-vape","11":"product_cat-minimum-order-quantity-50pcs","12":"product_cat-netherlands-hot-sale-vape","13":"product_cat-poland-hot-sale-vape","14":"product_tag-bang-vapes","15":"product_tag-disposable-vape","16":"product_tag-disposable-vape-italy","17":"product_tag-disposable-vape-wholesale-uk","18":"product_tag-led-display-vape","19":"product_tag-nicotine-free-disposable-vape","20":"product_tag-vape-wholesale","21":"desktop-align-left","22":"tablet-align-left","23":"mobile-align-left","25":"first","26":"instock","27":"sale","28":"shipping-taxable","29":"purchasable","30":"product-type-simple"},"uagb_featured_image_src":{"full":["https:\/\/rmvapesale.com\/wp-content\/uploads\/2024\/10\/Bang-Box-30000-Puff-Smart-Screen-Disposable-Vape.jpg",800,801,false],"thumbnail":["https:\/\/rmvapesale.com\/wp-content\/uploads\/2024\/10\/Bang-Box-30000-Puff-Smart-Screen-Disposable-Vape-150x150.jpg",150,150,true],"medium":["https:\/\/rmvapesale.com\/wp-content\/uploads\/2024\/10\/Bang-Box-30000-Puff-Smart-Screen-Disposable-Vape-300x300.jpg",300,300,true],"medium_large":["https:\/\/rmvapesale.com\/wp-content\/uploads\/2024\/10\/Bang-Box-30000-Puff-Smart-Screen-Disposable-Vape-768x769.jpg",768,769,true],"large":["https:\/\/rmvapesale.com\/wp-content\/uploads\/2024\/10\/Bang-Box-30000-Puff-Smart-Screen-Disposable-Vape.jpg",800,801,false],"1536x1536":["https:\/\/rmvapesale.com\/wp-content\/uploads\/2024\/10\/Bang-Box-30000-Puff-Smart-Screen-Disposable-Vape.jpg",800,801,false],"2048x2048":["https:\/\/rmvapesale.com\/wp-content\/uploads\/2024\/10\/Bang-Box-30000-Puff-Smart-Screen-Disposable-Vape.jpg",800,801,false],"trp-custom-language-flag":["https:\/\/rmvapesale.com\/wp-content\/uploads\/2024\/10\/Bang-Box-30000-Puff-Smart-Screen-Disposable-Vape.jpg",12,12,false],"woocommerce_thumbnail":["https:\/\/rmvapesale.com\/wp-content\/uploads\/2024\/10\/Bang-Box-30000-Puff-Smart-Screen-Disposable-Vape-300x300.jpg",300,300,true],"woocommerce_single":["https:\/\/rmvapesale.com\/wp-content\/uploads\/2024\/10\/Bang-Box-30000-Puff-Smart-Screen-Disposable-Vape-600x601.jpg",600,601,true],"woocommerce_gallery_thumbnail":["https:\/\/rmvapesale.com\/wp-content\/uploads\/2024\/10\/Bang-Box-30000-Puff-Smart-Screen-Disposable-Vape-100x100.jpg",100,100,true],"wcpr-photo-reviews":["https:\/\/rmvapesale.com\/wp-content\/uploads\/2024\/10\/Bang-Box-30000-Puff-Smart-Screen-Disposable-Vape.jpg",500,500,false]},"uagb_author_info":{"display_name":"AMY","author_link":"https:\/\/rmvapesale.com\/es\/author\/"},"uagb_comment_info":0,"uagb_excerpt":"Bang Box 30000 Puffs Smart Screen Disposable E Cigarettes Bang Vape Box 30000 Puffs Disposable Vape Wholesale Bang Box 30000 Puffs 0% 2% 3% 5% Free Nicotine Bulk Buy WhatsApp: +86 17776015835 &nbsp;","_links":{"self":[{"href":"https:\/\/rmvapesale.com\/es\/wp-json\/wp\/v2\/product\/2313","targetHints":{"allow":["GET"]}}],"collection":[{"href":"https:\/\/rmvapesale.com\/es\/wp-json\/wp\/v2\/product"}],"about":[{"href":"https:\/\/rmvapesale.com\/es\/wp-json\/wp\/v2\/types\/product"}],"replies":[{"embeddable":true,"href":"https:\/\/rmvapesale.com\/es\/wp-json\/wp\/v2\/comments?post=2313"}],"wp:featuredmedia":[{"embeddable":true,"href":"https:\/\/rmvapesale.com\/es\/wp-json\/wp\/v2\/media\/2310"}],"wp:attachment":[{"href":"https:\/\/rmvapesale.com\/es\/wp-json\/wp\/v2\/media?parent=2313"}],"wp:term":[{"taxonomy":"product_brand","embeddable":true,"href":"https:\/\/rmvapesale.com\/es\/wp-json\/wp\/v2\/product_brand?post=2313"},{"taxonomy":"product_cat","embeddable":true,"href":"https:\/\/rmvapesale.com\/es\/wp-json\/wp\/v2\/product_cat?post=2313"},{"taxonomy":"product_tag","embeddable":true,"href":"https:\/\/rmvapesale.com\/es\/wp-json\/wp\/v2\/product_tag?post=2313"}],"curies":[{"name":"wp","href":"https:\/\/api.w.org\/{rel}","templated":true}]}}