{"id":2336,"date":"2024-10-11T01:37:04","date_gmt":"2024-10-11T01:37:04","guid":{"rendered":"https:\/\/rmvapesale.com\/?post_type=product&#038;p=2336"},"modified":"2024-10-11T02:17:52","modified_gmt":"2024-10-11T02:17:52","slug":"elf-box-rgb-14000-puffs-low-nicotine-disposable-vape","status":"publish","type":"product","link":"https:\/\/rmvapesale.com\/es\/product\/elf-box-rgb-14000-puffs-low-nicotine-disposable-vape\/","title":{"rendered":"Vapeador desechable con bajo contenido de nicotina ELF BOX RGB 14000 caladas"},"content":{"rendered":"<div class=\"B2VR9 CJHX3e\">\n<div class=\"wyccme\">\n<h1 class=\"LC20lb MBeuO DKV0Md\">ELF BOX RGB 14000 Pro Caladas Vape desechable de baja nicotina<\/h1>\n<div class=\"flex-shrink-0 flex flex-col relative items-end\">\n<div class=\"pt-0\">\n<div class=\"gizmo-bot-avatar flex h-8 w-8 items-center justify-center overflow-hidden rounded-full\">\n<div class=\"relative p-1 rounded-sm flex items-center justify-center bg-token-main-surface-primary text-token-text-primary h-8 w-8\">\n<p>\u00bfBuscas un vape que combine estilo, potencia y sabor? \u00a1El ELF BOX RGB 14000 pro Caladas Vape desechable de baja nicotina lo tiene todo! Con unas impresionantes 14,000 caladas, este dispositivo es perfecto para vapear que desean satisfacci\u00f3n duradera sin reemplazos constantes.<\/p>\n<p>Equipado con una bobina de malla de 1.0 ohmios y una generosa capacidad de 25 ml de e-l\u00edquido, el ELF BOX ofrece golpes suaves y llenos de sabor en cada uso. Elige entre opciones sin nicotina 0%, nicotina baja 2%, 3% o 5%, ideal para quienes desean reducir su ingesta de nicotina o disfrutar de una sensaci\u00f3n m\u00e1s fuerte.<\/p>\n<p>La bater\u00eda recargable de 600mAh y la carga Tipo-C aseguran que tu vape est\u00e9 siempre listo para usar, y este vape con pantalla LED te mantiene en control de tus niveles de bater\u00eda y e-l\u00edquido. Adem\u00e1s, con iluminaci\u00f3n RGB genial y una pr\u00e1ctica cuerda, el ELF BOX RGB14000 no es solo un vape\u2014\u00a1es un accesorio con estilo!<\/p>\n<p>Prep\u00e1rate para iluminar tu experiencia de vapeo con el ELF BOX RGB 14000 caladas Vape desechable de baja nicotina\u2014\u00a1la combinaci\u00f3n definitiva de rendimiento y estilo! Perfecto para quienes desean comprar al por mayor y abastecerse del dispositivo de vapeo m\u00e1s popular.<\/p>\n<p>&nbsp;<\/p>\n<\/div>\n<\/div>\n<\/div>\n<\/div>\n<\/div>\n<\/div>\n<p><strong>\u00a1Contacta a Amy para obtener una respuesta correcta y m\u00e1s v\u00eddeos de productos!<\/strong><\/p>\n<p><img loading=\"lazy\" decoding=\"async\" class=\"size-full wp-image-1978\" src=\"https:\/\/rmvapesale.com\/wp-content\/uploads\/2024\/09\/Disposable-Vape-Wholesale.jpg\" alt=\"Vape Desechable al por mayor\" width=\"229\" height=\"300\" \/><\/p>\n<h3><a href=\"https:\/\/wa.me\/8617776015835\" target=\"_blank\" rel=\"noopener\"><span style=\"color: #ff0000\"><strong>WhatsApp: +86 17776015835<\/strong><\/span><\/a><\/h3>\n<p>&nbsp;<\/p>\n<h2><\/h2>\n<h2><strong>Caracter\u00edsticas clave del ELF BOX RGB 14000 caladas Vape<\/strong><\/h2>\n<ul>\n<li><strong>Alto conteo de inhalaciones<\/strong>: Obt\u00e9n hasta <strong>14,000 caladas<\/strong>, asegurando un vapeo duradero e ininterrumpido.<\/li>\n<li><strong>Gran capacidad de e-l\u00edquido<\/strong>: El <strong>Tanque de 25ml<\/strong> que reduce la necesidad de rellenados frecuentes, ofreciendo un uso prolongado.<\/li>\n<li><strong>Tecnolog\u00eda de resistencia de malla<\/strong>: Disfruta de un sabor mejorado y producci\u00f3n de vapor suave con la <strong>bobina de malla de 1.0 ohmios<\/strong>.<\/li>\n<li><strong>Bater\u00eda recargable<\/strong>: Equipado con una <strong>bater\u00eda de 600mAh<\/strong>, que proporciona potencia duradera y f\u00e1cil recarga.<\/li>\n<li><strong>Carga tipo C<\/strong>: Recarga r\u00e1pida y conveniente con el moderno <strong>conector Tipo-C<\/strong>.<\/li>\n<li><strong>Pantalla LED<\/strong>: Mantente informado con la <strong>pantalla LED<\/strong> que muestra tus niveles de bater\u00eda y e-l\u00edquido.<\/li>\n<li><strong>Luz RGB y Cord\u00f3n<\/strong>: A\u00f1ade estilo a tu vapeo con iluminaci\u00f3n vibrante <strong>iluminaci\u00f3n RGB<\/strong> y un <strong>cord\u00f3n<\/strong> para llevarlo f\u00e1cilmente.<\/li>\n<li><strong>Opciones de Nicotina<\/strong>: Disponible en <strong>0%, 2%, 3%, y 5%<\/strong> niveles de nicotina para adaptarse a tus preferencias.<\/li>\n<\/ul>\n<figure id=\"attachment_2332\" aria-describedby=\"caption-attachment-2332\" style=\"width: 800px\" class=\"wp-caption alignnone\"><img loading=\"lazy\" decoding=\"async\" class=\"wp-image-2332 size-full\" src=\"https:\/\/rmvapesale.com\/wp-content\/uploads\/2024\/10\/ELF-BOX-RGB14000-pro-Disposable-Vape-Cheape-Price.png\" alt=\"ELF BOX RGB 14000 pro Vape desechable a buen precio\" width=\"800\" height=\"800\" srcset=\"https:\/\/rmvapesale.com\/wp-content\/uploads\/2024\/10\/ELF-BOX-RGB14000-pro-Disposable-Vape-Cheape-Price.png 800w, https:\/\/rmvapesale.com\/wp-content\/uploads\/2024\/10\/ELF-BOX-RGB14000-pro-Disposable-Vape-Cheape-Price-300x300.png 300w, https:\/\/rmvapesale.com\/wp-content\/uploads\/2024\/10\/ELF-BOX-RGB14000-pro-Disposable-Vape-Cheape-Price-150x150.png 150w, https:\/\/rmvapesale.com\/wp-content\/uploads\/2024\/10\/ELF-BOX-RGB14000-pro-Disposable-Vape-Cheape-Price-768x768.png 768w, https:\/\/rmvapesale.com\/wp-content\/uploads\/2024\/10\/ELF-BOX-RGB14000-pro-Disposable-Vape-Cheape-Price-600x600.png 600w, https:\/\/rmvapesale.com\/wp-content\/uploads\/2024\/10\/ELF-BOX-RGB14000-pro-Disposable-Vape-Cheape-Price-100x100.png 100w\" sizes=\"auto, (max-width: 800px) 100vw, 800px\" \/><figcaption id=\"caption-attachment-2332\" class=\"wp-caption-text\">ELF BOX RGB 14000 pro Vape desechable a buen precio<\/figcaption><\/figure>\n<h2><strong>Sabor principal para ELF BOX RGB 14000 caladas, cigarrillos electr\u00f3nicos\u00a0<\/strong><\/h2>\n<p>Con 10 sabores incre\u00edbles para elegir, incluyendo opciones frutales y heladas, el ELF BOX RGB 14000 caladas ofrece algo para cada gusto.<\/p>\n<p>1. Fresa Sand\u00eda <span style=\"color: #ff0000\"><strong>&gt;&gt;&gt;&gt; \u00a1Popular!<\/strong><\/span><br \/>\n2. Blue Razz Ice<span style=\"color: #ff0000\"><strong>&gt;&gt;&gt;&gt; \u00a1Mejor!<\/strong><\/span><br \/>\n3. Fresa Hielo<br \/>\n4. Hielo de uva<br \/>\n5. Menta Hielo<br \/>\n6. Red Bull <span style=\"color: #ff0000\"><strong>&gt;&gt;&gt;&gt; \u00a1Popular!<\/strong><\/span><br \/>\n7. Doble Manzana<br \/>\n8. Hielo Exuberante<br \/>\n9. Durazno Mango<br \/>\n10. Soda de Cereza<\/p>\n<p>&nbsp;<\/p>\n<h3><strong>\u00bfPor qu\u00e9 elegir Rmvapesale para tu ELF BOX Vape RGB 14000 pro caladas?<\/strong><\/h3>\n<div class=\"flex-shrink-0 flex flex-col relative items-end\">\n<div class=\"pt-0\">\n<div class=\"gizmo-bot-avatar flex h-8 w-8 items-center justify-center overflow-hidden rounded-full\">\n<div class=\"relative p-1 rounded-sm flex items-center justify-center bg-token-main-surface-primary text-token-text-primary h-8 w-8\">\n<p>&nbsp;<\/p>\n<p>Cuando eliges Rmvapesale para tus necesidades de vapeadores desechables al por mayor, te beneficiar\u00e1s de:<\/p>\n<ul>\n<li><strong>Precio competitivo<\/strong>: Obt\u00e9n acceso a atractivos precios al por mayor que impulsan los m\u00e1rgenes de tu negocio.<\/li>\n<li><strong>Alta calidad<\/strong>: Nuestros vapes est\u00e1n fabricados con los m\u00e1s altos est\u00e1ndares, y <span style=\"color: #ff0000\"><strong>garantizados 100% originales y aut\u00e9nticos. \u00a1Se proporcionar\u00e1 una compensaci\u00f3n de 10 veces por productos falsos!<\/strong><\/span><\/li>\n<li><strong>Excelente servicio al cliente<\/strong>: Nuestro equipo dedicado est\u00e1 siempre listo para ayudarle, haciendo que su proceso de compra sea f\u00e1cil y sin complicaciones.<\/li>\n<li><strong>R\u00e1pido<\/strong>: Espere un env\u00edo r\u00e1pido y confiable, asegurando que sus pedidos lleguen a tiempo, siempre.<\/li>\n<\/ul>\n<h3><\/h3>\n<h3><b>PREGUNTAS FRECUENTES<\/b><\/h3>\n<p><strong>P1: \u00bfCu\u00e1ntas caladas proporciona el cigarrillo electr\u00f3nico ELF BOX RGB 14000 caladas?<\/strong><br \/>\nA1: El <strong>Vape desechable ELF BOX RGB 14000 caladas<\/strong> ofrece un rendimiento impresionante <strong>14,000 caladas<\/strong>, perfecto para un disfrute duradero sin reemplazos frecuentes.<\/p>\n<p><strong>P2: \u00bfQu\u00e9 sabores est\u00e1n disponibles para el Vape Descartable Elf Box RGB 14000 Pro?<\/strong><br \/>\nR2: Disfruta de una variedad de sabores deliciosos, incluyendo <strong>Fresa Sand\u00eda<\/strong>, <strong>Hielo de Frambuesa Azul<\/strong>, <strong>Hielo de Uva<\/strong>, <strong>Melocot\u00f3n Mango<\/strong>y <strong>Menta Hielo<\/strong>\u2014\u00a1hay algo para todos!<\/p>\n<p><strong>P3: \u00bfCu\u00e1l es la capacidad de e-l\u00edquido del Vape Pod Elf Box RGB 14000 Pro?<\/strong><br \/>\nR3: El dispositivo cuenta con un <strong>capacidad de 25 ml de e-l\u00edquido<\/strong>, minimizando la necesidad de rellenados constantes y maximizando tu experiencia de vapeo.<\/p>\n<p><strong>P4: \u00bfQu\u00e9 niveles de nicotina se ofrecen en el Vape Descartable Elf Box VAPE RGB 14000 Puff?<\/strong><br \/>\nA4: Puedes elegir entre niveles de nicotina de <strong>niveles de nicotina de 0%, 2%, 3% y 5%<\/strong>, permiti\u00e9ndote encontrar la potencia perfecta para tus necesidades de vapeo.<\/p>\n<p><strong>P5: \u00bfC\u00f3mo mejora la funci\u00f3n de luz RGB el Vape Pod Elf Box RGB 14000 Puffs?<\/strong><br \/>\nR5: La vibrante <strong>iluminaci\u00f3n RGB<\/strong> agrega un toque divertido y elegante a tu vapeo, \u00a1haciendo que destaque dondequiera que vayas!<\/p>\n<p><strong>P6: \u00bfEl Vape Desechable Elf Box RGB 14000 Pro es recargable?<\/strong><br \/>\nR6: S\u00ed, el dispositivo est\u00e1 equipado con un <strong>Bater\u00eda recargable de 600mAh<\/strong> y cuenta con <strong>carga tipo C<\/strong> para una recarga r\u00e1pida y sencilla.<\/p>\n<p><strong>P7: \u00bfPuedo comprar los Cigarrillos Electr\u00f3nicos Elf Box RGB 14000 Puffs al por mayor?<\/strong><br \/>\nR7: \u00a1Por supuesto! Ofrecemos opciones mayoristas para los <strong>Cigarrillos Electr\u00f3nicos Elf Box RGB 14000 Puffs<\/strong>, perfectos para minoristas que desean abastecerse de este vapeo popular.<\/p>\n<\/div>\n<\/div>\n<\/div>\n<\/div>\n<div class=\"group\/conversation-turn relative flex w-full min-w-0 flex-col agent-turn\">\n<div class=\"flex-col gap-1 md:gap-3\">\n<div class=\"flex max-w-full flex-col flex-grow\">\n<div class=\"min-h-8 text-message flex w-full flex-col items-end gap-2 whitespace-normal break-words [.text-message+&amp;]:mt-5\" dir=\"auto\" data-message-author-role=\"assistant\" data-message-id=\"f226d3fc-81f3-46d5-8c46-31787fff0357\">\n<div class=\"flex w-full flex-col gap-1 empty:hidden first:pt-[3px]\">\n<div class=\"markdown prose w-full break-words dark:prose-invert light\">\n<p>&nbsp;<\/p>\n<\/div>\n<\/div>\n<\/div>\n<\/div>\n<\/div>\n<\/div>\n<h3>Sobre el env\u00edo<\/h3>\n<div class=\"flex-shrink-0 flex flex-col relative items-end\">\n<div>\n<div class=\"pt-0\">\n<div class=\"gizmo-bot-avatar flex h-8 w-8 items-center justify-center overflow-hidden rounded-full\">\n<div><\/div>\n<div class=\"relative p-1 rounded-sm flex items-center justify-center bg-token-main-surface-primary text-token-text-primary h-8 w-8\"><strong>1. \u00bfQu\u00e9 m\u00e9todos de env\u00edo se utilizan?<\/strong><\/div>\n<\/div>\n<\/div>\n<\/div>\n<\/div>\n<div class=\"group\/conversation-turn relative flex w-full min-w-0 flex-col agent-turn\">\n<div class=\"flex-col gap-1 md:gap-3\">\n<div class=\"flex max-w-full flex-col flex-grow\">\n<div class=\"min-h-[20px] text-message flex w-full flex-col items-end gap-2 whitespace-normal break-words [.text-message+&amp;]:mt-5 overflow-x-auto\" dir=\"auto\" data-message-author-role=\"assistant\" data-message-id=\"22f8283b-3233-46ff-89a5-c7a41b33abda\">\n<div class=\"flex w-full flex-col gap-1 empty:hidden first:pt-[3px]\">\n<div class=\"markdown prose w-full break-words dark:prose-invert light\">\n<p>Trabajamos con UPS, DHL, FedEx, DPD y otros transportistas l\u00edderes. Seleccionaremos el mejor m\u00e9todo de env\u00edo seg\u00fan su lugar de entrega para garantizar que reciba sus productos lo m\u00e1s r\u00e1pido posible.<\/p>\n<\/div>\n<p><strong>2. \u00bfCu\u00e1nto tiempo tarda en llegar?<\/strong><\/p>\n<p>Los paquetes enviados a Espa\u00f1a suelen llegar en 10 d\u00edas laborables. El env\u00edo a pa\u00edses europeos generalmente tarda entre 12 y 15 d\u00edas h\u00e1biles. Proporcionaremos actualizaciones en tiempo real sobre el estado de su env\u00edo.<\/p>\n<\/div>\n<\/div>\n<\/div>\n<\/div>\n<\/div>\n<p>&nbsp;<\/p>\n<p>Otros vapes de venta caliente que te pueden gustar:<\/p>\n<p><a href=\"https:\/\/rmvapesale.com\/es\/product\/waspe-12000-puffs-disposable-vape-pen\/\"><strong>WASPE 12000 Inhalaciones\u00a0 \u00a0<span style=\"color: #ff0000\">&gt;&gt;&gt;&gt; \u00a1vamos!<\/span><\/strong><\/a><\/p>\n<p><strong><a href=\"https:\/\/rmvapesale.com\/es\/product\/waspe-fihp-30000-puffs-led-display-disposable-vape-box\/\">WASPE FIHP 30000 Puffs <span style=\"color: #ff0000\">&gt;&gt;&gt;&gt; \u00a1vamos!<\/span><\/a>\u00a0<\/strong><\/p>\n<h2 class=\"woocommerce-loop-product__title\"><a style=\"font-size: 16px\" href=\"https:\/\/rmvapesale.com\/es\/product\/bang-box-30000-puff-double-taste-smart-screen-disposable-vape-wholesale\/\"><strong>Bang Box 30000 Puff Doble Sabor <span style=\"color: #ff0000\">&gt;&gt;&gt;&gt; \u00a1vamos!<\/span><\/strong><\/a><\/h2>\n<p>&nbsp;<\/p>\n<p>&nbsp;<\/p>\n<p>Encuentra m\u00e1s productos de Vape que te puedan gustar:<strong><em><a href=\"https:\/\/rmvapesale.com\/es\/shop-2\/\">comprar ahora &gt;&gt;&gt;<\/a><\/em><\/strong><\/p>","protected":false},"excerpt":{"rendered":"<p>Compra al por mayor ELF BOX RGB14000 caladas Vape desechable de baja nicotina<br \/>\nElf Box Vape RGB 14000 Pro Caladas Cigarros Electr\u00f3nicos Desechables Sabor<br \/>\nELF Box RGB 14000 caladas Vape desechable al por mayor<\/p>\n<p><img loading=\"lazy\" decoding=\"async\" class=\"size-full wp-image-1978\" src=\"https:\/\/rmvapesale.com\/wp-content\/uploads\/2024\/09\/Disposable-Vape-Wholesale.jpg\" alt=\"Vape Desechable al por mayor\" width=\"229\" height=\"300\" \/><\/p>\n<h3><a href=\"https:\/\/wa.me\/8617776015835\"><span style=\"color: #ff0000\"><strong>WhatsApp: +86 17776015835<\/strong><\/span><\/a><\/h3>\n<p>&nbsp;<\/p>","protected":false},"featured_media":2335,"comment_status":"open","ping_status":"closed","template":"","meta":{"_uag_custom_page_level_css":"","_lmt_disableupdate":"","_lmt_disable":"","site-sidebar-layout":"default","site-content-layout":"content-boxed-container","ast-site-content-layout":"normal-width-container","site-content-style":"boxed","site-sidebar-style":"unboxed","ast-global-header-display":"","ast-banner-title-visibility":"","ast-main-header-display":"","ast-hfb-above-header-display":"","ast-hfb-below-header-display":"","ast-hfb-mobile-header-display":"","site-post-title":"","ast-breadcrumbs-content":"","ast-featured-img":"","footer-sml-layout":"","ast-disable-related-posts":"","theme-transparent-header-meta":"default","adv-header-id-meta":"","stick-header-meta":"","header-above-stick-meta":"","header-main-stick-meta":"","header-below-stick-meta":"","astra-migrate-meta-layouts":"set","ast-page-background-enabled":"default","ast-page-background-meta":{"desktop":{"background-color":"var(--ast-global-color-4)","background-image":"","background-repeat":"repeat","background-position":"center center","background-size":"auto","background-attachment":"scroll","background-type":"","background-media":"","overlay-type":"","overlay-color":"","overlay-opacity":"","overlay-gradient":""},"tablet":{"background-color":"","background-image":"","background-repeat":"repeat","background-position":"center center","background-size":"auto","background-attachment":"scroll","background-type":"","background-media":"","overlay-type":"","overlay-color":"","overlay-opacity":"","overlay-gradient":""},"mobile":{"background-color":"","background-image":"","background-repeat":"repeat","background-position":"center center","background-size":"auto","background-attachment":"scroll","background-type":"","background-media":"","overlay-type":"","overlay-color":"","overlay-opacity":"","overlay-gradient":""}},"ast-content-background-meta":{"desktop":{"background-color":"var(--ast-global-color-5)","background-image":"","background-repeat":"repeat","background-position":"center center","background-size":"auto","background-attachment":"scroll","background-type":"","background-media":"","overlay-type":"","overlay-color":"","overlay-opacity":"","overlay-gradient":""},"tablet":{"background-color":"var(--ast-global-color-5)","background-image":"","background-repeat":"repeat","background-position":"center center","background-size":"auto","background-attachment":"scroll","background-type":"","background-media":"","overlay-type":"","overlay-color":"","overlay-opacity":"","overlay-gradient":""},"mobile":{"background-color":"var(--ast-global-color-5)","background-image":"","background-repeat":"repeat","background-position":"center center","background-size":"auto","background-attachment":"scroll","background-type":"","background-media":"","overlay-type":"","overlay-color":"","overlay-opacity":"","overlay-gradient":""}},"_joinchat":[]},"product_brand":[],"product_cat":[15,60,128,27,25,123,30,26,28],"product_tag":[131,66,125,126,130,129,101,105,120],"class_list":{"0":"post-2336","1":"product","2":"type-product","3":"status-publish","4":"has-post-thumbnail","6":"product_cat-new-vape-this-week","7":"product_cat-bang-vapes","8":"product_cat-elf-box-disposable-vapes","9":"product_cat-fance-hot-sale-vape","10":"product_cat-germany-best-selling-vape","11":"product_cat-italy-wholesale-vape","12":"product_cat-minimum-order-quantity-50pcs","13":"product_cat-netherlands-hot-sale-vape","14":"product_cat-poland-hot-sale-vape","15":"product_tag-big-puff-vape","16":"product_tag-disposable-vape","17":"product_tag-disposable-vape-italy","18":"product_tag-e-cigarettes","19":"product_tag-elf-box","20":"product_tag-elf-box-vape","21":"product_tag-led-display-vape","22":"product_tag-nicotine-free-disposable-vape","23":"product_tag-vape-wholesale","24":"desktop-align-left","25":"tablet-align-left","26":"mobile-align-left","28":"first","29":"instock","30":"sale","31":"shipping-taxable","32":"purchasable","33":"product-type-simple"},"uagb_featured_image_src":{"full":["https:\/\/rmvapesale.com\/wp-content\/uploads\/2024\/10\/ELF-BOX-Vape-RGB14000-pro.png",800,800,false],"thumbnail":["https:\/\/rmvapesale.com\/wp-content\/uploads\/2024\/10\/ELF-BOX-Vape-RGB14000-pro-150x150.png",150,150,true],"medium":["https:\/\/rmvapesale.com\/wp-content\/uploads\/2024\/10\/ELF-BOX-Vape-RGB14000-pro-300x300.png",300,300,true],"medium_large":["https:\/\/rmvapesale.com\/wp-content\/uploads\/2024\/10\/ELF-BOX-Vape-RGB14000-pro-768x768.png",768,768,true],"large":["https:\/\/rmvapesale.com\/wp-content\/uploads\/2024\/10\/ELF-BOX-Vape-RGB14000-pro.png",800,800,false],"1536x1536":["https:\/\/rmvapesale.com\/wp-content\/uploads\/2024\/10\/ELF-BOX-Vape-RGB14000-pro.png",800,800,false],"2048x2048":["https:\/\/rmvapesale.com\/wp-content\/uploads\/2024\/10\/ELF-BOX-Vape-RGB14000-pro.png",800,800,false],"trp-custom-language-flag":["https:\/\/rmvapesale.com\/wp-content\/uploads\/2024\/10\/ELF-BOX-Vape-RGB14000-pro.png",12,12,false],"woocommerce_thumbnail":["https:\/\/rmvapesale.com\/wp-content\/uploads\/2024\/10\/ELF-BOX-Vape-RGB14000-pro-300x300.png",300,300,true],"woocommerce_single":["https:\/\/rmvapesale.com\/wp-content\/uploads\/2024\/10\/ELF-BOX-Vape-RGB14000-pro-600x600.png",600,600,true],"woocommerce_gallery_thumbnail":["https:\/\/rmvapesale.com\/wp-content\/uploads\/2024\/10\/ELF-BOX-Vape-RGB14000-pro-100x100.png",100,100,true],"wcpr-photo-reviews":["https:\/\/rmvapesale.com\/wp-content\/uploads\/2024\/10\/ELF-BOX-Vape-RGB14000-pro.png",500,500,false]},"uagb_author_info":{"display_name":"AMY","author_link":"https:\/\/rmvapesale.com\/es\/author\/"},"uagb_comment_info":0,"uagb_excerpt":"Elf Box RGB14000 Puff Low Nicotine Disposable Vape Bulk Buy Elf Box Vape RGB 14000 Pro Puffs Disposable E Cigarettes Flavor ELF Box RGB 14000 Puffs Disposable Vape Wholesale WhatsApp: +86 17776015835 &nbsp;","_links":{"self":[{"href":"https:\/\/rmvapesale.com\/es\/wp-json\/wp\/v2\/product\/2336","targetHints":{"allow":["GET"]}}],"collection":[{"href":"https:\/\/rmvapesale.com\/es\/wp-json\/wp\/v2\/product"}],"about":[{"href":"https:\/\/rmvapesale.com\/es\/wp-json\/wp\/v2\/types\/product"}],"replies":[{"embeddable":true,"href":"https:\/\/rmvapesale.com\/es\/wp-json\/wp\/v2\/comments?post=2336"}],"wp:featuredmedia":[{"embeddable":true,"href":"https:\/\/rmvapesale.com\/es\/wp-json\/wp\/v2\/media\/2335"}],"wp:attachment":[{"href":"https:\/\/rmvapesale.com\/es\/wp-json\/wp\/v2\/media?parent=2336"}],"wp:term":[{"taxonomy":"product_brand","embeddable":true,"href":"https:\/\/rmvapesale.com\/es\/wp-json\/wp\/v2\/product_brand?post=2336"},{"taxonomy":"product_cat","embeddable":true,"href":"https:\/\/rmvapesale.com\/es\/wp-json\/wp\/v2\/product_cat?post=2336"},{"taxonomy":"product_tag","embeddable":true,"href":"https:\/\/rmvapesale.com\/es\/wp-json\/wp\/v2\/product_tag?post=2336"}],"curies":[{"name":"wp","href":"https:\/\/api.w.org\/{rel}","templated":true}]}}