{"id":2337,"date":"2024-10-11T02:20:34","date_gmt":"2024-10-11T02:20:34","guid":{"rendered":"https:\/\/rmvapesale.com\/?post_type=product&#038;p=2337"},"modified":"2024-10-11T03:12:50","modified_gmt":"2024-10-11T03:12:50","slug":"elf-box-vape-bk12000-puff-disposable-pod-wholesale","status":"publish","type":"product","link":"https:\/\/rmvapesale.com\/es\/product\/elf-box-vape-bk12000-puff-disposable-pod-wholesale\/","title":{"rendered":"Vape ELF BOX BK12000 Puff Desechable Venta al por Mayor"},"content":{"rendered":"<div class=\"B2VR9 CJHX3e\">\n<div class=\"wyccme\">\n<h1 class=\"LC20lb MBeuO DKV0Md\">Vape ELF BOX BK12000 Puff Desechable Venta al por Mayor<\/h1>\n<div class=\"flex-shrink-0 flex flex-col relative items-end\">\n<div class=\"pt-0\">\n<div class=\"gizmo-bot-avatar flex h-8 w-8 items-center justify-center overflow-hidden rounded-full\">\n<div class=\"relative p-1 rounded-sm flex items-center justify-center bg-token-main-surface-primary text-token-text-primary h-8 w-8\">\n<p>\u00bfBuscas un vape que ofrezca un gran rendimiento y sabor? \u00a1El ELF BOX Vape BK12000 Puff Pod Desechable te tiene cubierto! Con la friolera de 12,000 inhalaciones, este dispositivo es perfecto para aquellos que desean una experiencia de vapeo duradera y sin complicaciones.<\/p>\n<p>Equipado con una resistencia de malla de 0.8ohm, este pod de vape garantiza una producci\u00f3n de vapor suave y un sabor mejorado en cada calada. La generosa capacidad de 23 ml de e-l\u00edquido significa menos recargas, lo que te permite disfrutar de un vapeo ininterrumpido durante todo el d\u00eda. Ya sea que busques satisfacer tus antojos con opciones de nicotina 0%, 2%, 3% o 5%, este dispositivo se adapta a todas las preferencias.<\/p>\n<p>El vape desechable ELF BOX BK12000 contiene una bater\u00eda recargable de 650 mAh con carga Tipo-C que garantiza recargas r\u00e1pidas y convenientes, para que nunca te quedes esperando. Compacto pero potente, el ELF BOX BK12000 est\u00e1 dise\u00f1ado para brindar comodidad sin sacrificar el sabor o el rendimiento.<\/p>\n<p>Perfecto para compradores al por mayor, el ELF BOX Vape BK12000 Puff Pod Desechable es la mejor opci\u00f3n para los vapeadores que buscan calidad, sabor y estilo, todo en un paquete elegante. \u00a1Obt\u00e9n el tuyo a precio de mayoreo hoy y haz que tus clientes regresen por m\u00e1s!<\/p>\n<p>&nbsp;<\/p>\n<\/div>\n<\/div>\n<\/div>\n<\/div>\n<\/div>\n<\/div>\n<p><strong>\u00a1Contacta a Amy para obtener una respuesta correcta y m\u00e1s v\u00eddeos de productos!<\/strong><\/p>\n<p><img loading=\"lazy\" decoding=\"async\" class=\"size-full wp-image-1978\" src=\"https:\/\/rmvapesale.com\/wp-content\/uploads\/2024\/09\/Disposable-Vape-Wholesale.jpg\" alt=\"Vape Desechable al por mayor\" width=\"229\" height=\"300\" \/><\/p>\n<h3><a href=\"https:\/\/wa.me\/8617776015835\" target=\"_blank\" rel=\"noopener\"><span style=\"color: #ff0000\"><strong>WhatsApp: +86 17776015835<\/strong><\/span><\/a><\/h3>\n<p>&nbsp;<\/p>\n<h2><\/h2>\n<h2><strong>Caracter\u00edsticas clave del ELF BOX Vape BK12000 Puff<\/strong><\/h2>\n<ul>\n<li><strong>Alto conteo de inhalaciones<\/strong>: Obt\u00e9n hasta <strong>12,000 inhalaciones<\/strong>, que ofrece una experiencia de vapeo duradera sin reemplazos frecuentes.<\/li>\n<li><strong>Gran capacidad de e-l\u00edquido<\/strong>: El <strong>tanque de e-l\u00edquido de 23 ml<\/strong> minimiza la necesidad de recargas, proporcionando un uso prolongado.<\/li>\n<li><strong>Tecnolog\u00eda de resistencia de malla<\/strong>: Equipado con una <strong>Resistencia de malla de 0.8ohm<\/strong>, ofreciendo un sabor mejorado y una producci\u00f3n de vapor suave.<\/li>\n<li><strong>Bater\u00eda recargable<\/strong>: Alimentado por una <strong>bater\u00eda de 650mAh<\/strong>, lo que garantiza un rendimiento duradero durante todo el d\u00eda.<\/li>\n<li><strong>Carga tipo C<\/strong>: Recarga r\u00e1pida y sencilla con el moderno <strong>Tipo-C<\/strong> puerto de carga para m\u00e1xima comodidad.<\/li>\n<li><strong>Opciones de Nicotina<\/strong>: Elija entre <strong>0%, 2%, 3% o 5%<\/strong> niveles de nicotina para adaptarse a su preferencia personal.<\/li>\n<\/ul>\n<figure id=\"attachment_2343\" aria-describedby=\"caption-attachment-2343\" style=\"width: 730px\" class=\"wp-caption alignnone\"><img loading=\"lazy\" decoding=\"async\" class=\"wp-image-2343 size-full\" src=\"https:\/\/rmvapesale.com\/wp-content\/uploads\/2024\/10\/ELF-BOX-Vape-BANG-KING-12000-Puffs.png\" alt=\"ELF BOX Vape BANG KING 12000 Caladas\" width=\"730\" height=\"730\" srcset=\"https:\/\/rmvapesale.com\/wp-content\/uploads\/2024\/10\/ELF-BOX-Vape-BANG-KING-12000-Puffs.png 730w, https:\/\/rmvapesale.com\/wp-content\/uploads\/2024\/10\/ELF-BOX-Vape-BANG-KING-12000-Puffs-300x300.png 300w, https:\/\/rmvapesale.com\/wp-content\/uploads\/2024\/10\/ELF-BOX-Vape-BANG-KING-12000-Puffs-150x150.png 150w, https:\/\/rmvapesale.com\/wp-content\/uploads\/2024\/10\/ELF-BOX-Vape-BANG-KING-12000-Puffs-600x600.png 600w, https:\/\/rmvapesale.com\/wp-content\/uploads\/2024\/10\/ELF-BOX-Vape-BANG-KING-12000-Puffs-100x100.png 100w\" sizes=\"auto, (max-width: 730px) 100vw, 730px\" \/><figcaption id=\"caption-attachment-2343\" class=\"wp-caption-text\">ELF BOX Vape BANG KING 12000 Caladas<\/figcaption><\/figure>\n<p>&nbsp;<\/p>\n<h2><strong>El mejor sabor para ELF BOX Vape BK12000 Puff\u00a0 ECig<\/strong><\/h2>\n<p>Con 10 incre\u00edbles sabores para elegir, que incluyen opciones afrutadas y heladas, el kit desechable ELF BOX Vape BK 12000 Puff ofrece algo para todos los gustos.<\/p>\n<p>1. Fresa Kiwi<br \/>\n2. Ar\u00e1ndano Frambuesa<span style=\"color: #ff0000\"><strong>&gt;&gt;&gt;&gt; \u00a1Popular!<\/strong><\/span><br \/>\n3. Melocot\u00f3n Mango Pi\u00f1a<br \/>\n4. Hielo de sand\u00eda<br \/>\n5. Cherry Cola<br \/>\n6. Fresa Sand\u00eda<span style=\"color: #ff0000\"><strong>&gt;&gt;&gt;&gt; \u00a1Mejor!<\/strong><\/span><br \/>\n7. Hielo de uva<br \/>\n8. Kiwi Maracuy\u00e1<span style=\"color: #ff0000\"><strong>&gt;&gt;&gt;&gt; \u00a1Popular!<\/strong><\/span><br \/>\n9. Hielo de Melocot\u00f3n<br \/>\n10. Ar\u00e1ndanos con Hielo<\/p>\n<p>&nbsp;<\/p>\n<h3><strong>\u00bfPor qu\u00e9 elegir Rmvapesale para tu Pod Desechable ELF BOX Vape BK12000 Puffs?<\/strong><\/h3>\n<div class=\"flex-shrink-0 flex flex-col relative items-end\">\n<div class=\"pt-0\">\n<div class=\"gizmo-bot-avatar flex h-8 w-8 items-center justify-center overflow-hidden rounded-full\">\n<div class=\"relative p-1 rounded-sm flex items-center justify-center bg-token-main-surface-primary text-token-text-primary h-8 w-8\">\n<p>&nbsp;<\/p>\n<p>Cuando eliges Rmvapesale para tus necesidades de vapeadores desechables al por mayor, te beneficiar\u00e1s de:<\/p>\n<ul>\n<li><strong>Precio competitivo<\/strong>: Obt\u00e9n acceso a atractivos precios al por mayor que impulsan los m\u00e1rgenes de tu negocio.<\/li>\n<li><strong>Alta calidad<\/strong>: Nuestros vapes est\u00e1n fabricados con los m\u00e1s altos est\u00e1ndares, y <span style=\"color: #ff0000\"><strong>garantizados 100% originales y aut\u00e9nticos. \u00a1Se proporcionar\u00e1 una compensaci\u00f3n de 10 veces por productos falsos!<\/strong><\/span><\/li>\n<li><strong>Excelente servicio al cliente<\/strong>: Nuestro equipo dedicado est\u00e1 siempre listo para ayudarle, haciendo que su proceso de compra sea f\u00e1cil y sin complicaciones.<\/li>\n<li><strong>R\u00e1pido<\/strong>: Espere un env\u00edo r\u00e1pido y confiable, asegurando que sus pedidos lleguen a tiempo, siempre.<\/li>\n<\/ul>\n<h3><\/h3>\n<h3><b>PREGUNTAS FRECUENTES<\/b><\/h3>\n<p>&nbsp;<\/p>\n<\/div>\n<\/div>\n<\/div>\n<\/div>\n<div class=\"group\/conversation-turn relative flex w-full min-w-0 flex-col agent-turn\">\n<div class=\"flex-col gap-1 md:gap-3\">\n<div class=\"flex max-w-full flex-col flex-grow\">\n<div class=\"min-h-8 text-message flex w-full flex-col items-end gap-2 whitespace-normal break-words [.text-message+&amp;]:mt-5\" dir=\"auto\" data-message-author-role=\"assistant\" data-message-id=\"f226d3fc-81f3-46d5-8c46-31787fff0357\">\n<div class=\"flex w-full flex-col gap-1 empty:hidden first:pt-[3px]\">\n<div class=\"markdown prose w-full break-words dark:prose-invert light\">\n<p>&nbsp;<\/p>\n<\/div>\n<\/div>\n<\/div>\n<\/div>\n<\/div>\n<\/div>\n<h3>Sobre el env\u00edo<\/h3>\n<div class=\"flex-shrink-0 flex flex-col relative items-end\">\n<div>\n<div class=\"pt-0\">\n<div class=\"gizmo-bot-avatar flex h-8 w-8 items-center justify-center overflow-hidden rounded-full\">\n<div><\/div>\n<div class=\"relative p-1 rounded-sm flex items-center justify-center bg-token-main-surface-primary text-token-text-primary h-8 w-8\"><strong>1. \u00bfQu\u00e9 m\u00e9todos de env\u00edo se utilizan?<\/strong><\/div>\n<\/div>\n<\/div>\n<\/div>\n<\/div>\n<div class=\"group\/conversation-turn relative flex w-full min-w-0 flex-col agent-turn\">\n<div class=\"flex-col gap-1 md:gap-3\">\n<div class=\"flex max-w-full flex-col flex-grow\">\n<div class=\"min-h-[20px] text-message flex w-full flex-col items-end gap-2 whitespace-normal break-words [.text-message+&amp;]:mt-5 overflow-x-auto\" dir=\"auto\" data-message-author-role=\"assistant\" data-message-id=\"22f8283b-3233-46ff-89a5-c7a41b33abda\">\n<div class=\"flex w-full flex-col gap-1 empty:hidden first:pt-[3px]\">\n<div class=\"markdown prose w-full break-words dark:prose-invert light\">\n<p>Trabajamos con UPS, DHL, FedEx, DPD y otros transportistas l\u00edderes. Seleccionaremos el mejor m\u00e9todo de env\u00edo seg\u00fan su lugar de entrega para garantizar que reciba sus productos lo m\u00e1s r\u00e1pido posible.<\/p>\n<\/div>\n<p><strong>2. \u00bfCu\u00e1nto tiempo tarda en llegar?<\/strong><\/p>\n<p>Los paquetes enviados a Espa\u00f1a suelen llegar en 10 d\u00edas laborables. El env\u00edo a pa\u00edses europeos generalmente tarda entre 12 y 15 d\u00edas h\u00e1biles. Proporcionaremos actualizaciones en tiempo real sobre el estado de su env\u00edo.<\/p>\n<\/div>\n<\/div>\n<\/div>\n<\/div>\n<\/div>\n<p>&nbsp;<\/p>\n<p>Otros vapes de venta caliente que te pueden gustar:<\/p>\n<p><a href=\"https:\/\/rmvapesale.com\/es\/product\/elf-box-rgb-14000-puffs-low-nicotine-disposable-vape\/\"><strong>Elf Box RGB14000 Puffs \u00a0<span style=\"color: #ff0000\">&gt;&gt;&gt;&gt; \u00a1vamos!<\/span><\/strong><\/a><\/p>\n<p><strong><a href=\"https:\/\/rmvapesale.com\/es\/product\/waspe-fihp-30000-puffs-led-display-disposable-vape-box\/\">WASPE FIHP 30000 Puffs <span style=\"color: #ff0000\">&gt;&gt;&gt;&gt; \u00a1vamos!<\/span><\/a>\u00a0<\/strong><\/p>\n<h2 class=\"woocommerce-loop-product__title\"><a style=\"font-size: 16px\" href=\"https:\/\/rmvapesale.com\/es\/product\/elf-box-digital-12000-puffs-led-display-disposable-vape\/\"><strong>ELF Box Digital 12000\u00a0 <span style=\"color: #ff0000\">&gt;&gt;&gt;&gt; \u00a1vamos!<\/span><\/strong><\/a><\/h2>\n<p>&nbsp;<\/p>\n<p>&nbsp;<\/p>\n<p>Encuentra m\u00e1s productos de Vape que te puedan gustar:<strong><em><a href=\"https:\/\/rmvapesale.com\/es\/shop-2\/\">comprar ahora &gt;&gt;&gt;<\/a><\/em><\/strong><\/p>","protected":false},"excerpt":{"rendered":"<p>ELF BOX BK12000 Puff 0% 2% 3% 5% Nicotina<br \/>\nELF BOX BK12000 Puff Vape Desechable al por mayor<br \/>\nELF BOX BK12000 Puff Vape Desechable Recargable<\/p>\n<p><img loading=\"lazy\" decoding=\"async\" class=\"size-full wp-image-1978\" src=\"https:\/\/rmvapesale.com\/wp-content\/uploads\/2024\/09\/Disposable-Vape-Wholesale.jpg\" alt=\"Vape Desechable al por mayor\" width=\"229\" height=\"300\" \/><\/p>\n<h3><a href=\"https:\/\/wa.me\/8617776015835\"><span style=\"color: #ff0000\"><strong>WhatsApp: +86 17776015835<\/strong><\/span><\/a><\/h3>\n<p>&nbsp;<\/p>","protected":false},"featured_media":2341,"comment_status":"open","ping_status":"closed","template":"","meta":{"_uag_custom_page_level_css":"","_lmt_disableupdate":"","_lmt_disable":"","site-sidebar-layout":"default","site-content-layout":"content-boxed-container","ast-site-content-layout":"normal-width-container","site-content-style":"boxed","site-sidebar-style":"unboxed","ast-global-header-display":"","ast-banner-title-visibility":"","ast-main-header-display":"","ast-hfb-above-header-display":"","ast-hfb-below-header-display":"","ast-hfb-mobile-header-display":"","site-post-title":"","ast-breadcrumbs-content":"","ast-featured-img":"","footer-sml-layout":"","ast-disable-related-posts":"","theme-transparent-header-meta":"default","adv-header-id-meta":"","stick-header-meta":"","header-above-stick-meta":"","header-main-stick-meta":"","header-below-stick-meta":"","astra-migrate-meta-layouts":"set","ast-page-background-enabled":"default","ast-page-background-meta":{"desktop":{"background-color":"var(--ast-global-color-4)","background-image":"","background-repeat":"repeat","background-position":"center center","background-size":"auto","background-attachment":"scroll","background-type":"","background-media":"","overlay-type":"","overlay-color":"","overlay-opacity":"","overlay-gradient":""},"tablet":{"background-color":"","background-image":"","background-repeat":"repeat","background-position":"center center","background-size":"auto","background-attachment":"scroll","background-type":"","background-media":"","overlay-type":"","overlay-color":"","overlay-opacity":"","overlay-gradient":""},"mobile":{"background-color":"","background-image":"","background-repeat":"repeat","background-position":"center center","background-size":"auto","background-attachment":"scroll","background-type":"","background-media":"","overlay-type":"","overlay-color":"","overlay-opacity":"","overlay-gradient":""}},"ast-content-background-meta":{"desktop":{"background-color":"var(--ast-global-color-5)","background-image":"","background-repeat":"repeat","background-position":"center center","background-size":"auto","background-attachment":"scroll","background-type":"","background-media":"","overlay-type":"","overlay-color":"","overlay-opacity":"","overlay-gradient":""},"tablet":{"background-color":"var(--ast-global-color-5)","background-image":"","background-repeat":"repeat","background-position":"center center","background-size":"auto","background-attachment":"scroll","background-type":"","background-media":"","overlay-type":"","overlay-color":"","overlay-opacity":"","overlay-gradient":""},"mobile":{"background-color":"var(--ast-global-color-5)","background-image":"","background-repeat":"repeat","background-position":"center center","background-size":"auto","background-attachment":"scroll","background-type":"","background-media":"","overlay-type":"","overlay-color":"","overlay-opacity":"","overlay-gradient":""}},"_joinchat":[]},"product_brand":[],"product_cat":[15,60,128,27,25,123,30,26,28],"product_tag":[131,66,125,126,130,105,132],"class_list":{"0":"post-2337","1":"product","2":"type-product","3":"status-publish","4":"has-post-thumbnail","6":"product_cat-new-vape-this-week","7":"product_cat-bang-vapes","8":"product_cat-elf-box-disposable-vapes","9":"product_cat-fance-hot-sale-vape","10":"product_cat-germany-best-selling-vape","11":"product_cat-italy-wholesale-vape","12":"product_cat-minimum-order-quantity-50pcs","13":"product_cat-netherlands-hot-sale-vape","14":"product_cat-poland-hot-sale-vape","15":"product_tag-big-puff-vape","16":"product_tag-disposable-vape","17":"product_tag-disposable-vape-italy","18":"product_tag-e-cigarettes","19":"product_tag-elf-box","20":"product_tag-nicotine-free-disposable-vape","21":"product_tag-rechargeable-vape","22":"desktop-align-left","23":"tablet-align-left","24":"mobile-align-left","26":"first","27":"instock","28":"sale","29":"shipping-taxable","30":"purchasable","31":"product-type-simple"},"uagb_featured_image_src":{"full":["https:\/\/rmvapesale.com\/wp-content\/uploads\/2024\/10\/ELF-BOX-BK12000-Puff-Wholesale.jpg",800,800,false],"thumbnail":["https:\/\/rmvapesale.com\/wp-content\/uploads\/2024\/10\/ELF-BOX-BK12000-Puff-Wholesale-150x150.jpg",150,150,true],"medium":["https:\/\/rmvapesale.com\/wp-content\/uploads\/2024\/10\/ELF-BOX-BK12000-Puff-Wholesale-300x300.jpg",300,300,true],"medium_large":["https:\/\/rmvapesale.com\/wp-content\/uploads\/2024\/10\/ELF-BOX-BK12000-Puff-Wholesale-768x768.jpg",768,768,true],"large":["https:\/\/rmvapesale.com\/wp-content\/uploads\/2024\/10\/ELF-BOX-BK12000-Puff-Wholesale.jpg",800,800,false],"1536x1536":["https:\/\/rmvapesale.com\/wp-content\/uploads\/2024\/10\/ELF-BOX-BK12000-Puff-Wholesale.jpg",800,800,false],"2048x2048":["https:\/\/rmvapesale.com\/wp-content\/uploads\/2024\/10\/ELF-BOX-BK12000-Puff-Wholesale.jpg",800,800,false],"trp-custom-language-flag":["https:\/\/rmvapesale.com\/wp-content\/uploads\/2024\/10\/ELF-BOX-BK12000-Puff-Wholesale.jpg",12,12,false],"woocommerce_thumbnail":["https:\/\/rmvapesale.com\/wp-content\/uploads\/2024\/10\/ELF-BOX-BK12000-Puff-Wholesale-300x300.jpg",300,300,true],"woocommerce_single":["https:\/\/rmvapesale.com\/wp-content\/uploads\/2024\/10\/ELF-BOX-BK12000-Puff-Wholesale-600x600.jpg",600,600,true],"woocommerce_gallery_thumbnail":["https:\/\/rmvapesale.com\/wp-content\/uploads\/2024\/10\/ELF-BOX-BK12000-Puff-Wholesale-100x100.jpg",100,100,true],"wcpr-photo-reviews":["https:\/\/rmvapesale.com\/wp-content\/uploads\/2024\/10\/ELF-BOX-BK12000-Puff-Wholesale.jpg",500,500,false]},"uagb_author_info":{"display_name":"AMY","author_link":"https:\/\/rmvapesale.com\/es\/author\/"},"uagb_comment_info":0,"uagb_excerpt":"ELF BOX BK12000 Puff 0% 2% 3% 5% Nicotine ELF BOX BK12000 Puff Disposable Vape Wholesale ELF BOX BK12000 Puff Rechargeable Disposable Vape WhatsApp: +86 17776015835 &nbsp;","_links":{"self":[{"href":"https:\/\/rmvapesale.com\/es\/wp-json\/wp\/v2\/product\/2337","targetHints":{"allow":["GET"]}}],"collection":[{"href":"https:\/\/rmvapesale.com\/es\/wp-json\/wp\/v2\/product"}],"about":[{"href":"https:\/\/rmvapesale.com\/es\/wp-json\/wp\/v2\/types\/product"}],"replies":[{"embeddable":true,"href":"https:\/\/rmvapesale.com\/es\/wp-json\/wp\/v2\/comments?post=2337"}],"wp:featuredmedia":[{"embeddable":true,"href":"https:\/\/rmvapesale.com\/es\/wp-json\/wp\/v2\/media\/2341"}],"wp:attachment":[{"href":"https:\/\/rmvapesale.com\/es\/wp-json\/wp\/v2\/media?parent=2337"}],"wp:term":[{"taxonomy":"product_brand","embeddable":true,"href":"https:\/\/rmvapesale.com\/es\/wp-json\/wp\/v2\/product_brand?post=2337"},{"taxonomy":"product_cat","embeddable":true,"href":"https:\/\/rmvapesale.com\/es\/wp-json\/wp\/v2\/product_cat?post=2337"},{"taxonomy":"product_tag","embeddable":true,"href":"https:\/\/rmvapesale.com\/es\/wp-json\/wp\/v2\/product_tag?post=2337"}],"curies":[{"name":"wp","href":"https:\/\/api.w.org\/{rel}","templated":true}]}}