{"id":2540,"date":"2024-10-24T09:31:28","date_gmt":"2024-10-24T09:31:28","guid":{"rendered":"https:\/\/rmvapesale.com\/?post_type=product&#038;p=2540"},"modified":"2024-10-24T09:55:38","modified_gmt":"2024-10-24T09:55:38","slug":"vapme-crystal-20000-puffs-20k-double-flavor-rechargeable-vapes","status":"publish","type":"product","link":"https:\/\/rmvapesale.com\/es\/product\/vapme-crystal-20000-puffs-20k-double-flavor-rechargeable-vapes\/","title":{"rendered":"Vapme Crystal 20000 Puffs 20K Vapes recargables de doble sabor"},"content":{"rendered":"<div class=\"B2VR9 CJHX3e\">\n<div class=\"wyccme\">\n<h1 class=\"LC20lb MBeuO DKV0Md\">Vapme Crystal 20000 Puffs 20K Vapes Recargables de Doble Sabor al por Mayor<\/h1>\n<div class=\"flex-shrink-0 flex flex-col relative items-end\">\n<div class=\"pt-0\">\n<div class=\"gizmo-bot-avatar flex h-8 w-8 items-center justify-center overflow-hidden rounded-full\">\n<div class=\"relative p-1 rounded-sm flex items-center justify-center bg-token-main-surface-primary text-token-text-primary h-8 w-8\">\n<p>El <strong>Vapme Crystal 20000 Puffs 20K Vape Desechable Recargable<\/strong> es un cambio de juego en la industria del vapeo, que ofrece un dispositivo de alta capacidad dise\u00f1ado tanto para vapeadores casuales como frecuentes. Con una enorme <strong>20.000 puffs<\/strong>, este <strong>vape desechable<\/strong> garantiza un disfrute prolongado sin la molestia de recargas constantes, lo que lo convierte en uno de los <strong>mejores vapes desechables de 2024<\/strong>. El <strong>capacidad de 20 ml de e-l\u00edquido<\/strong> permite a los usuarios disfrutar de sus sabores favoritos durante per\u00edodos m\u00e1s largos, alimentado por una <strong>bater\u00eda recargable de 700 mAh<\/strong> para sesiones de vapeo ininterrumpidas.<\/p>\n<p>Una de las caracter\u00edsticas destacadas del <strong>Vapme Crystal 20000<\/strong> es su <strong>Doble Sabor<\/strong> funcionalidad, que permite a los usuarios cambiar entre dos sabores distintos, proporcionando versatilidad y una experiencia de vapeo \u00fanica. El <strong>bobina de malla de ingenier\u00eda de precisi\u00f3n<\/strong> ofrece una producci\u00f3n de vapor suave y consistente, asegurando que cada calada sea rica en sabor.<\/p>\n<p>Para mayor comodidad, este <strong>Vape de 20000 caladas<\/strong> est\u00e1 equipado con un <strong>con puerto de carga Tipo-C<\/strong>, lo que permite una recarga r\u00e1pida y sencilla, convirti\u00e9ndolo en una de las mejores opciones para los vapeadores en movimiento. Ya sea que se est\u00e9 abasteciendo para su <strong>tienda de vapeo<\/strong>, comprando para <strong>vapes al por mayor<\/strong>, o buscando <strong>comprar vapes online<\/strong>, el <strong>Vapme Crystal 20K<\/strong> es una opci\u00f3n premium tanto para minoristas como para consumidores individuales.<\/p>\n<p>Perfectamente adecuado para aquellos que buscan alta calidad <strong>vapes recargables<\/strong> or <strong>vapes de caja<\/strong>, este dispositivo ofrece un rendimiento y una comodidad excepcionales, lo que lo convierte en un elemento imprescindible en cualquier <strong>bar de vapeo<\/strong> o colecci\u00f3n. Aproveche al m\u00e1ximo su experiencia de vapeo con el <strong>Vapme Crystal 20000 Puffs<\/strong>\u2014una opci\u00f3n vers\u00e1til y confiable en el <strong>vape desechable<\/strong> mercado.<\/p>\n<\/div>\n<\/div>\n<\/div>\n<\/div>\n<\/div>\n<\/div>\n<p><strong>\u00a1Contacta con Amy para obtener la respuesta correcta y un cup\u00f3n de vape!<\/strong><\/p>\n<p><img loading=\"lazy\" decoding=\"async\" class=\"size-full wp-image-1978\" src=\"https:\/\/rmvapesale.com\/wp-content\/uploads\/2024\/09\/Disposable-Vape-Wholesale.jpg\" alt=\"Vape Desechable al por mayor\" width=\"229\" height=\"300\" \/><\/p>\n<h3><a href=\"https:\/\/wa.me\/8617776015835\" target=\"_blank\" rel=\"noopener\"><span style=\"color: #ff0000\"><strong>WhatsApp: +86 17776015835<\/strong><\/span><\/a><\/h3>\n<p>&nbsp;<\/p>\n<h2><\/h2>\n<h2><strong>Vapme Crystal 20000 Puffs Desechable<\/strong><strong>\u00a0<\/strong><strong>Caracter\u00edsticas Clave<\/strong><\/h2>\n<p>10+10 SABORES<br \/>\nBater\u00eda: puerto tipo C de 700 mAh<br \/>\nCapacidad: 20 ml de zumo de vape<br \/>\nResistencia: Resistencia de malla de 1,0 ohm<br \/>\nCaladas: m\u00e1s de 20000 caladas<br \/>\n160 unidades\/caja<br \/>\n20.8 kg\/caja<br \/>\nNicotina: 2%<br \/>\nDispositivo de sabor 2 en 1<\/p>\n<h2><strong>El mejor sabor para Vapme Crystal 20000 Puffs<\/strong><\/h2>\n<p>Disponible en varios sabores, incluyendo frambuesa ar\u00e1ndano<\/p>\n<p>1 Frambuesa ar\u00e1ndano + Hielo de sand\u00eda <span style=\"color: #ff0000\"><strong>&gt;&gt;&gt;&gt; \u00a1Popular!<\/strong><\/span><br \/>\n2 Sand\u00eda fresa + Hielo de mel\u00f3n maracuy\u00e1<br \/>\n3 Hielo de cereza + Limonada Blue Razz<br \/>\n4 Hielo de uva + Kiwi de fresa<br \/>\n5 Fresa pl\u00e1tano + Manzana doble <span style=\"color: #ff0000\"><strong>&gt;&gt;&gt;&gt; \u00a1Popular!<\/strong><\/span><br \/>\n6 Hielo de frutos rojos + Melocot\u00f3n mango pi\u00f1a<br \/>\n7 Hielo de fresa + Hielo de kiwi sand\u00eda<br \/>\n8 Bebida energ\u00e9tica + Cola de cereza<br \/>\n9 Caramelo de frambuesa y fresa + Hielo de melocot\u00f3n <span style=\"color: #ff0000\"><strong>&gt;&gt;&gt;&gt; \u00a1Mejor!<\/strong><\/span><br \/>\n10 Mango de fresa + Guayaba de maracuy\u00e1 y kiwi<\/p>\n<figure id=\"attachment_2537\" aria-describedby=\"caption-attachment-2537\" style=\"width: 800px\" class=\"wp-caption alignnone\"><img loading=\"lazy\" decoding=\"async\" class=\"wp-image-2537 size-full\" src=\"https:\/\/rmvapesale.com\/wp-content\/uploads\/2024\/10\/Vape-Vapme-Crystal-20000-Disposable-Vape.jpg\" alt=\"Vape Vapme Crystal 20000 Vape Desechable\" width=\"800\" height=\"800\" srcset=\"https:\/\/rmvapesale.com\/wp-content\/uploads\/2024\/10\/Vape-Vapme-Crystal-20000-Disposable-Vape.jpg 800w, https:\/\/rmvapesale.com\/wp-content\/uploads\/2024\/10\/Vape-Vapme-Crystal-20000-Disposable-Vape-300x300.jpg 300w, https:\/\/rmvapesale.com\/wp-content\/uploads\/2024\/10\/Vape-Vapme-Crystal-20000-Disposable-Vape-150x150.jpg 150w, https:\/\/rmvapesale.com\/wp-content\/uploads\/2024\/10\/Vape-Vapme-Crystal-20000-Disposable-Vape-768x768.jpg 768w, https:\/\/rmvapesale.com\/wp-content\/uploads\/2024\/10\/Vape-Vapme-Crystal-20000-Disposable-Vape-600x600.jpg 600w, https:\/\/rmvapesale.com\/wp-content\/uploads\/2024\/10\/Vape-Vapme-Crystal-20000-Disposable-Vape-100x100.jpg 100w\" sizes=\"auto, (max-width: 800px) 100vw, 800px\" \/><figcaption id=\"caption-attachment-2537\" class=\"wp-caption-text\">Vape Vapme Crystal 20000 Vape Desechable<\/figcaption><\/figure>\n<h3><strong>Por qu\u00e9 elegir Rmvapesale para Vapme Crystal 20000 Puffs<\/strong><strong>?<\/strong><\/h3>\n<div class=\"flex-shrink-0 flex flex-col relative items-end\">\n<div class=\"pt-0\">\n<div class=\"gizmo-bot-avatar flex h-8 w-8 items-center justify-center overflow-hidden rounded-full\">\n<div class=\"relative p-1 rounded-sm flex items-center justify-center bg-token-main-surface-primary text-token-text-primary h-8 w-8\">\n<p>&nbsp;<\/p>\n<p>Cuando eliges Rmvapesale para tus necesidades de vapeadores desechables al por mayor, te beneficiar\u00e1s de:<\/p>\n<ul>\n<li><strong>Precio competitivo<\/strong>: Obt\u00e9n acceso a atractivos precios al por mayor que impulsan los m\u00e1rgenes de tu negocio.<\/li>\n<li><strong>Alta calidad<\/strong>: Nuestros vapes est\u00e1n fabricados con los m\u00e1s altos est\u00e1ndares, y <span style=\"color: #ff0000\"><strong>garantizados 100% originales y aut\u00e9nticos. \u00a1Se proporcionar\u00e1 una compensaci\u00f3n de 10 veces por productos falsos!<\/strong><\/span><\/li>\n<li><strong>Excelente servicio al cliente<\/strong>: Nuestro equipo dedicado est\u00e1 siempre listo para ayudarle, haciendo que su proceso de compra sea f\u00e1cil y sin complicaciones.<\/li>\n<li><strong>R\u00e1pido<\/strong>: Espere un env\u00edo r\u00e1pido y confiable, asegurando que sus pedidos lleguen a tiempo, siempre.<\/li>\n<\/ul>\n<\/div>\n<h3><\/h3>\n<div class=\"relative p-1 rounded-sm flex items-center justify-center bg-token-main-surface-primary text-token-text-primary h-8 w-8\">\n<h3><b>PREGUNTAS FRECUENTES<\/b><\/h3>\n<ul>\n<li><strong>C\u00f3mo usar el vape desechable Vapme Crystal 20000 Puffs<\/strong><br \/>\nPara usar el Vapme Crystal 20000, simplemente s\u00e1quelo del embalaje, inhale por la boquilla y el dispositivo se activar\u00e1 autom\u00e1ticamente. Una caracter\u00edstica \u00fanica es la funcionalidad de Doble Sabor, que le permite cambiar entre dos sabores diferentes para una experiencia de vapeo m\u00e1s vers\u00e1til.<\/li>\n<li><strong>C\u00f3mo cargar el vape desechable Vapme Crystal 20K Puffs<\/strong><br \/>\nEl Vapme Crystal 20000 viene con una bater\u00eda recargable de 700 mAh. Para cargarlo, utilice el puerto de carga Tipo-C. Enchufe el dispositivo a una fuente de alimentaci\u00f3n con un cable Tipo-C y se recargar\u00e1 r\u00e1pidamente para sesiones de vapeo prolongadas.<\/li>\n<li><strong>Cu\u00e1nta nicotina hay en un Vapme Crystal 20000 Puffs<\/strong><br \/>\nLos niveles de nicotina para el Vapme Crystal 20000 Puffs no se especifican en el contenido. Sin embargo, los vapes desechables como este generalmente vienen en un rango de concentraciones de nicotina (0%, 2%, 5%, etc.). Puede consultar con el minorista o el empaque del producto para conocer el contenido exacto de nicotina.<\/li>\n<li><strong>\u00bfCu\u00e1nto tiempo debo cargar mi Crystal 20000 Puffs?<\/strong><br \/>\nEl tiempo de carga exacto depende de la fuente de alimentaci\u00f3n, pero gracias a la capacidad de carga r\u00e1pida Tipo-C, deber\u00eda cargarse relativamente r\u00e1pido. Puede controlar el dispositivo mientras se carga o consultar cualquier indicador de carga, si est\u00e1 disponible, para saber cu\u00e1ndo est\u00e1 completamente cargado.<\/li>\n<li><strong>D\u00f3nde puedo comprar la barra de vape desechable Vapme Crystal 20000 Puffs<\/strong><br \/>\nEl Vapme Crystal 20000 Puffs se puede comprar en minoristas de vapeo, tiendas de vapeo en l\u00ednea o distribuidores mayoristas que ofrecen vapes desechables. Es una opci\u00f3n popular tanto para consumidores individuales como para propietarios de tiendas de vapeo. Verifique la disponibilidad en sus tiendas de vapeo locales o explore plataformas en l\u00ednea que se especializan en productos de vapeo.<\/li>\n<\/ul>\n<\/div>\n<\/div>\n<\/div>\n<\/div>\n<h3>Sobre el env\u00edo<\/h3>\n<div class=\"flex-shrink-0 flex flex-col relative items-end\">\n<div>\n<div class=\"pt-0\">\n<div class=\"gizmo-bot-avatar flex h-8 w-8 items-center justify-center overflow-hidden rounded-full\">\n<div><\/div>\n<div class=\"relative p-1 rounded-sm flex items-center justify-center bg-token-main-surface-primary text-token-text-primary h-8 w-8\"><strong>1. \u00bfQu\u00e9 m\u00e9todos de env\u00edo se utilizan?<\/strong><\/div>\n<\/div>\n<\/div>\n<\/div>\n<\/div>\n<div class=\"group\/conversation-turn relative flex w-full min-w-0 flex-col agent-turn\">\n<div class=\"flex-col gap-1 md:gap-3\">\n<div class=\"flex max-w-full flex-col flex-grow\">\n<div class=\"min-h-[20px] text-message flex w-full flex-col items-end gap-2 whitespace-normal break-words [.text-message+&amp;]:mt-5 overflow-x-auto\" dir=\"auto\" data-message-author-role=\"assistant\" data-message-id=\"22f8283b-3233-46ff-89a5-c7a41b33abda\">\n<div class=\"flex w-full flex-col gap-1 empty:hidden first:pt-[3px]\">\n<div class=\"markdown prose w-full break-words dark:prose-invert light\">\n<p>Trabajamos con UPS, DHL, FedEx, DPD y otros transportistas l\u00edderes. Seleccionaremos el mejor m\u00e9todo de env\u00edo seg\u00fan su lugar de entrega para garantizar que reciba sus productos lo m\u00e1s r\u00e1pido posible.<\/p>\n<\/div>\n<p><strong>2. \u00bfCu\u00e1nto tiempo tarda en llegar?<\/strong><\/p>\n<p>Los paquetes enviados a Espa\u00f1a suelen llegar en 10 d\u00edas laborables. El env\u00edo a pa\u00edses europeos generalmente tarda entre 12 y 15 d\u00edas h\u00e1biles. Proporcionaremos actualizaciones en tiempo real sobre el estado de su env\u00edo.<\/p>\n<\/div>\n<\/div>\n<\/div>\n<\/div>\n<\/div>\n<p>&nbsp;<\/p>\n<p>Otros vapes de venta caliente que te pueden gustar:<\/p>\n<p><a href=\"https:\/\/rmvapesale.com\/es\/product\/fumot-randm-tornado-30000-puffs-30k-music-disposable-vape\/\"><strong>RandM Tornado 30000 Caladas\u00a0 \u00a0<span style=\"color: #ff0000\">&gt;&gt;&gt;&gt; \u00a1vamos!<\/span><\/strong><\/a><\/p>\n<p><strong><a href=\"https:\/\/rmvapesale.com\/es\/product\/aivono-22000-rechargeable-vapes-with-display-screen\/\">Aivono Aim Fatpro 22000 Puffs <span style=\"color: #ff0000\">&gt;&gt;&gt;&gt; \u00a1vamos!<\/span><\/a>\u00a0<\/strong><\/p>\n<p><a href=\"https:\/\/rmvapesale.com\/es\/product\/original-randm-vape-digital-puff-12000-fumot-factory-price\/\"><strong>Fumot Vape 12000 Puffs <span style=\"color: #ff0000\">&gt;&gt;&gt;&gt; \u00a1vamos!<\/span><\/strong><\/a><\/p>\n<p>&nbsp;<\/p>\n<p>&nbsp;<\/p>\n<p>Encuentra m\u00e1s productos de Vape que te puedan gustar:<strong><em><a href=\"https:\/\/rmvapesale.com\/es\/shop-2\/\">comprar ahora &gt;&gt;&gt;<\/a><\/em><\/strong><\/p>","protected":false},"excerpt":{"rendered":"<p>Venta al por mayor de Vape Vapme Crystal 20000 Puffs Desechable<br \/>\nVapme Crystal 20000 Puffs Vape Desechable de Sabores Duales<br \/>\nVapme Crystal 20000 Double Crystal Vape Bar al por Mayor<\/p>\n<p><img loading=\"lazy\" decoding=\"async\" class=\"size-full wp-image-2375\" src=\"https:\/\/rmvapesale.com\/wp-content\/uploads\/2024\/10\/image.png\" alt=\"Mejor Vape Desechable\" width=\"229\" height=\"300\" \/><\/p>\n<h3><a href=\"https:\/\/wa.me\/8617776015835\"><span style=\"color: #ff0000\"><strong>WhatsApp: +86 17776015835<\/strong><\/span><\/a><\/h3>\n<p>&nbsp;<\/p>","protected":false},"featured_media":2539,"comment_status":"open","ping_status":"closed","template":"","meta":{"_uag_custom_page_level_css":"","_lmt_disableupdate":"no","_lmt_disable":"","site-sidebar-layout":"default","site-content-layout":"content-boxed-container","ast-site-content-layout":"normal-width-container","site-content-style":"boxed","site-sidebar-style":"unboxed","ast-global-header-display":"","ast-banner-title-visibility":"","ast-main-header-display":"","ast-hfb-above-header-display":"","ast-hfb-below-header-display":"","ast-hfb-mobile-header-display":"","site-post-title":"","ast-breadcrumbs-content":"","ast-featured-img":"","footer-sml-layout":"","theme-transparent-header-meta":"default","adv-header-id-meta":"","stick-header-meta":"","header-above-stick-meta":"","header-main-stick-meta":"","header-below-stick-meta":"","astra-migrate-meta-layouts":"set","ast-page-background-enabled":"default","ast-page-background-meta":{"desktop":{"background-color":"var(--ast-global-color-4)","background-image":"","background-repeat":"repeat","background-position":"center center","background-size":"auto","background-attachment":"scroll","background-type":"","background-media":"","overlay-type":"","overlay-color":"","overlay-opacity":"","overlay-gradient":""},"tablet":{"background-color":"","background-image":"","background-repeat":"repeat","background-position":"center center","background-size":"auto","background-attachment":"scroll","background-type":"","background-media":"","overlay-type":"","overlay-color":"","overlay-opacity":"","overlay-gradient":""},"mobile":{"background-color":"","background-image":"","background-repeat":"repeat","background-position":"center center","background-size":"auto","background-attachment":"scroll","background-type":"","background-media":"","overlay-type":"","overlay-color":"","overlay-opacity":"","overlay-gradient":""}},"ast-content-background-meta":{"desktop":{"background-color":"var(--ast-global-color-5)","background-image":"","background-repeat":"repeat","background-position":"center center","background-size":"auto","background-attachment":"scroll","background-type":"","background-media":"","overlay-type":"","overlay-color":"","overlay-opacity":"","overlay-gradient":""},"tablet":{"background-color":"var(--ast-global-color-5)","background-image":"","background-repeat":"repeat","background-position":"center center","background-size":"auto","background-attachment":"scroll","background-type":"","background-media":"","overlay-type":"","overlay-color":"","overlay-opacity":"","overlay-gradient":""},"mobile":{"background-color":"var(--ast-global-color-5)","background-image":"","background-repeat":"repeat","background-position":"center center","background-size":"auto","background-attachment":"scroll","background-type":"","background-media":"","overlay-type":"","overlay-color":"","overlay-opacity":"","overlay-gradient":""}},"_joinchat":[]},"product_brand":[],"product_cat":[15,25,123,26,28,135,27,137,136,30],"product_tag":[146,188,124,155,186,38,165,166,120],"class_list":{"0":"post-2540","1":"product","2":"type-product","3":"status-publish","4":"has-post-thumbnail","6":"product_cat-new-vape-this-week","7":"product_cat-germany-best-selling-vape","8":"product_cat-italy-wholesale-vape","9":"product_cat-netherlands-hot-sale-vape","10":"product_cat-poland-hot-sale-vape","11":"product_cat-spain-best-hot-sale-vape","12":"product_cat-fance-hot-sale-vape","13":"product_cat-rechargeable-vapes","14":"product_cat-smart-screen-vapes","15":"product_cat-minimum-order-quantity-50pcs","16":"product_tag-best-hot-sale-vape","17":"product_tag-buy-vapes-online","18":"product_tag-crystal-vape","19":"product_tag-digital-display-box","20":"product_tag-fumot-30k","21":"product_tag-randm-vape","22":"product_tag-rechargeable-vapes","23":"product_tag-tornado-vape","24":"product_tag-vape-wholesale","25":"desktop-align-left","26":"tablet-align-left","27":"mobile-align-left","29":"first","30":"instock","31":"sale","32":"shipping-taxable","33":"purchasable","34":"product-type-simple"},"uagb_featured_image_src":{"full":["https:\/\/rmvapesale.com\/wp-content\/uploads\/2024\/10\/Wholesale-Vape-Vapme-Crystal-20000-Puffs-Disposable.jpg",800,800,false],"thumbnail":["https:\/\/rmvapesale.com\/wp-content\/uploads\/2024\/10\/Wholesale-Vape-Vapme-Crystal-20000-Puffs-Disposable-150x150.jpg",150,150,true],"medium":["https:\/\/rmvapesale.com\/wp-content\/uploads\/2024\/10\/Wholesale-Vape-Vapme-Crystal-20000-Puffs-Disposable-300x300.jpg",300,300,true],"medium_large":["https:\/\/rmvapesale.com\/wp-content\/uploads\/2024\/10\/Wholesale-Vape-Vapme-Crystal-20000-Puffs-Disposable-768x768.jpg",768,768,true],"large":["https:\/\/rmvapesale.com\/wp-content\/uploads\/2024\/10\/Wholesale-Vape-Vapme-Crystal-20000-Puffs-Disposable.jpg",800,800,false],"1536x1536":["https:\/\/rmvapesale.com\/wp-content\/uploads\/2024\/10\/Wholesale-Vape-Vapme-Crystal-20000-Puffs-Disposable.jpg",800,800,false],"2048x2048":["https:\/\/rmvapesale.com\/wp-content\/uploads\/2024\/10\/Wholesale-Vape-Vapme-Crystal-20000-Puffs-Disposable.jpg",800,800,false],"trp-custom-language-flag":["https:\/\/rmvapesale.com\/wp-content\/uploads\/2024\/10\/Wholesale-Vape-Vapme-Crystal-20000-Puffs-Disposable.jpg",12,12,false],"woocommerce_thumbnail":["https:\/\/rmvapesale.com\/wp-content\/uploads\/2024\/10\/Wholesale-Vape-Vapme-Crystal-20000-Puffs-Disposable-300x300.jpg",300,300,true],"woocommerce_single":["https:\/\/rmvapesale.com\/wp-content\/uploads\/2024\/10\/Wholesale-Vape-Vapme-Crystal-20000-Puffs-Disposable-600x600.jpg",600,600,true],"woocommerce_gallery_thumbnail":["https:\/\/rmvapesale.com\/wp-content\/uploads\/2024\/10\/Wholesale-Vape-Vapme-Crystal-20000-Puffs-Disposable-100x100.jpg",100,100,true],"wcpr-photo-reviews":["https:\/\/rmvapesale.com\/wp-content\/uploads\/2024\/10\/Wholesale-Vape-Vapme-Crystal-20000-Puffs-Disposable.jpg",500,500,false]},"uagb_author_info":{"display_name":"AMY","author_link":"https:\/\/rmvapesale.com\/es\/author\/"},"uagb_comment_info":0,"uagb_excerpt":"Wholesale Vape Vapme Crystal 20000 Puffs Disposable Vapme Crystal 20000 Puffs Dual Flavors Disposable Vape Vapme Crystal 20000 Double Crystal Vape Bar Wholesale WhatsApp: +86 17776015835 &nbsp;","_links":{"self":[{"href":"https:\/\/rmvapesale.com\/es\/wp-json\/wp\/v2\/product\/2540","targetHints":{"allow":["GET"]}}],"collection":[{"href":"https:\/\/rmvapesale.com\/es\/wp-json\/wp\/v2\/product"}],"about":[{"href":"https:\/\/rmvapesale.com\/es\/wp-json\/wp\/v2\/types\/product"}],"replies":[{"embeddable":true,"href":"https:\/\/rmvapesale.com\/es\/wp-json\/wp\/v2\/comments?post=2540"}],"wp:featuredmedia":[{"embeddable":true,"href":"https:\/\/rmvapesale.com\/es\/wp-json\/wp\/v2\/media\/2539"}],"wp:attachment":[{"href":"https:\/\/rmvapesale.com\/es\/wp-json\/wp\/v2\/media?parent=2540"}],"wp:term":[{"taxonomy":"product_brand","embeddable":true,"href":"https:\/\/rmvapesale.com\/es\/wp-json\/wp\/v2\/product_brand?post=2540"},{"taxonomy":"product_cat","embeddable":true,"href":"https:\/\/rmvapesale.com\/es\/wp-json\/wp\/v2\/product_cat?post=2540"},{"taxonomy":"product_tag","embeddable":true,"href":"https:\/\/rmvapesale.com\/es\/wp-json\/wp\/v2\/product_tag?post=2540"}],"curies":[{"name":"wp","href":"https:\/\/api.w.org\/{rel}","templated":true}]}}