{"id":2547,"date":"2024-10-25T02:22:52","date_gmt":"2024-10-25T02:22:52","guid":{"rendered":"https:\/\/rmvapesale.com\/?post_type=product&#038;p=2547"},"modified":"2024-10-25T03:03:28","modified_gmt":"2024-10-25T03:03:28","slug":"rechargeable-vape-vapme-spacex-22000-puff-wholesale","status":"publish","type":"product","link":"https:\/\/rmvapesale.com\/es\/product\/rechargeable-vape-vapme-spacex-22000-puff-wholesale\/","title":{"rendered":"Vape recargable Vapme Spacex 22000 Puff al por mayor"},"content":{"rendered":"<div class=\"B2VR9 CJHX3e\">\n<div class=\"wyccme\">\n<h1 class=\"LC20lb MBeuO DKV0Md\">Vapes Recargables Vapme Spacex 22000 Puff al por mayor<\/h1>\n<div class=\"flex-shrink-0 flex flex-col relative items-end\">\n<div class=\"pt-0\">\n<div class=\"gizmo-bot-avatar flex h-8 w-8 items-center justify-center overflow-hidden rounded-full\">\n<div class=\"relative p-1 rounded-sm flex items-center justify-center bg-token-main-surface-primary text-token-text-primary h-8 w-8\">\n<p>El Vape Recargable <strong>Vapme Spacex 22000 Puffs<\/strong> es un<strong> vape desechable inteligente<\/strong> dise\u00f1ado para usuarios que buscan sesiones de vapeo prolongadas y conveniencia. Con una impresionante <strong>capacidad de 30mL de l\u00edquido para vapeo<\/strong> y la capacidad de entregar m\u00e1s de <strong>22,000 caladas<\/strong>, este dispositivo est\u00e122000 construido para la longevidad y la satisfacci\u00f3n. Su <strong>850mAh<\/strong>, recargable a trav\u00e9s de <strong>puerto tipo C<\/strong>, asegura que puedas disfrutar de tus sabores favoritos sin interrupciones, haci\u00e9ndolo perfecto tanto para vapeadores casuales como para usuarios intensos. Equipado con una <strong>bobina de malla de 0.8-ohm<\/strong>, este <strong>vape recargable<\/strong>\u00a0proporciona una producci\u00f3n de vapor \u00f3ptima, asegurando que cada bocanada sea rica en sabor y suave al inhalar.<\/p>\n<p>El <strong>pantalla LED<\/strong> es otra caracter\u00edstica22000 destacada, permitiendo a los usuarios monitorear f\u00e1cilmente la vida de la bater\u00eda y los niveles de l\u00edquido electr\u00f3nico de un vistazo, con una tecnolog\u00eda de2200022000 alta gama que lo2200022000 hace destacar junto a otros <strong>vape desechable con pantalla<\/strong>. Este <strong>opciones de vapeador desechable con bajo contenido de nicotina <\/strong>\u00a0viene con una22000 fuerza de nicotina de 2% para usuarios que buscan un golpe2200022000 suave, y la\u00a0<strong>5% <\/strong>opci\u00f3n atiende a los vapeadores que quieren una experiencia m\u00e1s2200022000 fuerte.<\/p>\n<p>El <strong>Vapme 22000<\/strong> es ideal para <strong>vapes al por mayor<\/strong>, convirti\u00e9ndolo en una opci\u00f3n perfecta para minoristas que buscan abastecerse de productos de alta demanda. Su gran capacidad, bater\u00eda recargable y variedad de sabores lo convierten en un <strong>vapeador popular<\/strong> en el <strong>vape desechable<\/strong> mercado, ofreciendo calidad y comodidad en un solo paquete elegante.<\/p>\n<\/div>\n<\/div>\n<\/div>\n<\/div>\n<\/div>\n<\/div>\n<p><strong>\u00a1Contacta con Amy para obtener la respuesta correcta y un cup\u00f3n de vape!<\/strong><\/p>\n<p><img loading=\"lazy\" decoding=\"async\" class=\"size-full wp-image-1978\" src=\"https:\/\/rmvapesale.com\/wp-content\/uploads\/2024\/09\/Disposable-Vape-Wholesale.jpg\" alt=\"Vape Desechable al por mayor\" width=\"229\" height=\"300\" \/><\/p>\n<h3><a href=\"https:\/\/wa.me\/8617776015835\" target=\"_blank\" rel=\"noopener\"><span style=\"color: #ff0000\"><strong>WhatsApp: +86 17776015835<\/strong><\/span><\/a><\/h3>\n<p>&nbsp;<\/p>\n<h2><\/h2>\n<h2><strong>Vapme 22000 <\/strong><strong>Vape Recargable<\/strong><strong>\u00a0<\/strong><strong>Caracter\u00edsticas Clave<\/strong><\/h2>\n<p>Marca: Vapme Vape<br \/>\nBater\u00eda: 850mAh puerto tipo-c<br \/>\nCapacidad: 30mL de l\u00edquido para vapeador<br \/>\nResistencia: 0.8 ohm malla<br \/>\nCaladas: 22000+ caladas<br \/>\nNicotina: 2%\/5%<br \/>\nPantalla LED para bater\u00eda y e-l\u00edquido<\/p>\n<h2><strong>El mejor sabor para <\/strong><strong>Vape Recargable <\/strong><strong>Vapme 22000 <\/strong><strong>Caladas\u00a0<\/strong><\/h2>\n<p>Este <strong>vape de caja<\/strong> ofrece <strong>12 emocionantes sabores<\/strong>, desde la explosi\u00f3n \u00e1cida de <strong>Limonada de Frambuesa Azul<\/strong> hasta el frescor refrescante de <strong>Hielo de sand\u00eda<\/strong> y la mezcla tropical de <strong>Mango Melocot\u00f3n Pi\u00f1a<\/strong>. Ya sea que prefieras sabores dulces, afrutados o helados, el Vapme Spacex tiene algo para cada paladar.<\/p>\n<p>1.Limonada de frambuesa azul<span style=\"color: #ff0000\"><strong>&gt;&gt;&gt;&gt; \u00a1Popular!<\/strong><\/span><br \/>\n2. Hielo de melocot\u00f3n<br \/>\n3.Hielo de sand\u00eda <span style=\"color: #ff0000\"><strong>&gt;&gt;&gt;&gt; \u00a1Popular!<\/strong><\/span><br \/>\n4.Ar\u00e1ndano frambuesa<br \/>\n5.Cereza helada<br \/>\n6.Fresa helada<br \/>\n7.Fresa sand\u00eda<br \/>\n8.Mango melocot\u00f3n pi\u00f1a <span style=\"color: #ff0000\"><strong>&gt;&gt;&gt;&gt; \u00a1Mejor!<\/strong><\/span><br \/>\n9. Kiwi de fresa<br \/>\n10.Kiwi maracuy\u00e1 guayaba<br \/>\n11.Bebida energ\u00e9tica<br \/>\n12.Love 66<\/p>\n<figure id=\"attachment_2542\" aria-describedby=\"caption-attachment-2542\" style=\"width: 800px\" class=\"wp-caption alignnone\"><img loading=\"lazy\" decoding=\"async\" class=\"wp-image-2542 size-full\" src=\"https:\/\/rmvapesale.com\/wp-content\/uploads\/2024\/10\/Disposable-Vape-Vapme-22000-Puffs-Price.jpg\" alt=\"Precio del Vapme 22000 Puffs Desechable\" width=\"800\" height=\"800\" srcset=\"https:\/\/rmvapesale.com\/wp-content\/uploads\/2024\/10\/Disposable-Vape-Vapme-22000-Puffs-Price.jpg 800w, https:\/\/rmvapesale.com\/wp-content\/uploads\/2024\/10\/Disposable-Vape-Vapme-22000-Puffs-Price-300x300.jpg 300w, https:\/\/rmvapesale.com\/wp-content\/uploads\/2024\/10\/Disposable-Vape-Vapme-22000-Puffs-Price-150x150.jpg 150w, https:\/\/rmvapesale.com\/wp-content\/uploads\/2024\/10\/Disposable-Vape-Vapme-22000-Puffs-Price-768x768.jpg 768w, https:\/\/rmvapesale.com\/wp-content\/uploads\/2024\/10\/Disposable-Vape-Vapme-22000-Puffs-Price-600x600.jpg 600w, https:\/\/rmvapesale.com\/wp-content\/uploads\/2024\/10\/Disposable-Vape-Vapme-22000-Puffs-Price-100x100.jpg 100w\" sizes=\"auto, (max-width: 800px) 100vw, 800px\" \/><figcaption id=\"caption-attachment-2542\" class=\"wp-caption-text\">Precio del Vapme 22000 Puffs Desechable<\/figcaption><\/figure>\n<p>&nbsp;<\/p>\n<h3><strong>Por qu\u00e9 elegir Rmvapesale para Vapme 22000 Puffs<\/strong><strong>?<\/strong><\/h3>\n<div class=\"flex-shrink-0 flex flex-col relative items-end\">\n<div class=\"pt-0\">\n<div class=\"gizmo-bot-avatar flex h-8 w-8 items-center justify-center overflow-hidden rounded-full\">\n<div class=\"relative p-1 rounded-sm flex items-center justify-center bg-token-main-surface-primary text-token-text-primary h-8 w-8\">\n<p>&nbsp;<\/p>\n<p>Cuando eliges Rmvapesale para tus necesidades de vapeadores desechables al por mayor, te beneficiar\u00e1s de:<\/p>\n<ul>\n<li><strong>Precio competitivo<\/strong>: Obt\u00e9n acceso a atractivos precios al por mayor que impulsan los m\u00e1rgenes de tu negocio.<\/li>\n<li><strong>Alta calidad<\/strong>: Nuestros vapes est\u00e1n fabricados con los m\u00e1s altos est\u00e1ndares, y <span style=\"color: #ff0000\"><strong>garantizados 100% originales y aut\u00e9nticos. \u00a1Se proporcionar\u00e1 una compensaci\u00f3n de 10 veces por productos falsos!<\/strong><\/span><\/li>\n<li><strong>Excelente servicio al cliente<\/strong>: Nuestro equipo dedicado est\u00e1 siempre listo para ayudarle, haciendo que su proceso de compra sea f\u00e1cil y sin complicaciones.<\/li>\n<li><strong>R\u00e1pido<\/strong>: Espere un env\u00edo r\u00e1pido y confiable, asegurando que sus pedidos lleguen a tiempo, siempre.<\/li>\n<\/ul>\n<\/div>\n<h3><\/h3>\n<div class=\"relative p-1 rounded-sm flex items-center justify-center bg-token-main-surface-primary text-token-text-primary h-8 w-8\">\n<h3><b>Vape Recargable Vapme 22000 Preguntas Frecuentes<\/b><\/h3>\n<ul>\n<li><strong>C\u00f3mo cargar el vape desechable recargable Vapme Spacex 22000<\/strong><br \/>\nEl Vapme Spacex 22000 viene con una bater\u00eda recargable de 850 mAh que se puede cargar a trav\u00e9s del puerto de carga tipo C. Simplemente conecta el cable tipo C a una fuente de energ\u00eda para recargar el dispositivo.<\/li>\n<li><strong>Cu\u00e1nta nicotina hay en un Vapme Spacex 22000 Puff<\/strong><br \/>\nEl Vapme Spacex 22000 Puffs est\u00e1 disponible en dos opciones de concentraci\u00f3n de nicotina: 2% (20mg) para un golpe m\u00e1s suave y 5% (50mg) para usuarios que buscan una experiencia m\u00e1s fuerte.<\/li>\n<li><strong>\u00bfCu\u00e1nto tiempo debo cargar mi Vapme Spacex 22000 Vape Box?<\/strong><br \/>\nEl tiempo de carga exacto depende de la fuente de energ\u00eda, pero la capacidad de carga r\u00e1pida tipo C permite recargas relativamente r\u00e1pidas. Monitorea la pantalla LED para comprobar cu\u00e1ndo la bater\u00eda est\u00e1 completamente cargada, ya que la pantalla proporcionar\u00e1 informaci\u00f3n sobre la vida \u00fatil de la bater\u00eda.<\/li>\n<li><strong>\u00bfD\u00f3nde puedo comprar los vapes desechables Vapme Spacex 22000?<\/strong><br \/>\nEl vape desechable Vapme Spacex 22000 Puffs se puede comprar en minoristas, tiendas de vapeo o plataformas en l\u00ednea que se especializan en la venta de productos de vapeo. Tambi\u00e9n est\u00e1 disponible para la venta al por mayor, lo que lo convierte en una opci\u00f3n popular para las empresas que buscan abastecerse de vapes desechables.<\/li>\n<li><strong>\u00bfCu\u00e1les son los mejores vapeadores desechables de 2024?<\/strong><br \/>\nAlgunos de los mejores vapeadores desechables de 2024 incluyen:<\/p>\n<ul>\n<li><strong>Vapme Spacex 22000 Puffs<\/strong>: Conocido por su gran capacidad, pantalla LED y bater\u00eda recargable.<\/li>\n<li><strong>Vapme Crystal 20000 Puffs<\/strong>: Popular por su funcionalidad de Doble Sabor y carga conveniente.<\/li>\n<li><strong>Aivono Fatpro 22000 Puffs<\/strong>: Ofrece una experiencia de vapeo duradera con tecnolog\u00eda de bobina de malla y flujo de aire personalizable.<\/li>\n<li><strong>Fumot RandM Tornado 30000 Puffs<\/strong>: Cuenta con sincronizaci\u00f3n de m\u00fasica y luces RGB, ideal para un vapeo interactivo.<\/li>\n<\/ul>\n<\/li>\n<\/ul>\n<\/div>\n<\/div>\n<\/div>\n<\/div>\n<h3>Sobre el env\u00edo<\/h3>\n<div class=\"flex-shrink-0 flex flex-col relative items-end\">\n<div>\n<div class=\"pt-0\">\n<div class=\"gizmo-bot-avatar flex h-8 w-8 items-center justify-center overflow-hidden rounded-full\">\n<div><\/div>\n<div class=\"relative p-1 rounded-sm flex items-center justify-center bg-token-main-surface-primary text-token-text-primary h-8 w-8\"><strong>1. \u00bfQu\u00e9 m\u00e9todos de env\u00edo se utilizan?<\/strong><\/div>\n<\/div>\n<\/div>\n<\/div>\n<\/div>\n<div class=\"group\/conversation-turn relative flex w-full min-w-0 flex-col agent-turn\">\n<div class=\"flex-col gap-1 md:gap-3\">\n<div class=\"flex max-w-full flex-col flex-grow\">\n<div class=\"min-h-[20px] text-message flex w-full flex-col items-end gap-2 whitespace-normal break-words [.text-message+&amp;]:mt-5 overflow-x-auto\" dir=\"auto\" data-message-author-role=\"assistant\" data-message-id=\"22f8283b-3233-46ff-89a5-c7a41b33abda\">\n<div class=\"flex w-full flex-col gap-1 empty:hidden first:pt-[3px]\">\n<div class=\"markdown prose w-full break-words dark:prose-invert light\">\n<p>Trabajamos con UPS, DHL, FedEx, DPD y otros transportistas l\u00edderes. Seleccionaremos el mejor m\u00e9todo de env\u00edo seg\u00fan su lugar de entrega para garantizar que reciba sus productos lo m\u00e1s r\u00e1pido posible.<\/p>\n<\/div>\n<p><strong>2. \u00bfCu\u00e1nto tiempo tarda en llegar?<\/strong><\/p>\n<p>Los paquetes enviados a Espa\u00f1a suelen llegar en 10 d\u00edas laborables. El env\u00edo a pa\u00edses europeos generalmente tarda entre 12 y 15 d\u00edas h\u00e1biles. Proporcionaremos actualizaciones en tiempo real sobre el estado de su env\u00edo.<\/p>\n<\/div>\n<\/div>\n<\/div>\n<\/div>\n<\/div>\n<p>&nbsp;<\/p>\n<p>Otros vapes de venta caliente que te pueden gustar:<\/p>\n<p><a href=\"https:\/\/rmvapesale.com\/es\/product\/fumot-randm-tornado-30000-puffs-30k-music-disposable-vape\/\"><strong>RandM Tornado 30000 Caladas\u00a0 \u00a0<span style=\"color: #ff0000\">&gt;&gt;&gt;&gt; \u00a1vamos!<\/span><\/strong><\/a><\/p>\n<p><strong><a href=\"https:\/\/rmvapesale.com\/es\/product\/vapme-crystal-20000-puffs-20k-double-flavor-rechargeable-vapes\/\">Vapme Crystal 20000 Puffs <span style=\"color: #ff0000\">&gt;&gt;&gt;&gt; \u00a1vamos!<\/span><\/a>\u00a0<\/strong><\/p>\n<p><a href=\"https:\/\/rmvapesale.com\/es\/product\/original-randm-vape-digital-puff-12000-fumot-factory-price\/\"><strong>Fumot Vape 12000 Puffs <span style=\"color: #ff0000\">&gt;&gt;&gt;&gt; \u00a1vamos!<\/span><\/strong><\/a><\/p>\n<p>&nbsp;<\/p>\n<p>&nbsp;<\/p>\n<p>Encuentra m\u00e1s productos de Vape que te puedan gustar:<strong><em><a href=\"https:\/\/rmvapesale.com\/es\/shop-2\/\">comprar ahora &gt;&gt;&gt;<\/a><\/em><\/strong><\/p>","protected":false},"excerpt":{"rendered":"<p>Vapes Recargables al por mayor Vapme Spacex 22000 Puff<br \/>\nVapme 22000 Puffs Vapes Desechables todas las Sabores<br \/>\nVape Desechable Vapme Spacex 22000 Puff con Pantalla<\/p>\n<p><img loading=\"lazy\" decoding=\"async\" class=\"size-full wp-image-2375\" src=\"https:\/\/rmvapesale.com\/wp-content\/uploads\/2024\/10\/image.png\" alt=\"Mejor Vape Desechable\" width=\"229\" height=\"300\" \/><\/p>\n<h3><a href=\"https:\/\/wa.me\/8617776015835\"><span style=\"color: #ff0000\"><strong>WhatsApp: +86 17776015835<\/strong><\/span><\/a><\/h3>\n<p>&nbsp;<\/p>","protected":false},"featured_media":2541,"comment_status":"open","ping_status":"closed","template":"","meta":{"_uag_custom_page_level_css":"","_lmt_disableupdate":"no","_lmt_disable":"","site-sidebar-layout":"default","site-content-layout":"content-boxed-container","ast-site-content-layout":"normal-width-container","site-content-style":"boxed","site-sidebar-style":"unboxed","ast-global-header-display":"","ast-banner-title-visibility":"","ast-main-header-display":"","ast-hfb-above-header-display":"","ast-hfb-below-header-display":"","ast-hfb-mobile-header-display":"","site-post-title":"","ast-breadcrumbs-content":"","ast-featured-img":"","footer-sml-layout":"","ast-disable-related-posts":"","theme-transparent-header-meta":"default","adv-header-id-meta":"","stick-header-meta":"","header-above-stick-meta":"","header-main-stick-meta":"","header-below-stick-meta":"","astra-migrate-meta-layouts":"set","ast-page-background-enabled":"default","ast-page-background-meta":{"desktop":{"background-color":"var(--ast-global-color-4)","background-image":"","background-repeat":"repeat","background-position":"center center","background-size":"auto","background-attachment":"scroll","background-type":"","background-media":"","overlay-type":"","overlay-color":"","overlay-opacity":"","overlay-gradient":""},"tablet":{"background-color":"","background-image":"","background-repeat":"repeat","background-position":"center center","background-size":"auto","background-attachment":"scroll","background-type":"","background-media":"","overlay-type":"","overlay-color":"","overlay-opacity":"","overlay-gradient":""},"mobile":{"background-color":"","background-image":"","background-repeat":"repeat","background-position":"center center","background-size":"auto","background-attachment":"scroll","background-type":"","background-media":"","overlay-type":"","overlay-color":"","overlay-opacity":"","overlay-gradient":""}},"ast-content-background-meta":{"desktop":{"background-color":"var(--ast-global-color-5)","background-image":"","background-repeat":"repeat","background-position":"center center","background-size":"auto","background-attachment":"scroll","background-type":"","background-media":"","overlay-type":"","overlay-color":"","overlay-opacity":"","overlay-gradient":""},"tablet":{"background-color":"var(--ast-global-color-5)","background-image":"","background-repeat":"repeat","background-position":"center center","background-size":"auto","background-attachment":"scroll","background-type":"","background-media":"","overlay-type":"","overlay-color":"","overlay-opacity":"","overlay-gradient":""},"mobile":{"background-color":"var(--ast-global-color-5)","background-image":"","background-repeat":"repeat","background-position":"center center","background-size":"auto","background-attachment":"scroll","background-type":"","background-media":"","overlay-type":"","overlay-color":"","overlay-opacity":"","overlay-gradient":""}},"_joinchat":[]},"product_brand":[],"product_cat":[15,27,25,123,30,26,28,137,136,135],"product_tag":[146,188,155,167,165,120],"class_list":{"0":"post-2547","1":"product","2":"type-product","3":"status-publish","4":"has-post-thumbnail","6":"product_cat-new-vape-this-week","7":"product_cat-fance-hot-sale-vape","8":"product_cat-germany-best-selling-vape","9":"product_cat-italy-wholesale-vape","10":"product_cat-minimum-order-quantity-50pcs","11":"product_cat-netherlands-hot-sale-vape","12":"product_cat-poland-hot-sale-vape","13":"product_cat-rechargeable-vapes","14":"product_cat-smart-screen-vapes","15":"product_cat-spain-best-hot-sale-vape","16":"product_tag-best-hot-sale-vape","17":"product_tag-buy-vapes-online","18":"product_tag-digital-display-box","19":"product_tag-disposable-vape-with-screen","20":"product_tag-rechargeable-vapes","21":"product_tag-vape-wholesale","22":"desktop-align-left","23":"tablet-align-left","24":"mobile-align-left","26":"first","27":"instock","28":"sale","29":"shipping-taxable","30":"purchasable","31":"product-type-simple"},"uagb_featured_image_src":{"full":["https:\/\/rmvapesale.com\/wp-content\/uploads\/2024\/10\/Disposable-Vape-Pen-Vapme-Spacex-22000.jpg",800,800,false],"thumbnail":["https:\/\/rmvapesale.com\/wp-content\/uploads\/2024\/10\/Disposable-Vape-Pen-Vapme-Spacex-22000-150x150.jpg",150,150,true],"medium":["https:\/\/rmvapesale.com\/wp-content\/uploads\/2024\/10\/Disposable-Vape-Pen-Vapme-Spacex-22000-300x300.jpg",300,300,true],"medium_large":["https:\/\/rmvapesale.com\/wp-content\/uploads\/2024\/10\/Disposable-Vape-Pen-Vapme-Spacex-22000-768x768.jpg",768,768,true],"large":["https:\/\/rmvapesale.com\/wp-content\/uploads\/2024\/10\/Disposable-Vape-Pen-Vapme-Spacex-22000.jpg",800,800,false],"1536x1536":["https:\/\/rmvapesale.com\/wp-content\/uploads\/2024\/10\/Disposable-Vape-Pen-Vapme-Spacex-22000.jpg",800,800,false],"2048x2048":["https:\/\/rmvapesale.com\/wp-content\/uploads\/2024\/10\/Disposable-Vape-Pen-Vapme-Spacex-22000.jpg",800,800,false],"trp-custom-language-flag":["https:\/\/rmvapesale.com\/wp-content\/uploads\/2024\/10\/Disposable-Vape-Pen-Vapme-Spacex-22000.jpg",12,12,false],"woocommerce_thumbnail":["https:\/\/rmvapesale.com\/wp-content\/uploads\/2024\/10\/Disposable-Vape-Pen-Vapme-Spacex-22000-300x300.jpg",300,300,true],"woocommerce_single":["https:\/\/rmvapesale.com\/wp-content\/uploads\/2024\/10\/Disposable-Vape-Pen-Vapme-Spacex-22000-600x600.jpg",600,600,true],"woocommerce_gallery_thumbnail":["https:\/\/rmvapesale.com\/wp-content\/uploads\/2024\/10\/Disposable-Vape-Pen-Vapme-Spacex-22000-100x100.jpg",100,100,true],"wcpr-photo-reviews":["https:\/\/rmvapesale.com\/wp-content\/uploads\/2024\/10\/Disposable-Vape-Pen-Vapme-Spacex-22000.jpg",500,500,false]},"uagb_author_info":{"display_name":"AMY","author_link":"https:\/\/rmvapesale.com\/es\/author\/"},"uagb_comment_info":0,"uagb_excerpt":"Wholesale\u00a0Rechargeable Vapes Vapme Spacex 22000 Puff Vapme 22000 Puffs Disposable Vape Box all Flavor Vapme Spacex 22000 Puff Disposable Vape with Screen WhatsApp: +86 17776015835 &nbsp;","_links":{"self":[{"href":"https:\/\/rmvapesale.com\/es\/wp-json\/wp\/v2\/product\/2547","targetHints":{"allow":["GET"]}}],"collection":[{"href":"https:\/\/rmvapesale.com\/es\/wp-json\/wp\/v2\/product"}],"about":[{"href":"https:\/\/rmvapesale.com\/es\/wp-json\/wp\/v2\/types\/product"}],"replies":[{"embeddable":true,"href":"https:\/\/rmvapesale.com\/es\/wp-json\/wp\/v2\/comments?post=2547"}],"wp:featuredmedia":[{"embeddable":true,"href":"https:\/\/rmvapesale.com\/es\/wp-json\/wp\/v2\/media\/2541"}],"wp:attachment":[{"href":"https:\/\/rmvapesale.com\/es\/wp-json\/wp\/v2\/media?parent=2547"}],"wp:term":[{"taxonomy":"product_brand","embeddable":true,"href":"https:\/\/rmvapesale.com\/es\/wp-json\/wp\/v2\/product_brand?post=2547"},{"taxonomy":"product_cat","embeddable":true,"href":"https:\/\/rmvapesale.com\/es\/wp-json\/wp\/v2\/product_cat?post=2547"},{"taxonomy":"product_tag","embeddable":true,"href":"https:\/\/rmvapesale.com\/es\/wp-json\/wp\/v2\/product_tag?post=2547"}],"curies":[{"name":"wp","href":"https:\/\/api.w.org\/{rel}","templated":true}]}}