{"id":2589,"date":"2024-10-28T08:12:17","date_gmt":"2024-10-28T08:12:17","guid":{"rendered":"https:\/\/rmvapesale.com\/?post_type=product&#038;p=2589"},"modified":"2024-10-28T08:47:41","modified_gmt":"2024-10-28T08:47:41","slug":"poco-pt12000-puffs-disposable-vape-pod-electronic-cigarette","status":"publish","type":"product","link":"https:\/\/rmvapesale.com\/es\/product\/poco-pt12000-puffs-disposable-vape-pod-electronic-cigarette\/","title":{"rendered":"POCO PT12000 Puffs Vape Pod desechable Cigarrillo electr\u00f3nico"},"content":{"rendered":"<div class=\"B2VR9 CJHX3e\">\n<div class=\"wyccme\">\n<h1 class=\"LC20lb MBeuO DKV0Md\">POCO PT12000 Puffs Vape Pod desechable Cigarrillo electr\u00f3nico<\/h1>\n<div class=\"flex-shrink-0 flex flex-col relative items-end\">\n<div class=\"pt-0\">\n<div class=\"gizmo-bot-avatar flex h-8 w-8 items-center justify-center overflow-hidden rounded-full\">\n<div class=\"relative p-1 rounded-sm flex items-center justify-center bg-token-main-surface-primary text-token-text-primary h-8 w-8\">\n<p>El Vape Desechable POCO PT12000 Puffs establece el est\u00e1ndar como uno de los Vapes desechables recargables m\u00e1s potentes disponibles, ofreciendo la impresionante cantidad de 12.000 caladas en un dise\u00f1o elegante y recargable. Este dispositivo de vapeo de 12k caladas aporta un toque audaz al mercado de los vapes desechables con caracter\u00edsticas dise\u00f1adas para satisfacer incluso a los vapeadores m\u00e1s exigentes. El Vape Desechable POCO PT12000 Puffs est\u00e1 equipado con una bobina de malla de alto rendimiento, y viene precargado con e-l\u00edquido de sal de nicotina premium, lo que garantiza un sabor rico y un vapor suave en todo momento.<\/p>\n<p>Alimentado por una robusta bater\u00eda recargable de 650mAh y un conveniente puerto de carga Tipo-C, este dispositivo de vapeo se carga r\u00e1pidamente para que nunca tenga que esperar. La funci\u00f3n de flujo de aire ajustable permite a los usuarios personalizar cada calada, ya sea que prefieran una calada m\u00e1s ajustada o m\u00e1s abierta. Con una potente concentraci\u00f3n de 5% de sal de nicotina, este vape es ideal para vapeadores experimentados que buscan una sensaci\u00f3n de golpe en la garganta satisfactoria.<\/p>\n<p>Perfecto para tiendas de vapeo al por mayor y compradores a granel que desean comprar vapes en l\u00ednea, el POCO PT de 12k caladas combina calidad premium y caracter\u00edsticas f\u00e1ciles de usar, creando una experiencia de vapeo inmejorable que se destaca de la competencia.<\/p>\n<p>&nbsp;<\/p>\n<\/div>\n<\/div>\n<\/div>\n<\/div>\n<\/div>\n<\/div>\n<p><strong>\u00a1Contacta con Amy para obtener la respuesta correcta y un cup\u00f3n de vape!<\/strong><\/p>\n<p><img loading=\"lazy\" decoding=\"async\" class=\"size-full wp-image-1978\" src=\"https:\/\/rmvapesale.com\/wp-content\/uploads\/2024\/09\/Disposable-Vape-Wholesale.jpg\" alt=\"Vape Desechable al por mayor\" width=\"229\" height=\"300\" \/><\/p>\n<h3><a href=\"https:\/\/wa.me\/8617776015835\" target=\"_blank\" rel=\"noopener\"><span style=\"color: #ff0000\"><strong>WhatsApp: +86 17776015835<\/strong><\/span><\/a><\/h3>\n<p>&nbsp;<\/p>\n<h2><\/h2>\n<h2><strong>Vape Desechable POCO PT12000 <\/strong><strong>Caracter\u00edsticas Clave<\/strong><\/h2>\n<p>Nicotina: 5%<br \/>\nCaladas:12000<br \/>\nCapacidad:22ml<br \/>\n10 sabores disponibles<br \/>\n650mah Recargable<br \/>\nbobina de malla<br \/>\nTipo-C,recargable<\/p>\n<figure id=\"attachment_2588\" aria-describedby=\"caption-attachment-2588\" style=\"width: 800px\" class=\"wp-caption alignnone\"><img loading=\"lazy\" decoding=\"async\" class=\"wp-image-2588 size-full\" src=\"https:\/\/rmvapesale.com\/wp-content\/uploads\/2024\/10\/Poco-pt12000-For-Sale.jpg\" alt=\"Poco Pt12000 a la Venta\" width=\"800\" height=\"800\" srcset=\"https:\/\/rmvapesale.com\/wp-content\/uploads\/2024\/10\/Poco-pt12000-For-Sale.jpg 800w, https:\/\/rmvapesale.com\/wp-content\/uploads\/2024\/10\/Poco-pt12000-For-Sale-300x300.jpg 300w, https:\/\/rmvapesale.com\/wp-content\/uploads\/2024\/10\/Poco-pt12000-For-Sale-150x150.jpg 150w, https:\/\/rmvapesale.com\/wp-content\/uploads\/2024\/10\/Poco-pt12000-For-Sale-768x768.jpg 768w, https:\/\/rmvapesale.com\/wp-content\/uploads\/2024\/10\/Poco-pt12000-For-Sale-600x600.jpg 600w, https:\/\/rmvapesale.com\/wp-content\/uploads\/2024\/10\/Poco-pt12000-For-Sale-100x100.jpg 100w\" sizes=\"auto, (max-width: 800px) 100vw, 800px\" \/><figcaption id=\"caption-attachment-2588\" class=\"wp-caption-text\">Poco Pt12000 a la Venta<\/figcaption><\/figure>\n<h2><strong>Mejores sabores para POCO PT12000 Puffs Vape Desechable<\/strong><strong>\u00a0<\/strong><\/h2>\n<p>&nbsp;<\/p>\n<p>1. Hielo de Ar\u00e1ndano<span style=\"color: #ff0000\"><strong>&gt;&gt;&gt;&gt; \u00a1Popular!<\/strong><\/span><br \/>\n2. Fresa Sand\u00eda<br \/>\n3. Fresa de Fruta del Drag\u00f3n de Hielo Negro<br \/>\n4. Bebida Energ\u00e9tica<br \/>\n5. Melocot\u00f3n Helado<br \/>\n6. Limonada de Cereza y Melocot\u00f3n<br \/>\n7. Ar\u00e1ndano y Frambuesa <span style=\"color: #ff0000\"><strong>&gt;&gt;&gt;&gt; \u00a1Mejor!<\/strong><\/span><br \/>\n8. Fresa y Kiwi<br \/>\n9. Uva y Aloe<br \/>\n10. Hielo de Fresa <span style=\"color: #ff0000\"><strong>&gt;&gt;&gt;&gt; \u00a1Popular!<\/strong><\/span><\/p>\n<p>&nbsp;<\/p>\n<h3><strong>Por qu\u00e9 Elegir Rmvapesale para <\/strong><strong>POCO PT12000 <\/strong><strong>Vape Desechable Recargable de Caladas<\/strong><strong>?<\/strong><\/h3>\n<div class=\"flex-shrink-0 flex flex-col relative items-end\">\n<div class=\"pt-0\">\n<div class=\"gizmo-bot-avatar flex h-8 w-8 items-center justify-center overflow-hidden rounded-full\">\n<div class=\"relative p-1 rounded-sm flex items-center justify-center bg-token-main-surface-primary text-token-text-primary h-8 w-8\">\n<p>&nbsp;<\/p>\n<p>Cuando eliges Rmvapesale para tus necesidades de vapeadores desechables al por mayor, te beneficiar\u00e1s de:<\/p>\n<ul>\n<li><strong>Precio competitivo<\/strong>: Obt\u00e9n acceso a atractivos precios al por mayor que impulsan los m\u00e1rgenes de tu negocio.<\/li>\n<li><strong>Alta calidad<\/strong>: Nuestros vapes est\u00e1n fabricados con los m\u00e1s altos est\u00e1ndares, y <span style=\"color: #ff0000\"><strong>garantizados 100% originales y aut\u00e9nticos. \u00a1Se proporcionar\u00e1 una compensaci\u00f3n de 10 veces por productos falsos!<\/strong><\/span><\/li>\n<li><strong>Excelente servicio al cliente<\/strong>: Nuestro equipo dedicado est\u00e1 siempre listo para ayudarle, haciendo que su proceso de compra sea f\u00e1cil y sin complicaciones.<\/li>\n<li><strong>R\u00e1pido<\/strong>: Espere un env\u00edo r\u00e1pido y confiable, asegurando que sus pedidos lleguen a tiempo, siempre.<\/li>\n<\/ul>\n<\/div>\n<h3><\/h3>\n<div class=\"relative p-1 rounded-sm flex items-center justify-center bg-token-main-surface-primary text-token-text-primary h-8 w-8\">\n<h3><b>Vape POCO <\/b><strong>PT12000 <\/strong><b>Preguntas frecuentes sobre Puffs<\/b><\/h3>\n<p><strong>1. \u00bfC\u00f3mo cargo el vaporizador desechable recargable POCO PT 12K?<\/strong><br \/>\nPara cargar tu POCO PT 12000, utiliza un cable de carga Tipo-C. Simplemente con\u00e9ctalo al puerto ubicado en la base del dispositivo. Aseg\u00farate de que est\u00e9 enchufado a una fuente de alimentaci\u00f3n compatible para una carga estable. El POCO PT 12000 est\u00e1 dise\u00f1ado para una carga r\u00e1pida, \u00a1as\u00ed que estar\u00e1s listo para vapear en poco tiempo!<\/p>\n<p><strong>2. \u00bfCu\u00e1nta nicotina hay en un Pod Vape Desechable POCO PT12000 Puffs?<\/strong><br \/>\nEl POCO PT 12000 ofrece niveles de nicotina de 5% de concentraci\u00f3n de sal de nicotina, lo que proporciona una experiencia de vapeo robusta y satisfactoria para aquellos que buscan un golpe m\u00e1s fuerte.<\/p>\n<p><strong>3. \u00bfCu\u00e1nto tiempo debo cargar mi Caja de Vape Desechable POCO 12000 Puffs?<\/strong><br \/>\nPara un rendimiento \u00f3ptimo, carga el POCO 12000 durante aproximadamente 1-2 horas o hasta que est\u00e9 completamente cargado. Es mejor no exceder este tiempo para mantener la salud de la bater\u00eda.<\/p>\n<p><strong>4. \u00bfD\u00f3nde puedo comprar la Barra de Vapeo POCO PT12000 Puffs?<\/strong><br \/>\nLa Barra de Vapeo POCO PT12000 Puffs est\u00e1 disponible en muchos minoristas de vapeo en l\u00ednea, tiendas de vapeo y distribuidores mayoristas de vapeo seleccionados. Para opciones convenientes, considera navegar por tiendas de vapeo populares en l\u00ednea como rmvapesale para encontrar las mejores ofertas.<\/p>\n<p><strong>5. \u00bfCu\u00e1les son los mejores vapes desechables para 2024?<\/strong><br \/>\nEl POCO PT12000 es uno de los mejores vapes desechables para 2024 debido a su alto n\u00famero de caladas, flujo de aire ajustable, resistencia de malla premium y bater\u00eda recargable. Con un rendimiento de calidad y un dise\u00f1o innovador, se destaca como una opci\u00f3n principal para experiencias de vapeo duraderas y sabrosas.<\/p>\n<\/div>\n<\/div>\n<\/div>\n<\/div>\n<h3>Sobre el env\u00edo<\/h3>\n<div class=\"flex-shrink-0 flex flex-col relative items-end\">\n<div>\n<div class=\"pt-0\">\n<div class=\"gizmo-bot-avatar flex h-8 w-8 items-center justify-center overflow-hidden rounded-full\">\n<div><\/div>\n<div class=\"relative p-1 rounded-sm flex items-center justify-center bg-token-main-surface-primary text-token-text-primary h-8 w-8\"><strong>1. \u00bfQu\u00e9 m\u00e9todos de env\u00edo se utilizan?<\/strong><\/div>\n<\/div>\n<\/div>\n<\/div>\n<\/div>\n<div class=\"group\/conversation-turn relative flex w-full min-w-0 flex-col agent-turn\">\n<div class=\"flex-col gap-1 md:gap-3\">\n<div class=\"flex max-w-full flex-col flex-grow\">\n<div class=\"min-h-[20px] text-message flex w-full flex-col items-end gap-2 whitespace-normal break-words [.text-message+&amp;]:mt-5 overflow-x-auto\" dir=\"auto\" data-message-author-role=\"assistant\" data-message-id=\"22f8283b-3233-46ff-89a5-c7a41b33abda\">\n<div class=\"flex w-full flex-col gap-1 empty:hidden first:pt-[3px]\">\n<div class=\"markdown prose w-full break-words dark:prose-invert light\">\n<p>Trabajamos con UPS, DHL, FedEx, DPD y otros transportistas l\u00edderes. Seleccionaremos el mejor m\u00e9todo de env\u00edo seg\u00fan su lugar de entrega para garantizar que reciba sus productos lo m\u00e1s r\u00e1pido posible.<\/p>\n<\/div>\n<p><strong>2. \u00bfCu\u00e1nto tiempo tarda en llegar?<\/strong><\/p>\n<p>Los paquetes enviados a Espa\u00f1a suelen llegar en 10 d\u00edas laborables. El env\u00edo a pa\u00edses europeos generalmente tarda entre 12 y 15 d\u00edas h\u00e1biles. Proporcionaremos actualizaciones en tiempo real sobre el estado de su env\u00edo.<\/p>\n<\/div>\n<\/div>\n<\/div>\n<\/div>\n<\/div>\n<p>&nbsp;<\/p>\n<p>Otros vapes de venta caliente que te pueden gustar:<\/p>\n<p><a href=\"https:\/\/rmvapesale.com\/es\/product\/fumot-randm-tornado-30000-puffs-30k-music-disposable-vape\/\"><strong>RandM Tornado 30000 Caladas\u00a0 \u00a0<span style=\"color: #ff0000\">&gt;&gt;&gt;&gt; \u00a1vamos!<\/span><\/strong><\/a><\/p>\n<p><strong><a href=\"https:\/\/rmvapesale.com\/es\/product\/disposable-vape-poco-bl10000-puffs-wholesale\/\">POCO BL10000 Caladas <span style=\"color: #ff0000\">&gt;&gt;&gt;&gt; \u00a1vamos!<\/span><\/a>\u00a0<\/strong><\/p>\n<p><a href=\"https:\/\/rmvapesale.com\/es\/product\/original-randm-vape-digital-puff-12000-fumot-factory-price\/\"><strong>Fumot Vape 12000 Puffs <span style=\"color: #ff0000\">&gt;&gt;&gt;&gt; \u00a1vamos!<\/span><\/strong><\/a><\/p>\n<p>&nbsp;<\/p>\n<p>&nbsp;<\/p>\n<p>Encuentra m\u00e1s productos de Vape que te puedan gustar:<strong><em><a href=\"https:\/\/rmvapesale.com\/es\/shop-2\/\">comprar ahora &gt;&gt;&gt;<\/a><\/em><\/strong><\/p>","protected":false},"excerpt":{"rendered":"<p>POCO PT 12000 Puffs Vape Desechable Precio de F\u00e1brica<br \/>\nAlmac\u00e9n de la UE Poco PT12000 Puffs Vape Desechable en Stock<br \/>\nPOCO PT 12000 Puffs Vape Desechable Venta al por Mayor<br \/>\n<span style=\"color: #ff0000\">(Env\u00edo desde el almac\u00e9n de Alemania y tarda de 3 a 5 d\u00edas en llegar a la mayor\u00eda de los pa\u00edses de Europa como Pa\u00edses Bajos, Francia, Italia, Espa\u00f1a, Suiza, Suecia, Polonia, etc.)<\/span><\/p>\n<p><img loading=\"lazy\" decoding=\"async\" class=\"size-full wp-image-2375\" src=\"https:\/\/rmvapesale.com\/wp-content\/uploads\/2024\/10\/image.png\" alt=\"Mejor Vape Desechable\" width=\"229\" height=\"300\" \/><\/p>\n<h3><a href=\"https:\/\/wa.me\/8617776015835\"><span style=\"color: #ff0000\"><strong>WhatsApp: +86 17776015835<\/strong><\/span><\/a><\/h3>\n<p>&nbsp;<\/p>","protected":false},"featured_media":2586,"comment_status":"open","ping_status":"closed","template":"","meta":{"_uag_custom_page_level_css":"","_lmt_disableupdate":"no","_lmt_disable":"","site-sidebar-layout":"default","site-content-layout":"content-boxed-container","ast-site-content-layout":"normal-width-container","site-content-style":"boxed","site-sidebar-style":"unboxed","ast-global-header-display":"","ast-banner-title-visibility":"","ast-main-header-display":"","ast-hfb-above-header-display":"","ast-hfb-below-header-display":"","ast-hfb-mobile-header-display":"","site-post-title":"","ast-breadcrumbs-content":"","ast-featured-img":"","footer-sml-layout":"","theme-transparent-header-meta":"default","adv-header-id-meta":"","stick-header-meta":"","header-above-stick-meta":"","header-main-stick-meta":"","header-below-stick-meta":"","astra-migrate-meta-layouts":"set","ast-page-background-enabled":"default","ast-page-background-meta":{"desktop":{"background-color":"var(--ast-global-color-4)","background-image":"","background-repeat":"repeat","background-position":"center center","background-size":"auto","background-attachment":"scroll","background-type":"","background-media":"","overlay-type":"","overlay-color":"","overlay-opacity":"","overlay-gradient":""},"tablet":{"background-color":"","background-image":"","background-repeat":"repeat","background-position":"center center","background-size":"auto","background-attachment":"scroll","background-type":"","background-media":"","overlay-type":"","overlay-color":"","overlay-opacity":"","overlay-gradient":""},"mobile":{"background-color":"","background-image":"","background-repeat":"repeat","background-position":"center center","background-size":"auto","background-attachment":"scroll","background-type":"","background-media":"","overlay-type":"","overlay-color":"","overlay-opacity":"","overlay-gradient":""}},"ast-content-background-meta":{"desktop":{"background-color":"var(--ast-global-color-5)","background-image":"","background-repeat":"repeat","background-position":"center center","background-size":"auto","background-attachment":"scroll","background-type":"","background-media":"","overlay-type":"","overlay-color":"","overlay-opacity":"","overlay-gradient":""},"tablet":{"background-color":"var(--ast-global-color-5)","background-image":"","background-repeat":"repeat","background-position":"center center","background-size":"auto","background-attachment":"scroll","background-type":"","background-media":"","overlay-type":"","overlay-color":"","overlay-opacity":"","overlay-gradient":""},"mobile":{"background-color":"var(--ast-global-color-5)","background-image":"","background-repeat":"repeat","background-position":"center center","background-size":"auto","background-attachment":"scroll","background-type":"","background-media":"","overlay-type":"","overlay-color":"","overlay-opacity":"","overlay-gradient":""}},"_joinchat":[]},"product_brand":[],"product_cat":[15,195,25,123,26,28,135,27,137,30],"product_tag":[146,188,167,165,191,196,120],"class_list":{"0":"post-2589","1":"product","2":"type-product","3":"status-publish","4":"has-post-thumbnail","6":"product_cat-new-vape-this-week","7":"product_cat-germany-warehouse","8":"product_cat-germany-best-selling-vape","9":"product_cat-italy-wholesale-vape","10":"product_cat-netherlands-hot-sale-vape","11":"product_cat-poland-hot-sale-vape","12":"product_cat-spain-best-hot-sale-vape","13":"product_cat-fance-hot-sale-vape","14":"product_cat-rechargeable-vapes","15":"product_cat-minimum-order-quantity-50pcs","16":"product_tag-best-hot-sale-vape","17":"product_tag-buy-vapes-online","18":"product_tag-disposable-vape-with-screen","19":"product_tag-rechargeable-vapes","20":"product_tag-vape-box","21":"product_tag-vape-shop","22":"product_tag-vape-wholesale","23":"desktop-align-left","24":"tablet-align-left","25":"mobile-align-left","27":"first","28":"instock","29":"sale","30":"shipping-taxable","31":"purchasable","32":"product-type-simple"},"uagb_featured_image_src":{"full":["https:\/\/rmvapesale.com\/wp-content\/uploads\/2024\/10\/POCO-PT-12000-Puffs-Disposable-Vape.jpg",800,800,false],"thumbnail":["https:\/\/rmvapesale.com\/wp-content\/uploads\/2024\/10\/POCO-PT-12000-Puffs-Disposable-Vape-150x150.jpg",150,150,true],"medium":["https:\/\/rmvapesale.com\/wp-content\/uploads\/2024\/10\/POCO-PT-12000-Puffs-Disposable-Vape-300x300.jpg",300,300,true],"medium_large":["https:\/\/rmvapesale.com\/wp-content\/uploads\/2024\/10\/POCO-PT-12000-Puffs-Disposable-Vape-768x768.jpg",768,768,true],"large":["https:\/\/rmvapesale.com\/wp-content\/uploads\/2024\/10\/POCO-PT-12000-Puffs-Disposable-Vape.jpg",800,800,false],"1536x1536":["https:\/\/rmvapesale.com\/wp-content\/uploads\/2024\/10\/POCO-PT-12000-Puffs-Disposable-Vape.jpg",800,800,false],"2048x2048":["https:\/\/rmvapesale.com\/wp-content\/uploads\/2024\/10\/POCO-PT-12000-Puffs-Disposable-Vape.jpg",800,800,false],"trp-custom-language-flag":["https:\/\/rmvapesale.com\/wp-content\/uploads\/2024\/10\/POCO-PT-12000-Puffs-Disposable-Vape.jpg",12,12,false],"woocommerce_thumbnail":["https:\/\/rmvapesale.com\/wp-content\/uploads\/2024\/10\/POCO-PT-12000-Puffs-Disposable-Vape-300x300.jpg",300,300,true],"woocommerce_single":["https:\/\/rmvapesale.com\/wp-content\/uploads\/2024\/10\/POCO-PT-12000-Puffs-Disposable-Vape-600x600.jpg",600,600,true],"woocommerce_gallery_thumbnail":["https:\/\/rmvapesale.com\/wp-content\/uploads\/2024\/10\/POCO-PT-12000-Puffs-Disposable-Vape-100x100.jpg",100,100,true],"wcpr-photo-reviews":["https:\/\/rmvapesale.com\/wp-content\/uploads\/2024\/10\/POCO-PT-12000-Puffs-Disposable-Vape.jpg",500,500,false]},"uagb_author_info":{"display_name":"AMY","author_link":"https:\/\/rmvapesale.com\/es\/author\/"},"uagb_comment_info":0,"uagb_excerpt":"POCO PT 12000 Puffs Disposable Vape Factory Price EU Warehouse Poco PT12000 Puffs Disposable Vape in Stock POCO PT 12000 Puffs Disposable Vape Wholesale (Ship from Germany warehouse and takes about 3-5 days\u00a0 to get arrive to most Europe countries like Netherlands, France, Italy, Spain, Switzerland, Sweden, Poland, etc. ) WhatsApp: +86 17776015835 &nbsp;","_links":{"self":[{"href":"https:\/\/rmvapesale.com\/es\/wp-json\/wp\/v2\/product\/2589","targetHints":{"allow":["GET"]}}],"collection":[{"href":"https:\/\/rmvapesale.com\/es\/wp-json\/wp\/v2\/product"}],"about":[{"href":"https:\/\/rmvapesale.com\/es\/wp-json\/wp\/v2\/types\/product"}],"replies":[{"embeddable":true,"href":"https:\/\/rmvapesale.com\/es\/wp-json\/wp\/v2\/comments?post=2589"}],"wp:featuredmedia":[{"embeddable":true,"href":"https:\/\/rmvapesale.com\/es\/wp-json\/wp\/v2\/media\/2586"}],"wp:attachment":[{"href":"https:\/\/rmvapesale.com\/es\/wp-json\/wp\/v2\/media?parent=2589"}],"wp:term":[{"taxonomy":"product_brand","embeddable":true,"href":"https:\/\/rmvapesale.com\/es\/wp-json\/wp\/v2\/product_brand?post=2589"},{"taxonomy":"product_cat","embeddable":true,"href":"https:\/\/rmvapesale.com\/es\/wp-json\/wp\/v2\/product_cat?post=2589"},{"taxonomy":"product_tag","embeddable":true,"href":"https:\/\/rmvapesale.com\/es\/wp-json\/wp\/v2\/product_tag?post=2589"}],"curies":[{"name":"wp","href":"https:\/\/api.w.org\/{rel}","templated":true}]}}