{"id":2609,"date":"2024-10-30T08:06:20","date_gmt":"2024-10-30T08:06:20","guid":{"rendered":"https:\/\/rmvapesale.com\/?post_type=product&#038;p=2609"},"modified":"2024-10-31T03:48:31","modified_gmt":"2024-10-31T03:48:31","slug":"smart-disposable-vape-elfworld-ai-22000-puffs-led-display","status":"publish","type":"product","link":"https:\/\/rmvapesale.com\/es\/product\/smart-disposable-vape-elfworld-ai-22000-puffs-led-display\/","title":{"rendered":"Vape desechable inteligente ELFWORLD AI 22000 Puffs Pantalla LED"},"content":{"rendered":"<div class=\"B2VR9 CJHX3e\">\n<div class=\"wyccme\">\n<h1 class=\"LC20lb MBeuO DKV0Md\">Vape desechable inteligente ELFWORLD AI 22000 Puffs Pantalla LED<\/h1>\n<div class=\"flex-shrink-0 flex flex-col relative items-end\">\n<div class=\"pt-0\">\n<div class=\"gizmo-bot-avatar flex h-8 w-8 items-center justify-center overflow-hidden rounded-full\">\n<div class=\"relative p-1 rounded-sm flex items-center justify-center bg-token-main-surface-primary text-token-text-primary h-8 w-8\">\n<p><strong>ELFWORLD AI 22000 Puffs Pantalla LED Smart Desechable Vape<\/strong> es la elecci\u00f3n definitiva para los vapers que buscan innovaci\u00f3n, estilo y una experiencia de vapeo prolongada. Con una masiva <strong>capacidad de 22000 caladas<\/strong>, este gran puff <strong>vape desechable<\/strong> ofrece una opci\u00f3n duradera y sin complicaciones tanto para vapers experimentados como para los reci\u00e9n llegados.<\/p>\n<p><strong>Dise\u00f1o elegante y portabilidad<\/strong><br \/>\nEl <strong>Elf World AI 22000<\/strong> presenta un dise\u00f1o elegante y moderno elaborado con l\u00edneas suaves y un acabado premium que se siente tan bien como se ve. Este <strong>vape de caja<\/strong> es compacto y ligero, lo que facilita su transporte. A pesar de su construcci\u00f3n ligera, est\u00e1 dise\u00f1ado para soportar el uso diario, asegurando la durabilidad sin sacrificar su atractivo premium.<\/p>\n<p><strong>Tecnolog\u00eda inteligente con flujo de aire ajustable<\/strong><br \/>\nComo un verdadero <strong>Vape inteligente<\/strong>, el AI 22000 ofrece una experiencia personalizable con su funci\u00f3n de flujo de aire ajustable, lo que permite a los usuarios elegir la estanqueidad de la calada que mejor se adapte a sus preferencias. Este <strong>vape recargable<\/strong> incluye una potente bater\u00eda y una pantalla LED, que le dan indicadores en tiempo real de la vida de la bater\u00eda y los niveles de e-l\u00edquido. Esta caracter\u00edstica asegura que siempre est\u00e9 al tanto de cu\u00e1ndo recargar y listo para disfrutar de caladas ininterrumpidas. El puerto <strong>carga tipo C<\/strong> del dispositivo proporciona una carga r\u00e1pida y conveniente, ideal para usuarios ocupados que quieren un vapeador confiable.<\/p>\n<p><strong>Conclusi\u00f3n<\/strong><br \/>\nEl ELFWORLD<strong> Vapeador Desechable Inteligente de 22000 Caladas<\/strong>\u00a0es la mezcla perfecta de estilo, tecnolog\u00eda avanzada y rendimiento de larga duraci\u00f3n, lo que lo convierte en uno de los <strong>mejores vapeadores desechables<\/strong> disponibles. Para aquellos que buscan una opci\u00f3n de alta capacidad, duradera y con muchas caracter\u00edsticas, el ElfWorld AI 22000 es una elecci\u00f3n ideal. Descubra la comodidad y la calidad de este vapeador de primer nivel, disponible para su compra en <strong>de vapeo<\/strong>, <strong>vapes desechables en l\u00ednea<\/strong>o a trav\u00e9s de <strong>vapes al por mayor<\/strong> opciones para necesidades al por mayor.<\/p>\n<\/div>\n<\/div>\n<\/div>\n<\/div>\n<\/div>\n<\/div>\n<p><strong>\u00a1Contacta con Amy para obtener la respuesta correcta y un cup\u00f3n de vape!<\/strong><\/p>\n<p><img loading=\"lazy\" decoding=\"async\" class=\"size-full wp-image-1978\" src=\"https:\/\/rmvapesale.com\/wp-content\/uploads\/2024\/09\/Disposable-Vape-Wholesale.jpg\" alt=\"Vape Desechable al por mayor\" width=\"229\" height=\"300\" \/><\/p>\n<h3><a href=\"https:\/\/wa.me\/8617776015835\" target=\"_blank\" rel=\"noopener\"><span style=\"color: #ff0000\"><strong>WhatsApp: +86 17776015835<\/strong><\/span><\/a><\/h3>\n<p>&nbsp;<\/p>\n<h2><\/h2>\n<h2><strong>Vapeador Desechable Inteligente ELFWORLD AI 22000 <\/strong><strong>Caracter\u00edsticas Clave<\/strong><\/h2>\n<ul class=\"wp-block-list\">\n<li>Caladas: 22000 caladas<\/li>\n<li>Concentraci\u00f3n de Nicotina: 0%2%3%5%<\/li>\n<li>Capacidad: 26ml<\/li>\n<li>Bater\u00eda: 650mAh<\/li>\n<li>Material de la Bobina: 1.0*2 ohm Bobina de Malla Doble<\/li>\n<li>Pantalla: Pantalla Digital<\/li>\n<li>Carga: Recargable Tipo-C<\/li>\n<li>Flujo de aire ajustable<\/li>\n<li>10 Sabores Disponibles<\/li>\n<\/ul>\n<figure id=\"attachment_2619\" aria-describedby=\"caption-attachment-2619\" style=\"width: 600px\" class=\"wp-caption alignnone\"><img loading=\"lazy\" decoding=\"async\" class=\"wp-image-2619 size-full\" src=\"https:\/\/rmvapesale.com\/wp-content\/uploads\/2024\/10\/Vape-22000-Puff-Rechargeable-Disposable-Vape.png\" alt=\"Vape 22000 Puff Vape Desechable Recargable\" width=\"600\" height=\"849\" srcset=\"https:\/\/rmvapesale.com\/wp-content\/uploads\/2024\/10\/Vape-22000-Puff-Rechargeable-Disposable-Vape.png 600w, https:\/\/rmvapesale.com\/wp-content\/uploads\/2024\/10\/Vape-22000-Puff-Rechargeable-Disposable-Vape-212x300.png 212w\" sizes=\"auto, (max-width: 600px) 100vw, 600px\" \/><figcaption id=\"caption-attachment-2619\" class=\"wp-caption-text\">Vape 22000 Puff Vape Desechable Recargable<\/figcaption><\/figure>\n<h2><strong>El mejor sabor para <\/strong><strong>ELFWORLD AI 22000 Puff Vape Desechable Inteligente<\/strong><\/h2>\n<p>Con cada calada, el <strong>Elf World AI 22000<\/strong> ofrece sabores con cuerpo y audaces que se mantienen constantes desde la primera hasta la \u00faltima calada. Disponible en una gran variedad de opciones, este <strong>vape de baja nicotina<\/strong> proporciona una experiencia satisfactoria y suave para los vapeadores que priorizan tanto la calidad como el sabor.<\/p>\n<p>1.Mango manzana pera<br \/>\n2.Mango fr\u00edo<br \/>\n3.Manzana verde<br \/>\n4.Sangre de tigre <span style=\"color: #ff0000\"><strong>&gt;&gt;&gt;&gt; \u00a1Popular!<\/strong><\/span><br \/>\n5.Ar\u00e1ndano helado <span style=\"color: #ff0000\"><strong>&gt;&gt;&gt;&gt; \u00a1Popular!<\/strong><\/span><br \/>\n6.Menta<br \/>\n7.Mezcla de bayas <span style=\"color: #ff0000\"><strong>&gt;&gt;&gt;&gt; \u00a1Mejor!<\/strong><\/span><br \/>\n8.Hielo de uva<br \/>\n9.Hielo de sand\u00eda<br \/>\n10.Menta de ar\u00e1ndano<br \/>\n11.Hielo de fresa<br \/>\n12.Hielo de melocot\u00f3n jugoso<br \/>\n13.Hielo de frambuesa azul<br \/>\n14.Lim\u00f3n de cereza<br \/>\n15.Fresa y sand\u00eda<\/p>\n<p>&nbsp;<\/p>\n<h3><strong>Por qu\u00e9 elegir Rmvapesale para el vaporizador desechable con pantalla LED ELFWORLD 22000 Puffs<\/strong><strong>?<\/strong><\/h3>\n<div class=\"flex-shrink-0 flex flex-col relative items-end\">\n<div class=\"pt-0\">\n<div class=\"gizmo-bot-avatar flex h-8 w-8 items-center justify-center overflow-hidden rounded-full\">\n<div class=\"relative p-1 rounded-sm flex items-center justify-center bg-token-main-surface-primary text-token-text-primary h-8 w-8\">\n<p>Bienvenido a Rmvapesale, tu tienda de vapeo de confianza para vapes desechables premium. Con m\u00e1s de 5 a\u00f1os de experiencia, te traemos marcas populares de vapes desechables como Al Fakher, Vapme Vape, <a href=\"https:\/\/rmvapesale.com\/es\/product\/vapme-crystal-7000-puffs-rechargeable-disposable-vape-price\/\">Vapme<\/a>, <a href=\"https:\/\/rmvapesale.com\/es\/product-category\/bang-vapes\/\">Vape Bang<\/a>, Waspe, <a href=\"https:\/\/rmvapesale.com\/es\/product\/wga-crystal-pro-max-extra-15k-puffs-disposable-vape-wholesale\/\">WGA<\/a> Vape y<a href=\"https:\/\/rmvapesale.com\/es\/product-category\/randm-fumot-vape\/\"> RandM Vape<\/a>.<\/p>\n<p>Nuestra gama incluye vapes de gran venta como el <a href=\"https:\/\/rmvapesale.com\/es\/product\/fumot-digital-box-12000-disposable-vape-pink-lemonade-flavor\/\">RandM 12k<\/a> y opciones ricas en sabor como el <a href=\"https:\/\/rmvapesale.com\/es\/product\/wga-crystal-pro-max-extra-15k-puffs-disposable-vape-wholesale\/\">WGA Crystal Pro Max 15K Puffs<\/a>. Cada producto se elige centr\u00e1ndose en la calidad, el valor y la variedad, lo que garantiza que encuentre la combinaci\u00f3n perfecta para sus necesidades. Descubra un servicio excepcional y una amplia gama de los mejores productos en Rmvapesale.<\/p>\n<\/div>\n<h3><\/h3>\n<div class=\"relative p-1 rounded-sm flex items-center justify-center bg-token-main-surface-primary text-token-text-primary h-8 w-8\">\n<h3><b>Preguntas frecuentes sobre el vaporizador ELFWORLD 22000<\/b><\/h3>\n<\/div>\n<p><strong>\u00bfPuedo llevar un vape desechable en un avi\u00f3n?<\/strong><br \/>\nS\u00ed, los vaporizadores desechables como el <strong>Elf World AI 22000 Puff<\/strong> est\u00e1n permitidos en los aviones, pero solo en el equipaje de mano debido a las regulaciones de la bater\u00eda. Aseg\u00farese de que el dispositivo est\u00e9 apagado y verifique las pautas de la aerol\u00ednea para conocer las restricciones sobre los productos de vapeo.<\/p>\n<p><strong>\u00bfEs el vaporizador desechable inteligente Elf World AI 22000 Puff bueno para principiantes?<\/strong><br \/>\nS\u00ed, el <strong>Elf World AI 22000 Puff<\/strong> es f\u00e1cil de usar para principiantes. Cuenta con un dise\u00f1o elegante y f\u00e1cil de usar, flujo de aire ajustable y una pr\u00e1ctica <strong>pantalla de visualizaci\u00f3n LED<\/strong> para los niveles de bater\u00eda y e-l\u00edquido, lo que facilita a los principiantes el control del uso.<\/p>\n<p><strong>\u00bfCu\u00e1les son los vapes desechables populares con pantalla?<\/strong><br \/>\nEntre <strong>vapes desechables de gran venta<\/strong> con pantalla, el <strong>Elf World AI 22000 Puff<\/strong> destaca por sus caracter\u00edsticas avanzadas, 22,000 caladas de larga duraci\u00f3n y flujo de aire ajustable, lo que lo convierte en una excelente opci\u00f3n para los vapeadores que buscan una experiencia de alta tecnolog\u00eda.<\/p>\n<p><strong>\u00bfC\u00f3mo s\u00e9 si mi vape desechable Elf World Smart est\u00e1 vac\u00edo?<\/strong><br \/>\nEl <strong>pantalla LED<\/strong> en el <strong>Elf World AI 22000 Puff<\/strong> proporciona informaci\u00f3n en tiempo real sobre la duraci\u00f3n de la bater\u00eda y los niveles de e-l\u00edquido, para que pueda verificar f\u00e1cilmente cu\u00e1ndo el vape se est\u00e1 agotando o est\u00e1 vac\u00edo.<\/p>\n<p><strong>\u00bfCu\u00e1nto deber\u00eda durar un vape Elf World AI de 22000 caladas?<\/strong><br \/>\nEl <strong>Elf World AI 22000 Puff<\/strong> est\u00e1 dise\u00f1ado para durar aproximadamente <strong>22,000 caladas<\/strong>, lo que lo convierte en una opci\u00f3n duradera tanto para vapeadores ocasionales como frecuentes. Con un uso moderado, este dispositivo puede durar semanas, dependiendo de los h\u00e1bitos de uso individuales.<\/p>\n<div class=\"relative p-1 rounded-sm flex items-center justify-center bg-token-main-surface-primary text-token-text-primary h-8 w-8\">\n<p>&nbsp;<\/p>\n<\/div>\n<\/div>\n<\/div>\n<\/div>\n<h3>Sobre el env\u00edo<\/h3>\n<div class=\"flex-shrink-0 flex flex-col relative items-end\">\n<div>\n<div class=\"pt-0\">\n<div class=\"gizmo-bot-avatar flex h-8 w-8 items-center justify-center overflow-hidden rounded-full\">\n<div><\/div>\n<div class=\"relative p-1 rounded-sm flex items-center justify-center bg-token-main-surface-primary text-token-text-primary h-8 w-8\"><strong>1. \u00bfQu\u00e9 m\u00e9todos de env\u00edo se utilizan?<\/strong><\/div>\n<\/div>\n<\/div>\n<\/div>\n<\/div>\n<div class=\"group\/conversation-turn relative flex w-full min-w-0 flex-col agent-turn\">\n<div class=\"flex-col gap-1 md:gap-3\">\n<div class=\"flex max-w-full flex-col flex-grow\">\n<div class=\"min-h-[20px] text-message flex w-full flex-col items-end gap-2 whitespace-normal break-words [.text-message+&amp;]:mt-5 overflow-x-auto\" dir=\"auto\" data-message-author-role=\"assistant\" data-message-id=\"22f8283b-3233-46ff-89a5-c7a41b33abda\">\n<div class=\"flex w-full flex-col gap-1 empty:hidden first:pt-[3px]\">\n<div class=\"markdown prose w-full break-words dark:prose-invert light\">\n<p>Trabajamos con UPS, DHL, FedEx, DPD y otros transportistas l\u00edderes. Seleccionaremos el mejor m\u00e9todo de env\u00edo seg\u00fan su lugar de entrega para garantizar que reciba sus productos lo m\u00e1s r\u00e1pido posible.<\/p>\n<\/div>\n<p><strong>2. \u00bfCu\u00e1nto tiempo tarda en llegar?<\/strong><\/p>\n<p>Los paquetes enviados a Espa\u00f1a suelen llegar en 10 d\u00edas laborables. El env\u00edo a pa\u00edses europeos generalmente tarda entre 12 y 15 d\u00edas h\u00e1biles. Proporcionaremos actualizaciones en tiempo real sobre el estado de su env\u00edo.<\/p>\n<\/div>\n<\/div>\n<\/div>\n<\/div>\n<\/div>\n<p>&nbsp;<\/p>\n<p>Encuentra m\u00e1s productos de Vape que te puedan gustar:<strong><em><a href=\"https:\/\/rmvapesale.com\/es\/shop-2\/\">comprar ahora &gt;&gt;&gt;<\/a><\/em><\/strong><\/p>","protected":false},"excerpt":{"rendered":"<p>Elf World AI 22000 Puffs Pantalla desechable Vape<br \/>\nVape 22000 Puff Recargable Desechable Cigarrillo Electr\u00f3nico<br \/>\nELFWORLD AI 22000 Puffs Vape Desechable Venta al por mayor<\/p>\n<p><img loading=\"lazy\" decoding=\"async\" class=\"size-full wp-image-2375\" src=\"https:\/\/rmvapesale.com\/wp-content\/uploads\/2024\/10\/image.png\" alt=\"Mejor Vape Desechable\" width=\"229\" height=\"300\" \/><\/p>\n<h3><a href=\"https:\/\/wa.me\/8617776015835\"><span style=\"color: #ff0000\"><strong>WhatsApp: +86 17776015835<\/strong><\/span><\/a><\/h3>\n<p>&nbsp;<\/p>","protected":false},"featured_media":2617,"comment_status":"open","ping_status":"closed","template":"","meta":{"_uag_custom_page_level_css":"","_lmt_disableupdate":"no","_lmt_disable":"","site-sidebar-layout":"default","site-content-layout":"content-boxed-container","ast-site-content-layout":"normal-width-container","site-content-style":"boxed","site-sidebar-style":"unboxed","ast-global-header-display":"","ast-banner-title-visibility":"","ast-main-header-display":"","ast-hfb-above-header-display":"","ast-hfb-below-header-display":"","ast-hfb-mobile-header-display":"","site-post-title":"","ast-breadcrumbs-content":"","ast-featured-img":"","footer-sml-layout":"","ast-disable-related-posts":"","theme-transparent-header-meta":"default","adv-header-id-meta":"","stick-header-meta":"","header-above-stick-meta":"","header-main-stick-meta":"","header-below-stick-meta":"","astra-migrate-meta-layouts":"set","ast-page-background-enabled":"default","ast-page-background-meta":{"desktop":{"background-color":"var(--ast-global-color-4)","background-image":"","background-repeat":"repeat","background-position":"center center","background-size":"auto","background-attachment":"scroll","background-type":"","background-media":"","overlay-type":"","overlay-color":"","overlay-opacity":"","overlay-gradient":""},"tablet":{"background-color":"","background-image":"","background-repeat":"repeat","background-position":"center center","background-size":"auto","background-attachment":"scroll","background-type":"","background-media":"","overlay-type":"","overlay-color":"","overlay-opacity":"","overlay-gradient":""},"mobile":{"background-color":"","background-image":"","background-repeat":"repeat","background-position":"center center","background-size":"auto","background-attachment":"scroll","background-type":"","background-media":"","overlay-type":"","overlay-color":"","overlay-opacity":"","overlay-gradient":""}},"ast-content-background-meta":{"desktop":{"background-color":"var(--ast-global-color-5)","background-image":"","background-repeat":"repeat","background-position":"center center","background-size":"auto","background-attachment":"scroll","background-type":"","background-media":"","overlay-type":"","overlay-color":"","overlay-opacity":"","overlay-gradient":""},"tablet":{"background-color":"var(--ast-global-color-5)","background-image":"","background-repeat":"repeat","background-position":"center center","background-size":"auto","background-attachment":"scroll","background-type":"","background-media":"","overlay-type":"","overlay-color":"","overlay-opacity":"","overlay-gradient":""},"mobile":{"background-color":"var(--ast-global-color-5)","background-image":"","background-repeat":"repeat","background-position":"center center","background-size":"auto","background-attachment":"scroll","background-type":"","background-media":"","overlay-type":"","overlay-color":"","overlay-opacity":"","overlay-gradient":""}},"_joinchat":[]},"product_brand":[],"product_cat":[15,27,25,195,123,30,26,28,137,136,135],"product_tag":[146,188,167,198,165,85,191,120],"class_list":{"0":"post-2609","1":"product","2":"type-product","3":"status-publish","4":"has-post-thumbnail","6":"product_cat-new-vape-this-week","7":"product_cat-fance-hot-sale-vape","8":"product_cat-germany-best-selling-vape","9":"product_cat-germany-warehouse","10":"product_cat-italy-wholesale-vape","11":"product_cat-minimum-order-quantity-50pcs","12":"product_cat-netherlands-hot-sale-vape","13":"product_cat-poland-hot-sale-vape","14":"product_cat-rechargeable-vapes","15":"product_cat-smart-screen-vapes","16":"product_cat-spain-best-hot-sale-vape","17":"product_tag-best-hot-sale-vape","18":"product_tag-buy-vapes-online","19":"product_tag-disposable-vape-with-screen","20":"product_tag-elfworld-vape","21":"product_tag-rechargeable-vapes","22":"product_tag-smart-disposable-vape","23":"product_tag-vape-box","24":"product_tag-vape-wholesale","25":"desktop-align-left","26":"tablet-align-left","27":"mobile-align-left","29":"first","30":"instock","31":"sale","32":"shipping-taxable","33":"purchasable","34":"product-type-simple"},"uagb_featured_image_src":{"full":["https:\/\/rmvapesale.com\/wp-content\/uploads\/2024\/10\/ELFWORLD-AI-22000-Puffs-Disposable-Vape.png",800,800,false],"thumbnail":["https:\/\/rmvapesale.com\/wp-content\/uploads\/2024\/10\/ELFWORLD-AI-22000-Puffs-Disposable-Vape-150x150.png",150,150,true],"medium":["https:\/\/rmvapesale.com\/wp-content\/uploads\/2024\/10\/ELFWORLD-AI-22000-Puffs-Disposable-Vape-300x300.png",300,300,true],"medium_large":["https:\/\/rmvapesale.com\/wp-content\/uploads\/2024\/10\/ELFWORLD-AI-22000-Puffs-Disposable-Vape-768x768.png",768,768,true],"large":["https:\/\/rmvapesale.com\/wp-content\/uploads\/2024\/10\/ELFWORLD-AI-22000-Puffs-Disposable-Vape.png",800,800,false],"1536x1536":["https:\/\/rmvapesale.com\/wp-content\/uploads\/2024\/10\/ELFWORLD-AI-22000-Puffs-Disposable-Vape.png",800,800,false],"2048x2048":["https:\/\/rmvapesale.com\/wp-content\/uploads\/2024\/10\/ELFWORLD-AI-22000-Puffs-Disposable-Vape.png",800,800,false],"trp-custom-language-flag":["https:\/\/rmvapesale.com\/wp-content\/uploads\/2024\/10\/ELFWORLD-AI-22000-Puffs-Disposable-Vape.png",12,12,false],"woocommerce_thumbnail":["https:\/\/rmvapesale.com\/wp-content\/uploads\/2024\/10\/ELFWORLD-AI-22000-Puffs-Disposable-Vape-300x300.png",300,300,true],"woocommerce_single":["https:\/\/rmvapesale.com\/wp-content\/uploads\/2024\/10\/ELFWORLD-AI-22000-Puffs-Disposable-Vape-600x600.png",600,600,true],"woocommerce_gallery_thumbnail":["https:\/\/rmvapesale.com\/wp-content\/uploads\/2024\/10\/ELFWORLD-AI-22000-Puffs-Disposable-Vape-100x100.png",100,100,true],"wcpr-photo-reviews":["https:\/\/rmvapesale.com\/wp-content\/uploads\/2024\/10\/ELFWORLD-AI-22000-Puffs-Disposable-Vape.png",500,500,false]},"uagb_author_info":{"display_name":"AMY","author_link":"https:\/\/rmvapesale.com\/es\/author\/"},"uagb_comment_info":0,"uagb_excerpt":"Elf World AI 22000 Puffs Screen Display Disposable Vape Vape 22000 Puff Rechargeable Disposable E-Cigarette ELFWORLD AI 22000 Puffs Disposable Vape Wholesale WhatsApp: +86 17776015835 &nbsp;","_links":{"self":[{"href":"https:\/\/rmvapesale.com\/es\/wp-json\/wp\/v2\/product\/2609","targetHints":{"allow":["GET"]}}],"collection":[{"href":"https:\/\/rmvapesale.com\/es\/wp-json\/wp\/v2\/product"}],"about":[{"href":"https:\/\/rmvapesale.com\/es\/wp-json\/wp\/v2\/types\/product"}],"replies":[{"embeddable":true,"href":"https:\/\/rmvapesale.com\/es\/wp-json\/wp\/v2\/comments?post=2609"}],"wp:featuredmedia":[{"embeddable":true,"href":"https:\/\/rmvapesale.com\/es\/wp-json\/wp\/v2\/media\/2617"}],"wp:attachment":[{"href":"https:\/\/rmvapesale.com\/es\/wp-json\/wp\/v2\/media?parent=2609"}],"wp:term":[{"taxonomy":"product_brand","embeddable":true,"href":"https:\/\/rmvapesale.com\/es\/wp-json\/wp\/v2\/product_brand?post=2609"},{"taxonomy":"product_cat","embeddable":true,"href":"https:\/\/rmvapesale.com\/es\/wp-json\/wp\/v2\/product_cat?post=2609"},{"taxonomy":"product_tag","embeddable":true,"href":"https:\/\/rmvapesale.com\/es\/wp-json\/wp\/v2\/product_tag?post=2609"}],"curies":[{"name":"wp","href":"https:\/\/api.w.org\/{rel}","templated":true}]}}