{"id":2628,"date":"2024-10-31T08:10:13","date_gmt":"2024-10-31T08:10:13","guid":{"rendered":"https:\/\/rmvapesale.com\/?post_type=product&#038;p=2628"},"modified":"2024-10-31T09:26:49","modified_gmt":"2024-10-31T09:26:49","slug":"bang-vape-12000-puff-rechargeable-disposable-vape-wholesale","status":"publish","type":"product","link":"https:\/\/rmvapesale.com\/es\/product\/bang-vape-12000-puff-rechargeable-disposable-vape-wholesale\/","title":{"rendered":"Bang Vape 12000 Caladas Vape Desechable Recargable al por Mayor"},"content":{"rendered":"<div class=\"B2VR9 CJHX3e\">\n<div class=\"wyccme\">\n<h1 class=\"LC20lb MBeuO DKV0Md\">Bang Vape 12000 Caladas Vape Desechable Recargable al por Mayor<\/h1>\n<div class=\"flex-shrink-0 flex flex-col relative items-end\">\n<div class=\"pt-0\">\n<div class=\"gizmo-bot-avatar flex h-8 w-8 items-center justify-center overflow-hidden rounded-full\">\n<div class=\"relative p-1 rounded-sm flex items-center justify-center bg-token-main-surface-primary text-token-text-primary h-8 w-8\"><\/div>\n<p>El <strong>Bang Vape 12000 Caladas Vape Desechable Recargable<\/strong> ofrece un rendimiento potente y variedad de sabores, lo que lo convierte en un vape popular para cualquiera que busque una experiencia de vapeo desechable premium. Con un impresionante <strong>12,000 inhalaciones<\/strong> y un <strong>bater\u00eda recargable de 550mAh<\/strong>, este <strong>Vape Bang<\/strong> est\u00e1 dise\u00f1ado para la comodidad y el disfrute duradero. La <strong>capacidad de 18ml de e-l\u00edquido<\/strong> proporciona un sabor consistente en todo momento, y las concentraciones de nicotina est\u00e1n disponibles en <strong>0%, 2% y 5%<\/strong> para una satisfacci\u00f3n personalizable.<\/p>\n<p>Con un dise\u00f1o f\u00e1cil de usar y sin mantenimiento, este <strong>Vape Desechable Bang Vape<\/strong> es perfecto tanto para principiantes como para vapeadores experimentados. Experimente la calidad con cada calada y disfrute de la simplicidad de <strong>Bang Bars<\/strong> en un conveniente <strong>vape de caladas<\/strong> formato.<\/p>\n<p>Para explorar la gama completa de <strong>Bang Vape 12000 Caladas<\/strong>, visita <strong>rmvapesale<\/strong>, un <strong>tienda de vapeo<\/strong> ofreciendo <strong>vape al por mayor<\/strong> y excelentes ofertas en <strong>Bang Box<\/strong> y otros <strong>Vape desechable Bang<\/strong> productos.<\/p>\n<p>&nbsp;<\/p>\n<\/div>\n<\/div>\n<\/div>\n<\/div>\n<\/div>\n<p><strong>\u00a1Contacta con Amy para obtener la respuesta correcta y un cup\u00f3n de vape!<\/strong><\/p>\n<p><img loading=\"lazy\" decoding=\"async\" class=\"size-full wp-image-1978\" src=\"https:\/\/rmvapesale.com\/wp-content\/uploads\/2024\/09\/Disposable-Vape-Wholesale.jpg\" alt=\"Vape Desechable al por mayor\" width=\"229\" height=\"300\" \/><\/p>\n<h3><a href=\"https:\/\/wa.me\/8617776015835\" target=\"_blank\" rel=\"noopener\"><span style=\"color: #ff0000\"><strong>WhatsApp: +86 17776015835<\/strong><\/span><\/a><\/h3>\n<p>&nbsp;<\/p>\n<h2>Caracter\u00edsticas principales del Bang Vape 12000 Puff:<\/h2>\n<ul>\n<li><strong>Massive 12,000 caladas<\/strong> con una entrega suave y constante<\/li>\n<li><strong>Bater\u00eda recargable de 550mAh<\/strong> con puerto Type-C para carga r\u00e1pida<\/li>\n<li><strong>capacidad de 18ml de e-l\u00edquido<\/strong> en cada dispositivo, asegurando menos reemplazos frecuentes<\/li>\n<li><strong>Opciones de nicotina<\/strong>: Elige entre 2% o 5% para la experiencia ideal<\/li>\n<li><strong>12 deliciosos sabores<\/strong>: Disfruta de opciones \u00fanicas como <strong>Blueberry Ice, Black Dragon Ice, Cherry Cola, Watermelon Bubblegum y Peach Ice<\/strong><\/li>\n<\/ul>\n<h2><strong>El mejor sabor para <\/strong><strong>Vape Bang Box recargable 12000<\/strong><\/h2>\n<p>El <strong>Bang Box Vape 12000<\/strong> est\u00e1 disponible en 12 fant\u00e1sticos sabores para satisfacer una amplia gama de gustos, desde el refrescante <strong>Hielo de Melocot\u00f3n<\/strong> y dulce <strong>Triple Baya<\/strong> hasta lo \u00e1cido <strong>Ar\u00e1ndano Lim\u00f3n<\/strong>. Otras opciones populares incluyen:<\/p>\n<p>1. Sand\u00eda <span style=\"color: #ff0000\"><strong>&gt;&gt;&gt;&gt; \u00a1Popular!<\/strong><\/span><br \/>\n2.Fresa Sand\u00eda<br \/>\n3.Ar\u00e1ndano Helado<br \/>\n4. Ar\u00e1ndano Azul <span style=\"color: #ff0000\"><strong>&gt;&gt;&gt;&gt; \u00a1Popular!<\/strong><\/span><br \/>\n5. Fresa Mango<br \/>\n6. Black Dragon Ice<br \/>\n7. Cola de Cereza<br \/>\n8.Uva de ar\u00e1ndano<br \/>\n9. Triple Fruta del Bosque <span style=\"color: #ff0000\"><strong>&gt;&gt;&gt;&gt; \u00a1Mejor!<\/strong><\/span><br \/>\n10.Fresa Kiwi<br \/>\n11. Durazno hielo<br \/>\n12.Chicle de Sand\u00eda<\/p>\n<figure id=\"attachment_2635\" aria-describedby=\"caption-attachment-2635\" style=\"width: 600px\" class=\"wp-caption alignnone\"><img loading=\"lazy\" decoding=\"async\" class=\"wp-image-2635 size-full\" src=\"https:\/\/rmvapesale.com\/wp-content\/uploads\/2024\/10\/Bang-Vape-Dispsable-Wholesale.jpg\" alt=\"Venta al por mayor de Vape Descartable Bang\" width=\"600\" height=\"1050\" srcset=\"https:\/\/rmvapesale.com\/wp-content\/uploads\/2024\/10\/Bang-Vape-Dispsable-Wholesale.jpg 600w, https:\/\/rmvapesale.com\/wp-content\/uploads\/2024\/10\/Bang-Vape-Dispsable-Wholesale-171x300.jpg 171w, https:\/\/rmvapesale.com\/wp-content\/uploads\/2024\/10\/Bang-Vape-Dispsable-Wholesale-585x1024.jpg 585w\" sizes=\"auto, (max-width: 600px) 100vw, 600px\" \/><figcaption id=\"caption-attachment-2635\" class=\"wp-caption-text\">Venta al por mayor de Vape Descartable Bang<\/figcaption><\/figure>\n<h3><strong>Por qu\u00e9 elegir Rmvapesale para Bang Vape Descartable de 12000 caladas<\/strong><strong>?<\/strong><\/h3>\n<div class=\"flex-shrink-0 flex flex-col relative items-end\">\n<div class=\"pt-0\">\n<div class=\"gizmo-bot-avatar flex h-8 w-8 items-center justify-center overflow-hidden rounded-full\">\n<div class=\"relative p-1 rounded-sm flex items-center justify-center bg-token-main-surface-primary text-token-text-primary h-8 w-8\">\n<p>Bienvenido a Rmvapesale, tu tienda de vapeo de confianza para vapes desechables premium. Con m\u00e1s de 5 a\u00f1os de experiencia, te traemos marcas populares de vapes desechables como Al Fakher, Vapme Vape, <a href=\"https:\/\/rmvapesale.com\/es\/product\/vapme-crystal-7000-puffs-rechargeable-disposable-vape-price\/\">Vapme<\/a>, <a href=\"https:\/\/rmvapesale.com\/es\/product-category\/bang-vapes\/\">Vape Bang<\/a>, Waspe, <a href=\"https:\/\/rmvapesale.com\/es\/product\/wga-crystal-pro-max-extra-15k-puffs-disposable-vape-wholesale\/\">WGA<\/a> Vape y<a href=\"https:\/\/rmvapesale.com\/es\/product-category\/randm-fumot-vape\/\"> RandM Vape<\/a>.<\/p>\n<p>Nuestra gama incluye vapes de gran venta como el <a href=\"https:\/\/rmvapesale.com\/es\/product\/bang-box-vape-tornado-40000-puff-2-5-low-nicotine\/\">Caja de Vape Bang 40000 caladas<\/a> y opciones ricas en sabor como el <a href=\"https:\/\/rmvapesale.com\/es\/product\/randm-tornado-25000-puffs-disposable-vape-wholesale\/\">RandM 25000 Caladas<\/a>. Cada producto se elige centr\u00e1ndose en la calidad, el valor y la variedad, lo que garantiza que encuentre la combinaci\u00f3n perfecta para sus necesidades. Descubra un servicio excepcional y una amplia gama de los mejores productos en Rmvapesale.<\/p>\n<\/div>\n<h3><\/h3>\n<h3>Preguntas frecuentes sobre el Vape Bang de 12000 caladas, recargable y desechable<\/h3>\n<ol>\n<li><strong>\u00bfC\u00f3mo s\u00e9 cu\u00e1ndo mi vape desechable est\u00e1 vac\u00edo?<\/strong> Cuando tu <strong>Bang Vape 12000 caladas<\/strong> el vape desechable est\u00e1 vac\u00edo, puede notar una disminuci\u00f3n en la intensidad del sabor y la producci\u00f3n de vapor. Adem\u00e1s, si el dispositivo deja de producir vapor por completo, probablemente significa que el e-l\u00edquido se ha agotado. Recargable pero desechable, est\u00e1 dise\u00f1ado para ser reemplazado una vez vac\u00edo.<\/li>\n<li><strong>\u00bfCu\u00e1nto tiempo tarda en cargarse un Bang de 12000 caladas?<\/strong> El <strong>Bang 12000<\/strong> tiene una <strong>bater\u00eda de 550mAh<\/strong> y generalmente tarda aproximadamente <strong>1\u20132 horas en cargarse completamente<\/strong> a trav\u00e9s de su puerto de carga Tipo-C. Esta funci\u00f3n de carga r\u00e1pida asegura que vuelvas a disfrutar de tu vapeo r\u00e1pidamente.<\/li>\n<li><strong>\u00bfCu\u00e1nta nicotina hay en un Bang Vape Tornado 12000?<\/strong> El <strong>Bang Vape Tornado 12000<\/strong> ofrece niveles de nicotina en <strong>2% (20 mg)<\/strong> y <strong>5% (50 mg)<\/strong>, permiti\u00e9ndote elegir el nivel que mejor se adapte a tus preferencias.<\/li>\n<li><strong>\u00bfD\u00f3nde comprar Bang Vapes a precios mayoristas?<\/strong> Puedes adquirir Bang Vapes, incluyendo el <strong>Bang Vape 12000 Puff, Bang 30k Puff <\/strong>y otros modelos populares, a precios mayoristas en <strong>rmvapesale<\/strong>. Esta confiable <strong>tienda de vapeo<\/strong> ofrece una gama de <strong>proveedores de confianza que ofrezcan compras al por mayor de<\/strong> para compradores minoristas y al por mayor por igual.<\/li>\n<li><strong>\u00bfPuedo llevar un vape desechable en un avi\u00f3n?<\/strong> S\u00ed, puedes llevar un vape desechable en un avi\u00f3n, pero debe guardarse en tu bolso de mano, seg\u00fan las regulaciones de la aerol\u00ednea para dispositivos electr\u00f3nicos. Recuerda consultar con tu aerol\u00ednea con anticipaci\u00f3n y evitar usarlo durante el vuelo.<\/li>\n<\/ol>\n<\/div>\n<\/div>\n<\/div>\n<h3>Sobre el env\u00edo<\/h3>\n<div class=\"flex-shrink-0 flex flex-col relative items-end\">\n<div>\n<div class=\"pt-0\">\n<div class=\"gizmo-bot-avatar flex h-8 w-8 items-center justify-center overflow-hidden rounded-full\">\n<div><\/div>\n<div class=\"relative p-1 rounded-sm flex items-center justify-center bg-token-main-surface-primary text-token-text-primary h-8 w-8\"><strong>1. \u00bfCu\u00e1les son los m\u00e9todos de env\u00edo?<\/strong><\/div>\n<\/div>\n<\/div>\n<\/div>\n<\/div>\n<div class=\"group\/conversation-turn relative flex w-full min-w-0 flex-col agent-turn\">\n<div class=\"flex-col gap-1 md:gap-3\">\n<div class=\"flex max-w-full flex-col flex-grow\">\n<div class=\"min-h-[20px] text-message flex w-full flex-col items-end gap-2 whitespace-normal break-words [.text-message+&amp;]:mt-5 overflow-x-auto\" dir=\"auto\" data-message-author-role=\"assistant\" data-message-id=\"22f8283b-3233-46ff-89a5-c7a41b33abda\">\n<div class=\"flex w-full flex-col gap-1 empty:hidden first:pt-[3px]\">\n<div class=\"markdown prose w-full break-words dark:prose-invert light\">\n<p>Trabajamos con UPS, DHL, FedEx, DPD y otros transportistas l\u00edderes. Seleccionaremos el mejor m\u00e9todo de env\u00edo seg\u00fan su lugar de entrega para garantizar que reciba sus productos lo m\u00e1s r\u00e1pido posible.<\/p>\n<\/div>\n<p><strong>2. \u00bfCu\u00e1nto tiempo tarda en llegar?<\/strong><\/p>\n<p>Los paquetes enviados a Espa\u00f1a suelen llegar en 10 d\u00edas laborables. El env\u00edo a pa\u00edses europeos generalmente tarda entre 12 y 15 d\u00edas h\u00e1biles. Proporcionaremos actualizaciones en tiempo real sobre el estado de su env\u00edo.<\/p>\n<\/div>\n<\/div>\n<\/div>\n<\/div>\n<\/div>\n<p>&nbsp;<\/p>\n<p>Encuentra m\u00e1s productos de Vape que te puedan gustar:<strong><em><a href=\"https:\/\/rmvapesale.com\/es\/shop-2\/\">comprar ahora &gt;&gt;&gt;<\/a><\/em><\/strong><\/p>","protected":false},"excerpt":{"rendered":"<p>Precio al Por Mayor Original de Bang Vape 12000 Caladas<br \/>\nCompra al Por Mayor de Vape Recargable Bang 12000 Caladas<br \/>\nComprar Bang Vape Desechable 0% 2% 3% 5% Nicotina<\/p>\n<p><img loading=\"lazy\" decoding=\"async\" class=\"size-full wp-image-2375\" src=\"https:\/\/rmvapesale.com\/wp-content\/uploads\/2024\/10\/image.png\" alt=\"Mejor Vape Desechable\" width=\"229\" height=\"300\" \/><\/p>\n<h3><a href=\"https:\/\/wa.me\/8617776015835\"><span style=\"color: #ff0000\"><strong>WhatsApp: +86 17776015835<\/strong><\/span><\/a><\/h3>\n<p>&nbsp;<\/p>","protected":false},"featured_media":2633,"comment_status":"open","ping_status":"closed","template":"","meta":{"_uag_custom_page_level_css":"","_lmt_disableupdate":"no","_lmt_disable":"","site-sidebar-layout":"default","site-content-layout":"content-boxed-container","ast-site-content-layout":"normal-width-container","site-content-style":"boxed","site-sidebar-style":"unboxed","ast-global-header-display":"","ast-banner-title-visibility":"","ast-main-header-display":"","ast-hfb-above-header-display":"","ast-hfb-below-header-display":"","ast-hfb-mobile-header-display":"","site-post-title":"","ast-breadcrumbs-content":"","ast-featured-img":"","footer-sml-layout":"","ast-disable-related-posts":"","theme-transparent-header-meta":"default","adv-header-id-meta":"","stick-header-meta":"","header-above-stick-meta":"","header-main-stick-meta":"","header-below-stick-meta":"","astra-migrate-meta-layouts":"set","ast-page-background-enabled":"default","ast-page-background-meta":{"desktop":{"background-color":"var(--ast-global-color-4)","background-image":"","background-repeat":"repeat","background-position":"center center","background-size":"auto","background-attachment":"scroll","background-type":"","background-media":"","overlay-type":"","overlay-color":"","overlay-opacity":"","overlay-gradient":""},"tablet":{"background-color":"","background-image":"","background-repeat":"repeat","background-position":"center center","background-size":"auto","background-attachment":"scroll","background-type":"","background-media":"","overlay-type":"","overlay-color":"","overlay-opacity":"","overlay-gradient":""},"mobile":{"background-color":"","background-image":"","background-repeat":"repeat","background-position":"center center","background-size":"auto","background-attachment":"scroll","background-type":"","background-media":"","overlay-type":"","overlay-color":"","overlay-opacity":"","overlay-gradient":""}},"ast-content-background-meta":{"desktop":{"background-color":"var(--ast-global-color-5)","background-image":"","background-repeat":"repeat","background-position":"center center","background-size":"auto","background-attachment":"scroll","background-type":"","background-media":"","overlay-type":"","overlay-color":"","overlay-opacity":"","overlay-gradient":""},"tablet":{"background-color":"var(--ast-global-color-5)","background-image":"","background-repeat":"repeat","background-position":"center center","background-size":"auto","background-attachment":"scroll","background-type":"","background-media":"","overlay-type":"","overlay-color":"","overlay-opacity":"","overlay-gradient":""},"mobile":{"background-color":"var(--ast-global-color-5)","background-image":"","background-repeat":"repeat","background-position":"center center","background-size":"auto","background-attachment":"scroll","background-type":"","background-media":"","overlay-type":"","overlay-color":"","overlay-opacity":"","overlay-gradient":""}},"_joinchat":[]},"product_brand":[],"product_cat":[15,60,27,25,123,30,26,28,137,136,135],"product_tag":[187,199,146,188,167,165,191,120],"class_list":{"0":"post-2628","1":"product","2":"type-product","3":"status-publish","4":"has-post-thumbnail","6":"product_cat-new-vape-this-week","7":"product_cat-bang-vapes","8":"product_cat-fance-hot-sale-vape","9":"product_cat-germany-best-selling-vape","10":"product_cat-italy-wholesale-vape","11":"product_cat-minimum-order-quantity-50pcs","12":"product_cat-netherlands-hot-sale-vape","13":"product_cat-poland-hot-sale-vape","14":"product_cat-rechargeable-vapes","15":"product_cat-smart-screen-vapes","16":"product_cat-spain-best-hot-sale-vape","17":"product_tag-bang-box-vape","18":"product_tag-bang-vape","19":"product_tag-best-hot-sale-vape","20":"product_tag-buy-vapes-online","21":"product_tag-disposable-vape-with-screen","22":"product_tag-rechargeable-vapes","23":"product_tag-vape-box","24":"product_tag-vape-wholesale","25":"desktop-align-left","26":"tablet-align-left","27":"mobile-align-left","29":"first","30":"instock","31":"sale","32":"shipping-taxable","33":"purchasable","34":"product-type-simple"},"uagb_featured_image_src":{"full":["https:\/\/rmvapesale.com\/wp-content\/uploads\/2024\/10\/Bang-Rechargeable-Vape-12000-Puff-Wholesale.jpg",600,634,false],"thumbnail":["https:\/\/rmvapesale.com\/wp-content\/uploads\/2024\/10\/Bang-Rechargeable-Vape-12000-Puff-Wholesale-150x150.jpg",150,150,true],"medium":["https:\/\/rmvapesale.com\/wp-content\/uploads\/2024\/10\/Bang-Rechargeable-Vape-12000-Puff-Wholesale-284x300.jpg",284,300,true],"medium_large":["https:\/\/rmvapesale.com\/wp-content\/uploads\/2024\/10\/Bang-Rechargeable-Vape-12000-Puff-Wholesale.jpg",600,634,false],"large":["https:\/\/rmvapesale.com\/wp-content\/uploads\/2024\/10\/Bang-Rechargeable-Vape-12000-Puff-Wholesale.jpg",600,634,false],"1536x1536":["https:\/\/rmvapesale.com\/wp-content\/uploads\/2024\/10\/Bang-Rechargeable-Vape-12000-Puff-Wholesale.jpg",600,634,false],"2048x2048":["https:\/\/rmvapesale.com\/wp-content\/uploads\/2024\/10\/Bang-Rechargeable-Vape-12000-Puff-Wholesale.jpg",600,634,false],"trp-custom-language-flag":["https:\/\/rmvapesale.com\/wp-content\/uploads\/2024\/10\/Bang-Rechargeable-Vape-12000-Puff-Wholesale.jpg",11,12,false],"woocommerce_thumbnail":["https:\/\/rmvapesale.com\/wp-content\/uploads\/2024\/10\/Bang-Rechargeable-Vape-12000-Puff-Wholesale-300x300.jpg",300,300,true],"woocommerce_single":["https:\/\/rmvapesale.com\/wp-content\/uploads\/2024\/10\/Bang-Rechargeable-Vape-12000-Puff-Wholesale.jpg",600,634,false],"woocommerce_gallery_thumbnail":["https:\/\/rmvapesale.com\/wp-content\/uploads\/2024\/10\/Bang-Rechargeable-Vape-12000-Puff-Wholesale-100x100.jpg",100,100,true],"wcpr-photo-reviews":["https:\/\/rmvapesale.com\/wp-content\/uploads\/2024\/10\/Bang-Rechargeable-Vape-12000-Puff-Wholesale.jpg",473,500,false]},"uagb_author_info":{"display_name":"AMY","author_link":"https:\/\/rmvapesale.com\/es\/author\/"},"uagb_comment_info":0,"uagb_excerpt":"Original Bang Vape 12000 Puffs Wholesale Price Bang 12000 Puffs Rechargeable Vape Bulk Buy Buy Bang Disposable Vape 0% 2% 3% 5% Nicotine WhatsApp: +86 17776015835 &nbsp;","_links":{"self":[{"href":"https:\/\/rmvapesale.com\/es\/wp-json\/wp\/v2\/product\/2628","targetHints":{"allow":["GET"]}}],"collection":[{"href":"https:\/\/rmvapesale.com\/es\/wp-json\/wp\/v2\/product"}],"about":[{"href":"https:\/\/rmvapesale.com\/es\/wp-json\/wp\/v2\/types\/product"}],"replies":[{"embeddable":true,"href":"https:\/\/rmvapesale.com\/es\/wp-json\/wp\/v2\/comments?post=2628"}],"wp:featuredmedia":[{"embeddable":true,"href":"https:\/\/rmvapesale.com\/es\/wp-json\/wp\/v2\/media\/2633"}],"wp:attachment":[{"href":"https:\/\/rmvapesale.com\/es\/wp-json\/wp\/v2\/media?parent=2628"}],"wp:term":[{"taxonomy":"product_brand","embeddable":true,"href":"https:\/\/rmvapesale.com\/es\/wp-json\/wp\/v2\/product_brand?post=2628"},{"taxonomy":"product_cat","embeddable":true,"href":"https:\/\/rmvapesale.com\/es\/wp-json\/wp\/v2\/product_cat?post=2628"},{"taxonomy":"product_tag","embeddable":true,"href":"https:\/\/rmvapesale.com\/es\/wp-json\/wp\/v2\/product_tag?post=2628"}],"curies":[{"name":"wp","href":"https:\/\/api.w.org\/{rel}","templated":true}]}}